{"id":39916,"date":"2025-07-03T16:49:57","date_gmt":"2025-07-03T09:49:57","guid":{"rendered":"https:\/\/havamall.vn\/?post_type=product&#038;p=39916"},"modified":"2025-07-03T16:49:57","modified_gmt":"2025-07-03T09:49:57","slug":"sua-hanh-nhan-barista-cho-ca-phe-milklab-1l-milklab-almond-milk-for-coffee-1l","status":"publish","type":"product","link":"https:\/\/havamall.vn\/en\/shop\/sua-hanh-nhan-barista-cho-ca-phe-milklab-1l-milklab-almond-milk-for-coffee-1l\/","title":{"rendered":"S\u1eefa H\u1ea1nh Nh\u00e2n Barista Cho C\u00e0 Ph\u00ea MILKLAB 1L \u2013 MILKLAB Almond Milk for Coffee 1L"},"content":{"rendered":"<h2 data-start=\"306\" data-end=\"327\">TH\u00d4NG TIN S\u1ea2N PH\u1ea8M<\/h2>\n<div class=\"_tableContainer_80l1q_1\">\n<div class=\"_tableWrapper_80l1q_14 group flex w-fit flex-col-reverse\">\n<table class=\"w-fit min-w-(--thread-content-width)\" style=\"width: 82.1777%\" data-start=\"329\" data-end=\"1294\">\n<tbody data-start=\"526\" data-end=\"1294\">\n<tr data-start=\"526\" data-end=\"623\">\n<td style=\"width: 19.5867%\" data-start=\"526\" data-end=\"551\" data-col-size=\"sm\"><strong data-start=\"528\" data-end=\"543\">Th\u01b0\u01a1ng hi\u1ec7u<\/strong><\/td>\n<td style=\"width: 79.6945%\" data-start=\"551\" data-end=\"623\" data-col-size=\"lg\">MILKLAB<\/td>\n<\/tr>\n<tr data-start=\"624\" data-end=\"721\">\n<td style=\"width: 19.5867%\" data-start=\"624\" data-end=\"649\" data-col-size=\"sm\"><strong data-start=\"626\" data-end=\"637\">Xu\u1ea5t x\u1ee9<\/strong><\/td>\n<td style=\"width: 79.6945%\" data-start=\"649\" data-end=\"721\" data-col-size=\"lg\">\u00dac<\/td>\n<\/tr>\n<tr data-start=\"722\" data-end=\"877\">\n<td style=\"width: 19.5867%\" data-start=\"722\" data-end=\"747\" data-col-size=\"sm\"><strong data-start=\"724\" data-end=\"738\">Th\u00e0nh ph\u1ea7n<\/strong><\/td>\n<td style=\"width: 79.6945%\" data-start=\"747\" data-end=\"877\" data-col-size=\"lg\">N\u01b0\u1edbc, h\u1ea1nh nh\u00e2n (3,5%), \u0111\u01b0\u1eddng, kho\u00e1ng ch\u1ea5t, ch\u1ea5t \u1ed5n \u0111\u1ecbnh (gellan gum), mu\u1ed1i, ch\u1ea5t \u0111i\u1ec1u ch\u1ec9nh \u0111\u1ed9 axit, h\u01b0\u01a1ng h\u1ea1nh nh\u00e2n t\u1ef1 nhi\u00ean<\/td>\n<\/tr>\n<tr data-start=\"878\" data-end=\"974\">\n<td style=\"width: 19.5867%\" data-start=\"878\" data-end=\"903\" data-col-size=\"sm\"><strong data-start=\"880\" data-end=\"895\">H\u1ea1n s\u1eed d\u1ee5ng<\/strong><\/td>\n<td style=\"width: 79.6945%\" data-start=\"903\" data-end=\"974\" data-col-size=\"lg\">12 th\u00e1ng k\u1ec3 t\u1eeb ng\u00e0y s\u1ea3n xu\u1ea5t (xem tr\u00ean bao b\u00ec)<\/td>\n<\/tr>\n<tr data-start=\"975\" data-end=\"1098\">\n<td style=\"width: 19.5867%\" data-start=\"975\" data-end=\"1000\" data-col-size=\"sm\"><strong data-start=\"977\" data-end=\"994\">C\u00e1ch b\u1ea3o qu\u1ea3n<\/strong><\/td>\n<td style=\"width: 79.6945%\" data-start=\"1000\" data-end=\"1098\" data-col-size=\"lg\">B\u1ea3o qu\u1ea3n n\u01a1i kh\u00f4 r\u00e1o, tho\u00e1ng m\u00e1t; sau khi m\u1edf n\u1eafp gi\u1eef l\u1ea1nh d\u01b0\u1edbi 4\u00b0C v\u00e0 d\u00f9ng trong v\u00f2ng 5\u20137 ng\u00e0y<\/td>\n<\/tr>\n<tr data-start=\"1099\" data-end=\"1196\">\n<td style=\"width: 19.5867%\" data-start=\"1099\" data-end=\"1124\" data-col-size=\"sm\"><strong data-start=\"1101\" data-end=\"1124\">Quy c\u00e1ch\/Kh\u1ed1i l\u01b0\u1ee3ng<\/strong><\/td>\n<td style=\"width: 79.6945%\" data-col-size=\"lg\" data-start=\"1124\" data-end=\"1196\">H\u1ed9p gi\u1ea5y 1L<\/td>\n<\/tr>\n<tr data-start=\"1197\" data-end=\"1294\">\n<td style=\"width: 19.5867%\" data-start=\"1197\" data-end=\"1222\" data-col-size=\"sm\"><strong data-start=\"1199\" data-end=\"1213\">Khuy\u1ebfn c\u00e1o<\/strong><\/td>\n<td style=\"width: 79.6945%\" data-col-size=\"lg\" data-start=\"1222\" data-end=\"1294\">Kh\u00f4ng d\u00f9ng cho ng\u01b0\u1eddi d\u1ecb \u1ee9ng v\u1edbi h\u1ea1t h\u1ea1nh nh\u00e2n<\/td>\n<\/tr>\n<\/tbody>\n<\/table>\n<p>Trong v\u0103n h\u00f3a c\u00e0 ph\u00ea hi\u1ec7n \u0111\u1ea1i, vi\u1ec7c th\u01b0\u1edfng th\u1ee9c m\u1ed9t ly espresso nguy\u00ean b\u1ea3n \u0111\u00e3 kh\u00f4ng c\u00f2n l\u00e0 l\u1ef1a ch\u1ecdn duy nh\u1ea5t. Xu h\u01b0\u1edbng k\u1ebft h\u1ee3p c\u00e0 ph\u00ea v\u1edbi s\u1eefa, \u0111\u1eb7c bi\u1ec7t l\u00e0 c\u00e1c lo\u1ea1i s\u1eefa th\u1ef1c v\u1eadt, \u0111ang ng\u00e0y c\u00e0ng tr\u1edf n\u00ean ph\u1ed5 bi\u1ebfn, m\u1edf ra m\u1ed9t th\u1ebf gi\u1edbi h\u01b0\u01a1ng v\u1ecb m\u1edbi l\u1ea1 v\u00e0 \u0111a d\u1ea1ng. M\u1ed9t ly latte hay cappuccino ngon kh\u00f4ng ch\u1ec9 \u0111\u1ebfn t\u1eeb ch\u1ea5t l\u01b0\u1ee3ng h\u1ea1t c\u00e0 ph\u00ea hay k\u1ef9 n\u0103ng c\u1ee7a barista, m\u00e0 c\u00f2n ph\u1ee5 thu\u1ed9c r\u1ea5t nhi\u1ec1u v\u00e0o lo\u1ea1i s\u1eefa \u0111\u01b0\u1ee3c s\u1eed d\u1ee5ng. S\u1eefa th\u1ef1c v\u1eadt kh\u00f4ng ch\u1ec9 \u0111\u00e1p \u1ee9ng nhu c\u1ea7u c\u1ee7a nh\u1eefng ng\u01b0\u1eddi \u0103n chay, d\u1ecb \u1ee9ng lactose hay \u0111\u01a1n gi\u1ea3n l\u00e0 mu\u1ed1n th\u1eed nghi\u1ec7m h\u01b0\u01a1ng v\u1ecb m\u1edbi, m\u00e0 c\u00f2n mang \u0111\u1ebfn nh\u1eefng \u0111\u1eb7c t\u00ednh pha ch\u1ebf \u0111\u1ed9c \u0111\u00e1o, g\u00f3p ph\u1ea7n t\u1ea1o n\u00ean m\u1ed9t t\u00e1c ph\u1ea9m ngh\u1ec7 thu\u1eadt trong t\u1eebng t\u00e1ch c\u00e0 ph\u00ea.<\/p>\n<p><img fetchpriority=\"high\" decoding=\"async\" class=\"aligncenter  wp-image-40938\" src=\"https:\/\/havamall.com\/wp-content\/uploads\/2025\/07\/63eaea7f2d440b2ec0462b61_A49I6387.webp\" alt=\"\" width=\"851\" height=\"567\" \/><\/p>\n<p><b>MILKLAB<\/b> l\u00e0 m\u1ed9t th\u01b0\u01a1ng hi\u1ec7u \u0111\u1ebfn t\u1eeb \u00dac, \u0111\u01b0\u1ee3c ra \u0111\u1eddi v\u1edbi m\u1ed9t s\u1ee9 m\u1ec7nh r\u00f5 r\u00e0ng: cung c\u1ea5p c\u00e1c d\u00f2ng s\u1eefa th\u1ef1c v\u1eadt chuy\u00ean bi\u1ec7t, \u0111\u01b0\u1ee3c t\u1ed1i \u01b0u h\u00f3a d\u00e0nh ri\u00eang cho c\u00e0 ph\u00ea. Kh\u00e1c bi\u1ec7t v\u1edbi c\u00e1c lo\u1ea1i s\u1eefa th\u1ef1c v\u1eadt th\u00f4ng th\u01b0\u1eddng, MILKLAB kh\u00f4ng ng\u1eebng nghi\u00ean c\u1ee9u v\u00e0 h\u1ee3p t\u00e1c ch\u1eb7t ch\u1ebd v\u1edbi c\u00e1c barista chuy\u00ean nghi\u1ec7p tr\u00ean to\u00e0n th\u1ebf gi\u1edbi \u0111\u1ec3 tinh ch\u1ec9nh c\u00f4ng th\u1ee9c. M\u1ee5c ti\u00eau l\u00e0 t\u1ea1o ra nh\u1eefng s\u1ea3n ph\u1ea9m s\u1eefa c\u00f3 \u0111\u1ed9 b\u00e9o, \u0111\u1ed9 \u1ed5n \u0111\u1ecbnh khi \u0111\u00e1nh n\u00f3ng, kh\u1ea3 n\u0103ng k\u00e9o s\u1eefa (stretch) v\u00e0 t\u1ea1o b\u1ecdt m\u1ecbn l\u00fd t\u01b0\u1edfng, gi\u00fap c\u00e1c barista d\u1ec5 d\u00e0ng th\u1ef1c hi\u1ec7n latte art v\u00e0 pha ch\u1ebf s\u00e1ng t\u1ea1o.<\/p>\n<p><img decoding=\"async\" class=\"aligncenter  wp-image-40939\" src=\"https:\/\/havamall.com\/wp-content\/uploads\/2025\/07\/MILKLAB.jpg\" alt=\"\" width=\"852\" height=\"643\" \/><\/p>\n<p><strong data-start=\"2577\" data-end=\"2605\">S\u1eefa H\u1ea1nh Nh\u00e2n MILKLAB 1L<\/strong> \u0111\u01b0\u1ee3c s\u1ea3n xu\u1ea5t v\u1edbi c\u00f4ng th\u1ee9c t\u1ed1i \u01b0u h\u00f3a cho c\u00e0 ph\u00ea pha m\u00e1y, v\u1edbi t\u1ef7 l\u1ec7 h\u1ea1nh nh\u00e2n v\u1eeba \u0111\u1ee7 (3,5%), s\u1eefa mang v\u1ecb b\u00f9i nh\u1eb9 \u0111\u1eb7c tr\u01b0ng, kh\u00f4ng \u00e1t m\u00f9i c\u00e0 ph\u00ea m\u00e0 gi\u00fap t\u1ed5ng th\u1ec3 tr\u1edf n\u00ean tr\u00f2n v\u1ecb h\u01a1n v\u00e0 k\u1ebft c\u1ea5u s\u00e1nh m\u1ecbn, kh\u1ea3 n\u0103ng t\u1ea1o foam t\u1ed1t \u2013 kh\u00f4ng t\u00e1ch l\u1edbp d\u00f9 \u0111\u00e1nh n\u00f3ng \u1edf nhi\u1ec7t \u0111\u1ed9 cao.<\/p>\n<p><img decoding=\"async\" class=\"aligncenter  wp-image-40941\" src=\"https:\/\/havamall.com\/wp-content\/uploads\/2025\/07\/664a83b3be36af415d74a4f4_MILKLAB_SMORES-copy-WEBP-scaled.webp\" alt=\"\" width=\"851\" height=\"568\" \/><\/p>\n<p><strong>MILKLAB Almond Milk<\/strong> c\u00f3 m\u00e0u tr\u1eafng ng\u00e0 \u0111\u1eb7c tr\u01b0ng c\u1ee7a s\u1eefa h\u1ea1nh nh\u00e2n, k\u1ebft c\u1ea5u c\u1ee7a s\u1eefa m\u1ecbn m\u00e0ng, s\u00e1nh v\u1eeba ph\u1ea3i, kh\u00f4ng qu\u00e1 l\u1ecfng hay qu\u00e1 \u0111\u1eb7c. \u0110i\u1ec3m n\u1ed5i b\u1eadt nh\u1ea5t c\u1ee7a s\u1ea3n ph\u1ea9m n\u00e0y l\u00e0 kh\u1ea3 n\u0103ng t\u1ea1o b\u1ecdt v\u00e0 gi\u1eef b\u1ecdt v\u01b0\u1ee3t tr\u1ed9i, t\u1ea1o ra l\u1edbp b\u1ecdt m\u1ecbn, b\u00f3ng m\u01b0\u1ee3t, d\u1ec5 d\u00e0ng k\u00e9o th\u00e0nh h\u00ecnh (latte art) v\u00e0 gi\u1eef \u0111\u01b0\u1ee3c \u0111\u1ed9 \u1ed5n \u0111\u1ecbnh l\u00e2u. H\u01b0\u01a1ng v\u1ecb c\u1ee7a s\u1eefa h\u1ea1nh nh\u00e2n khi k\u1ebft h\u1ee3p v\u1edbi espresso t\u1ea1o n\u00ean m\u1ed9t ly c\u00e0 ph\u00ea c\u00f3 h\u1eadu v\u1ecb b\u00e9o nh\u1eb9, thanh tho\u00e1t, v\u1edbi n\u1ed1t h\u01b0\u01a1ng h\u1ea1nh nh\u00e2n d\u1ecbu nh\u1eb9, gi\u00fap c\u00e2n b\u1eb1ng v\u00e0 l\u00e0m t\u0103ng th\u00eam s\u1ef1 ph\u1ee9c t\u1ea1p cho h\u01b0\u01a1ng v\u1ecb c\u00e0 ph\u00ea m\u00e0 kh\u00f4ng l\u00e0m m\u1ea5t \u0111i \u0111\u1eb7c tr\u01b0ng c\u1ee7a h\u1ea1t c\u00e0 ph\u00ea.<\/p>\n<p><img loading=\"lazy\" decoding=\"async\" class=\"aligncenter  wp-image-40942\" src=\"https:\/\/havamall.com\/wp-content\/uploads\/2025\/07\/63ed431c17fa082a5fc4bdf8_A49I9714.webp\" alt=\"\" width=\"850\" height=\"566\" \/><\/p>\n<h2 data-start=\"3116\" data-end=\"3148\">C\u00e1ch s\u1eed d\u1ee5ng v\u00e0 g\u1ee3i \u00fd pha ch\u1ebf<\/h2>\n<ul>\n<li><b>Pha c\u00e0 ph\u00ea:<\/b> \u0110\u00e2y l\u00e0 s\u1ea3n ph\u1ea9m ho\u00e0n h\u1ea3o \u0111\u1ec3 pha c\u00e1c lo\u1ea1i \u0111\u1ed3 u\u1ed1ng c\u00e0 ph\u00ea nh\u01b0 Latte, Cappuccino, Flat White, Macchiato, hay Cold Brew s\u1eefa. Ch\u1ec9 c\u1ea7n l\u1eafc \u0111\u1ec1u h\u1ed9p s\u1eefa tr\u01b0\u1edbc khi d\u00f9ng, sau \u0111\u00f3 \u0111\u00e1nh n\u00f3ng b\u1eb1ng v\u00f2i steam ho\u1eb7c d\u00f9ng tr\u1ef1c ti\u1ebfp \u0111\u1ec3 pha l\u1ea1nh.<\/li>\n<li><b>Pha ch\u1ebf \u0111\u1ed3 u\u1ed1ng kh\u00e1c:<\/b> Ngo\u00e0i c\u00e0 ph\u00ea, b\u1ea1n c\u00f3 th\u1ec3 s\u1eed d\u1ee5ng s\u1eefa h\u1ea1nh nh\u00e2n n\u00e0y \u0111\u1ec3 pha sinh t\u1ed1, l\u00e0m c\u00e1c lo\u1ea1i smoothies, ho\u1eb7c k\u1ebft h\u1ee3p v\u1edbi ng\u0169 c\u1ed1c \u0103n s\u00e1ng.<\/li>\n<li><b>N\u1ea5u \u0103n v\u00e0 l\u00e0m b\u00e1nh:<\/b> V\u1edbi h\u01b0\u01a1ng v\u1ecb d\u1ecbu nh\u1eb9 v\u00e0 \u0111\u1ed9 b\u00e9o v\u1eeba ph\u1ea3i, s\u1eefa h\u1ea1nh nh\u00e2n MILKLAB c\u0169ng c\u00f3 th\u1ec3 \u0111\u01b0\u1ee3c d\u00f9ng l\u00e0m nguy\u00ean li\u1ec7u trong m\u1ed9t s\u1ed1 c\u00f4ng th\u1ee9c n\u1ea5u \u0103n ho\u1eb7c l\u00e0m b\u00e1nh thu\u1ea7n chay, thay th\u1ebf cho s\u1eefa b\u00f2.<\/li>\n<\/ul>\n<p><img loading=\"lazy\" decoding=\"async\" class=\"aligncenter  wp-image-40940\" src=\"https:\/\/havamall.com\/wp-content\/uploads\/2025\/07\/MilkLabAlmondMilk-.jpg\" alt=\"\" width=\"851\" height=\"568\" \/><\/p>\n<p>S\u1ea3n ph\u1ea9m \u0111\u1eb7c bi\u1ec7t ph\u00f9 h\u1ee3p v\u1edbi nh\u1eefng ng\u01b0\u1eddi \u0103n chay, ng\u01b0\u1eddi kh\u00f4ng dung n\u1ea1p lactose, ho\u1eb7c \u0111\u01a1n gi\u1ea3n l\u00e0 nh\u1eefng ai mu\u1ed1n kh\u00e1m ph\u00e1 h\u01b0\u01a1ng v\u1ecb m\u1edbi l\u1ea1 v\u00e0 t\u1ed1t cho s\u1ee9c kh\u1ecfe h\u01a1n trong ly c\u00e0 ph\u00ea h\u00e0ng ng\u00e0y, <strong>hi\u1ec7n \u0111\u00e3 c\u00f3 m\u1eb7t t\u1ea1i Havamall \u2013 n\u01a1i quy t\u1ee5 c\u00e1c th\u01b0\u01a1ng hi\u1ec7u th\u1ef1c ph\u1ea9m cao c\u1ea5p v\u00e0 nguy\u00ean li\u1ec7u pha ch\u1ebf chu\u1ea9n qu\u1ed1c t\u1ebf.<\/strong><\/p>\n<\/div>\n<\/div>","protected":false},"excerpt":{"rendered":"<p>TH\u00d4NG TIN S\u1ea2N PH\u1ea8M Th\u01b0\u01a1ng hi\u1ec7u MILKLAB Xu\u1ea5t x\u1ee9 \u00dac Th\u00e0nh ph\u1ea7n N\u01b0\u1edbc, h\u1ea1nh nh\u00e2n (3,5%), \u0111\u01b0\u1eddng, kho\u00e1ng ch\u1ea5t, ch\u1ea5t<\/p>","protected":false},"featured_media":39917,"comment_status":"open","ping_status":"closed","template":"","meta":[],"product_brand":[],"product_cat":[677,135],"product_tag":[],"class_list":{"0":"post-39916","1":"product","2":"type-product","3":"status-publish","4":"has-post-thumbnail","6":"product_cat-cac-nuoc-khac","7":"product_cat-sua-do-uong","9":"first","10":"instock","11":"sale","12":"shipping-taxable","13":"purchasable","14":"product-type-simple"},"_links":{"self":[{"href":"https:\/\/havamall.vn\/en\/wp-json\/wp\/v2\/product\/39916"}],"collection":[{"href":"https:\/\/havamall.vn\/en\/wp-json\/wp\/v2\/product"}],"about":[{"href":"https:\/\/havamall.vn\/en\/wp-json\/wp\/v2\/types\/product"}],"replies":[{"embeddable":true,"href":"https:\/\/havamall.vn\/en\/wp-json\/wp\/v2\/comments?post=39916"}],"version-history":[{"count":0,"href":"https:\/\/havamall.vn\/en\/wp-json\/wp\/v2\/product\/39916\/revisions"}],"wp:featuredmedia":[{"embeddable":true,"href":"https:\/\/havamall.vn\/en\/wp-json\/wp\/v2\/media\/39917"}],"wp:attachment":[{"href":"https:\/\/havamall.vn\/en\/wp-json\/wp\/v2\/media?parent=39916"}],"wp:term":[{"taxonomy":"product_brand","embeddable":true,"href":"https:\/\/havamall.vn\/en\/wp-json\/wp\/v2\/product_brand?post=39916"},{"taxonomy":"product_cat","embeddable":true,"href":"https:\/\/havamall.vn\/en\/wp-json\/wp\/v2\/product_cat?post=39916"},{"taxonomy":"product_tag","embeddable":true,"href":"https:\/\/havamall.vn\/en\/wp-json\/wp\/v2\/product_tag?post=39916"}],"curies":[{"name":"wp","href":"https:\/\/api.w.org\/{rel}","templated":true}]}}