{"id":39908,"date":"2025-07-03T16:28:52","date_gmt":"2025-07-03T09:28:52","guid":{"rendered":"https:\/\/havamall.vn\/?post_type=product&#038;p=39908"},"modified":"2025-08-30T10:15:03","modified_gmt":"2025-08-30T03:15:03","slug":"bo-lat-ambassador-80-beo-200g-ambassador-unsalted-butter-80-fat-200g","status":"publish","type":"product","link":"https:\/\/havamall.vn\/en\/shop\/bo-lat-ambassador-80-beo-200g-ambassador-unsalted-butter-80-fat-200g\/","title":{"rendered":"B\u01a1 L\u1ea1t Ambassador 80% B\u00e9o 200g \u2013 AMBASSADOR Unsalted Butter 80% Fat 200g"},"content":{"rendered":"<h2 data-start=\"217\" data-end=\"238\">TH\u00d4NG TIN S\u1ea2N PH\u1ea8M<\/h2>\n<div class=\"_tableContainer_80l1q_1\">\n<div class=\"_tableWrapper_80l1q_14 group flex w-fit flex-col-reverse\">\n<table class=\"w-fit min-w-(--thread-content-width)\" style=\"width: 62.2098%;height: 217px\" data-start=\"240\" data-end=\"1097\">\n<tbody data-start=\"429\" data-end=\"1097\">\n<tr data-start=\"429\" data-end=\"522\">\n<td data-start=\"429\" data-end=\"454\" data-col-size=\"sm\"><strong data-start=\"431\" data-end=\"446\">Th\u01b0\u01a1ng hi\u1ec7u<\/strong><\/td>\n<td data-start=\"454\" data-end=\"522\" data-col-size=\"md\">Ambassador<\/td>\n<\/tr>\n<tr data-start=\"523\" data-end=\"617\">\n<td data-start=\"523\" data-end=\"548\" data-col-size=\"sm\"><strong data-start=\"525\" data-end=\"536\">Xu\u1ea5t x\u1ee9<\/strong><\/td>\n<td data-start=\"548\" data-end=\"617\" data-col-size=\"md\">Ch\u00e2u \u00c2u<\/td>\n<\/tr>\n<tr data-start=\"618\" data-end=\"712\">\n<td data-start=\"618\" data-end=\"643\" data-col-size=\"sm\"><strong data-start=\"620\" data-end=\"634\">Th\u00e0nh ph\u1ea7n<\/strong><\/td>\n<td data-start=\"643\" data-end=\"712\" data-col-size=\"md\">Ch\u1ea5t b\u00e9o s\u1eefa 80%, n\u01b0\u1edbc<\/td>\n<\/tr>\n<tr data-start=\"713\" data-end=\"806\">\n<td data-start=\"713\" data-end=\"738\" data-col-size=\"sm\"><strong data-start=\"715\" data-end=\"730\">H\u1ea1n s\u1eed d\u1ee5ng<\/strong><\/td>\n<td data-start=\"738\" data-end=\"806\" data-col-size=\"md\">12 th\u00e1ng k\u1ec3 t\u1eeb ng\u00e0y s\u1ea3n xu\u1ea5t (xem tr\u00ean bao b\u00ec)<\/td>\n<\/tr>\n<tr data-start=\"807\" data-end=\"901\">\n<td data-start=\"807\" data-end=\"832\" data-col-size=\"sm\"><strong data-start=\"809\" data-end=\"826\">C\u00e1ch b\u1ea3o qu\u1ea3n<\/strong><\/td>\n<td data-start=\"832\" data-end=\"901\" data-col-size=\"md\">B\u1ea3o qu\u1ea3n ng\u0103n m\u00e1t t\u1ee7 l\u1ea1nh (2\u20136\u00b0C); tr\u00e1nh \u00e1nh s\u00e1ng tr\u1ef1c ti\u1ebfp<\/td>\n<\/tr>\n<tr data-start=\"902\" data-end=\"996\">\n<td data-start=\"902\" data-end=\"927\" data-col-size=\"sm\"><strong data-start=\"904\" data-end=\"927\">Quy c\u00e1ch\/Kh\u1ed1i l\u01b0\u1ee3ng<\/strong><\/td>\n<td data-start=\"927\" data-end=\"996\" data-col-size=\"md\">G\u00f3i 200g b\u1ecdc gi\u1ea5y b\u1ea1c truy\u1ec1n th\u1ed1ng<\/td>\n<\/tr>\n<\/tbody>\n<\/table>\n<p>Trong th\u1ebf gi\u1edbi b\u00e1nh ng\u1ecdt v\u00e0 \u1ea9m th\u1ef1c cao c\u1ea5p, c\u00f3 nh\u1eefng nguy\u00ean li\u1ec7u \u0111\u00f3ng vai tr\u00f2 n\u1ec1n t\u1ea3ng, t\u1ea1o n\u00ean s\u1ef1 kh\u00e1c bi\u1ec7t v\u1ec1 h\u01b0\u01a1ng v\u1ecb v\u00e0 k\u1ebft c\u1ea5u. M\u1ed9t trong s\u1ed1 \u0111\u00f3 ch\u00ednh l\u00e0 b\u01a1, \u0111\u1eb7c bi\u1ec7t l\u00e0 b\u01a1 l\u1ea1t \u2013 &#8220;ng\u00f4i sao&#8221; th\u1ea7m l\u1eb7ng nh\u01b0ng kh\u00f4ng th\u1ec3 thi\u1ebfu c\u1ee7a m\u1ecdi \u0111\u1ea7u b\u1ebfp l\u00e0m b\u00e1nh chuy\u00ean nghi\u1ec7p v\u00e0 nh\u1eefng ng\u01b0\u1eddi y\u00eau th\u00edch n\u1ea5u \u0103n. B\u01a1 l\u1ea1t mang \u0111\u1ebfn \u0111\u1ed9 b\u00e9o thu\u1ea7n khi\u1ebft, h\u01b0\u01a1ng th\u01a1m d\u1ecbu nh\u1eb9, cho ph\u00e9p b\u1ea1n ki\u1ec3m so\u00e1t ho\u00e0n to\u00e0n l\u01b0\u1ee3ng mu\u1ed1i trong m\u00f3n \u0103n, t\u1eeb \u0111\u00f3 l\u00e0m n\u1ed5i b\u1eadt c\u00e1c h\u01b0\u01a1ng v\u1ecb kh\u00e1c m\u1ed9t c\u00e1ch tinh t\u1ebf nh\u1ea5t. \u0110\u00e2y ch\u00ednh l\u00e0 b\u00ed quy\u1ebft \u0111\u1ec3 t\u1ea1o n\u00ean nh\u1eefng chi\u1ebfc b\u00e1nh m\u1ec1m x\u1ed1p, th\u01a1m l\u1eebng v\u00e0 nh\u1eefng m\u00f3n \u0103n chu\u1ea9n v\u1ecb.<\/p>\n<p><img fetchpriority=\"high\" decoding=\"async\" class=\"aligncenter\" src=\"https:\/\/havamall.com\/wp-content\/uploads\/2025\/07\/Paysan-Breton-Le-Beurre-Doux-Unsalted-Butter-250g-4@4x-100-scaled.jpg\" alt=\"Paysan Breton Le Beurre Doux Unsalted Butter 250g \u2013 Ben Mart\" width=\"850\" height=\"850\" \/><\/p>\n<p><strong>B\u01a1 l\u1ea1t (unsalted butter)<\/strong> l\u00e0 lo\u1ea1i b\u01a1 kh\u00f4ng th\u00eam mu\u1ed1i trong qu\u00e1 tr\u00ecnh s\u1ea3n xu\u1ea5t, th\u01b0\u1eddng \u0111\u01b0\u1ee3c d\u00f9ng nhi\u1ec1u trong l\u00e0m b\u00e1nh v\u00e0 ch\u1ebf bi\u1ebfn m\u00f3n \u0103n c\u1ea7n ki\u1ec3m so\u00e1t h\u01b0\u01a1ng v\u1ecb. Truy\u1ec1n th\u1ed1ng b\u01a1 l\u1ea1t c\u00f3 l\u1ecbch s\u1eed l\u00e2u \u0111\u1eddi t\u1ea1i ch\u00e2u \u00c2u \u2013 n\u01a1i ng\u01b0\u1eddi ta \u0111\u1ec1 cao s\u1ef1 tinh khi\u1ebft v\u00e0 thu\u1ea7n t\u00fay c\u1ee7a h\u01b0\u01a1ng s\u1eefa. Kh\u00f4ng nh\u01b0 b\u01a1 m\u1eb7n, b\u01a1 l\u1ea1t c\u1ea7n ch\u1ea5t l\u01b0\u1ee3ng nguy\u00ean li\u1ec7u \u0111\u1ea7u v\u00e0o c\u1ef1c k\u1ef3 cao, v\u00ec kh\u00f4ng c\u00f3 v\u1ecb mu\u1ed1i \u0111\u1ec3 \u201cche l\u1ea5p\u201d m\u00f9i. Do \u0111\u00f3, c\u00e1c d\u00f2ng b\u01a1 l\u1ea1t cao c\u1ea5p th\u01b0\u1eddng \u0111\u1ebfn t\u1eeb nh\u1eefng v\u00f9ng c\u00f3 ngu\u1ed3n s\u1eefa b\u00f2 t\u1ed1t nh\u1ea5t.<\/p>\n<p><img decoding=\"async\" class=\"aligncenter\" src=\"https:\/\/havamall.com\/wp-content\/uploads\/2025\/07\/IMG_0827.jpg\" alt=\"My Mind Patch: Ho-Jiak One-Banana Butter Cake\" width=\"850\" height=\"850\" \/><\/p>\n<p data-start=\"2365\" data-end=\"2673\"><strong data-start=\"2365\" data-end=\"2399\">B\u01a1 L\u1ea1t Ambassador 80% B\u00e9o 200g<\/strong>\u00a0l\u00e0 lo\u1ea1i b\u01a1 nguy\u00ean ch\u1ea5t, \u0111\u01b0\u1ee3c s\u1ea3n xu\u1ea5t t\u1ea1i B\u1ec9 \u2013 m\u1ed9t trong nh\u1eefng qu\u1ed1c gia c\u00f3 truy\u1ec1n th\u1ed1ng s\u1ea3n xu\u1ea5t b\u01a1 s\u1eefa l\u00e2u \u0111\u1eddi. V\u1edbi 80% h\u00e0m l\u01b0\u1ee3ng ch\u1ea5t b\u00e9o s\u1eefa, s\u1ea3n ph\u1ea9m c\u00f3 k\u1ebft c\u1ea5u m\u1ec1m m\u01b0\u1ee3t, d\u1ec5 \u0111\u00e1nh tan khi l\u00e0m kem b\u01a1, d\u1ec5 tr\u1ed9n \u0111\u1ec1u khi l\u00e0m b\u00e1nh v\u00e0 t\u1ea1o \u0111\u1ed9 b\u00f3ng m\u1ecbn tuy\u1ec7t v\u1eddi cho c\u00e1c m\u00f3n s\u1ed1t.<\/p>\n<p data-start=\"2365\" data-end=\"2673\"><strong>B\u01a1 L\u1ea1c Ambassador<\/strong> c\u00f3<strong> m\u00e0u v\u00e0ng nh\u1ea1t t\u1ef1 nhi\u00ean<\/strong>, \u0111\u1eb7c tr\u01b0ng c\u1ee7a b\u01a1 s\u1eefa t\u01b0\u01a1i. K\u1ebft c\u1ea5u c\u1ee7a <strong>b\u01a1 r\u1ea5t m\u1ecbn, d\u1ebbo v\u00e0 d\u1ec5 d\u00e0ng m\u1ec1m ra<\/strong> \u1edf nhi\u1ec7t \u0111\u1ed9 ph\u00f2ng, r\u1ea5t thu\u1eadn ti\u1ec7n cho vi\u1ec7c nh\u00e0o tr\u1ed9n trong l\u00e0m b\u00e1nh hay ph\u1ebft. Khi th\u01b0\u1edfng th\u1ee9c, b\u1ea1n s\u1ebd c\u1ea3m nh\u1eadn \u0111\u01b0\u1ee3c h\u01b0\u01a1ng th\u01a1m nh\u1eb9 nh\u00e0ng, tinh khi\u1ebft c\u1ee7a b\u01a1 s\u1eefa, c\u00f9ng v\u1edbi v\u1ecb b\u00e9o ng\u1eady thu\u1ea7n t\u00fay m\u00e0 kh\u00f4ng b\u1ecb pha l\u1eabn b\u1edfi v\u1ecb m\u1eb7n. \u0110\u1eb7c \u0111i\u1ec3m kh\u00f4ng mu\u1ed1i n\u00e0y cho ph\u00e9p c\u00e1c \u0111\u1ea7u b\u1ebfp v\u00e0 ng\u01b0\u1eddi n\u1ed9i tr\u1ee3 ki\u1ec3m so\u00e1t ho\u00e0n to\u00e0n l\u01b0\u1ee3ng mu\u1ed1i trong m\u00f3n \u0103n, gi\u00fap c\u00e1c h\u01b0\u01a1ng v\u1ecb kh\u00e1c nh\u01b0 ng\u1ecdt, chua, cay \u0111\u01b0\u1ee3c ph\u00e1t huy t\u1ed1i \u0111a, t\u1ea1o n\u00ean s\u1ef1 c\u00e2n b\u1eb1ng ho\u00e0n h\u1ea3o v\u00e0 tinh t\u1ebf.<\/p>\n<p data-start=\"2365\" data-end=\"2673\"><img decoding=\"async\" class=\"aligncenter\" src=\"https:\/\/www.topserveltd.co.ke\/_next\/image?url=https%3A%2F%2Fapp.topserveltd.co.ke%2Fimage%2Fcatalog%2Fproducts%2FLATO%20BUTTER%20UNSALTED%20500GMS%20use%202.jpg&amp;w=3840&amp;q=75\" alt=\"LATO BUTTER UNSALTED 250GMS\" width=\"849\" height=\"849\" \/><\/p>\n<h2 data-start=\"3020\" data-end=\"3066\">C\u00e1ch s\u1eed d\u1ee5ng &amp; \u1ee9ng d\u1ee5ng linh ho\u1ea1t trong b\u1ebfp<\/h2>\n<ul>\n<li><b>L\u00e0m b\u00e1nh ng\u1ecdt v\u00e0 b\u00e1nh m\u00ec:<\/b>\u00a0B\u01a1 l\u1ea1t gi\u00fap t\u1ea1o n\u00ean \u0111\u1ed9 x\u1ed1p m\u1ec1m, h\u01b0\u01a1ng v\u1ecb th\u01a1m ngon v\u00e0 c\u1ea5u tr\u00fac ho\u00e0n h\u1ea3o cho c\u00e1c lo\u1ea1i b\u00e1nh quy, b\u00e1nh b\u00f4ng lan, croissant, tart, v\u00e0 kem b\u01a1 trang tr\u00ed. Vi\u1ec7c kh\u00f4ng c\u00f3 mu\u1ed1i gi\u00fap b\u1ea1n th\u00eam ch\u00ednh x\u00e1c l\u01b0\u1ee3ng mu\u1ed1i c\u1ea7n thi\u1ebft \u0111\u1ec3 c\u00e2n b\u1eb1ng v\u1ecb ng\u1ecdt c\u1ee7a \u0111\u01b0\u1eddng, t\u1ea1o n\u00ean m\u1ed9t t\u1ed5ng th\u1ec3 h\u00e0i h\u00f2a.<\/li>\n<li><b>N\u1ea5u \u0103n v\u00e0 ch\u1ebf bi\u1ebfn m\u00f3n \u0103n:<\/b> D\u00f9ng b\u01a1 l\u1ea1t \u0111\u1ec3 l\u00e0m c\u00e1c lo\u1ea1i s\u1ed1t b\u00e9o ng\u1eady nh\u01b0 s\u1ed1t Hollandaise, s\u1ed1t Bechamel, ho\u1eb7c \u0111\u1ec3 x\u00e0o n\u1ea5u c\u00e1c m\u00f3n \u0103n c\u1ea7n gi\u1eef h\u01b0\u01a1ng v\u1ecb t\u1ef1 nhi\u00ean c\u1ee7a nguy\u00ean li\u1ec7u m\u00e0 kh\u00f4ng b\u1ecb v\u1ecb m\u1eb7n l\u00e0m \u1ea3nh h\u01b0\u1edfng. N\u00f3 c\u0169ng l\u00fd t\u01b0\u1edfng \u0111\u1ec3 l\u00e0m d\u1eady m\u00f9i th\u01a1m khi \u00e1p ch\u1ea3o h\u1ea3i s\u1ea3n, n\u1ea5m, ho\u1eb7c rau c\u1ee7.<\/li>\n<li><b>Ph\u1ebft \u0103n tr\u1ef1c ti\u1ebfp (k\u1ebft h\u1ee3p):<\/b> M\u1eb7c d\u00f9 l\u00e0 b\u01a1 l\u1ea1t, b\u1ea1n ho\u00e0n to\u00e0n c\u00f3 th\u1ec3 ph\u1ebft l\u00ean b\u00e1nh m\u00ec, th\u00eam m\u1ed9t ch\u00fat mu\u1ed1i h\u1ed3ng, m\u1eadt ong, ho\u1eb7c m\u1ee9t tr\u00e1i c\u00e2y \u0111\u1ec3 t\u1ea1o ra m\u00f3n \u0103n s\u00e1ng th\u01a1m ngon, b\u1ed5 d\u01b0\u1ee1ng theo kh\u1ea9u v\u1ecb ri\u00eang.<\/li>\n<\/ul>\n<p><img loading=\"lazy\" decoding=\"async\" class=\"aligncenter\" src=\"https:\/\/havamall.com\/wp-content\/uploads\/2025\/07\/l-intro-1651441611.jpg\" alt=\"Why You Should Almost Always Use Unsalted Butter For Baking\" width=\"850\" height=\"478\" \/><\/p>\n<p>S\u1ea3n ph\u1ea9m B\u01a1 L\u1ea1c Ambassador 80% B\u00e9o 200g hi\u1ec7n \u0111\u00e3 c\u00f3 m\u1eb7t t\u1ea1i Havamall \u2013 n\u01a1i quy t\u1ee5 c\u00e1c th\u01b0\u01a1ng hi\u1ec7u th\u1ef1c ph\u1ea9m cao c\u1ea5p v\u00e0 nguy\u00ean li\u1ec7u pha ch\u1ebf chu\u1ea9n qu\u1ed1c t\u1ebf.<\/p>\n<\/div>\n<\/div>","protected":false},"excerpt":{"rendered":"<p>TH\u00d4NG TIN S\u1ea2N PH\u1ea8M Th\u01b0\u01a1ng hi\u1ec7u Ambassador Xu\u1ea5t x\u1ee9 Ch\u00e2u \u00c2u Th\u00e0nh ph\u1ea7n Ch\u1ea5t b\u00e9o s\u1eefa 80%, n\u01b0\u1edbc H\u1ea1n s\u1eed<\/p>","protected":false},"featured_media":39915,"comment_status":"open","ping_status":"closed","template":"","meta":[],"product_brand":[],"product_cat":[677,255,275],"product_tag":[],"class_list":{"0":"post-39908","1":"product","2":"type-product","3":"status-publish","4":"has-post-thumbnail","6":"product_cat-cac-nuoc-khac","7":"product_cat-nguyen-lieu-lam-banh","8":"product_cat-thuc-pham-dong-lanh","10":"first","11":"instock","12":"sale","13":"shipping-taxable","14":"purchasable","15":"product-type-simple"},"_links":{"self":[{"href":"https:\/\/havamall.vn\/en\/wp-json\/wp\/v2\/product\/39908"}],"collection":[{"href":"https:\/\/havamall.vn\/en\/wp-json\/wp\/v2\/product"}],"about":[{"href":"https:\/\/havamall.vn\/en\/wp-json\/wp\/v2\/types\/product"}],"replies":[{"embeddable":true,"href":"https:\/\/havamall.vn\/en\/wp-json\/wp\/v2\/comments?post=39908"}],"version-history":[{"count":0,"href":"https:\/\/havamall.vn\/en\/wp-json\/wp\/v2\/product\/39908\/revisions"}],"wp:featuredmedia":[{"embeddable":true,"href":"https:\/\/havamall.vn\/en\/wp-json\/wp\/v2\/media\/39915"}],"wp:attachment":[{"href":"https:\/\/havamall.vn\/en\/wp-json\/wp\/v2\/media?parent=39908"}],"wp:term":[{"taxonomy":"product_brand","embeddable":true,"href":"https:\/\/havamall.vn\/en\/wp-json\/wp\/v2\/product_brand?post=39908"},{"taxonomy":"product_cat","embeddable":true,"href":"https:\/\/havamall.vn\/en\/wp-json\/wp\/v2\/product_cat?post=39908"},{"taxonomy":"product_tag","embeddable":true,"href":"https:\/\/havamall.vn\/en\/wp-json\/wp\/v2\/product_tag?post=39908"}],"curies":[{"name":"wp","href":"https:\/\/api.w.org\/{rel}","templated":true}]}}