{"id":39901,"date":"2025-07-03T16:02:52","date_gmt":"2025-07-03T09:02:52","guid":{"rendered":"https:\/\/havamall.vn\/?post_type=product&#038;p=39901"},"modified":"2025-08-30T10:15:11","modified_gmt":"2025-08-30T03:15:11","slug":"bo-man-ambassador-80-beo-200g-ambassador-salted-butter-80-fat-200g","status":"publish","type":"product","link":"https:\/\/havamall.vn\/en\/shop\/bo-man-ambassador-80-beo-200g-ambassador-salted-butter-80-fat-200g\/","title":{"rendered":"B\u01a1 M\u1eb7n Ambassador 80% B\u00e9o 200g \u2013 AMBASSADOR Salted Butter 80% Fat 200g"},"content":{"rendered":"<h2 data-start=\"195\" data-end=\"216\">TH\u00d4NG TIN S\u1ea2N PH\u1ea8M<\/h2>\n<div class=\"_tableContainer_80l1q_1\">\n<div class=\"_tableWrapper_80l1q_14 group flex w-fit flex-col-reverse\">\n<table class=\"w-fit min-w-(--thread-content-width)\" style=\"width: 64.1815%;height: 237px\" data-start=\"218\" data-end=\"1089\">\n<tbody data-start=\"407\" data-end=\"1089\">\n<tr data-start=\"407\" data-end=\"500\">\n<td style=\"width: 26.9081%\" data-start=\"407\" data-end=\"432\" data-col-size=\"sm\"><strong data-start=\"409\" data-end=\"424\">Th\u01b0\u01a1ng hi\u1ec7u<\/strong><\/td>\n<td style=\"width: 72.1863%\" data-start=\"432\" data-end=\"500\" data-col-size=\"md\">Ambassador<\/td>\n<\/tr>\n<tr data-start=\"501\" data-end=\"594\">\n<td style=\"width: 26.9081%\" data-start=\"501\" data-end=\"526\" data-col-size=\"sm\"><strong data-start=\"503\" data-end=\"514\">Xu\u1ea5t x\u1ee9<\/strong><\/td>\n<td style=\"width: 72.1863%\" data-start=\"526\" data-end=\"594\" data-col-size=\"md\">Ch\u00e2u \u00c2u<\/td>\n<\/tr>\n<tr data-start=\"595\" data-end=\"688\">\n<td style=\"width: 26.9081%\" data-start=\"595\" data-end=\"620\" data-col-size=\"sm\"><strong data-start=\"597\" data-end=\"611\">Th\u00e0nh ph\u1ea7n<\/strong><\/td>\n<td style=\"width: 72.1863%\" data-start=\"620\" data-end=\"688\" data-col-size=\"md\">Ch\u1ea5t b\u00e9o s\u1eefa 80%, n\u01b0\u1edbc, mu\u1ed1i<\/td>\n<\/tr>\n<tr data-start=\"689\" data-end=\"782\">\n<td style=\"width: 26.9081%\" data-start=\"689\" data-end=\"714\" data-col-size=\"sm\"><strong data-start=\"691\" data-end=\"706\">H\u1ea1n s\u1eed d\u1ee5ng<\/strong><\/td>\n<td style=\"width: 72.1863%\" data-start=\"714\" data-end=\"782\" data-col-size=\"md\">12 th\u00e1ng k\u1ec3 t\u1eeb ng\u00e0y s\u1ea3n xu\u1ea5t (xem bao b\u00ec)<\/td>\n<\/tr>\n<tr data-start=\"783\" data-end=\"887\">\n<td style=\"width: 26.9081%\" data-start=\"783\" data-end=\"808\" data-col-size=\"sm\"><strong data-start=\"785\" data-end=\"802\">C\u00e1ch b\u1ea3o qu\u1ea3n<\/strong><\/td>\n<td style=\"width: 72.1863%\" data-start=\"808\" data-end=\"887\" data-col-size=\"md\">B\u1ea3o qu\u1ea3n trong ng\u0103n m\u00e1t t\u1ee7 l\u1ea1nh (2\u20136\u00b0C); kh\u00f4ng \u0111\u1ec3 g\u1ea7n th\u1ef1c ph\u1ea9m c\u00f3 m\u00f9i m\u1ea1nh<\/td>\n<\/tr>\n<tr data-start=\"888\" data-end=\"981\">\n<td style=\"width: 26.9081%\" data-start=\"888\" data-end=\"913\" data-col-size=\"sm\"><strong data-start=\"890\" data-end=\"913\">Quy c\u00e1ch\/Kh\u1ed1i l\u01b0\u1ee3ng<\/strong><\/td>\n<td style=\"width: 72.1863%\" data-start=\"913\" data-end=\"981\" data-col-size=\"md\">G\u00f3i gi\u1ea5y b\u1ea1c 200g<\/td>\n<\/tr>\n<\/tbody>\n<\/table>\n<p>Trong th\u1ebf gi\u1edbi \u1ea9m th\u1ef1c, b\u01a1 lu\u00f4n l\u00e0 m\u1ed9t nguy\u00ean li\u1ec7u c\u01a1 b\u1ea3n nh\u01b0ng l\u1ea1i c\u00f3 kh\u1ea3 n\u0103ng bi\u1ebfn h\u00f3a k\u1ef3 di\u1ec7u, t\u1eeb vi\u1ec7c l\u00e0m t\u0103ng h\u01b0\u01a1ng v\u1ecb cho m\u00f3n \u0103n \u0111\u1ebfn vi\u1ec7c t\u1ea1o n\u00ean k\u1ebft c\u1ea5u ho\u00e0n h\u1ea3o cho c\u00e1c lo\u1ea1i b\u00e1nh. B\u01a1 kh\u00f4ng ch\u1ec9 \u0111\u01a1n thu\u1ea7n l\u00e0 ch\u1ea5t b\u00e9o, n\u00f3 c\u00f2n l\u00e0 &#8220;gia v\u1ecb&#8221; mang \u0111\u1ebfn s\u1ef1 phong ph\u00fa, b\u00e9o ng\u1eady v\u00e0 th\u01a1m l\u1eebng m\u00e0 kh\u00f4ng m\u1ed9t nguy\u00ean li\u1ec7u n\u00e0o kh\u00e1c c\u00f3 th\u1ec3 thay th\u1ebf ho\u00e0n to\u00e0n. \u0110\u1eb7c bi\u1ec7t, \u0111\u1ed1i v\u1edbi nh\u1eefng m\u00f3n \u0103n y\u00eau c\u1ea7u m\u1ed9t ch\u00fat \u0111\u1eadm \u0111\u00e0, m\u1eb7n m\u00e0 \u0111\u1ec3 c\u00e2n b\u1eb1ng v\u1ecb gi\u00e1c, b\u01a1 m\u1eb7n ch\u00ednh l\u00e0 l\u1ef1a ch\u1ecdn l\u00fd t\u01b0\u1edfng, gi\u00fap \u0111\u00e1nh th\u1ee9c m\u1ecdi gi\u00e1c quan v\u00e0 n\u00e2ng t\u1ea7m tr\u1ea3i nghi\u1ec7m \u1ea9m th\u1ef1c c\u1ee7a b\u1ea1n.<\/p>\n<p><img fetchpriority=\"high\" decoding=\"async\" class=\"aligncenter\" src=\"https:\/\/havamall.com\/wp-content\/uploads\/2025\/07\/1-san-xuat-bo-ca-cao1.jpg\" width=\"850\" height=\"825\" \/><\/p>\n<p data-start=\"1786\" data-end=\"2254\">B\u01a1 s\u1eefa \u2013 \u0111\u1eb7c bi\u1ec7t l\u00e0 b\u01a1 m\u1eb7n \u2013 \u0111\u00e3 t\u1ed3n t\u1ea1i h\u00e0ng tr\u0103m n\u0103m trong v\u0103n h\u00f3a \u1ea9m th\u1ef1c ch\u00e2u \u00c2u. T\u1eeb nh\u1eefng c\u00e1nh \u0111\u1ed3ng xanh ng\u1eaft c\u1ee7a Ph\u00e1p, B\u1ec9 \u0111\u1ebfn v\u00f9ng \u0111\u1ed3ng c\u1ecf H\u00e0 Lan, vi\u1ec7c s\u1ea3n xu\u1ea5t b\u01a1 lu\u00f4n g\u1eafn li\u1ec1n v\u1edbi ngu\u1ed3n s\u1eefa b\u00f2 ch\u1ea5t l\u01b0\u1ee3ng cao, kh\u00f4ng ch\u1ee9a ch\u1ea5t t\u0103ng tr\u01b0\u1edfng. B\u01a1 truy\u1ec1n th\u1ed1ng th\u01b0\u1eddng c\u00f3 h\u00e0m l\u01b0\u1ee3ng b\u00e9o l\u00ean t\u1edbi 80%, gi\u00fap t\u1ea1o n\u00ean \u0111\u1ed9 b\u00f3ng, th\u01a1m v\u00e0 \u0111\u1ed9 x\u1ed1p ho\u00e0n h\u1ea3o trong n\u1ea5u n\u01b0\u1edbng. Kh\u00f4ng ng\u1ea1c nhi\u00ean khi c\u00e1c \u0111\u1ea7u b\u1ebfp v\u00e0 th\u1ee3 l\u00e0m b\u00e1nh l\u00e2u n\u0103m lu\u00f4n tin d\u00f9ng b\u01a1 ch\u00e2u \u00c2u nh\u01b0 m\u1ed9t &#8220;v\u0169 kh\u00ed b\u00ed m\u1eadt&#8221;.<\/p>\n<p data-start=\"1786\" data-end=\"2254\"><img decoding=\"async\" class=\"aligncenter\" src=\"https:\/\/havamall.com\/wp-content\/uploads\/2025\/07\/1200px-C5A0vC3A9dskC3BD_kolC3A1C48D_naruby_904_28cropped29.jpg\" alt=\"Butter - Wikipedia\" width=\"850\" height=\"638\" \/><\/p>\n<p data-start=\"1786\" data-end=\"2254\"><strong data-start=\"2388\" data-end=\"2422\">B\u01a1 M\u1eb7n Ambassador 80% B\u00e9o 200g<\/strong>\u00a0l\u00e0 l\u1ef1a ch\u1ecdn ho\u00e0n h\u1ea3o cho nh\u1eefng ai \u0111\u1ec1 cao h\u01b0\u01a1ng v\u1ecb nguy\u00ean b\u1ea3n v\u00e0 ch\u1ea5t l\u01b0\u1ee3ng trong t\u1eebng m\u00f3n \u0103n. V\u1edbi h\u00e0m l\u01b0\u1ee3ng ch\u1ea5t b\u00e9o s\u1eefa chu\u1ea9n 80%, Ambassador mang \u0111\u1ebfn k\u1ebft c\u1ea5u m\u1ec1m, m\u1ecbn, d\u1ec5 ph\u1ebft khi \u0111\u1ec3 l\u1ea1nh nh\u01b0ng kh\u00f4ng b\u1ecb ch\u1ea3y nh\u0169n \u1edf nhi\u1ec7t \u0111\u1ed9 th\u01b0\u1eddng.<\/p>\n<p><strong>B\u01a1 M\u1eb7n Ambassador<\/strong> c\u00f3 m\u00e0u v\u00e0ng nh\u1ea1t t\u1ef1 nhi\u00ean, k\u1ebft c\u1ea5u m\u1ecbn m\u00e0ng v\u00e0 d\u1ec5 d\u00e0ng ph\u1ebft ho\u1eb7c c\u1eaft khi \u1edf nhi\u1ec7t \u0111\u1ed9 ph\u00f2ng. Khi s\u1eed d\u1ee5ng, b\u1ea1n s\u1ebd c\u1ea3m nh\u1eadn \u0111\u01b0\u1ee3c h\u01b0\u01a1ng th\u01a1m \u0111\u1eb7c tr\u01b0ng c\u1ee7a b\u01a1 s\u1eefa t\u01b0\u01a1i, h\u00f2a quy\u1ec7n m\u1ed9t c\u00e1ch h\u00e0i h\u00f2a v\u1edbi v\u1ecb m\u1eb7n tinh t\u1ebf, kh\u00f4ng qu\u00e1 g\u1eaft m\u00e0 v\u1eeba \u0111\u1ee7 \u0111\u1ec3 l\u00e0m n\u1ed5i b\u1eadt h\u01b0\u01a1ng v\u1ecb t\u1ed5ng th\u1ec3 c\u1ee7a m\u00f3n \u0103n. \u0110\u1ed9 m\u1eb7n n\u00e0y kh\u00f4ng ch\u1ec9 gi\u00fap c\u00e2n b\u1eb1ng v\u1ecb gi\u00e1c m\u00e0 c\u00f2n l\u00e0m d\u1eady l\u00ean c\u00e1c n\u1ed1t h\u01b0\u01a1ng ti\u1ec1m \u1ea9n trong nguy\u00ean li\u1ec7u, mang \u0111\u1ebfn m\u1ed9t tr\u1ea3i nghi\u1ec7m \u1ea9m th\u1ef1c phong ph\u00fa v\u00e0 s\u00e2u s\u1eafc h\u01a1n.<\/p>\n<p><img decoding=\"async\" class=\"aligncenter\" src=\"https:\/\/havamall.com\/wp-content\/uploads\/2025\/07\/GettyImages-2158134925-23a8af00a9db4ddabbe99cb0c0d67540.jpg\" alt=\"Does Butter Go Bad?\" width=\"851\" height=\"566\" \/><\/p>\n<h2 data-start=\"3024\" data-end=\"3072\">C\u00e1ch s\u1eed d\u1ee5ng v\u00e0 th\u01b0\u1edfng th\u1ee9c b\u01a1 m\u1eb7n Ambassador<\/h2>\n<ul>\n<li><b>\u0102n tr\u1ef1c ti\u1ebfp:<\/b> C\u00e1ch \u0111\u01a1n gi\u1ea3n nh\u1ea5t \u0111\u1ec3 th\u01b0\u1edfng th\u1ee9c b\u01a1 m\u1eb7n l\u00e0 ph\u1ebft tr\u1ef1c ti\u1ebfp l\u00ean b\u00e1nh m\u00ec n\u01b0\u1edbng, b\u00e1nh m\u00ec baguette \u1ea5m n\u00f3ng, ho\u1eb7c d\u00f9ng k\u00e8m v\u1edbi b\u1eafp lu\u1ed9c, khoai t\u00e2y nghi\u1ec1n. V\u1ecb m\u1eb7n nh\u1eb9 v\u00e0 \u0111\u1ed9 b\u00e9o ng\u1eady s\u1ebd l\u00e0m t\u0103ng th\u00eam s\u1ef1 h\u1ea5p d\u1eabn cho b\u1eefa s\u00e1ng ho\u1eb7c b\u1eefa \u0103n nh\u1eb9.<\/li>\n<li><b>Ch\u1ebf bi\u1ebfn m\u00f3n m\u1eb7n:<\/b> B\u01a1 m\u1eb7n l\u00e0 l\u1ef1a ch\u1ecdn tuy\u1ec7t v\u1eddi \u0111\u1ec3 x\u00e0o n\u1ea5u c\u00e1c lo\u1ea1i rau c\u1ee7, chi\u00ean tr\u1ee9ng, \u00e1p ch\u1ea3o th\u1ecbt c\u00e1 (nh\u01b0 b\u00edt t\u1ebft, c\u00e1 h\u1ed3i), ho\u1eb7c l\u00e0m s\u1ed1t cho pasta. V\u1ecb m\u1eb7n s\u1eb5n c\u00f3 c\u1ee7a b\u01a1 gi\u00fap b\u1ea1n kh\u00f4ng c\u1ea7n n\u00eam th\u00eam qu\u00e1 nhi\u1ec1u mu\u1ed1i, \u0111\u1ed3ng th\u1eddi t\u1ea1o ra l\u1edbp v\u1ecf v\u00e0ng \u00f3ng v\u00e0 h\u01b0\u01a1ng v\u1ecb th\u01a1m l\u1eebng kh\u00f3 c\u01b0\u1ee1ng cho m\u00f3n \u0103n. B\u1ea1n c\u0169ng c\u00f3 th\u1ec3 d\u00f9ng b\u01a1 m\u1eb7n \u0111\u1ec3 l\u00e0m roux (h\u1ed7n h\u1ee3p b\u1ed9t v\u00e0 b\u01a1) cho c\u00e1c lo\u1ea1i s\u1ed1t s\u00e1nh m\u1ecbn.<\/li>\n<li><b>L\u00e0m b\u00e1nh v\u00e0 m\u00f3n tr\u00e1ng mi\u1ec7ng (c\u00f3 ki\u1ec3m so\u00e1t):<\/b> M\u1eb7c d\u00f9 l\u00e0 b\u01a1 m\u1eb7n, nh\u01b0ng v\u1edbi l\u01b0\u1ee3ng mu\u1ed1i v\u1eeba ph\u1ea3i, b\u1ea1n v\u1eabn c\u00f3 th\u1ec3 s\u1eed d\u1ee5ng n\u00f3 trong m\u1ed9t s\u1ed1 c\u00f4ng th\u1ee9c l\u00e0m b\u00e1nh nh\u1ea5t \u0111\u1ecbnh nh\u01b0 b\u00e1nh m\u00ec, b\u00e1nh quy m\u1eb7n, ho\u1eb7c c\u00e1c lo\u1ea1i b\u00e1nh c\u1ea7n s\u1ef1 c\u00e2n b\u1eb1ng gi\u1eefa v\u1ecb ng\u1ecdt v\u00e0 m\u1eb7n. Tuy nhi\u00ean, h\u00e3y \u0111i\u1ec1u ch\u1ec9nh l\u01b0\u1ee3ng mu\u1ed1i trong c\u00f4ng th\u1ee9c \u0111\u1ec3 tr\u00e1nh m\u00f3n \u0103n b\u1ecb qu\u00e1 m\u1eb7n.<\/li>\n<li><b>K\u1ebft h\u1ee3p s\u00e1ng t\u1ea1o:<\/b> Th\u1eed l\u00e0m t\u00f4m x\u00e0o b\u01a1 t\u1ecfi, g\u00e0 n\u01b0\u1edbng b\u01a1 chanh, ho\u1eb7c c\u00e1c m\u00f3n c\u01a1m chi\u00ean b\u01a1 \u0111\u1ec3 c\u1ea3m nh\u1eadn s\u1ef1 kh\u00e1c bi\u1ec7t m\u00e0 B\u01a1 M\u1eb7n Ambassador mang l\u1ea1i.<\/li>\n<\/ul>\n<p><img loading=\"lazy\" decoding=\"async\" class=\"aligncenter\" src=\"https:\/\/havamall.com\/wp-content\/uploads\/2025\/07\/montreal_steak_seasoning_butter_24687_1376x774.jpg\" alt=\"Montreal Seasoned Butter\" width=\"850\" height=\"478\" \/><\/p>\n<p>S\u1ea3n ph\u1ea9m B\u01a1 M\u1eb7n Ambassador 80% B\u00e9o 200g hi\u1ec7n \u0111\u00e3 c\u00f3 m\u1eb7t t\u1ea1i Havamall \u2013 n\u01a1i quy t\u1ee5 c\u00e1c th\u01b0\u01a1ng hi\u1ec7u th\u1ef1c ph\u1ea9m cao c\u1ea5p v\u00e0 nguy\u00ean li\u1ec7u pha ch\u1ebf chu\u1ea9n qu\u1ed1c t\u1ebf.<\/p>\n<\/div>\n<\/div>","protected":false},"excerpt":{"rendered":"<p>TH\u00d4NG TIN S\u1ea2N PH\u1ea8M Th\u01b0\u01a1ng hi\u1ec7u Ambassador Xu\u1ea5t x\u1ee9 Ch\u00e2u \u00c2u Th\u00e0nh ph\u1ea7n Ch\u1ea5t b\u00e9o s\u1eefa 80%, n\u01b0\u1edbc, mu\u1ed1i H\u1ea1n<\/p>","protected":false},"featured_media":39902,"comment_status":"open","ping_status":"closed","template":"","meta":[],"product_brand":[],"product_cat":[677,255,275,154],"product_tag":[],"class_list":{"0":"post-39901","1":"product","2":"type-product","3":"status-publish","4":"has-post-thumbnail","6":"product_cat-cac-nuoc-khac","7":"product_cat-nguyen-lieu-lam-banh","8":"product_cat-thuc-pham-dong-lanh","9":"product_cat-gia-vi","11":"first","12":"instock","13":"sale","14":"shipping-taxable","15":"purchasable","16":"product-type-simple"},"_links":{"self":[{"href":"https:\/\/havamall.vn\/en\/wp-json\/wp\/v2\/product\/39901"}],"collection":[{"href":"https:\/\/havamall.vn\/en\/wp-json\/wp\/v2\/product"}],"about":[{"href":"https:\/\/havamall.vn\/en\/wp-json\/wp\/v2\/types\/product"}],"replies":[{"embeddable":true,"href":"https:\/\/havamall.vn\/en\/wp-json\/wp\/v2\/comments?post=39901"}],"version-history":[{"count":0,"href":"https:\/\/havamall.vn\/en\/wp-json\/wp\/v2\/product\/39901\/revisions"}],"wp:featuredmedia":[{"embeddable":true,"href":"https:\/\/havamall.vn\/en\/wp-json\/wp\/v2\/media\/39902"}],"wp:attachment":[{"href":"https:\/\/havamall.vn\/en\/wp-json\/wp\/v2\/media?parent=39901"}],"wp:term":[{"taxonomy":"product_brand","embeddable":true,"href":"https:\/\/havamall.vn\/en\/wp-json\/wp\/v2\/product_brand?post=39901"},{"taxonomy":"product_cat","embeddable":true,"href":"https:\/\/havamall.vn\/en\/wp-json\/wp\/v2\/product_cat?post=39901"},{"taxonomy":"product_tag","embeddable":true,"href":"https:\/\/havamall.vn\/en\/wp-json\/wp\/v2\/product_tag?post=39901"}],"curies":[{"name":"wp","href":"https:\/\/api.w.org\/{rel}","templated":true}]}}