{"id":39897,"date":"2025-07-03T15:36:10","date_gmt":"2025-07-03T08:36:10","guid":{"rendered":"https:\/\/havamall.vn\/?post_type=product&#038;p=39897"},"modified":"2025-07-03T15:36:10","modified_gmt":"2025-07-03T08:36:10","slug":"khoai-tay-mui-bo-kieu-dong-que-mccain-600g-mccain-country-wedges-potatoes-600g","status":"publish","type":"product","link":"https:\/\/havamall.vn\/en\/shop\/khoai-tay-mui-bo-kieu-dong-que-mccain-600g-mccain-country-wedges-potatoes-600g\/","title":{"rendered":"Khoai T\u00e2y M\u00fai B\u1ed5 Ki\u1ec3u \u0110\u1ed3ng Qu\u00ea MCCAIN 600g \u2013 MCCAIN Country Wedges Potatoes 600g"},"content":{"rendered":"<h2 data-start=\"183\" data-end=\"204\">TH\u00d4NG TIN S\u1ea2N PH\u1ea8M<\/h2>\n<div class=\"_tableContainer_80l1q_1\">\n<div class=\"_tableWrapper_80l1q_14 group flex w-fit flex-col-reverse\">\n<table class=\"w-fit min-w-(--thread-content-width)\" style=\"width: 67.2752%\" data-start=\"206\" data-end=\"1169\">\n<tbody data-start=\"411\" data-end=\"1169\">\n<tr data-start=\"411\" data-end=\"512\">\n<td style=\"width: 20.242%\" data-start=\"411\" data-end=\"436\" data-col-size=\"sm\"><strong data-start=\"413\" data-end=\"428\">Th\u01b0\u01a1ng hi\u1ec7u<\/strong><\/td>\n<td style=\"width: 78.8779%\" data-start=\"436\" data-end=\"512\" data-col-size=\"lg\">McCain<\/td>\n<\/tr>\n<tr data-start=\"513\" data-end=\"614\">\n<td style=\"width: 20.242%\" data-start=\"513\" data-end=\"538\" data-col-size=\"sm\"><strong data-start=\"515\" data-end=\"526\">Xu\u1ea5t x\u1ee9<\/strong><\/td>\n<td style=\"width: 78.8779%\" data-start=\"538\" data-end=\"614\" data-col-size=\"lg\">\u0110\u1ee9c (ho\u1eb7c ch\u00e2u \u00c2u \u2013 t\u00f9y l\u00f4 h\u00e0ng)<\/td>\n<\/tr>\n<tr data-start=\"615\" data-end=\"747\">\n<td style=\"width: 20.242%\" data-start=\"615\" data-end=\"640\" data-col-size=\"sm\"><strong data-start=\"617\" data-end=\"631\">Th\u00e0nh ph\u1ea7n<\/strong><\/td>\n<td style=\"width: 78.8779%\" data-start=\"640\" data-end=\"747\" data-col-size=\"lg\">Khoai t\u00e2y (94,5%), d\u1ea7u h\u01b0\u1edbng d\u01b0\u01a1ng (4,5%), tinh b\u1ed9t khoai t\u00e2y, gia v\u1ecb (mu\u1ed1i, ti\u00eau, paprika, h\u00e0nh, t\u1ecfi\u2026)<\/td>\n<\/tr>\n<tr data-start=\"748\" data-end=\"848\">\n<td style=\"width: 20.242%\" data-start=\"748\" data-end=\"773\" data-col-size=\"sm\"><strong data-start=\"750\" data-end=\"765\">H\u1ea1n s\u1eed d\u1ee5ng<\/strong><\/td>\n<td style=\"width: 78.8779%\" data-start=\"773\" data-end=\"848\" data-col-size=\"lg\">Xem tr\u00ean bao b\u00ec<\/td>\n<\/tr>\n<tr data-start=\"849\" data-end=\"950\">\n<td style=\"width: 20.242%\" data-start=\"849\" data-end=\"874\" data-col-size=\"sm\"><strong data-start=\"851\" data-end=\"868\">C\u00e1ch b\u1ea3o qu\u1ea3n<\/strong><\/td>\n<td style=\"width: 78.8779%\" data-start=\"874\" data-end=\"950\" data-col-size=\"lg\">B\u1ea3o qu\u1ea3n \u0111\u00f4ng l\u1ea1nh \u1edf nhi\u1ec7t \u0111\u1ed9 -18\u00b0C ho\u1eb7c th\u1ea5p h\u01a1n<\/td>\n<\/tr>\n<tr data-start=\"951\" data-end=\"1052\">\n<td style=\"width: 20.242%\" data-start=\"951\" data-end=\"976\" data-col-size=\"sm\"><strong data-start=\"953\" data-end=\"976\">Quy c\u00e1ch\/Kh\u1ed1i l\u01b0\u1ee3ng<\/strong><\/td>\n<td style=\"width: 78.8779%\" data-start=\"976\" data-end=\"1052\" data-col-size=\"lg\">G\u00f3i 600g<\/td>\n<\/tr>\n<\/tbody>\n<\/table>\n<p>Trong nh\u1ecbp s\u1ed1ng hi\u1ec7n \u0111\u1ea1i b\u1eadn r\u1ed9n, vi\u1ec7c chu\u1ea9n b\u1ecb m\u1ed9t b\u1eefa \u0103n ngon mi\u1ec7ng, ch\u1ea5t l\u01b0\u1ee3ng m\u00e0 v\u1eabn nhanh ch\u00f3ng lu\u00f4n l\u00e0 \u01b0u ti\u00ean h\u00e0ng \u0111\u1ea7u c\u1ee7a nhi\u1ec1u gia \u0111\u00ecnh. \u0110\u00f4i khi, ch\u1ec9 c\u1ea7n m\u1ed9t m\u00f3n \u0103n ph\u1ee5 h\u1ea5p d\u1eabn c\u0169ng \u0111\u1ee7 \u0111\u1ec3 bi\u1ebfn b\u1eefa c\u01a1m th\u01b0\u1eddng ng\u00e0y tr\u1edf n\u00ean th\u00fa v\u1ecb h\u01a1n, ho\u1eb7c tr\u1edf th\u00e0nh m\u00f3n khai v\u1ecb ho\u00e0n h\u1ea3o cho nh\u1eefng bu\u1ed5i h\u1ecdp m\u1eb7t b\u1ea1n b\u00e8. V\u00e0 trong danh s\u00e1ch nh\u1eefng m\u00f3n \u0103n ph\u1ee5 \u0111\u01b0\u1ee3c y\u00eau th\u00edch tr\u00ean to\u00e0n th\u1ebf gi\u1edbi, khoai t\u00e2y lu\u00f4n chi\u1ebfm m\u1ed9t v\u1ecb tr\u00ed \u0111\u1eb7c bi\u1ec7t. Kh\u00f4ng ch\u1ec9 d\u1ec5 ch\u1ebf bi\u1ebfn, khoai t\u00e2y c\u00f2n mang \u0111\u1ebfn h\u01b0\u01a1ng v\u1ecb th\u01a1m ngon, quen thu\u1ed9c, ph\u00f9 h\u1ee3p v\u1edbi m\u1ecdi l\u1ee9a tu\u1ed5i v\u00e0 m\u1ecdi kh\u1ea9u v\u1ecb.<\/p>\n<p><img fetchpriority=\"high\" decoding=\"async\" class=\"aligncenter\" src=\"https:\/\/cdn.jwplayer.com\/v2\/media\/w79GSBgJ\/poster.jpg?width=1920\" alt=\"Air Fryer Potato Wedges\" width=\"850\" height=\"478\" \/><\/p>\n<p>Ra \u0111\u1eddi t\u1eeb n\u0103m 1957 t\u1ea1i Florenceville, New Brunswick, Canada, <strong>McCain Foods<\/strong> \u0111\u00e3 ph\u00e1t tri\u1ec3n t\u1eeb m\u1ed9t nh\u00e0 m\u00e1y s\u1ea3n xu\u1ea5t khoai t\u00e2y chi\u00ean nh\u1ecf b\u00e9 th\u00e0nh c\u00f4ng ty th\u1ef1c ph\u1ea9m \u0111\u00f4ng l\u1ea1nh h\u00e0ng \u0111\u1ea7u th\u1ebf gi\u1edbi. V\u1edbi h\u01a1n 60 n\u0103m kinh nghi\u1ec7m, McCain \u0111\u00e3 x\u00e2y d\u1ef1ng danh ti\u1ebfng v\u1eefng ch\u1eafc nh\u1edd vi\u1ec7c ki\u1ec3m so\u00e1t ch\u1eb7t ch\u1ebd to\u00e0n b\u1ed9 chu\u1ed7i cung \u1ee9ng, t\u1eeb vi\u1ec7c ch\u1ecdn l\u1ecdc gi\u1ed1ng khoai t\u00e2y t\u1ed1t nh\u1ea5t, canh t\u00e1c b\u1ec1n v\u1eefng \u0111\u1ebfn quy tr\u00ecnh ch\u1ebf bi\u1ebfn hi\u1ec7n \u0111\u1ea1i v\u00e0 nghi\u00eam ng\u1eb7t. M\u1ee5c ti\u00eau c\u1ee7a McCain l\u00e0 mang \u0111\u1ebfn nh\u1eefng s\u1ea3n ph\u1ea9m khoai t\u00e2y ti\u1ec7n l\u1ee3i nh\u01b0ng v\u1eabn gi\u1eef tr\u1ecdn h\u01b0\u01a1ng v\u1ecb t\u1ef1 nhi\u00ean v\u00e0 ch\u1ea5t l\u01b0\u1ee3ng dinh d\u01b0\u1ee1ng.<\/p>\n<p><img decoding=\"async\" class=\"aligncenter\" src=\"https:\/\/havamall.com\/wp-content\/uploads\/2025\/07\/McCain-Foods-Logo-2013.png\" alt=\"McCain Foods Logo and symbol, meaning, history, PNG\" width=\"850\" height=\"478\" \/><\/p>\n<p data-start=\"2405\" data-end=\"2877\"><strong data-start=\"2405\" data-end=\"2430\">McCain Country Wedges<\/strong>\u00a0l\u00e0 d\u00f2ng s\u1ea3n ph\u1ea9m khoai t\u00e2y \u0111\u00f4ng l\u1ea1nh \u0111\u00e3 \u0111\u01b0\u1ee3c c\u1eaft m\u00fai cau \u0111\u1ec1u tay, gi\u1eef l\u1ea1i c\u1ea3 ph\u1ea7n v\u1ecf m\u1ecfng \u0111\u1ec3 t\u0103ng \u0111\u1ed9 gi\u00f2n v\u00e0 th\u01a1m khi n\u01b0\u1edbng ho\u1eb7c chi\u00ean. Khoai \u0111\u01b0\u1ee3c t\u1ea9m s\u1eb5n gia v\u1ecb nh\u1eb9 nh\u00e0ng: m\u1ed9t ch\u00fat paprika \u0111\u1ecf, ti\u00eau \u0111en, h\u00e0nh t\u1ecfi s\u1ea5y, t\u1ea1o n\u00ean l\u1edbp v\u1ecf th\u01a1m cay nh\u1eb9 h\u1ea5p d\u1eabn. Ph\u1ea7n ru\u1ed9t khoai m\u1ec1m, ng\u1ecdt d\u1ecbu, kh\u00f4ng b\u1ecb b\u1edf hay kh\u00f4. Nh\u1edd quy tr\u00ecnh c\u1ea5p \u0111\u00f4ng hi\u1ec7n \u0111\u1ea1i, t\u1eebng m\u00fai khoai gi\u1eef nguy\u00ean k\u1ebft c\u1ea5u v\u00e0 m\u00e0u s\u1eafc \u0111\u1eb9p m\u1eaft \u2013 v\u00e0ng nh\u1eb9 xen l\u1eabn l\u1edbp gia v\u1ecb \u0111i\u1ec3m xuy\u1ebft tr\u00ean b\u1ec1 m\u1eb7t.<\/p>\n<p data-start=\"2879\" data-end=\"3034\">Kh\u00f4ng c\u1ea7n th\u00eam b\u1ea5t k\u1ef3 b\u01b0\u1edbc s\u01a1 ch\u1ebf n\u00e0o, b\u1ea1n ch\u1ec9 c\u1ea7n l\u1ea5y khoai t\u1eeb ng\u0103n \u0111\u00f4ng, cho v\u00e0o n\u1ed3i chi\u00ean kh\u00f4ng d\u1ea7u ho\u1eb7c l\u00f2 n\u01b0\u1edbng l\u00e0 c\u00f3 ngay m\u00f3n \u0103n th\u01a1m l\u1eebng, gi\u00f2n r\u1ee5m.<\/p>\n<p data-start=\"2879\" data-end=\"3034\"><img decoding=\"async\" class=\"aligncenter\" src=\"https:\/\/havamall.com\/wp-content\/uploads\/2025\/07\/Crispy_Garlic_Scallion_Sesame_Potato_Wedges.jpg\" alt=\"Crispy Garlic, Scallion, &amp; Sesame Potato Wedges \u2013 COSORI\" width=\"850\" height=\"850\" \/><\/p>\n<h2 data-start=\"3119\" data-end=\"3152\">G\u1ee3i \u00fd c\u00e1ch d\u00f9ng v\u00e0 th\u01b0\u1edfng th\u1ee9c<\/h2>\n<ul>\n<li><b>Chi\u00ean ng\u1eadp d\u1ea7u:<\/b> L\u00e0m n\u00f3ng d\u1ea7u \u0103n \u0111\u1ebfn kho\u1ea3ng 175\u00b0C. Cho m\u1ed9t l\u01b0\u1ee3ng v\u1eeba \u0111\u1ee7 khoai t\u00e2y \u0111\u00f4ng l\u1ea1nh v\u00e0o chi\u00ean kho\u1ea3ng 4-6 ph\u00fat cho \u0111\u1ebfn khi v\u00e0ng \u0111\u1ec1u v\u00e0 gi\u00f2n r\u1ee5m. L\u1ea5y ra \u0111\u1ec3 r\u00e1o d\u1ea7u.<\/li>\n<li><b>N\u1ed3i chi\u00ean kh\u00f4ng d\u1ea7u:<\/b> L\u00e0m n\u00f3ng n\u1ed3i chi\u00ean \u1edf 180-200\u00b0C. Cho khoai t\u00e2y v\u00e0o m\u1ed9t l\u1edbp duy nh\u1ea5t, kh\u00f4ng x\u1ebfp ch\u1ed3ng l\u00ean nhau. Chi\u00ean kho\u1ea3ng 15-20 ph\u00fat, th\u1ec9nh tho\u1ea3ng l\u1eafc \u0111\u1ec1u r\u1ed5 ho\u1eb7c \u0111\u1ea3o m\u1eb7t \u0111\u1ec3 khoai ch\u00edn v\u00e0ng \u0111\u1ec1u.<\/li>\n<li><b>L\u00f2 n\u01b0\u1edbng:<\/b> L\u00e0m n\u00f3ng l\u00f2 \u1edf 200\u00b0C (l\u00f2 \u0111\u1ed1i l\u01b0u 180\u00b0C). Tr\u1ea3i khoai t\u00e2y th\u00e0nh m\u1ed9t l\u1edbp tr\u00ean khay n\u01b0\u1edbng c\u00f3 l\u00f3t gi\u1ea5y b\u1ea1c ho\u1eb7c gi\u1ea5y n\u1ebfn. N\u01b0\u1edbng kho\u1ea3ng 20-25 ph\u00fat, l\u1eadt m\u1eb7t gi\u1eefa ch\u1eebng \u0111\u1ec3 khoai gi\u00f2n \u0111\u1ec1u.<\/li>\n<\/ul>\n<p><img loading=\"lazy\" decoding=\"async\" class=\"aligncenter wp-image-40917\" src=\"https:\/\/havamall.com\/wp-content\/uploads\/2025\/07\/potato-wedges-2-of-2.jpg\" alt=\"\" width=\"851\" height=\"567\" \/><\/p>\n<p><strong>Khoai T\u00e2y M\u00fai B\u1ed5 Ki\u1ec3u \u0110\u1ed3ng Qu\u00ea McCain<\/strong> l\u00e0 m\u00f3n \u0103n k\u00e8m l\u00fd t\u01b0\u1edfng cho b\u1ea5t k\u1ef3 b\u1eefa ti\u1ec7c n\u01b0\u1edbng, b\u1eefa t\u1ed1i gia \u0111\u00ecnh hay th\u1eadm ch\u00ed l\u00e0 m\u1ed9t bu\u1ed5i xem phim t\u1ea1i nh\u00e0. Th\u01b0\u1edfng th\u1ee9c n\u00f3ng v\u1edbi c\u00e1c lo\u1ea1i s\u1ed1t y\u00eau th\u00edch nh\u01b0 t\u01b0\u01a1ng c\u00e0, t\u01b0\u01a1ng \u1edbt, s\u1ed1t mayonnaise, s\u1ed1t BBQ, hay s\u1ed1t ph\u00f4 mai \u0111\u1ec3 t\u0103ng th\u00eam h\u01b0\u01a1ng v\u1ecb. \u0110\u00e2y c\u0169ng l\u00e0 m\u00f3n \u0103n v\u1eb7t ho\u00e0n h\u1ea3o ho\u1eb7c l\u00e0m m\u00f3n khai v\u1ecb \u0111\u1ec3 nh\u00e2m nhi c\u00f9ng b\u1ea1n b\u00e8.<\/p>\n<p>N\u1ebfu b\u1ea1n \u0111ang t\u00ecm m\u1ed9t m\u00f3n \u0103n ti\u1ec7n l\u1ee3i, d\u1ec5 ch\u1ebf bi\u1ebfn nh\u01b0ng v\u1eabn \u0111\u1ea3m b\u1ea3o v\u1ecb ngon chu\u1ea9n qu\u00e1n, th\u00ec\u00a0<strong data-start=\"3829\" data-end=\"3869\">Khoai T\u00e2y Country Wedges McCain 600g<\/strong>\u00a0ch\u00ednh l\u00e0 l\u1ef1a ch\u1ecdn tuy\u1ec7t v\u1eddi. T\u1eeb ch\u1ea5t l\u01b0\u1ee3ng nguy\u00ean li\u1ec7u \u0111\u1ebfn c\u00f4ng ngh\u1ec7 ch\u1ebf bi\u1ebfn, McCain mang \u0111\u1ebfn tr\u1ea3i nghi\u1ec7m \u1ea9m th\u1ef1c tr\u1ecdn v\u1eb9n cho nh\u1eefng b\u1eefa \u0103n t\u1ea1i nh\u00e0. \u0110\u1eb7c bi\u1ec7t,\u00a0<strong data-start=\"4030\" data-end=\"4070\">s\u1ea3n ph\u1ea9m hi\u1ec7n \u0111\u00e3 c\u00f3 m\u1eb7t t\u1ea1i Havamall<\/strong>\u00a0\u2013 \u0111\u1eebng b\u1ecf l\u1ee1 \u0111\u1ec3 mang khoai t\u00e2y n\u01b0\u1edbng gi\u00f2n v\u00e0ng h\u1ea5p d\u1eabn n\u00e0y v\u00e0o th\u1ef1c \u0111\u01a1n c\u1ee7a b\u1ea1n!<\/p>\n<\/div>\n<\/div>","protected":false},"excerpt":{"rendered":"<p>TH\u00d4NG TIN S\u1ea2N PH\u1ea8M Th\u01b0\u01a1ng hi\u1ec7u McCain Xu\u1ea5t x\u1ee9 \u0110\u1ee9c (ho\u1eb7c ch\u00e2u \u00c2u \u2013 t\u00f9y l\u00f4 h\u00e0ng) Th\u00e0nh ph\u1ea7n Khoai<\/p>","protected":false},"featured_media":39898,"comment_status":"open","ping_status":"closed","template":"","meta":[],"product_brand":[],"product_cat":[682,275],"product_tag":[],"class_list":{"0":"post-39897","1":"product","2":"type-product","3":"status-publish","4":"has-post-thumbnail","6":"product_cat-nhap-khau-duc","7":"product_cat-thuc-pham-dong-lanh","9":"first","10":"instock","11":"sale","12":"shipping-taxable","13":"purchasable","14":"product-type-simple"},"_links":{"self":[{"href":"https:\/\/havamall.vn\/en\/wp-json\/wp\/v2\/product\/39897"}],"collection":[{"href":"https:\/\/havamall.vn\/en\/wp-json\/wp\/v2\/product"}],"about":[{"href":"https:\/\/havamall.vn\/en\/wp-json\/wp\/v2\/types\/product"}],"replies":[{"embeddable":true,"href":"https:\/\/havamall.vn\/en\/wp-json\/wp\/v2\/comments?post=39897"}],"version-history":[{"count":0,"href":"https:\/\/havamall.vn\/en\/wp-json\/wp\/v2\/product\/39897\/revisions"}],"wp:featuredmedia":[{"embeddable":true,"href":"https:\/\/havamall.vn\/en\/wp-json\/wp\/v2\/media\/39898"}],"wp:attachment":[{"href":"https:\/\/havamall.vn\/en\/wp-json\/wp\/v2\/media?parent=39897"}],"wp:term":[{"taxonomy":"product_brand","embeddable":true,"href":"https:\/\/havamall.vn\/en\/wp-json\/wp\/v2\/product_brand?post=39897"},{"taxonomy":"product_cat","embeddable":true,"href":"https:\/\/havamall.vn\/en\/wp-json\/wp\/v2\/product_cat?post=39897"},{"taxonomy":"product_tag","embeddable":true,"href":"https:\/\/havamall.vn\/en\/wp-json\/wp\/v2\/product_tag?post=39897"}],"curies":[{"name":"wp","href":"https:\/\/api.w.org\/{rel}","templated":true}]}}