{"id":39874,"date":"2025-07-02T10:28:11","date_gmt":"2025-07-02T03:28:11","guid":{"rendered":"https:\/\/havamall.vn\/?post_type=product&#038;p=39874"},"modified":"2025-08-31T10:38:18","modified_gmt":"2025-08-31T03:38:18","slug":"ga-karaage-chien-gion-kieu-nhat-goi-300g-japanese-style-karaage-chicken-300g","status":"publish","type":"product","link":"https:\/\/havamall.vn\/en\/shop\/ga-karaage-chien-gion-kieu-nhat-goi-300g-japanese-style-karaage-chicken-300g\/","title":{"rendered":"G\u00e0 Karaage Chi\u00ean Gi\u00f2n Ki\u1ec3u Nh\u1eadt G\u00f3i 300g \u2013 Japanese-Style Karaage Chicken 300g"},"content":{"rendered":"<h3 data-start=\"332\" data-end=\"354\">TH\u00d4NG TIN S\u1ea2N PH\u1ea8M<\/h3>\n<div class=\"_tableContainer_80l1q_1\">\n<div class=\"_tableWrapper_80l1q_14 group flex w-fit flex-col-reverse\">\n<table class=\"w-fit min-w-(--thread-content-width)\" data-start=\"356\" data-end=\"1062\">\n<thead data-start=\"356\" data-end=\"426\">\n<tr data-start=\"356\" data-end=\"426\">\n<th style=\"text-align: left\" data-start=\"356\" data-end=\"380\" data-col-size=\"sm\"><strong data-start=\"358\" data-end=\"373\">Th\u01b0\u01a1ng hi\u1ec7u<\/strong><\/th>\n<th style=\"text-align: left\" data-start=\"380\" data-end=\"426\" data-col-size=\"md\">Vissan<\/th>\n<\/tr>\n<\/thead>\n<tbody data-start=\"498\" data-end=\"1062\">\n<tr data-start=\"498\" data-end=\"585\">\n<td data-start=\"498\" data-end=\"522\" data-col-size=\"sm\"><strong data-start=\"500\" data-end=\"511\">Xu\u1ea5t x\u1ee9<\/strong><\/td>\n<td data-col-size=\"md\" data-start=\"522\" data-end=\"585\">Vi\u1ec7t Nam<\/td>\n<\/tr>\n<tr data-start=\"586\" data-end=\"689\">\n<td data-start=\"586\" data-end=\"610\" data-col-size=\"sm\"><strong data-start=\"588\" data-end=\"602\">Th\u00e0nh ph\u1ea7n<\/strong><\/td>\n<td data-col-size=\"md\" data-start=\"610\" data-end=\"689\">Th\u1ecbt g\u00e0, b\u1ed9t m\u00ec, tinh b\u1ed9t, tr\u1ee9ng, gia v\u1ecb t\u1ef1 nhi\u00ean, d\u1ea7u th\u1ef1c v\u1eadt, mu\u1ed1i, ti\u00eau<\/td>\n<\/tr>\n<tr data-start=\"690\" data-end=\"760\">\n<td data-start=\"690\" data-end=\"714\" data-col-size=\"sm\"><strong data-start=\"692\" data-end=\"707\">H\u1ea1n s\u1eed d\u1ee5ng<\/strong><\/td>\n<td data-col-size=\"md\" data-start=\"714\" data-end=\"760\">12 th\u00e1ng k\u1ec3 t\u1eeb ng\u00e0y s\u1ea3n xu\u1ea5t<\/td>\n<\/tr>\n<tr data-start=\"761\" data-end=\"831\">\n<td data-start=\"761\" data-end=\"785\" data-col-size=\"sm\"><strong data-start=\"763\" data-end=\"775\">B\u1ea3o qu\u1ea3n<\/strong><\/td>\n<td data-col-size=\"md\" data-start=\"785\" data-end=\"831\">B\u1ea3o qu\u1ea3n \u0111\u00f4ng \u1edf -18\u00b0C<\/td>\n<\/tr>\n<tr data-start=\"832\" data-end=\"902\">\n<td data-start=\"832\" data-end=\"856\" data-col-size=\"sm\"><strong data-start=\"834\" data-end=\"853\">Kh\u1ed1i l\u01b0\u1ee3ng t\u1ecbnh<\/strong><\/td>\n<td data-col-size=\"md\" data-start=\"856\" data-end=\"902\">300g<\/td>\n<\/tr>\n<tr data-start=\"903\" data-end=\"973\">\n<td data-start=\"903\" data-end=\"927\" data-col-size=\"sm\"><strong data-start=\"905\" data-end=\"917\">\u0110\u00f3ng g\u00f3i<\/strong><\/td>\n<td data-col-size=\"md\" data-start=\"927\" data-end=\"973\">T\u00fai h\u00fat ch\u00e2n kh\u00f4ng, bao b\u00ec in m\u00e0u<\/td>\n<\/tr>\n<tr data-start=\"974\" data-end=\"1062\">\n<td data-start=\"974\" data-end=\"998\" data-col-size=\"sm\"><strong data-start=\"976\" data-end=\"990\">Khuy\u1ebfn c\u00e1o<\/strong><\/td>\n<td data-col-size=\"md\" data-start=\"998\" data-end=\"1062\">Kh\u00f4ng r\u00e3 \u0111\u00f4ng tr\u01b0\u1edbc khi chi\u00ean, tr\u00e1nh t\u00e1i c\u1ea5p \u0111\u00f4ng sau khi r\u00e3<\/td>\n<\/tr>\n<\/tbody>\n<\/table>\n<p data-start=\"1133\" data-end=\"1420\">\u1ea8m th\u1ef1c Nh\u1eadt B\u1ea3n kh\u00f4ng ch\u1ec9 n\u1ed5i ti\u1ebfng b\u1edfi s\u1ef1 tinh t\u1ebf m\u00e0 c\u00f2n b\u1edfi nh\u1eefng m\u00f3n \u0103n \u0111\u01b0\u1eddng ph\u1ed1 \u0111\u1ea7y h\u1ea5p d\u1eabn, trong \u0111\u00f3 c\u00f3\u00a0<strong data-start=\"1244\" data-end=\"1258\">G\u00e0 Karaage<\/strong>\u00a0\u2013 m\u00f3n g\u00e0 chi\u00ean ki\u1ec3u Nh\u1eadt \u0111\u1eb7c tr\u01b0ng. Mi\u1ebfng g\u00e0 \u0111\u01b0\u1ee3c \u01b0\u1edbp \u0111\u1eadm \u0111\u00e0, t\u1ea9m b\u1ed9t m\u1ecfng v\u00e0 chi\u00ean v\u00e0ng gi\u00f2n, mang \u0111\u1ebfn h\u01b0\u01a1ng v\u1ecb v\u1eeba \u0111\u1eadm ch\u1ea5t ch\u00e2u \u00c1, v\u1eeba d\u1ec5 \u0103n cho m\u1ecdi l\u1ee9a tu\u1ed5i.<\/p>\n<p data-start=\"1133\" data-end=\"1420\"><img fetchpriority=\"high\" decoding=\"async\" class=\"aligncenter wp-image-40880\" src=\"https:\/\/havamall.com\/wp-content\/uploads\/2025\/07\/how-to-make-gluten-free-karaage-japanese-fried-chicken-japanese-taste.webp\" alt=\"\" width=\"851\" height=\"567\" \/><\/p>\n<p data-start=\"1422\" data-end=\"1753\">Gi\u1edd \u0111\u00e2y, b\u1ea1n kh\u00f4ng c\u1ea7n ra ngo\u00e0i h\u00e0ng hay m\u1ea5t c\u00f4ng chu\u1ea9n b\u1ecb ph\u1ee9c t\u1ea1p. V\u1edbi s\u1ea3n ph\u1ea9m\u00a0<strong data-start=\"1504\" data-end=\"1534\">G\u00e0 Karaage Chi\u00ean Gi\u00f2n 300g<\/strong>, b\u1ea1n c\u00f3 th\u1ec3 d\u1ec5 d\u00e0ng t\u00e1i hi\u1ec7n m\u00f3n \u0103n n\u1ed5i ti\u1ebfng n\u00e0y ch\u1ec9 sau v\u00e0i ph\u00fat chi\u00ean ng\u1eadp d\u1ea7u. Mi\u1ebfng th\u1ecbt g\u00e0 th\u01a1m, m\u1ec1m, \u00e1o b\u1ed9t gi\u00f2n tan v\u00e0 kh\u00f4ng b\u1ecb ng\u1ea5m d\u1ea7u l\u00e0 l\u1ef1a ch\u1ecdn l\u00fd t\u01b0\u1edfng cho b\u1eefa \u0103n nhanh, bento Nh\u1eadt ho\u1eb7c c\u00e1c bu\u1ed5i ti\u1ec7c nh\u1eb9.<\/p>\n<p data-start=\"1422\" data-end=\"1753\"><img decoding=\"async\" class=\"aligncenter wp-image-40882\" src=\"https:\/\/havamall.com\/wp-content\/uploads\/2025\/07\/chicken-breast-karaage.webp\" alt=\"\" width=\"850\" height=\"850\" \/><\/p>\n<h3 data-start=\"2473\" data-end=\"2548\">\u0110\u1eb7c \u0111i\u1ec3m s\u1ea3n ph\u1ea9m \u2013 chu\u1ea9n v\u1ecb Nh\u1eadt, gi\u00f2n r\u1ee5m b\u00ean ngo\u00e0i, m\u1ec1m \u1ea9m b\u00ean trong<\/h3>\n<p data-start=\"2550\" data-end=\"2802\">Kh\u00e1c v\u1edbi g\u00e0 chi\u00ean ki\u1ec3u ph\u01b0\u01a1ng T\u00e2y,\u00a0<strong data-start=\"2585\" data-end=\"2596\">Karaage<\/strong>\u00a0l\u00e0 ki\u1ec3u g\u00e0 \u0111\u01b0\u1ee3c \u01b0\u1edbp k\u1ef9 trong n\u01b0\u1edbc t\u01b0\u01a1ng, r\u01b0\u1ee3u mirin, g\u1eebng, t\u1ecfi&#8230; sau \u0111\u00f3 \u00e1o qua l\u1edbp b\u1ed9t nh\u1eb9 v\u00e0 chi\u00ean ng\u1eadp d\u1ea7u \u1edf nhi\u1ec7t \u0111\u1ed9 cao. C\u00e1ch l\u00e0m n\u00e0y t\u1ea1o n\u00ean l\u1edbp v\u1ecf m\u1ecfng nh\u01b0ng\u00a0<strong data-start=\"2762\" data-end=\"2774\">gi\u00f2n tan<\/strong>, kh\u00f4ng b\u1ecb b\u1edf hay chai c\u1ee9ng.<\/p>\n<p data-start=\"2804\" data-end=\"3094\"><strong data-start=\"2813\" data-end=\"2840\">G\u00e0 Karaage g\u00f3i 300g<\/strong> \u0111\u01b0\u1ee3c c\u1eaft mi\u1ebfng v\u1eeba \u0103n, s\u1eed d\u1ee5ng ph\u1ea7n th\u1ecbt \u0111\u00f9i g\u00e0 m\u1ec1m, m\u1ecdng n\u01b0\u1edbc, \u00edt b\u1ecb kh\u00f4 khi chi\u00ean. B\u00ean ngo\u00e0i l\u00e0 l\u1edbp b\u1ed9t \u00e1o v\u00e0ng ru\u1ed9m, gi\u1eef k\u1ebft c\u1ea5u gi\u00f2n r\u1ee5m l\u00e2u, k\u1ec3 c\u1ea3 khi \u0111\u1ec3 ngu\u1ed9i. Gia v\u1ecb t\u1ea9m \u01b0\u1edbp v\u1eeba mi\u1ec7ng, kh\u00f4ng qu\u00e1 m\u1eb7n hay cay \u2013 ph\u00f9 h\u1ee3p cho c\u1ea3 tr\u1ebb nh\u1ecf l\u1eabn ng\u01b0\u1eddi l\u1edbn. S\u1ea3n ph\u1ea9m \u0111\u00e3 \u0111\u01b0\u1ee3c chi\u00ean s\u01a1 v\u00e0 c\u1ea5p \u0111\u00f4ng ngay l\u1eadp t\u1ee9c, gi\u00fap gi\u1eef nguy\u00ean ch\u1ea5t l\u01b0\u1ee3ng, \u0111\u1ea3m b\u1ea3o khi chi\u00ean l\u1ea1i s\u1ebd c\u00f3 \u0111\u01b0\u1ee3c l\u1edbp v\u1ecf gi\u00f2n m\u00e0 th\u1ecbt b\u00ean trong v\u1eabn m\u1ecdng.<\/p>\n<p data-start=\"2804\" data-end=\"3094\"><img decoding=\"async\" class=\"aligncenter wp-image-40883\" src=\"https:\/\/havamall.com\/wp-content\/uploads\/2025\/07\/Karaage-Japanese-Fried-Chicken-2000-016048d4f39b49e08e0c245ab57a7f8f.jpg\" alt=\"\" width=\"852\" height=\"568\" \/><\/p>\n<h3 data-start=\"3255\" data-end=\"3287\">C\u00e1ch s\u1eed d\u1ee5ng v\u00e0 g\u1ee3i \u00fd m\u00f3n \u0103n<\/h3>\n<p data-start=\"3289\" data-end=\"3316\"><strong data-start=\"3289\" data-end=\"3315\">C\u00e1ch ch\u1ebf bi\u1ebfn \u0111\u01a1n gi\u1ea3n<\/strong>:<\/p>\n<ul data-start=\"3317\" data-end=\"3469\">\n<li data-start=\"3317\" data-end=\"3336\">\n<p data-start=\"3319\" data-end=\"3336\">Kh\u00f4ng c\u1ea7n r\u00e3 \u0111\u00f4ng<\/p>\n<\/li>\n<li data-start=\"3337\" data-end=\"3368\">\n<p data-start=\"3339\" data-end=\"3368\">L\u00e0m n\u00f3ng d\u1ea7u \u0103n \u0111\u1ebfn 160\u2013170\u00b0C<\/p>\n<\/li>\n<li data-start=\"3369\" data-end=\"3428\">\n<p data-start=\"3371\" data-end=\"3428\">Cho g\u00e0 v\u00e0o chi\u00ean ng\u1eadp d\u1ea7u trong 3\u20134 ph\u00fat \u0111\u1ebfn khi v\u00e0ng \u0111\u1ec1u<\/p>\n<\/li>\n<li data-start=\"3429\" data-end=\"3469\">\n<p data-start=\"3431\" data-end=\"3469\">V\u1edbt ra, \u0111\u1ec3 r\u00e1o d\u1ea7u l\u00e0 c\u00f3 th\u1ec3 d\u00f9ng ngay<\/p>\n<\/li>\n<\/ul>\n<p><img loading=\"lazy\" decoding=\"async\" class=\"aligncenter wp-image-40884\" src=\"https:\/\/havamall.com\/wp-content\/uploads\/2025\/07\/merlin_141075300_74569dec-9fc2-4174-931d-019dddef3bb8-superJumbo.jpg\" alt=\"\" width=\"852\" height=\"568\" \/><\/p>\n<p data-start=\"3471\" data-end=\"3493\"><strong data-start=\"3471\" data-end=\"3492\">G\u1ee3i \u00fd th\u01b0\u1edfng th\u1ee9c<\/strong>:<\/p>\n<ul data-start=\"3494\" data-end=\"3688\">\n<li data-start=\"3494\" data-end=\"3563\">\n<p data-start=\"3496\" data-end=\"3563\">\u0102n k\u00e8m c\u01a1m tr\u1eafng, s\u1ed1t mayonnaise, chanh t\u01b0\u01a1i \u2013 \u0111\u00fang phong c\u00e1ch Nh\u1eadt<\/p>\n<\/li>\n<li data-start=\"3564\" data-end=\"3618\">\n<p data-start=\"3566\" data-end=\"3618\">D\u00f9ng trong bento, \u0103n k\u00e8m salad ho\u1eb7c b\u00e1nh m\u00ec sandwich<\/p>\n<\/li>\n<li data-start=\"3619\" data-end=\"3688\">\n<p data-start=\"3621\" data-end=\"3688\">C\u00f3 th\u1ec3 ch\u1ebf bi\u1ebfn m\u00f3n ph\u1ee5 trong c\u00e1c b\u1eefa ti\u1ec7c, ti\u1ec7c tr\u00e0, ti\u1ec7c gia \u0111\u00ecnh<\/p>\n<\/li>\n<\/ul>\n<p data-start=\"3690\" data-end=\"3872\">S\u1ea3n ph\u1ea9m ph\u00f9 h\u1ee3p \u0111\u1ec3 d\u00f9ng trong nh\u00e0 h\u00e0ng Nh\u1eadt B\u1ea3n, qu\u00e1n \u0103n nhanh ho\u1eb7c gia \u0111\u00ecnh b\u1eadn r\u1ed9n. V\u1edbi ch\u1ec9 5 ph\u00fat ch\u1ebf bi\u1ebfn, b\u1ea1n \u0111\u00e3 c\u00f3 ngay m\u00f3n g\u00e0 chi\u00ean th\u01a1m ngon, gi\u00f2n r\u1ee5m kh\u00f4ng thua ngo\u00e0i ti\u1ec7m.<\/p>\n<p data-start=\"3690\" data-end=\"3872\"><img loading=\"lazy\" decoding=\"async\" class=\"aligncenter wp-image-40885\" src=\"https:\/\/havamall.com\/wp-content\/uploads\/2025\/07\/karaage.jpg\" alt=\"\" width=\"851\" height=\"854\" \/><\/p>\n<p data-start=\"3893\" data-end=\"4124\"><strong data-start=\"3893\" data-end=\"3923\">G\u00e0 Karaage Chi\u00ean Gi\u00f2n 300g<\/strong>\u00a0l\u00e0 l\u1ef1a ch\u1ecdn ti\u1ec7n l\u1ee3i, nhanh g\u1ecdn v\u00e0 chu\u1ea9n v\u1ecb cho nh\u1eefng ai y\u00eau th\u00edch m\u00f3n Nh\u1eadt m\u00e0 kh\u00f4ng c\u00f3 nhi\u1ec1u th\u1eddi gian. M\u1ed7i mi\u1ebfng g\u00e0 v\u00e0ng gi\u00f2n, m\u1ec1m \u0111\u1eadm v\u1ecb b\u00ean trong s\u1ebd l\u00e0m h\u00e0i l\u00f2ng c\u1ea3 nh\u00e0 \u2013 t\u1eeb ng\u01b0\u1eddi l\u1edbn \u0111\u1ebfn tr\u1ebb nh\u1ecf.<\/p>\n<p data-start=\"4126\" data-end=\"4247\"><strong data-start=\"4126\" data-end=\"4247\">S\u1ea3n ph\u1ea9m hi\u1ec7n \u0111\u00e3 c\u00f3 m\u1eb7t t\u1ea1i Havamall \u2013 s\u1eb5n s\u00e0ng ph\u1ee5c v\u1ee5 b\u1ea1n nh\u1eefng m\u00f3n ngon chu\u1ea9n v\u1ecb Nh\u1eadt ch\u1ec9 trong v\u00e0i ph\u00fat ch\u1ebf bi\u1ebfn.<\/strong><\/p>\n<\/div>\n<\/div>","protected":false},"excerpt":{"rendered":"<p>TH\u00d4NG TIN S\u1ea2N PH\u1ea8M Th\u01b0\u01a1ng hi\u1ec7u Vissan Xu\u1ea5t x\u1ee9 Vi\u1ec7t Nam Th\u00e0nh ph\u1ea7n Th\u1ecbt g\u00e0, b\u1ed9t m\u00ec, tinh b\u1ed9t, tr\u1ee9ng,<\/p>","protected":false},"featured_media":39875,"comment_status":"open","ping_status":"closed","template":"","meta":[],"product_brand":[],"product_cat":[677,275],"product_tag":[],"class_list":{"0":"post-39874","1":"product","2":"type-product","3":"status-publish","4":"has-post-thumbnail","6":"product_cat-cac-nuoc-khac","7":"product_cat-thuc-pham-dong-lanh","9":"first","10":"instock","11":"sale","12":"shipping-taxable","13":"purchasable","14":"product-type-simple"},"_links":{"self":[{"href":"https:\/\/havamall.vn\/en\/wp-json\/wp\/v2\/product\/39874"}],"collection":[{"href":"https:\/\/havamall.vn\/en\/wp-json\/wp\/v2\/product"}],"about":[{"href":"https:\/\/havamall.vn\/en\/wp-json\/wp\/v2\/types\/product"}],"replies":[{"embeddable":true,"href":"https:\/\/havamall.vn\/en\/wp-json\/wp\/v2\/comments?post=39874"}],"version-history":[{"count":0,"href":"https:\/\/havamall.vn\/en\/wp-json\/wp\/v2\/product\/39874\/revisions"}],"wp:featuredmedia":[{"embeddable":true,"href":"https:\/\/havamall.vn\/en\/wp-json\/wp\/v2\/media\/39875"}],"wp:attachment":[{"href":"https:\/\/havamall.vn\/en\/wp-json\/wp\/v2\/media?parent=39874"}],"wp:term":[{"taxonomy":"product_brand","embeddable":true,"href":"https:\/\/havamall.vn\/en\/wp-json\/wp\/v2\/product_brand?post=39874"},{"taxonomy":"product_cat","embeddable":true,"href":"https:\/\/havamall.vn\/en\/wp-json\/wp\/v2\/product_cat?post=39874"},{"taxonomy":"product_tag","embeddable":true,"href":"https:\/\/havamall.vn\/en\/wp-json\/wp\/v2\/product_tag?post=39874"}],"curies":[{"name":"wp","href":"https:\/\/api.w.org\/{rel}","templated":true}]}}