{"id":39870,"date":"2025-07-02T10:02:46","date_gmt":"2025-07-02T03:02:46","guid":{"rendered":"https:\/\/havamall.vn\/?post_type=product&#038;p=39870"},"modified":"2026-02-25T11:50:33","modified_gmt":"2026-02-25T04:50:33","slug":"men-tuoi-vang-lam-banh-mi-five-stars-500g-five-stars-fresh-yeast-500g","status":"publish","type":"product","link":"https:\/\/havamall.vn\/en\/shop\/men-tuoi-vang-lam-banh-mi-five-stars-500g-five-stars-fresh-yeast-500g\/","title":{"rendered":"Men T\u01b0\u01a1i V\u00e0ng L\u00e0m B\u00e1nh M\u00ec Five Stars 500g \u2013 Five Stars Fresh Yeast 500g"},"content":{"rendered":"<h3 data-start=\"318\" data-end=\"340\">TH\u00d4NG TIN S\u1ea2N PH\u1ea8M<\/h3>\n<div class=\"_tableContainer_80l1q_1\">\n<div class=\"_tableWrapper_80l1q_14 group flex w-fit flex-col-reverse\">\n<table class=\"w-fit min-w-(--thread-content-width)\" style=\"width: 66.2802%;height: 270px\" data-start=\"342\" data-end=\"1027\">\n<thead data-start=\"342\" data-end=\"412\">\n<tr data-start=\"342\" data-end=\"412\">\n<th style=\"text-align: left\" data-start=\"342\" data-end=\"367\" data-col-size=\"sm\"><strong data-start=\"344\" data-end=\"359\">Th\u01b0\u01a1ng hi\u1ec7u<\/strong><\/th>\n<th style=\"text-align: left\" data-start=\"367\" data-end=\"412\" data-col-size=\"md\">Five Stars \u2013 SAF Vi\u1ec7t<\/th>\n<\/tr>\n<\/thead>\n<tbody data-start=\"484\" data-end=\"1027\">\n<tr data-start=\"484\" data-end=\"561\">\n<td data-start=\"484\" data-end=\"509\" data-col-size=\"sm\"><strong data-start=\"486\" data-end=\"497\">Xu\u1ea5t x\u1ee9<\/strong><\/td>\n<td data-col-size=\"md\" data-start=\"509\" data-end=\"561\">Vi\u1ec7t Nam (li\u00ean doanh v\u1edbi Malaysia \u2013 Saf-instant)<\/td>\n<\/tr>\n<tr data-start=\"562\" data-end=\"631\">\n<td data-start=\"562\" data-end=\"587\" data-col-size=\"sm\"><strong data-start=\"564\" data-end=\"578\">Th\u00e0nh ph\u1ea7n<\/strong><\/td>\n<td data-col-size=\"md\" data-start=\"587\" data-end=\"631\">N\u1ea5m men t\u01b0\u01a1i (Saccharomyces cerevisiae)<\/td>\n<\/tr>\n<tr data-start=\"632\" data-end=\"702\">\n<td data-start=\"632\" data-end=\"657\" data-col-size=\"sm\"><strong data-start=\"634\" data-end=\"649\">H\u1ea1n s\u1eed d\u1ee5ng<\/strong><\/td>\n<td data-col-size=\"md\" data-start=\"657\" data-end=\"702\">30 ng\u00e0y k\u1ec3 t\u1eeb ng\u00e0y s\u1ea3n xu\u1ea5t<\/td>\n<\/tr>\n<tr data-start=\"703\" data-end=\"772\">\n<td data-start=\"703\" data-end=\"728\" data-col-size=\"sm\"><strong data-start=\"705\" data-end=\"717\">B\u1ea3o qu\u1ea3n<\/strong><\/td>\n<td data-col-size=\"md\" data-start=\"728\" data-end=\"772\">\n<ul>\n<li>\u1ed4n \u0111\u1ecbnh t\u1ed1t khi gi\u1eef \u1edf nhi\u1ec7t \u0111\u1ed9 4\u00baC<\/li>\n<li>Ph\u1ea3i l\u01b0u tr\u1eef t\u1eeb 10\u00baC tr\u1edf xu\u1ed1ng. \u0110\u00f2i h\u1ecfi v\u1eadn chuy\u1ec3n b\u1eb1ng xe l\u1ea1nh.<\/li>\n<li>B\u1ea3o qu\u1ea3n \u0111\u00f4ng l\u1ea1nh d\u00f9ng \u0111\u01b0\u1ee3c &gt; 30 ng\u00e0y<\/li>\n<\/ul>\n<\/td>\n<\/tr>\n<tr data-start=\"773\" data-end=\"843\">\n<td data-start=\"773\" data-end=\"798\" data-col-size=\"sm\"><strong data-start=\"775\" data-end=\"794\">Kh\u1ed1i l\u01b0\u1ee3ng t\u1ecbnh<\/strong><\/td>\n<td data-col-size=\"md\" data-start=\"798\" data-end=\"843\">500g<\/td>\n<\/tr>\n<tr data-start=\"915\" data-end=\"1027\">\n<td data-start=\"915\" data-end=\"940\" data-col-size=\"sm\"><strong data-start=\"917\" data-end=\"931\">Khuy\u1ebfn c\u00e1o<\/strong><\/td>\n<td data-col-size=\"md\" data-start=\"940\" data-end=\"1027\">D\u00f9ng cho c\u00e1c lo\u1ea1i b\u1ed9t m\u00ec, kh\u00f4ng ph\u00f9 h\u1ee3p v\u1edbi b\u1ed9t ng\u1ecdt, b\u00e1nh quy, b\u00e1nh ng\u1ecdt nhi\u1ec1u b\u00e9o<\/td>\n<\/tr>\n<\/tbody>\n<\/table>\n<p data-start=\"1074\" data-end=\"1449\">Trong th\u1ebf gi\u1edbi l\u00e0m b\u00e1nh m\u00ec, men ch\u00ednh l\u00e0 \u201clinh h\u1ed3n\u201d quy\u1ebft \u0111\u1ecbnh \u0111\u1ed9 n\u1edf, \u0111\u1ed9 m\u1ec1m v\u00e0 h\u01b0\u01a1ng th\u01a1m \u0111\u1eb7c tr\u01b0ng c\u1ee7a th\u00e0nh ph\u1ea9m. N\u1ebfu nguy\u00ean li\u1ec7u nh\u01b0 b\u1ed9t, n\u01b0\u1edbc, mu\u1ed1i l\u00e0 ph\u1ea7n \u201cth\u00e2n th\u1ec3\u201d, th\u00ec men ch\u00ednh l\u00e0 m\u1ea7m s\u1ed1ng. V\u1edbi nh\u1eefng ng\u01b0\u1eddi th\u1ee3 b\u00e1nh chuy\u00ean nghi\u1ec7p,\u00a0<strong data-start=\"1314\" data-end=\"1326\">men t\u01b0\u01a1i<\/strong>\u00a0lu\u00f4n \u0111\u01b0\u1ee3c xem l\u00e0 l\u1ef1a ch\u1ecdn tinh t\u00fay nh\u1ea5t b\u1edfi kh\u1ea3 n\u0103ng ho\u1ea1t \u0111\u1ed9ng m\u1ea1nh, l\u00ean men t\u1ef1 nhi\u00ean v\u00e0 cho h\u01b0\u01a1ng v\u1ecb \u0111\u1eadm \u0111\u00e0 kh\u00f3 thay th\u1ebf.<\/p>\n<p data-start=\"1074\" data-end=\"1449\"><img fetchpriority=\"high\" decoding=\"async\" class=\"aligncenter wp-image-40872\" src=\"https:\/\/havamall.com\/wp-content\/uploads\/2025\/07\/Fresh-yeast-for-pizza-dough-bread-dough.jpg\" alt=\"\" width=\"800\" height=\"800\" \/><\/p>\n<p data-start=\"1451\" data-end=\"1722\"><strong data-start=\"1451\" data-end=\"1484\">Men T\u01b0\u01a1i V\u00e0ng Five Stars 500g<\/strong>\u00a0l\u00e0 lo\u1ea1i men t\u01b0\u01a1i ti\u00eau chu\u1ea9n chuy\u00ean nghi\u1ec7p, \u0111\u01b0\u1ee3c s\u1eed d\u1ee5ng r\u1ed9ng r\u00e3i trong ng\u00e0nh l\u00e0m b\u00e1nh m\u00ec t\u1ea1i Vi\u1ec7t Nam v\u00e0 \u0110\u00f4ng Nam \u00c1. Nh\u1edd kh\u1ea3 n\u0103ng k\u00edch ho\u1ea1t m\u1ea1nh m\u1ebd, s\u1ea3n ph\u1ea9m cho ra th\u00e0nh ph\u1ea9m \u1ed5n \u0111\u1ecbnh, n\u1edf \u0111\u1ec1u, ru\u1ed9t x\u1ed1p v\u00e0 v\u1ecf b\u00e1nh c\u00f3 m\u00e0u n\u00e2u v\u00e0ng b\u1eaft m\u1eaft.<\/p>\n<p data-start=\"1451\" data-end=\"1722\"><strong data-start=\"1801\" data-end=\"1815\">Five Stars<\/strong>\u00a0l\u00e0 th\u01b0\u01a1ng hi\u1ec7u men li\u00ean doanh gi\u1eefa c\u00f4ng ty Saf-Vi\u1ec7t v\u00e0 t\u1eadp \u0111o\u00e0n Lesaffre (Ph\u00e1p) \u2013 m\u1ed9t trong nh\u1eefng nh\u00e0 s\u1ea3n xu\u1ea5t men h\u00e0ng \u0111\u1ea7u th\u1ebf gi\u1edbi v\u1edbi h\u01a1n 170 n\u0103m l\u1ecbch s\u1eed. T\u1ea1i Vi\u1ec7t Nam, nh\u00e0 m\u00e1y \u0111\u01b0\u1ee3c \u0111\u1eb7t t\u1ea1i Long An, s\u1eed d\u1ee5ng c\u00f4ng ngh\u1ec7 s\u1ea3n xu\u1ea5t t\u1eeb ch\u00e2u \u00c2u, \u0111\u1ea3m b\u1ea3o quy tr\u00ecnh l\u00ean men s\u1ea1ch, an to\u00e0n, ki\u1ec3m so\u00e1t nghi\u00eam ng\u1eb7t v\u1ec1 nhi\u1ec7t \u0111\u1ed9 v\u00e0 \u0111\u1ed9 \u1ea9m.<\/p>\n<p data-start=\"1451\" data-end=\"1722\"><img decoding=\"async\" class=\"aligncenter wp-image-40873\" src=\"https:\/\/havamall.com\/wp-content\/uploads\/2025\/07\/Bread-7-1024x658-1.jpg\" alt=\"\" width=\"801\" height=\"515\" \/><\/p>\n<h3 data-start=\"2336\" data-end=\"2390\">\u0110\u1eb7c \u0111i\u1ec3m s\u1ea3n ph\u1ea9m: m\u1ea1nh, \u1ed5n \u0111\u1ecbnh v\u00e0 th\u01a1m \u0111\u1eb7c tr\u01b0ng<\/h3>\n<p data-start=\"2392\" data-end=\"2475\">Men t\u01b0\u01a1i v\u00e0ng Five Stars thu\u1ed9c d\u00f2ng\u00a0<strong data-start=\"2428\" data-end=\"2440\">men s\u1ed1ng<\/strong>, kh\u00e1c bi\u1ec7t r\u00f5 r\u1ec7t v\u1edbi men kh\u00f4 b\u1edfi:<\/p>\n<ul data-start=\"2476\" data-end=\"2727\">\n<li data-start=\"2476\" data-end=\"2582\">\n<p data-start=\"2478\" data-end=\"2582\"><strong data-start=\"2478\" data-end=\"2512\">Kh\u1ea3 n\u0103ng k\u00edch ho\u1ea1t nhanh ch\u00f3ng<\/strong>, ch\u1ec9 c\u1ea7n tr\u1ed9n tr\u1ef1c ti\u1ebfp v\u1edbi b\u1ed9t \u0111\u00e3 c\u00f3 n\u01b0\u1edbc, kh\u00f4ng c\u1ea7n k\u00edch ho\u1ea1t tr\u01b0\u1edbc<\/p>\n<\/li>\n<li data-start=\"2583\" data-end=\"2638\">\n<p data-start=\"2585\" data-end=\"2638\"><strong data-start=\"2585\" data-end=\"2611\">T\u1ed1c \u0111\u1ed9 l\u00ean men \u1ed5n \u0111\u1ecbnh<\/strong>, gi\u00fap r\u00fat ng\u1eafn th\u1eddi gian \u1ee7<\/p>\n<\/li>\n<li data-start=\"2639\" data-end=\"2727\">\n<p data-start=\"2641\" data-end=\"2727\"><strong data-start=\"2641\" data-end=\"2674\">T\u1ea1o h\u01b0\u01a1ng v\u1ecb l\u00ean men t\u1ef1 nhi\u00ean<\/strong>, m\u00f9i th\u01a1m b\u00e1nh ch\u00edn \u0111\u1eadm v\u00e0 ru\u1ed9t b\u00e1nh m\u1ec1m, \u1ea9m l\u00e2u h\u01a1n<\/p>\n<\/li>\n<\/ul>\n<p data-start=\"2729\" data-end=\"3037\">S\u1ea3n ph\u1ea9m c\u00f3 m\u00e0u v\u00e0ng nh\u1ea1t t\u1ef1 nhi\u00ean, d\u1ea1ng kh\u1ed1i m\u1ec1m, d\u1ec5 b\u1ebb, d\u1ec5 c\u00e2n \u0111o v\u00e0 h\u00f2a tan. Khi d\u00f9ng \u0111\u00fang t\u1ef7 l\u1ec7 (th\u01b0\u1eddng 2% so v\u1edbi kh\u1ed1i l\u01b0\u1ee3ng b\u1ed9t), men ho\u1ea1t \u0111\u1ed9ng t\u1ed1t trong \u0111i\u1ec1u ki\u1ec7n nhi\u1ec7t \u0111\u1ed9 ph\u00f2ng t\u1eeb 26\u201330\u00b0C. Trong \u0111i\u1ec1u ki\u1ec7n l\u1ea1nh, men v\u1eabn duy tr\u00ec ho\u1ea1t t\u00ednh \u2013 r\u1ea5t l\u00fd t\u01b0\u1edfng cho c\u00e1c c\u00f4ng th\u1ee9c c\u1ea7n \u1ee7 l\u1ea1nh (cold fermentation).<\/p>\n<p data-start=\"2729\" data-end=\"3037\"><img decoding=\"async\" class=\"aligncenter wp-image-40874\" src=\"https:\/\/havamall.com\/wp-content\/uploads\/2025\/07\/il_fullxfull.6085944099_hb2z-scaled.avif\" alt=\"\" width=\"805\" height=\"1074\" \/><\/p>\n<h3 data-start=\"3044\" data-end=\"3077\">H\u01b0\u1edbng d\u1eabn s\u1eed d\u1ee5ng v\u00e0 \u1ee9ng d\u1ee5ng<\/h3>\n<ul data-start=\"3079\" data-end=\"3318\">\n<li data-start=\"3079\" data-end=\"3141\">\n<p data-start=\"3081\" data-end=\"3141\"><strong data-start=\"3081\" data-end=\"3102\">T\u1ef7 l\u1ec7 khuy\u1ebfn ngh\u1ecb<\/strong>: 10g men t\u01b0\u01a1i cho m\u1ed7i 500g b\u1ed9t m\u00ec (2%)<\/p>\n<\/li>\n<li data-start=\"3142\" data-end=\"3219\">\n<p data-start=\"3144\" data-end=\"3219\"><strong data-start=\"3144\" data-end=\"3157\">C\u00e1ch d\u00f9ng<\/strong>: Tr\u1ed9n tr\u1ef1c ti\u1ebfp v\u00e0o b\u1ed9t \u0111\u00e3 c\u00f3 n\u01b0\u1edbc, kh\u00f4ng c\u1ea7n k\u00edch ho\u1ea1t tr\u01b0\u1edbc<\/p>\n<\/li>\n<li data-start=\"3220\" data-end=\"3318\">\n<p data-start=\"3222\" data-end=\"3318\"><strong data-start=\"3222\" data-end=\"3231\">L\u01b0u \u00fd<\/strong>: Kh\u00f4ng tr\u1ed9n tr\u1ef1c ti\u1ebfp men v\u1edbi mu\u1ed1i ho\u1eb7c \u0111\u01b0\u1eddng n\u1ed3ng \u0111\u1ed9 cao, v\u00ec s\u1ebd l\u00e0m y\u1ebfu ho\u1ea1t t\u00ednh men<\/p>\n<\/li>\n<\/ul>\n<p><img loading=\"lazy\" decoding=\"async\" class=\"aligncenter wp-image-40875\" src=\"https:\/\/havamall.com\/wp-content\/uploads\/2025\/07\/AdobeStock_271645517.jpeg\" alt=\"\" width=\"800\" height=\"533\" \/><\/p>\n<p data-start=\"3320\" data-end=\"3365\"><em><strong>Men t\u01b0\u01a1i Five Stars r\u1ea5t ph\u00f9 h\u1ee3p cho c\u00e1c lo\u1ea1i:<\/strong><\/em><\/p>\n<ul data-start=\"3366\" data-end=\"3581\">\n<li data-start=\"3366\" data-end=\"3439\">\n<p data-start=\"3368\" data-end=\"3439\">B\u00e1nh m\u00ec truy\u1ec1n th\u1ed1ng Vi\u1ec7t Nam (b\u00e1nh m\u00ec que, b\u00e1nh m\u00ec \u0111\u1eb7c ru\u1ed9t, baguette)<\/p>\n<\/li>\n<li data-start=\"3440\" data-end=\"3471\">\n<p data-start=\"3442\" data-end=\"3471\">B\u00e1nh m\u00ec sandwich, b\u00e1nh m\u00ec s\u1eefa<\/p>\n<\/li>\n<li data-start=\"3472\" data-end=\"3515\">\n<p data-start=\"3474\" data-end=\"3515\">B\u00e1nh m\u00ec ng\u1ecdt \u00edt b\u00e9o, b\u00e1nh m\u00ec m\u1ec1m Nh\u1eadt B\u1ea3n<\/p>\n<\/li>\n<li data-start=\"3516\" data-end=\"3581\">\n<p data-start=\"3518\" data-end=\"3581\">C\u00e1c d\u00f2ng b\u00e1nh c\u1ea7n n\u1edf t\u1ef1 nhi\u00ean (panini, ciabatta, pizza \u0111\u1ebf m\u1ecfng)<\/p>\n<\/li>\n<\/ul>\n<p><img loading=\"lazy\" decoding=\"async\" class=\"aligncenter\" src=\"https:\/\/havamall.com\/wp-content\/uploads\/2025\/07\/Types-Of-Bread_Lead-2.jpg\" width=\"800\" height=\"1000\" \/><\/p>\n<p><strong data-start=\"3896\" data-end=\"4037\">Men T\u01b0\u01a1i Five Stars hi\u1ec7n \u0111\u00e3 c\u00f3 m\u1eb7t t\u1ea1i Havamall \u2013 n\u01a1i b\u1ea1n t\u00ecm th\u1ea5y nh\u1eefng nguy\u00ean li\u1ec7u ch\u1ea5t l\u01b0\u1ee3ng \u0111\u1ec3 t\u1ea1o ra \u1ed5 b\u00e1nh m\u00ec th\u01a1m ngon \u0111\u00fang chu\u1ea9n.<\/strong><\/p>\n<\/div>\n<\/div>","protected":false},"excerpt":{"rendered":"<p><b>KH\u00c1CH VUI L\u00d2NG \u0110\u1eccC K\u1ef8: <span style=\"font-size: 18pt\">\u0110\u00c2Y L\u00c0 S\u1ea2N PH\u1ea8M \u0110\u00d4NG L\u1ea0NH<\/span><\/b><\/p>\n<ul>\n<li>\u0110\u1ec3 \u0111\u1ea3m b\u1ea3o ch\u1ea5t l\u01b0\u1ee3ng, c\u00e1c s\u1ea3n ph\u1ea9m tr\u00e1i c\u00e2y \u0111\u00f4ng l\u1ea1nh v\u00e0 \u0111\u1ed3 \u0111\u00f4ng l\u1ea1nh\u00a0<span style=\"font-size: 14pt\"><b>ch\u1ec9 \u0111\u01b0\u1ee3c giao h\u1ecfa t\u1ed1c<\/b><\/span>\u00a0trong khu v\u1ef1c\u00a0<strong><span style=\"font-size: 14pt\">N\u1ed8I TH\u00c0NH TP.HCM<\/span>.<\/strong><\/li>\n<li><b>Ph\u00ed ship:<\/b>\n<ul>\n<li>D\u01b0\u1edbi 5km: 30.000\u20ab<\/li>\n<li>Tr\u00ean 5km: Ph\u00ed giao h\u00e0ng s\u1ebd t\u00ednh theo gi\u00e1 c\u1ee7a \u1ee9ng d\u1ee5ng d\u1ecbch v\u1ee5 v\u1eadn chuy\u1ec3n.<\/li>\n<\/ul>\n<\/li>\n<li><b>\u0110\u1ecba ch\u1ec9 c\u1eeda h\u00e0ng:<\/b> H\u1ebbm 112, s\u1ed1 114A B\u1ea1ch \u0110\u1eb1ng, Ph\u01b0\u1eddng 2, Qu\u1eadn T\u00e2n B\u00ecnh. Kh\u00e1ch c\u00f3 th\u1ec3 ki\u1ec3m tra kho\u1ea3ng c\u00e1ch tr\u01b0\u1edbc khi \u0111\u1eb7t h\u00e0ng.<\/li>\n<li><b>Mi\u1ec5n ph\u00ed giao h\u00e0ng:<\/b> \u00c1p d\u1ee5ng cho \u0111\u01a1n h\u00e0ng t\u1eeb 500.000\u0111 tr\u1edf l\u00ean ho\u1eb7c \u0111\u01a1n tr\u00e1i c\u00e2y \u0111\u00f4ng l\u1ea1nh t\u1eeb 4kg hay c\u00f3 gi\u00e1 tr\u1ecb t\u1eeb 1.500.000\u20ab.<\/li>\n<\/ul>","protected":false},"featured_media":39871,"comment_status":"open","ping_status":"closed","template":"","meta":[],"product_brand":[],"product_cat":[677,255,275],"product_tag":[],"class_list":{"0":"post-39870","1":"product","2":"type-product","3":"status-publish","4":"has-post-thumbnail","6":"product_cat-cac-nuoc-khac","7":"product_cat-nguyen-lieu-lam-banh","8":"product_cat-thuc-pham-dong-lanh","10":"first","11":"instock","12":"sale","13":"shipping-taxable","14":"purchasable","15":"product-type-variable"},"_links":{"self":[{"href":"https:\/\/havamall.vn\/en\/wp-json\/wp\/v2\/product\/39870"}],"collection":[{"href":"https:\/\/havamall.vn\/en\/wp-json\/wp\/v2\/product"}],"about":[{"href":"https:\/\/havamall.vn\/en\/wp-json\/wp\/v2\/types\/product"}],"replies":[{"embeddable":true,"href":"https:\/\/havamall.vn\/en\/wp-json\/wp\/v2\/comments?post=39870"}],"version-history":[{"count":0,"href":"https:\/\/havamall.vn\/en\/wp-json\/wp\/v2\/product\/39870\/revisions"}],"wp:featuredmedia":[{"embeddable":true,"href":"https:\/\/havamall.vn\/en\/wp-json\/wp\/v2\/media\/39871"}],"wp:attachment":[{"href":"https:\/\/havamall.vn\/en\/wp-json\/wp\/v2\/media?parent=39870"}],"wp:term":[{"taxonomy":"product_brand","embeddable":true,"href":"https:\/\/havamall.vn\/en\/wp-json\/wp\/v2\/product_brand?post=39870"},{"taxonomy":"product_cat","embeddable":true,"href":"https:\/\/havamall.vn\/en\/wp-json\/wp\/v2\/product_cat?post=39870"},{"taxonomy":"product_tag","embeddable":true,"href":"https:\/\/havamall.vn\/en\/wp-json\/wp\/v2\/product_tag?post=39870"}],"curies":[{"name":"wp","href":"https:\/\/api.w.org\/{rel}","templated":true}]}}