{"id":39842,"date":"2025-06-26T16:10:28","date_gmt":"2025-06-26T09:10:28","guid":{"rendered":"https:\/\/havamall.vn\/?post_type=product&#038;p=39842"},"modified":"2025-06-26T16:10:29","modified_gmt":"2025-06-26T09:10:29","slug":"kem-whipping-dang-xit-trang-tri-paysan-breton-250g-paysan-breton-la-creme-fouettee-whipped-cream","status":"publish","type":"product","link":"https:\/\/havamall.vn\/en\/shop\/kem-whipping-dang-xit-trang-tri-paysan-breton-250g-paysan-breton-la-creme-fouettee-whipped-cream\/","title":{"rendered":"Kem Whipping D\u1ea1ng X\u1ecbt Trang Tr\u00ed Paysan Breton 250g \u2013 Paysan Breton La Cr\u00e8me Fouett\u00e9e Whipped Cream"},"content":{"rendered":"<h3 data-start=\"236\" data-end=\"258\">TH\u00d4NG TIN S\u1ea2N PH\u1ea8M<\/h3>\n<div class=\"_tableContainer_16hzy_1\">\n<div class=\"_tableWrapper_16hzy_14 group flex w-fit flex-col-reverse\">\n<table class=\"w-fit min-w-(--thread-content-width)\" style=\"width: 60.8702%;height: 240px\" data-start=\"260\" data-end=\"997\">\n<thead data-start=\"260\" data-end=\"328\">\n<tr style=\"height: 24px\" data-start=\"260\" data-end=\"328\">\n<th style=\"height: 24px;width: 16.586%\" data-start=\"260\" data-end=\"284\" data-col-size=\"sm\"><strong data-start=\"262\" data-end=\"277\">Th\u01b0\u01a1ng hi\u1ec7u<\/strong><\/th>\n<th style=\"height: 24px;width: 82.4455%\" data-start=\"284\" data-end=\"328\" data-col-size=\"md\">Paysan Breton<\/th>\n<\/tr>\n<\/thead>\n<tbody data-start=\"399\" data-end=\"997\">\n<tr style=\"height: 24px\" data-start=\"399\" data-end=\"468\">\n<td style=\"height: 24px;width: 16.586%\" data-start=\"399\" data-end=\"423\" data-col-size=\"sm\"><strong data-start=\"401\" data-end=\"412\">Xu\u1ea5t x\u1ee9<\/strong><\/td>\n<td style=\"height: 24px;width: 82.4455%\" data-start=\"423\" data-end=\"468\" data-col-size=\"md\">Ph\u00e1p<\/td>\n<\/tr>\n<tr style=\"height: 48px\" data-start=\"469\" data-end=\"588\">\n<td style=\"height: 48px;width: 16.586%\" data-start=\"469\" data-end=\"493\" data-col-size=\"sm\"><strong data-start=\"471\" data-end=\"485\">Th\u00e0nh ph\u1ea7n<\/strong><\/td>\n<td style=\"height: 48px;width: 82.4455%\" data-start=\"493\" data-end=\"588\" data-col-size=\"md\">Kem s\u1eefa (h\u00e0m l\u01b0\u1ee3ng ch\u1ea5t b\u00e9o s\u1eefa 28%), \u0111\u01b0\u1eddng, kh\u00ed \u0111\u1ea9y N\u2082O (kh\u00ed nit\u01a1 oxide an to\u00e0n th\u1ef1c ph\u1ea9m)<\/td>\n<\/tr>\n<tr style=\"height: 24px\" data-start=\"589\" data-end=\"658\">\n<td style=\"height: 24px;width: 16.586%\" data-start=\"589\" data-end=\"613\" data-col-size=\"sm\"><strong data-start=\"591\" data-end=\"606\">H\u1ea1n s\u1eed d\u1ee5ng<\/strong><\/td>\n<td style=\"height: 24px;width: 82.4455%\" data-start=\"613\" data-end=\"658\" data-col-size=\"md\">10 th\u00e1ng k\u1ec3 t\u1eeb ng\u00e0y s\u1ea3n xu\u1ea5t<\/td>\n<\/tr>\n<tr style=\"height: 24px\" data-start=\"659\" data-end=\"769\">\n<td style=\"height: 24px;width: 16.586%\" data-start=\"659\" data-end=\"683\" data-col-size=\"sm\"><strong data-start=\"661\" data-end=\"678\">C\u00e1ch b\u1ea3o qu\u1ea3n<\/strong><\/td>\n<td style=\"height: 24px;width: 82.4455%\" data-start=\"683\" data-end=\"769\" data-col-size=\"md\">B\u1ea3o qu\u1ea3n l\u1ea1nh t\u1eeb 4\u20138\u00b0C. Sau khi d\u00f9ng, lau s\u1ea1ch v\u00f2i x\u1ecbt v\u00e0 gi\u1eef l\u1ea1nh \u0111\u1ec3 s\u1eed d\u1ee5ng ti\u1ebfp<\/td>\n<\/tr>\n<tr style=\"height: 48px\" data-start=\"770\" data-end=\"839\">\n<td style=\"height: 48px;width: 16.586%\" data-start=\"770\" data-end=\"794\" data-col-size=\"sm\"><strong data-start=\"772\" data-end=\"791\">Kh\u1ed1i l\u01b0\u1ee3ng t\u1ecbnh<\/strong><\/td>\n<td style=\"height: 48px;width: 82.4455%\" data-start=\"794\" data-end=\"839\" data-col-size=\"md\">250g<\/td>\n<\/tr>\n<tr style=\"height: 24px\" data-start=\"840\" data-end=\"909\">\n<td style=\"height: 24px;width: 16.586%\" data-start=\"840\" data-end=\"864\" data-col-size=\"sm\"><strong data-start=\"842\" data-end=\"854\">\u0110\u00f3ng g\u00f3i<\/strong><\/td>\n<td style=\"height: 24px;width: 82.4455%\" data-start=\"864\" data-end=\"909\" data-col-size=\"md\">B\u00ecnh x\u1ecbt ti\u1ec7n l\u1ee3i, c\u00f3 n\u1eafp b\u1ea3o v\u1ec7 v\u00f2i phun<\/td>\n<\/tr>\n<tr style=\"height: 24px\" data-start=\"910\" data-end=\"997\">\n<td style=\"height: 24px;width: 16.586%\" data-start=\"910\" data-end=\"934\" data-col-size=\"sm\"><strong data-start=\"912\" data-end=\"926\">Khuy\u1ebfn c\u00e1o<\/strong><\/td>\n<td style=\"height: 24px;width: 82.4455%\" data-start=\"934\" data-end=\"997\" data-col-size=\"md\">Kh\u00f4ng d\u00f9ng cho ng\u01b0\u1eddi d\u1ecb \u1ee9ng s\u1eefa ho\u1eb7c kh\u00f4ng dung n\u1ea1p lactose<\/td>\n<\/tr>\n<\/tbody>\n<\/table>\n<p data-start=\"1810\" data-end=\"2204\"><strong data-start=\"1810\" data-end=\"1827\">Paysan Breton<\/strong>\u00a0l\u00e0 th\u01b0\u01a1ng hi\u1ec7u n\u1ed5i ti\u1ebfng t\u1ea1i Ph\u00e1p, thu\u1ed9c t\u1eadp \u0111o\u00e0n La\u00efta \u2013 m\u1ed9t trong nh\u1eefng nh\u00e0 s\u1ea3n xu\u1ea5t s\u1eefa l\u1edbn nh\u1ea5t t\u1ea1i v\u00f9ng Bretagne (Brittany), n\u01a1i n\u1ed5i ti\u1ebfng v\u1edbi \u0111\u1ed3ng c\u1ecf xanh v\u00e0 nh\u1eefng \u0111\u00e0n b\u00f2 ch\u0103n th\u1ea3 t\u1ef1 nhi\u00ean. V\u1edbi ph\u01b0\u01a1ng ch\u00e2m t\u00f4n tr\u1ecdng truy\u1ec1n th\u1ed1ng n\u00f4ng nghi\u1ec7p \u0111\u1ecba ph\u01b0\u01a1ng, Paysan Breton cam k\u1ebft mang \u0111\u1ebfn nh\u1eefng s\u1ea3n ph\u1ea9m\u00a0<strong data-start=\"2133\" data-end=\"2163\">t\u1eeb s\u1eefa b\u00f2 Ph\u00e1p nguy\u00ean ch\u1ea5t<\/strong>, kh\u00f4ng pha tr\u1ed9n, kh\u00f4ng ph\u1ee5 gia nh\u00e2n t\u1ea1o.<\/p>\n<p data-start=\"2206\" data-end=\"2437\">Th\u01b0\u01a1ng hi\u1ec7u n\u00e0y \u0111\u00e3 c\u00f3 m\u1eb7t t\u1ea1i h\u01a1n 70 qu\u1ed1c gia v\u00e0 l\u00e0 \u0111\u1ea1i di\u1ec7n ti\u00eau bi\u1ec3u cho d\u00f2ng s\u1ea3n ph\u1ea9m s\u1eefa ch\u1ea5t l\u01b0\u1ee3ng cao ch\u00e2u \u00c2u. Ri\u00eang d\u00f2ng\u00a0<strong data-start=\"2334\" data-end=\"2354\">kem whipping x\u1ecbt<\/strong>\u00a0l\u00e0 m\u1ed9t trong nh\u1eefng s\u1ea3n ph\u1ea9m b\u00e1n ch\u1ea1y nh\u1edd ti\u1ec7n l\u1ee3i, an to\u00e0n v\u00e0 th\u01a1m ngon v\u01b0\u1ee3t tr\u1ed9i.<\/p>\n<p data-start=\"2206\" data-end=\"2437\"><img fetchpriority=\"high\" decoding=\"async\" class=\"aligncenter\" src=\"https:\/\/havamall.com\/wp-content\/uploads\/2025\/06\/Paysan20Breton-2.jpg\" alt=\"Paysan Breton | Moriitalia\" width=\"850\" height=\"478\" \/><\/p>\n<p data-start=\"2206\" data-end=\"2437\">N\u1ebfu b\u1ea1n y\u00eau th\u00edch l\u1edbp kem tr\u1eafng m\u1ec1m m\u1ecbn ph\u1ee7 tr\u00ean b\u00e1nh waffle, mousse, c\u00e0 ph\u00ea \u0111\u00e1 hay \u0111\u01a1n gi\u1ea3n l\u00e0 topping cho tr\u00e1i c\u00e2y t\u01b0\u01a1i, th\u00ec m\u1ed9t s\u1ea3n ph\u1ea9m\u00a0<strong data-start=\"1199\" data-end=\"1264\">kem x\u1ecbt s\u1eefa t\u01b0\u01a1i ti\u1ec7n l\u1ee3i nh\u01b0 Paysan Breton La Cr\u00e8me Fouett\u00e9e<\/strong>\u00a0ch\u00ednh l\u00e0 \u201cv\u0169 kh\u00ed b\u00ed m\u1eadt\u201d trong gian b\u1ebfp. Kh\u00f4ng c\u1ea7n \u0111\u00e1nh tay hay d\u00f9ng m\u00e1y \u0111\u00e1nh kem, kh\u00f4ng c\u1ea7n \u0111o l\u01b0\u1eddng hay canh nhi\u1ec7t \u0111\u1ed9 \u2013 ch\u1ec9 c\u1ea7n l\u1eafc nh\u1eb9 v\u00e0 x\u1ecbt l\u00e0 b\u1ea1n \u0111\u00e3 c\u00f3 l\u1edbp kem b\u00f4ng m\u1ecbn ho\u00e0n h\u1ea3o \u0111\u1ec3 trang tr\u00ed m\u00f3n \u0103n.<\/p>\n<p data-start=\"2206\" data-end=\"2437\"><img decoding=\"async\" class=\"aligncenter  wp-image-40862\" src=\"https:\/\/havamall.com\/wp-content\/uploads\/2025\/06\/kem-xit-whipped-dairy-cream-president.png\" alt=\"\" width=\"851\" height=\"532\" \/><\/p>\n<h3 data-start=\"2444\" data-end=\"2500\">\u0110\u1eb7c \u0111i\u1ec3m n\u1ed5i b\u1eadt \u2013 m\u1ecbn m\u01b0\u1ee3t, b\u00e9o nh\u1eb9, x\u1ecbt l\u00e0 ra h\u00ecnh<\/h3>\n<p data-start=\"2502\" data-end=\"2790\">S\u1ea3n ph\u1ea9m\u00a0<strong data-start=\"2511\" data-end=\"2536\">Kem X\u1ecbt Paysan Breton<\/strong>\u00a0c\u00f3 k\u1ebft c\u1ea5u kem m\u1ec1m, b\u00f4ng m\u1ecbn v\u00e0 \u0111\u1eb7c bi\u1ec7t\u00a0<strong data-start=\"2578\" data-end=\"2606\">gi\u1eef phom t\u1ed1t sau khi x\u1ecbt<\/strong>, kh\u00f4ng b\u1ecb ch\u1ea3y nhanh hay v\u00f3n c\u1ee5c. Nh\u1edd h\u00e0m l\u01b0\u1ee3ng ch\u1ea5t b\u00e9o t\u1eeb s\u1eefa t\u1ef1 nhi\u00ean \u0111\u1ea1t 28%, kem mang v\u1ecb b\u00e9o d\u1ecbu \u2013 kh\u00f4ng qu\u00e1 ng\u1eady, kh\u00f4ng c\u00f3 v\u1ecb nh\u00e2n t\u1ea1o nh\u01b0 nhi\u1ec1u s\u1ea3n ph\u1ea9m kem x\u1ecbt ph\u1ed5 th\u00f4ng kh\u00e1c.<\/p>\n<p data-start=\"2792\" data-end=\"3128\">B\u00ecnh x\u1ecbt \u0111\u01b0\u1ee3c thi\u1ebft k\u1ebf v\u1edbi\u00a0<strong data-start=\"2819\" data-end=\"2857\">c\u01a1 ch\u1ebf n\u00e9n kh\u00ed nitrous oxide (N\u2082O)<\/strong>\u00a0an to\u00e0n, gi\u00fap kem tho\u00e1t ra \u0111\u1ec1u, kh\u00f4ng b\u1ecb t\u1eafc, c\u00f3 th\u1ec3 x\u1ecbt t\u1ea1o h\u00ecnh trang tr\u00ed \u0111\u1eb9p m\u1eaft cho b\u00e1nh ng\u1ecdt, th\u1ee9c u\u1ed1ng hay m\u00f3n tr\u00e1ng mi\u1ec7ng. K\u00edch th\u01b0\u1edbc 250g v\u1eeba \u0111\u1ee7 \u0111\u1ec3 d\u00f9ng cho nhi\u1ec1u c\u00f4ng th\u1ee9c, \u0111\u1ed3ng th\u1eddi nh\u1ecf g\u1ecdn, d\u1ec5 b\u1ea3o qu\u1ea3n v\u00e0 ti\u1ec7n d\u1ee5ng cho c\u1ea3 tr\u1ebb em ho\u1eb7c ng\u01b0\u1eddi kh\u00f4ng quen l\u00e0m b\u1ebfp.<\/p>\n<p data-start=\"2792\" data-end=\"3128\"><img decoding=\"async\" class=\"aligncenter  wp-image-40863\" src=\"https:\/\/havamall.com\/wp-content\/uploads\/2025\/06\/ChineseSponge_RECIPE_080420_37923.webp\" alt=\"\" width=\"850\" height=\"850\" \/><\/p>\n<h3 data-start=\"3135\" data-end=\"3197\">C\u00e1ch d\u00f9ng \u2013 \u0111\u01a1n gi\u1ea3n, ti\u1ebft ki\u1ec7m th\u1eddi gian, s\u00e1ng t\u1ea1o t\u1ed1i \u0111a<\/h3>\n<p data-start=\"3199\" data-end=\"3427\">Tr\u01b0\u1edbc khi d\u00f9ng, ch\u1ec9 c\u1ea7n\u00a0<strong data-start=\"3223\" data-end=\"3260\">l\u1eafc \u0111\u1ec1u b\u00ecnh kem trong 10\u201315 gi\u00e2y<\/strong>, sau \u0111\u00f3 l\u1eadt \u0111\u1ea7u b\u00ecnh xu\u1ed1ng v\u00e0 nh\u1ea5n nh\u1eb9 v\u00e0o v\u00f2i \u0111\u1ec3 kem \u0111\u01b0\u1ee3c x\u1ecbt ra. Sau m\u1ed7i l\u1ea7n s\u1eed d\u1ee5ng, n\u00ean lau s\u1ea1ch ph\u1ea7n v\u00f2i v\u00e0 \u0111\u1eady n\u1eafp k\u1ef9, b\u1ea3o qu\u1ea3n l\u1ea1nh \u0111\u1ec3 gi\u1eef ch\u1ea5t l\u01b0\u1ee3ng t\u1ed1t nh\u1ea5t.<\/p>\n<p data-start=\"3429\" data-end=\"3729\">Kem c\u00f3 th\u1ec3 d\u00f9ng tr\u1ef1c ti\u1ebfp l\u00ean b\u00e1nh plan, panna cotta, cupcake, waffles, tr\u00e1i c\u00e2y t\u01b0\u01a1i, c\u00e0 ph\u00ea \u0111\u00e1 xay, tr\u00e0 s\u1eefa, soda kem\u2026 ho\u1eb7c b\u1ea5t k\u1ef3 m\u00f3n tr\u00e1ng mi\u1ec7ng n\u00e0o c\u1ea7n m\u1ed9t l\u1edbp kem m\u1ec1m m\u1ecbn v\u00e0 \u0111\u1eb9p m\u1eaft. S\u1ea3n ph\u1ea9m kh\u00f4ng c\u1ea7n th\u00eam ph\u1ee5 gia ho\u1eb7c m\u00e1y m\u00f3c \u2013 l\u00fd t\u01b0\u1edfng cho nh\u1eefng bu\u1ed5i ti\u1ec7c, picnic ho\u1eb7c pha ch\u1ebf nhanh t\u1ea1i nh\u00e0.<\/p>\n<div id=\"attachment_40864\" style=\"width: 861px\" class=\"wp-caption aligncenter\"><img loading=\"lazy\" decoding=\"async\" aria-describedby=\"caption-attachment-40864\" class=\"wp-image-40864\" src=\"https:\/\/havamall.com\/wp-content\/uploads\/2025\/06\/kem-sua-tuoi-whipping-cream-president-1-lit.jpg\" alt=\"\" width=\"851\" height=\"632\" \/><p id=\"caption-attachment-40864\" class=\"wp-caption-text\">Screenshot<\/p><\/div>\n<p data-start=\"3750\" data-end=\"4044\"><strong data-start=\"3750\" data-end=\"3790\">Kem X\u1ecbt Trang Tr\u00ed Paysan Breton 250g<\/strong>\u00a0l\u00e0 l\u1ef1a ch\u1ecdn l\u00fd t\u01b0\u1edfng cho nh\u1eefng ai t\u00ecm ki\u1ebfm s\u1ef1 ti\u1ec7n l\u1ee3i nh\u01b0ng v\u1eabn mu\u1ed1n gi\u1eef \u0111\u01b0\u1ee3c\u00a0<strong data-start=\"3870\" data-end=\"3920\">h\u01b0\u01a1ng v\u1ecb kem t\u01b0\u01a1i t\u1ef1 nhi\u00ean, ch\u1ea5t l\u01b0\u1ee3ng ch\u00e2u \u00c2u<\/strong>. T\u1eeb b\u00e1nh ng\u1ecdt \u0111\u1ebfn \u0111\u1ed3 u\u1ed1ng, t\u1eeb b\u00e0n ti\u1ec7c \u0111\u1ebfn b\u1eefa \u0103n h\u1eb1ng ng\u00e0y \u2013 s\u1ea3n ph\u1ea9m s\u1ebd gi\u00fap b\u1ea1n s\u00e1ng t\u1ea1o m\u00f3n ngon ch\u1ec9 trong m\u1ed9t l\u1ea7n x\u1ecbt. <strong data-start=\"4046\" data-end=\"4170\">S\u1ea3n ph\u1ea9m hi\u1ec7n \u0111\u00e3 c\u00f3 m\u1eb7t t\u1ea1i Havamall \u2013 n\u01a1i h\u1ed9i t\u1ee5 nh\u1eefng nguy\u00ean li\u1ec7u l\u00e0m b\u00e1nh v\u00e0 pha ch\u1ebf ch\u1ea5t l\u01b0\u1ee3ng nh\u1eadp kh\u1ea9u t\u1eeb ch\u00e2u \u00c2u.<\/strong><\/p>\n<\/div>\n<\/div>","protected":false},"excerpt":{"rendered":"<p>TH\u00d4NG TIN S\u1ea2N PH\u1ea8M Th\u01b0\u01a1ng hi\u1ec7u Paysan Breton Xu\u1ea5t x\u1ee9 Ph\u00e1p Th\u00e0nh ph\u1ea7n Kem s\u1eefa (h\u00e0m l\u01b0\u1ee3ng ch\u1ea5t b\u00e9o s\u1eefa<\/p>","protected":false},"featured_media":39843,"comment_status":"open","ping_status":"closed","template":"","meta":[],"product_brand":[],"product_cat":[255,671,275,131],"product_tag":[],"class_list":{"0":"post-39842","1":"product","2":"type-product","3":"status-publish","4":"has-post-thumbnail","6":"product_cat-nguyen-lieu-lam-banh","7":"product_cat-nhap-khau-phap","8":"product_cat-thuc-pham-dong-lanh","9":"product_cat-nguyen-lieu-lam-bep","11":"first","12":"instock","13":"sale","14":"shipping-taxable","15":"purchasable","16":"product-type-simple"},"_links":{"self":[{"href":"https:\/\/havamall.vn\/en\/wp-json\/wp\/v2\/product\/39842"}],"collection":[{"href":"https:\/\/havamall.vn\/en\/wp-json\/wp\/v2\/product"}],"about":[{"href":"https:\/\/havamall.vn\/en\/wp-json\/wp\/v2\/types\/product"}],"replies":[{"embeddable":true,"href":"https:\/\/havamall.vn\/en\/wp-json\/wp\/v2\/comments?post=39842"}],"version-history":[{"count":0,"href":"https:\/\/havamall.vn\/en\/wp-json\/wp\/v2\/product\/39842\/revisions"}],"wp:featuredmedia":[{"embeddable":true,"href":"https:\/\/havamall.vn\/en\/wp-json\/wp\/v2\/media\/39843"}],"wp:attachment":[{"href":"https:\/\/havamall.vn\/en\/wp-json\/wp\/v2\/media?parent=39842"}],"wp:term":[{"taxonomy":"product_brand","embeddable":true,"href":"https:\/\/havamall.vn\/en\/wp-json\/wp\/v2\/product_brand?post=39842"},{"taxonomy":"product_cat","embeddable":true,"href":"https:\/\/havamall.vn\/en\/wp-json\/wp\/v2\/product_cat?post=39842"},{"taxonomy":"product_tag","embeddable":true,"href":"https:\/\/havamall.vn\/en\/wp-json\/wp\/v2\/product_tag?post=39842"}],"curies":[{"name":"wp","href":"https:\/\/api.w.org\/{rel}","templated":true}]}}