{"id":39834,"date":"2025-06-26T11:04:44","date_gmt":"2025-06-26T04:04:44","guid":{"rendered":"https:\/\/havamall.vn\/?post_type=product&#038;p=39834"},"modified":"2025-06-26T11:04:44","modified_gmt":"2025-06-26T04:04:44","slug":"sua-dua-barista-cho-ca-phe-milklab-1l-milklab-coconut-milk-for-coffee","status":"publish","type":"product","link":"https:\/\/havamall.vn\/en\/shop\/sua-dua-barista-cho-ca-phe-milklab-1l-milklab-coconut-milk-for-coffee\/","title":{"rendered":"S\u1eefa D\u1eeba Barista Cho C\u00e0 Ph\u00ea MILKLAB 1L \u2013 MILKLAB Coconut Milk for Coffee"},"content":{"rendered":"<h3 data-start=\"347\" data-end=\"369\">TH\u00d4NG TIN S\u1ea2N PH\u1ea8M<\/h3>\n<div class=\"_tableContainer_16hzy_1\">\n<div class=\"_tableWrapper_16hzy_14 group flex w-fit flex-col-reverse\">\n<table class=\"w-fit min-w-(--thread-content-width)\" data-start=\"371\" data-end=\"1115\">\n<thead data-start=\"371\" data-end=\"439\">\n<tr data-start=\"371\" data-end=\"439\">\n<th data-start=\"371\" data-end=\"395\" data-col-size=\"sm\"><strong data-start=\"373\" data-end=\"388\">Th\u01b0\u01a1ng hi\u1ec7u<\/strong><\/th>\n<th data-start=\"395\" data-end=\"439\" data-col-size=\"lg\">MILKLAB<\/th>\n<\/tr>\n<\/thead>\n<tbody data-start=\"510\" data-end=\"1115\">\n<tr data-start=\"510\" data-end=\"579\">\n<td data-start=\"510\" data-end=\"534\" data-col-size=\"sm\"><strong data-start=\"512\" data-end=\"523\">Xu\u1ea5t x\u1ee9<\/strong><\/td>\n<td data-col-size=\"lg\" data-start=\"534\" data-end=\"579\">\u00dac (Australia)<\/td>\n<\/tr>\n<tr data-start=\"580\" data-end=\"718\">\n<td data-start=\"580\" data-end=\"604\" data-col-size=\"sm\"><strong data-start=\"582\" data-end=\"596\">Th\u00e0nh ph\u1ea7n<\/strong><\/td>\n<td data-col-size=\"lg\" data-start=\"604\" data-end=\"718\">N\u01b0\u1edbc, d\u1eeba (8,5%), protein \u0111\u1eadu, kho\u00e1ng ch\u1ea5t (calcium phosphate), ch\u1ea5t \u1ed5n \u0111\u1ecbnh, h\u01b0\u01a1ng t\u1ef1 nhi\u00ean, mu\u1ed1i, vitamin D2<\/td>\n<\/tr>\n<tr data-start=\"719\" data-end=\"788\">\n<td data-start=\"719\" data-end=\"743\" data-col-size=\"sm\"><strong data-start=\"721\" data-end=\"736\">H\u1ea1n s\u1eed d\u1ee5ng<\/strong><\/td>\n<td data-col-size=\"lg\" data-start=\"743\" data-end=\"788\">12 th\u00e1ng k\u1ec3 t\u1eeb ng\u00e0y s\u1ea3n xu\u1ea5t<\/td>\n<\/tr>\n<tr data-start=\"789\" data-end=\"894\">\n<td data-start=\"789\" data-end=\"813\" data-col-size=\"sm\"><strong data-start=\"791\" data-end=\"808\">C\u00e1ch b\u1ea3o qu\u1ea3n<\/strong><\/td>\n<td data-col-size=\"lg\" data-start=\"813\" data-end=\"894\">B\u1ea3o qu\u1ea3n n\u01a1i kh\u00f4 m\u00e1t. Sau khi m\u1edf, gi\u1eef l\u1ea1nh d\u01b0\u1edbi 4\u00b0C v\u00e0 d\u00f9ng trong v\u00f2ng 5 ng\u00e0y<\/td>\n<\/tr>\n<tr data-start=\"895\" data-end=\"964\">\n<td data-start=\"895\" data-end=\"919\" data-col-size=\"sm\"><strong data-start=\"897\" data-end=\"916\">Kh\u1ed1i l\u01b0\u1ee3ng t\u1ecbnh<\/strong><\/td>\n<td data-col-size=\"lg\" data-start=\"919\" data-end=\"964\">1 l\u00edt<\/td>\n<\/tr>\n<tr data-start=\"965\" data-end=\"1034\">\n<td data-start=\"965\" data-end=\"989\" data-col-size=\"sm\"><strong data-start=\"967\" data-end=\"979\">\u0110\u00f3ng g\u00f3i<\/strong><\/td>\n<td data-col-size=\"lg\" data-start=\"989\" data-end=\"1034\">H\u1ed9p gi\u1ea5y ti\u1ec7t tr\u00f9ng c\u00f3 n\u1eafp v\u1eb7n ti\u1ec7n d\u1ee5ng<\/td>\n<\/tr>\n<tr data-start=\"1035\" data-end=\"1115\">\n<td data-start=\"1035\" data-end=\"1059\" data-col-size=\"sm\"><strong data-start=\"1037\" data-end=\"1051\">Khuy\u1ebfn c\u00e1o<\/strong><\/td>\n<td data-col-size=\"lg\" data-start=\"1059\" data-end=\"1115\">Kh\u00f4ng ph\u00f9 h\u1ee3p cho ng\u01b0\u1eddi d\u1ecb \u1ee9ng v\u1edbi \u0111\u1eadu n\u00e0nh ho\u1eb7c d\u1eeba<\/td>\n<\/tr>\n<\/tbody>\n<\/table>\n<p data-start=\"1219\" data-end=\"1606\">M\u1ed9t ly c\u00e0 ph\u00ea ngon kh\u00f4ng ch\u1ec9 \u0111\u1ebfn t\u1eeb h\u1ea1t c\u00e0 ph\u00ea ch\u1ea5t l\u01b0\u1ee3ng hay m\u00e1y pha ti\u00eau chu\u1ea9n. Y\u1ebfu t\u1ed1 then ch\u1ed1t \u0111\u1ec3 n\u00e2ng t\u1ea7m t\u00e1ch c\u00e0 ph\u00ea ch\u00ednh l\u00e0\u00a0<strong data-start=\"1351\" data-end=\"1371\">lo\u1ea1i s\u1eefa k\u1ebft h\u1ee3p<\/strong>. Trong l\u00e0n s\u00f3ng \u0111\u1ed3 u\u1ed1ng th\u1ef1c v\u1eadt ng\u00e0y c\u00e0ng ph\u00e1t tri\u1ec3n,\u00a0<strong data-start=\"1427\" data-end=\"1446\">s\u1eefa d\u1eeba MILKLAB<\/strong> \u0111\u00e3 n\u1ed5i l\u00ean nh\u01b0 m\u1ed9t l\u1ef1a ch\u1ecdn h\u00e0ng \u0111\u1ea7u cho c\u00e1c qu\u00e1n c\u00e0 ph\u00ea chuy\u00ean nghi\u1ec7p, nh\u1edd kh\u1ea3 n\u0103ng t\u1ea1o b\u1ecdt \u0111\u1eb9p, gi\u1eef k\u1ebft c\u1ea5u \u1ed5n \u0111\u1ecbnh v\u00e0 h\u00e0i h\u00f2a v\u1edbi v\u1ecb c\u00e0 ph\u00ea m\u00e0 kh\u00f4ng l\u1ea5n \u00e1t. V\u1edbi c\u00f4ng th\u1ee9c \u0111\u01b0\u1ee3c ph\u00e1t tri\u1ec3n \u0111\u1eb7c bi\u1ec7t \u0111\u1ec3 k\u1ebft h\u1ee3p v\u1edbi espresso, MILKLAB Coconut kh\u00f4ng ch\u1ec9 l\u00e0 l\u1ef1a ch\u1ecdn thay th\u1ebf cho s\u1eefa b\u00f2 m\u00e0 c\u00f2n l\u00e0 \u201c\u0111\u1ed3ng \u0111\u1ed9i \u0103n \u00fd\u201d trong ngh\u1ec7 thu\u1eadt latte art v\u00e0 pha ch\u1ebf s\u00e1ng t\u1ea1o.<\/p>\n<p data-start=\"1219\" data-end=\"1606\"><img fetchpriority=\"high\" decoding=\"async\" class=\"aligncenter  wp-image-40843\" src=\"https:\/\/havamall.com\/wp-content\/uploads\/2025\/06\/61COA7Gb_wL._AC_SL1500.webp\" alt=\"\" width=\"850\" height=\"850\" \/><\/p>\n<p data-start=\"1862\" data-end=\"2264\"><strong>MILKLAB<\/strong> l\u00e0 th\u01b0\u01a1ng hi\u1ec7u \u0111\u1ebfn t\u1eeb \u00dac, ra \u0111\u1eddi v\u1edbi s\u1ee9 m\u1ec7nh cung c\u1ea5p\u00a0<strong data-start=\"1924\" data-end=\"1972\">c\u00e1c d\u00f2ng s\u1eefa th\u1ef1c v\u1eadt chuy\u00ean bi\u1ec7t cho c\u00e0 ph\u00ea<\/strong>, t\u1eeb h\u1ea1nh nh\u00e2n, d\u1eeba, y\u1ebfn m\u1ea1ch \u0111\u1ebfn \u0111\u1eadu n\u00e0nh. \u0110i\u1ec3m \u0111\u1eb7c bi\u1ec7t \u1edf MILKLAB ch\u00ednh l\u00e0 s\u1ef1 h\u1ee3p t\u00e1c ch\u1eb7t ch\u1ebd v\u1edbi c\u00e1c barista chuy\u00ean nghi\u1ec7p, t\u1eeb \u0111\u00f3 tinh ch\u1ec9nh t\u1eebng c\u00f4ng th\u1ee9c \u0111\u1ec3 \u0111\u1ea1t \u0111\u01b0\u1ee3c\u00a0<strong data-start=\"2144\" data-end=\"2208\">\u0111\u1ed9 b\u00e9o, \u0111\u1ed9 \u1ed5n \u0111\u1ecbnh khi \u0111\u00e1nh n\u00f3ng, kh\u1ea3 n\u0103ng k\u00e9o s\u1eefa (stretch)<\/strong> v\u00e0 b\u1ecdt s\u1eefa m\u1ecbn l\u00fd t\u01b0\u1edfng \u0111\u1ec3 t\u1ea1o h\u00ecnh tr\u00ean b\u1ec1 m\u1eb7t c\u00e0 ph\u00ea. T\u1eeb khi ra m\u1eaft, MILKLAB nhanh ch\u00f3ng tr\u1edf th\u00e0nh l\u1ef1a ch\u1ecdn h\u00e0ng \u0111\u1ea7u t\u1ea1i c\u00e1c qu\u00e1n c\u00e0 ph\u00ea cao c\u1ea5p \u1edf \u00dac, New Zealand v\u00e0 d\u1ea7n lan r\u1ed9ng ra to\u00e0n th\u1ebf gi\u1edbi.<\/p>\n<p data-start=\"1862\" data-end=\"2264\"><img decoding=\"async\" class=\"aligncenter  wp-image-40844\" src=\"https:\/\/havamall.com\/wp-content\/uploads\/2025\/06\/63dc84411f66ed5052eb4a76_MILKLAB-Coconut-FW.webp\" alt=\"\" width=\"850\" height=\"478\" \/><\/p>\n<p data-start=\"2468\" data-end=\"2743\"><strong>S\u1eefa D\u1eeba MILKLAB<\/strong> \u0111\u01b0\u1ee3c l\u00e0m t\u1eeb\u00a0<strong data-start=\"2496\" data-end=\"2517\">8,5% c\u01a1m d\u1eeba t\u01b0\u01a1i<\/strong>, k\u1ebft h\u1ee3p v\u1edbi protein th\u1ef1c v\u1eadt (\u0111\u1eadu) gi\u00fap t\u0103ng k\u1ebft c\u1ea5u v\u00e0 kh\u1ea3 n\u0103ng t\u1ea1o b\u1ecdt. Nh\u1edd s\u1eed d\u1ee5ng\u00a0<strong data-start=\"2605\" data-end=\"2619\">b\u1ed9t gellan<\/strong>\u00a0\u2013 m\u1ed9t ch\u1ea5t \u1ed5n \u0111\u1ecbnh t\u1ef1 nhi\u00ean, s\u1eefa c\u00f3 \u0111\u1ed9 m\u01b0\u1ee3t, kh\u00f4ng b\u1ecb t\u00e1ch l\u1edbp khi \u0111\u00e1nh n\u00f3ng, gi\u1eef b\u1ecdt \u1ed5n \u0111\u1ecbnh trong su\u1ed1t qu\u00e1 tr\u00ecnh pha ch\u1ebf.<\/p>\n<\/div>\n<p data-start=\"2468\" data-end=\"2743\"><img decoding=\"async\" class=\"aligncenter  wp-image-40845\" src=\"https:\/\/havamall.com\/wp-content\/uploads\/2025\/06\/63ed45c60ae41dd3bce51213_A49I9765-p-1600.webp\" alt=\"\" width=\"850\" height=\"566\" \/><\/p>\n<div class=\"_tableWrapper_16hzy_14 group flex w-fit flex-col-reverse\">\n<p data-start=\"2745\" data-end=\"3102\">M\u00e0u s\u1eefa ng\u00e0 nh\u1eb9, m\u00f9i d\u1eeba d\u1ecbu, kh\u00f4ng ng\u1ecdt g\u1eaft nh\u01b0 m\u1ed9t s\u1ed1 d\u00f2ng s\u1eefa d\u1eeba \u0111\u00f3ng h\u1ed9p kh\u00e1c. Khi k\u1ebft h\u1ee3p c\u00f9ng espresso, s\u1eefa t\u1ea1o n\u00ean m\u1ed9t h\u1eadu v\u1ecb\u00a0<strong data-start=\"2879\" data-end=\"2908\">b\u00e9o nh\u1eb9, m\u1ecbn, thanh tho\u00e1t<\/strong>\u00a0v\u00e0 kh\u00f4ng \u00e1t \u0111i \u0111\u1ed9 \u0111\u1eadm c\u1ee7a c\u00e0 ph\u00ea nguy\u00ean ch\u1ea5t. S\u1ea3n ph\u1ea9m \u0111\u1eb7c bi\u1ec7t ph\u00f9 h\u1ee3p v\u1edbi c\u00e1c lo\u1ea1i n\u01b0\u1edbc x\u1ed1t latte, cold brew s\u1eefa, c\u00e0 ph\u00ea c\u1ed1t d\u1eeba, hay th\u1eadm ch\u00ed l\u00e0 c\u00e1c m\u00f3n s\u00e1ng t\u1ea1o nh\u01b0 c\u00e0 ph\u00ea d\u1eeba \u0111\u00e1 ki\u1ec3u Vi\u1ec7t.<\/p>\n<p data-start=\"2745\" data-end=\"3102\"><img loading=\"lazy\" decoding=\"async\" class=\"aligncenter  wp-image-40846\" src=\"https:\/\/havamall.com\/wp-content\/uploads\/2025\/06\/1a6e37b52caf891ba2bb67801f8bd7c1.jpg\" alt=\"\" width=\"851\" height=\"851\" \/><\/p>\n<h3 data-start=\"3109\" data-end=\"3167\">C\u00e1ch s\u1eed d\u1ee5ng \u2013 linh ho\u1ea1t trong nhi\u1ec1u c\u00f4ng th\u1ee9c \u0111\u1ed3 u\u1ed1ng<\/h3>\n<p data-start=\"3169\" data-end=\"3382\">Tr\u01b0\u1edbc khi s\u1eed d\u1ee5ng, b\u1ea1n n\u00ean\u00a0<strong data-start=\"3196\" data-end=\"3215\">l\u1eafc \u0111\u1ec1u h\u1ed9p s\u1eefa<\/strong>, sau \u0111\u00f3 d\u00f9ng tr\u1ef1c ti\u1ebfp \u0111\u1ec3 pha l\u1ea1nh ho\u1eb7c \u0111\u00e1nh n\u00f3ng v\u1edbi v\u00f2i steam m\u00e1y pha c\u00e0 ph\u00ea. MILKLAB Coconut ch\u1ecbu nhi\u1ec7t t\u1ed1t, t\u1ea1o \u0111\u01b0\u1ee3c b\u1ecdt m\u1ecbn v\u00e0 d\u1ec5 k\u00e9o s\u1eefa \u0111\u1ec3 t\u1ea1o h\u00ecnh latte art. Ngo\u00e0i c\u00e0 ph\u00ea, s\u1eefa c\u00f2n c\u00f3 th\u1ec3 d\u00f9ng cho sinh t\u1ed1, ng\u0169 c\u1ed1c, n\u1ea5u ch\u00e1o y\u1ebfn m\u1ea1ch, ho\u1eb7c d\u00f9ng l\u00e0m base trong c\u00e1c m\u00f3n b\u00e1nh chay. V\u1edbi ng\u01b0\u1eddi theo ch\u1ebf \u0111\u1ed9 \u0103n thu\u1ea7n th\u1ef1c v\u1eadt ho\u1eb7c mu\u1ed1n h\u1ea1n ch\u1ebf s\u1eefa \u0111\u1ed9ng v\u1eadt, MILKLAB l\u00e0 gi\u1ea3i ph\u00e1p thay th\u1ebf l\u00fd t\u01b0\u1edfng m\u00e0 v\u1eabn gi\u1eef nguy\u00ean ch\u1ea5t l\u01b0\u1ee3ng trong t\u1eebng m\u00f3n u\u1ed1ng.<\/p>\n<p data-start=\"3169\" data-end=\"3382\"><img loading=\"lazy\" decoding=\"async\" class=\"aligncenter  wp-image-40847\" src=\"https:\/\/havamall.com\/wp-content\/uploads\/2025\/06\/63eae9a3ae57fdae933d620b_A49I6411.webp\" alt=\"\" width=\"850\" height=\"566\" \/><\/p>\n<p data-start=\"3684\" data-end=\"3976\"><strong data-start=\"3684\" data-end=\"3703\">S\u1eefa D\u1eeba MILKLAB<\/strong>\u00a0kh\u00f4ng ch\u1ec9 d\u00e0nh cho ng\u01b0\u1eddi \u0103n chay hay d\u1ecb \u1ee9ng lactose, m\u00e0 l\u00e0 l\u1ef1a ch\u1ecdn tinh t\u1ebf d\u00e0nh cho b\u1ea5t c\u1ee9 ai mu\u1ed1n n\u00e2ng t\u1ea7m t\u00e1ch c\u00e0 ph\u00ea m\u1ed7i ng\u00e0y. Nh\u1eb9 nh\u00e0ng, th\u01a1m b\u00e9o, h\u00e0i h\u00f2a v\u1ecb c\u00e0 ph\u00ea \u2013 \u0111\u00f3 l\u00e0 l\u00fd do MILKLAB \u0111\u00e3 chinh ph\u1ee5c kh\u00f4ng ch\u1ec9 c\u00e1c barista m\u00e0 c\u1ea3 nh\u1eefng ng\u01b0\u1eddi th\u01b0\u1edfng th\u1ee9c kh\u00f3 t\u00ednh nh\u1ea5t.<\/p>\n<p data-start=\"3978\" data-end=\"4103\"><strong data-start=\"3978\" data-end=\"4103\">S\u1ea3n ph\u1ea9m hi\u1ec7n \u0111\u00e3 c\u00f3 m\u1eb7t t\u1ea1i Havamall \u2013 n\u01a1i quy t\u1ee5 c\u00e1c th\u01b0\u01a1ng hi\u1ec7u th\u1ef1c ph\u1ea9m cao c\u1ea5p v\u00e0 nguy\u00ean li\u1ec7u pha ch\u1ebf chu\u1ea9n qu\u1ed1c t\u1ebf.<\/strong><\/p>\n<\/div>\n<\/div>","protected":false},"excerpt":{"rendered":"<p>TH\u00d4NG TIN S\u1ea2N PH\u1ea8M Th\u01b0\u01a1ng hi\u1ec7u MILKLAB Xu\u1ea5t x\u1ee9 \u00dac (Australia) Th\u00e0nh ph\u1ea7n N\u01b0\u1edbc, d\u1eeba (8,5%), protein \u0111\u1eadu, kho\u00e1ng ch\u1ea5t<\/p>","protected":false},"featured_media":39835,"comment_status":"open","ping_status":"closed","template":"","meta":[],"product_brand":[],"product_cat":[677,131,135],"product_tag":[],"class_list":{"0":"post-39834","1":"product","2":"type-product","3":"status-publish","4":"has-post-thumbnail","6":"product_cat-cac-nuoc-khac","7":"product_cat-nguyen-lieu-lam-bep","8":"product_cat-sua-do-uong","10":"first","11":"instock","12":"sale","13":"shipping-taxable","14":"purchasable","15":"product-type-simple"},"_links":{"self":[{"href":"https:\/\/havamall.vn\/en\/wp-json\/wp\/v2\/product\/39834"}],"collection":[{"href":"https:\/\/havamall.vn\/en\/wp-json\/wp\/v2\/product"}],"about":[{"href":"https:\/\/havamall.vn\/en\/wp-json\/wp\/v2\/types\/product"}],"replies":[{"embeddable":true,"href":"https:\/\/havamall.vn\/en\/wp-json\/wp\/v2\/comments?post=39834"}],"version-history":[{"count":0,"href":"https:\/\/havamall.vn\/en\/wp-json\/wp\/v2\/product\/39834\/revisions"}],"wp:featuredmedia":[{"embeddable":true,"href":"https:\/\/havamall.vn\/en\/wp-json\/wp\/v2\/media\/39835"}],"wp:attachment":[{"href":"https:\/\/havamall.vn\/en\/wp-json\/wp\/v2\/media?parent=39834"}],"wp:term":[{"taxonomy":"product_brand","embeddable":true,"href":"https:\/\/havamall.vn\/en\/wp-json\/wp\/v2\/product_brand?post=39834"},{"taxonomy":"product_cat","embeddable":true,"href":"https:\/\/havamall.vn\/en\/wp-json\/wp\/v2\/product_cat?post=39834"},{"taxonomy":"product_tag","embeddable":true,"href":"https:\/\/havamall.vn\/en\/wp-json\/wp\/v2\/product_tag?post=39834"}],"curies":[{"name":"wp","href":"https:\/\/api.w.org\/{rel}","templated":true}]}}