{"id":39828,"date":"2025-06-26T10:41:10","date_gmt":"2025-06-26T03:41:10","guid":{"rendered":"https:\/\/havamall.vn\/?post_type=product&#038;p=39828"},"modified":"2025-06-26T10:41:12","modified_gmt":"2025-06-26T03:41:12","slug":"mi-soi-tagliatelle-nido-truyen-thong-santa-lucia-500g-santa-lucia-tagliatelle-nido-pasta","status":"publish","type":"product","link":"https:\/\/havamall.vn\/en\/shop\/mi-soi-tagliatelle-nido-truyen-thong-santa-lucia-500g-santa-lucia-tagliatelle-nido-pasta\/","title":{"rendered":"M\u00ec S\u1ee3i Tagliatelle Nido Truy\u1ec1n Th\u1ed1ng Santa Lucia 500g \u2013 Santa Lucia Tagliatelle Nido Pasta"},"content":{"rendered":"<h3 data-start=\"185\" data-end=\"207\">TH\u00d4NG TIN S\u1ea2N PH\u1ea8M<\/h3>\n<div class=\"_tableContainer_16hzy_1\">\n<div class=\"_tableWrapper_16hzy_14 group flex w-fit flex-col-reverse\">\n<table class=\"w-fit min-w-(--thread-content-width)\" style=\"width: 42.3366%;height: 192px\" data-start=\"209\" data-end=\"822\">\n<thead data-start=\"209\" data-end=\"273\">\n<tr style=\"height: 24px\" data-start=\"209\" data-end=\"273\">\n<th style=\"height: 24px\" data-start=\"209\" data-end=\"233\" data-col-size=\"sm\"><strong data-start=\"211\" data-end=\"226\">Th\u01b0\u01a1ng hi\u1ec7u<\/strong><\/th>\n<th style=\"height: 24px\" data-start=\"233\" data-end=\"273\" data-col-size=\"md\">Santa Lucia<\/th>\n<\/tr>\n<\/thead>\n<tbody data-start=\"339\" data-end=\"822\">\n<tr style=\"height: 24px\" data-start=\"339\" data-end=\"403\">\n<td style=\"height: 24px\" data-start=\"339\" data-end=\"363\" data-col-size=\"sm\"><strong data-start=\"341\" data-end=\"352\">Xu\u1ea5t x\u1ee9<\/strong><\/td>\n<td style=\"height: 24px\" data-col-size=\"md\" data-start=\"363\" data-end=\"403\">\u00dd (Italia)<\/td>\n<\/tr>\n<tr style=\"height: 24px\" data-start=\"404\" data-end=\"468\">\n<td style=\"height: 24px\" data-start=\"404\" data-end=\"428\" data-col-size=\"sm\"><strong data-start=\"406\" data-end=\"420\">Th\u00e0nh ph\u1ea7n<\/strong><\/td>\n<td style=\"height: 24px\" data-col-size=\"md\" data-start=\"428\" data-end=\"468\">100% b\u1ed9t l\u00faa m\u00ec c\u1ee9ng Semolina<\/td>\n<\/tr>\n<tr style=\"height: 24px\" data-start=\"469\" data-end=\"533\">\n<td style=\"height: 24px\" data-start=\"469\" data-end=\"493\" data-col-size=\"sm\"><strong data-start=\"471\" data-end=\"486\">H\u1ea1n s\u1eed d\u1ee5ng<\/strong><\/td>\n<td style=\"height: 24px\" data-col-size=\"md\" data-start=\"493\" data-end=\"533\">3 n\u0103m k\u1ec3 t\u1eeb ng\u00e0y s\u1ea3n xu\u1ea5t<\/td>\n<\/tr>\n<tr style=\"height: 24px\" data-start=\"534\" data-end=\"611\">\n<td style=\"height: 24px\" data-start=\"534\" data-end=\"558\" data-col-size=\"sm\"><strong data-start=\"536\" data-end=\"553\">C\u00e1ch b\u1ea3o qu\u1ea3n<\/strong><\/td>\n<td style=\"height: 24px\" data-col-size=\"md\" data-start=\"558\" data-end=\"611\">N\u01a1i kh\u00f4 r\u00e1o, tho\u00e1ng m\u00e1t, tr\u00e1nh \u00e1nh n\u1eafng tr\u1ef1c ti\u1ebfp<\/td>\n<\/tr>\n<tr style=\"height: 24px\" data-start=\"612\" data-end=\"676\">\n<td style=\"height: 24px\" data-start=\"612\" data-end=\"636\" data-col-size=\"sm\"><strong data-start=\"614\" data-end=\"628\">Kh\u1ed1i l\u01b0\u1ee3ng<\/strong><\/td>\n<td style=\"height: 24px\" data-col-size=\"md\" data-start=\"636\" data-end=\"676\">500g<\/td>\n<\/tr>\n<tr style=\"height: 24px\" data-start=\"677\" data-end=\"741\">\n<td style=\"height: 24px\" data-start=\"677\" data-end=\"701\" data-col-size=\"sm\"><strong data-start=\"679\" data-end=\"700\">Quy c\u00e1ch \u0111\u00f3ng g\u00f3i<\/strong><\/td>\n<td style=\"height: 24px\" data-col-size=\"md\" data-start=\"701\" data-end=\"741\">T\u00fai nh\u1ef1a k\u00edn, d\u1ec5 b\u1ea3o qu\u1ea3n v\u00e0 s\u1eed d\u1ee5ng<\/td>\n<\/tr>\n<tr style=\"height: 24px\" data-start=\"742\" data-end=\"822\">\n<td style=\"height: 24px\" data-start=\"742\" data-end=\"766\" data-col-size=\"sm\"><strong data-start=\"744\" data-end=\"758\">Khuy\u1ebfn c\u00e1o<\/strong><\/td>\n<td style=\"height: 24px\" data-col-size=\"md\" data-start=\"766\" data-end=\"822\">S\u1ea3n ph\u1ea9m ch\u1ee9a gluten, kh\u00f4ng ph\u00f9 h\u1ee3p cho ng\u01b0\u1eddi d\u1ecb \u1ee9ng<\/td>\n<\/tr>\n<\/tbody>\n<\/table>\n<p>\u1ea8m th\u1ef1c \u00dd t\u1eeb l\u00e2u \u0111\u00e3 n\u1ed5i ti\u1ebfng v\u1edbi s\u1ef1 \u0111\u01a1n gi\u1ea3n nh\u01b0ng tinh t\u1ebf, mang \u0111\u1eadm b\u1ea3n s\u1eafc v\u00f9ng mi\u1ec1n. Gi\u1eefa h\u00e0ng tr\u0103m lo\u1ea1i m\u00ec \u1ed1ng, <strong>tagliatelle nido \u2013 nh\u1eefng s\u1ee3i m\u00ec xo\u1eafn th\u00e0nh t\u1ed5<\/strong> \u2013 lu\u00f4n mang \u0111\u1ebfn m\u1ed9t c\u1ea3m gi\u00e1c m\u1ed9c m\u1ea1c v\u00e0 g\u1ea7n g\u0169i, nh\u01b0 m\u1ed9t kh\u00fac h\u00e1t du m\u1ee5c tr\u00ean c\u00e1nh \u0111\u1ed3ng l\u00faa m\u00ec n\u01b0\u1edbc \u00dd.<\/p>\n<p><img fetchpriority=\"high\" decoding=\"async\" class=\"aligncenter\" src=\"https:\/\/havamall.com\/wp-content\/uploads\/2025\/06\/verse-pasta-tilburg-1024x1024.jpg\" width=\"850\" height=\"850\" \/><\/p>\n<p><strong>Santa Lucia<\/strong> l\u00e0 th\u01b0\u01a1ng hi\u1ec7u m\u00ec \u1ed1ng truy\u1ec1n th\u1ed1ng \u0111\u1ebfn t\u1eeb n\u01b0\u1edbc \u00dd \u2013 c\u00e1i n\u00f4i c\u1ee7a n\u1ec1n \u1ea9m th\u1ef1c \u0110\u1ecba Trung H\u1ea3i. V\u1edbi quy tr\u00ecnh s\u1ea3n xu\u1ea5t chu\u1ea9n m\u1ef1c k\u1ebft h\u1ee3p gi\u1eefa c\u00f4ng ngh\u1ec7 hi\u1ec7n \u0111\u1ea1i v\u00e0 b\u00ed quy\u1ebft gia truy\u1ec1n, Santa Lucia cam k\u1ebft mang \u0111\u1ebfn nh\u1eefng s\u1ea3n ph\u1ea9m m\u00ec \u1ed1ng \u0111\u1ea1t chu\u1ea9n ch\u00e2u \u00c2u, t\u1eeb ch\u1ea5t l\u01b0\u1ee3ng nguy\u00ean li\u1ec7u \u0111\u1ebfn h\u01b0\u01a1ng v\u1ecb cu\u1ed1i c\u00f9ng tr\u00ean \u0111\u0129a. Th\u01b0\u01a1ng hi\u1ec7u n\u00e0y l\u00e0 l\u1ef1a ch\u1ecdn quen thu\u1ed9c c\u1ee7a nhi\u1ec1u \u0111\u1ea7u b\u1ebfp t\u1ea1i \u00dd v\u00e0 c\u00e1c nh\u00e0 h\u00e0ng phong c\u00e1ch \u00c2u tr\u00ean th\u1ebf gi\u1edbi.<\/p>\n<p><img decoding=\"async\" class=\"aligncenter  wp-image-40835\" src=\"https:\/\/havamall.com\/wp-content\/uploads\/2025\/06\/tagliatelle-gruppo.png\" alt=\"\" width=\"850\" height=\"567\" \/><\/p>\n<p data-start=\"1823\" data-end=\"2130\"><strong data-start=\"1823\" data-end=\"1846\">M\u00ec Tagliatelle Nido<\/strong>\u00a0\u0111\u01b0\u1ee3c t\u1ea1o n\u00ean t\u1eeb\u00a0<strong data-start=\"1863\" data-end=\"1896\">100% b\u1ed9t l\u00faa m\u00ec c\u1ee9ng Semolina<\/strong>, lo\u1ea1i b\u1ed9t gi\u00e0u protein v\u00e0 gluten t\u1ef1 nhi\u00ean gi\u00fap m\u00ec gi\u1eef \u0111\u01b0\u1ee3c \u0111\u1ed9 dai, kh\u00f4ng b\u1ecb nh\u0169n khi n\u1ea5u ch\u00edn. Nh\u1eefng s\u1ee3i m\u00ec \u0111\u01b0\u1ee3c\u00a0<strong data-start=\"2010\" data-end=\"2040\">xo\u1eafn g\u1ecdn th\u00e0nh t\u1eebng t\u1ed5 nh\u1ecf<\/strong>, thu\u1eadn ti\u1ec7n cho vi\u1ec7c \u0111\u1ecbnh l\u01b0\u1ee3ng v\u00e0 b\u1ea3o qu\u1ea3n, \u0111\u1ed3ng th\u1eddi l\u00e0 \u0111i\u1ec3m nh\u1ea5n th\u1ea9m m\u1ef9 khi ch\u1ebf bi\u1ebfn. Quy tr\u00ecnh s\u1ea3n xu\u1ea5t tu\u00e2n th\u1ee7 nghi\u00eam ng\u1eb7t c\u00e1c ti\u00eau chu\u1ea9n an to\u00e0n th\u1ef1c ph\u1ea9m,\u00a0<strong data-start=\"2206\" data-end=\"2238\">s\u1ea5y kh\u00f4 ch\u1eadm \u1edf nhi\u1ec7t \u0111\u1ed9 th\u1ea5p<\/strong>, gi\u00fap gi\u1eef l\u1ea1i h\u01b0\u01a1ng th\u01a1m t\u1ef1 nhi\u00ean c\u1ee7a b\u1ed9t m\u00ec v\u00e0 m\u00e0u v\u00e0ng nh\u1ea1t \u0111\u1eb9p m\u1eaft \u0111\u1eb7c tr\u01b0ng.<\/p>\n<p data-start=\"1823\" data-end=\"2130\"><img decoding=\"async\" class=\"aligncenter\" src=\"https:\/\/havamall.com\/wp-content\/uploads\/2025\/06\/Fettuccine.jpg\" alt=\"Fettuccine\" width=\"850\" height=\"850\" \/><\/p>\n<h3 data-sourcepos=\"29:1-29:68\">H\u01b0\u1edbng D\u1eabn S\u1eed D\u1ee5ng v\u00e0 Th\u01b0\u1edfng Th\u1ee9c M\u00ec Tagliatelle Nido Santa Lucia<\/h3>\n<p data-sourcepos=\"31:1-31:441\">\u0110\u1ec3 c\u00f3 \u0111\u01b0\u1ee3c \u0111\u0129a m\u00ec Tagliatelle Nido Santa Lucia ho\u00e0n h\u1ea3o nh\u1ea5t, vi\u1ec7c n\u1ea5u \u0111\u00fang c\u00e1ch l\u00e0 v\u00f4 c\u00f9ng quan tr\u1ecdng. B\u1ea1n ch\u1ec9 c\u1ea7n <strong>\u0111un s\u00f4i m\u1ed9t l\u01b0\u1ee3ng n\u01b0\u1edbc l\u1edbn (kho\u1ea3ng 1 l\u00edt n\u01b0\u1edbc cho m\u1ed7i 100g m\u00ec)<\/strong>, th\u00eam m\u1ed9t ch\u00fat mu\u1ed1i. Khi n\u01b0\u1edbc s\u00f4i b\u00f9ng, nh\u1eb9 nh\u00e0ng th\u1ea3 m\u00ec v\u00e0o. Khu\u1ea5y \u0111\u1ec1u \u0111\u1ec3 c\u00e1c s\u1ee3i m\u00ec kh\u00f4ng b\u1ecb d\u00ednh v\u00e0o nhau. <strong>Th\u1eddi gian n\u1ea5u l\u00fd t\u01b0\u1edfng l\u00e0 kho\u1ea3ng 8-9 ph\u00fat<\/strong> \u0111\u1ec3 \u0111\u1ea1t \u0111\u01b0\u1ee3c \u0111\u1ed9 &#8220;al dente&#8221; \u2013 m\u00ec dai v\u1eeba t\u1edbi, h\u01a1i s\u1ea7n s\u1eadt khi c\u1eafn, mang \u0111\u1ebfn tr\u1ea3i nghi\u1ec7m \u0111\u00fang chu\u1ea9n phong c\u00e1ch \u00dd.<\/p>\n<p data-sourcepos=\"31:1-31:441\"><img loading=\"lazy\" decoding=\"async\" class=\"aligncenter\" src=\"https:\/\/havamall.com\/wp-content\/uploads\/2025\/06\/gettyimages-1224603320.webp\" alt=\"Your Ten-Step Guide to Cooking the Perfect Pasta, Including How to Salt the  Water\" width=\"850\" height=\"567\" \/><\/p>\n<p data-sourcepos=\"33:1-33:588\">Sau khi m\u00ec ch\u00edn, v\u1edbt ra v\u00e0 \u0111\u1ec3 r\u00e1o n\u01b0\u1edbc, nh\u01b0ng \u0111\u1eebng x\u1ea3 l\u1ea1i v\u1edbi n\u01b0\u1edbc l\u1ea1nh v\u00ec \u0111i\u1ec1u \u0111\u00f3 s\u1ebd l\u00e0m tr\u00f4i \u0111i l\u1edbp tinh b\u1ed9t t\u1ef1 nhi\u00ean gi\u00fap n\u01b0\u1edbc s\u1ed1t b\u00e1m v\u00e0o s\u1ee3i m\u00ec. <strong>Tagliatelle<\/strong> \u0111\u1eb7c bi\u1ec7t <strong>ph\u00f9 h\u1ee3p<\/strong> v\u1edbi c\u00e1c lo\u1ea1i <strong>s\u1ed1t s\u00e1nh \u0111\u1eb7c, gi\u00e0u h\u01b0\u01a1ng v\u1ecb nh\u01b0 s\u1ed1t Bolognese<\/strong> truy\u1ec1n th\u1ed1ng v\u1edbi th\u1ecbt b\u00f2 b\u0103m v\u00e0 c\u00e0 chua, s\u1ed1t kem n\u1ea5m truffle b\u00e9o ng\u1eady, hay \u0111\u01a1n gi\u1ea3n l\u00e0 s\u1ed1t Pesto xanh t\u01b0\u01a1i, th\u01a1m l\u1eebng. S\u1ef1 r\u1ed9ng b\u1ea3n c\u1ee7a s\u1ee3i m\u00ec gi\u00fap th\u1ea5m h\u00fat n\u01b0\u1edbc s\u1ed1t m\u1ed9t c\u00e1ch t\u1ed1i \u0111a, mang \u0111\u1ebfn s\u1ef1 h\u00f2a quy\u1ec7n tuy\u1ec7t v\u1eddi trong t\u1eebng mi\u1ebfng \u0103n. B\u1ea1n c\u00f3 th\u1ec3 th\u00eam m\u1ed9t ch\u00fat ph\u00f4 mai Parmesan b\u00e0o nh\u1ecf, v\u00e0i l\u00e1 h\u00fang qu\u1ebf t\u01b0\u01a1i \u0111\u1ec3 t\u0103ng th\u00eam h\u01b0\u01a1ng v\u1ecb v\u00e0 v\u1ebb \u0111\u1eb9p cho m\u00f3n \u0103n.<\/p>\n<p data-sourcepos=\"33:1-33:588\"><img loading=\"lazy\" decoding=\"async\" class=\"aligncenter  wp-image-40836\" src=\"https:\/\/havamall.com\/wp-content\/uploads\/2025\/06\/377-scaled.jpg\" alt=\"\" width=\"850\" height=\"566\" \/><\/p>\n<p data-sourcepos=\"33:1-33:588\">S\u1ea3n ph\u1ea9m <strong>M\u00ec Tagliatelle Nido Santa Lucia 500g<\/strong> \u0111\u00e3 c\u00f3 m\u1eb7t t\u1ea1i <strong>Havamall<\/strong>.<\/p>\n<\/div>\n<\/div>","protected":false},"excerpt":{"rendered":"<p>TH\u00d4NG TIN S\u1ea2N PH\u1ea8M Th\u01b0\u01a1ng hi\u1ec7u Santa Lucia Xu\u1ea5t x\u1ee9 \u00dd (Italia) Th\u00e0nh ph\u1ea7n 100% b\u1ed9t l\u00faa m\u00ec c\u1ee9ng Semolina<\/p>","protected":false},"featured_media":39829,"comment_status":"open","ping_status":"closed","template":"","meta":[],"product_brand":[],"product_cat":[672],"product_tag":[],"class_list":{"0":"post-39828","1":"product","2":"type-product","3":"status-publish","4":"has-post-thumbnail","6":"product_cat-nhap-khau-y","8":"first","9":"instock","10":"sale","11":"shipping-taxable","12":"purchasable","13":"product-type-simple"},"_links":{"self":[{"href":"https:\/\/havamall.vn\/en\/wp-json\/wp\/v2\/product\/39828"}],"collection":[{"href":"https:\/\/havamall.vn\/en\/wp-json\/wp\/v2\/product"}],"about":[{"href":"https:\/\/havamall.vn\/en\/wp-json\/wp\/v2\/types\/product"}],"replies":[{"embeddable":true,"href":"https:\/\/havamall.vn\/en\/wp-json\/wp\/v2\/comments?post=39828"}],"version-history":[{"count":0,"href":"https:\/\/havamall.vn\/en\/wp-json\/wp\/v2\/product\/39828\/revisions"}],"wp:featuredmedia":[{"embeddable":true,"href":"https:\/\/havamall.vn\/en\/wp-json\/wp\/v2\/media\/39829"}],"wp:attachment":[{"href":"https:\/\/havamall.vn\/en\/wp-json\/wp\/v2\/media?parent=39828"}],"wp:term":[{"taxonomy":"product_brand","embeddable":true,"href":"https:\/\/havamall.vn\/en\/wp-json\/wp\/v2\/product_brand?post=39828"},{"taxonomy":"product_cat","embeddable":true,"href":"https:\/\/havamall.vn\/en\/wp-json\/wp\/v2\/product_cat?post=39828"},{"taxonomy":"product_tag","embeddable":true,"href":"https:\/\/havamall.vn\/en\/wp-json\/wp\/v2\/product_tag?post=39828"}],"curies":[{"name":"wp","href":"https:\/\/api.w.org\/{rel}","templated":true}]}}