{"id":39821,"date":"2025-06-25T11:45:35","date_gmt":"2025-06-25T04:45:35","guid":{"rendered":"https:\/\/havamall.vn\/?post_type=product&#038;p=39821"},"modified":"2025-06-25T11:45:35","modified_gmt":"2025-06-25T04:45:35","slug":"xot-tar-tar-kewpie-300g-kewpie-tartar-sauce","status":"publish","type":"product","link":"https:\/\/havamall.vn\/en\/shop\/xot-tar-tar-kewpie-300g-kewpie-tartar-sauce\/","title":{"rendered":"X\u1ed1t Tar Tar Kewpie 300g \u2013 Kewpie Tartar Sauce"},"content":{"rendered":"<h3 data-pm-slice=\"1 3 []\">TH\u00d4NG TIN S\u1ea2N PH\u1ea8M<\/h3>\n<table>\n<tbody>\n<tr>\n<th>Th\u01b0\u01a1ng hi\u1ec7u<\/th>\n<th>Kewpie<\/th>\n<\/tr>\n<tr>\n<td>Xu\u1ea5t x\u1ee9<\/td>\n<td>Nh\u1eadt B\u1ea3n<\/td>\n<\/tr>\n<tr>\n<td>Th\u00e0nh ph\u1ea7n<\/td>\n<td>D\u1ea7u \u0111\u1eadu n\u00e0nh, tr\u1ee9ng, h\u00e0nh t\u00e2y, d\u01b0a leo mu\u1ed1i, \u0111\u01b0\u1eddng, gi\u1ea5m, mu\u1ed1i, gia v\u1ecb t\u1ef1 nhi\u00ean<\/td>\n<\/tr>\n<tr>\n<td>H\u1ea1n s\u1eed d\u1ee5ng<\/td>\n<td>8 th\u00e1ng k\u1ec3 t\u1eeb ng\u00e0y s\u1ea3n xu\u1ea5t<\/td>\n<\/tr>\n<tr>\n<td>C\u00e1ch b\u1ea3o qu\u1ea3n<\/td>\n<td>N\u01a1i kh\u00f4 r\u00e1o, tho\u00e1ng m\u00e1t. \u0110\u1eady k\u00edn, gi\u1eef l\u1ea1nh sau khi d\u00f9ng<\/td>\n<\/tr>\n<tr>\n<td>Quy c\u00e1ch<\/td>\n<td>Tu\u00fdp nh\u1ef1a m\u1ec1m 300g<\/td>\n<\/tr>\n<tr>\n<td>Khuy\u1ebfn c\u00e1o<\/td>\n<td>Kh\u00f4ng d\u00f9ng cho ng\u01b0\u1eddi d\u1ecb \u1ee9ng tr\u1ee9ng ho\u1eb7c \u0111\u1eadu n\u00e0nh<\/td>\n<\/tr>\n<\/tbody>\n<\/table>\n<p data-pm-slice=\"1 1 []\"><strong>Kewpie<\/strong> l\u00e0 th\u01b0\u01a1ng hi\u1ec7u s\u1ed1t tr\u1ed9n h\u00e0ng \u0111\u1ea7u Nh\u1eadt B\u1ea3n, \u0111\u01b0\u1ee3c th\u00e0nh l\u1eadp t\u1eeb n\u0103m 1919 v\u00e0 hi\u1ec7n di\u1ec7n r\u1ed9ng r\u00e3i t\u1ea1i h\u01a1n 30 qu\u1ed1c gia. Tri\u1ebft l\u00fd &#8220;ngon \u2013 l\u00e0nh \u2013 an to\u00e0n&#8221; c\u1ee7a Kewpie lu\u00f4n \u0111\u01b0\u1ee3c th\u1ec3 hi\u1ec7n r\u00f5 qua t\u1eebng s\u1ea3n ph\u1ea9m, t\u1eeb vi\u1ec7c tuy\u1ec3n ch\u1ecdn nguy\u00ean li\u1ec7u \u0111\u1ebfn qu\u00e1 tr\u00ecnh ch\u1ebf bi\u1ebfn theo chu\u1ea9n an to\u00e0n nghi\u00eam ng\u1eb7t. Kh\u00f4ng ch\u1ec9 n\u1ed5i ti\u1ebfng v\u1edbi x\u1ed1t mayonnaise truy\u1ec1n th\u1ed1ng, Kewpie c\u00f2n ti\u00ean phong trong vi\u1ec7c \u0111\u01b0a c\u00e1c lo\u1ea1i x\u1ed1t ph\u01b0\u01a1ng T\u00e2y v\u00e0o n\u1ec1n \u1ea9m th\u1ef1c Nh\u1eadt theo c\u00e1ch ri\u00eang \u2013 nh\u1eb9 v\u1ecb, tinh t\u1ebf v\u00e0 d\u1ec5 k\u1ebft h\u1ee3p v\u1edbi kh\u1ea9u v\u1ecb ch\u00e2u \u00c1. X\u1ed1t Tar Tar ch\u00ednh l\u00e0 m\u1ed9t v\u00ed d\u1ee5 \u0111i\u1ec3n h\u00ecnh cho tinh th\u1ea7n c\u1ea3i bi\u00ean s\u00e1ng t\u1ea1o \u1ea5y.<\/p>\n<p data-pm-slice=\"1 1 []\"><img fetchpriority=\"high\" decoding=\"async\" class=\"aligncenter size-full wp-image-40817\" src=\"https:\/\/havamall.com\/wp-content\/uploads\/2025\/06\/banner-kewpie.jpg\" alt=\"\" width=\"1922\" height=\"420\" \/><\/p>\n<p data-pm-slice=\"1 1 []\">Trong c\u00e1c b\u1eefa \u0103n ki\u1ec3u Nh\u1eadt, s\u1ef1 c\u00e2n b\u1eb1ng gi\u1eefa v\u1ecb b\u00e9o v\u00e0 chua nh\u1eb9 lu\u00f4n \u0111\u01b0\u1ee3c coi tr\u1ecdng. \u0110\u1eb7c bi\u1ec7t v\u1edbi c\u00e1c m\u00f3n chi\u00ean nh\u01b0 t\u00f4m tempura, c\u00e1 chi\u00ean x\u00f9 hay g\u00e0 chi\u00ean gi\u00f2n, m\u1ed9t lo\u1ea1i x\u1ed1t ch\u1ea5m ngon c\u00f3 th\u1ec3 n\u00e2ng t\u1ea7m to\u00e0n b\u1ed9 h\u01b0\u01a1ng v\u1ecb. \u0110\u00f3 ch\u00ednh l\u00e0 l\u00fd do v\u00ec sao x\u1ed1t Tar Tar lu\u00f4n hi\u1ec7n di\u1ec7n trong nhi\u1ec1u h\u1ed9p c\u01a1m bento v\u00e0 b\u1eefa \u0103n gia \u0111\u00ecnh t\u1ea1i Nh\u1eadt. Kh\u00f4ng c\u1ea7n ph\u1ea3i ra h\u00e0ng qu\u00e1n hay ch\u1ebf bi\u1ebfn c\u1ea7u k\u1ef3, gi\u1edd \u0111\u00e2y b\u1ea1n c\u00f3 th\u1ec3 d\u1ec5 d\u00e0ng th\u01b0\u1edfng th\u1ee9c h\u01b0\u01a1ng v\u1ecb \u1ea5y t\u1ea1i nh\u00e0 v\u1edbi <strong>X\u1ed1t Tar Tar Kewpie 300g<\/strong> \u2013 s\u1ea3n ph\u1ea9m k\u1ebft tinh t\u1eeb k\u1ef9 ngh\u1ec7 l\u00e0m x\u1ed1t h\u01a1n 100 n\u0103m c\u1ee7a th\u01b0\u01a1ng hi\u1ec7u Kewpie.<\/p>\n<p data-pm-slice=\"1 1 []\"><img decoding=\"async\" class=\"aligncenter wp-image-40819\" src=\"https:\/\/havamall.com\/wp-content\/uploads\/2025\/06\/kewpie_2024_ikan-goreng-tepung-saus-tartar_a_3k-1360-480_thumb.jpg\" alt=\"\" width=\"850\" height=\"638\" \/><\/p>\n<h3 data-pm-slice=\"1 1 []\">\u0110\u1eb6C \u0110I\u1ec2M S\u1ea2N PH\u1ea8M<\/h3>\n<p><strong>X\u1ed1t Tar Tar Kewpie<\/strong> l\u00e0 s\u1ef1 k\u1ebft h\u1ee3p gi\u1eefa <strong>x\u1ed1t mayonnaise s\u00e1nh m\u1ecbn<\/strong> l\u00e0m t\u1eeb l\u00f2ng \u0111\u1ecf tr\u1ee9ng ch\u1ecdn l\u1ecdc v\u00e0 d\u1ea7u th\u1ef1c v\u1eadt, c\u00f9ng v\u1edbi <strong>h\u00e0nh t\u00e2y t\u01b0\u01a1i v\u00e0 d\u01b0a leo mu\u1ed1i b\u0103m nhuy\u1ec5n<\/strong>. T\u1eebng nguy\u00ean li\u1ec7u \u0111\u1ec1u \u0111\u01b0\u1ee3c s\u01a1 ch\u1ebf v\u00e0 ph\u1ed1i tr\u1ed9n theo t\u1ef7 l\u1ec7 chu\u1ea9n, t\u1ea1o n\u00ean k\u1ebft c\u1ea5u s\u00e1nh d\u1ebbo \u0111\u1eb7c tr\u01b0ng, v\u1eeba \u0111\u1ee7 \u0111\u1ed9 b\u00e9o ng\u1eady m\u00e0 kh\u00f4ng ng\u1ea5y. V\u1ecb chua nh\u1eb9 t\u1eeb gi\u1ea5m \u0111\u01b0\u1ee3c c\u00e2n b\u1eb1ng b\u1eb1ng ch\u00fat ng\u1ecdt t\u1eeb \u0111\u01b0\u1eddng v\u00e0 v\u1ecb m\u1eb7n d\u1ecbu t\u1eeb mu\u1ed1i, t\u1ea5t c\u1ea3 h\u00f2a quy\u1ec7n tinh t\u1ebf trong m\u1ed9t n\u1ec1n x\u1ed1t m\u01b0\u1ee3t m\u00e0, th\u01a1m d\u1ecbu.<\/p>\n<p><img decoding=\"async\" class=\"aligncenter wp-image-40822\" src=\"https:\/\/havamall.com\/wp-content\/uploads\/2025\/06\/481111912_653903347151994_3645895785301594976_n.jpg\" alt=\"\" width=\"851\" height=\"851\" \/><\/p>\n<p>M\u00e0u s\u1eafc tr\u1eafng ng\u00e0, xen k\u1ebd nh\u1eefng h\u1ea1t rau c\u1ee7 li ti t\u1ea1o c\u1ea3m gi\u00e1c h\u1ea5p d\u1eabn th\u1ecb gi\u00e1c. X\u1ed1t d\u1ec5 b\u00e1m v\u00e0o m\u00f3n \u0103n, kh\u00f4ng b\u1ecb t\u00e1ch d\u1ea7u khi tr\u1ed9n ho\u1eb7c ch\u1ea5m. \u0110\u1eb7c bi\u1ec7t, k\u1ebft c\u1ea5u x\u1ed1t gi\u1eef \u0111\u01b0\u1ee3c \u0111\u1ed9 \u1ed5n \u0111\u1ecbnh d\u00f9 \u0111\u1ec3 ngu\u1ed9i hay d\u00f9ng l\u1ea1nh, gi\u00fap m\u00f3n \u0103n lu\u00f4n t\u01b0\u01a1i m\u1edbi.<\/p>\n<p><img loading=\"lazy\" decoding=\"async\" class=\"aligncenter wp-image-40821\" src=\"https:\/\/havamall.com\/wp-content\/uploads\/2025\/06\/71I3EsdtELL._AC_SL1078_.jpg\" alt=\"\" width=\"850\" height=\"649\" \/><\/p>\n<h3>C\u00c1CH S\u1eec D\u1ee4NG \u2013 TH\u01af\u1edeNG TH\u1ee8C<\/h3>\n<ul data-spread=\"false\">\n<li><strong>Ch\u1ea5m tr\u1ef1c ti\u1ebfp<\/strong>: D\u00f9ng c\u00f9ng c\u00e1c m\u00f3n chi\u00ean nh\u01b0 c\u00e1 x\u1ed1t tartar, g\u00e0 chi\u00ean, t\u00f4m tempura, tr\u1ee9ng cu\u1ed9n hay nem cu\u1ed1n ki\u1ec3u Nh\u1eadt.<\/li>\n<li><strong>Ph\u1ebft b\u00e1nh m\u00ec<\/strong>: L\u00e0m x\u1ed1t n\u1ec1n cho b\u00e1nh m\u00ec sandwich, b\u00e1nh m\u00ec c\u00e1 ng\u1eeb, b\u00e1nh m\u00ec tr\u1ee9ng chi\u00ean ho\u1eb7c burger ki\u1ec3u Nh\u1eadt.<\/li>\n<li><strong>Tr\u1ed9n salad<\/strong>: D\u1ec5 d\u00e0ng k\u1ebft h\u1ee3p v\u1edbi ng\u00f4 ng\u1ecdt, c\u00e0 r\u1ed1t, tr\u1ee9ng lu\u1ed9c v\u00e0 rau tr\u1ed9n \u0111\u1ec3 t\u1ea1o n\u00ean m\u00f3n salad tr\u1ee9ng Kewpie tr\u1ee9 danh.<\/li>\n<li><strong>L\u00e0m topping<\/strong>: R\u01b0\u1edbi l\u00ean sushi chi\u00ean, c\u01a1m cu\u1ed9n chi\u00ean ho\u1eb7c khoai t\u00e2y nghi\u1ec1n \u0111\u1ec3 t\u1ea1o \u0111i\u1ec3m nh\u1ea5n h\u01b0\u01a1ng v\u1ecb.<\/li>\n<li><strong>Bi\u1ebfn t\u1ea5u x\u1ed1t ri\u00eang<\/strong>: Tr\u1ed9n th\u00eam m\u00f9 t\u1ea1t ho\u1eb7c n\u01b0\u1edbc c\u1ed1t chanh \u0111\u1ec3 t\u1ea1o ra c\u00e1c phi\u00ean b\u1ea3n x\u1ed1t c\u00e1 nh\u00e2n \u0111\u1ed9c \u0111\u00e1o.<\/li>\n<\/ul>\n<p><img loading=\"lazy\" decoding=\"async\" class=\"aligncenter wp-image-40820\" src=\"https:\/\/havamall.com\/wp-content\/uploads\/2025\/06\/nx9knckm8qh51-scaled.jpg\" alt=\"\" width=\"850\" height=\"638\" \/><\/p>\n<p><strong>X\u1ed1t Tar Tar Kewpie 300g<\/strong> l\u00e0 l\u1ef1a ch\u1ecdn ho\u00e0n h\u1ea3o cho nh\u1eefng ai y\u00eau th\u00edch \u1ea9m th\u1ef1c Nh\u1eadt v\u00e0 mong mu\u1ed1n th\u00eam ph\u1ea7n tinh t\u1ebf v\u00e0o m\u00f3n \u0103n th\u01b0\u1eddng ng\u00e0y. Kh\u00f4ng ch\u1ec9 \u0111\u01a1n thu\u1ea7n l\u00e0 m\u1ed9t lo\u1ea1i x\u1ed1t ch\u1ea5m, \u0111\u00e2y c\u00f2n l\u00e0 nguy\u00ean li\u1ec7u n\u1ec1n l\u00fd t\u01b0\u1edfng cho h\u00e0ng lo\u1ea1t m\u00f3n ngon chu\u1ea9n v\u1ecb nh\u00e0 h\u00e0ng. H\u00e3y \u0111\u1ec3 m\u1ed7i b\u1eefa c\u01a1m gia \u0111\u00ecnh tr\u1edf n\u00ean h\u1ea5p d\u1eabn h\u01a1n v\u1edbi s\u1ef1 \u0111\u1ed3ng h\u00e0nh c\u1ee7a x\u1ed1t Tar Tar Kewpie \u2013 h\u01b0\u01a1ng v\u1ecb tr\u1ecdn v\u1eb9n, ti\u1ec7n l\u1ee3i v\u00e0 \u0111\u1eadm ch\u1ea5t Nh\u1eadt.<\/p>\n<p><strong>S\u1ea3n ph\u1ea9m hi\u1ec7n \u0111\u00e3 c\u00f3 m\u1eb7t t\u1ea1i Havamall.<\/strong><\/p>","protected":false},"excerpt":{"rendered":"<p>TH\u00d4NG TIN S\u1ea2N PH\u1ea8M Th\u01b0\u01a1ng hi\u1ec7u Kewpie Xu\u1ea5t x\u1ee9 Nh\u1eadt B\u1ea3n Th\u00e0nh ph\u1ea7n D\u1ea7u \u0111\u1eadu n\u00e0nh, tr\u1ee9ng, h\u00e0nh t\u00e2y, d\u01b0a<\/p>","protected":false},"featured_media":39822,"comment_status":"open","ping_status":"closed","template":"","meta":[],"product_brand":[],"product_cat":[675,154],"product_tag":[],"class_list":{"0":"post-39821","1":"product","2":"type-product","3":"status-publish","4":"has-post-thumbnail","6":"product_cat-nhap-khau-nhat-ban","7":"product_cat-gia-vi","9":"first","10":"instock","11":"sale","12":"shipping-taxable","13":"purchasable","14":"product-type-simple"},"_links":{"self":[{"href":"https:\/\/havamall.vn\/en\/wp-json\/wp\/v2\/product\/39821"}],"collection":[{"href":"https:\/\/havamall.vn\/en\/wp-json\/wp\/v2\/product"}],"about":[{"href":"https:\/\/havamall.vn\/en\/wp-json\/wp\/v2\/types\/product"}],"replies":[{"embeddable":true,"href":"https:\/\/havamall.vn\/en\/wp-json\/wp\/v2\/comments?post=39821"}],"version-history":[{"count":0,"href":"https:\/\/havamall.vn\/en\/wp-json\/wp\/v2\/product\/39821\/revisions"}],"wp:featuredmedia":[{"embeddable":true,"href":"https:\/\/havamall.vn\/en\/wp-json\/wp\/v2\/media\/39822"}],"wp:attachment":[{"href":"https:\/\/havamall.vn\/en\/wp-json\/wp\/v2\/media?parent=39821"}],"wp:term":[{"taxonomy":"product_brand","embeddable":true,"href":"https:\/\/havamall.vn\/en\/wp-json\/wp\/v2\/product_brand?post=39821"},{"taxonomy":"product_cat","embeddable":true,"href":"https:\/\/havamall.vn\/en\/wp-json\/wp\/v2\/product_cat?post=39821"},{"taxonomy":"product_tag","embeddable":true,"href":"https:\/\/havamall.vn\/en\/wp-json\/wp\/v2\/product_tag?post=39821"}],"curies":[{"name":"wp","href":"https:\/\/api.w.org\/{rel}","templated":true}]}}