{"id":39818,"date":"2025-06-25T11:45:13","date_gmt":"2025-06-25T04:45:13","guid":{"rendered":"https:\/\/havamall.vn\/?post_type=product&#038;p=39818"},"modified":"2025-06-25T11:45:17","modified_gmt":"2025-06-25T04:45:17","slug":"xot-mayonnaise-huong-vi-nhat-kewpie-300g-kewpie-japanese-mayonnaise","status":"publish","type":"product","link":"https:\/\/havamall.vn\/en\/shop\/xot-mayonnaise-huong-vi-nhat-kewpie-300g-kewpie-japanese-mayonnaise\/","title":{"rendered":"X\u1ed1t Mayonnaise H\u01b0\u01a1ng V\u1ecb Nh\u1eadt Kewpie 300g \u2013 Kewpie Japanese Mayonnaise"},"content":{"rendered":"<h3 data-pm-slice=\"1 3 []\">TH\u00d4NG TIN S\u1ea2N PH\u1ea8M<\/h3>\n<table>\n<tbody>\n<tr>\n<th>Th\u01b0\u01a1ng hi\u1ec7u<\/th>\n<th>Kewpie<\/th>\n<\/tr>\n<tr>\n<td>Xu\u1ea5t x\u1ee9<\/td>\n<td>Nh\u1eadt B\u1ea3n<\/td>\n<\/tr>\n<tr>\n<td>Th\u00e0nh ph\u1ea7n<\/td>\n<td>D\u1ea7u \u0111\u1eadu n\u00e0nh, l\u00f2ng \u0111\u1ecf tr\u1ee9ng, gi\u1ea5m, \u0111\u01b0\u1eddng, mu\u1ed1i, gia v\u1ecb t\u1ef1 nhi\u00ean<\/td>\n<\/tr>\n<tr>\n<td>H\u1ea1n s\u1eed d\u1ee5ng<\/td>\n<td>8 th\u00e1ng k\u1ec3 t\u1eeb ng\u00e0y s\u1ea3n xu\u1ea5t<\/td>\n<\/tr>\n<tr>\n<td>C\u00e1ch b\u1ea3o qu\u1ea3n<\/td>\n<td>N\u01a1i kh\u00f4 r\u00e1o, tho\u00e1ng m\u00e1t. \u0110\u1eady k\u00edn v\u00e0 gi\u1eef l\u1ea1nh sau khi s\u1eed d\u1ee5ng<\/td>\n<\/tr>\n<tr>\n<td>Quy c\u00e1ch<\/td>\n<td>Tu\u00fdp nh\u1ef1a m\u1ec1m 300g<\/td>\n<\/tr>\n<tr>\n<td>Khuy\u1ebfn c\u00e1o<\/td>\n<td>Kh\u00f4ng d\u00f9ng cho ng\u01b0\u1eddi d\u1ecb \u1ee9ng v\u1edbi tr\u1ee9ng ho\u1eb7c \u0111\u1eadu n\u00e0nh<\/td>\n<\/tr>\n<\/tbody>\n<\/table>\n<p data-pm-slice=\"1 1 []\">\u1ea8m th\u1ef1c Nh\u1eadt B\u1ea3n n\u1ed5i b\u1eadt b\u1edfi s\u1ef1 tinh t\u1ebf, \u0111\u01a1n gi\u1ea3n m\u00e0 h\u00e0i h\u00f2a. Trong m\u1ed7i b\u1eefa \u0103n, t\u1eeb bento truy\u1ec1n th\u1ed1ng \u0111\u1ebfn nh\u1eefng m\u00f3n \u0103n th\u01b0\u1eddng ng\u00e0y, mayonnaise Kewpie lu\u00f4n \u0111\u01b0\u1ee3c xem nh\u01b0 linh h\u1ed3n c\u1ee7a h\u01b0\u01a1ng v\u1ecb \u2013 b\u00e9o m\u00e0 kh\u00f4ng ng\u1ea5y, \u0111\u1eadm \u0111\u00e0 m\u00e0 v\u1eabn thanh nh\u00e3. Kh\u00e1c h\u1eb3n v\u1edbi c\u00e1c lo\u1ea1i mayonnaise th\u00f4ng th\u01b0\u1eddng, phi\u00ean b\u1ea3n Nh\u1eadt mang \u0111\u1ebfn tr\u1ea3i nghi\u1ec7m m\u01b0\u1ee3t m\u00e0, nh\u1eb9 v\u1ecb v\u00e0 ph\u00f9 h\u1ee3p v\u1edbi c\u1ea3 kh\u1ea9u v\u1ecb \u00c1 \u0110\u00f4ng.<\/p>\n<p data-pm-slice=\"1 1 []\"><img fetchpriority=\"high\" decoding=\"async\" class=\"aligncenter\" src=\"https:\/\/upload.wikimedia.org\/wikipedia\/commons\/1\/10\/2016_0529_Kewpie_mayonnaise_NL.jpg\" width=\"850\" height=\"638\" \/><\/p>\n<p data-pm-slice=\"1 1 []\"><strong>Kewpie<\/strong> l\u00e0 th\u01b0\u01a1ng hi\u1ec7u qu\u1ed1c d\u00e2n t\u1ea1i Nh\u1eadt, n\u1ed5i ti\u1ebfng to\u00e0n c\u1ea7u v\u1edbi d\u00f2ng s\u1ea3n ph\u1ea9m x\u1ed1t mayonnaise t\u1eeb n\u0103m 1925. H\u01a1n m\u1ed9t th\u1ebf k\u1ef7 ph\u00e1t tri\u1ec3n, Kewpie kh\u00f4ng ch\u1ec9 \u0111\u1ee9ng \u0111\u1ea7u th\u1ecb ph\u1ea7n trong n\u01b0\u1edbc m\u00e0 c\u00f2n c\u00f3 m\u1eb7t t\u1ea1i h\u01a1n 30 qu\u1ed1c gia. V\u1edbi bi\u1ec3u t\u01b0\u1ee3ng em b\u00e9 \u0111\u00e1ng y\u00eau v\u00e0 c\u00f4ng ngh\u1ec7 s\u1ea3n xu\u1ea5t hi\u1ec7n \u0111\u1ea1i, th\u01b0\u01a1ng hi\u1ec7u lu\u00f4n \u0111\u1eb7t ch\u1ea5t l\u01b0\u1ee3ng v\u00e0 s\u1ef1 an to\u00e0n c\u1ee7a ng\u01b0\u1eddi ti\u00eau d\u00f9ng l\u00ean h\u00e0ng \u0111\u1ea7u. C\u00e1c s\u1ea3n ph\u1ea9m c\u1ee7a Kewpie \u0111\u1ec1u gi\u1eef \u0111\u00fang b\u1ea3n s\u1eafc Nh\u1eadt \u2013 thanh v\u1ecb, gi\u00e0u dinh d\u01b0\u1ee1ng v\u00e0 d\u1ec5 s\u1eed d\u1ee5ng trong \u0111\u1eddi s\u1ed1ng h\u00e0ng ng\u00e0y.<\/p>\n<p data-pm-slice=\"1 1 []\"><img decoding=\"async\" class=\"aligncenter size-full wp-image-39820\" src=\"https:\/\/havamall.com\/wp-content\/uploads\/2025\/06\/banner-kewpie.jpg\" alt=\"\" width=\"1922\" height=\"420\" srcset=\"https:\/\/havamall.vn\/wp-content\/uploads\/2025\/06\/banner-kewpie.jpg 1922w, https:\/\/havamall.vn\/wp-content\/uploads\/2025\/06\/banner-kewpie-400x87.jpg 400w, https:\/\/havamall.vn\/wp-content\/uploads\/2025\/06\/banner-kewpie-1300x284.jpg 1300w, https:\/\/havamall.vn\/wp-content\/uploads\/2025\/06\/banner-kewpie-768x168.jpg 768w, https:\/\/havamall.vn\/wp-content\/uploads\/2025\/06\/banner-kewpie-1536x336.jpg 1536w, https:\/\/havamall.vn\/wp-content\/uploads\/2025\/06\/banner-kewpie-18x4.jpg 18w, https:\/\/havamall.vn\/wp-content\/uploads\/2025\/06\/banner-kewpie-430x94.jpg 430w, https:\/\/havamall.vn\/wp-content\/uploads\/2025\/06\/banner-kewpie-700x153.jpg 700w, https:\/\/havamall.vn\/wp-content\/uploads\/2025\/06\/banner-kewpie-150x33.jpg 150w\" sizes=\"(max-width: 1922px) 100vw, 1922px\" \/><\/p>\n<p data-pm-slice=\"1 1 []\"><strong>X\u1ed1t Mayonnaise Kewpie<\/strong> s\u1eed d\u1ee5ng ho\u00e0n to\u00e0n l\u00f2ng \u0111\u1ecf tr\u1ee9ng thay v\u00ec c\u1ea3 qu\u1ea3, k\u1ebft h\u1ee3p v\u1edbi d\u1ea7u \u0111\u1eadu n\u00e0nh v\u00e0 gi\u1ea5m l\u00ean men \u0111\u1eb7c bi\u1ec7t. Ch\u00ednh \u0111i\u1ec1u n\u00e0y mang l\u1ea1i k\u1ebft c\u1ea5u s\u00e1nh m\u1ecbn, v\u1ecb b\u00e9o nh\u1eb9 nh\u00e0ng m\u00e0 kh\u00f4ng h\u1ec1 ng\u1ea5y. Gi\u1ea5m trong x\u1ed1t \u0111\u01b0\u1ee3c \u1ee7 t\u1eeb r\u01b0\u1ee3u g\u1ea1o ho\u1eb7c t\u00e1o theo c\u00f4ng th\u1ee9c truy\u1ec1n th\u1ed1ng, t\u1ea1o n\u00ean h\u01b0\u01a1ng chua d\u1ecbu, thanh thanh r\u1ea5t ri\u00eang, kh\u00f4ng g\u1eaft nh\u01b0 c\u00e1c lo\u1ea1i x\u1ed1t T\u00e2y.<\/p>\n<p data-pm-slice=\"1 1 []\"><img decoding=\"async\" class=\"aligncenter\" src=\"https:\/\/havamall.com\/wp-content\/uploads\/2025\/06\/kewpie-mayonnaise.jpg\" alt=\"The Richness of Kewpie Mayonnaise: A Must-Try for American Foodies -  Japanese Grocery\" width=\"850\" height=\"638\" \/><\/p>\n<p>M\u00e0u v\u00e0ng kem nh\u1ea1t \u0111\u1eb7c tr\u01b0ng, kh\u00f4ng ch\u1ee9a ch\u1ea5t t\u1ea1o m\u00e0u hay ch\u1ea5t b\u1ea3o qu\u1ea3n. V\u1ecb x\u1ed1t \u0111\u1eadm nh\u01b0ng thanh, gi\u00fap t\u0103ng h\u01b0\u01a1ng v\u1ecb m\u00f3n \u0103n m\u00e0 kh\u00f4ng l\u1ea5n \u00e1t nguy\u00ean li\u1ec7u ch\u00ednh. K\u1ebft c\u1ea5u m\u1ec1m d\u1ebbo, d\u1ec5 h\u00f2a quy\u1ec7n, b\u00e1m \u0111\u1ec1u m\u00e0 kh\u00f4ng b\u1ecb t\u00e1ch d\u1ea7u k\u1ec3 c\u1ea3 khi d\u00f9ng ngu\u1ed9i ho\u1eb7c tr\u1ed9n sala<\/p>\n<p><img loading=\"lazy\" decoding=\"async\" class=\"aligncenter\" src=\"https:\/\/havamall.com\/wp-content\/uploads\/2025\/06\/00-Kewpie-mayo_Feat.jpg\" alt=\"Japanese Mayonnaise: Simply Tastier | Asian Inspirations\" width=\"850\" height=\"567\" \/><\/p>\n<h3 data-pm-slice=\"1 1 []\">C\u00c1CH S\u1eec D\u1ee4NG \u2013 TH\u01af\u1edeNG TH\u1ee8C<\/h3>\n<ul data-spread=\"false\">\n<li><strong>Ph\u1ebft b\u00e1nh m\u00ec<\/strong>: D\u00f9ng l\u00e0m l\u1edbp n\u1ec1n cho sandwich, b\u00e1nh m\u00ec tr\u1ee9ng chi\u00ean, b\u00e1nh m\u00ec g\u00e0 n\u01b0\u1edbng ho\u1eb7c c\u00e1 ng\u1eeb.<\/li>\n<li><strong>L\u00e0m salad<\/strong>: K\u1ebft h\u1ee3p v\u1edbi rau c\u1ee7, tr\u1ee9ng, th\u1ecbt ngu\u1ed9i, ng\u00f4 ng\u1ecdt \u0111\u1ec3 t\u1ea1o n\u00ean m\u00f3n salad phong c\u00e1ch Nh\u1eadt nhanh g\u1ecdn.<\/li>\n<li><strong>Ch\u1ea5m m\u00f3n chi\u00ean<\/strong>: D\u00f9ng tr\u1ef1c ti\u1ebfp v\u1edbi khoai t\u00e2y chi\u00ean, g\u00e0 chi\u00ean, t\u00f4m tempura, b\u00e1nh x\u00e8o Nh\u1eadt, b\u00e1nh b\u1ea1ch tu\u1ed9c.<\/li>\n<li><strong>Sushi &amp; m\u00f3n Nh\u1eadt<\/strong>: L\u00e0m topping cho sushi chi\u00ean, okonomiyaki (b\u00e1nh x\u00e8o Nh\u1eadt), takoyaki ho\u1eb7c c\u01a1m cu\u1ed9n tr\u1ee9ng.<\/li>\n<li><strong>L\u00e0m n\u1ec1n n\u01b0\u1edbc s\u1ed1t<\/strong>: K\u1ebft h\u1ee3p v\u1edbi t\u01b0\u01a1ng c\u00e0, m\u00f9 t\u1ea1t ho\u1eb7c n\u01b0\u1edbc t\u01b0\u01a1ng \u0111\u1ec3 t\u1ea1o x\u1ed1t ch\u1ea5m ri\u00eang cho m\u00f3n n\u01b0\u1edbng, salad ho\u1eb7c burger.<\/li>\n<\/ul>\n<p><img loading=\"lazy\" decoding=\"async\" class=\"aligncenter\" src=\"https:\/\/havamall.com\/wp-content\/uploads\/2025\/06\/Okonomiyaki_HERO-1.jpg\" width=\"850\" height=\"567\" \/><\/p>\n<p><strong>X\u1ed1t Mayonnaise H\u01b0\u01a1ng V\u1ecb Nh\u1eadt Kewpie 300g<\/strong> l\u00e0 lo\u1ea1i x\u1ed1t m\u00e0 b\u1ea5t k\u1ef3 c\u0103n b\u1ebfp n\u00e0o c\u0169ng n\u00ean c\u00f3. D\u00f9 d\u00f9ng cho b\u1eefa s\u00e1ng nhanh g\u1ecdn hay bi\u1ebfn t\u1ea5u m\u00f3n \u0103n c\u1ea7u k\u1ef3, Kewpie lu\u00f4n l\u00e0m tr\u00f2n vai khi t\u00f4n vinh tr\u1ecdn v\u1eb9n h\u01b0\u01a1ng v\u1ecb nguy\u00ean b\u1ea3n. M\u1ed9t s\u1ea3n ph\u1ea9m mang \u0111\u1eadm tinh th\u1ea7n \u1ea9m th\u1ef1c Nh\u1eadt \u2013 nh\u1eb9 nh\u00e0ng, h\u00e0i h\u00f2a v\u00e0 \u0111\u1ea7y c\u1ea3m h\u1ee9ng. <strong>S\u1ea3n ph\u1ea9m hi\u1ec7n \u0111\u00e3 c\u00f3 m\u1eb7t t\u1ea1i Havamall.<\/strong><\/p>","protected":false},"excerpt":{"rendered":"<p>TH\u00d4NG TIN S\u1ea2N PH\u1ea8M Th\u01b0\u01a1ng hi\u1ec7u Kewpie Xu\u1ea5t x\u1ee9 Nh\u1eadt B\u1ea3n Th\u00e0nh ph\u1ea7n D\u1ea7u \u0111\u1eadu n\u00e0nh, l\u00f2ng \u0111\u1ecf tr\u1ee9ng, gi\u1ea5m,<\/p>","protected":false},"featured_media":39819,"comment_status":"open","ping_status":"closed","template":"","meta":[],"product_brand":[],"product_cat":[675,154,143],"product_tag":[],"class_list":{"0":"post-39818","1":"product","2":"type-product","3":"status-publish","4":"has-post-thumbnail","6":"product_cat-nhap-khau-nhat-ban","7":"product_cat-gia-vi","8":"product_cat-thuc-pham-dong-hop","10":"first","11":"instock","12":"sale","13":"shipping-taxable","14":"purchasable","15":"product-type-simple"},"_links":{"self":[{"href":"https:\/\/havamall.vn\/en\/wp-json\/wp\/v2\/product\/39818"}],"collection":[{"href":"https:\/\/havamall.vn\/en\/wp-json\/wp\/v2\/product"}],"about":[{"href":"https:\/\/havamall.vn\/en\/wp-json\/wp\/v2\/types\/product"}],"replies":[{"embeddable":true,"href":"https:\/\/havamall.vn\/en\/wp-json\/wp\/v2\/comments?post=39818"}],"version-history":[{"count":0,"href":"https:\/\/havamall.vn\/en\/wp-json\/wp\/v2\/product\/39818\/revisions"}],"wp:featuredmedia":[{"embeddable":true,"href":"https:\/\/havamall.vn\/en\/wp-json\/wp\/v2\/media\/39819"}],"wp:attachment":[{"href":"https:\/\/havamall.vn\/en\/wp-json\/wp\/v2\/media?parent=39818"}],"wp:term":[{"taxonomy":"product_brand","embeddable":true,"href":"https:\/\/havamall.vn\/en\/wp-json\/wp\/v2\/product_brand?post=39818"},{"taxonomy":"product_cat","embeddable":true,"href":"https:\/\/havamall.vn\/en\/wp-json\/wp\/v2\/product_cat?post=39818"},{"taxonomy":"product_tag","embeddable":true,"href":"https:\/\/havamall.vn\/en\/wp-json\/wp\/v2\/product_tag?post=39818"}],"curies":[{"name":"wp","href":"https:\/\/api.w.org\/{rel}","templated":true}]}}