{"id":39803,"date":"2025-06-24T13:41:30","date_gmt":"2025-06-24T06:41:30","guid":{"rendered":"https:\/\/havamall.vn\/?post_type=product&#038;p=39803"},"modified":"2025-06-24T16:23:04","modified_gmt":"2025-06-24T09:23:04","slug":"nu-bach-hoa-ngam-karina-210g-karina-capotes-capers-in-brine","status":"publish","type":"product","link":"https:\/\/havamall.vn\/en\/shop\/nu-bach-hoa-ngam-karina-210g-karina-capotes-capers-in-brine\/","title":{"rendered":"N\u1ee5 B\u1ea1ch Hoa Ng\u00e2m Karina 360g\u2013 Karina Capotes Capers in Brine"},"content":{"rendered":"<h3 data-start=\"300\" data-end=\"322\">TH\u00d4NG TIN S\u1ea2N PH\u1ea8M<\/h3>\n<div class=\"_tableContainer_16hzy_1\">\n<div class=\"_tableWrapper_16hzy_14 group flex w-fit flex-col-reverse\">\n<table class=\"w-fit min-w-(--thread-content-width)\" data-start=\"324\" data-end=\"1154\">\n<thead data-start=\"324\" data-end=\"413\">\n<tr data-start=\"324\" data-end=\"413\">\n<th data-start=\"324\" data-end=\"348\" data-col-size=\"sm\"><strong data-start=\"326\" data-end=\"338\">Danh m\u1ee5c<\/strong><\/th>\n<th data-start=\"348\" data-end=\"413\" data-col-size=\"md\"><strong data-start=\"350\" data-end=\"362\">Chi ti\u1ebft<\/strong><\/th>\n<\/tr>\n<\/thead>\n<tbody data-start=\"504\" data-end=\"1154\">\n<tr data-start=\"504\" data-end=\"593\">\n<td data-start=\"504\" data-end=\"528\" data-col-size=\"sm\">Th\u01b0\u01a1ng hi\u1ec7u<\/td>\n<td data-col-size=\"md\" data-start=\"528\" data-end=\"593\">Karina<\/td>\n<\/tr>\n<tr data-start=\"594\" data-end=\"683\">\n<td data-start=\"594\" data-end=\"618\" data-col-size=\"sm\">Xu\u1ea5t x\u1ee9<\/td>\n<td data-start=\"618\" data-end=\"683\" data-col-size=\"md\">T\u00e2y Ban Nha<\/td>\n<\/tr>\n<tr data-start=\"684\" data-end=\"773\">\n<td data-start=\"684\" data-end=\"708\" data-col-size=\"sm\">Th\u00e0nh ph\u1ea7n<\/td>\n<td data-start=\"708\" data-end=\"773\" data-col-size=\"md\">N\u1ee5 b\u1ea1ch hoa (capers), n\u01b0\u1edbc, mu\u1ed1i<\/td>\n<\/tr>\n<tr data-start=\"774\" data-end=\"863\">\n<td data-start=\"774\" data-end=\"798\" data-col-size=\"sm\">H\u1ea1n s\u1eed d\u1ee5ng<\/td>\n<td data-start=\"798\" data-end=\"863\" data-col-size=\"md\">24 th\u00e1ng k\u1ec3 t\u1eeb ng\u00e0y s\u1ea3n xu\u1ea5t<\/td>\n<\/tr>\n<tr data-start=\"864\" data-end=\"973\">\n<td data-start=\"864\" data-end=\"888\" data-col-size=\"sm\">C\u00e1ch b\u1ea3o qu\u1ea3n<\/td>\n<td data-start=\"888\" data-end=\"973\" data-col-size=\"md\">B\u1ea3o qu\u1ea3n n\u01a1i tho\u00e1ng m\u00e1t. Gi\u1eef l\u1ea1nh sau khi m\u1edf n\u1eafp v\u00e0 d\u00f9ng trong th\u1eddi gian s\u1edbm nh\u1ea5t<\/td>\n<\/tr>\n<tr data-start=\"974\" data-end=\"1063\">\n<td data-start=\"974\" data-end=\"998\" data-col-size=\"sm\">Quy c\u00e1ch\/Kh\u1ed1i l\u01b0\u1ee3ng<\/td>\n<td data-start=\"998\" data-end=\"1063\" data-col-size=\"md\">H\u0169 th\u1ee7y tinh 360g<\/td>\n<\/tr>\n<tr data-start=\"1064\" data-end=\"1154\">\n<td data-start=\"1064\" data-end=\"1088\" data-col-size=\"sm\">Khuy\u1ebfn c\u00e1o<\/td>\n<td data-start=\"1088\" data-end=\"1154\" data-col-size=\"md\">C\u00f3 th\u1ec3 ch\u1ee9a l\u01b0\u1ee3ng mu\u1ed1i cao, n\u00ean d\u00f9ng v\u1eeba ph\u1ea3i n\u1ebfu \u0103n tr\u1ef1c ti\u1ebfp<\/td>\n<\/tr>\n<\/tbody>\n<\/table>\n<p data-start=\"1216\" data-end=\"1637\">\u1ea8m th\u1ef1c T\u00e2y Ban Nha v\u00e0 v\u00f9ng \u0110\u1ecba Trung H\u1ea3i lu\u00f4n \u01b0a chu\u1ed9ng nh\u1eefng nguy\u00ean li\u1ec7u c\u00f3 h\u01b0\u01a1ng v\u1ecb \u0111\u1eb7c bi\u1ec7t \u2013 v\u1eeba t\u1ea1o \u0111\u1ed9 t\u01b0\u01a1ng ph\u1ea3n, v\u1eeba t\u0103ng chi\u1ec1u s\u00e2u cho m\u00f3n \u0103n. Trong \u0111\u00f3,\u00a0<strong data-start=\"1378\" data-end=\"1407\">n\u1ee5 b\u1ea1ch hoa ng\u00e2m (capers)<\/strong>\u00a0l\u00e0 m\u1ed9t th\u00e0nh ph\u1ea7n \u0111\u1eb7c tr\u01b0ng, g\u00f3p m\u1eb7t trong nhi\u1ec1u m\u00f3n salad, n\u01b0\u1edbc s\u1ed1t, pizza hay c\u00e1 n\u01b0\u1edbng.\u00a0<strong data-start=\"1498\" data-end=\"1530\">N\u1ee5 B\u1ea1ch Hoa Ng\u00e2m Karina 360g <\/strong>ch\u00ednh l\u00e0 l\u1ef1a ch\u1ecdn l\u00fd t\u01b0\u1edfng \u0111\u1ec3 b\u1ea1n th\u00eam v\u00e0o c\u0103n b\u1ebfp m\u1ed9t nguy\u00ean li\u1ec7u mang \u0111\u1eadm d\u1ea5u \u1ea5n v\u00f9ng nhi\u1ec7t \u0111\u1edbi ch\u00e2u \u00c2u.<\/p>\n<p data-start=\"1216\" data-end=\"1637\"><img fetchpriority=\"high\" decoding=\"async\" class=\"aligncenter\" src=\"https:\/\/havamall.com\/wp-content\/uploads\/2025\/06\/Seared-scallops-with-lemon-caper-sauce3.jpg\" alt=\"Seared scallops with lemon caper sauce\" width=\"800\" height=\"800\" \/><\/p>\n<p data-start=\"1671\" data-end=\"2135\"><strong data-start=\"1671\" data-end=\"1681\">Karina<\/strong>\u00a0l\u00e0 th\u01b0\u01a1ng hi\u1ec7u chuy\u00ean cung c\u1ea5p c\u00e1c d\u00f2ng s\u1ea3n ph\u1ea9m \u0111\u1eb7c tr\u01b0ng c\u1ee7a T\u00e2y Ban Nha, t\u1eeb oliu, \u1edbt nh\u1ed3i cho \u0111\u1ebfn n\u1ee5 b\u1ea1ch hoa ng\u00e2m. V\u1edbi nhi\u1ec1u n\u0103m kinh nghi\u1ec7m v\u00e0 h\u1ec7 th\u1ed1ng s\u1ea3n xu\u1ea5t \u0111\u1ea1t chu\u1ea9n ch\u00e2u \u00c2u, Karina lu\u00f4n h\u01b0\u1edbng \u0111\u1ebfn vi\u1ec7c b\u1ea3o t\u1ed3n h\u01b0\u01a1ng v\u1ecb nguy\u00ean b\u1ea3n c\u1ee7a nguy\u00ean li\u1ec7u qua qu\u00e1 tr\u00ecnh ch\u1ebf bi\u1ebfn t\u1ef1 nhi\u00ean, kh\u00f4ng can thi\u1ec7p c\u00f4ng nghi\u1ec7p qu\u00e1 m\u1ee9c. Nh\u1edd \u0111\u00f3, c\u00e1c s\u1ea3n ph\u1ea9m c\u1ee7a Karina gi\u1eef \u0111\u01b0\u1ee3c v\u1ecb truy\u1ec1n th\u1ed1ng, gi\u00e0u c\u00e1 t\u00ednh v\u00e0 lu\u00f4n ph\u00f9 h\u1ee3p v\u1edbi xu h\u01b0\u1edbng \u1ea9m th\u1ef1c l\u00e0nh m\u1ea1nh hi\u1ec7n \u0111\u1ea1i.<\/p>\n<p data-start=\"1671\" data-end=\"2135\"><img decoding=\"async\" class=\"aligncenter\" src=\"https:\/\/aceitunaskarina.com\/wp-content\/themes\/yootheme\/cache\/5f\/alcaparras-5fd94517.jpeg\" alt=\"Alcaparras - Aceitunas Karina\" width=\"800\" height=\"450\" \/><\/p>\n<p data-start=\"2192\" data-end=\"2536\">Capers th\u1ef1c ch\u1ea5t l\u00e0\u00a0<strong data-start=\"2212\" data-end=\"2266\">n\u1ee5 hoa ch\u01b0a n\u1edf c\u1ee7a c\u00e2y b\u1ea1ch hoa (Capparis spinosa)<\/strong>, \u0111\u01b0\u1ee3c thu ho\u1ea1ch b\u1eb1ng tay v\u00e0 ng\u00e2m trong dung d\u1ecbch mu\u1ed1i t\u1ef1 nhi\u00ean \u0111\u1ec3 b\u1ea3o qu\u1ea3n. N\u1ee5 hoa c\u00f3 k\u00edch th\u01b0\u1edbc nh\u1ecf, m\u00e0u xanh olive v\u00e0 m\u00f9i th\u01a1m n\u1ed3ng nh\u1eb9 \u0111\u1eb7c tr\u01b0ng. Nh\u1edd\u00a0<strong data-start=\"2420\" data-end=\"2455\">qu\u00e1 tr\u00ecnh ng\u00e2m mu\u1ed1i l\u00ean men nh\u1eb9<\/strong>, capers c\u1ee7a Karina c\u00f3 v\u1ecb m\u1eb7n h\u00e0i h\u00f2a, xen l\u1eabn ch\u00fat chua thanh v\u00e0 h\u1eadu v\u1ecb h\u01a1i the.<\/p>\n<p data-start=\"2192\" data-end=\"2536\"><img decoding=\"async\" class=\"aligncenter\" src=\"https:\/\/havamall.com\/wp-content\/uploads\/2025\/06\/close-up-of-marinated-capers-in-bowl-on-table-914252656-5a8e20998e1b6e003688449d.jpg\" alt=\"All About Capers\" width=\"801\" height=\"534\" \/><\/p>\n<p data-start=\"2538\" data-end=\"2832\">N\u1ee5 b\u1ea1ch hoa Karina c\u00f3\u00a0<strong data-start=\"2560\" data-end=\"2580\">k\u1ebft c\u1ea5u gi\u00f2n nh\u1eb9<\/strong>, khi c\u1eafn t\u1ea1o c\u1ea3m gi\u00e1c b\u00f9ng v\u1ecb \u2013 r\u1ea5t th\u00edch h\u1ee3p \u0111\u1ec3 \u0111i\u1ec3m xuy\u1ebft trong m\u00f3n \u0103n, t\u1ea1o \u0111i\u1ec3m nh\u1ea5n m\u00e0 kh\u00f4ng l\u00e0m \u00e1t \u0111i m\u00f9i v\u1ecb ch\u00ednh. M\u1ed7i h\u0169 l\u00e0 s\u1ef1 ch\u1eaft l\u1ecdc t\u1eeb nh\u1eefng n\u1ee5 hoa tuy\u1ec3n ch\u1ecdn, ng\u00e2m theo c\u00f4ng th\u1ee9c truy\u1ec1n th\u1ed1ng, kh\u00f4ng d\u00f9ng ch\u1ea5t b\u1ea3o qu\u1ea3n hay ph\u1ee5 gia nh\u00e2n t\u1ea1o.<\/p>\n<ul data-start=\"2872\" data-end=\"3284\">\n<li data-start=\"2872\" data-end=\"2981\">\n<p data-start=\"2874\" data-end=\"2981\">D\u00f9ng tr\u1ef1c ti\u1ebfp nh\u01b0\u00a0<strong data-start=\"2893\" data-end=\"2913\">gia v\u1ecb trang tr\u00ed<\/strong>\u00a0cho c\u00e1c m\u00f3n nh\u01b0 c\u00e1 h\u1ed3i \u00e1p ch\u1ea3o, b\u00f2 n\u01b0\u1edbng, tr\u1ee9ng lu\u1ed9c, pizza, tapas\u2026<\/p>\n<\/li>\n<li data-start=\"2982\" data-end=\"3091\">\n<p data-start=\"2984\" data-end=\"3091\">Th\u00e1i nh\u1ecf v\u00e0 tr\u1ed9n c\u00f9ng d\u1ea7u olive, chanh, t\u1ecfi \u0111\u1ec3 l\u00e0m\u00a0<strong data-start=\"3035\" data-end=\"3054\">s\u1ed1t vinaigrette<\/strong>, n\u01b0\u1edbc x\u1ed1t \u0103n k\u00e8m salad ho\u1eb7c h\u1ea3i s\u1ea3n.<\/p>\n<\/li>\n<li data-start=\"3092\" data-end=\"3182\">\n<p data-start=\"3094\" data-end=\"3182\">C\u00f3 th\u1ec3 k\u1ebft h\u1ee3p v\u1edbi s\u1ed1t mayonnaise ho\u1eb7c kem chua \u0111\u1ec3 l\u00e0m\u00a0<strong data-start=\"3149\" data-end=\"3181\">dip ch\u1ea5m rau c\u1ee7 ho\u1eb7c b\u00e1nh m\u00ec<\/strong>.<\/p>\n<\/li>\n<li data-start=\"3183\" data-end=\"3284\">\n<p data-start=\"3185\" data-end=\"3284\">M\u1ed9t v\u00e0i n\u1ee5 capers c\u0169ng s\u1ebd l\u00e0m t\u0103ng chi\u1ec1u s\u00e2u v\u1ecb m\u1eb7n cho m\u00f3n m\u00ec \u00dd, risotto, ho\u1eb7c s\u1ed1t c\u00e0 chua n\u1ea5u c\u00e1.<\/p>\n<\/li>\n<\/ul>\n<p><img loading=\"lazy\" decoding=\"async\" class=\"aligncenter\" src=\"https:\/\/havamall.com\/wp-content\/uploads\/2025\/06\/8406511-7-minute-salmon-piccata-hero-03-VAT-4x3-06188029a05b420cbc22789624b5190a.jpg\" alt=\"7-Minute Salmon Piccata\" width=\"803\" height=\"602\" \/><\/p>\n<p data-start=\"3404\" data-end=\"3778\"><strong data-start=\"3404\" data-end=\"3436\">N\u1ee5 B\u1ea1ch Hoa Ng\u00e2m Karina 360g <\/strong>kh\u00f4ng ch\u1ec9 l\u00e0 m\u1ed9t nguy\u00ean li\u1ec7u, m\u00e0 c\u00f2n l\u00e0 chi\u1ebfc c\u1ea7u n\u1ed1i gi\u00fap b\u1ea1n b\u01b0\u1edbc v\u00e0o th\u1ebf gi\u1edbi \u1ea9m th\u1ef1c \u0110\u1ecba Trung H\u1ea3i \u0111\u1ea7y h\u01b0\u01a1ng v\u1ecb. Nh\u1ecf b\u00e9 nh\u01b0ng \u0111\u1ea7y c\u00e1 t\u00ednh, s\u1ea3n ph\u1ea9m n\u00e0y ch\u1eafc ch\u1eafn s\u1ebd khi\u1ebfn m\u00f3n \u0103n c\u1ee7a b\u1ea1n tr\u1edf n\u00ean kh\u00e1c bi\u1ec7t h\u01a1n ch\u1ec9 trong t\u00edch t\u1eafc. Hi\u1ec7n s\u1ea3n ph\u1ea9m \u0111\u00e3 c\u00f3 m\u1eb7t t\u1ea1i\u00a0<strong data-start=\"3697\" data-end=\"3709\">Havamall<\/strong>, \u0111\u1eebng b\u1ecf l\u1ee1 \u0111\u1ec3 l\u00e0m phong ph\u00fa th\u00eam tr\u1ea3i nghi\u1ec7m \u1ea9m th\u1ef1c c\u1ee7a ch\u00ednh b\u1ea1n.<\/p>\n<\/div>\n<\/div>","protected":false},"excerpt":{"rendered":"<p>TH\u00d4NG TIN S\u1ea2N PH\u1ea8M Danh m\u1ee5c Chi ti\u1ebft Th\u01b0\u01a1ng hi\u1ec7u Karina Xu\u1ea5t x\u1ee9 T\u00e2y Ban Nha Th\u00e0nh ph\u1ea7n N\u1ee5 b\u1ea1ch<\/p>","protected":false},"featured_media":39808,"comment_status":"open","ping_status":"closed","template":"","meta":[],"product_brand":[],"product_cat":[683,143],"product_tag":[],"class_list":{"0":"post-39803","1":"product","2":"type-product","3":"status-publish","4":"has-post-thumbnail","6":"product_cat-nhap-khau-tay-ban-nha","7":"product_cat-thuc-pham-dong-hop","9":"first","10":"instock","11":"sale","12":"shipping-taxable","13":"purchasable","14":"product-type-simple"},"_links":{"self":[{"href":"https:\/\/havamall.vn\/en\/wp-json\/wp\/v2\/product\/39803"}],"collection":[{"href":"https:\/\/havamall.vn\/en\/wp-json\/wp\/v2\/product"}],"about":[{"href":"https:\/\/havamall.vn\/en\/wp-json\/wp\/v2\/types\/product"}],"replies":[{"embeddable":true,"href":"https:\/\/havamall.vn\/en\/wp-json\/wp\/v2\/comments?post=39803"}],"version-history":[{"count":0,"href":"https:\/\/havamall.vn\/en\/wp-json\/wp\/v2\/product\/39803\/revisions"}],"wp:featuredmedia":[{"embeddable":true,"href":"https:\/\/havamall.vn\/en\/wp-json\/wp\/v2\/media\/39808"}],"wp:attachment":[{"href":"https:\/\/havamall.vn\/en\/wp-json\/wp\/v2\/media?parent=39803"}],"wp:term":[{"taxonomy":"product_brand","embeddable":true,"href":"https:\/\/havamall.vn\/en\/wp-json\/wp\/v2\/product_brand?post=39803"},{"taxonomy":"product_cat","embeddable":true,"href":"https:\/\/havamall.vn\/en\/wp-json\/wp\/v2\/product_cat?post=39803"},{"taxonomy":"product_tag","embeddable":true,"href":"https:\/\/havamall.vn\/en\/wp-json\/wp\/v2\/product_tag?post=39803"}],"curies":[{"name":"wp","href":"https:\/\/api.w.org\/{rel}","templated":true}]}}