{"id":39802,"date":"2025-06-24T13:31:46","date_gmt":"2025-06-24T06:31:46","guid":{"rendered":"https:\/\/havamall.vn\/?post_type=product&#038;p=39802"},"modified":"2025-06-24T16:24:20","modified_gmt":"2025-06-24T09:24:20","slug":"sot-mayonnaise-remia-ngay-min-500ml-remia-delicious-creamy-mayonnaise","status":"publish","type":"product","link":"https:\/\/havamall.vn\/en\/shop\/sot-mayonnaise-remia-ngay-min-500ml-remia-delicious-creamy-mayonnaise\/","title":{"rendered":"S\u1ed1t Mayonnaise Remia Ng\u1eady M\u1ecbn 250ml \u2013 Remia Delicious &amp; Creamy Mayonnaise"},"content":{"rendered":"<h3 data-start=\"476\" data-end=\"498\">TH\u00d4NG TIN S\u1ea2N PH\u1ea8M<\/h3>\n<div class=\"_tableContainer_16hzy_1\">\n<div class=\"_tableWrapper_16hzy_14 group flex w-fit flex-col-reverse\">\n<table class=\"w-fit min-w-(--thread-content-width)\" data-start=\"500\" data-end=\"1345\">\n<thead data-start=\"500\" data-end=\"589\">\n<tr data-start=\"500\" data-end=\"589\">\n<th data-start=\"500\" data-end=\"524\" data-col-size=\"sm\"><strong data-start=\"502\" data-end=\"514\">Danh m\u1ee5c<\/strong><\/th>\n<th data-start=\"524\" data-end=\"589\" data-col-size=\"md\"><strong data-start=\"526\" data-end=\"538\">Chi ti\u1ebft<\/strong><\/th>\n<\/tr>\n<\/thead>\n<tbody data-start=\"680\" data-end=\"1345\">\n<tr data-start=\"680\" data-end=\"769\">\n<td data-start=\"680\" data-end=\"704\" data-col-size=\"sm\">Th\u01b0\u01a1ng hi\u1ec7u<\/td>\n<td data-start=\"704\" data-end=\"769\" data-col-size=\"md\">Remia<\/td>\n<\/tr>\n<tr data-start=\"770\" data-end=\"859\">\n<td data-start=\"770\" data-end=\"794\" data-col-size=\"sm\">Xu\u1ea5t x\u1ee9<\/td>\n<td data-start=\"794\" data-end=\"859\" data-col-size=\"md\">H\u00e0 Lan<\/td>\n<\/tr>\n<tr data-start=\"860\" data-end=\"958\">\n<td data-start=\"860\" data-end=\"884\" data-col-size=\"sm\">Th\u00e0nh ph\u1ea7n<\/td>\n<td data-start=\"884\" data-end=\"958\" data-col-size=\"md\">D\u1ea7u th\u1ef1c v\u1eadt, l\u00f2ng \u0111\u1ecf tr\u1ee9ng, gi\u1ea5m, \u0111\u01b0\u1eddng, mu\u1ed1i, tinh b\u1ed9t, ch\u1ea5t \u0111i\u1ec1u v\u1ecb<\/td>\n<\/tr>\n<tr data-start=\"959\" data-end=\"1048\">\n<td data-start=\"959\" data-end=\"983\" data-col-size=\"sm\">H\u1ea1n s\u1eed d\u1ee5ng<\/td>\n<td data-start=\"983\" data-end=\"1048\" data-col-size=\"md\">12 th\u00e1ng k\u1ec3 t\u1eeb ng\u00e0y s\u1ea3n xu\u1ea5t<\/td>\n<\/tr>\n<tr data-start=\"1049\" data-end=\"1165\">\n<td data-start=\"1049\" data-end=\"1073\" data-col-size=\"sm\">C\u00e1ch b\u1ea3o qu\u1ea3n<\/td>\n<td data-start=\"1073\" data-end=\"1165\" data-col-size=\"md\">\u0110\u1ec3 n\u01a1i kh\u00f4 r\u00e1o, tho\u00e1ng m\u00e1t. Sau khi m\u1edf n\u1eafp n\u00ean gi\u1eef l\u1ea1nh v\u00e0 d\u00f9ng trong th\u1eddi gian s\u1edbm nh\u1ea5t<\/td>\n<\/tr>\n<tr data-start=\"1166\" data-end=\"1255\">\n<td data-start=\"1166\" data-end=\"1190\" data-col-size=\"sm\">Quy c\u00e1ch\/Kh\u1ed1i l\u01b0\u1ee3ng<\/td>\n<td data-start=\"1190\" data-end=\"1255\" data-col-size=\"md\">H\u0169 th\u1ee7y tinh 250g<\/td>\n<\/tr>\n<tr data-start=\"1256\" data-end=\"1345\">\n<td data-start=\"1256\" data-end=\"1280\" data-col-size=\"sm\">Khuy\u1ebfn c\u00e1o<\/td>\n<td data-start=\"1280\" data-end=\"1345\" data-col-size=\"md\">Kh\u00f4ng d\u00f9ng cho ng\u01b0\u1eddi d\u1ecb \u1ee9ng v\u1edbi tr\u1ee9ng<\/td>\n<\/tr>\n<\/tbody>\n<\/table>\n<p data-start=\"1406\" data-end=\"1773\">C\u00f3 nh\u1eefng lo\u1ea1i s\u1ed1t t\u01b0\u1edfng ch\u1eebng \u0111\u01a1n gi\u1ea3n nh\u01b0ng l\u1ea1i \u0111\u00f3ng vai tr\u00f2 kh\u00f4ng th\u1ec3 thay th\u1ebf trong c\u0103n b\u1ebfp hi\u1ec7n \u0111\u1ea1i. Mayonnaise l\u00e0 m\u1ed9t trong s\u1ed1 \u0111\u00f3 \u2013 m\u1ec1m m\u01b0\u1ee3t, b\u00e9o ng\u1eady, d\u1ec5 k\u1ebft h\u1ee3p v\u1edbi v\u00f4 v\u00e0n m\u00f3n \u0103n t\u1eeb \u00c2u \u0111\u1ebfn \u00c1. V\u00e0 n\u1ebfu b\u1ea1n t\u1eebng n\u1ebfm th\u1eed nhi\u1ec1u lo\u1ea1i mayonnaise nh\u01b0ng v\u1eabn ch\u01b0a t\u00ecm \u0111\u01b0\u1ee3c lo\u1ea1i \u01b0ng \u00fd, th\u00ec\u00a0<strong data-start=\"1691\" data-end=\"1724\">S\u1ed1t Mayonnaise Remia Ng\u1eady M\u1ecbn<\/strong>\u00a0c\u00f3 th\u1ec3 s\u1ebd l\u00e0m b\u1ea1n b\u1ea5t ng\u1edd ngay t\u1eeb th\u00eca \u0111\u1ea7u ti\u00ean.<\/p>\n<p data-start=\"1406\" data-end=\"1773\"><img fetchpriority=\"high\" decoding=\"async\" class=\"aligncenter size-full wp-image-40794\" src=\"https:\/\/havamall.com\/wp-content\/uploads\/2025\/06\/XOT-MAYONNAISE-250ML-5.jpg\" alt=\"\" width=\"800\" height=\"800\" \/><\/p>\n<p data-start=\"1814\" data-end=\"2281\">Ra \u0111\u1eddi t\u1eeb n\u0103m 1925 t\u1ea1i H\u00e0 Lan, Remia \u0111\u00e3 tr\u1ea3i qua g\u1ea7n m\u1ed9t th\u1ebf k\u1ef7 ph\u00e1t tri\u1ec3n v\u00e0 m\u1edf r\u1ed9ng, tr\u1edf th\u00e0nh m\u1ed9t trong nh\u1eefng th\u01b0\u01a1ng hi\u1ec7u gia v\u1ecb h\u00e0ng \u0111\u1ea7u ch\u00e2u \u00c2u. C\u00e1c s\u1ea3n ph\u1ea9m c\u1ee7a Remia hi\u1ec7n di\u1ec7n trong nhi\u1ec1u c\u0103n b\u1ebfp gia \u0111\u00ecnh v\u00e0 nh\u00e0 h\u00e0ng chuy\u00ean nghi\u1ec7p kh\u1eafp th\u1ebf gi\u1edbi \u2013 t\u1eeb s\u1ed1t BBQ, m\u00f9 t\u1ea1t \u0111\u1ebfn mayonnaise. Uy t\u00edn v\u00e0 ch\u1ea5t l\u01b0\u1ee3ng l\u00e0 hai y\u1ebfu t\u1ed1 lu\u00f4n \u0111\u01b0\u1ee3c Remia \u0111\u1eb7t l\u00ean h\u00e0ng \u0111\u1ea7u, minh ch\u1ee9ng b\u1eb1ng quy tr\u00ecnh s\u1ea3n xu\u1ea5t hi\u1ec7n \u0111\u1ea1i v\u00e0 tu\u00e2n th\u1ee7 nghi\u00eam ng\u1eb7t c\u00e1c ti\u00eau chu\u1ea9n an to\u00e0n th\u1ef1c ph\u1ea9m qu\u1ed1c t\u1ebf.<\/p>\n<p data-start=\"1814\" data-end=\"2281\"><img decoding=\"async\" class=\"aligncenter wp-image-40793\" src=\"https:\/\/havamall.com\/wp-content\/uploads\/2025\/06\/0775a565d9098692e1db28b80273c593-1.jpg\" alt=\"\" width=\"801\" height=\"601\" \/><\/p>\n<p data-start=\"2348\" data-end=\"2682\">S\u1ed1t Mayonnaise Remia \u0111\u01b0\u1ee3c s\u1ea3n xu\u1ea5t t\u1eeb\u00a0<strong data-start=\"2386\" data-end=\"2432\">d\u1ea7u th\u1ef1c v\u1eadt cao c\u1ea5p v\u00e0 l\u00f2ng \u0111\u1ecf tr\u1ee9ng t\u01b0\u01a1i<\/strong>, k\u1ebft h\u1ee3p c\u00f9ng gi\u1ea5m l\u00ean men, \u0111\u01b0\u1eddng, v\u00e0 m\u1ed9t ch\u00fat mu\u1ed1i \u0111\u1ec3 t\u1ea1o n\u00ean h\u01b0\u01a1ng v\u1ecb c\u00e2n b\u1eb1ng \u2013\u00a0<strong data-start=\"2516\" data-end=\"2565\">b\u00e9o m\u00e0 kh\u00f4ng ng\u1ea5y, m\u1ec1m m\u1ecbn m\u00e0 kh\u00f4ng \u0111\u1eb7c qu\u00e1nh<\/strong>. K\u1ebft c\u1ea5u c\u1ee7a s\u1ed1t m\u1ecbn nh\u01b0 kem, d\u1ec5 ph\u1ebft, d\u1ec5 tr\u1ed9n, ho\u00e0n to\u00e0n ph\u00f9 h\u1ee3p cho m\u1ecdi m\u1ee5c \u0111\u00edch s\u1eed d\u1ee5ng trong n\u1ea5u \u0103n ho\u1eb7c \u0103n k\u00e8m.<\/p>\n<p data-start=\"2684\" data-end=\"2863\">M\u00e0u s\u1eafc tr\u1eafng ng\u00e0 t\u1ef1 nhi\u00ean, kh\u00f4ng s\u1eed d\u1ee5ng ph\u1ea9m m\u00e0u t\u1ed5ng h\u1ee3p, kh\u00f4ng ch\u1ea5t b\u1ea3o qu\u1ea3n \u0111\u1ed9c h\u1ea1i. S\u1ea3n ph\u1ea9m \u0111\u00e1p \u1ee9ng c\u00e1c ti\u00eau chu\u1ea9n ch\u1ea5t l\u01b0\u1ee3ng ch\u00e2u \u00c2u v\u00e0 ph\u00f9 h\u1ee3p cho c\u1ea3 tr\u1ebb em v\u00e0 ng\u01b0\u1eddi l\u1edbn.<\/p>\n<p data-start=\"2684\" data-end=\"2863\"><img decoding=\"async\" class=\"aligncenter\" src=\"https:\/\/havamall.com\/wp-content\/uploads\/2025\/06\/0_Woman-dressing-delicious-vegetable-salad-with-mayonnaise-at-grey-table-closeup.webp\" alt=\"Brits amazed after discovering difference between mayonnaise and salad cream - The Mirror\" width=\"800\" height=\"600\" \/><\/p>\n<h3 data-start=\"2870\" data-end=\"2901\">C\u00e1ch s\u1eed d\u1ee5ng v\u00e0 th\u01b0\u1edfng th\u1ee9c<\/h3>\n<p data-start=\"2903\" data-end=\"2972\">S\u1ed1t mayonnaise l\u00e0 lo\u1ea1i gia v\u1ecb linh ho\u1ea1t, c\u00f3 th\u1ec3 d\u00f9ng theo nhi\u1ec1u c\u00e1ch:<\/p>\n<ul data-start=\"2974\" data-end=\"3277\">\n<li data-start=\"2974\" data-end=\"3039\">\n<p data-start=\"2976\" data-end=\"3039\"><strong data-start=\"2976\" data-end=\"3002\">L\u00e0m x\u1ed1t n\u1ec1n tr\u1ed9n salad<\/strong>\u00a0ho\u1eb7c c\u00e1c m\u00f3n rau c\u1ee7 lu\u1ed9c, n\u01b0\u1edbng, h\u1ea5p<\/p>\n<\/li>\n<li data-start=\"3040\" data-end=\"3095\">\n<p data-start=\"3042\" data-end=\"3095\"><strong data-start=\"3042\" data-end=\"3071\">Ph\u1ebft l\u00ean b\u00e1nh m\u00ec sandwich<\/strong>, b\u00e1nh m\u00ec k\u1eb9p, hamburger<\/p>\n<\/li>\n<li data-start=\"3096\" data-end=\"3152\">\n<p data-start=\"3098\" data-end=\"3152\"><strong data-start=\"3098\" data-end=\"3125\">Ch\u1ea5m h\u1ea3i s\u1ea3n chi\u00ean gi\u00f2n<\/strong>, khoai t\u00e2y chi\u00ean, x\u00fac x\u00edch<\/p>\n<\/li>\n<li data-start=\"3153\" data-end=\"3216\">\n<p data-start=\"3155\" data-end=\"3216\">Tr\u1ed9n c\u00f9ng t\u01b0\u01a1ng \u1edbt ho\u1eb7c m\u00f9 t\u1ea1t \u0111\u1ec3 t\u1ea1o\u00a0<strong data-start=\"3193\" data-end=\"3216\">s\u1ed1t ch\u1ea5m ri\u00eang bi\u1ec7t<\/strong><\/p>\n<\/li>\n<li data-start=\"3217\" data-end=\"3277\">\n<p data-start=\"3219\" data-end=\"3277\">D\u00f9ng trong c\u00e1c m\u00f3n sushi, c\u01a1m cu\u1ed9n ki\u1ec3u Nh\u1eadt \u0111\u1ec3 t\u1ea1o \u0111\u1ed9 b\u00e9o<\/p>\n<\/li>\n<\/ul>\n<p><img loading=\"lazy\" decoding=\"async\" class=\"aligncenter\" src=\"https:\/\/havamall.com\/wp-content\/uploads\/2025\/06\/01JR01MZK0PYRYEHRAFY4S1ZSM-unconverted.jpg\" alt=\"Brands\" width=\"802\" height=\"402\" \/><\/p>\n<p data-start=\"3428\" data-end=\"3830\">Kh\u00f4ng c\u1ea7n ph\u1ea3i l\u00e0 \u0111\u1ea7u b\u1ebfp chuy\u00ean nghi\u1ec7p, b\u1ea1n v\u1eabn c\u00f3 th\u1ec3 t\u1ea1o ra nh\u1eefng m\u00f3n \u0103n h\u1ea5p d\u1eabn h\u01a1n ch\u1ec9 v\u1edbi m\u1ed9t h\u0169\u00a0<strong data-start=\"3531\" data-end=\"3564\">S\u1ed1t Mayonnaise Remia Ng\u1eady M\u1ecbn<\/strong>. H\u01b0\u01a1ng v\u1ecb c\u00e2n b\u1eb1ng, ch\u1ea5t l\u01b0\u1ee3ng \u0111\u1ea3m b\u1ea3o v\u00e0 t\u00ednh \u1ee9ng d\u1ee5ng cao ch\u00ednh l\u00e0 \u0111i\u1ec3m c\u1ed9ng l\u1edbn cho s\u1ea3n ph\u1ea9m n\u00e0y. H\u0169 th\u1ee7y tinh ch\u1eafc ch\u1eafn, d\u1ec5 b\u1ea3o qu\u1ea3n v\u00e0 d\u1ec5 s\u1eed d\u1ee5ng trong m\u1ecdi ho\u00e0n c\u1ea3nh. Hi\u1ec7n s\u1ea3n ph\u1ea9m \u0111\u00e3 c\u00f3 m\u1eb7t t\u1ea1i\u00a0<strong data-start=\"3765\" data-end=\"3777\">Havamall<\/strong>, s\u1eb5n s\u00e0ng \u0111\u1ed3ng h\u00e0nh c\u00f9ng b\u1ea1n trong t\u1eebng b\u1eefa \u0103n ngon.<\/p>\n<\/div>\n<\/div>","protected":false},"excerpt":{"rendered":"<p>TH\u00d4NG TIN S\u1ea2N PH\u1ea8M Danh m\u1ee5c Chi ti\u1ebft Th\u01b0\u01a1ng hi\u1ec7u Remia Xu\u1ea5t x\u1ee9 H\u00e0 Lan Th\u00e0nh ph\u1ea7n D\u1ea7u th\u1ef1c v\u1eadt,<\/p>","protected":false},"featured_media":39804,"comment_status":"open","ping_status":"closed","template":"","meta":[],"product_brand":[],"product_cat":[677,595,154,143],"product_tag":[],"class_list":{"0":"post-39802","1":"product","2":"type-product","3":"status-publish","4":"has-post-thumbnail","6":"product_cat-cac-nuoc-khac","7":"product_cat-gia-vi-va-che-bien","8":"product_cat-gia-vi","9":"product_cat-thuc-pham-dong-hop","11":"first","12":"instock","13":"sale","14":"shipping-taxable","15":"purchasable","16":"product-type-simple"},"_links":{"self":[{"href":"https:\/\/havamall.vn\/en\/wp-json\/wp\/v2\/product\/39802"}],"collection":[{"href":"https:\/\/havamall.vn\/en\/wp-json\/wp\/v2\/product"}],"about":[{"href":"https:\/\/havamall.vn\/en\/wp-json\/wp\/v2\/types\/product"}],"replies":[{"embeddable":true,"href":"https:\/\/havamall.vn\/en\/wp-json\/wp\/v2\/comments?post=39802"}],"version-history":[{"count":0,"href":"https:\/\/havamall.vn\/en\/wp-json\/wp\/v2\/product\/39802\/revisions"}],"wp:featuredmedia":[{"embeddable":true,"href":"https:\/\/havamall.vn\/en\/wp-json\/wp\/v2\/media\/39804"}],"wp:attachment":[{"href":"https:\/\/havamall.vn\/en\/wp-json\/wp\/v2\/media?parent=39802"}],"wp:term":[{"taxonomy":"product_brand","embeddable":true,"href":"https:\/\/havamall.vn\/en\/wp-json\/wp\/v2\/product_brand?post=39802"},{"taxonomy":"product_cat","embeddable":true,"href":"https:\/\/havamall.vn\/en\/wp-json\/wp\/v2\/product_cat?post=39802"},{"taxonomy":"product_tag","embeddable":true,"href":"https:\/\/havamall.vn\/en\/wp-json\/wp\/v2\/product_tag?post=39802"}],"curies":[{"name":"wp","href":"https:\/\/api.w.org\/{rel}","templated":true}]}}