{"id":39801,"date":"2025-06-24T13:36:28","date_gmt":"2025-06-24T06:36:28","guid":{"rendered":"https:\/\/havamall.vn\/?post_type=product&#038;p=39801"},"modified":"2025-06-24T13:36:29","modified_gmt":"2025-06-24T06:36:29","slug":"xot-cham-barbecue-remia-cay-ngot-250ml-remia-spicy-sweet-barbecue-sauce","status":"publish","type":"product","link":"https:\/\/havamall.vn\/en\/shop\/xot-cham-barbecue-remia-cay-ngot-250ml-remia-spicy-sweet-barbecue-sauce\/","title":{"rendered":"X\u1ed1t Ch\u1ea5m Barbecue Remia Cay Ng\u1ecdt 250ml \u2013 Remia Spicy &amp; Sweet Barbecue Sauce"},"content":{"rendered":"<h3 data-start=\"469\" data-end=\"491\">TH\u00d4NG TIN S\u1ea2N PH\u1ea8M<\/h3>\n<div class=\"_tableContainer_16hzy_1\">\n<div class=\"_tableWrapper_16hzy_14 group flex w-fit flex-col-reverse\">\n<table class=\"w-fit min-w-(--thread-content-width)\" data-start=\"493\" data-end=\"1267\">\n<thead data-start=\"493\" data-end=\"569\">\n<tr data-start=\"493\" data-end=\"569\">\n<th data-start=\"493\" data-end=\"517\" data-col-size=\"sm\"><strong data-start=\"495\" data-end=\"507\">Danh m\u1ee5c<\/strong><\/th>\n<th data-start=\"517\" data-end=\"569\" data-col-size=\"md\"><strong data-start=\"519\" data-end=\"531\">Chi ti\u1ebft<\/strong><\/th>\n<\/tr>\n<\/thead>\n<tbody data-start=\"647\" data-end=\"1267\">\n<tr data-start=\"647\" data-end=\"723\">\n<td data-start=\"647\" data-end=\"671\" data-col-size=\"sm\">Th\u01b0\u01a1ng hi\u1ec7u<\/td>\n<td data-col-size=\"md\" data-start=\"671\" data-end=\"723\">Remia<\/td>\n<\/tr>\n<tr data-start=\"724\" data-end=\"800\">\n<td data-start=\"724\" data-end=\"748\" data-col-size=\"sm\">Xu\u1ea5t x\u1ee9<\/td>\n<td data-col-size=\"md\" data-start=\"748\" data-end=\"800\">H\u00e0 Lan<\/td>\n<\/tr>\n<tr data-start=\"801\" data-end=\"913\">\n<td data-start=\"801\" data-end=\"825\" data-col-size=\"sm\">Th\u00e0nh ph\u1ea7n<\/td>\n<td data-col-size=\"md\" data-start=\"825\" data-end=\"913\">C\u00e0 chua c\u00f4 \u0111\u1eb7c, \u0111\u01b0\u1eddng, gi\u1ea5m, h\u00e0nh t\u00e2y, t\u1ecfi, mu\u1ed1i, gia v\u1ecb, ch\u1ea5t \u0111i\u1ec1u v\u1ecb, ch\u1ea5t l\u00e0m d\u00e0y<\/td>\n<\/tr>\n<tr data-start=\"914\" data-end=\"990\">\n<td data-start=\"914\" data-end=\"938\" data-col-size=\"sm\">H\u1ea1n s\u1eed d\u1ee5ng<\/td>\n<td data-col-size=\"md\" data-start=\"938\" data-end=\"990\">12 th\u00e1ng k\u1ec3 t\u1eeb ng\u00e0y s\u1ea3n xu\u1ea5t<\/td>\n<\/tr>\n<tr data-start=\"991\" data-end=\"1101\">\n<td data-start=\"991\" data-end=\"1015\" data-col-size=\"sm\">C\u00e1ch b\u1ea3o qu\u1ea3n<\/td>\n<td data-col-size=\"md\" data-start=\"1015\" data-end=\"1101\">B\u1ea3o qu\u1ea3n n\u01a1i kh\u00f4 r\u00e1o, tr\u00e1nh \u00e1nh n\u1eafng tr\u1ef1c ti\u1ebfp. \u0110\u1eady k\u00edn v\u00e0 gi\u1eef l\u1ea1nh sau khi m\u1edf n\u1eafp<\/td>\n<\/tr>\n<tr data-start=\"1102\" data-end=\"1178\">\n<td data-start=\"1102\" data-end=\"1126\" data-col-size=\"sm\">Quy c\u00e1ch\/Kh\u1ed1i l\u01b0\u1ee3ng<\/td>\n<td data-col-size=\"md\" data-start=\"1126\" data-end=\"1178\">Chai th\u1ee7y tinh 250ml<\/td>\n<\/tr>\n<tr data-start=\"1179\" data-end=\"1267\">\n<td data-start=\"1179\" data-end=\"1203\" data-col-size=\"sm\">Khuy\u1ebfn c\u00e1o<\/td>\n<td data-col-size=\"md\" data-start=\"1203\" data-end=\"1267\">Kh\u00f4ng s\u1eed d\u1ee5ng n\u1ebfu s\u1ea3n ph\u1ea9m c\u00f3 d\u1ea5u hi\u1ec7u bi\u1ebfn \u0111\u1ed5i m\u00e0u ho\u1eb7c m\u00f9i<\/td>\n<\/tr>\n<\/tbody>\n<\/table>\n<p data-start=\"1320\" data-end=\"1653\">M\u1ed9t b\u1eefa ti\u1ec7c n\u01b0\u1edbng s\u1ebd kh\u00f4ng th\u1ec3 tr\u1ecdn v\u1eb9n n\u1ebfu thi\u1ebfu \u0111i m\u1ed9t lo\u1ea1i s\u1ed1t ch\u1ea5m \u0111\u1eadm \u0111\u00e0, tr\u00f2n v\u1ecb.\u00a0<strong>X\u1ed1t Barbecue Remia Cay Ng\u1ecdt<\/strong>\u00a0kh\u00f4ng ch\u1ec9 \u0111\u01a1n thu\u1ea7n l\u00e0 n\u01b0\u1edbc ch\u1ea5m, m\u00e0 ch\u00ednh l\u00e0 \u201cngh\u1ec7 thu\u1eadt\u201d n\u00e2ng t\u1ea7m m\u00f3n n\u01b0\u1edbng. V\u1edbi s\u1ef1 h\u00f2a quy\u1ec7n ho\u00e0n h\u1ea3o gi\u1eefa v\u1ecb ng\u1ecdt d\u1ecbu v\u00e0 cay nh\u1eb9 tinh t\u1ebf, s\u1ea3n ph\u1ea9m l\u00e0 l\u1ef1a ch\u1ecdn l\u00fd t\u01b0\u1edfng cho m\u1ecdi b\u1eefa ti\u1ec7c BBQ t\u1ea1i gia hay ngo\u00e0i tr\u1eddi.<\/p>\n<p data-start=\"1320\" data-end=\"1653\"><img fetchpriority=\"high\" decoding=\"async\" class=\"aligncenter\" src=\"https:\/\/images.themodernproper.com\/production\/posts\/GrilledBBQChicken_4.jpg?w=1200&amp;q=82&amp;auto=format&amp;fit=crop&amp;dm=1746665956&amp;s=8e9fbe304c468fc4f12df11648652c6b\" alt=\"Grilled BBQ Chicken\" width=\"850\" height=\"566\" \/><\/p>\n<p data-start=\"1686\" data-end=\"2033\"><strong>Remia<\/strong>\u00a0l\u00e0 th\u01b0\u01a1ng hi\u1ec7u \u0111\u1ebfn t\u1eeb H\u00e0 Lan v\u1edbi l\u1ecbch s\u1eed h\u01a1n 95 n\u0103m trong ng\u00e0nh th\u1ef1c ph\u1ea9m, n\u1ed5i ti\u1ebfng v\u1edbi c\u00e1c d\u00f2ng s\u1ed1t \u0103n k\u00e8m nh\u01b0 mayonnaise, m\u00f9 t\u1ea1t, s\u1ed1t BBQ, v\u00e0 nhi\u1ec1u lo\u1ea1i gia v\u1ecb cao c\u1ea5p kh\u00e1c. Remia lu\u00f4n \u0111\u1eb7t ch\u1ea5t l\u01b0\u1ee3ng v\u00e0 s\u1ef1 h\u00e0i l\u00f2ng c\u1ee7a ng\u01b0\u1eddi ti\u00eau d\u00f9ng l\u00ean h\u00e0ng \u0111\u1ea7u, kh\u00f4ng ng\u1eebng s\u00e1ng t\u1ea1o \u0111\u1ec3 \u0111\u01b0a v\u00e0o t\u1eebng s\u1ea3n ph\u1ea9m h\u01b0\u01a1ng v\u1ecb \u0111\u1eb7c tr\u01b0ng v\u00e0 an to\u00e0n cho s\u1ee9c kh\u1ecfe.<\/p>\n<p data-start=\"1686\" data-end=\"2033\"><img decoding=\"async\" class=\"aligncenter\" src=\"https:\/\/havamall.com\/wp-content\/uploads\/2025\/06\/vn-11134208-7r98o-lzsunxk3aix929.jpg\" alt=\"S\u1ed1t ch\u1ea5m Remia \u2013 Barbecue 250ml (ch\u1ea5m ho\u1eb7c \u01b0\u1edbp \u0111\u1ec1u \u0111\u01b0\u1ee3c) \u2013 Reta\" width=\"850\" height=\"850\" \/><\/p>\n<h3 data-start=\"2040\" data-end=\"2092\">\u0110\u1eb7c \u0111i\u1ec3m n\u1ed5i b\u1eadt c\u1ee7a X\u1ed1t Barbecue Remia Cay Ng\u1ecdt<\/h3>\n<p data-start=\"2094\" data-end=\"2387\"><strong>X\u1ed1t BBQ Remia<\/strong>\u00a0n\u1ed5i b\u1eadt v\u1edbi c\u00f4ng th\u1ee9c k\u1ebft h\u1ee3p gi\u1eefa\u00a0<strong data-start=\"2143\" data-end=\"2216\">c\u00e0 chua c\u00f4 \u0111\u1eb7c v\u00e0 c\u00e1c lo\u1ea1i gia v\u1ecb thi\u00ean nhi\u00ean nh\u01b0 h\u00e0nh t\u00e2y, t\u1ecfi, ti\u00eau<\/strong>\u2026 mang \u0111\u1ebfn m\u1ed9t h\u01b0\u01a1ng v\u1ecb\u00a0<strong data-start=\"2240\" data-end=\"2275\">cay ng\u1ecdt h\u00e0i h\u00f2a, h\u1eadu v\u1ecb \u0111\u1eadm \u0111\u00e0<\/strong>\u00a0m\u00e0 kh\u00f4ng b\u1ecb g\u1eaft. M\u00e0u \u0111\u1ecf n\u00e2u \u0111\u1eb7c tr\u01b0ng v\u00e0 \u0111\u1ed9 s\u00e1nh v\u1eeba ph\u1ea3i gi\u00fap s\u1ed1t d\u1ec5 d\u00e0ng b\u00e1m v\u00e0o th\u1ef1c ph\u1ea9m khi \u01b0\u1edbp ho\u1eb7c ch\u1ea5m.<\/p>\n<p data-start=\"2094\" data-end=\"2387\"><img decoding=\"async\" class=\"aligncenter\" src=\"https:\/\/havamall.com\/wp-content\/uploads\/2025\/06\/bbq-sauce-21214-1.jpg\" alt=\"BBQ sauce\" width=\"852\" height=\"568\" \/><\/p>\n<p data-start=\"2389\" data-end=\"2636\">Quy tr\u00ecnh ch\u1ebf bi\u1ebfn hi\u1ec7n \u0111\u1ea1i t\u1ea1i H\u00e0 Lan \u0111\u1ea3m b\u1ea3o t\u1eebng chai x\u1ed1t \u0111\u1ec1u gi\u1eef nguy\u00ean h\u01b0\u01a1ng v\u1ecb v\u00e0 ch\u1ea5t l\u01b0\u1ee3ng \u1ed5n \u0111\u1ecbnh. Kh\u00f4ng s\u1eed d\u1ee5ng ph\u1ea9m m\u00e0u t\u1ed5ng h\u1ee3p, kh\u00f4ng ch\u1ea5t b\u1ea3o qu\u1ea3n \u0111\u1ed9c h\u1ea1i, s\u1ea3n ph\u1ea9m \u0111\u00e1p \u1ee9ng c\u00e1c ti\u00eau chu\u1ea9n nghi\u00eam ng\u1eb7t v\u1ec1 an to\u00e0n th\u1ef1c ph\u1ea9m t\u1ea1i ch\u00e2u \u00c2u.<\/p>\n<h3 data-start=\"2643\" data-end=\"2673\">C\u00e1ch s\u1eed d\u1ee5ng &amp; th\u01b0\u1edfng th\u1ee9c<\/h3>\n<ul data-start=\"2675\" data-end=\"2989\">\n<li data-start=\"2675\" data-end=\"2763\">\n<p data-start=\"2677\" data-end=\"2763\"><strong data-start=\"2677\" data-end=\"2707\">D\u00f9ng l\u00e0m n\u01b0\u1edbc s\u1ed1t \u01b0\u1edbp th\u1ecbt<\/strong>\u00a0tr\u01b0\u1edbc khi n\u01b0\u1edbng: G\u00e0, b\u00f2, s\u01b0\u1eddn heo, x\u00fac x\u00edch, n\u1ea5m n\u01b0\u1edbng\u2026<\/p>\n<\/li>\n<li data-start=\"2764\" data-end=\"2860\">\n<p data-start=\"2766\" data-end=\"2860\"><strong data-start=\"2766\" data-end=\"2793\">L\u00e0m n\u01b0\u1edbc ch\u1ea5m tr\u1ef1c ti\u1ebfp<\/strong>\u00a0cho m\u00f3n n\u01b0\u1edbng, m\u00f3n chi\u00ean nh\u01b0 khoai t\u00e2y, th\u1ecbt vi\u00ean, ho\u1eb7c hamburger.<\/p>\n<\/li>\n<li data-start=\"2861\" data-end=\"2989\">\n<p data-start=\"2863\" data-end=\"2989\">K\u1ebft h\u1ee3p v\u1edbi c\u00e1c nguy\u00ean li\u1ec7u kh\u00e1c (m\u1eadt ong, ti\u00eau, d\u1ea7u m\u00e8) \u0111\u1ec3 t\u1ea1o ra nh\u1eefng phi\u00ean b\u1ea3n s\u1ed1t BBQ \u201csignature\u201d ri\u00eang cho t\u1eebng kh\u1ea9u v\u1ecb.<\/p>\n<\/li>\n<\/ul>\n<p><img loading=\"lazy\" decoding=\"async\" class=\"aligncenter\" src=\"https:\/\/havamall.com\/wp-content\/uploads\/2025\/06\/better-bbq-chicken-sauce-333633-hero-03-cda1231d6b004a20a9b2217e9ddef4a1.jpg\" alt=\"Best BBQ Sauce for Chicken\" width=\"852\" height=\"569\" \/><\/p>\n<p data-start=\"3154\" data-end=\"3515\">N\u1ebfu b\u1ea1n \u0111ang t\u00ecm ki\u1ebfm m\u1ed9t lo\u1ea1i x\u1ed1t barbecue \u0111\u00fang chu\u1ea9n ch\u00e2u \u00c2u, cay ng\u1ecdt c\u00e2n b\u1eb1ng, d\u1ec5 d\u00f9ng cho c\u1ea3 \u01b0\u1edbp v\u00e0 ch\u1ea5m, th\u00ec X\u1ed1t Barbecue Remia Cay Ng\u1ecdt 250ml ch\u1eafc ch\u1eafn l\u00e0 \u1ee9ng c\u1eed vi\u00ean l\u00fd t\u01b0\u1edfng. H\u01b0\u01a1ng v\u1ecb d\u1ec5 \u0103n, ti\u1ec7n l\u1ee3i v\u00e0 ch\u1ea5t l\u01b0\u1ee3ng cao l\u00e0 nh\u1eefng g\u00ec s\u1ea3n ph\u1ea9m n\u00e0y mang l\u1ea1i. Hi\u1ec7n s\u1ea3n ph\u1ea9m \u0111\u00e3 c\u00f3 m\u1eb7t t\u1ea1i\u00a0<strong data-start=\"3444\" data-end=\"3456\">Havamall<\/strong>, s\u1eb5n s\u00e0ng \u0111\u1ec3 \u0111\u1ed3ng h\u00e0nh c\u00f9ng b\u1ea1n trong m\u1ecdi bu\u1ed5i ti\u1ec7c n\u01b0\u1edbng.<\/p>\n<\/div>\n<\/div>","protected":false},"excerpt":{"rendered":"<p>TH\u00d4NG TIN S\u1ea2N PH\u1ea8M Danh m\u1ee5c Chi ti\u1ebft Th\u01b0\u01a1ng hi\u1ec7u Remia Xu\u1ea5t x\u1ee9 H\u00e0 Lan Th\u00e0nh ph\u1ea7n C\u00e0 chua c\u00f4<\/p>","protected":false},"featured_media":39806,"comment_status":"open","ping_status":"closed","template":"","meta":[],"product_brand":[],"product_cat":[677,595,143],"product_tag":[],"class_list":{"0":"post-39801","1":"product","2":"type-product","3":"status-publish","4":"has-post-thumbnail","6":"product_cat-cac-nuoc-khac","7":"product_cat-gia-vi-va-che-bien","8":"product_cat-thuc-pham-dong-hop","10":"first","11":"instock","12":"sale","13":"shipping-taxable","14":"purchasable","15":"product-type-simple"},"_links":{"self":[{"href":"https:\/\/havamall.vn\/en\/wp-json\/wp\/v2\/product\/39801"}],"collection":[{"href":"https:\/\/havamall.vn\/en\/wp-json\/wp\/v2\/product"}],"about":[{"href":"https:\/\/havamall.vn\/en\/wp-json\/wp\/v2\/types\/product"}],"replies":[{"embeddable":true,"href":"https:\/\/havamall.vn\/en\/wp-json\/wp\/v2\/comments?post=39801"}],"version-history":[{"count":0,"href":"https:\/\/havamall.vn\/en\/wp-json\/wp\/v2\/product\/39801\/revisions"}],"wp:featuredmedia":[{"embeddable":true,"href":"https:\/\/havamall.vn\/en\/wp-json\/wp\/v2\/media\/39806"}],"wp:attachment":[{"href":"https:\/\/havamall.vn\/en\/wp-json\/wp\/v2\/media?parent=39801"}],"wp:term":[{"taxonomy":"product_brand","embeddable":true,"href":"https:\/\/havamall.vn\/en\/wp-json\/wp\/v2\/product_brand?post=39801"},{"taxonomy":"product_cat","embeddable":true,"href":"https:\/\/havamall.vn\/en\/wp-json\/wp\/v2\/product_cat?post=39801"},{"taxonomy":"product_tag","embeddable":true,"href":"https:\/\/havamall.vn\/en\/wp-json\/wp\/v2\/product_tag?post=39801"}],"curies":[{"name":"wp","href":"https:\/\/api.w.org\/{rel}","templated":true}]}}