{"id":39796,"date":"2025-06-24T10:20:58","date_gmt":"2025-06-24T03:20:58","guid":{"rendered":"https:\/\/havamall.vn\/?post_type=product&#038;p=39796"},"modified":"2025-06-26T16:13:33","modified_gmt":"2025-06-26T09:13:33","slug":"sot-mu-tat-dijon-remia-cao-cap-370g-remia-dijon-mustard-premium","status":"publish","type":"product","link":"https:\/\/havamall.vn\/en\/shop\/sot-mu-tat-dijon-remia-cao-cap-370g-remia-dijon-mustard-premium\/","title":{"rendered":"S\u1ed1t M\u00f9 T\u1ea1t Dijon Remia Cao C\u1ea5p 370g \u2013 Remia Dijon Mustard Premium"},"content":{"rendered":"<h3 data-start=\"182\" data-end=\"204\">TH\u00d4NG TIN S\u1ea2N PH\u1ea8M<\/h3>\n<div class=\"_tableContainer_16hzy_1\">\n<div class=\"_tableWrapper_16hzy_14 group flex w-fit flex-col-reverse\">\n<table class=\"w-fit min-w-(--thread-content-width)\" data-start=\"206\" data-end=\"925\">\n<thead data-start=\"206\" data-end=\"279\">\n<tr data-start=\"206\" data-end=\"279\">\n<th data-start=\"206\" data-end=\"230\" data-col-size=\"sm\"><strong data-start=\"208\" data-end=\"220\">Danh m\u1ee5c<\/strong><\/th>\n<th data-start=\"230\" data-end=\"279\" data-col-size=\"md\"><strong data-start=\"232\" data-end=\"244\">Chi ti\u1ebft<\/strong><\/th>\n<\/tr>\n<\/thead>\n<tbody data-start=\"354\" data-end=\"925\">\n<tr data-start=\"354\" data-end=\"427\">\n<td data-start=\"354\" data-end=\"378\" data-col-size=\"sm\">Th\u01b0\u01a1ng hi\u1ec7u<\/td>\n<td data-col-size=\"md\" data-start=\"378\" data-end=\"427\">Remia<\/td>\n<\/tr>\n<tr data-start=\"428\" data-end=\"501\">\n<td data-start=\"428\" data-end=\"452\" data-col-size=\"sm\">Xu\u1ea5t x\u1ee9<\/td>\n<td data-col-size=\"md\" data-start=\"452\" data-end=\"501\">H\u00e0 Lan<\/td>\n<\/tr>\n<tr data-start=\"502\" data-end=\"575\">\n<td data-start=\"502\" data-end=\"526\" data-col-size=\"sm\">Th\u00e0nh ph\u1ea7n<\/td>\n<td data-col-size=\"md\" data-start=\"526\" data-end=\"575\">N\u01b0\u1edbc, h\u1ea1t m\u00f9 t\u1ea1t, gi\u1ea5m, mu\u1ed1i, gia v\u1ecb t\u1ef1 nhi\u00ean<\/td>\n<\/tr>\n<tr data-start=\"576\" data-end=\"649\">\n<td data-start=\"576\" data-end=\"600\" data-col-size=\"sm\">H\u1ea1n s\u1eed d\u1ee5ng<\/td>\n<td data-col-size=\"md\" data-start=\"600\" data-end=\"649\">12 th\u00e1ng k\u1ec3 t\u1eeb ng\u00e0y s\u1ea3n xu\u1ea5t<\/td>\n<\/tr>\n<tr data-start=\"650\" data-end=\"747\">\n<td data-start=\"650\" data-end=\"674\" data-col-size=\"sm\">C\u00e1ch b\u1ea3o qu\u1ea3n<\/td>\n<td data-col-size=\"md\" data-start=\"674\" data-end=\"747\">B\u1ea3o qu\u1ea3n n\u01a1i kh\u00f4 r\u00e1o, tho\u00e1ng m\u00e1t. \u0110\u1eady k\u00edn sau khi m\u1edf n\u1eafp v\u00e0 gi\u1eef l\u1ea1nh.<\/td>\n<\/tr>\n<tr data-start=\"748\" data-end=\"821\">\n<td data-start=\"748\" data-end=\"772\" data-col-size=\"sm\">Quy c\u00e1ch\/Kh\u1ed1i l\u01b0\u1ee3ng<\/td>\n<td data-col-size=\"md\" data-start=\"772\" data-end=\"821\">\u00a0H\u0169 th\u1ee7y tinh 370g<\/td>\n<\/tr>\n<tr data-start=\"822\" data-end=\"925\">\n<td data-start=\"822\" data-end=\"846\" data-col-size=\"sm\">Khuy\u1ebfn c\u00e1o<\/td>\n<td data-col-size=\"md\" data-start=\"846\" data-end=\"925\">S\u1ea3n ph\u1ea9m c\u00f3 ch\u1ee9a m\u00f9 t\u1ea1t \u2013 kh\u00f4ng ph\u00f9 h\u1ee3p cho ng\u01b0\u1eddi d\u1ecb \u1ee9ng v\u1edbi th\u00e0nh ph\u1ea7n n\u00e0y<\/td>\n<\/tr>\n<\/tbody>\n<\/table>\n<h3 data-start=\"932\" data-end=\"992\">S\u1ed1t m\u00f9 t\u1ea1t \u2013 b\u00ed m\u1eadt nh\u1ecf trong c\u0103n b\u1ebfp phong c\u00e1ch ch\u00e2u \u00c2u<\/h3>\n<p data-start=\"994\" data-end=\"1467\">\u1ea8m th\u1ef1c ph\u01b0\u01a1ng T\u00e2y v\u1ed1n n\u1ed5i ti\u1ebfng v\u1edbi s\u1ef1 tinh t\u1ebf, v\u00e0 trong \u0111\u00f3, s\u1ed1t m\u00f9 t\u1ea1t Dijon lu\u00f4n \u0111\u01b0\u1ee3c xem l\u00e0 m\u1ed9t trong nh\u1eefng gia v\u1ecb kh\u00f4ng th\u1ec3 thi\u1ebfu \u0111\u1ec3 l\u00e0m n\u1ed5i b\u1eadt h\u01b0\u01a1ng v\u1ecb m\u00f3n \u0103n. T\u01b0\u1edfng ch\u1eebng ch\u1ec9 l\u00e0 m\u1ed9t lo\u1ea1i n\u01b0\u1edbc s\u1ed1t v\u00e0ng nh\u1ea1t, nh\u01b0ng b\u00ean trong n\u00f3 l\u00e0 c\u1ea3 m\u1ed9t th\u1ebf gi\u1edbi h\u01b0\u01a1ng v\u1ecb phong ph\u00fa. N\u1ebfu b\u1ea1n \u0111ang t\u00ecm ki\u1ebfm m\u1ed9t s\u1ea3n ph\u1ea9m c\u00f3 ch\u1ea5t l\u01b0\u1ee3ng cao, ph\u00f9 h\u1ee3p v\u1edbi c\u1ea3 m\u00f3n n\u01b0\u1edbng l\u1eabn m\u00f3n ngu\u1ed9i, th\u00ec\u00a0<strong data-start=\"1365\" data-end=\"1404\">S\u1ed1t M\u00f9 T\u1ea1t Dijon Remia Cao C\u1ea5p 370g<\/strong>\u00a0ch\u00ednh l\u00e0 l\u1ef1a ch\u1ecdn x\u1ee9ng \u0111\u00e1ng \u0111\u1ec3 g\u00f3p m\u1eb7t trong gian b\u1ebfp c\u1ee7a b\u1ea1n.<\/p>\n<p data-start=\"994\" data-end=\"1467\"><img fetchpriority=\"high\" decoding=\"async\" class=\"aligncenter wp-image-40780\" src=\"https:\/\/havamall.com\/wp-content\/uploads\/2025\/06\/AR-240790-chef-johns-dijon-mustard-ddmfs-3x4-b6e96e9393d645b0a8f362455641eb7e-1.jpg\" alt=\"\" width=\"849\" height=\"637\" \/><\/p>\n<p data-start=\"1508\" data-end=\"1969\"><strong data-start=\"1508\" data-end=\"1517\">Remia<\/strong>\u00a0l\u00e0 th\u01b0\u01a1ng hi\u1ec7u gia v\u1ecb n\u1ed5i ti\u1ebfng \u0111\u1ebfn t\u1eeb H\u00e0 Lan v\u1edbi l\u1ecbch s\u1eed ph\u00e1t tri\u1ec3n h\u01a1n 95 n\u0103m. Kh\u1edfi ngu\u1ed3n l\u00e0 m\u1ed9t nh\u00e0 s\u1ea3n xu\u1ea5t b\u01a1 margarine v\u00e0o n\u0103m 1925, Remia \u0111\u00e3 kh\u00f4ng ng\u1eebng m\u1edf r\u1ed9ng v\u00e0 c\u1ea3i ti\u1ebfn danh m\u1ee5c s\u1ea3n ph\u1ea9m, tr\u1edf th\u00e0nh m\u1ed9t trong nh\u1eefng th\u01b0\u01a1ng hi\u1ec7u h\u00e0ng \u0111\u1ea7u ch\u00e2u \u00c2u v\u1ec1 s\u1ed1t v\u00e0 gia v\u1ecb. V\u1edbi ph\u01b0\u01a1ng ch\u00e2m \u201c\u0110\u1eadm v\u1ecb trong t\u1eebng gi\u1ecdt\u201d, Remia chinh ph\u1ee5c ng\u01b0\u1eddi ti\u00eau d\u00f9ng to\u00e0n c\u1ea7u b\u1eb1ng ch\u1ea5t l\u01b0\u1ee3ng cao, c\u00f4ng th\u1ee9c \u0111\u1ed9c quy\u1ec1n v\u00e0 quy tr\u00ecnh s\u1ea3n xu\u1ea5t hi\u1ec7n \u0111\u1ea1i \u0111\u1ea1t ti\u00eau chu\u1ea9n qu\u1ed1c t\u1ebf.<\/p>\n<p data-start=\"1508\" data-end=\"1969\"><img decoding=\"async\" class=\"aligncenter wp-image-40776\" src=\"https:\/\/havamall.com\/wp-content\/uploads\/2025\/06\/Dijon_mustard_on_a_spoon_-_20051218.jpg\" alt=\"\" width=\"851\" height=\"638\" \/><\/p>\n<h3 data-start=\"1976\" data-end=\"2031\">\u0110\u1eb7c \u0111i\u1ec3m n\u1ed5i b\u1eadt c\u1ee7a S\u1ed1t M\u00f9 T\u1ea1t Dijon Remia Cao C\u1ea5p<\/h3>\n<p data-start=\"2033\" data-end=\"2429\">\u0110i\u1ec3m nh\u1ea5n \u0111\u1ea7u ti\u00ean c\u1ee7a lo\u1ea1i s\u1ed1t n\u00e0y n\u1eb1m \u1edf nguy\u00ean li\u1ec7u ch\u00ednh \u2013\u00a0<strong data-start=\"2095\" data-end=\"2137\">h\u1ea1t m\u00f9 t\u1ea1t v\u00e0ng \u0111\u01b0\u1ee3c ch\u1ecdn l\u1ecdc k\u1ef9 l\u01b0\u1ee1ng<\/strong>, k\u1ebft h\u1ee3p c\u00f9ng gi\u1ea5m, n\u01b0\u1edbc v\u00e0 c\u00e1c lo\u1ea1i gia v\u1ecb t\u1ef1 nhi\u00ean theo c\u00f4ng th\u1ee9c truy\u1ec1n th\u1ed1ng t\u1eeb v\u00f9ng Burgundy, Ph\u00e1p. Kh\u00f4ng gi\u1ed1ng nh\u1eefng lo\u1ea1i m\u00f9 t\u1ea1t n\u1ed3ng g\u1eaft, s\u1ed1t Dijon Remia t\u1ea1o \u1ea5n t\u01b0\u1ee3ng b\u1edfi\u00a0<strong data-start=\"2316\" data-end=\"2353\">\u0111\u1ed9 m\u1ecbn cao, m\u00e0u v\u00e0ng nh\u1ea1t \u0111\u1eb9p m\u1eaft<\/strong>\u00a0c\u00f9ng v\u1edbi m\u00f9i th\u01a1m d\u1ecbu, kh\u00f4ng qu\u00e1 x\u1ed1c nh\u01b0ng v\u1eabn \u0111\u1ee7 m\u1ea1nh \u0111\u1ec3 kh\u01a1i d\u1eady v\u1ecb gi\u00e1c.<\/p>\n<p data-start=\"2033\" data-end=\"2429\"><img decoding=\"async\" class=\"aligncenter\" src=\"https:\/\/www.morehousefoods.com\/wp-content\/uploads\/2024\/09\/mustard-sauce-with-its-ingredients-turmeric-seeds-flowers.jpg\" alt=\"What's The Difference Between Dijon and Regular Mustard?\" width=\"850\" height=\"850\" \/><\/p>\n<p data-start=\"2431\" data-end=\"2813\">Quy tr\u00ecnh s\u1ea3n xu\u1ea5t \u0111\u01b0\u1ee3c ki\u1ec3m so\u00e1t nghi\u00eam ng\u1eb7t t\u1eeb kh\u00e2u xay nghi\u1ec1n h\u1ea1t m\u00f9 t\u1ea1t \u0111\u1ebfn pha tr\u1ed9n t\u1ef7 l\u1ec7 gi\u1ea5m, mu\u1ed1i v\u00e0 gia v\u1ecb, \u0111\u1ea3m b\u1ea3o s\u1ef1 \u0111\u1ed3ng nh\u1ea5t trong t\u1eebng l\u00f4 s\u1ea3n ph\u1ea9m. S\u1ed1t c\u00f3\u00a0<strong data-start=\"2600\" data-end=\"2624\">k\u1ebft c\u1ea5u \u0111\u1eb7c v\u1eeba ph\u1ea3i<\/strong>, d\u1ec5 tr\u1ed9n, d\u1ec5 ph\u1ebft v\u00e0 kh\u00f4ng b\u1ecb t\u00e1ch l\u1edbp khi b\u1ea3o qu\u1ea3n. V\u1ecb s\u1ed1t \u0111\u1eadm \u0111\u00e0, h\u01a1i cay nh\u1eb9 \u1edf \u0111\u1ea7u l\u01b0\u1ee1i, h\u1eadu v\u1ecb m\u01b0\u1ee3t v\u00e0 s\u00e2u \u2013 r\u1ea5t ph\u00f9 h\u1ee3p \u0111\u1ec3 l\u00e0m n\u1ed5i b\u1eadt h\u01b0\u01a1ng v\u1ecb t\u1ef1 nhi\u00ean c\u1ee7a th\u1ef1c ph\u1ea9m m\u00e0 kh\u00f4ng l\u1ea5n \u00e1t.<\/p>\n<h3 data-start=\"2820\" data-end=\"2852\">G\u1ee3i \u00fd s\u1eed d\u1ee5ng v\u00e0 th\u01b0\u1edfng th\u1ee9c<\/h3>\n<p data-start=\"2854\" data-end=\"3283\">S\u1ed1t M\u00f9 T\u1ea1t Dijon Remia l\u00e0 l\u1ef1a ch\u1ecdn tuy\u1ec7t v\u1eddi \u0111\u1ec3 l\u00e0m\u00a0<strong data-start=\"2906\" data-end=\"2929\">n\u01b0\u1edbc s\u1ed1t tr\u1ed9n salad<\/strong>, s\u1ed1t \u0103n k\u00e8m\u00a0<strong data-start=\"2942\" data-end=\"2981\">th\u1ecbt ngu\u1ed9i, x\u00fac x\u00edch, th\u1ecbt b\u00f2 n\u01b0\u1edbng<\/strong>, ho\u1eb7c l\u00e0m n\u1ec1n cho c\u00e1c lo\u1ea1i s\u1ed1t ph\u00f4 mai, s\u1ed1t kem \u0103n k\u00e8m m\u00f3n \u00c2u. Ch\u1ec9 c\u1ea7n m\u1ed9t l\u01b0\u1ee3ng nh\u1ecf c\u0169ng \u0111\u1ee7 gi\u00fap m\u00f3n \u0103n th\u00eam \u0111\u1eadm v\u1ecb v\u00e0 h\u1ea5p d\u1eabn. Ngo\u00e0i ra, b\u1ea1n c\u00f3 th\u1ec3 d\u00f9ng s\u1ed1t nh\u01b0\u00a0<strong data-start=\"3145\" data-end=\"3220\">m\u1ed9t th\u00e0nh ph\u1ea7n t\u1ea1o v\u1ecb \u0111\u1ed9c \u0111\u00e1o trong c\u00e1c m\u00f3n s\u1ed1t BBQ, s\u1ed1t m\u00f9 t\u1ea1t m\u1eadt ong<\/strong>, ho\u1eb7c ph\u1ebft l\u00ean b\u00e1nh m\u00ec sandwich \u0111\u1ec3 t\u1ea1o \u0111i\u1ec3m nh\u1ea5n cho b\u1eefa s\u00e1ng.<\/p>\n<p data-start=\"2854\" data-end=\"3283\"><img loading=\"lazy\" decoding=\"async\" class=\"aligncenter wp-image-40777\" src=\"https:\/\/havamall.com\/wp-content\/uploads\/2025\/06\/2680501_Suppe_27487-2000-e6d7d35985154afc808a38bf7f673e2f.jpg\" alt=\"\" width=\"800\" height=\"800\" \/><\/p>\n<p data-start=\"3285\" data-end=\"3432\"><strong>S\u1ed1t M\u00f9 T\u1ea1t Dijon Remia Cao C\u1ea5p<\/strong>\u00a0kh\u00f4ng ch\u1ec9 l\u00e0 m\u1ed9t lo\u1ea1i gia v\u1ecb th\u00f4ng th\u01b0\u1eddng, m\u00e0 c\u00f2n l\u00e0 c\u00e1ch \u0111\u1ec3 b\u1ea1n n\u00e2ng t\u1ea7m m\u00f3n \u0103n, bi\u1ebfn nh\u1eefng b\u1eefa \u0103n \u0111\u01a1n gi\u1ea3n tr\u1edf n\u00ean tinh t\u1ebf, \u0111\u1eadm ch\u1ea5t ch\u00e2u \u00c2u. M\u1ed9t chai s\u1ed1t nh\u01b0ng m\u1edf ra v\u00f4 v\u00e0n tr\u1ea3i nghi\u1ec7m v\u1ecb gi\u00e1c. S\u1ea3n ph\u1ea9m hi\u1ec7n \u0111\u00e3 c\u00f3 m\u1eb7t t\u1ea1i\u00a0<strong data-start=\"3709\" data-end=\"3721\">Havamall<\/strong>, \u0111\u1eebng b\u1ecf l\u1ee1 c\u01a1 h\u1ed9i \u0111\u1ec3 mang h\u01b0\u01a1ng v\u1ecb ch\u00e2u \u00c2u v\u1ec1 ngay trong gian b\u1ebfp c\u1ee7a b\u1ea1n.<\/p>\n<\/div>\n<\/div>","protected":false},"excerpt":{"rendered":"<p>TH\u00d4NG TIN S\u1ea2N PH\u1ea8M Danh m\u1ee5c Chi ti\u1ebft Th\u01b0\u01a1ng hi\u1ec7u Remia Xu\u1ea5t x\u1ee9 H\u00e0 Lan Th\u00e0nh ph\u1ea7n N\u01b0\u1edbc, h\u1ea1t m\u00f9<\/p>","protected":false},"featured_media":39797,"comment_status":"open","ping_status":"closed","template":"","meta":[],"product_brand":[],"product_cat":[677,595,154,143],"product_tag":[],"class_list":{"0":"post-39796","1":"product","2":"type-product","3":"status-publish","4":"has-post-thumbnail","6":"product_cat-cac-nuoc-khac","7":"product_cat-gia-vi-va-che-bien","8":"product_cat-gia-vi","9":"product_cat-thuc-pham-dong-hop","11":"first","12":"instock","13":"sale","14":"shipping-taxable","15":"purchasable","16":"product-type-simple"},"_links":{"self":[{"href":"https:\/\/havamall.vn\/en\/wp-json\/wp\/v2\/product\/39796"}],"collection":[{"href":"https:\/\/havamall.vn\/en\/wp-json\/wp\/v2\/product"}],"about":[{"href":"https:\/\/havamall.vn\/en\/wp-json\/wp\/v2\/types\/product"}],"replies":[{"embeddable":true,"href":"https:\/\/havamall.vn\/en\/wp-json\/wp\/v2\/comments?post=39796"}],"version-history":[{"count":0,"href":"https:\/\/havamall.vn\/en\/wp-json\/wp\/v2\/product\/39796\/revisions"}],"wp:featuredmedia":[{"embeddable":true,"href":"https:\/\/havamall.vn\/en\/wp-json\/wp\/v2\/media\/39797"}],"wp:attachment":[{"href":"https:\/\/havamall.vn\/en\/wp-json\/wp\/v2\/media?parent=39796"}],"wp:term":[{"taxonomy":"product_brand","embeddable":true,"href":"https:\/\/havamall.vn\/en\/wp-json\/wp\/v2\/product_brand?post=39796"},{"taxonomy":"product_cat","embeddable":true,"href":"https:\/\/havamall.vn\/en\/wp-json\/wp\/v2\/product_cat?post=39796"},{"taxonomy":"product_tag","embeddable":true,"href":"https:\/\/havamall.vn\/en\/wp-json\/wp\/v2\/product_tag?post=39796"}],"curies":[{"name":"wp","href":"https:\/\/api.w.org\/{rel}","templated":true}]}}