{"id":39738,"date":"2025-06-19T11:11:04","date_gmt":"2025-06-19T04:11:04","guid":{"rendered":"https:\/\/havamall.vn\/?post_type=product&#038;p=39738"},"modified":"2025-06-19T11:40:49","modified_gmt":"2025-06-19T04:40:49","slug":"thit-ba-roi-xong-khoi-chefs-smoked-bacon-200g-smoked-bacon","status":"publish","type":"product","link":"https:\/\/havamall.vn\/en\/shop\/thit-ba-roi-xong-khoi-chefs-smoked-bacon-200g-smoked-bacon\/","title":{"rendered":"Th\u1ecbt Ba R\u1ecdi X\u00f4ng Kh\u00f3i Chef\u2019s Smoked Bacon 200g \u2013 Smoked Bacon"},"content":{"rendered":"<h3><strong>TH\u00d4NG TIN S\u1ea2N PH\u1ea8M<\/strong><\/h3>\n<table>\n<tbody>\n<tr>\n<td>Th\u01b0\u01a1ng hi\u1ec7u<\/td>\n<td>Chef\u2019s Selection<\/td>\n<\/tr>\n<tr>\n<td>Xu\u1ea5t x\u1ee9<\/td>\n<td>Vi\u1ec7t Nam<\/td>\n<\/tr>\n<tr>\n<td>Th\u00e0nh ph\u1ea7n<\/td>\n<td>Th\u1ecbt ba r\u1ecdi heo, mu\u1ed1i, \u0111\u01b0\u1eddng, ti\u00eau, ch\u1ea5t b\u1ea3o qu\u1ea3n, ch\u1ea5t ch\u1ed1ng oxy h\u00f3a<\/td>\n<\/tr>\n<tr>\n<td>C\u00e1ch d\u00f9ng<\/td>\n<td>D\u00f9ng \u0103n tr\u1ef1c ti\u1ebfp sau khi m\u1edf bao b\u00ec. Th\u00e1i l\u00e1t \u0103n ngay ho\u1eb7c ch\u1ebf bi\u1ebfn c\u00e1c m\u00f3n \u0103n theo nhu c\u1ea7u.<\/td>\n<\/tr>\n<tr>\n<td>B\u1ea3o qu\u1ea3n<\/td>\n<td>B\u1ea3o qu\u1ea3n \u0111\u00f4ng l\u1ea1nh \u1edf nhi\u1ec7t \u0111\u1ed9 =&lt; \u2013 18 \u0111\u1ed9 C<\/td>\n<\/tr>\n<tr>\n<td>H\u1ea1n s\u1eed d\u1ee5ng<\/td>\n<td>Xem tr\u00ean bao b\u00ec<\/td>\n<\/tr>\n<tr>\n<td>Kh\u1ed1i l\u01b0\u1ee3ng t\u1ecbnh<\/td>\n<td>200g<\/td>\n<\/tr>\n<\/tbody>\n<\/table>\n<p data-sourcepos=\"17:1-17:310\"><strong>Th\u1ecbt Ba R\u1ecdi X\u00f4ng Kh\u00f3i Chef\u2019s Smoked Bacon 200g<\/strong>\u00a0l\u00e0 l\u1ef1a ch\u1ecdn ho\u00e0n h\u1ea3o cho nh\u1eefng ai y\u00eau th\u00edch h\u01b0\u01a1ng v\u1ecb \u0111\u1eadm \u0111\u00e0, \u0111\u1eb7c tr\u01b0ng c\u1ee7a th\u1ecbt x\u00f4ng kh\u00f3i truy\u1ec1n th\u1ed1ng. S\u1ea3n ph\u1ea9m \u0111\u01b0\u1ee3c s\u1ea3n xu\u1ea5t t\u1eeb nh\u1eefng mi\u1ebfng th\u1ecbt ba r\u1ecdi t\u01b0\u01a1i ngon, ch\u1ecdn l\u1ecdc k\u1ef9 l\u01b0\u1ee1ng, v\u1edbi t\u1ef7 l\u1ec7 n\u1ea1c m\u1ee1 c\u00e2n \u0111\u1ed1i, mang \u0111\u1ebfn tr\u1ea3i nghi\u1ec7m \u1ea9m th\u1ef1c \u0111\u1ea7y h\u1ea5p d\u1eabn v\u00e0 b\u00e9o ng\u1eady.<\/p>\n<p data-sourcepos=\"17:1-17:310\"><img fetchpriority=\"high\" decoding=\"async\" class=\"aligncenter\" src=\"https:\/\/havamall.com\/wp-content\/uploads\/2025\/06\/PorkBacon_5e5a6df0-d5e9-4d6d-98c8-5b115e9f20ac.jpg\" alt=\"Smoked Bacon \u2013 Sunday Farms\" width=\"800\" height=\"800\" \/><\/p>\n<p data-sourcepos=\"19:1-19:270\"><strong>Chef\u2019s Smoked Bacon<\/strong>\u00a0\u0111\u01b0\u1ee3c ch\u1ebf bi\u1ebfn theo c\u00f4ng th\u1ee9c x\u00f4ng kh\u00f3i chu\u1ea9n m\u1ef1c, gi\u00fap gi\u1eef tr\u1ecdn v\u1eb9n h\u01b0\u01a1ng v\u1ecb t\u1ef1 nhi\u00ean c\u1ee7a th\u1ecbt v\u00e0 t\u0103ng c\u01b0\u1eddng \u0111\u1ed9 th\u01a1m ngon. S\u1ea3n ph\u1ea9m kh\u00f4ng ch\u1ec9 ti\u1ec7n l\u1ee3i m\u00e0 c\u00f2n gi\u00e0u dinh d\u01b0\u1ee1ng, r\u1ea5t ph\u00f9 h\u1ee3p cho nh\u1eefng b\u1eefa \u0103n nhanh g\u1ecdn ho\u1eb7c b\u1ed5 sung v\u00e0o th\u1ef1c \u0111\u01a1n h\u00e0ng ng\u00e0y.<\/p>\n<p data-sourcepos=\"19:1-19:270\"><img decoding=\"async\" class=\"aligncenter\" src=\"https:\/\/havamall.com\/wp-content\/uploads\/2025\/06\/Caesarsmokedbaconraw.jpg\" alt=\"Scrumpdillyicious: Caesar Salad with Smoked Bacon &amp; Quail's Eggs\" width=\"800\" height=\"1067\" \/><\/p>\n<p data-sourcepos=\"21:1-21:273\">S\u1ea3n ph\u1ea9m \u0111\u01b0\u1ee3c \u0111\u00f3ng g\u00f3i h\u00fat ch\u00e2n kh\u00f4ng ti\u1ec7n l\u1ee3i, gi\u00fap b\u1ea3o qu\u1ea3n t\u1ed1t h\u01a1n v\u00e0 d\u1ec5 d\u00e0ng s\u1eed d\u1ee5ng. M\u1ecdi kh\u00e2u t\u1eeb tuy\u1ec3n ch\u1ecdn nguy\u00ean li\u1ec7u \u0111\u1ebfn ch\u1ebf bi\u1ebfn v\u00e0 \u0111\u00f3ng g\u00f3i \u0111\u1ec1u tu\u00e2n th\u1ee7 c\u00e1c ti\u00eau chu\u1ea9n v\u1ec7 sinh an to\u00e0n th\u1ef1c ph\u1ea9m nghi\u00eam ng\u1eb7t, \u0111\u1ea3m b\u1ea3o ch\u1ea5t l\u01b0\u1ee3ng cao nh\u1ea5t khi \u0111\u1ebfn tay ng\u01b0\u1eddi ti\u00eau d\u00f9ng.<\/p>\n<p data-sourcepos=\"21:1-21:273\"><img decoding=\"async\" class=\"aligncenter\" src=\"https:\/\/havamall.com\/wp-content\/uploads\/2025\/06\/image-asset.jpg\" alt=\"Artisan Meat - Bacon, Deli, &amp; Charcuterie \u2014 Zoe's Meats\" width=\"801\" height=\"534\" \/><\/p>\n<p data-sourcepos=\"23:1-23:309\"><strong>Th\u1ecbt Ba R\u1ecdi X\u00f4ng Kh\u00f3i Chef\u2019s Smoked Bacon<\/strong>\u00a0c\u00f3 th\u1ec3 d\u00f9ng \u0111\u1ec3 \u0103n k\u00e8m v\u1edbi b\u00e1nh m\u00ec, b\u00e1nh sandwich cho b\u1eefa s\u00e1ng nhanh g\u1ecdn, ho\u1eb7c s\u00e1ng t\u1ea1o trong c\u00e1c m\u00f3n \u0103n ch\u00ednh nh\u01b0 salad, m\u00ec \u00dd carbonara, hay c\u00e1c m\u00f3n cu\u1ed9n rau c\u1ee7, ph\u00f4 mai n\u01b0\u1edbng. H\u01b0\u01a1ng v\u1ecb \u0111\u1ed9c \u0111\u00e1o c\u1ee7a th\u1ecbt x\u00f4ng kh\u00f3i s\u1ebd l\u00e0m phong ph\u00fa th\u00eam kh\u1ea9u v\u1ecb cho b\u1eefa \u0103n gia \u0111\u00ecnh b\u1ea1n.<\/p>\n<ul data-sourcepos=\"26:1-28:0\">\n<li data-sourcepos=\"26:1-26:84\">Th\u1ecbt ba r\u1ecdi x\u00f4ng kh\u00f3i \u0111\u00e3 \u0111\u01b0\u1ee3c c\u1eaft l\u00e1t s\u1eb5n, ti\u1ec7n l\u1ee3i \u0111\u1ec3 \u00e1p ch\u1ea3o, n\u01b0\u1edbng, ho\u1eb7c chi\u00ean.<\/li>\n<li data-sourcepos=\"27:1-28:0\">B\u1ea1n c\u00f3 th\u1ec3 k\u1ebft h\u1ee3p v\u1edbi nhi\u1ec1u th\u1ef1c ph\u1ea9m kh\u00e1c \u0111\u1ec3 t\u1ea1o n\u00ean c\u00e1c m\u00f3n \u0103n \u0111a d\u1ea1ng nh\u01b0 ba r\u1ecdi cu\u1ed9n m\u0103ng t\u00e2y, ba r\u1ecdi cu\u1ed9n n\u1ea5m, ho\u1eb7c d\u00f9ng \u0111\u1ec3 ch\u1ebf bi\u1ebfn c\u00e1c m\u00f3n s\u00fap, h\u1ea7m.<\/li>\n<\/ul>\n<p><img loading=\"lazy\" decoding=\"async\" class=\"aligncenter\" src=\"https:\/\/havamall.com\/wp-content\/uploads\/2025\/06\/IMG_2820.jpg\" alt=\"Top Chef Meals: Bacon Omelet with Bacon and Roasted Potatoes\" width=\"800\" height=\"800\" \/><\/p>\n<p data-sourcepos=\"29:1-29:10\"><strong>L\u01b0u \u00fd:<\/strong><\/p>\n<ul data-sourcepos=\"30:1-32:0\">\n<li data-sourcepos=\"30:1-30:114\">Khi ch\u1ebf bi\u1ebfn th\u1ecbt ba r\u1ecdi x\u00f4ng kh\u00f3i c\u1eaft l\u00e1t, r\u1ea5t d\u1ec5 b\u1ecb ch\u00e1y n\u1ebfu nhi\u1ec7t \u0111\u1ed9 qu\u00e1 cao. N\u00ean \u0111\u1ec3 l\u1eeda nh\u1ecf v\u00e0 l\u1eadt li\u00ean t\u1ee5c.<\/li>\n<li data-sourcepos=\"31:1-32:0\">Cho ba r\u1ecdi v\u00e0o ch\u1ea3o khi ch\u1ea3o c\u00f2n ch\u01b0a n\u00f3ng v\u00e0 ch\u1ec9 c\u1ea7n th\u1ea5y mi\u1ebfng th\u1ecbt chuy\u1ec3n m\u00e0u l\u00e0 c\u00f3 th\u1ec3 s\u1eed d\u1ee5ng \u0111\u01b0\u1ee3c. Tr\u00e1nh chi\u00ean (n\u01b0\u1edbng) qu\u00e1 l\u00e2u s\u1ebd l\u00e0m mi\u1ebfng th\u1ecbt b\u1ecb kh\u00f4 v\u00e0 m\u1ea5t \u0111i \u0111\u1ed9 m\u1ec1m m\u1ecdng.<\/li>\n<\/ul>\n<p>S\u1ea3n ph\u1ea9m hi\u1ec7n \u0111\u00e3 c\u00f3 m\u1eb7t t\u1ea1i Havamall.<\/p>","protected":false},"excerpt":{"rendered":"<p>TH\u00d4NG TIN S\u1ea2N PH\u1ea8M Th\u01b0\u01a1ng hi\u1ec7u Chef\u2019s Selection Xu\u1ea5t x\u1ee9 Vi\u1ec7t Nam Th\u00e0nh ph\u1ea7n Th\u1ecbt ba r\u1ecdi heo, mu\u1ed1i, \u0111\u01b0\u1eddng,<\/p>","protected":false},"featured_media":39739,"comment_status":"open","ping_status":"closed","template":"","meta":[],"product_brand":[],"product_cat":[677,275,36],"product_tag":[],"class_list":{"0":"post-39738","1":"product","2":"type-product","3":"status-publish","4":"has-post-thumbnail","6":"product_cat-cac-nuoc-khac","7":"product_cat-thuc-pham-dong-lanh","8":"product_cat-thuc-pham-tieu-dung","10":"first","11":"instock","12":"sale","13":"shipping-taxable","14":"purchasable","15":"product-type-simple"},"_links":{"self":[{"href":"https:\/\/havamall.vn\/en\/wp-json\/wp\/v2\/product\/39738"}],"collection":[{"href":"https:\/\/havamall.vn\/en\/wp-json\/wp\/v2\/product"}],"about":[{"href":"https:\/\/havamall.vn\/en\/wp-json\/wp\/v2\/types\/product"}],"replies":[{"embeddable":true,"href":"https:\/\/havamall.vn\/en\/wp-json\/wp\/v2\/comments?post=39738"}],"version-history":[{"count":0,"href":"https:\/\/havamall.vn\/en\/wp-json\/wp\/v2\/product\/39738\/revisions"}],"wp:featuredmedia":[{"embeddable":true,"href":"https:\/\/havamall.vn\/en\/wp-json\/wp\/v2\/media\/39739"}],"wp:attachment":[{"href":"https:\/\/havamall.vn\/en\/wp-json\/wp\/v2\/media?parent=39738"}],"wp:term":[{"taxonomy":"product_brand","embeddable":true,"href":"https:\/\/havamall.vn\/en\/wp-json\/wp\/v2\/product_brand?post=39738"},{"taxonomy":"product_cat","embeddable":true,"href":"https:\/\/havamall.vn\/en\/wp-json\/wp\/v2\/product_cat?post=39738"},{"taxonomy":"product_tag","embeddable":true,"href":"https:\/\/havamall.vn\/en\/wp-json\/wp\/v2\/product_tag?post=39738"}],"curies":[{"name":"wp","href":"https:\/\/api.w.org\/{rel}","templated":true}]}}