{"id":39550,"date":"2025-06-14T10:04:35","date_gmt":"2025-06-14T03:04:35","guid":{"rendered":"https:\/\/havamall.vn\/?post_type=product&#038;p=39550"},"modified":"2025-06-14T10:37:50","modified_gmt":"2025-06-14T03:37:50","slug":"nuoc-uong-co-con-chu-hi-huong-man-5-alc-aster-taiyou-sumomo-chu-hi-cocktail-5-alc","status":"publish","type":"product","link":"https:\/\/havamall.vn\/en\/shop\/nuoc-uong-co-con-chu-hi-huong-man-5-alc-aster-taiyou-sumomo-chu-hi-cocktail-5-alc\/","title":{"rendered":"N\u01b0\u1edbc U\u1ed1ng C\u00f3 C\u1ed3n Chu-Hi H\u01b0\u01a1ng M\u1eadn 5% Alc \u2013 Aster Taiyou Sumomo Chu-Hi Cocktail 5% Alc"},"content":{"rendered":"<h2 class=\"product-detail__specs-title\"><strong>TH\u00d4NG TIN CHUNG<\/strong><\/h2>\n<div id=\"js-product-detail__specs\" class=\"product-detail__specs\">\n<div class=\"row\">\n<div class=\"col-sm-12\">\n<div class=\"product-specs__table\">\n<table>\n<tbody>\n<tr>\n<td class=\"specs-table__property\">Th\u01b0\u01a1ng hi\u1ec7u<\/td>\n<td class=\"specs-table__value\">Aster<\/td>\n<\/tr>\n<tr>\n<td class=\"specs-table__property\">Xu\u1ea5t x\u1ee9<\/td>\n<td class=\"specs-table__value\">\n<p data-start=\"474\" data-end=\"497\">Nh\u1eadt B\u1ea3n<\/p>\n<\/td>\n<\/tr>\n<tr>\n<td class=\"specs-table__property\">H\u1ea1n s\u1eed d\u1ee5ng<\/td>\n<td class=\"specs-table__value\">12 th\u00e1ng<\/td>\n<\/tr>\n<tr>\n<td class=\"specs-table__property\">H\u01b0\u1edbng d\u1eabn s\u1eed d\u1ee5ng<\/td>\n<td class=\"specs-table__value\">D\u00f9ng tr\u1ef1c ti\u1ebfp ho\u1eb7c ch\u1ebf bi\u1ebfn c\u00e1c m\u00f3n \u0103n tu\u1ef3 th\u00edch<\/td>\n<\/tr>\n<tr>\n<td class=\"specs-table__property\">Th\u00e0nh ph\u1ea7n nguy\u00ean li\u1ec7u<\/td>\n<td class=\"specs-table__value\">\n<p data-start=\"758\" data-end=\"849\">N\u01b0\u1edbc \u00e9p m\u1eadn Taiyou (Nh\u1eadt), r\u01b0\u1ee3u shochu, n\u01b0\u1edbc c\u00f3 ga, \u0111\u01b0\u1eddng, h\u01b0\u01a1ng t\u1ef1 nhi\u00ean<\/p>\n<\/td>\n<\/tr>\n<tr>\n<td class=\"specs-table__property\">Quy c\u00e1ch<\/td>\n<td class=\"specs-table__value\">Lon 350ml<\/td>\n<\/tr>\n<tr>\n<td>\n<p data-start=\"587\" data-end=\"608\">N\u1ed3ng \u0111\u1ed9 c\u1ed3n<\/p>\n<\/td>\n<td>\n<p data-start=\"587\" data-end=\"608\">5%<\/p>\n<\/td>\n<\/tr>\n<\/tbody>\n<\/table>\n<h3 data-start=\"907\" data-end=\"951\">GI\u1edaI THI\u1ec6U V\u1ec0 CHU-HI &amp; TH\u01af\u01a0NG HI\u1ec6U ASTER<\/h3>\n<p data-start=\"953\" data-end=\"1219\"><strong data-start=\"953\" data-end=\"971\">Chu-Hi (\u30c1\u30e5\u30fc\u30cf\u30a4)<\/strong>\u00a0l\u00e0 d\u00f2ng cocktail \u0111\u00f3ng lon ph\u1ed5 bi\u1ebfn b\u1eadc nh\u1ea5t t\u1ea1i Nh\u1eadt B\u1ea3n \u2013 th\u01b0\u1eddng g\u1ed3m\u00a0<strong data-start=\"1042\" data-end=\"1069\">r\u01b0\u1ee3u ch\u01b0ng c\u1ea5t (shochu)<\/strong>\u00a0k\u1ebft h\u1ee3p v\u1edbi\u00a0<strong data-start=\"1082\" data-end=\"1117\">n\u01b0\u1edbc c\u00f3 gas v\u00e0 n\u01b0\u1edbc \u00e9p tr\u00e1i c\u00e2y<\/strong>. \u0110\u00e2y l\u00e0 \u0111\u1ed3 u\u1ed1ng y\u00eau th\u00edch trong nh\u1eefng d\u1ecbp th\u01b0 gi\u00e3n, \u0103n nh\u1eadu nh\u1eb9 nh\u00e0ng ho\u1eb7c c\u00e1c b\u1eefa ti\u1ec7c ngo\u00e0i tr\u1eddi.<\/p>\n<p data-start=\"1221\" data-end=\"1479\">Th\u01b0\u01a1ng hi\u1ec7u\u00a0<strong data-start=\"1233\" data-end=\"1242\">Aster<\/strong>\u00a0mang phong c\u00e1ch hi\u1ec7n \u0111\u1ea1i, tr\u1ebb trung c\u1ee7a gi\u1edbi tr\u1ebb Nh\u1eadt, ch\u00fa tr\u1ecdng v\u00e0o\u00a0<strong data-start=\"1312\" data-end=\"1388\">s\u1ef1 tinh khi\u1ebft trong nguy\u00ean li\u1ec7u, \u0111\u1ed9 c\u1ed3n v\u1eeba ph\u1ea3i, h\u01b0\u01a1ng v\u1ecb tr\u00e1i c\u00e2y th\u1eadt<\/strong>\u00a0\u2013 gi\u00fap ng\u01b0\u1eddi u\u1ed1ng c\u1ea3m nh\u1eadn tr\u1ecdn v\u1eb9n t\u1eebng t\u1ea7ng h\u01b0\u01a1ng m\u00e0 kh\u00f4ng b\u1ecb g\u1eaft nh\u01b0 bia hay r\u01b0\u1ee3u m\u1ea1nh.<\/p>\n<p data-start=\"1221\" data-end=\"1479\"><img fetchpriority=\"high\" decoding=\"async\" class=\"aligncenter wp-image-40477\" src=\"https:\/\/havamall.com\/wp-content\/uploads\/2025\/06\/img_4fa199373343065109cde8f022f27cca429706.jpg\" alt=\"\" width=\"800\" height=\"762\" \/><\/p>\n<h3 data-start=\"373\" data-end=\"393\">\u0110\u1eb6C \u0110I\u1ec2M N\u1ed4I B\u1eacT<\/h3>\n<h4 data-start=\"1468\" data-end=\"1540\"><strong data-start=\"1476\" data-end=\"1540\">Chu-Hi Taiyou Sumomo \u2013 L\u1ea1 mi\u1ec7ng, chua thanh, s\u00e2u v\u1ecb m\u1eadn Nh\u1eadt<\/strong><\/h4>\n<ul data-start=\"1542\" data-end=\"2336\">\n<li data-start=\"1542\" data-end=\"1755\">\n<p data-start=\"1544\" data-end=\"1755\">L\u00e0m t\u1eeb\u00a0<strong data-start=\"1551\" data-end=\"1648\">m\u1eadn Taiyou \u2013 \u0111\u1eb7c s\u1ea3n c\u1ee7a Nh\u1eadt B\u1ea3n v\u1edbi m\u00e0u \u0111\u1ecf \u0111\u1eadm, th\u1ecbt m\u1ecdng n\u01b0\u1edbc v\u00e0 v\u1ecb chua ng\u1ecdt r\u1ea5t c\u00e2n b\u1eb1ng<\/strong>. Lo\u1ea1i m\u1eadn n\u00e0y th\u01b0\u1eddng \u0111\u01b0\u1ee3c d\u00f9ng \u0111\u1ec3 l\u00e0m m\u1ee9t ho\u1eb7c ng\u00e2m r\u01b0\u1ee3u, v\u00ec\u00a0<strong data-start=\"1710\" data-end=\"1752\">m\u00f9i th\u01a1m m\u1ea1nh v\u00e0 v\u1ecb chua thanh \u0111\u1ed9c \u0111\u00e1o<\/strong>.<\/p>\n<\/li>\n<li data-start=\"1756\" data-end=\"1930\">\n<p data-start=\"1758\" data-end=\"1930\">Khi k\u1ebft h\u1ee3p v\u1edbi Shochu, n\u01b0\u1edbc c\u00f3 ga v\u00e0 ch\u00fat \u0111\u01b0\u1eddng, lo\u1ea1i m\u1eadn n\u00e0y t\u1ea1o n\u00ean m\u1ed9t\u00a0<strong data-start=\"1833\" data-end=\"1927\">cocktail c\u00f3 chi\u1ec1u s\u00e2u \u2013 ng\u1ee5m \u0111\u1ea7u chua nh\u1eb9, ng\u1ee5m sau d\u1ecbu ng\u1ecdt, h\u1eadu v\u1ecb \u0111\u1ecdng l\u1ea1i r\u1ea5t cu\u1ed1n h\u00fat<\/strong>.<\/p>\n<\/li>\n<li data-start=\"1931\" data-end=\"2097\">\n<p data-start=\"1933\" data-end=\"2097\"><strong data-start=\"1933\" data-end=\"1946\">\u0110\u1ed9 c\u1ed3n 5%<\/strong>, gi\u00fap h\u01b0\u01a1ng m\u1eadn tr\u1edf n\u00ean \u201c\u1ea5m\u201d v\u00e0 n\u1ed3ng n\u00e0n h\u01a1n, mang l\u1ea1i c\u1ea3m gi\u00e1c \u201csay nh\u1eb9 nh\u01b0ng d\u1ec5 ch\u1ecbu\u201d, c\u1ef1c h\u1ee3p khi th\u01b0\u1edfng th\u1ee9c trong kh\u00f4ng gian th\u01b0 gi\u00e3n ri\u00eang t\u01b0.<\/p>\n<\/li>\n<li data-start=\"2098\" data-end=\"2201\">\n<p data-start=\"2100\" data-end=\"2201\"><strong data-start=\"2100\" data-end=\"2111\">Gas nh\u1eb9<\/strong>\u00a0gi\u00fap h\u01b0\u01a1ng v\u1ecb b\u1eebng n\u1edf r\u00f5 r\u00e0ng h\u01a1n, t\u1ea1o c\u1ea3m gi\u00e1c s\u1ea3ng kho\u00e1i nh\u01b0 v\u1eeba \u201creset\u201d l\u1ea1i v\u1ecb gi\u00e1c.<\/p>\n<\/li>\n<li data-start=\"2202\" data-end=\"2336\">\n<p data-start=\"2204\" data-end=\"2336\"><strong data-start=\"2204\" data-end=\"2226\">G\u1ee3i \u00fd k\u1ebft h\u1ee3p m\u00f3n:<\/strong>\u00a0M\u00f3n chi\u00ean Nh\u1eadt (tempura, karaage), th\u1ecbt n\u01b0\u1edbng, sashimi c\u00e1 h\u1ed3i b\u00e9o, ho\u1eb7c m\u00f3n \u00c2u nh\u01b0 tapas, ph\u00f4 mai m\u1ec1m, olive.<\/p>\n<\/li>\n<\/ul>\n<p><img decoding=\"async\" class=\"aligncenter wp-image-40478\" src=\"https:\/\/havamall.com\/wp-content\/uploads\/2025\/06\/81099-7-d8d0812d60471dd3e55618e624ebedd8-3900x2600-1.webp\" alt=\"\" width=\"800\" height=\"533\" \/><\/p>\n<h3 data-start=\"2459\" data-end=\"2496\">V\u00cc SAO B\u1ea0N N\u00caN CH\u1eccN ASTER CHU-HI?<\/h3>\n<ul data-start=\"2498\" data-end=\"2849\">\n<li data-start=\"2498\" data-end=\"2558\">\n<p data-start=\"2500\" data-end=\"2558\"><strong data-start=\"2502\" data-end=\"2556\">H\u01b0\u01a1ng v\u1ecb tr\u00e1i c\u00e2y th\u1eadt \u2013 kh\u00f4ng h\u00f3a ch\u1ea5t, kh\u00f4ng g\u1eaft<\/strong><\/p>\n<\/li>\n<li data-start=\"2559\" data-end=\"2622\">\n<p data-start=\"2561\" data-end=\"2622\"><strong data-start=\"2563\" data-end=\"2585\">\u0110\u1ed9 c\u1ed3n 5% v\u1eeba ph\u1ea3i<\/strong>, kh\u00f4ng say nhanh nh\u01b0ng \u0111\u1ee7 c\u1ea3m h\u1ee9ng<\/p>\n<\/li>\n<li data-start=\"2623\" data-end=\"2674\">\n<p data-start=\"2625\" data-end=\"2674\"><strong data-start=\"2627\" data-end=\"2672\">Gas nh\u1eb9 \u2013 d\u1ec5 u\u1ed1ng h\u01a1n bia, kh\u00f4ng \u0111\u1ea7y b\u1ee5ng<\/strong><\/p>\n<\/li>\n<li data-start=\"2675\" data-end=\"2767\">\n<p data-start=\"2677\" data-end=\"2767\"><strong data-start=\"2679\" data-end=\"2765\">Thi\u1ebft k\u1ebf lon ti\u1ec7n l\u1ee3i, th\u1ea9m m\u1ef9 \u2013 l\u00fd t\u01b0\u1edfng cho picnic, ti\u1ec7c nh\u1eb9, ho\u1eb7c chill t\u1ea1i nh\u00e0<\/strong><\/p>\n<\/li>\n<li data-start=\"2768\" data-end=\"2849\">\n<p data-start=\"2770\" data-end=\"2849\"><strong data-start=\"2772\" data-end=\"2817\">S\u1ea3n ph\u1ea9m nh\u1eadp kh\u1ea9u ch\u00ednh h\u00e3ng t\u1eeb Nh\u1eadt B\u1ea3n<\/strong>, \u0111\u1ea3m b\u1ea3o ch\u1ea5t l\u01b0\u1ee3ng &amp; an to\u00e0n<\/p>\n<\/li>\n<\/ul>\n<p><img decoding=\"async\" class=\"aligncenter wp-image-40479\" src=\"https:\/\/havamall.com\/wp-content\/uploads\/2025\/06\/403446038_707401561358049_2140958414897710653_n.jpg\" alt=\"\" width=\"800\" height=\"800\" \/><\/p>\n<\/div>\n<div class=\"product-specs__table\">\n<h3 data-start=\"2856\" data-end=\"2919\">TH\u01af GI\u00c3N NH\u1eb8 NH\u00c0NG, \u0110\u1eacM V\u1eca NH\u1eacT \u2013 MUA NGAY T\u1ea0I\u00a0<strong data-start=\"2907\" data-end=\"2919\">HAVAMALL<\/strong><\/h3>\n<p data-start=\"2921\" data-end=\"3215\">N\u1ebfu b\u1ea1n \u0111ang t\u00ecm ki\u1ebfm m\u1ed9t lo\u1ea1i n\u01b0\u1edbc u\u1ed1ng c\u00f3 c\u1ed3n\u00a0<strong data-start=\"2969\" data-end=\"3024\">th\u01a1m ngon, d\u1ec5 u\u1ed1ng, v\u00e0 mang d\u1ea5u \u1ea5n v\u0103n h\u00f3a Nh\u1eadt B\u1ea3n<\/strong>, th\u00ec Chu-Hi Aster ch\u00ednh l\u00e0 l\u1ef1a ch\u1ecdn l\u00fd t\u01b0\u1edfng. D\u00f9 l\u00e0 chill cu\u1ed1i tu\u1ea7n, g\u1eb7p g\u1ee1 b\u1ea1n b\u00e8 hay b\u1eefa \u0103n ki\u1ec3u Nh\u1eadt, m\u1ed9t lon Chu-Hi v\u1ecb Qu\u00fdt hay M\u1eadn \u0111\u1ec1u s\u1ebd l\u00e0m tr\u00f2n kho\u1ea3nh kh\u1eafc \u1ea5y m\u1ed9t c\u00e1ch \u0111\u1ea7y tinh t\u1ebf.\u00a0<strong data-start=\"3217\" data-end=\"3323\">S\u1ea3n ph\u1ea9m hi\u1ec7n \u0111\u00e3 c\u00f3 m\u1eb7t t\u1ea1i Havamall \u2013 gh\u00e9 ngay \u0111\u1ec3 kh\u00e1m ph\u00e1 th\u1ebf gi\u1edbi \u0111\u1ed3 u\u1ed1ng Nh\u1eadt chu\u1ea9n v\u1ecb v\u00e0 \u0111\u1ed9c \u0111\u00e1o!<\/strong><\/p>\n<\/div>\n<\/div>\n<\/div>\n<\/div>","protected":false},"excerpt":{"rendered":"<p>TH\u00d4NG TIN CHUNG Th\u01b0\u01a1ng hi\u1ec7u Aster Xu\u1ea5t x\u1ee9 Nh\u1eadt B\u1ea3n H\u1ea1n s\u1eed d\u1ee5ng 12 th\u00e1ng H\u01b0\u1edbng d\u1eabn s\u1eed d\u1ee5ng D\u00f9ng<\/p>","protected":false},"featured_media":39551,"comment_status":"open","ping_status":"closed","template":"","meta":[],"product_brand":[],"product_cat":[675,135],"product_tag":[],"class_list":{"0":"post-39550","1":"product","2":"type-product","3":"status-publish","4":"has-post-thumbnail","6":"product_cat-nhap-khau-nhat-ban","7":"product_cat-sua-do-uong","9":"first","10":"instock","11":"sale","12":"shipping-taxable","13":"purchasable","14":"product-type-simple"},"_links":{"self":[{"href":"https:\/\/havamall.vn\/en\/wp-json\/wp\/v2\/product\/39550"}],"collection":[{"href":"https:\/\/havamall.vn\/en\/wp-json\/wp\/v2\/product"}],"about":[{"href":"https:\/\/havamall.vn\/en\/wp-json\/wp\/v2\/types\/product"}],"replies":[{"embeddable":true,"href":"https:\/\/havamall.vn\/en\/wp-json\/wp\/v2\/comments?post=39550"}],"version-history":[{"count":0,"href":"https:\/\/havamall.vn\/en\/wp-json\/wp\/v2\/product\/39550\/revisions"}],"wp:featuredmedia":[{"embeddable":true,"href":"https:\/\/havamall.vn\/en\/wp-json\/wp\/v2\/media\/39551"}],"wp:attachment":[{"href":"https:\/\/havamall.vn\/en\/wp-json\/wp\/v2\/media?parent=39550"}],"wp:term":[{"taxonomy":"product_brand","embeddable":true,"href":"https:\/\/havamall.vn\/en\/wp-json\/wp\/v2\/product_brand?post=39550"},{"taxonomy":"product_cat","embeddable":true,"href":"https:\/\/havamall.vn\/en\/wp-json\/wp\/v2\/product_cat?post=39550"},{"taxonomy":"product_tag","embeddable":true,"href":"https:\/\/havamall.vn\/en\/wp-json\/wp\/v2\/product_tag?post=39550"}],"curies":[{"name":"wp","href":"https:\/\/api.w.org\/{rel}","templated":true}]}}