{"id":39546,"date":"2025-06-14T10:01:39","date_gmt":"2025-06-14T03:01:39","guid":{"rendered":"https:\/\/havamall.vn\/?post_type=product&#038;p=39546"},"modified":"2025-06-14T10:37:17","modified_gmt":"2025-06-14T03:37:17","slug":"nuoc-uong-co-con-chu-hi-huong-quyt-5-alc-aster-arita-mikan-chu-hi-cocktail-5-alc","status":"publish","type":"product","link":"https:\/\/havamall.vn\/en\/shop\/nuoc-uong-co-con-chu-hi-huong-quyt-5-alc-aster-arita-mikan-chu-hi-cocktail-5-alc\/","title":{"rendered":"N\u01b0\u1edbc U\u1ed1ng C\u00f3 C\u1ed3n Chu-Hi H\u01b0\u01a1ng Qu\u00fdt 5% Alc \u2013 Aster Arita Mikan Chu-Hi Cocktail 5% Alc"},"content":{"rendered":"<h2 class=\"product-detail__specs-title\"><strong>TH\u00d4NG TIN CHUNG<\/strong><\/h2>\n<div id=\"js-product-detail__specs\" class=\"product-detail__specs\">\n<div class=\"row\">\n<div class=\"col-sm-12\">\n<div class=\"product-specs__table\">\n<table>\n<tbody>\n<tr>\n<td class=\"specs-table__property\">Th\u01b0\u01a1ng hi\u1ec7u<\/td>\n<td class=\"specs-table__value\">Aster<\/td>\n<\/tr>\n<tr>\n<td class=\"specs-table__property\">Xu\u1ea5t x\u1ee9<\/td>\n<td class=\"specs-table__value\">\n<p data-start=\"474\" data-end=\"497\">Nh\u1eadt B\u1ea3n<\/p>\n<\/td>\n<\/tr>\n<tr>\n<td class=\"specs-table__property\">H\u1ea1n s\u1eed d\u1ee5ng<\/td>\n<td class=\"specs-table__value\">12 th\u00e1ng<\/td>\n<\/tr>\n<tr>\n<td class=\"specs-table__property\">H\u01b0\u1edbng d\u1eabn s\u1eed d\u1ee5ng<\/td>\n<td class=\"specs-table__value\">D\u00f9ng tr\u1ef1c ti\u1ebfp ho\u1eb7c ch\u1ebf bi\u1ebfn c\u00e1c m\u00f3n \u0103n tu\u1ef3 th\u00edch<\/td>\n<\/tr>\n<tr>\n<td class=\"specs-table__property\">Th\u00e0nh ph\u1ea7n nguy\u00ean li\u1ec7u<\/td>\n<td class=\"specs-table__value\">N\u01b0\u1edbc \u00e9p qu\u00fdt Arita, r\u01b0\u1ee3u shochu, n\u01b0\u1edbc c\u00f3 ga, \u0111\u01b0\u1eddng, h\u01b0\u01a1ng t\u1ef1 nhi\u00ean<\/td>\n<\/tr>\n<tr>\n<td class=\"specs-table__property\">Quy c\u00e1ch<\/td>\n<td class=\"specs-table__value\">Lon 350ml<\/td>\n<\/tr>\n<tr>\n<td>\n<p data-start=\"587\" data-end=\"608\">N\u1ed3ng \u0111\u1ed9 c\u1ed3n<\/p>\n<\/td>\n<td>\n<p data-start=\"587\" data-end=\"608\">5%<\/p>\n<\/td>\n<\/tr>\n<\/tbody>\n<\/table>\n<h3 data-start=\"907\" data-end=\"951\">GI\u1edaI THI\u1ec6U V\u1ec0 CHU-HI &amp; TH\u01af\u01a0NG HI\u1ec6U ASTER<\/h3>\n<p data-start=\"953\" data-end=\"1219\"><strong data-start=\"953\" data-end=\"971\">Chu-Hi (\u30c1\u30e5\u30fc\u30cf\u30a4)<\/strong>\u00a0l\u00e0 d\u00f2ng cocktail \u0111\u00f3ng lon ph\u1ed5 bi\u1ebfn b\u1eadc nh\u1ea5t t\u1ea1i Nh\u1eadt B\u1ea3n \u2013 th\u01b0\u1eddng g\u1ed3m\u00a0<strong data-start=\"1042\" data-end=\"1069\">r\u01b0\u1ee3u ch\u01b0ng c\u1ea5t (shochu)<\/strong>\u00a0k\u1ebft h\u1ee3p v\u1edbi\u00a0<strong data-start=\"1082\" data-end=\"1117\">n\u01b0\u1edbc c\u00f3 gas v\u00e0 n\u01b0\u1edbc \u00e9p tr\u00e1i c\u00e2y<\/strong>. \u0110\u00e2y l\u00e0 \u0111\u1ed3 u\u1ed1ng y\u00eau th\u00edch trong nh\u1eefng d\u1ecbp th\u01b0 gi\u00e3n, \u0103n nh\u1eadu nh\u1eb9 nh\u00e0ng ho\u1eb7c c\u00e1c b\u1eefa ti\u1ec7c ngo\u00e0i tr\u1eddi.<\/p>\n<p data-start=\"1221\" data-end=\"1479\">Th\u01b0\u01a1ng hi\u1ec7u\u00a0<strong data-start=\"1233\" data-end=\"1242\">Aster<\/strong>\u00a0mang phong c\u00e1ch hi\u1ec7n \u0111\u1ea1i, tr\u1ebb trung c\u1ee7a gi\u1edbi tr\u1ebb Nh\u1eadt, ch\u00fa tr\u1ecdng v\u00e0o\u00a0<strong data-start=\"1312\" data-end=\"1388\">s\u1ef1 tinh khi\u1ebft trong nguy\u00ean li\u1ec7u, \u0111\u1ed9 c\u1ed3n v\u1eeba ph\u1ea3i, h\u01b0\u01a1ng v\u1ecb tr\u00e1i c\u00e2y th\u1eadt<\/strong>\u00a0\u2013 gi\u00fap ng\u01b0\u1eddi u\u1ed1ng c\u1ea3m nh\u1eadn tr\u1ecdn v\u1eb9n t\u1eebng t\u1ea7ng h\u01b0\u01a1ng m\u00e0 kh\u00f4ng b\u1ecb g\u1eaft nh\u01b0 bia hay r\u01b0\u1ee3u m\u1ea1nh.<\/p>\n<p data-start=\"1221\" data-end=\"1479\"><img fetchpriority=\"high\" decoding=\"async\" class=\"aligncenter wp-image-40473\" src=\"https:\/\/havamall.com\/wp-content\/uploads\/2025\/06\/504892030_1149514660550798_6623189504558179844_n.jpg\" alt=\"\" width=\"800\" height=\"800\" \/><\/p>\n<h3 data-start=\"373\" data-end=\"393\">\u0110\u1eb6C \u0110I\u1ec2M N\u1ed4I B\u1eacT<\/h3>\n<h4 data-start=\"395\" data-end=\"469\"><strong data-start=\"403\" data-end=\"469\">Chu-Hi Arita Mikan \u2013 M\u00e1t l\u1ea1nh, d\u1ecbu ng\u1ecdt, chu\u1ea9n h\u01b0\u01a1ng qu\u00fdt Nh\u1eadt<\/strong><\/h4>\n<ul data-start=\"471\" data-end=\"1278\">\n<li data-start=\"471\" data-end=\"698\">\n<p data-start=\"473\" data-end=\"698\"><strong data-start=\"473\" data-end=\"508\">Nguy\u00ean li\u1ec7u ch\u00ednh l\u00e0 qu\u00fdt Arita<\/strong>\u00a0\u2013 m\u1ed9t trong nh\u1eefng lo\u1ea1i qu\u00fdt ngon nh\u1ea5t c\u1ee7a Nh\u1eadt B\u1ea3n, \u0111\u01b0\u1ee3c tr\u1ed3ng \u1edf v\u00f9ng n\u1eafng \u1ea5m Kyushu. Qu\u00fdt Arita n\u1ed5i b\u1eadt v\u1edbi\u00a0<strong data-start=\"618\" data-end=\"663\">th\u1ecbt m\u1ec1m, v\u1ecb ng\u1ecdt \u0111\u1eadm nh\u01b0ng h\u1eadu thanh m\u00e1t<\/strong>, m\u00f9i th\u01a1m t\u1ef1 nhi\u00ean m\u00e0 kh\u00f4ng g\u1eaft.<\/p>\n<\/li>\n<li data-start=\"699\" data-end=\"880\">\n<p data-start=\"701\" data-end=\"880\">H\u01b0\u01a1ng v\u1ecb qu\u00fdt khi<strong>\u00a0h\u00f2a quy\u1ec7n<\/strong>\u00a0v\u1edbi\u00a0<strong>r\u01b0\u1ee3u Shochu<\/strong>\u00a0v\u00e0 n\u01b0\u1edbc c\u00f3 ga t\u1ea1o n\u00ean lo\u1ea1i \u0111\u1ed3 u\u1ed1ng\u00a0<strong data-start=\"780\" data-end=\"851\">c\u00f3 v\u1ecb ng\u1ecdt d\u1ecbu nh\u01b0 n\u01b0\u1edbc \u00e9p t\u01b0\u01a1i nh\u01b0ng l\u1ea1i c\u00f3 ch\u00fat \u201csay nh\u1eb9\u201d d\u1ec5 ch\u1ecbu<\/strong>, r\u1ea5t \u0111\u1eb7c tr\u01b0ng c\u1ee7a Chu-Hi.<\/p>\n<\/li>\n<li data-start=\"881\" data-end=\"995\">\n<p data-start=\"883\" data-end=\"995\"><strong data-start=\"883\" data-end=\"896\">\u0110\u1ed9 c\u1ed3n 5%<\/strong>\u00a0\u2013 v\u1eeba \u0111\u1ee7 \u0111\u1ec3 k\u00edch th\u00edch v\u1ecb gi\u00e1c, gi\u00fap th\u01b0 gi\u00e3n \u0111\u1ea7u \u00f3c, nh\u01b0ng kh\u00f4ng g\u00e2y n\u00f3ng hay g\u1eaft nh\u01b0 bia m\u1ea1nh.<\/p>\n<\/li>\n<li data-start=\"996\" data-end=\"1159\">\n<p data-start=\"998\" data-end=\"1159\"><strong data-start=\"998\" data-end=\"1009\">Gas nh\u1eb9<\/strong>, t\u1ea1o c\u1ea3m gi\u00e1c m\u00e1t l\u1ea1nh, \u0111\u00e1nh th\u1ee9c v\u1ecb gi\u00e1c \u2013 l\u00fd t\u01b0\u1edfng \u0111\u1ec3 d\u00f9ng trong nh\u1eefng bu\u1ed5i chi\u1ec1u n\u00f3ng n\u1ef1c, sau gi\u1edd l\u00e0m vi\u1ec7c, ho\u1eb7c khi c\u1ea7n \u201cm\u1edf m\u00e0n\u201d b\u1eefa ti\u1ec7c nh\u1eb9.<\/p>\n<\/li>\n<li data-start=\"1160\" data-end=\"1278\">\n<p data-start=\"1162\" data-end=\"1278\"><strong data-start=\"1162\" data-end=\"1184\">G\u1ee3i \u00fd k\u1ebft h\u1ee3p m\u00f3n:<\/strong>\u00a0Sushi, g\u00e0 r\u00e1n, salad h\u1ea3i s\u1ea3n, snack Nh\u1eadt, ho\u1eb7c \u0111\u01a1n gi\u1ea3n ch\u1ec9 c\u1ea7n v\u00e0i vi\u00ean \u0111\u00e1 l\u1ea1nh l\u00e0 \u0111\u1ee7 chill.<\/p>\n<\/li>\n<\/ul>\n<p><img decoding=\"async\" class=\"aligncenter wp-image-40472\" src=\"https:\/\/havamall.com\/wp-content\/uploads\/2025\/06\/501255003_1149514657217465_8893435922763583617_n.jpg\" alt=\"\" width=\"800\" height=\"800\" \/><\/p>\n<h3 data-start=\"2459\" data-end=\"2496\">V\u00cc SAO B\u1ea0N N\u00caN CH\u1eccN ASTER CHU-HI?<\/h3>\n<ul data-start=\"2498\" data-end=\"2849\">\n<li data-start=\"2498\" data-end=\"2558\">\n<p data-start=\"2500\" data-end=\"2558\"><strong data-start=\"2502\" data-end=\"2556\">H\u01b0\u01a1ng v\u1ecb tr\u00e1i c\u00e2y th\u1eadt \u2013 kh\u00f4ng h\u00f3a ch\u1ea5t, kh\u00f4ng g\u1eaft<\/strong><\/p>\n<\/li>\n<li data-start=\"2559\" data-end=\"2622\">\n<p data-start=\"2561\" data-end=\"2622\"><strong data-start=\"2563\" data-end=\"2585\">\u0110\u1ed9 c\u1ed3n 5% v\u1eeba ph\u1ea3i<\/strong>, kh\u00f4ng say nhanh nh\u01b0ng \u0111\u1ee7 c\u1ea3m h\u1ee9ng<\/p>\n<\/li>\n<li data-start=\"2623\" data-end=\"2674\">\n<p data-start=\"2625\" data-end=\"2674\"><strong data-start=\"2627\" data-end=\"2672\">Gas nh\u1eb9 \u2013 d\u1ec5 u\u1ed1ng h\u01a1n bia, kh\u00f4ng \u0111\u1ea7y b\u1ee5ng<\/strong><\/p>\n<\/li>\n<li data-start=\"2675\" data-end=\"2767\">\n<p data-start=\"2677\" data-end=\"2767\"><strong data-start=\"2679\" data-end=\"2765\">Thi\u1ebft k\u1ebf lon ti\u1ec7n l\u1ee3i, th\u1ea9m m\u1ef9 \u2013 l\u00fd t\u01b0\u1edfng cho picnic, ti\u1ec7c nh\u1eb9, ho\u1eb7c chill t\u1ea1i nh\u00e0<\/strong><\/p>\n<\/li>\n<li data-start=\"2768\" data-end=\"2849\">\n<p data-start=\"2770\" data-end=\"2849\"><strong data-start=\"2772\" data-end=\"2817\">S\u1ea3n ph\u1ea9m nh\u1eadp kh\u1ea9u ch\u00ednh h\u00e3ng t\u1eeb Nh\u1eadt B\u1ea3n<\/strong>, \u0111\u1ea3m b\u1ea3o ch\u1ea5t l\u01b0\u1ee3ng &amp; an to\u00e0n<\/p>\n<\/li>\n<\/ul>\n<p><img decoding=\"async\" class=\"aligncenter wp-image-40474\" src=\"https:\/\/havamall.com\/wp-content\/uploads\/2025\/06\/o1514207615592069683.jpg\" alt=\"\" width=\"800\" height=\"1097\" \/><\/p>\n<h3 data-start=\"2856\" data-end=\"2919\">TH\u01af GI\u00c3N NH\u1eb8 NH\u00c0NG, \u0110\u1eacM V\u1eca NH\u1eacT \u2013 MUA NGAY T\u1ea0I\u00a0<strong data-start=\"2907\" data-end=\"2919\">HAVAMALL<\/strong><\/h3>\n<p data-start=\"2921\" data-end=\"3215\">N\u1ebfu b\u1ea1n \u0111ang t\u00ecm ki\u1ebfm m\u1ed9t lo\u1ea1i n\u01b0\u1edbc u\u1ed1ng c\u00f3 c\u1ed3n\u00a0<strong data-start=\"2969\" data-end=\"3024\">th\u01a1m ngon, d\u1ec5 u\u1ed1ng, v\u00e0 mang d\u1ea5u \u1ea5n v\u0103n h\u00f3a Nh\u1eadt B\u1ea3n<\/strong>, th\u00ec Chu-Hi Aster ch\u00ednh l\u00e0 l\u1ef1a ch\u1ecdn l\u00fd t\u01b0\u1edfng. D\u00f9 l\u00e0 chill cu\u1ed1i tu\u1ea7n, g\u1eb7p g\u1ee1 b\u1ea1n b\u00e8 hay b\u1eefa \u0103n ki\u1ec3u Nh\u1eadt, m\u1ed9t lon Chu-Hi v\u1ecb Qu\u00fdt hay M\u1eadn \u0111\u1ec1u s\u1ebd l\u00e0m tr\u00f2n kho\u1ea3nh kh\u1eafc \u1ea5y m\u1ed9t c\u00e1ch \u0111\u1ea7y tinh t\u1ebf.\u00a0<strong data-start=\"3217\" data-end=\"3323\">S\u1ea3n ph\u1ea9m hi\u1ec7n \u0111\u00e3 c\u00f3 m\u1eb7t t\u1ea1i Havamall \u2013 gh\u00e9 ngay \u0111\u1ec3 kh\u00e1m ph\u00e1 th\u1ebf gi\u1edbi \u0111\u1ed3 u\u1ed1ng Nh\u1eadt chu\u1ea9n v\u1ecb v\u00e0 \u0111\u1ed9c \u0111\u00e1o!<\/strong><\/p>\n<\/div>\n<\/div>\n<\/div>\n<\/div>","protected":false},"excerpt":{"rendered":"<p>TH\u00d4NG TIN CHUNG Th\u01b0\u01a1ng hi\u1ec7u Aster Xu\u1ea5t x\u1ee9 Nh\u1eadt B\u1ea3n H\u1ea1n s\u1eed d\u1ee5ng 12 th\u00e1ng H\u01b0\u1edbng d\u1eabn s\u1eed d\u1ee5ng D\u00f9ng<\/p>","protected":false},"featured_media":39547,"comment_status":"open","ping_status":"closed","template":"","meta":[],"product_brand":[],"product_cat":[675,135],"product_tag":[],"class_list":{"0":"post-39546","1":"product","2":"type-product","3":"status-publish","4":"has-post-thumbnail","6":"product_cat-nhap-khau-nhat-ban","7":"product_cat-sua-do-uong","9":"first","10":"instock","11":"sale","12":"shipping-taxable","13":"purchasable","14":"product-type-simple"},"_links":{"self":[{"href":"https:\/\/havamall.vn\/en\/wp-json\/wp\/v2\/product\/39546"}],"collection":[{"href":"https:\/\/havamall.vn\/en\/wp-json\/wp\/v2\/product"}],"about":[{"href":"https:\/\/havamall.vn\/en\/wp-json\/wp\/v2\/types\/product"}],"replies":[{"embeddable":true,"href":"https:\/\/havamall.vn\/en\/wp-json\/wp\/v2\/comments?post=39546"}],"version-history":[{"count":0,"href":"https:\/\/havamall.vn\/en\/wp-json\/wp\/v2\/product\/39546\/revisions"}],"wp:featuredmedia":[{"embeddable":true,"href":"https:\/\/havamall.vn\/en\/wp-json\/wp\/v2\/media\/39547"}],"wp:attachment":[{"href":"https:\/\/havamall.vn\/en\/wp-json\/wp\/v2\/media?parent=39546"}],"wp:term":[{"taxonomy":"product_brand","embeddable":true,"href":"https:\/\/havamall.vn\/en\/wp-json\/wp\/v2\/product_brand?post=39546"},{"taxonomy":"product_cat","embeddable":true,"href":"https:\/\/havamall.vn\/en\/wp-json\/wp\/v2\/product_cat?post=39546"},{"taxonomy":"product_tag","embeddable":true,"href":"https:\/\/havamall.vn\/en\/wp-json\/wp\/v2\/product_tag?post=39546"}],"curies":[{"name":"wp","href":"https:\/\/api.w.org\/{rel}","templated":true}]}}