{"id":39542,"date":"2025-06-14T09:12:37","date_gmt":"2025-06-14T02:12:37","guid":{"rendered":"https:\/\/havamall.vn\/?post_type=product&#038;p=39542"},"modified":"2025-06-14T09:12:39","modified_gmt":"2025-06-14T02:12:39","slug":"anh-dao-chua-dong-lanh-roger-descours-1kg-roger-descours-griottes-sour-cherries-1kg","status":"publish","type":"product","link":"https:\/\/havamall.vn\/en\/shop\/anh-dao-chua-dong-lanh-roger-descours-1kg-roger-descours-griottes-sour-cherries-1kg\/","title":{"rendered":"Anh \u0110\u00e0o Chua \u0110\u00f4ng L\u1ea1nh Roger Descours 1kg \u2013 Roger Descours Griottes Sour Cherries 1kg"},"content":{"rendered":"<h3><strong>TH\u00d4NG TIN S\u1ea2N PH\u1ea8M<\/strong><\/h3>\n<table style=\"width: 60.3558%;height: 249px\">\n<tbody>\n<tr>\n<td style=\"width: 22.8029%\">Th\u01b0\u01a1ng hi\u1ec7u<\/td>\n<td style=\"width: 75.2969%\">Roger Descours<\/td>\n<\/tr>\n<tr>\n<td style=\"width: 22.8029%\">Xu\u1ea5t X\u1ee9<\/td>\n<td style=\"width: 75.2969%\">Ph\u00e1p<\/td>\n<\/tr>\n<tr>\n<td style=\"width: 22.8029%\">Th\u00e0nh ph\u1ea7n<\/td>\n<td style=\"width: 75.2969%\">100% qu\u1ea3 anh \u0111\u00e0o chua (griottes) \u0111\u00f4ng l\u1ea1nh<\/td>\n<\/tr>\n<tr>\n<td style=\"width: 22.8029%\">H\u1ea1n s\u1eed d\u1ee5ng<\/td>\n<td style=\"width: 75.2969%\">Xem tr\u00ean bao b\u00ec<\/td>\n<\/tr>\n<tr>\n<td style=\"width: 22.8029%\">B\u1ea3o qu\u1ea3n<\/td>\n<td style=\"width: 75.2969%\">B\u1ea3o qu\u1ea3n \u0111\u00f4ng l\u1ea1nh &lt;-18\u00b0C<\/td>\n<\/tr>\n<tr>\n<td style=\"width: 22.8029%\">Quy c\u00e1ch<\/td>\n<td style=\"width: 75.2969%\">1kg\/g\u00f3i<\/td>\n<\/tr>\n<\/tbody>\n<\/table>\n<p data-start=\"664\" data-end=\"996\"><strong data-start=\"664\" data-end=\"682\">Roger Descours<\/strong>\u00a0l\u00e0 th\u01b0\u01a1ng hi\u1ec7u n\u00f4ng s\u1ea3n cao c\u1ea5p \u0111\u1ebfn t\u1eeb\u00a0<strong data-start=\"722\" data-end=\"744\">mi\u1ec1n Nam n\u01b0\u1edbc Ph\u00e1p<\/strong>, n\u1ed5i ti\u1ebfng v\u1edbi c\u00e1c s\u1ea3n ph\u1ea9m\u00a0<strong data-start=\"773\" data-end=\"822\">qu\u1ea3 c\u1ea5p \u0111\u00f4ng cao c\u1ea5p, chu\u1ea9n xu\u1ea5t kh\u1ea9u ch\u00e2u \u00c2u<\/strong>. V\u1edbi h\u01a1n\u00a0<strong data-start=\"832\" data-end=\"854\">40 n\u0103m kinh nghi\u1ec7m<\/strong>, c\u00f4ng ty chuy\u00ean cung c\u1ea5p nguy\u00ean li\u1ec7u tr\u00e1i c\u00e2y cho c\u00e1c chu\u1ed7i b\u00e1nh ng\u1ecdt, nh\u00e0 h\u00e0ng, kh\u00e1ch s\u1ea1n 5 sao v\u00e0 \u0111\u1ea7u b\u1ebfp chuy\u00ean nghi\u1ec7p tr\u00ean to\u00e0n th\u1ebf gi\u1edbi. Cam k\u1ebft c\u1ee7a Roger Descours l\u00e0\u00a0<strong data-start=\"1028\" data-end=\"1069\">ch\u1ea5t l\u01b0\u1ee3ng \u2013 t\u1ef1 nhi\u00ean \u2013 kh\u00f4ng ph\u1ee5 gia<\/strong>, mang \u0111\u1ebfn nh\u1eefng s\u1ea3n ph\u1ea9m gi\u1eef nguy\u00ean v\u1ecb t\u01b0\u01a1i ngon v\u00e0 gi\u00e1 tr\u1ecb dinh d\u01b0\u1ee1ng nh\u01b0 v\u1eeba h\u00e1i t\u1ea1i v\u01b0\u1eddn.<\/p>\n<p><img fetchpriority=\"high\" decoding=\"async\" class=\"aligncenter\" src=\"https:\/\/havamall.com\/wp-content\/uploads\/2025\/06\/anim-1-composition.png\" alt=\"ACCUEIL - Roger Descours Group - Le fruit surgel\u00e9 pour l'industrie  agroalimentaire: France, Serbie, Maroc\" width=\"800\" height=\"293\" \/><\/p>\n<h3 data-start=\"1169\" data-end=\"1189\">\u0110\u1eb6C \u0110I\u1ec2M N\u1ed4I B\u1eacT<\/h3>\n<h4 data-start=\"1191\" data-end=\"1263\"><em>1.\u00a0<strong data-start=\"1199\" data-end=\"1263\">Griottes \u2013 Lo\u1ea1i anh \u0111\u00e0o chua qu\u00fd hi\u1ebfm d\u00f9ng ri\u00eang cho \u1ea9m th\u1ef1c<\/strong><\/em><\/h4>\n<p data-start=\"1264\" data-end=\"1577\">Kh\u00f4ng gi\u1ed1ng c\u00e1c lo\u1ea1i cherry ng\u1ecdt th\u01b0\u1eddng th\u1ea5y,\u00a0<strong data-start=\"1310\" data-end=\"1322\">Griottes<\/strong>\u00a0l\u00e0 gi\u1ed1ng anh \u0111\u00e0o chua c\u00f3 ngu\u1ed3n g\u1ed1c t\u1eeb ch\u00e2u \u00c2u, v\u1edbi h\u01b0\u01a1ng th\u01a1m \u0111\u1eadm, v\u1ecf \u0111\u1ecf th\u1eabm, v\u1ecb chua thanh r\u1ea5t \u0111\u1eb7c tr\u01b0ng. \u0110\u00e2y l\u00e0 nguy\u00ean li\u1ec7u ch\u1ee7 \u0111\u1ea1o trong nhi\u1ec1u m\u00f3n b\u00e1nh v\u00e0 m\u00f3n m\u1eb7n n\u1ed5i ti\u1ebfng c\u1ee7a Ph\u00e1p \u2013 t\u1eeb\u00a0<strong data-start=\"1514\" data-end=\"1576\">clafoutis, tart, s\u1ed1t cho th\u1ecbt \u0111\u1ecf, \u0111\u1ebfn cocktail ho\u1eb7c mousse<\/strong>.<\/p>\n<p data-start=\"1264\" data-end=\"1577\"><img decoding=\"async\" class=\"aligncenter\" src=\"https:\/\/havamall.com\/wp-content\/uploads\/2025\/06\/Griotte-image.png\" alt=\"La griotte qu\u00e9b\u00e9coise, un petit fruit \u00e0 d\u00e9couvrir! - Mouvement J'aime les  fruits et l\u00e9gumes\" width=\"800\" height=\"800\" \/><\/p>\n<p data-start=\"1264\" data-end=\"1577\"><em><strong>2.Quy tr\u00ecnh thu ho\u1ea1ch v\u00e0 c\u1ea5p \u0111\u00f4ng hi\u1ec7n \u0111\u1ea1i gi\u00fap gi\u1eef tr\u1ecdn ph\u1ea9m ch\u1ea5t t\u1eebng qu\u1ea3 anh \u0111\u00e0o<\/strong><\/em><br data-start=\"241\" data-end=\"244\" \/><strong>Roger Descours<\/strong>\u00a0\u00e1p d\u1ee5ng quy tr\u00ecnh kh\u00e9p k\u00edn t\u1eeb n\u00f4ng tr\u1ea1i \u0111\u1ebfn \u0111\u00f3ng g\u00f3i.\u00a0<strong>Qu\u1ea3 anh \u0111\u00e0o Griottes<\/strong>\u00a0\u0111\u01b0\u1ee3c thu ho\u1ea1ch\u00a0<strong data-start=\"349\" data-end=\"385\">\u0111\u00fang v\u00e0o th\u1eddi \u0111i\u1ec3m ch\u00edn l\u00fd t\u01b0\u1edfng<\/strong>\u00a0\u2013 khi l\u01b0\u1ee3ng \u0111\u01b0\u1eddng, acid h\u1eefu c\u01a1 v\u00e0 h\u01b0\u01a1ng th\u01a1m \u0111\u1ea1t m\u1ee9c c\u00e2n b\u1eb1ng ho\u00e0n h\u1ea3o nh\u1ea5t. Sau \u0111\u00f3, qu\u1ea3 \u0111\u01b0\u1ee3c\u00a0<strong data-start=\"480\" data-end=\"511\">r\u1eeda s\u1ea1ch, ch\u1ecdn l\u1ecdc k\u1ef9 l\u01b0\u1ee1ng<\/strong>\u00a0v\u00e0 nhanh ch\u00f3ng chuy\u1ec3n \u0111\u1ebfn d\u00e2y chuy\u1ec1n\u00a0<strong data-start=\"549\" data-end=\"612\">c\u1ea5p \u0111\u00f4ng s\u00e2u b\u1eb1ng c\u00f4ng ngh\u1ec7 IQF (Individual Quick Freezing)<\/strong>\u00a0ngay t\u1ea1i ngu\u1ed3n.<\/p>\n<p data-start=\"1264\" data-end=\"1577\"><img decoding=\"async\" class=\"aligncenter\" src=\"https:\/\/havamall.com\/wp-content\/uploads\/2025\/06\/2da7c4673b38edf31a6976ee5a83a810@2x.jpg\" alt=\"RED PIE SOUR CHERRIES, IQF\" width=\"800\" height=\"800\" \/><\/p>\n<p data-start=\"630\" data-end=\"768\"><strong>C\u00f4ng ngh\u1ec7 IQF<\/strong>\u00a0cho ph\u00e9p t\u1eebng qu\u1ea3 \u0111\u01b0\u1ee3c\u00a0<strong data-start=\"667\" data-end=\"733\">\u0111\u00f4ng l\u1ea1nh nhanh ch\u00f3ng, ri\u00eang bi\u1ec7t, \u1edf nhi\u1ec7t \u0111\u1ed9 c\u1ef1c th\u1ea5p (-40\u00b0C)<\/strong>\u00a0trong th\u1eddi gian r\u1ea5t ng\u1eafn. Nh\u1edd v\u1eady:<\/p>\n<ul data-start=\"770\" data-end=\"1568\">\n<li data-start=\"770\" data-end=\"994\">\n<p data-start=\"772\" data-end=\"994\"><strong data-start=\"772\" data-end=\"804\">M\u00e0u s\u1eafc \u0111\u01b0\u1ee3c gi\u1eef nguy\u00ean v\u1eb9n:<\/strong>\u00a0V\u1ecf qu\u1ea3 v\u1eabn gi\u1eef m\u00e0u\u00a0<strong data-start=\"824\" data-end=\"877\">\u0111\u1ecf th\u1eabm t\u1ef1 nhi\u00ean, b\u00f3ng \u0111\u1eb9p, kh\u00f4ng b\u1ecb x\u1ec9n hay nh\u1ea1t<\/strong>\u00a0nh\u01b0 khi c\u1ea5p \u0111\u00f4ng th\u00f4ng th\u01b0\u1eddng. Khi r\u00e3 \u0111\u00f4ng, qu\u1ea3 kh\u00f4ng b\u1ecb m\u1ea5t m\u00e0u hay \u201cx\u00e1m v\u1ecf\u201d nh\u01b0 c\u00e1c lo\u1ea1i tr\u00e1i c\u00e2y c\u1ea5p \u0111\u00f4ng ch\u1eadm.<\/p>\n<\/li>\n<li data-start=\"995\" data-end=\"1290\">\n<p data-start=\"997\" data-end=\"1290\"><strong data-start=\"997\" data-end=\"1037\">K\u1ebft c\u1ea5u nguy\u00ean kh\u1ed1i, kh\u00f4ng nh\u0169n n\u00e1t:<\/strong>\u00a0Nh\u1edd qu\u00e1 tr\u00ecnh l\u00e0m l\u1ea1nh si\u00eau nhanh, c\u00e1c tinh th\u1ec3 \u0111\u00e1 h\u00ecnh th\u00e0nh r\u1ea5t nh\u1ecf,\u00a0<strong data-start=\"1109\" data-end=\"1149\">kh\u00f4ng ph\u00e1 v\u1ee1 c\u1ea5u tr\u00fac t\u1ebf b\u00e0o c\u1ee7a qu\u1ea3<\/strong>. K\u1ebft qu\u1ea3 l\u00e0 qu\u1ea3 sau r\u00e3 \u0111\u00f4ng v\u1eabn gi\u1eef\u00a0<strong data-start=\"1186\" data-end=\"1257\">\u0111\u1ed9 ch\u1eafc, \u0111\u1ed9 m\u1ecdng n\u01b0\u1edbc, c\u1eafn v\u00e0o v\u1eabn th\u1ea5y r\u00f5 \u0111\u1ed9 \u201cdai nh\u1eb9\u201d c\u1ee7a c\u00f9i qu\u1ea3<\/strong>, kh\u00f4ng h\u1ec1 nh\u00e3o n\u00e1t hay r\u00e3 v\u1ee5n.<\/p>\n<\/li>\n<li data-start=\"1291\" data-end=\"1568\">\n<p data-start=\"1293\" data-end=\"1568\"><strong data-start=\"1293\" data-end=\"1339\">H\u01b0\u01a1ng v\u1ecb v\u00e0 gi\u00e1 tr\u1ecb dinh d\u01b0\u1ee1ng gi\u1eef nguy\u00ean:<\/strong>\u00a0V\u00ec kh\u00f4ng s\u1eed d\u1ee5ng ch\u1ea5t b\u1ea3o qu\u1ea3n hay x\u1eed l\u00fd nhi\u1ec7t, Griottes c\u1ee7a Roger Descours\u00a0<strong data-start=\"1416\" data-end=\"1472\">v\u1eabn gi\u1eef nguy\u00ean v\u1ecb chua thanh, h\u1eadu ng\u1ecdt nh\u1eb9 \u0111\u1eb7c tr\u01b0ng<\/strong>, c\u00f9ng v\u1edbi l\u01b0\u1ee3ng\u00a0<strong data-start=\"1489\" data-end=\"1544\">vitamin, kho\u00e1ng ch\u1ea5t v\u00e0 ch\u1ea5t ch\u1ed1ng oxy h\u00f3a t\u1ef1 nhi\u00ean<\/strong>\u00a0g\u1ea7n nh\u01b0 kh\u00f4ng suy gi\u1ea3m.<\/p>\n<\/li>\n<\/ul>\n<p data-start=\"1570\" data-end=\"1793\">So v\u1edbi c\u00e1c s\u1ea3n ph\u1ea9m c\u1ea5p \u0111\u00f4ng \u0111\u1ea1i tr\u00e0, th\u01b0\u1eddng \u0111\u00f3ng th\u00e0nh kh\u1ed1i ho\u1eb7c c\u00f3 th\u00eam syrup b\u1ea3o qu\u1ea3n,\u00a0<strong data-start=\"1660\" data-end=\"1792\">Griottes IQF t\u00e1ch r\u1eddi t\u1eebng qu\u1ea3, kh\u00f4ng th\u00eam \u0111\u01b0\u1eddng, kh\u00f4ng ph\u1ee5 gia \u2013 ti\u1ec7n l\u1ee3i v\u00e0 linh ho\u1ea1t trong m\u1ecdi c\u00f4ng th\u1ee9c n\u1ea5u \u0103n ho\u1eb7c l\u00e0m b\u00e1nh<\/strong>.<\/p>\n<p data-start=\"1570\" data-end=\"1793\"><img loading=\"lazy\" decoding=\"async\" class=\"aligncenter\" src=\"https:\/\/placeuk.com\/wp-content\/uploads\/IQF-Sour-Cherries.webp\" alt=\"IQF Sour Cherries - Place UK\" width=\"800\" height=\"800\" \/><\/p>\n<h4 data-start=\"1953\" data-end=\"2010\"><strong><em>3.\u00a0\u0110a n\u0103ng trong ch\u1ebf bi\u1ebfn \u2013 t\u1eeb b\u00e1nh \u00c2u \u0111\u1ebfn m\u00f3n \u00c1<\/em><\/strong><\/h4>\n<ul data-start=\"2011\" data-end=\"2307\">\n<li data-start=\"2011\" data-end=\"2113\">\n<p data-start=\"2013\" data-end=\"2113\">L\u00e0 nguy\u00ean li\u1ec7u ho\u00e0n h\u1ea3o cho\u00a0<strong data-start=\"2041\" data-end=\"2111\">mousse, tart, b\u00e1nh m\u00ec hoa c\u00fac, panna cotta, cheesecake, compote\u2026<\/strong><\/p>\n<\/li>\n<li data-start=\"2114\" data-end=\"2197\">\n<p data-start=\"2116\" data-end=\"2197\">D\u00f9ng \u0111\u1ec3 n\u1ea5u\u00a0<strong data-start=\"2128\" data-end=\"2168\">s\u1ed1t \u0103n k\u00e8m th\u1ecbt v\u1ecbt quay, b\u00f2 b\u00edt t\u1ebft<\/strong>\u00a0\u2013 \u0111\u00fang chu\u1ea9n \u1ea9m th\u1ef1c Ph\u00e1p.<\/p>\n<\/li>\n<li data-start=\"2198\" data-end=\"2307\">\n<p data-start=\"2200\" data-end=\"2307\">C\u0169ng c\u00f3 th\u1ec3 xay l\u00e0m\u00a0<strong data-start=\"2220\" data-end=\"2265\">n\u01b0\u1edbc \u00e9p, smoothies ho\u1eb7c cocktail tr\u00e1i c\u00e2y<\/strong>, gi\u00fap t\u0103ng m\u00e0u s\u1eafc v\u00e0 chi\u1ec1u s\u00e2u h\u01b0\u01a1ng v\u1ecb.<\/p>\n<\/li>\n<\/ul>\n<p><img loading=\"lazy\" decoding=\"async\" class=\"aligncenter  wp-image-40458\" src=\"https:\/\/havamall.com\/wp-content\/uploads\/2025\/06\/Sweet-Cherry-Smoothie.jpg\" alt=\"\" width=\"800\" height=\"1199\" \/><img loading=\"lazy\" decoding=\"async\" class=\"aligncenter  wp-image-40459\" src=\"https:\/\/havamall.com\/wp-content\/uploads\/2025\/06\/Cherry-smoothie-yogurt-walnuts-featured.jpg\" alt=\"\" width=\"800\" height=\"800\" \/><\/p>\n<h3 data-start=\"3087\" data-end=\"3118\">MUA NGAY T\u1ea0I\u00a0<strong data-start=\"3104\" data-end=\"3116\">HAVAMALL<\/strong><\/h3>\n<p data-start=\"3119\" data-end=\"3443\">S\u1ea3n ph\u1ea9m hi\u1ec7n \u0111ang c\u00f3 m\u1eb7t t\u1ea1i\u00a0<strong data-start=\"3149\" data-end=\"3161\">Havamall<\/strong>\u00a0\u2013 n\u01a1i b\u1ea1n c\u00f3 th\u1ec3 t\u00ecm th\u1ea5y nh\u1eefng nguy\u00ean li\u1ec7u cao c\u1ea5p, nh\u1eadp kh\u1ea9u ch\u00ednh ng\u1ea1ch cho c\u00e1c m\u00f3n \u0103n \u0111\u1eadm ch\u1ea5t ch\u00e2u \u00c2u.<br data-start=\"3269\" data-end=\"3272\" \/><strong data-start=\"3272\" data-end=\"3313\">Roger Descours Griottes Sour Cherries<\/strong>\u00a0ch\u00ednh l\u00e0 \u0111i\u1ec3m nh\u1ea5n \u0111\u1ea7y ngh\u1ec7 thu\u1eadt cho b\u1eefa \u0103n c\u1ee7a b\u1ea1n \u2013 t\u1eeb b\u00e1nh ng\u1ecdt \u0111\u1ebfn m\u00f3n m\u1eb7n, t\u1eeb b\u1eefa ti\u1ec7c gia \u0111\u00ecnh \u0111\u1ebfn b\u00e0n ti\u1ec7c chuy\u00ean nghi\u1ec7p.<\/p>","protected":false},"excerpt":{"rendered":"<p>TH\u00d4NG TIN S\u1ea2N PH\u1ea8M Th\u01b0\u01a1ng hi\u1ec7u Roger Descours Xu\u1ea5t X\u1ee9 Ph\u00e1p Th\u00e0nh ph\u1ea7n 100% qu\u1ea3 anh \u0111\u00e0o chua (griottes) \u0111\u00f4ng<\/p>","protected":false},"featured_media":39543,"comment_status":"open","ping_status":"closed","template":"","meta":[],"product_brand":[],"product_cat":[671,678],"product_tag":[],"class_list":{"0":"post-39542","1":"product","2":"type-product","3":"status-publish","4":"has-post-thumbnail","6":"product_cat-nhap-khau-phap","7":"product_cat-trai-cay-dong-lanh","9":"first","10":"instock","11":"sale","12":"shipping-taxable","13":"purchasable","14":"product-type-simple"},"_links":{"self":[{"href":"https:\/\/havamall.vn\/en\/wp-json\/wp\/v2\/product\/39542"}],"collection":[{"href":"https:\/\/havamall.vn\/en\/wp-json\/wp\/v2\/product"}],"about":[{"href":"https:\/\/havamall.vn\/en\/wp-json\/wp\/v2\/types\/product"}],"replies":[{"embeddable":true,"href":"https:\/\/havamall.vn\/en\/wp-json\/wp\/v2\/comments?post=39542"}],"version-history":[{"count":0,"href":"https:\/\/havamall.vn\/en\/wp-json\/wp\/v2\/product\/39542\/revisions"}],"wp:featuredmedia":[{"embeddable":true,"href":"https:\/\/havamall.vn\/en\/wp-json\/wp\/v2\/media\/39543"}],"wp:attachment":[{"href":"https:\/\/havamall.vn\/en\/wp-json\/wp\/v2\/media?parent=39542"}],"wp:term":[{"taxonomy":"product_brand","embeddable":true,"href":"https:\/\/havamall.vn\/en\/wp-json\/wp\/v2\/product_brand?post=39542"},{"taxonomy":"product_cat","embeddable":true,"href":"https:\/\/havamall.vn\/en\/wp-json\/wp\/v2\/product_cat?post=39542"},{"taxonomy":"product_tag","embeddable":true,"href":"https:\/\/havamall.vn\/en\/wp-json\/wp\/v2\/product_tag?post=39542"}],"curies":[{"name":"wp","href":"https:\/\/api.w.org\/{rel}","templated":true}]}}