{"id":39539,"date":"2025-06-13T17:26:11","date_gmt":"2025-06-13T10:26:11","guid":{"rendered":"https:\/\/havamall.vn\/?post_type=product&#038;p=39539"},"modified":"2025-12-09T16:51:21","modified_gmt":"2025-12-09T09:51:21","slug":"pho-mai-parmigiano-reggiano-latteria-soresina-200g-latteria-soresina-gran-soresina-parmigiano-reggiano-200g","status":"publish","type":"product","link":"https:\/\/havamall.vn\/en\/shop\/pho-mai-parmigiano-reggiano-latteria-soresina-200g-latteria-soresina-gran-soresina-parmigiano-reggiano-200g\/","title":{"rendered":"Ph\u00f4 Mai Parmigiano Reggiano Latteria Soresina 200g \u2013 Latteria Soresina Gran Soresina Parmigiano Reggiano 200g"},"content":{"rendered":"<h2 class=\"product-detail__specs-title\"><strong>TH\u00d4NG TIN CHUNG<\/strong><\/h2>\n<div id=\"js-product-detail__specs\" class=\"product-detail__specs\">\n<div class=\"row\">\n<div class=\"col-sm-12\">\n<div class=\"product-specs__table\">\n<table>\n<tbody>\n<tr>\n<td class=\"specs-table__property\">Th\u01b0\u01a1ng hi\u1ec7u<\/td>\n<td class=\"specs-table__value\">Latteria Soresina<\/td>\n<\/tr>\n<tr>\n<td class=\"specs-table__property\">Xu\u1ea5t x\u1ee9<\/td>\n<td class=\"specs-table__value\">\u00dd<\/td>\n<\/tr>\n<tr>\n<td class=\"specs-table__property\">H\u1ea1n s\u1eed d\u1ee5ng<\/td>\n<td class=\"specs-table__value\">12 th\u00e1ng<\/td>\n<\/tr>\n<tr>\n<td class=\"specs-table__property\">H\u01b0\u1edbng d\u1eabn s\u1eed d\u1ee5ng<\/td>\n<td class=\"specs-table__value\">D\u00f9ng tr\u1ef1c ti\u1ebfp ho\u1eb7c ch\u1ebf bi\u1ebfn c\u00e1c m\u00f3n \u0103n tu\u1ef3 th\u00edch<\/td>\n<\/tr>\n<tr>\n<td class=\"specs-table__property\">H\u01b0\u1edbng d\u1eabn b\u1ea3o qu\u1ea3n<\/td>\n<td class=\"specs-table__value\">B\u1ea3o qu\u1ea3n t\u1ee7 l\u1ea1nh nhi\u1ec7t \u0111\u1ed9 t\u1eeb 4 \u0111\u1ebfn 8 \u0111\u1ed9 C<\/td>\n<\/tr>\n<tr>\n<td class=\"specs-table__property\">Th\u00e0nh ph\u1ea7n nguy\u00ean li\u1ec7u<\/td>\n<td class=\"specs-table__value\">S\u1eefa b\u00f2 t\u01b0\u01a1i nguy\u00ean ch\u1ea5t, mu\u1ed1i, men \u0111\u00f4ng t\u1ef1 nhi\u00ean<\/td>\n<\/tr>\n<tr>\n<td class=\"specs-table__property\">Quy c\u00e1ch<\/td>\n<td class=\"specs-table__value\">200g\/mi\u1ebfng \u2013 \u0111\u00f3ng g\u00f3i ch\u00e2n kh\u00f4ng<\/td>\n<\/tr>\n<\/tbody>\n<\/table>\n<h3 data-start=\"528\" data-end=\"565\">GI\u1edaI THI\u1ec6U V\u1ec0 LATTERIA SORESINA<\/h3>\n<p data-start=\"567\" data-end=\"932\"><strong data-start=\"567\" data-end=\"588\">Latteria Soresina<\/strong>\u00a0l\u00e0 m\u1ed9t trong nh\u1eefng nh\u00e0 s\u1ea3n xu\u1ea5t s\u1eefa v\u00e0 ph\u00f4 mai h\u00e0ng \u0111\u1ea7u t\u1ea1i \u00dd, c\u00f3 l\u1ecbch s\u1eed h\u01a1n\u00a0<strong data-start=\"667\" data-end=\"677\">85 n\u0103m<\/strong>\u00a0h\u00ecnh th\u00e0nh v\u00e0 ph\u00e1t tri\u1ec3n. \u0110\u01b0\u1ee3c th\u00e0nh l\u1eadp t\u1eeb n\u0103m 1939 t\u1ea1i v\u00f9ng Lombardy \u2013 c\u00e1i n\u00f4i c\u1ee7a c\u00e1c lo\u1ea1i ph\u00f4 mai cao c\u1ea5p, Latteria Soresina kh\u00f4ng ch\u1ec9 l\u00e0 m\u1ed9t th\u01b0\u01a1ng hi\u1ec7u, m\u00e0 l\u00e0 bi\u1ec3u t\u01b0\u1ee3ng c\u1ee7a\u00a0<strong data-start=\"858\" data-end=\"931\">ch\u1ea5t l\u01b0\u1ee3ng nguy\u00ean b\u1ea3n, truy\u1ec1n th\u1ed1ng th\u1ee7 c\u00f4ng v\u00e0 ni\u1ec1m \u0111am m\u00ea \u1ea9m th\u1ef1c \u00dd<\/strong>.<\/p>\n<p data-start=\"934\" data-end=\"1092\">S\u1ea3n ph\u1ea9m c\u1ee7a h\u00e3ng \u2013 \u0111\u1eb7c bi\u1ec7t l\u00e0\u00a0<strong data-start=\"966\" data-end=\"1003\">Gran Soresina Parmigiano Reggiano<\/strong>\u00a0\u2013 th\u01b0\u1eddng \u0111\u01b0\u1ee3c l\u1ef1a ch\u1ecdn b\u1edfi c\u00e1c \u0111\u1ea7u b\u1ebfp nh\u00e0 h\u00e0ng cao c\u1ea5p v\u00e0 nh\u1eefng ng\u01b0\u1eddi s\u00e0nh \u0103n kh\u00f3 t\u00ednh.<\/p>\n<p data-start=\"934\" data-end=\"1092\"><img fetchpriority=\"high\" decoding=\"async\" class=\"aligncenter size-full wp-image-40445\" src=\"https:\/\/havamall.com\/wp-content\/uploads\/2025\/06\/vhjhgfd.png\" alt=\"\" width=\"800\" height=\"800\" \/><\/p>\n<h3 data-start=\"1099\" data-end=\"1119\">\u0110\u1eb6C \u0110I\u1ec2M N\u1ed4I B\u1eacT<\/h3>\n<h4 data-start=\"1121\" data-end=\"1201\"><em>1.\u00a0<strong data-start=\"1129\" data-end=\"1201\">Chu\u1ea9n Parmigiano Reggiano D.O.P \u2013 Ph\u00f4 mai \u201cvua c\u1ee7a c\u00e1c lo\u1ea1i ph\u00f4 mai\u201d<\/strong><\/em><\/h4>\n<ul data-start=\"1202\" data-end=\"1557\">\n<li data-start=\"1202\" data-end=\"1336\">\n<p data-start=\"1204\" data-end=\"1336\">Parmigiano Reggiano l\u00e0 d\u00f2ng ph\u00f4 mai c\u1ee9ng n\u1ed5i ti\u1ebfng nh\u1ea5t n\u01b0\u1edbc \u00dd, \u0111\u01b0\u1ee3c b\u1ea3o h\u1ed9 b\u1edfi ti\u00eau chu\u1ea9n D.O.P (Denominazione d\u2019Origine Protetta).<\/p>\n<\/li>\n<li data-start=\"1337\" data-end=\"1455\">\n<p data-start=\"1339\" data-end=\"1455\">\u0110\u01b0\u1ee3c \u1ee7 t\u1ef1 nhi\u00ean \u00edt nh\u1ea5t\u00a0<strong data-start=\"1363\" data-end=\"1375\">24 th\u00e1ng<\/strong>, t\u1ea1o n\u00ean k\u1ebft c\u1ea5u gi\u00f2n \u2013 m\u1ecbn, t\u1eebng th\u1edb ph\u00f4 mai c\u00f3 th\u1ec3 d\u1ec5 d\u00e0ng g\u00e3y ra khi b\u1ebb tay.<\/p>\n<\/li>\n<li data-start=\"1456\" data-end=\"1557\">\n<p data-start=\"1458\" data-end=\"1557\">V\u1ecb ng\u1ecdt s\u1eefa t\u1ef1 nhi\u00ean, xen l\u1eabn h\u1eadu v\u1ecb umami \u0111\u1eadm \u0111\u00e0 v\u00e0 m\u00f9i th\u01a1m b\u00e9o \u0111\u1eb7c tr\u01b0ng \u2013 c\u00e0ng \u0103n c\u00e0ng \u201cghi\u1ec1n\u201d.<\/p>\n<\/li>\n<\/ul>\n<p><img decoding=\"async\" class=\"aligncenter wp-image-40446\" src=\"https:\/\/havamall.com\/wp-content\/uploads\/2025\/06\/niebieskie-reggiano-02.jpg\" alt=\"\" width=\"800\" height=\"800\" \/><\/p>\n<h4 data-start=\"1559\" data-end=\"1631\"><em>2.\u00a0<strong data-start=\"1567\" data-end=\"1631\">Nguy\u00ean li\u1ec7u thu\u1ea7n khi\u1ebft \u2013 Kh\u00f4ng ch\u1ea5t b\u1ea3o qu\u1ea3n, kh\u00f4ng ph\u1ee5 gia<\/strong><\/em><\/h4>\n<ul data-start=\"1632\" data-end=\"1838\">\n<li data-start=\"1632\" data-end=\"1712\">\n<p data-start=\"1634\" data-end=\"1712\">S\u1eed d\u1ee5ng\u00a0<strong data-start=\"1642\" data-end=\"1662\">100% s\u1eefa b\u00f2 t\u01b0\u01a1i<\/strong>\u00a0t\u1eeb \u0111\u00e0n b\u00f2 nu\u00f4i t\u1ea1i v\u00f9ng Emilia-Romagna n\u1ed5i ti\u1ebfng.<\/p>\n<\/li>\n<li data-start=\"1713\" data-end=\"1838\">\n<p data-start=\"1715\" data-end=\"1838\">Quy tr\u00ecnh s\u1ea3n xu\u1ea5t truy\u1ec1n th\u1ed1ng, kh\u00f4ng qua x\u1eed l\u00fd c\u00f4ng nghi\u1ec7p, gi\u1eef l\u1ea1i ho\u00e0n to\u00e0n d\u01b0\u1ee1ng ch\u1ea5t t\u1ef1 nhi\u00ean v\u00e0 h\u01b0\u01a1ng v\u1ecb nguy\u00ean b\u1ea3n.<\/p>\n<\/li>\n<\/ul>\n<p><img decoding=\"async\" class=\"aligncenter wp-image-40447\" src=\"https:\/\/havamall.com\/wp-content\/uploads\/2025\/06\/ParmigianoReggianov2.webp\" alt=\"\" width=\"800\" height=\"800\" \/><\/p>\n<h4 data-start=\"1840\" data-end=\"1891\"><em>3.\u00a0<strong data-start=\"1848\" data-end=\"1891\">Ph\u00f9 h\u1ee3p v\u1edbi nhi\u1ec1u m\u00f3n \u0103n \u2013 t\u1eeb \u00c2u sang \u00c1<\/strong><\/em><\/h4>\n<ul data-start=\"1892\" data-end=\"2179\">\n<li data-start=\"1892\" data-end=\"1990\">\n<p data-start=\"1894\" data-end=\"1990\">B\u00e0o s\u1ee3i l\u00ean\u00a0<strong data-start=\"1906\" data-end=\"1930\">m\u1ef3 \u00dd, pizza, risotto<\/strong>, tr\u1ed9n salad ho\u1eb7c \u0103n k\u00e8m tr\u00e1i c\u00e2y t\u01b0\u01a1i, m\u1eadt ong, h\u1ea1t \u00f3c ch\u00f3.<\/p>\n<\/li>\n<li data-start=\"1991\" data-end=\"2094\">\n<p data-start=\"1993\" data-end=\"2094\">C\u00f3 th\u1ec3 d\u00f9ng nh\u01b0 m\u1ed9t m\u00f3n \u0103n v\u1eb7t cao c\u1ea5p, ho\u1eb7c l\u00e0 nguy\u00ean li\u1ec7u ch\u00ednh trong \u0111\u0129a charcuterie ki\u1ec3u ch\u00e2u \u00c2u.<\/p>\n<\/li>\n<li data-start=\"2095\" data-end=\"2179\">\n<p data-start=\"2097\" data-end=\"2179\">D\u1ec5 b\u1ea3o qu\u1ea3n trong t\u1ee7 l\u1ea1nh, ti\u1ec7n l\u1ee3i v\u1edbi kh\u1ed1i l\u01b0\u1ee3ng 200g v\u1eeba \u0111\u1ee7 d\u00f9ng cho nhi\u1ec1u d\u1ecbp.<\/p>\n<\/li>\n<\/ul>\n<p><img loading=\"lazy\" decoding=\"async\" class=\"aligncenter wp-image-40448\" src=\"https:\/\/havamall.com\/wp-content\/uploads\/2025\/06\/niebieski-z-talerzem.jpg\" alt=\"\" width=\"800\" height=\"800\" \/><\/p>\n<h3 data-start=\"2186\" data-end=\"2240\">V\u00cc SAO N\u00caN CH\u1eccN GRAN SORESINA PARMIGIANO REGGIANO?<\/h3>\n<h4 data-start=\"332\" data-end=\"419\"><em>1.\u00a0<strong data-start=\"340\" data-end=\"419\">V\u1ecb ph\u00f4 mai \u201cbi\u1ebft k\u1ec3 chuy\u1ec7n\u201d \u2013 h\u01a1n c\u1ea3 m\u1ed9t nguy\u00ean li\u1ec7u, l\u00e0 m\u1ed9t di s\u1ea3n \u1ea9m th\u1ef1c<\/strong><\/em><\/h4>\n<p data-start=\"420\" data-end=\"818\">Ph\u00f4 mai Parmigiano Reggiano kh\u00f4ng ch\u1ec9 n\u1ed5i ti\u1ebfng v\u00ec h\u01b0\u01a1ng v\u1ecb, m\u00e0 v\u00ec ch\u00ednh c\u00e2u chuy\u1ec7n l\u1ecbch s\u1eed h\u00e0ng tr\u0103m n\u0103m ph\u00eda sau n\u00f3. M\u1ed7i mi\u1ebfng ph\u00f4 mai l\u00e0 k\u1ebft tinh c\u1ee7a\u00a0<strong data-start=\"573\" data-end=\"640\">th\u1eddi gian, kh\u00ed h\u1eadu, s\u1eefa t\u01b0\u01a1i nguy\u00ean ch\u1ea5t v\u00e0 tay ngh\u1ec1 th\u1ee7 c\u00f4ng \u00dd<\/strong>. Khi b\u1ea1n \u0103n m\u1ed9t mi\u1ebfng Gran Soresina Parmigiano Reggiano, b\u1ea1n \u0111ang th\u01b0\u1edfng th\u1ee9c m\u1ed9t ph\u1ea7n v\u0103n h\u00f3a, m\u1ed9t l\u00e1t truy\u1ec1n th\u1ed1ng \u2013 \u0111i\u1ec1u m\u00e0 nh\u1eefng lo\u1ea1i ph\u00f4 mai c\u00f4ng nghi\u1ec7p kh\u00f4ng th\u1ec3 mang l\u1ea1i.<\/p>\n<h4 data-start=\"820\" data-end=\"901\"><em>2.\u00a0<strong data-start=\"828\" data-end=\"901\">Tinh t\u00fay \u1ee7 t\u1eeb th\u1eddi gian \u2013 \u1ee7 \u00edt nh\u1ea5t 24 th\u00e1ng cho v\u1ecb \u0111\u1eadm \u0111\u00e0, tr\u00f2n tr\u1ecba<\/strong><\/em><\/h4>\n<p data-start=\"902\" data-end=\"1218\">Kh\u00f4ng gi\u1ed1ng c\u00e1c lo\u1ea1i ph\u00f4 mai m\u1ec1m hay ch\u1ebf bi\u1ebfn nhanh, Parmigiano Reggiano c\u1ea7n th\u1eddi gian \u0111\u1ec3 ph\u00e1t tri\u1ec3n h\u01b0\u01a1ng v\u1ecb. M\u1ed7i kh\u1ed1i Gran Soresina \u0111\u01b0\u1ee3c \u1ee7 t\u1ef1 nhi\u00ean \u00edt nh\u1ea5t 24 th\u00e1ng \u2013 kh\u00f4ng v\u1ed9i v\u00e3, kh\u00f4ng can thi\u1ec7p. Ch\u00ednh th\u1eddi gian l\u00e0 \u201cgia v\u1ecb\u201d b\u00ed m\u1eadt t\u1ea1o n\u00ean\u00a0<strong data-start=\"1145\" data-end=\"1187\">v\u1ecb umami s\u00e2u l\u1eafng, \u0111\u1ed9 gi\u00f2n m\u1ecbn \u0111\u1ed9c \u0111\u00e1o<\/strong>, c\u00f9ng h\u1eadu v\u1ecb k\u00e9o d\u00e0i kh\u00f3 qu\u00ean.<\/p>\n<h4 data-start=\"1542\" data-end=\"1590\"><em>3.\u00a0<strong data-start=\"1550\" data-end=\"1590\">Gi\u00e0u dinh d\u01b0\u1ee1ng, t\u1ed1t cho c\u1ea3 gia \u0111\u00ecnh<\/strong><\/em><\/h4>\n<p data-start=\"1591\" data-end=\"1952\">\u0110\u01b0\u1ee3c m\u1ec7nh danh l\u00e0 \u201cph\u00f4 mai d\u00e0nh cho s\u1ee9c kh\u1ecfe\u201d, Parmigiano Reggiano ch\u1ee9a h\u00e0m l\u01b0\u1ee3ng cao\u00a0<strong data-start=\"1677\" data-end=\"1717\">protein, canxi, vitamin A, B2 v\u00e0 B12<\/strong>. Nh\u1edd qu\u00e1 tr\u00ecnh l\u00ean men t\u1ef1 nhi\u00ean, s\u1ea3n ph\u1ea9m\u00a0<strong data-start=\"1760\" data-end=\"1789\">g\u1ea7n nh\u01b0 kh\u00f4ng c\u00f2n lactose<\/strong>, ph\u00f9 h\u1ee3p cho ng\u01b0\u1eddi kh\u00f4ng dung n\u1ea1p s\u1eefa. \u0110\u00e2y l\u00e0 l\u1ef1a ch\u1ecdn tuy\u1ec7t v\u1eddi cho\u00a0<strong data-start=\"1859\" data-end=\"1951\">tr\u1ebb em \u0111ang ph\u00e1t tri\u1ec3n, ng\u01b0\u1eddi l\u1edbn tu\u1ed5i, ng\u01b0\u1eddi \u0103n l\u00e0nh m\u1ea1nh ho\u1eb7c c\u1ea7n b\u1ed5 sung \u0111\u1ea1m t\u1ef1 nhi\u00ean<\/strong>.<\/p>\n<p data-start=\"1591\" data-end=\"1952\"><img loading=\"lazy\" decoding=\"async\" class=\"aligncenter wp-image-40449\" src=\"https:\/\/havamall.com\/wp-content\/uploads\/2025\/06\/deska-2.jpg\" alt=\"\" width=\"800\" height=\"800\" \/><\/p>\n<h3 data-start=\"2737\" data-end=\"2768\">MUA NGAY T\u1ea0I\u00a0<strong data-start=\"2754\" data-end=\"2766\">HAVAMALL<\/strong><\/h3>\n<p data-start=\"2769\" data-end=\"2973\">S\u1ea3n ph\u1ea9m hi\u1ec7n \u0111\u00e3 c\u00f3 m\u1eb7t t\u1ea1i\u00a0<strong data-start=\"2797\" data-end=\"2809\">Havamall<\/strong>\u00a0\u2013 n\u01a1i b\u1ea1n c\u00f3 th\u1ec3 y\u00ean t\u00e2m v\u1ec1 ch\u1ea5t l\u01b0\u1ee3ng v\u00e0 ngu\u1ed3n g\u1ed1c nh\u1eadp kh\u1ea9u.<br data-start=\"2872\" data-end=\"2875\" \/>H\u00e3y \u0111\u1ec3\u00a0<strong data-start=\"2882\" data-end=\"2919\">Gran Soresina Parmigiano Reggiano<\/strong>\u00a0tr\u1edf th\u00e0nh \u0111i\u1ec3m nh\u1ea5n tuy\u1ec7t v\u1eddi cho m\u1ed7i b\u1eefa \u0103n c\u1ee7a b\u1ea1n!<\/p>\n<\/div>\n<\/div>\n<\/div>\n<\/div>","protected":false},"excerpt":{"rendered":"<p>TH\u00d4NG TIN CHUNG Th\u01b0\u01a1ng hi\u1ec7u Latteria Soresina Xu\u1ea5t x\u1ee9 \u00dd H\u1ea1n s\u1eed d\u1ee5ng 12 th\u00e1ng H\u01b0\u1edbng d\u1eabn s\u1eed d\u1ee5ng D\u00f9ng<\/p>","protected":false},"featured_media":39540,"comment_status":"open","ping_status":"closed","template":"","meta":[],"product_brand":[],"product_cat":[672,275],"product_tag":[],"class_list":{"0":"post-39539","1":"product","2":"type-product","3":"status-publish","4":"has-post-thumbnail","6":"product_cat-nhap-khau-y","7":"product_cat-thuc-pham-dong-lanh","9":"first","10":"outofstock","11":"sale","12":"shipping-taxable","13":"purchasable","14":"product-type-simple"},"_links":{"self":[{"href":"https:\/\/havamall.vn\/en\/wp-json\/wp\/v2\/product\/39539"}],"collection":[{"href":"https:\/\/havamall.vn\/en\/wp-json\/wp\/v2\/product"}],"about":[{"href":"https:\/\/havamall.vn\/en\/wp-json\/wp\/v2\/types\/product"}],"replies":[{"embeddable":true,"href":"https:\/\/havamall.vn\/en\/wp-json\/wp\/v2\/comments?post=39539"}],"version-history":[{"count":0,"href":"https:\/\/havamall.vn\/en\/wp-json\/wp\/v2\/product\/39539\/revisions"}],"wp:featuredmedia":[{"embeddable":true,"href":"https:\/\/havamall.vn\/en\/wp-json\/wp\/v2\/media\/39540"}],"wp:attachment":[{"href":"https:\/\/havamall.vn\/en\/wp-json\/wp\/v2\/media?parent=39539"}],"wp:term":[{"taxonomy":"product_brand","embeddable":true,"href":"https:\/\/havamall.vn\/en\/wp-json\/wp\/v2\/product_brand?post=39539"},{"taxonomy":"product_cat","embeddable":true,"href":"https:\/\/havamall.vn\/en\/wp-json\/wp\/v2\/product_cat?post=39539"},{"taxonomy":"product_tag","embeddable":true,"href":"https:\/\/havamall.vn\/en\/wp-json\/wp\/v2\/product_tag?post=39539"}],"curies":[{"name":"wp","href":"https:\/\/api.w.org\/{rel}","templated":true}]}}