{"id":39535,"date":"2025-06-13T17:23:16","date_gmt":"2025-06-13T10:23:16","guid":{"rendered":"https:\/\/havamall.vn\/?post_type=product&#038;p=39535"},"modified":"2025-06-13T17:23:40","modified_gmt":"2025-06-13T10:23:40","slug":"thit-heo-xong-khoi-va-xuc-xich-tong-hop-casademont-150g-casademont-jamon-serrano-salchichon-chorizo-tapas","status":"publish","type":"product","link":"https:\/\/havamall.vn\/en\/shop\/thit-heo-xong-khoi-va-xuc-xich-tong-hop-casademont-150g-casademont-jamon-serrano-salchichon-chorizo-tapas\/","title":{"rendered":"Th\u1ecbt Heo X\u00f4ng Kh\u00f3i V\u00e0 X\u00fac X\u00edch T\u1ed5ng H\u1ee3p Casademont 150G \u2013 Casademont Jam\u00f3n Serrano Salchich\u00f3n Chorizo Tapas"},"content":{"rendered":"<h3><strong>TH\u00d4NG TIN S\u1ea2N PH\u1ea8M<\/strong><\/h3>\n<table style=\"width: 71.1781%\">\n<tbody>\n<tr>\n<td style=\"width: 21.0448%\">Th\u01b0\u01a1ng hi\u1ec7u<\/td>\n<td style=\"width: 104.613%\">Casademont<\/td>\n<\/tr>\n<tr>\n<td style=\"width: 21.0448%\">Xu\u1ea5t X\u1ee9<\/td>\n<td style=\"width: 104.613%\">T\u00e2y Ban Nha<\/td>\n<\/tr>\n<tr>\n<td style=\"width: 21.0448%\">Th\u00e0nh ph\u1ea7n<\/td>\n<td style=\"width: 104.613%\">\n<ul>\n<li data-start=\"342\" data-end=\"387\">\n<p data-start=\"344\" data-end=\"387\"><strong data-start=\"344\" data-end=\"361\">Jam\u00f3n Serrano<\/strong>\u00a0(th\u1ecbt \u0111\u00f9i heo mu\u1ed1i kh\u00f4)<\/p>\n<\/li>\n<li data-start=\"390\" data-end=\"432\">\n<p data-start=\"392\" data-end=\"432\"><strong data-start=\"392\" data-end=\"406\">Salchich\u00f3n<\/strong>\u00a0(x\u00fac x\u00edch heo ti\u00eau \u0111en)<\/p>\n<\/li>\n<li data-start=\"435\" data-end=\"481\">\n<p data-start=\"437\" data-end=\"481\"><strong data-start=\"437\" data-end=\"448\">Chorizo<\/strong>\u00a0(x\u00fac x\u00edch heo \u01b0\u1edbp paprika cay)<\/p>\n<\/li>\n<\/ul>\n<\/td>\n<\/tr>\n<tr>\n<td style=\"width: 21.0448%\">H\u1ea1n s\u1eed d\u1ee5ng<\/td>\n<td style=\"width: 104.613%\">Xem tr\u00ean bao b\u00ec<\/td>\n<\/tr>\n<tr>\n<td style=\"width: 21.0448%\">B\u1ea3o qu\u1ea3n<\/td>\n<td style=\"width: 104.613%\">B\u1ea3o qu\u1ea3n n\u01a1i kh\u00f4 r\u00e1o, tho\u00e1ng m\u00e1t, tr\u00e1nh \u00e1nh n\u1eafng tr\u1ef1c ti\u1ebfp. B\u1ea3o qu\u1ea3n l\u1ea1nh sau khi m\u1edf n\u1eafp<\/td>\n<\/tr>\n<tr>\n<td style=\"width: 21.0448%\">Quy c\u00e1ch<\/td>\n<td style=\"width: 104.613%\">Khay 150g (3 lo\u1ea1i th\u1ecbt ngu\u1ed9i c\u1eaft l\u00e1t s\u1eb5n, h\u00fat ch\u00e2n kh\u00f4ng)<\/td>\n<\/tr>\n<\/tbody>\n<\/table>\n<p data-start=\"629\" data-end=\"930\"><strong data-start=\"629\" data-end=\"643\">Casademont<\/strong>\u00a0l\u00e0 m\u1ed9t trong nh\u1eefng th\u01b0\u01a1ng hi\u1ec7u d\u1eabn \u0111\u1ea7u t\u1ea1i T\u00e2y Ban Nha trong ng\u00e0nh ch\u1ebf bi\u1ebfn th\u1ecbt ngu\u1ed9i cao c\u1ea5p, v\u1edbi h\u01a1n 60 n\u0103m kinh nghi\u1ec7m. H\u00e3ng n\u1ed5i ti\u1ebfng nh\u1edd s\u1ef1 k\u1ebft h\u1ee3p gi\u1eefa k\u1ef9 thu\u1eadt truy\u1ec1n th\u1ed1ng v\u00e0 quy tr\u00ecnh s\u1ea3n xu\u1ea5t hi\u1ec7n \u0111\u1ea1i, mang l\u1ea1i h\u01b0\u01a1ng v\u1ecb \u0111\u1eb7c tr\u01b0ng kh\u00f4ng th\u1ec3 tr\u1ed9n l\u1eabn c\u1ee7a \u1ea9m th\u1ef1c \u0110\u1ecba Trung H\u1ea3i.<\/p>\n<p data-start=\"932\" data-end=\"1183\">Casademont kh\u00f4ng ch\u1ec9 ch\u00fa tr\u1ecdng \u0111\u1ebfn ch\u1ea5t l\u01b0\u1ee3ng nguy\u00ean li\u1ec7u m\u00e0 c\u00f2n ti\u00ean phong trong vi\u1ec7c \u00e1p d\u1ee5ng ti\u00eau chu\u1ea9n\u00a0<strong data-start=\"1038\" data-end=\"1059\">ph\u00fac l\u1ee3i \u0111\u1ed9ng v\u1eadt<\/strong>\u00a0v\u00e0\u00a0<strong data-start=\"1063\" data-end=\"1092\">an to\u00e0n th\u1ef1c ph\u1ea9m cao c\u1ea5p<\/strong>. C\u00e1c d\u00f2ng s\u1ea3n ph\u1ea9m c\u1ee7a h\u00e3ng \u0111\u1ec1u \u0111\u01b0\u1ee3c ki\u1ec3m \u0111\u1ecbnh nghi\u00eam ng\u1eb7t v\u00e0 \u0111\u1ea1t nhi\u1ec1u ch\u1ee9ng ch\u1ec9 qu\u1ed1c t\u1ebf.<\/p>\n<p data-start=\"932\" data-end=\"1183\"><img fetchpriority=\"high\" decoding=\"async\" class=\"aligncenter\" src=\"https:\/\/havamall.com\/wp-content\/uploads\/2025\/06\/logo-casademont.png\" alt=\"Casademont 1956 Meat Sl - WeMark Foods\" width=\"800\" height=\"634\" \/><\/p>\n<h3 data-start=\"192\" data-end=\"212\">\u0110\u1eb6C \u0110I\u1ec2M N\u1ed4I B\u1eacT<\/h3>\n<p data-start=\"214\" data-end=\"384\"><em>Combo\u00a0<strong data-start=\"220\" data-end=\"240\">Casademont Tapas<\/strong>\u00a0l\u00e0 s\u1ef1 k\u1ebft h\u1ee3p ho\u00e0n h\u1ea3o c\u1ee7a 3 lo\u1ea1i th\u1ecbt ngu\u1ed9i \u0111\u1eb7c tr\u01b0ng T\u00e2y Ban Nha, m\u1ed7i lo\u1ea1i mang m\u1ed9t c\u00e1 t\u00ednh ri\u00eang bi\u1ec7t v\u1ec1 h\u01b0\u01a1ng v\u1ecb, k\u1ebft c\u1ea5u v\u00e0 c\u00e1ch ch\u1ebf bi\u1ebfn:<\/em><\/p>\n<h4 data-start=\"386\" data-end=\"449\">1.\u00a0<strong data-start=\"394\" data-end=\"449\">Jam\u00f3n Serrano \u2013 Bi\u1ec3u t\u01b0\u1ee3ng tinh t\u00fay c\u1ee7a T\u00e2y Ban Nha<\/strong><\/h4>\n<ul data-start=\"450\" data-end=\"808\">\n<li data-start=\"450\" data-end=\"570\">\n<p data-start=\"452\" data-end=\"570\">L\u00e0 lo\u1ea1i th\u1ecbt \u0111\u00f9i heo mu\u1ed1i kh\u00f4, \u0111\u01b0\u1ee3c \u1ee7 trong \u0111i\u1ec1u ki\u1ec7n t\u1ef1 nhi\u00ean su\u1ed1t nhi\u1ec1u th\u00e1ng \u0111\u1ec3 \u0111\u1ea1t \u0111\u1ebfn \u0111\u1ed9 ch\u00edn v\u00e0 \u0111\u1ed9 m\u1ec1m l\u00fd t\u01b0\u1edfng.<\/p>\n<\/li>\n<li data-start=\"571\" data-end=\"690\">\n<p data-start=\"573\" data-end=\"690\">Jam\u00f3n Serrano c\u00f3 v\u1ecb m\u1eb7n nh\u1eb9 t\u1ef1 nhi\u00ean, th\u01a1m ng\u1ecdt t\u1eeb s\u1ee3i c\u01a1 th\u1ecbt kh\u00f4 s\u0103n, h\u00f2a quy\u1ec7n h\u01b0\u01a1ng b\u00e9o d\u1ecbu nh\u1eb9 m\u00e0 kh\u00f4ng h\u1ec1 ng\u1ea5y.<\/p>\n<\/li>\n<li data-start=\"691\" data-end=\"808\">\n<p data-start=\"693\" data-end=\"808\">L\u00e1t th\u1ecbt \u0111\u01b0\u1ee3c c\u1eaft m\u1ecfng, m\u1ec1m tan trong mi\u1ec7ng, l\u00fd t\u01b0\u1edfng \u0111\u1ec3 \u0103n kh\u00f4ng, k\u1eb9p b\u00e1nh m\u00ec ho\u1eb7c d\u00f9ng c\u00f9ng ph\u00f4 mai v\u00e0 r\u01b0\u1ee3u vang.<\/p>\n<\/li>\n<\/ul>\n<p><img decoding=\"async\" class=\"aligncenter wp-image-40437\" src=\"https:\/\/havamall.com\/wp-content\/uploads\/2025\/06\/05020020-serranoham.jpg\" alt=\"\" width=\"800\" height=\"600\" \/><\/p>\n<h4 data-start=\"810\" data-end=\"872\">2.\u00a0<strong data-start=\"818\" data-end=\"872\">Salchich\u00f3n \u2013 X\u00fac x\u00edch ti\u00eau \u0111en \u0111\u1eadm \u0111\u00e0 truy\u1ec1n th\u1ed1ng<\/strong><\/h4>\n<ul data-start=\"873\" data-end=\"1207\">\n<li data-start=\"873\" data-end=\"978\">\n<p data-start=\"875\" data-end=\"978\">L\u00e0 lo\u1ea1i x\u00fac x\u00edch heo \u0111\u01b0\u1ee3c l\u00ean men, \u01b0\u1edbp mu\u1ed1i v\u00e0 ti\u00eau \u0111en \u2013 lo\u1ea1i gia v\u1ecb gi\u00fap t\u0103ng \u0111\u1ed9 th\u01a1m n\u1ed3ng \u0111\u1eb7c tr\u01b0ng.<\/p>\n<\/li>\n<li data-start=\"979\" data-end=\"1087\">\n<p data-start=\"981\" data-end=\"1087\">K\u1ebft c\u1ea5u th\u1ecbt ch\u1eafc, h\u01a1i gi\u00f2n, gi\u1eef \u0111\u01b0\u1ee3c \u0111\u1ed9 \u1ea9m t\u1ed1t. V\u1ecb cay nh\u1eb9 t\u1eeb ti\u00eau t\u1ea1o c\u1ea3m gi\u00e1c \u1ea5m \u00e1p d\u1ec5 ch\u1ecbu, r\u1ea5t d\u1ec5 \u0103n.<\/p>\n<\/li>\n<li data-start=\"1088\" data-end=\"1207\">\n<p data-start=\"1090\" data-end=\"1207\">Ph\u00f9 h\u1ee3p \u0111\u1ec3 \u0103n k\u00e8m b\u00e1nh m\u00ec, crackers ho\u1eb7c \u0111\u1eb7t l\u00ean \u0111\u0129a charcuterie cho nh\u1eefng bu\u1ed5i ti\u1ec7c nh\u1ecf, picnic hay chi\u00eau \u0111\u00e3i kh\u00e1ch.<\/p>\n<\/li>\n<\/ul>\n<p><img decoding=\"async\" class=\"aligncenter wp-image-40438\" src=\"https:\/\/havamall.com\/wp-content\/uploads\/2025\/06\/SlicedSalchichonbyFerminProduct.webp\" alt=\"\" width=\"800\" height=\"534\" \/><\/p>\n<h4 data-start=\"1209\" data-end=\"1270\">3.\u00a0<strong data-start=\"1217\" data-end=\"1270\">Chorizo \u2013 H\u01b0\u01a1ng v\u1ecb m\u1ea1nh m\u1ebd t\u1eeb paprika T\u00e2y Ban Nha<\/strong><\/h4>\n<ul data-start=\"1271\" data-end=\"1601\">\n<li data-start=\"1271\" data-end=\"1431\">\n<p data-start=\"1273\" data-end=\"1431\">L\u00e0 lo\u1ea1i x\u00fac x\u00edch n\u1ed5i ti\u1ebfng nh\u1ea5t c\u1ee7a x\u1ee9 b\u00f2 t\u00f3t, chorizo mang h\u01b0\u01a1ng v\u1ecb \u0111\u1eb7c tr\u01b0ng t\u1eeb\u00a0<strong data-start=\"1355\" data-end=\"1379\">\u1edbt paprika x\u00f4ng kh\u00f3i<\/strong>, mang l\u1ea1i m\u00e0u \u0111\u1ecf cam b\u1eaft m\u1eaft v\u00e0 v\u1ecb cay n\u1ed3ng \u0111\u1eadm \u0111\u00e0.<\/p>\n<\/li>\n<li data-start=\"1432\" data-end=\"1516\">\n<p data-start=\"1434\" data-end=\"1516\">V\u1ecb th\u1ecbt \u0111\u1eadm, h\u01b0\u01a1ng th\u01a1m quy\u1ebfn r\u0169, \u0103n v\u00e0o c\u1ea3m nh\u1eadn r\u00f5 \u0111\u1ed9 b\u00e9o \u2013 cay \u2013 m\u1eb7n h\u00f2a quy\u1ec7n.<\/p>\n<\/li>\n<li data-start=\"1517\" data-end=\"1601\">\n<p data-start=\"1519\" data-end=\"1601\">L\u00e0 \u0111i\u1ec3m nh\u1ea5n kh\u00f4ng th\u1ec3 thi\u1ebfu n\u1ebfu b\u1ea1n mu\u1ed1n \u0111\u0129a tapas th\u00eam ph\u1ea7n m\u1ea1nh m\u1ebd v\u00e0 \u1ea5n t\u01b0\u1ee3ng.<\/p>\n<\/li>\n<\/ul>\n<p><img loading=\"lazy\" decoding=\"async\" class=\"aligncenter\" src=\"https:\/\/havamall.com\/wp-content\/uploads\/2025\/06\/L_chorizo-extra-vela-dule.jpg\" alt=\"Bulk Buy Chorizo Extra Gran Vela (Salami Type) Wholesale | KFF\" width=\"800\" height=\"800\" \/><\/p>\n<h3 data-start=\"1994\" data-end=\"2031\">V\u00cc SAO N\u00caN CH\u1eccN CASADEMONT TAPAS?<\/h3>\n<p data-start=\"2033\" data-end=\"2253\">Kh\u00f4ng ph\u1ea3i ai c\u0169ng c\u00f3 \u0111i\u1ec1u ki\u1ec7n bay \u0111\u1ebfn T\u00e2y Ban Nha \u0111\u1ec3 th\u01b0\u1edfng th\u1ee9c m\u1ed9t \u0111\u0129a tapas \u0111\u1eadm \u0111\u00e0 trong \u00e1nh n\u1eafng \u0110\u1ecba Trung H\u1ea3i. Nh\u01b0ng ch\u1ec9 v\u1edbi m\u1ed9t khay\u00a0<strong data-start=\"2174\" data-end=\"2194\">Casademont Tapas<\/strong>, b\u1ea1n c\u00f3 th\u1ec3 mang tr\u1ea3i nghi\u1ec7m \u1ea5y v\u1ec1 ngay gian b\u1ebfp c\u1ee7a m\u00ecnh.<\/p>\n<p data-start=\"2255\" data-end=\"2565\">S\u1ef1 kh\u00e1c bi\u1ec7t l\u1edbn nh\u1ea5t c\u1ee7a s\u1ea3n ph\u1ea9m n\u00e0y so v\u1edbi c\u00e1c lo\u1ea1i th\u1ecbt ngu\u1ed9i th\u00f4ng th\u01b0\u1eddng l\u00e0 \u1edf h\u01b0\u01a1ng v\u1ecb \u0111\u01b0\u1ee3c t\u1ed1i \u01b0u h\u00f3a theo truy\u1ec1n th\u1ed1ng b\u1ea3n \u0111\u1ecba \u2013 t\u1eebng l\u00e1t th\u1ecbt \u0111\u1ec1u \u0111\u01b0\u1ee3c \u1ee7, \u01b0\u1edbp v\u00e0 x\u1eed l\u00fd theo c\u00f4ng th\u1ee9c truy\u1ec1n \u0111\u1eddi c\u1ee7a ng\u01b0\u1eddi T\u00e2y Ban Nha. K\u1ebft c\u1ea5u th\u1ecbt m\u1ec1m, kh\u00f4ng kh\u00f4, kh\u00f4ng qu\u00e1 m\u1eb7n hay qu\u00e1 b\u00e9o, v\u1eeba v\u1eb7n trong t\u1eebng mi\u1ebfng c\u1eafn. D\u00f9 b\u1ea1n l\u00e0 ng\u01b0\u1eddi y\u00eau ti\u1ec7c t\u00f9ng, d\u00e2n s\u00e0nh \u0103n hay ch\u1ec9 \u0111\u01a1n gi\u1ea3n l\u00e0 t\u00ecm m\u1ed9t m\u00f3n \u0103n nhanh g\u1ecdn m\u00e0 ch\u1ea5t l\u01b0\u1ee3ng, Casademont Tapas \u0111\u1ec1u c\u00f3 th\u1ec3 tr\u1edf th\u00e0nh \u201cm\u00f3n t\u1ee7\u201d trong t\u1ee7 l\u1ea1nh nh\u00e0 b\u1ea1n.<\/p>\n<p data-start=\"2255\" data-end=\"2565\"><img loading=\"lazy\" decoding=\"async\" class=\"aligncenter wp-image-40439\" src=\"https:\/\/havamall.com\/wp-content\/uploads\/2025\/06\/chorizo-iberico-744222.webp\" alt=\"\" width=\"802\" height=\"535\" \/><\/p>\n<h3 data-start=\"2746\" data-end=\"2771\">MUA NGAY T\u1ea0I HAVAMALL<\/h3>\n<p data-start=\"2773\" data-end=\"3011\">S\u1ea3n ph\u1ea9m hi\u1ec7n \u0111\u00e3 c\u00f3 m\u1eb7t t\u1ea1i\u00a0<strong data-start=\"2801\" data-end=\"2813\">Havamall<\/strong>\u00a0\u2013 n\u01a1i h\u1ed9i t\u1ee5 nh\u1eefng m\u1eb7t h\u00e0ng nh\u1eadp kh\u1ea9u cao c\u1ea5p, \u0111\u01b0\u1ee3c b\u1ea3o qu\u1ea3n v\u00e0 giao h\u00e0ng \u0111\u00fang ti\u00eau chu\u1ea9n. \u0110\u1eb7t mua ngay h\u00f4m nay \u0111\u1ec3 t\u1eadn h\u01b0\u1edfng h\u01b0\u01a1ng v\u1ecb tinh hoa \u1ea9m th\u1ef1c ch\u00e2u \u00c2u, ch\u1ec9 trong v\u00e0i ph\u00fat chu\u1ea9n b\u1ecb \u0111\u01a1n gi\u1ea3n.<\/p>","protected":false},"excerpt":{"rendered":"<p>TH\u00d4NG TIN S\u1ea2N PH\u1ea8M Th\u01b0\u01a1ng hi\u1ec7u Casademont Xu\u1ea5t X\u1ee9 T\u00e2y Ban Nha Th\u00e0nh ph\u1ea7n Jam\u00f3n Serrano\u00a0(th\u1ecbt \u0111\u00f9i heo mu\u1ed1i kh\u00f4)<\/p>","protected":false},"featured_media":39536,"comment_status":"open","ping_status":"closed","template":"","meta":[],"product_brand":[],"product_cat":[683,275,36],"product_tag":[],"class_list":{"0":"post-39535","1":"product","2":"type-product","3":"status-publish","4":"has-post-thumbnail","6":"product_cat-nhap-khau-tay-ban-nha","7":"product_cat-thuc-pham-dong-lanh","8":"product_cat-thuc-pham-tieu-dung","10":"first","11":"instock","12":"sale","13":"shipping-taxable","14":"purchasable","15":"product-type-simple"},"_links":{"self":[{"href":"https:\/\/havamall.vn\/en\/wp-json\/wp\/v2\/product\/39535"}],"collection":[{"href":"https:\/\/havamall.vn\/en\/wp-json\/wp\/v2\/product"}],"about":[{"href":"https:\/\/havamall.vn\/en\/wp-json\/wp\/v2\/types\/product"}],"replies":[{"embeddable":true,"href":"https:\/\/havamall.vn\/en\/wp-json\/wp\/v2\/comments?post=39535"}],"version-history":[{"count":0,"href":"https:\/\/havamall.vn\/en\/wp-json\/wp\/v2\/product\/39535\/revisions"}],"wp:featuredmedia":[{"embeddable":true,"href":"https:\/\/havamall.vn\/en\/wp-json\/wp\/v2\/media\/39536"}],"wp:attachment":[{"href":"https:\/\/havamall.vn\/en\/wp-json\/wp\/v2\/media?parent=39535"}],"wp:term":[{"taxonomy":"product_brand","embeddable":true,"href":"https:\/\/havamall.vn\/en\/wp-json\/wp\/v2\/product_brand?post=39535"},{"taxonomy":"product_cat","embeddable":true,"href":"https:\/\/havamall.vn\/en\/wp-json\/wp\/v2\/product_cat?post=39535"},{"taxonomy":"product_tag","embeddable":true,"href":"https:\/\/havamall.vn\/en\/wp-json\/wp\/v2\/product_tag?post=39535"}],"curies":[{"name":"wp","href":"https:\/\/api.w.org\/{rel}","templated":true}]}}