{"id":39532,"date":"2025-06-13T17:20:12","date_gmt":"2025-06-13T10:20:12","guid":{"rendered":"https:\/\/havamall.vn\/?post_type=product&#038;p=39532"},"modified":"2025-06-13T17:20:12","modified_gmt":"2025-06-13T10:20:12","slug":"giam-balsamic-co-dac-modena-metro-chef-250ml-metro-chef-crema-allaceto-balsamico-di-modena-igp-250ml","status":"publish","type":"product","link":"https:\/\/havamall.vn\/en\/shop\/giam-balsamic-co-dac-modena-metro-chef-250ml-metro-chef-crema-allaceto-balsamico-di-modena-igp-250ml\/","title":{"rendered":"Gi\u1ea5m Balsamic C\u00f4 \u0110\u1eb7c Modena Metro Chef 250ml \u2013 Metro Chef Crema all\u2019Aceto Balsamico di Modena IGP 250ml"},"content":{"rendered":"<h3><strong>TH\u00d4NG TIN S\u1ea2N PH\u1ea8M<\/strong><\/h3>\n<table>\n<tbody>\n<tr>\n<td>Th\u01b0\u01a1ng hi\u1ec7u<\/td>\n<td>Metro Chef<\/td>\n<\/tr>\n<tr>\n<td>Xu\u1ea5t X\u1ee9<\/td>\n<td>\u00dd<\/td>\n<\/tr>\n<tr>\n<td>Th\u00e0nh ph\u1ea7n<\/td>\n<td>\n<p data-start=\"1054\" data-end=\"1149\">Gi\u1ea5m balsamic Modena IGP c\u00f4 \u0111\u1eb7c, nho l\u00ean men, siro glucose, tinh b\u1ed9t, ch\u1ea5t \u0111i\u1ec1u v\u1ecb, ch\u1ea5t \u1ed5n \u0111\u1ecbnh t\u1ef1 nhi\u00ean<\/p>\n<\/td>\n<\/tr>\n<tr>\n<td>H\u1ea1n s\u1eed d\u1ee5ng<\/td>\n<td>Xem tr\u00ean bao b\u00ec<\/td>\n<\/tr>\n<tr>\n<td>B\u1ea3o qu\u1ea3n<\/td>\n<td>B\u1ea3o qu\u1ea3n n\u01a1i kh\u00f4 r\u00e1o, tho\u00e1ng m\u00e1t, tr\u00e1nh \u00e1nh n\u1eafng tr\u1ef1c ti\u1ebfp. B\u1ea3o qu\u1ea3n l\u1ea1nh sau khi m\u1edf n\u1eafp<\/td>\n<\/tr>\n<tr>\n<td>Kh\u1ed1i l\u01b0\u1ee3ng t\u1ecbnh<\/td>\n<td>250ml<\/td>\n<\/tr>\n<tr>\n<td>L\u01b0u \u00fd<\/td>\n<td>Gi\u1ea5m Balsamico c\u00f4 \u0111\u1eb7c c\u00f3 ch\u1ee9a sunfit.<\/td>\n<\/tr>\n<\/tbody>\n<\/table>\n<h2 data-start=\"908\" data-end=\"947\">GI\u1edaI THI\u1ec6U V\u1ec0 TH\u01af\u01a0NG HI\u1ec6U METRO CHEF<\/h2>\n<p data-start=\"949\" data-end=\"1296\"><strong>Metro Chef<\/strong>\u00a0l\u00e0 d\u00f2ng s\u1ea3n ph\u1ea9m th\u1ef1c ph\u1ea9m cao c\u1ea5p tr\u1ef1c thu\u1ed9c t\u1eadp \u0111o\u00e0n METRO \u2013 m\u1ed9t trong nh\u1eefng h\u1ec7 th\u1ed1ng b\u00e1n l\u1ebb h\u00e0ng \u0111\u1ea7u ch\u00e2u \u00c2u, n\u1ed5i ti\u1ebfng v\u1edbi c\u00e1c ti\u00eau chu\u1ea9n ki\u1ec3m \u0111\u1ecbnh nghi\u00eam ng\u1eb7t v\u00e0 ngu\u1ed3n g\u1ed1c r\u00f5 r\u00e0ng. C\u00e1c s\u1ea3n ph\u1ea9m mang nh\u00e3n hi\u1ec7u Metro Chef lu\u00f4n h\u01b0\u1edbng \u0111\u1ebfn gi\u1edbi \u0111\u1ea7u b\u1ebfp chuy\u00ean nghi\u1ec7p, nh\u00e0 h\u00e0ng, kh\u00e1ch s\u1ea1n v\u00e0 ng\u01b0\u1eddi ti\u00eau d\u00f9ng c\u00f3 y\u00eau c\u1ea7u cao v\u1ec1 ch\u1ea5t l\u01b0\u1ee3ng.<\/p>\n<p data-start=\"1298\" data-end=\"1586\">S\u1ed1t kem gi\u1ea5m balsamic \u2013 hay c\u00f2n g\u1ecdi l\u00e0\u00a0<em data-start=\"1337\" data-end=\"1364\">Crema all\u2019Aceto Balsamico<\/em>\u00a0\u2013 l\u00e0 bi\u1ec3u t\u01b0\u1ee3ng c\u1ee7a \u1ea9m th\u1ef1c v\u00f9ng Modena (Italia). V\u1edbi ch\u1ec9 d\u1eabn \u0111\u1ecba l\u00fd \u0111\u01b0\u1ee3c b\u1ea3o h\u1ed9 (IGP \u2013 Indicazione Geografica Protetta), s\u1ea3n ph\u1ea9m n\u00e0y cam k\u1ebft v\u1ec1 ngu\u1ed3n g\u1ed1c, ph\u01b0\u01a1ng ph\u00e1p s\u1ea3n xu\u1ea5t truy\u1ec1n th\u1ed1ng v\u00e0 h\u01b0\u01a1ng v\u1ecb \u0111\u1ea1t chu\u1ea9n ch\u00e2u \u00c2u.<\/p>\n<p data-start=\"1298\" data-end=\"1586\"><img fetchpriority=\"high\" decoding=\"async\" class=\"aligncenter wp-image-40427\" src=\"https:\/\/havamall.com\/wp-content\/uploads\/2025\/06\/K1KCUPJXDxT3j6MfDp8NrQ.jpg\" alt=\"\" width=\"801\" height=\"991\" \/><\/p>\n<h2 data-start=\"1593\" data-end=\"1612\">\u0110\u1eb6C \u0110I\u1ec2M N\u1ed4I B\u1eacT<\/h2>\n<p data-start=\"1614\" data-end=\"1889\"><em><strong data-start=\"1614\" data-end=\"1663\">1. K\u1ebft c\u1ea5u kem m\u1ecbn, h\u01b0\u01a1ng th\u01a1m n\u1ed3ng \u0111\u1eb7c tr\u01b0ng<\/strong><\/em><br data-start=\"1663\" data-end=\"1666\" \/>Crema Balsamico c\u1ee7a Metro Chef l\u00e0 d\u1ea1ng kem c\u00f4 \u0111\u1eb7c t\u1eeb gi\u1ea5m balsamic, cho ra h\u01b0\u01a1ng v\u1ecb \u0111\u1eadm \u0111\u00e0, c\u00e2n b\u1eb1ng gi\u1eefa ng\u1ecdt, chua v\u00e0 h\u1eadu v\u1ecb g\u1ed7 s\u1ed3i. K\u1ebft c\u1ea5u s\u00e1nh m\u1ecbn gi\u00fap d\u1ec5 d\u00e0ng trang tr\u00ed m\u00f3n \u0103n m\u00e0 kh\u00f4ng b\u1ecb ch\u1ea3y lo\u00e3ng hay m\u1ea5t h\u00ecnh d\u00e1ng.<\/p>\n<p data-start=\"1891\" data-end=\"2186\"><em><strong data-start=\"1891\" data-end=\"1948\">2. \u0110\u01b0\u1ee3c ch\u1ee9ng nh\u1eadn IGP \u2013 b\u1ea3o ch\u1ee9ng t\u1eeb v\u00f9ng \u0111\u1ea5t Modena<\/strong><\/em><br data-start=\"1948\" data-end=\"1951\" \/>Kh\u00f4ng ph\u1ea3i m\u1ecdi lo\u1ea1i gi\u1ea5m balsamic \u0111\u1ec1u \u0111\u01b0\u1ee3c g\u1ecdi l\u00e0 \u201cdi Modena\u201d. Ch\u1ec9 nh\u1eefng s\u1ea3n ph\u1ea9m tu\u00e2n th\u1ee7 nghi\u00eam ng\u1eb7t quy tr\u00ecnh truy\u1ec1n th\u1ed1ng t\u1ea1i v\u00f9ng Modena m\u1edbi \u0111\u01b0\u1ee3c c\u1ea5p ch\u1ee9ng nh\u1eadn IGP. Metro Chef s\u1edf h\u1eefu \u0111i\u1ec1u n\u00e0y \u2013 nh\u01b0 m\u1ed9t d\u1ea5u \u1ea5n v\u00e0ng cho ch\u1ea5t l\u01b0\u1ee3ng.<\/p>\n<p><img decoding=\"async\" class=\"wp-image-40428 aligncenter\" src=\"https:\/\/havamall.com\/wp-content\/uploads\/2025\/06\/467893687_8584805398241064_394984688194318303_n.jpg\" alt=\"\" width=\"801\" height=\"535\" \/><\/p>\n<p data-start=\"2188\" data-end=\"2480\"><em><strong data-start=\"2188\" data-end=\"2225\">3. \u1ee8ng d\u1ee5ng \u0111a d\u1ea1ng trong \u1ea9m th\u1ef1c<\/strong><\/em><br data-start=\"2225\" data-end=\"2228\" \/>C\u00f3 th\u1ec3 d\u00f9ng \u0111\u1ec3 r\u01b0\u1edbi l\u00ean salad, ph\u00f4 mai, th\u1ecbt n\u01b0\u1edbng, rau c\u1ee7 n\u01b0\u1edbng, c\u00e1 h\u1ed3i \u00e1p ch\u1ea3o, pizza, ho\u1eb7c th\u1eadm ch\u00ed k\u1ebft h\u1ee3p c\u00f9ng tr\u00e1i c\u00e2y v\u00e0 kem t\u01b0\u01a1i. M\u1ed9t v\u00e0i gi\u1ecdt Crema Balsamico c\u0169ng \u0111\u1ee7 \u0111\u1ec3 n\u00e2ng t\u1ea7m m\u00f3n \u0103n t\u1eeb \u0111\u01a1n gi\u1ea3n th\u00e0nh tinh t\u1ebf, nh\u01b0 c\u00e1ch c\u00e1c \u0111\u1ea7u b\u1ebfp \u00dd v\u1eabn l\u00e0m.<\/p>\n<p data-start=\"2482\" data-end=\"2731\"><em><strong data-start=\"2482\" data-end=\"2525\">4. Bao b\u00ec ti\u1ec7n l\u1ee3i, thi\u1ebft k\u1ebf th\u00f4ng minh<\/strong><\/em><br data-start=\"2525\" data-end=\"2528\" \/>Chai nh\u1ef1a 500ml c\u00f3 n\u1eafp nh\u1ecf gi\u1ecdt ch\u1ed1ng tr\u00e0n, b\u1ea3o qu\u1ea3n t\u1ed1t v\u00e0 d\u1ec5 s\u1eed d\u1ee5ng. Thi\u1ebft k\u1ebf chai cao thon g\u1ecdn gi\u00fap ti\u1ebft ki\u1ec7m di\u1ec7n t\u00edch b\u1ea3o qu\u1ea3n trong b\u1ebfp ho\u1eb7c t\u1ee7 l\u1ea1nh, \u0111\u1ed3ng th\u1eddi v\u1eabn \u0111\u1ee7 sang tr\u1ecdng \u0111\u1ec3 b\u00e0y l\u00ean b\u00e0n \u0103n.<\/p>\n<div id=\"attachment_40429\" class=\"wp-caption aligncenter\"><img decoding=\"async\" class=\"wp-image-40429\" src=\"https:\/\/havamall.com\/wp-content\/uploads\/2025\/06\/GIam-Balsamic-tron-Salad-nao-ngon.jpg\" alt=\"\" width=\"803\" height=\"529\" aria-describedby=\"caption-attachment-40429\" \/><\/p>\n<p id=\"caption-attachment-40429\" class=\"wp-caption-text\">\u0110\u00e1nh Gi\u00e1 Gi\u1ea5m Balsamic Tr\u1ed9n Salad v\u1ec1 v\u1ecb Ngon, C\u00f4ng D\u1ee5ng, Gi\u00e1 C\u1ea3<\/p>\n<\/div>\n<h2 data-start=\"2738\" data-end=\"2785\">V\u00cc SAO N\u00caN CH\u1eccN S\u1ed0T KEM BALSAMIC METRO CHEF?<\/h2>\n<p data-start=\"2787\" data-end=\"2986\">Tr\u00ean th\u1ecb tr\u01b0\u1eddng hi\u1ec7n c\u00f3 nhi\u1ec1u lo\u1ea1i s\u1ed1t balsamic, nh\u01b0ng kh\u00f4ng ph\u1ea3i lo\u1ea1i n\u00e0o c\u0169ng \u0111\u1ea1t ch\u1ea5t l\u01b0\u1ee3ng cao ho\u1eb7c mang h\u01b0\u01a1ng v\u1ecb truy\u1ec1n th\u1ed1ng c\u1ee7a Modena. S\u1ed1t Crema all\u2019Aceto Balsamico c\u1ee7a Metro Chef n\u1ed5i b\u1eadt v\u00ec:<\/p>\n<ul data-start=\"2988\" data-end=\"3241\">\n<li data-start=\"2988\" data-end=\"3058\">\n<p data-start=\"2990\" data-end=\"3058\"><strong><em>C\u00f3 ch\u1ee9ng nh\u1eadn IGP<\/em><\/strong>\u00a0\u2013 x\u00e1c th\u1ef1c ngu\u1ed3n g\u1ed1c v\u00e0 ph\u01b0\u01a1ng ph\u00e1p truy\u1ec1n th\u1ed1ng<\/p>\n<\/li>\n<li data-start=\"3059\" data-end=\"3092\">\n<p data-start=\"3061\" data-end=\"3092\">\u0110\u01b0\u1ee3c<em><strong>\u00a0s\u1ea3n xu\u1ea5t tr\u1ef1c ti\u1ebfp t\u1ea1i \u00dd<\/strong><\/em><\/p>\n<\/li>\n<li data-start=\"3093\" data-end=\"3165\">\n<p data-start=\"3095\" data-end=\"3165\">H\u01b0\u01a1ng v\u1ecb h\u00e0i h\u00f2a, h\u1eadu v\u1ecb s\u00e2u,\u00a0<strong><em>d\u1ec5 k\u1ebft h\u1ee3p v\u1edbi c\u1ea3 m\u00f3n m\u1eb7n l\u1eabn m\u00f3n ng\u1ecdt<\/em><\/strong><\/p>\n<\/li>\n<li data-start=\"3166\" data-end=\"3241\">\n<p data-start=\"3168\" data-end=\"3241\">Bao b\u00ec ti\u1ec7n d\u1ee5ng, dung t\u00edch ph\u00f9 h\u1ee3p \u0111\u1ec3 s\u1eed d\u1ee5ng l\u00e2u d\u00e0i m\u00e0 kh\u00f4ng m\u1ea5t h\u01b0\u01a1ng<\/p>\n<\/li>\n<\/ul>\n<p><img loading=\"lazy\" decoding=\"async\" class=\"aligncenter wp-image-40430\" src=\"https:\/\/havamall.com\/wp-content\/uploads\/2025\/06\/vanilla-ice-cream-with-freeze-dried-strawberries-and-v0-6iv6zms3bhwc1.jpg\" alt=\"\" width=\"800\" height=\"801\" \/><\/p>\n<h2 data-start=\"3377\" data-end=\"3407\">MUA CH\u00cdNH H\u00c3NG T\u1ea0I HAVAMALL<\/h2>\n<p data-start=\"3409\" data-end=\"3670\">H\u00e3y th\u00eam ch\u00fat tinh t\u1ebf v\u00e0o b\u1eefa \u0103n h\u00e0ng ng\u00e0y v\u1edbi s\u1ed1t balsamic d\u1ea1ng kem Metro Chef Crema all\u2019Aceto Balsamico di Modena IGP. T\u1eeb m\u00f3n salad nh\u1eb9 bu\u1ed5i s\u00e1ng, b\u1eefa t\u1ed1i \u0111\u01a1n gi\u1ea3n, \u0111\u1ebfn b\u1eefa ti\u1ec7c cu\u1ed1i tu\u1ea7n \u2013 ch\u1ec9 m\u1ed9t ch\u00fat s\u1ed1t c\u0169ng \u0111\u1ee7 t\u1ea1o n\u00ean\u00a0<strong data-start=\"3634\" data-end=\"3669\">h\u01b0\u01a1ng v\u1ecb cao c\u1ea5p nh\u01b0 nh\u00e0 h\u00e0ng \u00dd<\/strong>. S\u1ea3n ph\u1ea9m hi\u1ec7n \u0111\u00e3 c\u00f3 m\u1eb7t t\u1ea1i\u00a0<strong data-start=\"3700\" data-end=\"3715\">Havamall<\/strong>, \u0111\u1ea3m b\u1ea3o h\u00e0ng ch\u00ednh h\u00e3ng, ngu\u1ed3n g\u1ed1c r\u00f5 r\u00e0ng v\u00e0 giao h\u00e0ng nhanh ch\u00f3ng.<\/p>","protected":false},"excerpt":{"rendered":"<p>TH\u00d4NG TIN S\u1ea2N PH\u1ea8M Th\u01b0\u01a1ng hi\u1ec7u Metro Chef Xu\u1ea5t X\u1ee9 \u00dd Th\u00e0nh ph\u1ea7n Gi\u1ea5m balsamic Modena IGP c\u00f4 \u0111\u1eb7c, nho<\/p>","protected":false},"featured_media":39533,"comment_status":"open","ping_status":"closed","template":"","meta":[],"product_brand":[],"product_cat":[595,672,154],"product_tag":[],"class_list":{"0":"post-39532","1":"product","2":"type-product","3":"status-publish","4":"has-post-thumbnail","6":"product_cat-gia-vi-va-che-bien","7":"product_cat-nhap-khau-y","8":"product_cat-gia-vi","10":"first","11":"instock","12":"sale","13":"shipping-taxable","14":"purchasable","15":"product-type-simple"},"_links":{"self":[{"href":"https:\/\/havamall.vn\/en\/wp-json\/wp\/v2\/product\/39532"}],"collection":[{"href":"https:\/\/havamall.vn\/en\/wp-json\/wp\/v2\/product"}],"about":[{"href":"https:\/\/havamall.vn\/en\/wp-json\/wp\/v2\/types\/product"}],"replies":[{"embeddable":true,"href":"https:\/\/havamall.vn\/en\/wp-json\/wp\/v2\/comments?post=39532"}],"version-history":[{"count":0,"href":"https:\/\/havamall.vn\/en\/wp-json\/wp\/v2\/product\/39532\/revisions"}],"wp:featuredmedia":[{"embeddable":true,"href":"https:\/\/havamall.vn\/en\/wp-json\/wp\/v2\/media\/39533"}],"wp:attachment":[{"href":"https:\/\/havamall.vn\/en\/wp-json\/wp\/v2\/media?parent=39532"}],"wp:term":[{"taxonomy":"product_brand","embeddable":true,"href":"https:\/\/havamall.vn\/en\/wp-json\/wp\/v2\/product_brand?post=39532"},{"taxonomy":"product_cat","embeddable":true,"href":"https:\/\/havamall.vn\/en\/wp-json\/wp\/v2\/product_cat?post=39532"},{"taxonomy":"product_tag","embeddable":true,"href":"https:\/\/havamall.vn\/en\/wp-json\/wp\/v2\/product_tag?post=39532"}],"curies":[{"name":"wp","href":"https:\/\/api.w.org\/{rel}","templated":true}]}}