{"id":39437,"date":"2025-06-10T14:08:33","date_gmt":"2025-06-10T07:08:33","guid":{"rendered":"https:\/\/havamall.vn\/?post_type=product&#038;p=39437"},"modified":"2026-03-17T15:19:29","modified_gmt":"2026-03-17T08:19:29","slug":"bot-thi-la-atlas-garden-65g-atlas-garden-cumin-powder-65gr","status":"publish","type":"product","link":"https:\/\/havamall.vn\/en\/shop\/bot-thi-la-atlas-garden-65g-atlas-garden-cumin-powder-65gr\/","title":{"rendered":"B\u1ed9t Th\u00ec L\u00e0 Atlas Garden 65g \u2013 Atlas Garden Cumin Powder 65gr"},"content":{"rendered":"<h3><strong>TH\u00d4NG TIN S\u1ea2N PH\u1ea8M<\/strong><\/h3>\n<table>\n<tbody>\n<tr>\n<td>Th\u01b0\u01a1ng hi\u1ec7u<\/td>\n<td>Atlas Garden<\/td>\n<\/tr>\n<tr>\n<td>Xu\u1ea5t X\u1ee9<\/td>\n<td>\u0110\u1ee9c<\/td>\n<\/tr>\n<tr>\n<td>Th\u00e0nh ph\u1ea7n<\/td>\n<td>\n<p data-start=\"1054\" data-end=\"1149\">100% h\u1ea1t th\u00ec l\u00e0 (Cumin) t\u1ef1 nhi\u00ean xay<\/p>\n<\/td>\n<\/tr>\n<tr>\n<td>H\u1ea1n s\u1eed d\u1ee5ng<\/td>\n<td>Xem tr\u00ean bao b\u00ec<\/td>\n<\/tr>\n<tr>\n<td>B\u1ea3o qu\u1ea3n<\/td>\n<td>N\u01a1i kh\u00f4 r\u00e1o, tho\u00e1ng m\u00e1t, tr\u00e1nh \u00e1nh n\u1eafng tr\u1ef1c ti\u1ebfp v\u00e0 nhi\u1ec7t \u0111\u1ed9 cao. \u0110\u00f3ng ch\u1eb7t n\u1eafp sau khi s\u1eed d\u1ee5ng.<\/td>\n<\/tr>\n<tr>\n<td>Kh\u1ed1i l\u01b0\u1ee3ng t\u1ecbnh<\/td>\n<td>65g<\/td>\n<\/tr>\n<\/tbody>\n<\/table>\n<h3><strong>GI\u1edaI THI\u1ec6U TH\u01af\u01a0NG HI\u1ec6U<\/strong><\/h3>\n<p data-start=\"192\" data-end=\"549\"><strong data-start=\"192\" data-end=\"208\">Atlas Garden<\/strong>\u00a0l\u00e0 th\u01b0\u01a1ng hi\u1ec7u gia v\u1ecb cao c\u1ea5p nh\u1eadp kh\u1ea9u t\u1eeb \u0110\u1ee9c, n\u1ed5i b\u1eadt v\u1edbi tri\u1ebft l\u00fd \u201c<strong data-start=\"279\" data-end=\"315\">Nguy\u00ean ch\u1ea5t \u2013 T\u1ef1 nhi\u00ean \u2013 Qu\u1ed1c t\u1ebf<\/strong>\u201d. T\u1eebng lo\u1ea1i gia v\u1ecb \u0111\u01b0\u1ee3c tuy\u1ec3n ch\u1ecdn k\u1ef9 c\u00e0ng t\u1eeb c\u00e1c v\u00f9ng nguy\u00ean li\u1ec7u n\u1ed5i ti\u1ebfng tr\u00ean th\u1ebf gi\u1edbi, nh\u1eb1m mang \u0111\u1ebfn\u00a0<strong data-start=\"422\" data-end=\"471\">s\u1ea3n ph\u1ea9m tinh t\u00fay, ti\u1ec7n d\u1ee5ng v\u00e0 gi\u00e0u h\u01b0\u01a1ng v\u1ecb<\/strong>, ph\u1ee5c v\u1ee5 c\u1ea3 nhu c\u1ea7u n\u1ea5u \u0103n h\u00e0ng ng\u00e0y l\u1eabn c\u00e1c c\u00f4ng th\u1ee9c \u1ea9m th\u1ef1c chuy\u00ean nghi\u1ec7p.<\/p>\n<p data-start=\"192\" data-end=\"549\"><img fetchpriority=\"high\" decoding=\"async\" class=\"aligncenter wp-image-40307\" src=\"https:\/\/havamall.com\/wp-content\/uploads\/2025\/06\/493942044_1258217259644571_7163962914813370668_n-3.jpg\" alt=\"\" width=\"802\" height=\"476\" \/><\/p>\n<h3><strong>\u0110\u1eb6C \u0110I\u1ec2M S\u1ea2N PH\u1ea8M<\/strong><\/h3>\n<p data-start=\"598\" data-end=\"813\"><strong data-start=\"598\" data-end=\"625\">B\u1ed9t Th\u00ec L\u00e0 Atlas Garden<\/strong>\u00a0\u0111\u01b0\u1ee3c xay m\u1ecbn t\u1eeb h\u1ea1t th\u00ec l\u00e0 nguy\u00ean ch\u1ea5t, c\u00f3 h\u01b0\u01a1ng th\u01a1m \u0111\u1eb7c tr\u01b0ng v\u00e0 v\u1ecb \u1ea5m n\u1ed3ng \u2013 l\u00e0 lo\u1ea1i gia v\u1ecb kh\u00f4ng th\u1ec3 thi\u1ebfu trong nhi\u1ec1u n\u1ec1n \u1ea9m th\u1ef1c nh\u01b0 \u1ea4n \u0110\u1ed9, Trung \u0110\u00f4ng, \u0110\u1ecba Trung H\u1ea3i v\u00e0 c\u1ea3 Vi\u1ec7t Nam.<\/p>\n<ul data-start=\"815\" data-end=\"1066\">\n<li data-start=\"815\" data-end=\"887\">\n<p data-start=\"817\" data-end=\"887\">100% h\u1ea1t th\u00ec l\u00e0 nguy\u00ean ch\u1ea5t,\u00a0<strong data-start=\"846\" data-end=\"885\">kh\u00f4ng ch\u1ea5t b\u1ea3o qu\u1ea3n, kh\u00f4ng ph\u1ea9m m\u00e0u<\/strong><\/p>\n<\/li>\n<li data-start=\"888\" data-end=\"952\">\n<p data-start=\"890\" data-end=\"952\">B\u1ed9t m\u1ecbn, th\u01a1m, d\u1ec5 h\u00f2a quy\u1ec7n v\u00e0 nhanh th\u1ea9m th\u1ea5u v\u00e0o th\u1ef1c ph\u1ea9m<\/p>\n<\/li>\n<li data-start=\"953\" data-end=\"1015\">\n<p data-start=\"955\" data-end=\"1015\">H\u01b0\u01a1ng v\u1ecb\u00a0<strong data-start=\"964\" data-end=\"987\">\u1ea5m, \u0111\u1eadm \u0111\u00e0, cay nh\u1eb9<\/strong>, t\u1ea1o chi\u1ec1u s\u00e2u cho m\u00f3n \u0103n<\/p>\n<\/li>\n<li data-start=\"1016\" data-end=\"1066\">\n<p data-start=\"1018\" data-end=\"1066\">\u0110\u00f3ng l\u1ecd ti\u1ec7n l\u1ee3i, b\u1ea3o qu\u1ea3n t\u1ed1t h\u01b0\u01a1ng v\u1ecb t\u1ef1 nhi\u00ean<\/p>\n<\/li>\n<\/ul>\n<p><img decoding=\"async\" class=\"aligncenter\" src=\"https:\/\/havamall.com\/wp-content\/uploads\/2025\/06\/cumin_2.jpg\" alt=\"Cumin: The Worldwide Spice Sensation\" width=\"801\" height=\"534\" \/><\/p>\n<p data-start=\"1104\" data-end=\"1367\">H\u1ea1t th\u00ec l\u00e0 \u0111\u01b0\u1ee3c thu ho\u1ea1ch \u0111\u00fang m\u00f9a,\u00a0<strong data-start=\"1140\" data-end=\"1180\">l\u00e0m s\u1ea1ch, s\u1ea5y kh\u00f4 v\u00e0 xay m\u1ecbn t\u1ea1i \u0110\u1ee9c<\/strong>\u00a0d\u01b0\u1edbi quy tr\u00ecnh ki\u1ec3m so\u00e1t ch\u1ea5t l\u01b0\u1ee3ng nghi\u00eam ng\u1eb7t. Kh\u00f4ng s\u1eed d\u1ee5ng ph\u1ee5 gia, ch\u1ea5t ch\u1ed1ng \u1ea9m hay m\u00f9i nh\u00e2n t\u1ea1o. \u0110\u1ea3m b\u1ea3o s\u1ea3n ph\u1ea9m lu\u00f4n\u00a0<strong data-start=\"1307\" data-end=\"1366\">gi\u1eef nguy\u00ean m\u00f9i th\u01a1m \u0111\u1eb7c tr\u01b0ng v\u00e0 tinh d\u1ea7u qu\u00fd trong h\u1ea1t<\/strong>. B\u1ed9t th\u00ec l\u00e0 c\u00f3 v\u1ecb\u00a0<strong data-start=\"1412\" data-end=\"1453\">\u1ea5m, h\u01a1i cay nh\u1eb9, tho\u1ea3ng m\u00f9i g\u1ed7 v\u00e0 \u0111\u1ea5t<\/strong>, h\u1eadu ng\u1ecdt thanh. Khi rang ho\u1eb7c n\u1ea5u l\u00ean, m\u00f9i th\u01a1m d\u1eady r\u00f5, \u0111\u1eb7c bi\u1ec7t h\u1ee3p v\u1edbi c\u00e1c m\u00f3n c\u00f3 d\u1ea7u\/m\u1ee1 v\u00e0 th\u1ef1c ph\u1ea9m \u0111\u1eadm v\u1ecb.<\/p>\n<p data-start=\"1104\" data-end=\"1367\"><img decoding=\"async\" class=\"aligncenter\" src=\"https:\/\/havamall.com\/wp-content\/uploads\/2025\/06\/Cuminwithmortarandpestle.jpg\" alt=\"Cumin, ground\" width=\"800\" height=\"511\" \/><\/p>\n<h3><strong>C\u00d4NG D\u1ee4NG V\u00c0 L\u1ee2I \u00cdCH<\/strong><\/h3>\n<ul data-start=\"1598\" data-end=\"1889\">\n<li data-start=\"1598\" data-end=\"1657\">\n<p data-start=\"1600\" data-end=\"1657\">D\u00f9ng trong c\u00e1c m\u00f3n\u00a0<strong data-start=\"1619\" data-end=\"1655\">c\u00e0 ri, s\u00fap, th\u1ecbt n\u01b0\u1edbng, x\u00e0o, kho<\/strong><\/p>\n<\/li>\n<li data-start=\"1658\" data-end=\"1727\">\n<p data-start=\"1660\" data-end=\"1727\">\u01af\u1edbp c\u00f9ng\u00a0<strong data-start=\"1669\" data-end=\"1692\">th\u1ecbt g\u00e0, b\u00f2, d\u00ea, c\u00e1<\/strong>\u00a0\u0111\u1ec3 kh\u1eed m\u00f9i tanh v\u00e0 t\u0103ng h\u01b0\u01a1ng v\u1ecb<\/p>\n<\/li>\n<li data-start=\"1728\" data-end=\"1826\">\n<p data-start=\"1730\" data-end=\"1826\">Th\u00e0nh ph\u1ea7n quan tr\u1ecdng trong h\u1ed7n h\u1ee3p gia v\u1ecb\u00a0<strong data-start=\"1773\" data-end=\"1824\">masala, b\u1ed9t ng\u0169 v\u1ecb h\u01b0\u01a1ng, h\u1ed7n h\u1ee3p \u01b0\u1edbp n\u01b0\u1edbng BBQ<\/strong><\/p>\n<\/li>\n<li data-start=\"1827\" data-end=\"1889\">\n<p data-start=\"1829\" data-end=\"1889\">Ph\u1ed1i h\u1ee3p t\u1ed1t v\u1edbi\u00a0<strong data-start=\"1846\" data-end=\"1889\">b\u1ed9t ngh\u1ec7, \u1edbt b\u1ed9t, g\u1eebng, t\u1ecfi, l\u00e1 oregano<\/strong><\/p>\n<\/li>\n<\/ul>\n<p><em data-start=\"1894\" data-end=\"1904\">M\u1eb9o nh\u1ecf:<\/em>\u00a0Rang s\u01a1 b\u1ed9t th\u00ec l\u00e0 tr\u01b0\u1edbc khi cho v\u00e0o m\u00f3n \u0103n s\u1ebd gi\u00fap\u00a0<strong data-start=\"1957\" data-end=\"2009\">gi\u1ea3i ph\u00f3ng tinh d\u1ea7u v\u00e0 l\u00e0m d\u1eady m\u00f9i th\u01a1m m\u1ea1nh h\u01a1n<\/strong>.<\/p>\n<p><img loading=\"lazy\" decoding=\"async\" class=\"aligncenter\" src=\"https:\/\/www.certifiedangusbeef.com\/_next\/image?url=https%3A%2F%2Fappetizing-cactus-7139e93734.media.strapiapp.com%2FLime_Cumin_Marinade_1a6d32a18e.jpeg&amp;w=1920&amp;q=75\" alt=\"Lime Cumin Marinade\" width=\"800\" height=\"533\" \/><\/p>\n<p data-start=\"2048\" data-end=\"2340\"><strong>Th\u00ec l\u00e0<\/strong>\u00a0\u0111\u01b0\u1ee3c bi\u1ebft \u0111\u1ebfn nh\u01b0 m\u1ed9t\u00a0<strong data-start=\"2077\" data-end=\"2114\">th\u1ea3o m\u1ed9c h\u1ed7 tr\u1ee3 ti\u00eau h\u00f3a h\u00e0ng \u0111\u1ea7u<\/strong>, c\u00f3 kh\u1ea3 n\u0103ng\u00a0<strong data-start=\"2128\" data-end=\"2185\">gi\u1ea3m \u0111\u1ea7y b\u1ee5ng, k\u00edch th\u00edch enzym ti\u00eau h\u00f3a v\u00e0 gi\u1ea3m vi\u00eam<\/strong>. Ngo\u00e0i ra, b\u1ed9t th\u00ec l\u00e0 c\u00f2n ch\u1ee9a nhi\u1ec1u\u00a0<strong data-start=\"2223\" data-end=\"2261\">s\u1eaft, vitamin C, ch\u1ea5t ch\u1ed1ng oxy h\u00f3a<\/strong>\u00a0c\u00f3 l\u1ee3i cho\u00a0<strong data-start=\"2273\" data-end=\"2339\">h\u1ec7 mi\u1ec5n d\u1ecbch, \u0111i\u1ec1u h\u00f2a \u0111\u01b0\u1eddng huy\u1ebft v\u00e0 h\u1ed7 tr\u1ee3 gi\u1ea3m c\u00e2n t\u1ef1 nhi\u00ean<\/strong>. S\u1ea3n ph\u1ea9m hi\u1ec7n \u0111\u00e3 c\u00f3 m\u1eb7t t\u1ea1i\u00a0<strong data-start=\"2791\" data-end=\"2803\">Havamall<\/strong>, cam k\u1ebft nh\u1eadp kh\u1ea9u ch\u00ednh ng\u1ea1ch, ch\u1ea5t l\u01b0\u1ee3ng chu\u1ea9n ch\u00e2u \u00c2u.<\/p>","protected":false},"excerpt":{"rendered":"<p>TH\u00d4NG TIN S\u1ea2N PH\u1ea8M Th\u01b0\u01a1ng hi\u1ec7u Atlas Garden Xu\u1ea5t X\u1ee9 \u0110\u1ee9c Th\u00e0nh ph\u1ea7n 100% h\u1ea1t th\u00ec l\u00e0 (Cumin) t\u1ef1 nhi\u00ean<\/p>","protected":false},"featured_media":44592,"comment_status":"open","ping_status":"closed","template":"","meta":[],"product_brand":[],"product_cat":[595,682,154],"product_tag":[],"class_list":{"0":"post-39437","1":"product","2":"type-product","3":"status-publish","4":"has-post-thumbnail","6":"product_cat-gia-vi-va-che-bien","7":"product_cat-nhap-khau-duc","8":"product_cat-gia-vi","9":"pa_brand-atlas","11":"first","12":"instock","13":"sale","14":"shipping-taxable","15":"purchasable","16":"product-type-simple"},"_links":{"self":[{"href":"https:\/\/havamall.vn\/en\/wp-json\/wp\/v2\/product\/39437"}],"collection":[{"href":"https:\/\/havamall.vn\/en\/wp-json\/wp\/v2\/product"}],"about":[{"href":"https:\/\/havamall.vn\/en\/wp-json\/wp\/v2\/types\/product"}],"replies":[{"embeddable":true,"href":"https:\/\/havamall.vn\/en\/wp-json\/wp\/v2\/comments?post=39437"}],"version-history":[{"count":0,"href":"https:\/\/havamall.vn\/en\/wp-json\/wp\/v2\/product\/39437\/revisions"}],"wp:featuredmedia":[{"embeddable":true,"href":"https:\/\/havamall.vn\/en\/wp-json\/wp\/v2\/media\/44592"}],"wp:attachment":[{"href":"https:\/\/havamall.vn\/en\/wp-json\/wp\/v2\/media?parent=39437"}],"wp:term":[{"taxonomy":"product_brand","embeddable":true,"href":"https:\/\/havamall.vn\/en\/wp-json\/wp\/v2\/product_brand?post=39437"},{"taxonomy":"product_cat","embeddable":true,"href":"https:\/\/havamall.vn\/en\/wp-json\/wp\/v2\/product_cat?post=39437"},{"taxonomy":"product_tag","embeddable":true,"href":"https:\/\/havamall.vn\/en\/wp-json\/wp\/v2\/product_tag?post=39437"}],"curies":[{"name":"wp","href":"https:\/\/api.w.org\/{rel}","templated":true}]}}