{"id":39417,"date":"2025-06-10T11:59:30","date_gmt":"2025-06-10T04:59:30","guid":{"rendered":"https:\/\/havamall.vn\/?post_type=product&#038;p=39417"},"modified":"2026-03-17T15:28:32","modified_gmt":"2026-03-17T08:28:32","slug":"la-ngai-giam-xay-atlas-garden-10g-atlas-garden-tarragon-rubbed-10gr","status":"publish","type":"product","link":"https:\/\/havamall.vn\/en\/shop\/la-ngai-giam-xay-atlas-garden-10g-atlas-garden-tarragon-rubbed-10gr\/","title":{"rendered":"L\u00e1 Ng\u1ea3i Gi\u1ea5m Xay Atlas Garden 10g \u2013 Atlas Garden Tarragon Rubbed 10gr"},"content":{"rendered":"<h3><strong>TH\u00d4NG TIN S\u1ea2N PH\u1ea8M<\/strong><\/h3>\n<table>\n<tbody>\n<tr>\n<td>Th\u01b0\u01a1ng hi\u1ec7u<\/td>\n<td>Atlas Garden<\/td>\n<\/tr>\n<tr>\n<td>Xu\u1ea5t X\u1ee9<\/td>\n<td>\u0110\u1ee9c<\/td>\n<\/tr>\n<tr>\n<td>Th\u00e0nh ph\u1ea7n<\/td>\n<td>\n<p data-start=\"1054\" data-end=\"1149\">100% L\u00e1 ng\u1ea3i gi\u1ea5m (Tarragon) s\u1ea5y kh\u00f4 t\u1ef1 nhi\u00ean<\/p>\n<\/td>\n<\/tr>\n<tr>\n<td>H\u1ea1n s\u1eed d\u1ee5ng<\/td>\n<td>Xem tr\u00ean bao b\u00ec<\/td>\n<\/tr>\n<tr>\n<td>B\u1ea3o qu\u1ea3n<\/td>\n<td>N\u01a1i kh\u00f4 r\u00e1o, tho\u00e1ng m\u00e1t, tr\u00e1nh \u00e1nh n\u1eafng tr\u1ef1c ti\u1ebfp v\u00e0 nhi\u1ec7t \u0111\u1ed9 cao. \u0110\u00f3ng ch\u1eb7t n\u1eafp sau khi s\u1eed d\u1ee5ng.<\/td>\n<\/tr>\n<tr>\n<td>Kh\u1ed1i l\u01b0\u1ee3ng t\u1ecbnh<\/td>\n<td>10g<\/td>\n<\/tr>\n<\/tbody>\n<\/table>\n<h3><strong>GI\u1edaI THI\u1ec6U TH\u01af\u01a0NG HI\u1ec6U<\/strong><\/h3>\n<p data-start=\"2370\" data-end=\"2658\">V\u1edbi h\u01a1n m\u1ed9t th\u1eadp k\u1ef7 trong l\u0129nh v\u1ef1c cung c\u1ea5p gia v\u1ecb nh\u1eadp kh\u1ea9u,\u00a0<strong data-start=\"2432\" data-end=\"2448\">Atlas Garden<\/strong>\u00a0l\u00e0 l\u1ef1a ch\u1ecdn \u0111\u00e1ng tin c\u1eady cho nh\u1eefng ai y\u00eau th\u00edch n\u1ea5u \u0103n chu\u1ea9n v\u1ecb qu\u1ed1c t\u1ebf. Ch\u00fang t\u00f4i cam k\u1ebft mang \u0111\u1ebfn\u00a0<strong data-start=\"2549\" data-end=\"2601\">gia v\u1ecb nguy\u00ean b\u1ea3n, kh\u00f4ng pha tr\u1ed9n, kh\u00f4ng ph\u1ee5 gia<\/strong>, \u0111\u1ec3 b\u1ea1n th\u1ecfa s\u1ee9c s\u00e1ng t\u1ea1o nh\u1eefng m\u00f3n \u0103n \u0111\u1eadm ch\u1ea5t c\u00e1 nh\u00e2n.<\/p>\n<p data-start=\"2370\" data-end=\"2658\"><img fetchpriority=\"high\" decoding=\"async\" class=\"aligncenter size-full wp-image-40230\" src=\"https:\/\/havamall.com\/wp-content\/uploads\/2025\/06\/Atlas-Logo-2.png\" alt=\"\" width=\"800\" height=\"420\" \/><\/p>\n<h3><strong>\u0110\u1eb6C \u0110I\u1ec2M S\u1ea2N PH\u1ea8M<\/strong><\/h3>\n<p data-start=\"2707\" data-end=\"2988\"><strong data-start=\"2707\" data-end=\"2740\">L\u00e1 ng\u1ea3i gi\u1ea5m xay Atlas Garden<\/strong>\u00a0l\u00e0 d\u1ea1ng l\u00e1 kh\u00f4 nghi\u1ec1n nh\u1eb9 (rubbed), gi\u1eef \u0111\u01b0\u1ee3c c\u1ea5u tr\u00fac th\u00f4 \u0111\u1ec3 d\u1ec5 nh\u1eadn bi\u1ebft v\u00e0 t\u1ecfa h\u01b0\u01a1ng t\u1ed1t. Tarragon l\u00e0 gia v\u1ecb kh\u00f4ng th\u1ec3 thi\u1ebfu trong \u1ea9m th\u1ef1c Ph\u00e1p v\u00e0 ch\u00e2u \u00c2u v\u1edbi\u00a0<strong data-start=\"2902\" data-end=\"2943\">m\u00f9i th\u01a1m nh\u1eb9, h\u01a1i ng\u1ecdt, tho\u1ea3ng v\u1ecb h\u1ed3i<\/strong>, d\u00f9ng \u0111\u1ec3 t\u0103ng \u0111\u1ed9 t\u01b0\u01a1i v\u00e0 tinh t\u1ebf cho m\u00f3n \u0103n.<\/p>\n<ul data-start=\"2990\" data-end=\"3196\">\n<li data-start=\"2990\" data-end=\"3040\">\n<p data-start=\"2992\" data-end=\"3040\">L\u00e1 ng\u1ea3i gi\u1ea5m \u0111\u01b0\u1ee3c ch\u1ecdn l\u1ecdc v\u00e0 s\u1ea5y kh\u00f4 t\u1ef1 nhi\u00ean<\/p>\n<\/li>\n<li data-start=\"3041\" data-end=\"3084\">\n<p data-start=\"3043\" data-end=\"3084\">Xay th\u00f4, gi\u1eef \u0111\u01b0\u1ee3c h\u01b0\u01a1ng th\u01a1m nguy\u00ean b\u1ea3n<\/p>\n<\/li>\n<li data-start=\"3085\" data-end=\"3129\">\n<p data-start=\"3087\" data-end=\"3129\">Kh\u00f4ng ch\u1ea5t b\u1ea3o qu\u1ea3n \u2013 kh\u00f4ng ch\u1ea5t t\u1ea1o m\u00e0u<\/p>\n<\/li>\n<li data-start=\"3130\" data-end=\"3196\">\n<p data-start=\"3132\" data-end=\"3196\">S\u1ea3n ph\u1ea9m l\u00fd t\u01b0\u1edfng cho m\u00f3n \u00c2u, \u0111\u1eb7c bi\u1ec7t l\u00e0 m\u00f3n c\u00e1, tr\u1ee9ng, s\u1ed1t kem<\/p>\n<\/li>\n<\/ul>\n<p><img decoding=\"async\" class=\"aligncenter\" src=\"https:\/\/www.ryespice.co.uk\/wp-content\/uploads\/Rubbed-Tarragon.jpg\" alt=\"Rubbed Tarragon | The Rye Spice Co. Ltd.\" width=\"802\" height=\"602\" \/><\/p>\n<p data-start=\"3234\" data-end=\"3433\">L\u00e1 \u0111\u01b0\u1ee3c thu h\u00e1i trong giai \u0111o\u1ea1n ch\u1ee9a nhi\u1ec1u tinh d\u1ea7u nh\u1ea5t, sau \u0111\u00f3\u00a0<strong data-start=\"3299\" data-end=\"3363\">s\u1ea5y kh\u00f4 \u1edf nhi\u1ec7t \u0111\u1ed9 th\u1ea5p v\u00e0 xay nh\u1eb9 theo ph\u01b0\u01a1ng ph\u00e1p \u201crubbed\u201d<\/strong>\u00a0\u0111\u1ec3 gi\u1eef l\u1ea1i c\u1ea5u tr\u00fac v\u00e0 m\u00f9i th\u01a1m. \u0110\u00f3ng g\u00f3i trong chai k\u00edn kh\u00ed t\u1ea1i \u0110\u1ee9c.<\/p>\n<p data-start=\"3461\" data-end=\"3643\"><strong>Tarragon<\/strong>\u00a0mang h\u01b0\u01a1ng th\u01a1m \u0111\u1eb7c tr\u01b0ng:\u00a0<strong data-start=\"3497\" data-end=\"3533\">ng\u1ecdt nh\u1eb9, cay \u1ea5m, tho\u1ea3ng m\u00f9i h\u1ed3i<\/strong>, t\u1ea1o n\u00ean chi\u1ec1u s\u00e2u \u0111\u1ed9c \u0111\u00e1o cho m\u00f3n \u0103n. M\u00f9i v\u1ecb kh\u00f4ng qu\u00e1 m\u1ea1nh n\u00ean d\u1ec5 k\u1ebft h\u1ee3p m\u00e0 kh\u00f4ng \u00e1t c\u00e1c nguy\u00ean li\u1ec7u kh\u00e1c.<\/p>\n<p data-start=\"3461\" data-end=\"3643\"><img decoding=\"async\" class=\"aligncenter wp-image-40290\" src=\"https:\/\/havamall.com\/wp-content\/uploads\/2025\/06\/tarragon.jpg\" alt=\"\" width=\"800\" height=\"800\" \/><\/p>\n<h3><strong>C\u00d4NG D\u1ee4NG V\u00c0 L\u1ee2I \u00cdCH<\/strong><\/h3>\n<ul data-start=\"3675\" data-end=\"3881\">\n<li data-start=\"3675\" data-end=\"3717\">\n<p data-start=\"3677\" data-end=\"3717\">\u01af\u1edbp\u00a0<strong data-start=\"3681\" data-end=\"3715\">c\u00e1, g\u00e0, tr\u1ee9ng chi\u00ean, tr\u1ee9ng b\u00e1c<\/strong><\/p>\n<\/li>\n<li data-start=\"3718\" data-end=\"3775\">\n<p data-start=\"3720\" data-end=\"3775\">Th\u00eam v\u00e0o\u00a0<strong data-start=\"3729\" data-end=\"3773\">n\u01b0\u1edbc s\u1ed1t kem, s\u1ed1t hollandaise, s\u1ed1t salad<\/strong><\/p>\n<\/li>\n<li data-start=\"3776\" data-end=\"3828\">\n<p data-start=\"3778\" data-end=\"3828\">D\u00f9ng trong\u00a0<strong data-start=\"3789\" data-end=\"3826\">s\u00fap, m\u00f3n h\u1ea7m ho\u1eb7c b\u01a1 t\u1ea9m th\u1ea3o m\u1ed9c<\/strong><\/p>\n<\/li>\n<li data-start=\"3829\" data-end=\"3881\">\n<p data-start=\"3831\" data-end=\"3881\">L\u00e0 m\u1ed9t th\u00e0nh ph\u1ea7n ch\u00ednh c\u1ee7a\u00a0<strong data-start=\"3859\" data-end=\"3881\">Herbes de Provence<\/strong><\/p>\n<\/li>\n<\/ul>\n<p data-start=\"3883\" data-end=\"3986\"><em>M\u1eb9o nh\u1ecf:\u00a0Ng\u00e2m l\u00e1 ng\u1ea3i gi\u1ea5m xay v\u1edbi ch\u00fat d\u1ea7u \u00f4 liu tr\u01b0\u1edbc khi s\u1eed d\u1ee5ng \u0111\u1ec3 h\u01b0\u01a1ng th\u01a1m lan t\u1ecfa t\u1ed1t h\u01a1n.<\/em><\/p>\n<p data-start=\"3883\" data-end=\"3986\"><img loading=\"lazy\" decoding=\"async\" class=\"aligncenter\" src=\"https:\/\/havamall.com\/wp-content\/uploads\/2025\/06\/french-braised-tarragon-chicken-thighs-recipe-102717.jpg\" alt=\"French Chicken Tarragon\" width=\"800\" height=\"450\" \/><\/p>\n<p data-start=\"4024\" data-end=\"4273\">Ng\u1ea3i gi\u1ea5m c\u00f3 t\u00e1c d\u1ee5ng h\u1ed7 tr\u1ee3\u00a0<strong data-start=\"4053\" data-end=\"4100\">ti\u00eau h\u00f3a, k\u00edch th\u00edch v\u1ecb gi\u00e1c, ch\u1ed1ng \u0111\u1ea7y h\u01a1i<\/strong>, \u0111\u1ed3ng th\u1eddi ch\u1ee9a c\u00e1c ch\u1ea5t ch\u1ed1ng oxy h\u00f3a t\u1ef1 nhi\u00ean gi\u00fap\u00a0<strong data-start=\"4154\" data-end=\"4184\">b\u1ea3o v\u1ec7 t\u1ebf b\u00e0o v\u00e0 gi\u1ea3m vi\u00eam<\/strong>. Ngo\u00e0i ra, \u0111\u00e2y c\u0169ng l\u00e0 lo\u1ea1i th\u1ea3o m\u1ed9c \u0111\u01b0\u1ee3c s\u1eed d\u1ee5ng trong\u00a0<strong data-start=\"4241\" data-end=\"4272\">li\u1ec7u ph\u00e1p th\u01b0 gi\u00e3n t\u1ef1 nhi\u00ean<\/strong>. S\u1ea3n ph\u1ea9m hi\u1ec7n \u0111\u00e3 c\u00f3 m\u1eb7t t\u1ea1i\u00a0<strong data-start=\"2791\" data-end=\"2803\">Havamall<\/strong>, cam k\u1ebft nh\u1eadp kh\u1ea9u ch\u00ednh ng\u1ea1ch, ch\u1ea5t l\u01b0\u1ee3ng chu\u1ea9n ch\u00e2u \u00c2u.<\/p>","protected":false},"excerpt":{"rendered":"<p>TH\u00d4NG TIN S\u1ea2N PH\u1ea8M Th\u01b0\u01a1ng hi\u1ec7u Atlas Garden Xu\u1ea5t X\u1ee9 \u0110\u1ee9c Th\u00e0nh ph\u1ea7n 100% L\u00e1 ng\u1ea3i gi\u1ea5m (Tarragon) s\u1ea5y kh\u00f4<\/p>","protected":false},"featured_media":44597,"comment_status":"open","ping_status":"closed","template":"","meta":[],"product_brand":[],"product_cat":[595,682,154],"product_tag":[],"class_list":{"0":"post-39417","1":"product","2":"type-product","3":"status-publish","4":"has-post-thumbnail","6":"product_cat-gia-vi-va-che-bien","7":"product_cat-nhap-khau-duc","8":"product_cat-gia-vi","9":"pa_brand-atlas","11":"first","12":"instock","13":"sale","14":"shipping-taxable","15":"purchasable","16":"product-type-simple"},"_links":{"self":[{"href":"https:\/\/havamall.vn\/en\/wp-json\/wp\/v2\/product\/39417"}],"collection":[{"href":"https:\/\/havamall.vn\/en\/wp-json\/wp\/v2\/product"}],"about":[{"href":"https:\/\/havamall.vn\/en\/wp-json\/wp\/v2\/types\/product"}],"replies":[{"embeddable":true,"href":"https:\/\/havamall.vn\/en\/wp-json\/wp\/v2\/comments?post=39417"}],"version-history":[{"count":0,"href":"https:\/\/havamall.vn\/en\/wp-json\/wp\/v2\/product\/39417\/revisions"}],"wp:featuredmedia":[{"embeddable":true,"href":"https:\/\/havamall.vn\/en\/wp-json\/wp\/v2\/media\/44597"}],"wp:attachment":[{"href":"https:\/\/havamall.vn\/en\/wp-json\/wp\/v2\/media?parent=39417"}],"wp:term":[{"taxonomy":"product_brand","embeddable":true,"href":"https:\/\/havamall.vn\/en\/wp-json\/wp\/v2\/product_brand?post=39417"},{"taxonomy":"product_cat","embeddable":true,"href":"https:\/\/havamall.vn\/en\/wp-json\/wp\/v2\/product_cat?post=39417"},{"taxonomy":"product_tag","embeddable":true,"href":"https:\/\/havamall.vn\/en\/wp-json\/wp\/v2\/product_tag?post=39417"}],"curies":[{"name":"wp","href":"https:\/\/api.w.org\/{rel}","templated":true}]}}