{"id":39413,"date":"2025-06-10T11:57:11","date_gmt":"2025-06-10T04:57:11","guid":{"rendered":"https:\/\/havamall.vn\/?post_type=product&#038;p=39413"},"modified":"2026-03-17T14:24:27","modified_gmt":"2026-03-17T07:24:27","slug":"dinh-huong-nguyen-nu-atlas-garden-36g-atlas-garden-clove-whole-36gr","status":"publish","type":"product","link":"https:\/\/havamall.vn\/en\/shop\/dinh-huong-nguyen-nu-atlas-garden-36g-atlas-garden-clove-whole-36gr\/","title":{"rendered":"\u0110inh H\u01b0\u01a1ng Nguy\u00ean N\u1ee5 Atlas Garden 36g \u2013 Atlas Garden Clove Whole 36gr"},"content":{"rendered":"<h3><strong>TH\u00d4NG TIN S\u1ea2N PH\u1ea8M<\/strong><\/h3>\n<table>\n<tbody>\n<tr>\n<td>Th\u01b0\u01a1ng hi\u1ec7u<\/td>\n<td>Atlas Garden<\/td>\n<\/tr>\n<tr>\n<td>Xu\u1ea5t X\u1ee9<\/td>\n<td>\u0110\u1ee9c<\/td>\n<\/tr>\n<tr>\n<td>Th\u00e0nh ph\u1ea7n<\/td>\n<td>\n<p data-start=\"1054\" data-end=\"1149\">100% \u0110inh h\u01b0\u01a1ng nguy\u00ean n\u1ee5 s\u1ea5y kh\u00f4 t\u1ef1 nhi\u00ean<\/p>\n<\/td>\n<\/tr>\n<tr>\n<td>H\u1ea1n s\u1eed d\u1ee5ng<\/td>\n<td>Xem tr\u00ean bao b\u00ec<\/td>\n<\/tr>\n<tr>\n<td>B\u1ea3o qu\u1ea3n<\/td>\n<td>N\u01a1i kh\u00f4 r\u00e1o, tho\u00e1ng m\u00e1t, tr\u00e1nh \u00e1nh n\u1eafng tr\u1ef1c ti\u1ebfp v\u00e0 nhi\u1ec7t \u0111\u1ed9 cao. \u0110\u00f3ng ch\u1eb7t n\u1eafp sau khi s\u1eed d\u1ee5ng.<\/td>\n<\/tr>\n<tr>\n<td>Kh\u1ed1i l\u01b0\u1ee3ng t\u1ecbnh<\/td>\n<td>36g<\/td>\n<\/tr>\n<\/tbody>\n<\/table>\n<h3><strong>GI\u1edaI THI\u1ec6U TH\u01af\u01a0NG HI\u1ec6U<\/strong><\/h3>\n<p data-start=\"225\" data-end=\"555\"><strong data-start=\"225\" data-end=\"241\">Atlas Garden<\/strong>\u00a0\u2013 th\u01b0\u01a1ng hi\u1ec7u gia v\u1ecb v\u00e0 th\u1ea3o m\u1ed9c uy t\u00edn \u0111\u1ebfn t\u1eeb \u0110\u1ee9c, mang s\u1ee9 m\u1ec7nh \u0111\u01b0a\u00a0<strong data-start=\"311\" data-end=\"351\">nguy\u00ean li\u1ec7u t\u1ef1 nhi\u00ean, ch\u1ea5t l\u01b0\u1ee3ng cao<\/strong>\u00a0t\u1eeb kh\u1eafp n\u01a1i tr\u00ean th\u1ebf gi\u1edbi v\u00e0o c\u0103n b\u1ebfp c\u1ee7a ng\u01b0\u1eddi ti\u00eau d\u00f9ng hi\u1ec7n \u0111\u1ea1i. T\u1ea5t c\u1ea3 s\u1ea3n ph\u1ea9m \u0111\u1ec1u \u0111\u01b0\u1ee3c\u00a0<strong data-start=\"445\" data-end=\"503\">ch\u1ecdn l\u1ecdc kh\u1eaft khe, kh\u00f4ng ch\u1ea5t b\u1ea3o qu\u1ea3n, kh\u00f4ng ph\u1ea9m m\u00e0u<\/strong>, gi\u00fap b\u1ea1n n\u1ea5u \u0103n v\u1eeba ngon v\u1eeba an to\u00e0n cho s\u1ee9c kh\u1ecfe.<\/p>\n<p data-start=\"225\" data-end=\"555\"><img fetchpriority=\"high\" decoding=\"async\" class=\"aligncenter size-full wp-image-39333\" src=\"https:\/\/havamall.com\/wp-content\/uploads\/2025\/06\/Atlas-Logo-1.png\" alt=\"\" width=\"800\" height=\"420\" srcset=\"https:\/\/havamall.vn\/wp-content\/uploads\/2025\/06\/Atlas-Logo-1.png 800w, https:\/\/havamall.vn\/wp-content\/uploads\/2025\/06\/Atlas-Logo-1-400x210.png 400w, https:\/\/havamall.vn\/wp-content\/uploads\/2025\/06\/Atlas-Logo-1-768x403.png 768w, https:\/\/havamall.vn\/wp-content\/uploads\/2025\/06\/Atlas-Logo-1-18x9.png 18w, https:\/\/havamall.vn\/wp-content\/uploads\/2025\/06\/Atlas-Logo-1-430x226.png 430w, https:\/\/havamall.vn\/wp-content\/uploads\/2025\/06\/Atlas-Logo-1-700x368.png 700w, https:\/\/havamall.vn\/wp-content\/uploads\/2025\/06\/Atlas-Logo-1-150x79.png 150w\" sizes=\"(max-width: 800px) 100vw, 800px\" \/><\/p>\n<h3><strong>\u0110\u1eb6C \u0110I\u1ec2M S\u1ea2N PH\u1ea8M<\/strong><\/h3>\n<p data-start=\"604\" data-end=\"784\"><strong data-start=\"604\" data-end=\"641\">\u0110inh h\u01b0\u01a1ng nguy\u00ean n\u1ee5 Atlas Garden<\/strong>\u00a0l\u00e0 ph\u1ea7n n\u1ee5 hoa kh\u00f4 c\u1ee7a c\u00e2y Syzygium aromaticum, \u0111\u01b0\u1ee3c thu ho\u1ea1ch khi c\u00f2n non, sau \u0111\u00f3 ph\u01a1i s\u1ea5y t\u1ef1 nhi\u00ean \u0111\u1ec3 gi\u1eef tr\u1ecdn m\u00f9i th\u01a1m cay n\u1ed3ng \u0111\u1eb7c tr\u01b0ng.<\/p>\n<ul data-start=\"786\" data-end=\"991\">\n<li data-start=\"786\" data-end=\"827\">\n<p data-start=\"788\" data-end=\"827\">H\u01b0\u01a1ng th\u01a1m n\u1ed3ng, v\u1ecb cay nh\u1eb9, ng\u1ecdt h\u1eadu<\/p>\n<\/li>\n<li data-start=\"828\" data-end=\"867\">\n<p data-start=\"830\" data-end=\"867\">D\u00f9ng \u0111\u01b0\u1ee3c c\u1ea3 nguy\u00ean n\u1ee5 ho\u1eb7c xay nh\u1ecf<\/p>\n<\/li>\n<li data-start=\"868\" data-end=\"945\">\n<p data-start=\"870\" data-end=\"945\">L\u00e0 gia v\u1ecb quan tr\u1ecdng trong nhi\u1ec1u m\u00f3n \u0103n, tr\u00e0 v\u00e0 c\u00f4ng th\u1ee9c y h\u1ecdc c\u1ed5 truy\u1ec1n<\/p>\n<\/li>\n<li data-start=\"946\" data-end=\"991\">\n<p data-start=\"948\" data-end=\"991\">\u0110\u00f3ng g\u00f3i k\u00edn, b\u1ea3o qu\u1ea3n l\u00e2u m\u00e0 kh\u00f4ng m\u1ea5t m\u00f9i<\/p>\n<\/li>\n<\/ul>\n<p><img decoding=\"async\" class=\"aligncenter\" src=\"https:\/\/havamall.com\/wp-content\/uploads\/2025\/06\/pexels-photo-12142752.jpg\" alt=\"Close-up of Cloves Scattered on Gray Surface \u00b7 Free Stock Photo\" width=\"800\" height=\"533\" \/><\/p>\n<p data-start=\"1029\" data-end=\"1223\"><strong>N\u1ee5 \u0111inh h\u01b0\u01a1ng<\/strong>\u00a0\u0111\u01b0\u1ee3c thu h\u00e1i \u0111\u00fang th\u1eddi \u0111i\u1ec3m ch\u1ee9a nhi\u1ec1u tinh d\u1ea7u nh\u1ea5t, s\u1ea5y kh\u00f4 t\u1ef1 nhi\u00ean v\u00e0\u00a0<strong data-start=\"1117\" data-end=\"1148\">\u0111\u00f3ng chai th\u1ee7y tinh t\u1ea1i \u0110\u1ee9c<\/strong>\u00a0theo ti\u00eau chu\u1ea9n ch\u1ea5t l\u01b0\u1ee3ng cao,\u00a0<strong data-start=\"1181\" data-end=\"1222\">kh\u00f4ng th\u00eam ph\u1ee5 gia hay ch\u1ea5t t\u1ea1o h\u01b0\u01a1ng<\/strong>. Mang h\u01b0\u01a1ng th\u01a1m\u00a0<strong data-start=\"1267\" data-end=\"1289\">\u1ea5m, cay the v\u00e0 s\u00e2u<\/strong>, \u0111inh h\u01b0\u01a1ng d\u1ec5 d\u00e0ng l\u1ea5n \u00e1t m\u00f9i tanh, gi\u00fap l\u00e0m d\u1eady m\u00f9i cho m\u00f3n \u0103n v\u00e0 \u0111\u1ed3 u\u1ed1ng. Khi d\u00f9ng \u0111\u00fang li\u1ec1u l\u01b0\u1ee3ng, \u0111inh h\u01b0\u01a1ng \u0111\u1ec3 l\u1ea1i h\u1eadu v\u1ecb ng\u1ecdt nh\u1eb9 d\u1ec5 ch\u1ecbu.<\/p>\n<div id=\"attachment_40286\" class=\"wp-caption aligncenter\">\n<p><img decoding=\"async\" class=\"wp-image-40286\" src=\"https:\/\/havamall.com\/wp-content\/uploads\/2025\/06\/Cloves-1.jpg\" alt=\"\" width=\"800\" height=\"393\" aria-describedby=\"caption-attachment-40286\" \/><\/p>\n<p id=\"caption-attachment-40286\" class=\"wp-caption-text\">Closeup of cloves in wooden teaspoon on wooden background; Adobe RGB color space;<\/p>\n<\/div>\n<h3><strong>C\u00d4NG D\u1ee4NG V\u00c0 L\u1ee2I \u00cdCH<\/strong><\/h3>\n<ul data-start=\"1467\" data-end=\"1701\">\n<li data-start=\"1467\" data-end=\"1523\">\n<p data-start=\"1469\" data-end=\"1523\">D\u00f9ng trong\u00a0<strong data-start=\"1480\" data-end=\"1521\">m\u00f3n kho, n\u01b0\u1edbc ph\u1edf, c\u00e0 ri, b\u00f2 s\u1ed1t vang<\/strong><\/p>\n<\/li>\n<li data-start=\"1524\" data-end=\"1583\">\n<p data-start=\"1526\" data-end=\"1583\">Th\u00eam v\u00e0o\u00a0<strong data-start=\"1535\" data-end=\"1581\">tr\u00e0 th\u1ea3o m\u1ed9c, tr\u00e0 g\u1eebng ho\u1eb7c n\u1ea5u n\u01b0\u1edbc detox<\/strong><\/p>\n<\/li>\n<li data-start=\"1584\" data-end=\"1644\">\n<p data-start=\"1586\" data-end=\"1644\">Gia v\u1ecb trong\u00a0<strong data-start=\"1599\" data-end=\"1642\">b\u00e1nh g\u1eebng, b\u00e1nh quy, n\u01b0\u1edbc \u01b0\u1edbp n\u01b0\u1edbng BBQ<\/strong><\/p>\n<\/li>\n<li data-start=\"1645\" data-end=\"1701\">\n<p data-start=\"1647\" data-end=\"1701\">D\u00f9ng l\u00e0m\u00a0<strong data-start=\"1656\" data-end=\"1701\">t\u00fai th\u01a1m kh\u1eed m\u00f9i, \u0111u\u1ed5i c\u00f4n tr\u00f9ng t\u1ef1 nhi\u00ean<\/strong><\/p>\n<\/li>\n<\/ul>\n<p data-start=\"1703\" data-end=\"1777\"><em>M\u1eb9o nh\u1ecf:\u00a0\u0110\u1eadp nh\u1eb9 n\u1ee5 \u0111inh h\u01b0\u01a1ng tr\u01b0\u1edbc khi d\u00f9ng \u0111\u1ec3 gi\u1ea3i ph\u00f3ng tinh d\u1ea7u.<\/em><\/p>\n<p data-start=\"1703\" data-end=\"1777\"><img loading=\"lazy\" decoding=\"async\" class=\"aligncenter\" src=\"https:\/\/havamall.com\/wp-content\/uploads\/2025\/06\/TSO_Pho_4x528529.jpg\" alt=\"Ph\u1edf B\u00f2 | Vietnamese Beef Pho Noodle Soup \u2014 The Spice Odyssey\" width=\"801\" height=\"1001\" \/><\/p>\n<p data-start=\"2308\" data-end=\"2572\"><strong>\u0110inh h\u01b0\u01a1ng<\/strong>\u00a0ch\u1ee9a\u00a0<strong data-start=\"1831\" data-end=\"1842\">eugenol<\/strong>\u00a0\u2013 m\u1ed9t h\u1ee3p ch\u1ea5t ch\u1ed1ng vi\u00eam m\u1ea1nh, c\u00f3 t\u00e1c d\u1ee5ng\u00a0<strong data-start=\"1887\" data-end=\"1951\">gi\u1ea3m \u0111au r\u0103ng, h\u1ed7 tr\u1ee3 ti\u00eau h\u00f3a, kh\u00e1ng khu\u1ea9n v\u00e0 ch\u1ed1ng oxy h\u00f3a<\/strong>. Ngo\u00e0i ra, tinh d\u1ea7u \u0111inh h\u01b0\u01a1ng c\u00f2n gi\u00fap\u00a0<strong data-start=\"1992\" data-end=\"2040\">c\u1ea3i thi\u1ec7n h\u01a1i th\u1edf, gi\u1ea3m \u0111\u1ea7y b\u1ee5ng v\u00e0 bu\u1ed3n n\u00f4n<\/strong>. S\u1ea3n ph\u1ea9m hi\u1ec7n \u0111\u00e3 c\u00f3 m\u1eb7t t\u1ea1i\u00a0<strong data-start=\"2791\" data-end=\"2803\">Havamall<\/strong>, cam k\u1ebft nh\u1eadp kh\u1ea9u ch\u00ednh ng\u1ea1ch, ch\u1ea5t l\u01b0\u1ee3ng chu\u1ea9n ch\u00e2u \u00c2u.<\/p>","protected":false},"excerpt":{"rendered":"<p>TH\u00d4NG TIN S\u1ea2N PH\u1ea8M Th\u01b0\u01a1ng hi\u1ec7u Atlas Garden Xu\u1ea5t X\u1ee9 \u0110\u1ee9c Th\u00e0nh ph\u1ea7n 100% \u0110inh h\u01b0\u01a1ng nguy\u00ean n\u1ee5 s\u1ea5y kh\u00f4<\/p>","protected":false},"featured_media":44575,"comment_status":"open","ping_status":"closed","template":"","meta":[],"product_brand":[],"product_cat":[595,682,154],"product_tag":[],"class_list":{"0":"post-39413","1":"product","2":"type-product","3":"status-publish","4":"has-post-thumbnail","6":"product_cat-gia-vi-va-che-bien","7":"product_cat-nhap-khau-duc","8":"product_cat-gia-vi","9":"pa_brand-atlas","11":"first","12":"instock","13":"sale","14":"shipping-taxable","15":"purchasable","16":"product-type-simple"},"_links":{"self":[{"href":"https:\/\/havamall.vn\/en\/wp-json\/wp\/v2\/product\/39413"}],"collection":[{"href":"https:\/\/havamall.vn\/en\/wp-json\/wp\/v2\/product"}],"about":[{"href":"https:\/\/havamall.vn\/en\/wp-json\/wp\/v2\/types\/product"}],"replies":[{"embeddable":true,"href":"https:\/\/havamall.vn\/en\/wp-json\/wp\/v2\/comments?post=39413"}],"version-history":[{"count":0,"href":"https:\/\/havamall.vn\/en\/wp-json\/wp\/v2\/product\/39413\/revisions"}],"wp:featuredmedia":[{"embeddable":true,"href":"https:\/\/havamall.vn\/en\/wp-json\/wp\/v2\/media\/44575"}],"wp:attachment":[{"href":"https:\/\/havamall.vn\/en\/wp-json\/wp\/v2\/media?parent=39413"}],"wp:term":[{"taxonomy":"product_brand","embeddable":true,"href":"https:\/\/havamall.vn\/en\/wp-json\/wp\/v2\/product_brand?post=39413"},{"taxonomy":"product_cat","embeddable":true,"href":"https:\/\/havamall.vn\/en\/wp-json\/wp\/v2\/product_cat?post=39413"},{"taxonomy":"product_tag","embeddable":true,"href":"https:\/\/havamall.vn\/en\/wp-json\/wp\/v2\/product_tag?post=39413"}],"curies":[{"name":"wp","href":"https:\/\/api.w.org\/{rel}","templated":true}]}}