{"id":39405,"date":"2025-06-10T11:53:19","date_gmt":"2025-06-10T04:53:19","guid":{"rendered":"https:\/\/havamall.vn\/?post_type=product&#038;p=39405"},"modified":"2026-03-18T14:44:37","modified_gmt":"2026-03-18T07:44:37","slug":"hat-thi-la-ai-cap-nguyen-hat-atlas-garden-62g-atlas-garden-caraway-whole-62gr","status":"publish","type":"product","link":"https:\/\/havamall.vn\/en\/shop\/hat-thi-la-ai-cap-nguyen-hat-atlas-garden-62g-atlas-garden-caraway-whole-62gr\/","title":{"rendered":"H\u1ea1t Th\u00ec L\u00e0 Ai C\u1eadp Nguy\u00ean H\u1ea1t Atlas Garden 62g \u2013 Atlas Garden Caraway Whole 62gr"},"content":{"rendered":"<h3><strong>TH\u00d4NG TIN S\u1ea2N PH\u1ea8M<\/strong><\/h3>\n<table>\n<tbody>\n<tr>\n<td>Th\u01b0\u01a1ng hi\u1ec7u<\/td>\n<td>Atlas Garden<\/td>\n<\/tr>\n<tr>\n<td>Xu\u1ea5t X\u1ee9<\/td>\n<td>\u0110\u1ee9c<\/td>\n<\/tr>\n<tr>\n<td>Th\u00e0nh ph\u1ea7n<\/td>\n<td>\n<p data-start=\"1054\" data-end=\"1149\">\u00a0100% H\u1ea1t th\u00ec l\u00e0 Ai C\u1eadp (Caraway) nguy\u00ean h\u1ea1t s\u1ea5y kh\u00f4<\/p>\n<\/td>\n<\/tr>\n<tr>\n<td>H\u1ea1n s\u1eed d\u1ee5ng<\/td>\n<td>Xem tr\u00ean bao b\u00ec<\/td>\n<\/tr>\n<tr>\n<td>B\u1ea3o qu\u1ea3n<\/td>\n<td>N\u01a1i kh\u00f4 r\u00e1o, tho\u00e1ng m\u00e1t, tr\u00e1nh \u00e1nh n\u1eafng tr\u1ef1c ti\u1ebfp v\u00e0 nhi\u1ec7t \u0111\u1ed9 cao. \u0110\u00f3ng ch\u1eb7t n\u1eafp sau khi s\u1eed d\u1ee5ng.<\/td>\n<\/tr>\n<tr>\n<td>Kh\u1ed1i l\u01b0\u1ee3ng t\u1ecbnh<\/td>\n<td>62g<\/td>\n<\/tr>\n<\/tbody>\n<\/table>\n<h3><strong>GI\u1edaI THI\u1ec6U TH\u01af\u01a0NG HI\u1ec6U<\/strong><\/h3>\n<p data-start=\"281\" data-end=\"650\"><strong data-start=\"281\" data-end=\"297\">Atlas Garden<\/strong>\u00a0l\u00e0 th\u01b0\u01a1ng hi\u1ec7u gia v\u1ecb v\u00e0 th\u1ea3o m\u1ed9c nh\u1eadp kh\u1ea9u uy t\u00edn, chuy\u00ean cung c\u1ea5p nh\u1eefng nguy\u00ean li\u1ec7u t\u1ef1 nhi\u00ean, nguy\u00ean ch\u1ea5t v\u00e0 \u0111\u01b0\u1ee3c ch\u1ecdn l\u1ecdc k\u1ef9 l\u01b0\u1ee1ng t\u1eeb c\u00e1c v\u00f9ng tr\u1ed3ng n\u1ed5i ti\u1ebfng tr\u00ean th\u1ebf gi\u1edbi. V\u1edbi s\u1ee9 m\u1ec7nh mang \u0111\u1ebfn\u00a0<strong data-start=\"496\" data-end=\"544\">\u201cH\u01b0\u01a1ng v\u1ecb to\u00e0n c\u1ea7u, c\u1ea3m h\u1ee9ng n\u1ea5u \u0103n t\u1ea1i gia\u201d<\/strong>, Atlas Garden gi\u00fap ng\u01b0\u1eddi n\u1ed9i tr\u1ee3 hi\u1ec7n \u0111\u1ea1i s\u00e1ng t\u1ea1o n\u00ean nh\u1eefng m\u00f3n \u0103n v\u1eeba ngon mi\u1ec7ng, v\u1eeba t\u1ed1t cho s\u1ee9c kh\u1ecfe.<\/p>\n<p data-start=\"281\" data-end=\"650\"><img fetchpriority=\"high\" decoding=\"async\" class=\"aligncenter size-full wp-image-39333\" src=\"https:\/\/havamall.com\/wp-content\/uploads\/2025\/06\/Atlas-Logo-1.png\" alt=\"\" width=\"800\" height=\"420\" srcset=\"https:\/\/havamall.vn\/wp-content\/uploads\/2025\/06\/Atlas-Logo-1.png 800w, https:\/\/havamall.vn\/wp-content\/uploads\/2025\/06\/Atlas-Logo-1-400x210.png 400w, https:\/\/havamall.vn\/wp-content\/uploads\/2025\/06\/Atlas-Logo-1-768x403.png 768w, https:\/\/havamall.vn\/wp-content\/uploads\/2025\/06\/Atlas-Logo-1-18x9.png 18w, https:\/\/havamall.vn\/wp-content\/uploads\/2025\/06\/Atlas-Logo-1-430x226.png 430w, https:\/\/havamall.vn\/wp-content\/uploads\/2025\/06\/Atlas-Logo-1-700x368.png 700w, https:\/\/havamall.vn\/wp-content\/uploads\/2025\/06\/Atlas-Logo-1-150x79.png 150w\" sizes=\"(max-width: 800px) 100vw, 800px\" \/><\/p>\n<h3><strong>\u0110\u1eb6C \u0110I\u1ec2M S\u1ea2N PH\u1ea8M<\/strong><\/h3>\n<p data-start=\"625\" data-end=\"914\"><strong data-start=\"625\" data-end=\"670\">H\u1ea1t th\u00ec l\u00e0 Ai C\u1eadp nguy\u00ean h\u1ea1t Atlas Garden<\/strong>\u00a0(Caraway Whole) l\u00e0 lo\u1ea1i gia v\u1ecb truy\u1ec1n th\u1ed1ng \u0111\u01b0\u1ee3c s\u1eed d\u1ee5ng r\u1ed9ng r\u00e3i trong \u1ea9m th\u1ef1c Trung \u0110\u00f4ng, ch\u00e2u \u00c2u v\u00e0 \u1ea4n \u0110\u1ed9. H\u1ea1t c\u00f3 h\u00ecnh l\u01b0\u1ee1i li\u1ec1m \u0111\u1eb7c tr\u01b0ng, m\u00f9i th\u01a1m\u00a0<strong data-start=\"823\" data-end=\"844\">\u1ea5m n\u1ed3ng, ng\u1ecdt nh\u1eb9<\/strong>, v\u00e0 \u0111\u1eb7c bi\u1ec7t d\u1ec5 k\u1ebft h\u1ee3p v\u1edbi c\u00e1c m\u00f3n n\u01b0\u1edbng, b\u00e1nh m\u00ec, s\u00fap ho\u1eb7c m\u00f3n h\u1ea7m.<\/p>\n<ul data-start=\"916\" data-end=\"1136\">\n<li data-start=\"916\" data-end=\"968\">\n<p data-start=\"918\" data-end=\"968\"><strong>100% h\u1ea1t th\u00ec l\u00e0 nguy\u00ean ch\u1ea5t<\/strong>, nh\u1eadp kh\u1ea9u t\u1eeb Ai C\u1eadp<\/p>\n<\/li>\n<li data-start=\"969\" data-end=\"1017\">\n<p data-start=\"971\" data-end=\"1017\"><strong>M\u00f9i th\u01a1m m\u1ea1nh, cay nh\u1eb9, h\u1eadu v\u1ecb ng\u1ecdt v\u00e0 \u1ea5m \u00e1p<\/strong><\/p>\n<\/li>\n<li data-start=\"1018\" data-end=\"1079\">\n<p data-start=\"1020\" data-end=\"1079\">Kh\u00f4ng t\u1ea9m \u01b0\u1edbp, kh\u00f4ng ph\u1ee5 gia \u2013 gi\u1eef tr\u1ecdn h\u01b0\u01a1ng v\u1ecb t\u1ef1 nhi\u00ean<\/p>\n<\/li>\n<li data-start=\"1080\" data-end=\"1136\">\n<p data-start=\"1082\" data-end=\"1136\">\u0110\u00f3ng chai th\u1ee7y tinh k\u00edn kh\u00ed, d\u1ec5 b\u1ea3o qu\u1ea3n, ti\u1ec7n s\u1eed d\u1ee5ng<\/p>\n<\/li>\n<\/ul>\n<p><img decoding=\"async\" class=\"aligncenter\" src=\"https:\/\/havamall.com\/wp-content\/uploads\/2025\/06\/72b8f359a6d264be59f13f013d4f4bab9400b2d47b90ae24d348413b66f3fa88.jpg\" alt=\"Celery Seeds Vs. Caraway Seeds In The Fridge | Fridge.com\" width=\"800\" height=\"1066\" \/><\/p>\n<p data-start=\"1174\" data-end=\"1463\">H\u1ea1t th\u00ec l\u00e0 \u0111\u01b0\u1ee3c\u00a0<strong data-start=\"1190\" data-end=\"1246\">tr\u1ed3ng t\u1ef1 nhi\u00ean t\u1ea1i v\u00f9ng \u0111\u1ea5t ph\u00f9 sa m\u00e0u m\u1ee1 c\u1ee7a Ai C\u1eadp<\/strong>, thu ho\u1ea1ch \u0111\u00fang m\u00f9a khi h\u1ea1t gi\u00e0 \u0111\u1ea1t chu\u1ea9n. Sau \u0111\u00f3, h\u1ea1t \u0111\u01b0\u1ee3c\u00a0<strong data-start=\"1307\" data-end=\"1354\">l\u00e0m s\u1ea1ch v\u00e0 s\u1ea5y kh\u00f4 b\u1eb1ng c\u00f4ng ngh\u1ec7 hi\u1ec7n \u0111\u1ea1i<\/strong>, gi\u1eef nguy\u00ean m\u00f9i th\u01a1m v\u00e0 tinh d\u1ea7u. S\u1ea3n ph\u1ea9m \u0111\u01b0\u1ee3c\u00a0<strong data-start=\"1403\" data-end=\"1423\">\u0111\u00f3ng g\u00f3i t\u1ea1i \u0110\u1ee9c<\/strong>\u00a0theo ti\u00eau chu\u1ea9n ch\u1ea5t l\u01b0\u1ee3ng cao ch\u00e2u \u00c2u.<\/p>\n<p data-start=\"1491\" data-end=\"1744\">H\u1ea1t th\u00ec l\u00e0 c\u00f3 h\u01b0\u01a1ng th\u01a1m m\u1ea1nh, h\u01a1i gi\u1ed1ng th\u00ec l\u00e0 ta nh\u01b0ng\u00a0<strong data-start=\"1548\" data-end=\"1584\">n\u1ed3ng h\u01a1n, h\u1eadu ng\u1ecdt nh\u1eb9 v\u00e0 cay \u1ea5m<\/strong>, \u0111em l\u1ea1i chi\u1ec1u s\u00e2u \u0111\u1eb7c tr\u01b0ng cho m\u00f3n \u0103n. V\u1ecb c\u1ee7a h\u1ea1t c\u00f3 th\u1ec3 g\u1ee3i nh\u1edb \u0111\u1ebfn h\u1ed3i, th\u00ec l\u00e0 v\u00e0 h\u1ea1t m\u00f9i \u2013 r\u1ea5t ph\u00f9 h\u1ee3p v\u1edbi c\u00e1c m\u00f3n c\u1ea7n s\u1ef1 c\u00e2n b\u1eb1ng gi\u1eefa v\u1ecb ng\u1ecdt v\u00e0 cay \u1ea5m.<\/p>\n<p data-start=\"1491\" data-end=\"1744\"><img decoding=\"async\" class=\"aligncenter\" src=\"https:\/\/havamall.com\/wp-content\/uploads\/2025\/06\/When-and-How-to-Harvest-Caraway-Seed-Featured.jpg\" alt=\"When and How to Harvest Caraway Seed | Gardener's Path\" width=\"800\" height=\"533\" \/><\/p>\n<h3><strong>C\u00d4NG D\u1ee4NG V\u00c0 L\u1ee2I \u00cdCH<\/strong><\/h3>\n<ul data-start=\"1776\" data-end=\"2078\">\n<li data-start=\"1776\" data-end=\"1838\">\n<p data-start=\"1778\" data-end=\"1838\">D\u00f9ng trong\u00a0<strong data-start=\"1789\" data-end=\"1836\">b\u00e1nh m\u00ec \u0111en, b\u00e1nh m\u00ec l\u00faa m\u1ea1ch, b\u00e1nh quy m\u1eb7n<\/strong><\/p>\n<\/li>\n<li data-start=\"1839\" data-end=\"1905\">\n<p data-start=\"1841\" data-end=\"1905\">Rang s\u01a1 v\u00e0 gi\u00e3 d\u1eadp \u0111\u1ec3 \u01b0\u1edbp\u00a0<strong data-start=\"1867\" data-end=\"1903\">th\u1ecbt n\u01b0\u1edbng, c\u00e0 ri, m\u00f3n h\u1ea7m, soup<\/strong><\/p>\n<\/li>\n<li data-start=\"1906\" data-end=\"1976\">\n<p data-start=\"1908\" data-end=\"1976\">Th\u00eam v\u00e0o\u00a0<strong data-start=\"1917\" data-end=\"1974\">d\u01b0a mu\u1ed1i, salad, c\u01a1m n\u1ea5u ki\u1ec3u Trung \u0110\u00f4ng ho\u1eb7c B\u1eafc Phi<\/strong><\/p>\n<\/li>\n<li data-start=\"1977\" data-end=\"2078\">\n<p data-start=\"1979\" data-end=\"2078\">K\u1ebft h\u1ee3p t\u1ed1t v\u1edbi\u00a0<strong data-start=\"1995\" data-end=\"2041\">h\u1ea1t th\u00ec l\u00e0 ta, h\u1ea1t m\u00f9i, ti\u00eau \u0111en, b\u1ed9t ngh\u1ec7<\/strong>\u00a0trong c\u00e1c c\u00f4ng th\u1ee9c n\u1ea5u \u0103n Ayurvedic<\/p>\n<\/li>\n<\/ul>\n<p data-start=\"2080\" data-end=\"2192\"><em>M\u1eb9o d\u00f9ng:\u00a0Rang s\u01a1 h\u1ea1t tr\u00ean ch\u1ea3o kh\u00f4ng d\u1ea7u tr\u01b0\u1edbc khi s\u1eed d\u1ee5ng \u0111\u1ec3 l\u00e0m d\u1eady m\u00f9i v\u00e0 t\u0103ng c\u01b0\u1eddng tinh d\u1ea7u t\u1ef1 nhi\u00ean.<\/em><\/p>\n<p data-start=\"2080\" data-end=\"2192\"><img loading=\"lazy\" decoding=\"async\" class=\"aligncenter\" src=\"https:\/\/havamall.com\/wp-content\/uploads\/2025\/06\/roast_chicken_traybake_20115_16x9.jpg.webp\" alt=\"Roast chicken with beetroot and halloumi salad\" width=\"800\" height=\"450\" \/><\/p>\n<p data-start=\"2230\" data-end=\"2504\"><strong>H\u1ea1t th\u00ec l\u00e0<\/strong>\u00a0ch\u1ee9a nhi\u1ec1u\u00a0<strong data-start=\"2252\" data-end=\"2283\">tinh d\u1ea7u carvon v\u00e0 limonene<\/strong>, c\u00f3 t\u00e1c d\u1ee5ng h\u1ed7 tr\u1ee3\u00a0<strong data-start=\"2304\" data-end=\"2367\">h\u1ec7 ti\u00eau h\u00f3a, gi\u1ea3m \u0111\u1ea7y h\u01a1i, ch\u1ed1ng vi\u00eam v\u00e0 l\u00e0m d\u1ecbu \u0111\u01b0\u1eddng ru\u1ed9t<\/strong>. Ngo\u00e0i ra, lo\u1ea1i h\u1ea1t n\u00e0y c\u00f2n \u0111\u01b0\u1ee3c \u0111\u00e1nh gi\u00e1 cao trong y h\u1ecdc c\u1ed5 truy\u1ec1n v\u1edbi kh\u1ea3 n\u0103ng h\u1ed7 tr\u1ee3\u00a0<strong data-start=\"2456\" data-end=\"2503\">gi\u1ea5c ng\u1ee7 v\u00e0 gi\u1ea3m tri\u1ec7u ch\u1ee9ng co th\u1eaft d\u1ea1 d\u00e0y<\/strong>. S\u1ea3n ph\u1ea9m hi\u1ec7n \u0111\u00e3 c\u00f3 m\u1eb7t t\u1ea1i\u00a0<strong data-start=\"2791\" data-end=\"2803\">Havamall<\/strong>, cam k\u1ebft nh\u1eadp kh\u1ea9u ch\u00ednh ng\u1ea1ch, ch\u1ea5t l\u01b0\u1ee3ng chu\u1ea9n ch\u00e2u \u00c2u.<\/p>","protected":false},"excerpt":{"rendered":"<p>TH\u00d4NG TIN S\u1ea2N PH\u1ea8M Th\u01b0\u01a1ng hi\u1ec7u Atlas Garden Xu\u1ea5t X\u1ee9 \u0110\u1ee9c Th\u00e0nh ph\u1ea7n \u00a0100% H\u1ea1t th\u00ec l\u00e0 Ai C\u1eadp (Caraway)<\/p>","protected":false},"featured_media":44622,"comment_status":"open","ping_status":"closed","template":"","meta":[],"product_brand":[],"product_cat":[595,682,154],"product_tag":[],"class_list":{"0":"post-39405","1":"product","2":"type-product","3":"status-publish","4":"has-post-thumbnail","6":"product_cat-gia-vi-va-che-bien","7":"product_cat-nhap-khau-duc","8":"product_cat-gia-vi","9":"pa_brand-atlas","11":"first","12":"instock","13":"sale","14":"shipping-taxable","15":"purchasable","16":"product-type-simple"},"_links":{"self":[{"href":"https:\/\/havamall.vn\/en\/wp-json\/wp\/v2\/product\/39405"}],"collection":[{"href":"https:\/\/havamall.vn\/en\/wp-json\/wp\/v2\/product"}],"about":[{"href":"https:\/\/havamall.vn\/en\/wp-json\/wp\/v2\/types\/product"}],"replies":[{"embeddable":true,"href":"https:\/\/havamall.vn\/en\/wp-json\/wp\/v2\/comments?post=39405"}],"version-history":[{"count":0,"href":"https:\/\/havamall.vn\/en\/wp-json\/wp\/v2\/product\/39405\/revisions"}],"wp:featuredmedia":[{"embeddable":true,"href":"https:\/\/havamall.vn\/en\/wp-json\/wp\/v2\/media\/44622"}],"wp:attachment":[{"href":"https:\/\/havamall.vn\/en\/wp-json\/wp\/v2\/media?parent=39405"}],"wp:term":[{"taxonomy":"product_brand","embeddable":true,"href":"https:\/\/havamall.vn\/en\/wp-json\/wp\/v2\/product_brand?post=39405"},{"taxonomy":"product_cat","embeddable":true,"href":"https:\/\/havamall.vn\/en\/wp-json\/wp\/v2\/product_cat?post=39405"},{"taxonomy":"product_tag","embeddable":true,"href":"https:\/\/havamall.vn\/en\/wp-json\/wp\/v2\/product_tag?post=39405"}],"curies":[{"name":"wp","href":"https:\/\/api.w.org\/{rel}","templated":true}]}}