{"id":39396,"date":"2025-06-10T11:48:20","date_gmt":"2025-06-10T04:48:20","guid":{"rendered":"https:\/\/havamall.vn\/?post_type=product&#038;p=39396"},"modified":"2026-03-18T15:03:52","modified_gmt":"2026-03-18T08:03:52","slug":"hat-dai-hoi-nguyen-hat-atlas-garden-45g-atlas-garden-aniseed-whole-45gr","status":"publish","type":"product","link":"https:\/\/havamall.vn\/en\/shop\/hat-dai-hoi-nguyen-hat-atlas-garden-45g-atlas-garden-aniseed-whole-45gr\/","title":{"rendered":"H\u1ea1t \u0110\u1ea1i H\u1ed3i Nguy\u00ean H\u1ea1t Atlas Garden 45g \u2013 Atlas Garden Aniseed Whole 45gr"},"content":{"rendered":"<h3><strong>TH\u00d4NG TIN S\u1ea2N PH\u1ea8M<\/strong><\/h3>\n<table>\n<tbody>\n<tr>\n<td>Th\u01b0\u01a1ng hi\u1ec7u<\/td>\n<td>Atlas Garden<\/td>\n<\/tr>\n<tr>\n<td>Xu\u1ea5t X\u1ee9<\/td>\n<td>\u0110\u1ee9c<\/td>\n<\/tr>\n<tr>\n<td>Th\u00e0nh ph\u1ea7n<\/td>\n<td>\n<p data-start=\"1054\" data-end=\"1149\">100% H\u1ea1t \u0111\u1ea1i h\u1ed3i (aniseed) nguy\u00ean h\u1ea1t s\u1ea5y kh\u00f4<\/p>\n<\/td>\n<\/tr>\n<tr>\n<td>H\u1ea1n s\u1eed d\u1ee5ng<\/td>\n<td>Xem tr\u00ean bao b\u00ec<\/td>\n<\/tr>\n<tr>\n<td>B\u1ea3o qu\u1ea3n<\/td>\n<td>N\u01a1i kh\u00f4 r\u00e1o, tho\u00e1ng m\u00e1t, tr\u00e1nh \u00e1nh n\u1eafng tr\u1ef1c ti\u1ebfp v\u00e0 nhi\u1ec7t \u0111\u1ed9 cao. \u0110\u00f3ng ch\u1eb7t n\u1eafp sau khi s\u1eed d\u1ee5ng.<\/td>\n<\/tr>\n<tr>\n<td>Kh\u1ed1i l\u01b0\u1ee3ng t\u1ecbnh<\/td>\n<td>45g<\/td>\n<\/tr>\n<\/tbody>\n<\/table>\n<p data-sourcepos=\"27:1-27:26\"><span style=\"font-size: 18pt\"><strong>GI\u1edaI THI\u1ec6U TH\u01af\u01a0NG HI\u1ec6U<\/strong><\/span><\/p>\n<p data-start=\"317\" data-end=\"668\"><strong data-start=\"317\" data-end=\"333\">Atlas Garden<\/strong>\u00a0l\u00e0 th\u01b0\u01a1ng hi\u1ec7u chuy\u00ean cung c\u1ea5p c\u00e1c lo\u1ea1i gia v\u1ecb, th\u1ea3o m\u1ed9c v\u00e0 nguy\u00ean li\u1ec7u t\u1ef1 nhi\u00ean ch\u1ea5t l\u01b0\u1ee3ng cao t\u1eeb kh\u1eafp n\u01a1i tr\u00ean th\u1ebf gi\u1edbi. V\u1edbi ph\u01b0\u01a1ng ch\u00e2m\u00a0<strong data-start=\"473\" data-end=\"516\">\u201cCh\u1ea5t l\u01b0\u1ee3ng to\u00e0n c\u1ea7u, chu\u1ea9n v\u1ecb b\u1ebfp nh\u00e0\u201d<\/strong>, Atlas Garden cam k\u1ebft mang \u0111\u1ebfn nh\u1eefng s\u1ea3n ph\u1ea9m nguy\u00ean ch\u1ea5t, kh\u00f4ng ph\u1ee5 gia, gi\u00fap ng\u01b0\u1eddi ti\u00eau d\u00f9ng an t\u00e2m ch\u1ebf bi\u1ebfn c\u00e1c m\u00f3n \u0103n ngon v\u00e0 an to\u00e0n cho s\u1ee9c kh\u1ecfe.<\/p>\n<p data-start=\"317\" data-end=\"668\"><img fetchpriority=\"high\" decoding=\"async\" class=\"aligncenter size-full wp-image-40230\" src=\"https:\/\/havamall.com\/wp-content\/uploads\/2025\/06\/Atlas-Logo-2.png\" alt=\"\" width=\"800\" height=\"420\" \/><\/p>\n<p data-sourcepos=\"31:1-31:21\"><span style=\"font-size: 18pt\"><strong>\u0110\u1eb6C \u0110I\u1ec2M S\u1ea2N PH\u1ea8M<\/strong><\/span><\/p>\n<p data-start=\"717\" data-end=\"1018\"><strong data-start=\"717\" data-end=\"756\">H\u1ea1t \u0111\u1ea1i h\u1ed3i nguy\u00ean h\u1ea1t Atlas Garden<\/strong>\u00a0l\u00e0 lo\u1ea1i gia v\u1ecb qu\u00fd \u0111\u01b0\u1ee3c ch\u1ecdn l\u1ecdc k\u1ef9 l\u01b0\u1ee1ng, c\u00f3 m\u00f9i th\u01a1m \u0111\u1eb7c tr\u01b0ng ng\u1ecdt ng\u00e0o, the d\u1ecbu, th\u01b0\u1eddng \u0111\u01b0\u1ee3c s\u1eed d\u1ee5ng trong c\u1ea3\u00a0<strong data-start=\"871\" data-end=\"899\">\u1ea9m th\u1ef1c \u00c1 \u2013 \u00c2u v\u00e0 \u0110\u00f4ng y<\/strong>. H\u1ed3i nguy\u00ean h\u1ea1t gi\u1eef \u0111\u01b0\u1ee3c\u00a0<strong data-start=\"925\" data-end=\"959\">\u0111\u1ed9 th\u01a1m l\u00e2u, kh\u00f4ng b\u1ecb xay tr\u1ed9n<\/strong>, gi\u00fap m\u00f3n \u0103n c\u00f3 chi\u1ec1u s\u00e2u v\u1ec1 h\u01b0\u01a1ng v\u1ecb v\u00e0 m\u00e0u s\u1eafc t\u1ef1 nhi\u00ean.<\/p>\n<ul data-start=\"1020\" data-end=\"1185\">\n<li data-start=\"1020\" data-end=\"1069\">\n<p data-start=\"1022\" data-end=\"1069\">Lo\u1ea1i h\u1ed3i s\u00e1u c\u00e1nh t\u1ef1 nhi\u00ean, \u0111\u1ec1u h\u1ea1t, nguy\u00ean v\u1eb9n<\/p>\n<\/li>\n<li data-start=\"1070\" data-end=\"1126\">\n<p data-start=\"1072\" data-end=\"1126\">\u0110\u01b0\u1ee3c b\u1ea3o qu\u1ea3n k\u00edn trong l\u1ecd th\u1ee7y tinh s\u1ea1ch s\u1ebd, ti\u1ec7n l\u1ee3i<\/p>\n<\/li>\n<li data-start=\"1127\" data-end=\"1185\">\n<p data-start=\"1129\" data-end=\"1185\">D\u00f9ng \u0111\u01b0\u1ee3c c\u1ea3 trong m\u00f3n m\u1eb7n, m\u00f3n ng\u1ecdt v\u00e0 \u0111\u1ed3 u\u1ed1ng th\u1ea3o m\u1ed9c<\/p>\n<\/li>\n<\/ul>\n<p><img decoding=\"async\" class=\"aligncenter\" src=\"https:\/\/havamall.com\/wp-content\/uploads\/2025\/06\/BHG-Star-Anise-vs-Anise-Seed_997097492_101526012-9f90761e4502405b9ec5aded80c26ad9.jpg\" alt=\"Star Anise vs. Anise Seed: How Are They Different?\" width=\"802\" height=\"521\" \/><\/p>\n<p data-start=\"1223\" data-end=\"1541\">H\u1ea1t h\u1ed3i \u0111\u01b0\u1ee3c\u00a0<strong data-start=\"1236\" data-end=\"1258\">thu ho\u1ea1ch th\u1ee7 c\u00f4ng<\/strong>\u00a0t\u1eeb c\u00e1c v\u00f9ng n\u00fai cao c\u00f3 kh\u00ed h\u1eadu m\u00e1t m\u1ebb, sau \u0111\u00f3 \u0111\u01b0\u1ee3c\u00a0<strong data-start=\"1310\" data-end=\"1331\">ph\u01a1i s\u1ea5y t\u1ef1 nhi\u00ean<\/strong>\u00a0v\u00e0\u00a0<strong data-start=\"1335\" data-end=\"1355\">\u0111\u00f3ng g\u00f3i t\u1ea1i \u0110\u1ee9c<\/strong>\u00a0theo ti\u00eau chu\u1ea9n an to\u00e0n th\u1ef1c ph\u1ea9m cao nh\u1ea5t. To\u00e0n b\u1ed9 qu\u00e1 tr\u00ecnh\u00a0<strong data-start=\"1418\" data-end=\"1466\">kh\u00f4ng s\u1eed d\u1ee5ng ch\u1ea5t b\u1ea3o qu\u1ea3n, kh\u00f4ng t\u1ea9y tr\u1eafng<\/strong>, \u0111\u1ea3m b\u1ea3o gi\u1eef tr\u1ecdn h\u01b0\u01a1ng v\u1ecb t\u1ef1 nhi\u00ean v\u00e0 tinh d\u1ea7u qu\u00fd c\u00f3 trong t\u1eebng hoa h\u1ed3i.<\/p>\n<p data-start=\"1569\" data-end=\"1872\">H\u1ed3i nguy\u00ean h\u1ea1t c\u00f3 h\u01b0\u01a1ng th\u01a1m m\u1ea1nh,\u00a0<strong data-start=\"1604\" data-end=\"1625\">\u1ea5m n\u1ed3ng, ng\u1ecdt d\u1ecbu<\/strong>, h\u01a1i cay nh\u1eb9 \u1edf h\u1eadu v\u1ecb. Khi n\u1ea5u c\u00f9ng th\u1ecbt ho\u1eb7c n\u01b0\u1edbc d\u00f9ng, h\u1ea1t h\u1ed3i ti\u1ebft ra tinh d\u1ea7u t\u1ea1o m\u00f9i th\u01a1m s\u00e2u, \u0111\u1eb7c tr\u01b0ng, r\u1ea5t \u0111\u01b0\u1ee3c \u01b0a chu\u1ed9ng trong c\u00e1c m\u00f3n\u00a0<strong data-start=\"1770\" data-end=\"1819\">ph\u1edf, b\u00f2 kho, v\u1ecbt ti\u1ec1m, n\u01b0\u1edbc l\u00e8o, n\u01b0\u1edbc s\u1ed1t n\u00e2u<\/strong>, hay d\u00f9ng \u0111\u1ec3 \u1ee7\u00a0<strong data-start=\"1835\" data-end=\"1871\">tr\u00e0 th\u1ea3o m\u1ed9c v\u00e0 pha ch\u1ebf r\u01b0\u1ee3u m\u00f9i<\/strong>.<\/p>\n<p data-start=\"1569\" data-end=\"1872\"><img decoding=\"async\" class=\"aligncenter\" src=\"https:\/\/havamall.com\/wp-content\/uploads\/2025\/06\/20201216_vietnamese_beef_stew_4x3-scaled.jpg\" alt=\"Vietnamese Beef Stew (B\u00f2 Kho)\" width=\"801\" height=\"601\" \/><\/p>\n<p data-sourcepos=\"37:1-37:24\"><span style=\"font-size: 18pt\"><strong>C\u00d4NG D\u1ee4NG V\u00c0 L\u1ee2I \u00cdCH<\/strong><\/span><\/p>\n<ul>\n<li data-start=\"1906\" data-end=\"1964\"><strong data-start=\"1906\" data-end=\"1928\">D\u00f9ng n\u1ea5u n\u01b0\u1edbc d\u00f9ng<\/strong>\u00a0(ph\u1edf, b\u00fan b\u00f2, h\u1ee7 ti\u1ebfu, m\u00ec Qu\u1ea3ng\u2026)<\/li>\n<li data-start=\"1906\" data-end=\"1964\"><strong data-start=\"1967\" data-end=\"1997\">N\u01b0\u1edbng s\u01a1 h\u1ed3i tr\u00ean ch\u1ea3o kh\u00f4<\/strong>, sau \u0111\u00f3 h\u1ea7m c\u00f9ng n\u01b0\u1edbc kho th\u1ecbt ho\u1eb7c n\u01b0\u1edbc s\u1ed1t<\/li>\n<li data-start=\"1906\" data-end=\"1964\"><strong data-start=\"2045\" data-end=\"2062\">\u1ee6 tr\u00e0 hoa h\u1ed3i<\/strong>: d\u00f9ng 1\u20132 hoa, cho v\u00e0o n\u01b0\u1edbc s\u00f4i, th\u00eam ch\u00fat qu\u1ebf ho\u1eb7c cam kh\u00f4<\/li>\n<li data-start=\"1906\" data-end=\"1964\">C\u00f3 th\u1ec3\u00a0<strong data-start=\"2132\" data-end=\"2163\">ng\u00e2m r\u01b0\u1ee3u ho\u1eb7c ng\u00e2m m\u1eadt ong<\/strong>\u00a0\u0111\u1ec3 h\u1ed7 tr\u1ee3 ti\u00eau h\u00f3a<\/li>\n<\/ul>\n<p><em data-start=\"2187\" data-end=\"2195\">L\u01b0u \u00fd:<\/em>\u00a0Kh\u00f4ng n\u00ean s\u1eed d\u1ee5ng qu\u00e1 li\u1ec1u v\u00ec tinh d\u1ea7u h\u1ed3i c\u00f3 m\u00f9i m\u1ea1nh v\u00e0 t\u00ednh n\u00f3ng.<\/p>\n<p><img loading=\"lazy\" decoding=\"async\" class=\"aligncenter wp-image-40272\" src=\"https:\/\/havamall.com\/wp-content\/uploads\/2025\/06\/3.StarAniseListing02.jpg\" alt=\"\" width=\"801\" height=\"801\" \/><\/p>\n<p data-start=\"2302\" data-end=\"2568\"><strong>H\u1ed3i<\/strong>\u00a0l\u00e0 m\u1ed9t lo\u1ea1i gia v\u1ecb c\u00f3 gi\u00e1 tr\u1ecb d\u01b0\u1ee3c li\u1ec7u cao, ch\u1ee9a nhi\u1ec1u\u00a0<strong data-start=\"2362\" data-end=\"2382\">tinh d\u1ea7u anethol<\/strong>, c\u00f3 t\u00e1c d\u1ee5ng\u00a0<strong data-start=\"2396\" data-end=\"2470\">kh\u00e1ng khu\u1ea9n, ti\u00eau vi\u00eam, h\u1ed7 tr\u1ee3 ti\u00eau h\u00f3a, l\u00e0m \u1ea5m c\u01a1 th\u1ec3 v\u00e0 gi\u1ea3m \u0111\u1ea7y h\u01a1i<\/strong>. Ngo\u00e0i ra, h\u1ed3i c\u00f2n \u0111\u01b0\u1ee3c d\u00f9ng trong \u0110\u00f4ng y \u0111\u1ec3\u00a0<strong data-start=\"2516\" data-end=\"2567\">gi\u1ea3m ho, h\u1ed7 tr\u1ee3 h\u00f4 h\u1ea5p v\u00e0 gi\u1ea3m \u0111au b\u1ee5ng do l\u1ea1nh<\/strong>. S\u1ea3n ph\u1ea9m hi\u1ec7n \u0111\u00e3 c\u00f3 m\u1eb7t t\u1ea1i\u00a0<strong data-start=\"2791\" data-end=\"2803\">Havamall<\/strong>, cam k\u1ebft nh\u1eadp kh\u1ea9u ch\u00ednh ng\u1ea1ch, ch\u1ea5t l\u01b0\u1ee3ng chu\u1ea9n ch\u00e2u \u00c2u.<\/p>","protected":false},"excerpt":{"rendered":"<p>TH\u00d4NG TIN S\u1ea2N PH\u1ea8M Th\u01b0\u01a1ng hi\u1ec7u Atlas Garden Xu\u1ea5t X\u1ee9 \u0110\u1ee9c Th\u00e0nh ph\u1ea7n 100% H\u1ea1t \u0111\u1ea1i h\u1ed3i (aniseed) nguy\u00ean h\u1ea1t<\/p>","protected":false},"featured_media":44629,"comment_status":"open","ping_status":"closed","template":"","meta":[],"product_brand":[],"product_cat":[595,682,154],"product_tag":[],"class_list":{"0":"post-39396","1":"product","2":"type-product","3":"status-publish","4":"has-post-thumbnail","6":"product_cat-gia-vi-va-che-bien","7":"product_cat-nhap-khau-duc","8":"product_cat-gia-vi","9":"pa_brand-atlas","11":"first","12":"instock","13":"sale","14":"shipping-taxable","15":"purchasable","16":"product-type-simple"},"_links":{"self":[{"href":"https:\/\/havamall.vn\/en\/wp-json\/wp\/v2\/product\/39396"}],"collection":[{"href":"https:\/\/havamall.vn\/en\/wp-json\/wp\/v2\/product"}],"about":[{"href":"https:\/\/havamall.vn\/en\/wp-json\/wp\/v2\/types\/product"}],"replies":[{"embeddable":true,"href":"https:\/\/havamall.vn\/en\/wp-json\/wp\/v2\/comments?post=39396"}],"version-history":[{"count":0,"href":"https:\/\/havamall.vn\/en\/wp-json\/wp\/v2\/product\/39396\/revisions"}],"wp:featuredmedia":[{"embeddable":true,"href":"https:\/\/havamall.vn\/en\/wp-json\/wp\/v2\/media\/44629"}],"wp:attachment":[{"href":"https:\/\/havamall.vn\/en\/wp-json\/wp\/v2\/media?parent=39396"}],"wp:term":[{"taxonomy":"product_brand","embeddable":true,"href":"https:\/\/havamall.vn\/en\/wp-json\/wp\/v2\/product_brand?post=39396"},{"taxonomy":"product_cat","embeddable":true,"href":"https:\/\/havamall.vn\/en\/wp-json\/wp\/v2\/product_cat?post=39396"},{"taxonomy":"product_tag","embeddable":true,"href":"https:\/\/havamall.vn\/en\/wp-json\/wp\/v2\/product_tag?post=39396"}],"curies":[{"name":"wp","href":"https:\/\/api.w.org\/{rel}","templated":true}]}}