{"id":39386,"date":"2025-06-10T11:40:28","date_gmt":"2025-06-10T04:40:28","guid":{"rendered":"https:\/\/havamall.vn\/?post_type=product&#038;p=39386"},"modified":"2026-03-17T14:31:49","modified_gmt":"2026-03-17T07:31:49","slug":"gia-vi-tong-hop-y-atlas-garden-20g-atlas-garden-italian-mixed-herb-20gr","status":"publish","type":"product","link":"https:\/\/havamall.vn\/en\/shop\/gia-vi-tong-hop-y-atlas-garden-20g-atlas-garden-italian-mixed-herb-20gr\/","title":{"rendered":"Gia V\u1ecb T\u1ed5ng H\u1ee3p \u00dd Atlas Garden 20g \u2013 Atlas Garden Italian Mixed Herb 20gr"},"content":{"rendered":"<h3><strong>TH\u00d4NG TIN S\u1ea2N PH\u1ea8M<\/strong><\/h3>\n<table>\n<tbody>\n<tr>\n<td>Th\u01b0\u01a1ng hi\u1ec7u<\/td>\n<td>Atlas Garden<\/td>\n<\/tr>\n<tr>\n<td>Xu\u1ea5t X\u1ee9<\/td>\n<td>\u0110\u1ee9c<\/td>\n<\/tr>\n<tr>\n<td>Th\u00e0nh ph\u1ea7n<\/td>\n<td>\n<p data-start=\"1054\" data-end=\"1149\">oregano, h\u00fang qu\u1ebf, h\u01b0\u01a1ng th\u1ea3o, c\u1ecf x\u1ea1 h\u01b0\u01a1ng, v.v.<\/p>\n<\/td>\n<\/tr>\n<tr>\n<td>H\u1ea1n s\u1eed d\u1ee5ng<\/td>\n<td>Xem tr\u00ean bao b\u00ec<\/td>\n<\/tr>\n<tr>\n<td>B\u1ea3o qu\u1ea3n<\/td>\n<td>N\u01a1i kh\u00f4 r\u00e1o, tho\u00e1ng m\u00e1t, tr\u00e1nh \u00e1nh n\u1eafng tr\u1ef1c ti\u1ebfp v\u00e0 nhi\u1ec7t \u0111\u1ed9 cao. \u0110\u00f3ng ch\u1eb7t n\u1eafp sau khi s\u1eed d\u1ee5ng.<\/td>\n<\/tr>\n<tr>\n<td>Kh\u1ed1i l\u01b0\u1ee3ng t\u1ecbnh<\/td>\n<td>20g<\/td>\n<\/tr>\n<\/tbody>\n<\/table>\n<p data-sourcepos=\"27:1-27:26\"><strong>GI\u1edaI THI\u1ec6U TH\u01af\u01a0NG HI\u1ec6U<\/strong><\/p>\n<p data-start=\"359\" data-end=\"741\"><strong data-start=\"359\" data-end=\"375\">Atlas Garden<\/strong>\u00a0l\u00e0 th\u01b0\u01a1ng hi\u1ec7u chuy\u00ean cung c\u1ea5p c\u00e1c lo\u1ea1i gia v\u1ecb v\u00e0 th\u1ea3o m\u1ed9c t\u1ef1 nhi\u00ean, \u0111\u01b0\u1ee3c ch\u1ecdn l\u1ecdc k\u1ef9 l\u01b0\u1ee1ng t\u1eeb nhi\u1ec1u v\u00f9ng nguy\u00ean li\u1ec7u n\u1ed5i ti\u1ebfng tr\u00ean th\u1ebf gi\u1edbi. V\u1edbi s\u1ee9 m\u1ec7nh n\u00e2ng t\u1ea7m tr\u1ea3i nghi\u1ec7m \u1ea9m th\u1ef1c t\u1ea1i gia, Atlas Garden cam k\u1ebft mang \u0111\u1ebfn nh\u1eefng s\u1ea3n ph\u1ea9m ch\u1ea5t l\u01b0\u1ee3ng cao, kh\u00f4ng ch\u1ee9a ph\u1ee5 gia \u0111\u1ed9c h\u1ea1i, gi\u00fap ng\u01b0\u1eddi ti\u00eau d\u00f9ng t\u1ea1o n\u00ean nh\u1eefng m\u00f3n \u0103n v\u1eeba ngon mi\u1ec7ng, v\u1eeba an to\u00e0n cho s\u1ee9c kh\u1ecfe.<\/p>\n<p data-sourcepos=\"29:1-29:468\"><img fetchpriority=\"high\" decoding=\"async\" class=\"aligncenter\" src=\"https:\/\/havamall.com\/wp-content\/uploads\/2025\/06\/Banner-thang-5-03.jpg\" width=\"801\" height=\"801\" \/><\/p>\n<p data-sourcepos=\"31:1-31:21\"><strong>\u0110\u1eb6C \u0110I\u1ec2M S\u1ea2N PH\u1ea8M<\/strong><\/p>\n<p data-start=\"791\" data-end=\"1084\">Gia V\u1ecb T\u1ed5ng H\u1ee3p \u00dd Atlas Garden l\u00e0 s\u1ef1 pha tr\u1ed9n tinh t\u1ebf gi\u1eefa c\u00e1c lo\u1ea1i l\u00e1 th\u1ea3o m\u1ed9c \u0111\u1eb7c tr\u01b0ng trong \u1ea9m th\u1ef1c \u0110\u1ecba Trung H\u1ea3i nh\u01b0\u00a0<strong data-start=\"913\" data-end=\"969\">oregano, h\u00fang qu\u1ebf, h\u01b0\u01a1ng th\u1ea3o, c\u1ecf x\u1ea1 h\u01b0\u01a1ng, marjoram<\/strong>,\u2026 S\u1ef1 k\u1ebft h\u1ee3p c\u00e2n \u0111\u1ed1i gi\u1eefa c\u00e1c lo\u1ea1i th\u1ea3o m\u1ed9c gi\u00fap b\u1ea1n d\u1ec5 d\u00e0ng t\u1ea1o n\u00ean h\u01b0\u01a1ng v\u1ecb chu\u1ea9n \u00dd ch\u1ec9 trong m\u1ed9t l\u1ea7n r\u1eafc nh\u1eb9. S\u1ea3n ph\u1ea9m \u0111\u1eb7c bi\u1ec7t ph\u00f9 h\u1ee3p v\u1edbi c\u00e1c m\u00f3n \u00c2u nh\u01b0\u00a0<strong data-start=\"1131\" data-end=\"1178\">m\u00ec \u00dd, pizza, salad, th\u1ecbt n\u01b0\u1edbng, m\u00f3n h\u1ea7m,\u2026<\/strong>, gi\u00fap ti\u1ebft ki\u1ec7m th\u1eddi gian ch\u1ebf bi\u1ebfn m\u00e0 v\u1eabn gi\u1eef \u0111\u01b0\u1ee3c \u0111\u1ed9 phong ph\u00fa v\u00e0 chi\u1ec1u s\u00e2u trong h\u01b0\u01a1ng v\u1ecb m\u00f3n \u0103n.<\/p>\n<p data-start=\"791\" data-end=\"1084\"><img decoding=\"async\" class=\"aligncenter\" src=\"https:\/\/havamall.com\/wp-content\/uploads\/2025\/06\/FreshDriedHerbs_HERO_041620_6661.jpg\" alt=\"How to Substitute Dried Herbs for Fresh (and Vice Versa) | Epicurious\" width=\"800\" height=\"450\" \/><\/p>\n<p data-start=\"1317\" data-end=\"1633\">\u0110\u01b0\u1ee3c s\u1ea3n xu\u1ea5t t\u1ea1i\u00a0<strong data-start=\"1335\" data-end=\"1342\">\u0110\u1ee9c<\/strong>\u00a0theo ti\u00eau chu\u1ea9n nghi\u00eam ng\u1eb7t c\u1ee7a Ch\u00e2u \u00c2u, c\u00e1c lo\u1ea1i l\u00e1 th\u1ea3o m\u1ed9c trong s\u1ea3n ph\u1ea9m \u0111\u01b0\u1ee3c\u00a0<strong data-start=\"1425\" data-end=\"1445\">s\u1ea5y kh\u00f4 t\u1ef1 nhi\u00ean<\/strong>, kh\u00f4ng qua x\u1eed l\u00fd nhi\u1ec7t \u0111\u1ed9 cao, gi\u00fap b\u1ea3o to\u00e0n t\u1ed1i \u0111a h\u01b0\u01a1ng th\u01a1m v\u00e0 tinh d\u1ea7u t\u1ef1 nhi\u00ean. Qu\u00e1 tr\u00ecnh \u0111\u00f3ng g\u00f3i k\u00edn gi\u00fap gi\u1eef nguy\u00ean ch\u1ea5t l\u01b0\u1ee3ng v\u00e0 \u0111\u1ed9 t\u01b0\u01a1i m\u1edbi c\u1ee7a s\u1ea3n ph\u1ea9m \u0111\u1ebfn tay ng\u01b0\u1eddi ti\u00eau d\u00f9ng.<\/p>\n<p data-start=\"1662\" data-end=\"1980\">H\u01b0\u01a1ng th\u01a1m thanh m\u00e1t, d\u1ecbu nh\u1eb9 nh\u01b0ng v\u1eabn \u0111\u1ea7y cu\u1ed1n h\u00fat c\u1ee7a c\u00e1c lo\u1ea1i l\u00e1 th\u1ea3o m\u1ed9c mang \u0111\u1ebfn tr\u1ea3i nghi\u1ec7m v\u1ecb gi\u00e1c \u0111\u1eb7c tr\u01b0ng c\u1ee7a v\u00f9ng \u0110\u1ecba Trung H\u1ea3i. V\u1ecb cay nh\u1eb9 t\u1eeb oregano h\u00f2a quy\u1ec7n v\u1edbi \u0111\u1ed9 ng\u1ecdt t\u1ef1 nhi\u00ean c\u1ee7a h\u00fang qu\u1ebf v\u00e0 m\u00f9i th\u01a1m n\u1ed3ng c\u1ee7a h\u01b0\u01a1ng th\u1ea3o t\u1ea1o n\u00ean m\u1ed9t t\u1ed5ng th\u1ec3 c\u00e2n b\u1eb1ng, gi\u00fap l\u00e0m n\u1ed5i b\u1eadt nguy\u00ean li\u1ec7u ch\u00ednh trong m\u00f3n \u0103n.<\/p>\n<p data-start=\"1662\" data-end=\"1980\"><img decoding=\"async\" class=\"aligncenter\" src=\"https:\/\/havamall.com\/wp-content\/uploads\/2025\/06\/mediterranean-seasoning-6.jpg\" alt=\"Mediterranean Seasoning Blend - Caroha\" width=\"800\" height=\"533\" \/><\/p>\n<p data-sourcepos=\"37:1-37:24\"><strong>C\u00d4NG D\u1ee4NG V\u00c0 L\u1ee2I \u00cdCH<\/strong><\/p>\n<ul data-sourcepos=\"39:1-43:0\">\n<li data-start=\"2087\" data-end=\"2124\">\n<p data-start=\"2089\" data-end=\"2124\">\u01af\u1edbp th\u1ecbt b\u00f2, g\u00e0, c\u00e1 tr\u01b0\u1edbc khi n\u01b0\u1edbng<\/p>\n<\/li>\n<li data-start=\"2125\" data-end=\"2162\">\n<p data-start=\"2127\" data-end=\"2162\">R\u1eafc l\u00ean pizza, m\u00ec \u00dd, salad ho\u1eb7c s\u00fap<\/p>\n<\/li>\n<li data-start=\"2163\" data-end=\"2205\">\n<p data-start=\"2165\" data-end=\"2205\">D\u00f9ng trong m\u00f3n h\u1ea7m, m\u00f3n n\u01b0\u1edbng, m\u00f3n chi\u00ean<\/p>\n<\/li>\n<li data-start=\"2206\" data-end=\"2266\">\n<p data-start=\"2208\" data-end=\"2266\">Pha c\u00f9ng d\u1ea7u oliu v\u00e0 gi\u1ea5m balsamic l\u00e0m n\u01b0\u1edbc s\u1ed1t tr\u1ed9n salad<\/p>\n<\/li>\n<\/ul>\n<p><img loading=\"lazy\" decoding=\"async\" class=\"aligncenter\" src=\"https:\/\/havamall.com\/wp-content\/uploads\/2025\/06\/Simple_Pasta_Hero_Desktop_2x.jpg\" alt=\"Simple Pasta with Lemon, Extra Virgin Olive Oil and Herbs | California Olive Ranch\" width=\"800\" height=\"483\" \/><\/p>\n<p data-start=\"2415\" data-end=\"2757\">Gia v\u1ecb \u0111\u01b0\u1ee3c l\u00e0m t\u1eeb\u00a0<strong data-start=\"2434\" data-end=\"2460\">100% th\u1ea3o m\u1ed9c t\u1ef1 nhi\u00ean<\/strong>,\u00a0<strong data-start=\"2462\" data-end=\"2490\">kh\u00f4ng ch\u1ee9a ch\u1ea5t b\u1ea3o qu\u1ea3n<\/strong>,\u00a0<strong data-start=\"2492\" data-end=\"2510\">kh\u00f4ng ph\u1ea9m m\u00e0u<\/strong>,\u00a0<strong data-start=\"2512\" data-end=\"2541\">kh\u00f4ng h\u01b0\u01a1ng li\u1ec7u t\u1ed5ng h\u1ee3p<\/strong>. Vi\u1ec7c s\u1eed d\u1ee5ng h\u1ed7n h\u1ee3p gia v\u1ecb gi\u00fap gi\u1ea3m nhu c\u1ea7u d\u00f9ng nhi\u1ec1u lo\u1ea1i gia v\u1ecb \u0111\u01a1n l\u1ebb, t\u1eeb \u0111\u00f3 g\u00f3p ph\u1ea7n\u00a0<strong data-start=\"2635\" data-end=\"2664\">gi\u1eef g\u00ecn s\u1ee9c kh\u1ecfe ti\u00eau h\u00f3a<\/strong>\u00a0v\u00e0\u00a0<strong data-start=\"2668\" data-end=\"2693\">gi\u1ea3m t\u1ea3i cho gan th\u1eadn<\/strong>. Th\u1ea3o m\u1ed9c c\u00f2n c\u00f3 \u0111\u1eb7c t\u00ednh kh\u00e1ng khu\u1ea9n nh\u1eb9, h\u1ed7 tr\u1ee3 h\u1ec7 mi\u1ec5n d\u1ecbch. S\u1ea3n ph\u1ea9m hi\u1ec7n \u0111\u00e3 c\u00f3 m\u1eb7t t\u1ea1i\u00a0<strong data-start=\"2791\" data-end=\"2803\">Havamall<\/strong>, cam k\u1ebft nh\u1eadp kh\u1ea9u ch\u00ednh ng\u1ea1ch, ch\u1ea5t l\u01b0\u1ee3ng chu\u1ea9n ch\u00e2u \u00c2u.<\/p>","protected":false},"excerpt":{"rendered":"<p>TH\u00d4NG TIN S\u1ea2N PH\u1ea8M Th\u01b0\u01a1ng hi\u1ec7u Atlas Garden Xu\u1ea5t X\u1ee9 \u0110\u1ee9c Th\u00e0nh ph\u1ea7n oregano, h\u00fang qu\u1ebf, h\u01b0\u01a1ng th\u1ea3o, c\u1ecf x\u1ea1<\/p>","protected":false},"featured_media":44578,"comment_status":"open","ping_status":"closed","template":"","meta":[],"product_brand":[],"product_cat":[595,682,154],"product_tag":[],"class_list":{"0":"post-39386","1":"product","2":"type-product","3":"status-publish","4":"has-post-thumbnail","6":"product_cat-gia-vi-va-che-bien","7":"product_cat-nhap-khau-duc","8":"product_cat-gia-vi","9":"pa_brand-atlas","11":"first","12":"outofstock","13":"sale","14":"shipping-taxable","15":"purchasable","16":"product-type-simple"},"_links":{"self":[{"href":"https:\/\/havamall.vn\/en\/wp-json\/wp\/v2\/product\/39386"}],"collection":[{"href":"https:\/\/havamall.vn\/en\/wp-json\/wp\/v2\/product"}],"about":[{"href":"https:\/\/havamall.vn\/en\/wp-json\/wp\/v2\/types\/product"}],"replies":[{"embeddable":true,"href":"https:\/\/havamall.vn\/en\/wp-json\/wp\/v2\/comments?post=39386"}],"version-history":[{"count":0,"href":"https:\/\/havamall.vn\/en\/wp-json\/wp\/v2\/product\/39386\/revisions"}],"wp:featuredmedia":[{"embeddable":true,"href":"https:\/\/havamall.vn\/en\/wp-json\/wp\/v2\/media\/44578"}],"wp:attachment":[{"href":"https:\/\/havamall.vn\/en\/wp-json\/wp\/v2\/media?parent=39386"}],"wp:term":[{"taxonomy":"product_brand","embeddable":true,"href":"https:\/\/havamall.vn\/en\/wp-json\/wp\/v2\/product_brand?post=39386"},{"taxonomy":"product_cat","embeddable":true,"href":"https:\/\/havamall.vn\/en\/wp-json\/wp\/v2\/product_cat?post=39386"},{"taxonomy":"product_tag","embeddable":true,"href":"https:\/\/havamall.vn\/en\/wp-json\/wp\/v2\/product_tag?post=39386"}],"curies":[{"name":"wp","href":"https:\/\/api.w.org\/{rel}","templated":true}]}}