{"id":39379,"date":"2025-06-10T11:34:44","date_gmt":"2025-06-10T04:34:44","guid":{"rendered":"https:\/\/havamall.vn\/?post_type=product&#038;p=39379"},"modified":"2026-03-17T15:42:44","modified_gmt":"2026-03-17T08:42:44","slug":"bot-tieu-atlas-garden-59g-atlas-garden-allspice-ground-59gr","status":"publish","type":"product","link":"https:\/\/havamall.vn\/en\/shop\/bot-tieu-atlas-garden-59g-atlas-garden-allspice-ground-59gr\/","title":{"rendered":"B\u1ed9t Ti\u00eau Atlas Garden 59g \u2013 Atlas Garden Allspice Ground 59gr"},"content":{"rendered":"<h3><strong>TH\u00d4NG TIN S\u1ea2N PH\u1ea8M<\/strong><\/h3>\n<table>\n<tbody>\n<tr>\n<td>Th\u01b0\u01a1ng hi\u1ec7u<\/td>\n<td>Atlas Garden<\/td>\n<\/tr>\n<tr>\n<td>Xu\u1ea5t X\u1ee9<\/td>\n<td>\u0110\u1ee9c<\/td>\n<\/tr>\n<tr>\n<td>Th\u00e0nh ph\u1ea7n<\/td>\n<td>\n<p data-start=\"1054\" data-end=\"1149\">100% qu\u1ea3 allspice kh\u00f4<\/p>\n<\/td>\n<\/tr>\n<tr>\n<td>H\u1ea1n s\u1eed d\u1ee5ng<\/td>\n<td>Xem tr\u00ean bao b\u00ec<\/td>\n<\/tr>\n<tr>\n<td>B\u1ea3o qu\u1ea3n<\/td>\n<td>N\u01a1i kh\u00f4 r\u00e1o, tho\u00e1ng m\u00e1t, tr\u00e1nh \u00e1nh n\u1eafng tr\u1ef1c ti\u1ebfp v\u00e0 nhi\u1ec7t \u0111\u1ed9 cao. \u0110\u00f3ng ch\u1eb7t n\u1eafp sau khi s\u1eed d\u1ee5ng.<\/td>\n<\/tr>\n<tr>\n<td>Kh\u1ed1i l\u01b0\u1ee3ng t\u1ecbnh<\/td>\n<td>59g<\/td>\n<\/tr>\n<\/tbody>\n<\/table>\n<h3><strong>GI\u1edaI THI\u1ec6U TH\u01af\u01a0NG HI\u1ec6U<\/strong><\/h3>\n<p data-start=\"183\" data-end=\"553\"><strong data-start=\"183\" data-end=\"199\">Atlas Garden<\/strong>\u00a0\u2013 th\u01b0\u01a1ng hi\u1ec7u gia v\u1ecb nh\u1eadp kh\u1ea9u t\u1eeb \u0110\u1ee9c, chuy\u00ean cung c\u1ea5p c\u00e1c lo\u1ea1i gia v\u1ecb nguy\u00ean ch\u1ea5t, kh\u00f4ng pha tr\u1ed9n, \u0111\u01b0\u1ee3c s\u1ea3n xu\u1ea5t theo ti\u00eau chu\u1ea9n ch\u1ea5t l\u01b0\u1ee3ng cao nh\u1ea5t t\u1ea1i ch\u00e2u \u00c2u. V\u1edbi m\u1ee5c ti\u00eau mang l\u1ea1i\u00a0<strong data-start=\"385\" data-end=\"421\">s\u1ef1 tinh g\u1ecdn \u2013 chu\u1ea9n v\u1ecb \u2013 an to\u00e0n<\/strong>, Atlas Garden \u0111\u1ed3ng h\u00e0nh c\u00f9ng ng\u01b0\u1eddi ti\u00eau d\u00f9ng trong vi\u1ec7c l\u00e0m n\u00ean nh\u1eefng m\u00f3n \u0103n \u0111\u1eadm \u0111\u00e0, phong ph\u00fa v\u00e0 \u0111\u1ea7y c\u1ea3m h\u1ee9ng t\u1eeb c\u0103n b\u1ebfp gia \u0111\u00ecnh.<\/p>\n<p data-start=\"183\" data-end=\"553\"><img fetchpriority=\"high\" decoding=\"async\" class=\"aligncenter wp-image-40252\" src=\"https:\/\/havamall.com\/wp-content\/uploads\/2025\/06\/493942044_1258217259644571_7163962914813370668_n.jpg\" alt=\"\" width=\"801\" height=\"475\" \/><\/p>\n<h3><strong>\u0110\u1eb6C \u0110I\u1ec2M S\u1ea2N PH\u1ea8M<\/strong><\/h3>\n<p data-start=\"602\" data-end=\"852\"><strong data-start=\"602\" data-end=\"645\">B\u1ed9t Ti\u00eau (Allspice Ground) Atlas Garden<\/strong>\u00a0l\u00e0 lo\u1ea1i gia v\u1ecb \u0111\u1eb7c bi\u1ec7t c\u00f3 ngu\u1ed3n g\u1ed1c t\u1eeb qu\u1ea3 c\u00e2y Pimenta dioica, th\u01b0\u1eddng \u0111\u01b0\u1ee3c g\u1ecdi l\u00e0\u00a0<strong data-start=\"729\" data-end=\"776\">\u201cti\u00eau ng\u1ecdt\u201d ho\u1eb7c \u201cgia v\u1ecb t\u1ed5ng h\u1ee3p t\u1ef1 nhi\u00ean\u201d<\/strong>, v\u00ec mang h\u01b0\u01a1ng th\u01a1m k\u1ebft h\u1ee3p c\u1ee7a qu\u1ebf, nh\u1ee5c \u0111\u1eadu kh\u1ea5u, \u0111inh h\u01b0\u01a1ng v\u00e0 h\u1ea1t ti\u00eau.<\/p>\n<ul data-start=\"854\" data-end=\"1093\">\n<li data-start=\"854\" data-end=\"917\">\n<p data-start=\"856\" data-end=\"917\">\u0110\u01b0\u1ee3c\u00a0<strong data-start=\"861\" data-end=\"900\">nghi\u1ec1n m\u1ecbn t\u1eeb 100% qu\u1ea3 allspice kh\u00f4<\/strong>, kh\u00f4ng pha t\u1ea1p<\/p>\n<\/li>\n<li data-start=\"918\" data-end=\"967\">\n<p data-start=\"920\" data-end=\"967\">H\u01b0\u01a1ng v\u1ecb \u0111\u1eb7c tr\u01b0ng, v\u1eeba \u1ea5m n\u1ed3ng, v\u1eeba ng\u1ecdt d\u1ecbu<\/p>\n<\/li>\n<li data-start=\"968\" data-end=\"1030\">\n<p data-start=\"970\" data-end=\"1030\">L\u00e0 gia v\u1ecb\u00a0<strong data-start=\"980\" data-end=\"991\">\u0111a n\u0103ng<\/strong>\u00a0trong c\u1ea3 m\u00f3n m\u1eb7n l\u1eabn m\u00f3n tr\u00e1ng mi\u1ec7ng<\/p>\n<\/li>\n<li data-start=\"1031\" data-end=\"1093\">\n<p data-start=\"1033\" data-end=\"1093\">Ph\u00f9 h\u1ee3p v\u1edbi\u00a0<strong data-start=\"1045\" data-end=\"1093\">c\u00e1c m\u00f3n \u00c2u, Trung \u0110\u00f4ng, Mexico, v\u00e0 Caribbean<\/strong><\/p>\n<\/li>\n<\/ul>\n<p><img decoding=\"async\" class=\"aligncenter\" src=\"https:\/\/havamall.com\/wp-content\/uploads\/2025\/06\/da01ae04047a3560449f1604c4d05be0c5c17982d7c3113c89060520b868ebea_12640a8b-95c3-42c6-b9d8-bd48de16fa5e.jpg\" alt=\"Organic Ground Allspice \u2013 The Spice Lab\" width=\"801\" height=\"801\" \/><\/p>\n<p data-start=\"1131\" data-end=\"1395\"><strong>Qu\u1ea3 allspice<\/strong>\u00a0\u0111\u01b0\u1ee3c thu ho\u1ea1ch khi ch\u01b0a ch\u00edn ho\u00e0n to\u00e0n, sau \u0111\u00f3\u00a0<strong data-start=\"1191\" data-end=\"1231\">ph\u01a1i kh\u00f4 t\u1ef1 nhi\u00ean v\u00e0 xay m\u1ecbn t\u1ea1i \u0110\u1ee9c<\/strong>\u00a0b\u1eb1ng c\u00f4ng ngh\u1ec7 ki\u1ec3m so\u00e1t nhi\u1ec7t, \u0111\u1ea3m b\u1ea3o gi\u1eef l\u1ea1i t\u1ed1i \u0111a l\u01b0\u1ee3ng tinh d\u1ea7u th\u01a1m v\u00e0 c\u00e1c h\u1ee3p ch\u1ea5t t\u1ea1o m\u00f9i \u0111\u1eb7c tr\u01b0ng. Kh\u00f4ng s\u1eed d\u1ee5ng ch\u1ea5t b\u1ea3o qu\u1ea3n ho\u1eb7c h\u01b0\u01a1ng li\u1ec7u nh\u00e2n t\u1ea1o.<\/p>\n<p data-start=\"1423\" data-end=\"1633\"><strong>Allspice<\/strong>\u00a0c\u00f3\u00a0<strong data-start=\"1435\" data-end=\"1468\">m\u00f9i th\u01a1m phong ph\u00fa v\u00e0 \u1ea5m n\u1ed3ng<\/strong>, l\u00e0 s\u1ef1 h\u00f2a quy\u1ec7n gi\u1eefa qu\u1ebf, \u0111inh h\u01b0\u01a1ng, nh\u1ee5c \u0111\u1eadu kh\u1ea5u v\u00e0 ti\u00eau \u0111en. V\u1ecb cay nh\u1eb9 nh\u01b0ng s\u00e2u, gi\u00fap t\u1ea1o chi\u1ec1u s\u00e2u cho m\u00f3n \u0103n m\u00e0 kh\u00f4ng c\u1ea7n ph\u1ed1i tr\u1ed9n nhi\u1ec1u lo\u1ea1i gia v\u1ecb kh\u00e1c.<\/p>\n<p data-start=\"1423\" data-end=\"1633\"><img decoding=\"async\" class=\"aligncenter\" src=\"https:\/\/havamall.com\/wp-content\/uploads\/2025\/06\/what-is-allspice-412.jpg\" alt=\"What is Allspice, Anyway? (Plus How to Use It) | The Kitchn\" width=\"800\" height=\"600\" \/><\/p>\n<h3><strong>C\u00d4NG D\u1ee4NG V\u00c0 L\u1ee2I \u00cdCH<\/strong><\/h3>\n<ul>\n<li data-start=\"1667\" data-end=\"1733\">D\u00f9ng cho c\u00e1c m\u00f3n\u00a0<strong data-start=\"1684\" data-end=\"1731\">\u01b0\u1edbp th\u1ecbt, h\u1ea7m, n\u01b0\u1edbng, s\u1ed1t BBQ, curry, chili<\/strong><\/li>\n<li data-start=\"1736\" data-end=\"1795\">K\u1ebft h\u1ee3p trong m\u00f3n\u00a0<strong data-start=\"1754\" data-end=\"1793\">b\u00e1nh quy, b\u00e1nh m\u00ec, s\u1ed1t t\u00e1o, pudding<\/strong><\/li>\n<li data-start=\"1798\" data-end=\"1873\">R\u1ea5t \u0111\u01b0\u1ee3c \u01b0a chu\u1ed9ng trong \u1ea9m th\u1ef1c\u00a0<strong data-start=\"1831\" data-end=\"1871\">Caribbean, Mexico, \u0110\u1ee9c v\u00e0 Trung \u0110\u00f4ng<\/strong><\/li>\n<li data-start=\"1876\" data-end=\"1974\">L\u00e0 nguy\u00ean li\u1ec7u ch\u1ee7 \u0111\u1ea1o trong nhi\u1ec1u c\u00f4ng th\u1ee9c\u00a0<strong data-start=\"1921\" data-end=\"1974\">seasoning rubs, sausages, v\u00e0 h\u1ed7n h\u1ee3p gia v\u1ecb n\u01b0\u1edbng<\/strong><\/li>\n<\/ul>\n<p data-start=\"2164\" data-end=\"2270\"><em>M\u1eb9o nh\u1ecf:\u00a0<\/em>Th\u00eam \u00bd th\u00eca c\u00e0 ph\u00ea b\u1ed9t ti\u00eau ng\u1ecdt v\u00e0o h\u1ed7n h\u1ee3p \u01b0\u1edbp th\u1ecbt b\u00f2 h\u1ea7m \u2013 m\u00f3n \u0103n s\u1ebd \u0111\u1eadm \u0111\u00e0 v\u00e0 th\u01a1m h\u01a1n h\u1eb3n!<\/p>\n<p data-start=\"2164\" data-end=\"2270\"><img loading=\"lazy\" decoding=\"async\" class=\"aligncenter\" src=\"https:\/\/www.applesfromny.com\/wp-content\/uploads\/2020\/10\/shutterstock_1017898369-Moroccan-Spiced-Beef-with-Apples.jpg\" alt=\"Moroccan Spiced Beef with Apples - New York Apple Association\" width=\"801\" height=\"534\" \/><\/p>\n<p data-start=\"2308\" data-end=\"2572\"><b><strong>Allspice<\/strong>\u00a0<\/b>ch\u1ee9a nhi\u1ec1u\u00a0<strong data-start=\"2151\" data-end=\"2215\">eugenol \u2013 ho\u1ea1t ch\u1ea5t c\u00f3 t\u00ednh kh\u00e1ng vi\u00eam, kh\u00e1ng khu\u1ea9n t\u1ef1 nhi\u00ean<\/strong>, gi\u00fap h\u1ed7 tr\u1ee3 ti\u00eau h\u00f3a, gi\u1ea3m \u0111\u1ea7y h\u01a1i, ch\u1ed1ng vi\u00eam kh\u1edbp nh\u1eb9 v\u00e0 l\u00e0m d\u1ecbu c\u01a1n \u0111au b\u1ee5ng. Ngo\u00e0i ra, h\u01b0\u01a1ng th\u01a1m \u0111\u1eb7c tr\u01b0ng c\u00f2n gi\u00fap\u00a0<strong data-start=\"2338\" data-end=\"2389\">gi\u1ea3m c\u0103ng th\u1eb3ng v\u00e0 t\u1ea1o c\u1ea3m gi\u00e1c \u1ea5m \u00e1p tinh th\u1ea7n<\/strong>\u00a0khi n\u1ea5u \u0103n. S\u1ea3n ph\u1ea9m hi\u1ec7n \u0111\u00e3 c\u00f3 m\u1eb7t t\u1ea1i\u00a0<strong data-start=\"2791\" data-end=\"2803\">Havamall<\/strong>, cam k\u1ebft nh\u1eadp kh\u1ea9u ch\u00ednh ng\u1ea1ch, ch\u1ea5t l\u01b0\u1ee3ng chu\u1ea9n ch\u00e2u \u00c2u.<\/p>","protected":false},"excerpt":{"rendered":"<p>TH\u00d4NG TIN S\u1ea2N PH\u1ea8M Th\u01b0\u01a1ng hi\u1ec7u Atlas Garden Xu\u1ea5t X\u1ee9 \u0110\u1ee9c Th\u00e0nh ph\u1ea7n 100% qu\u1ea3 allspice kh\u00f4 H\u1ea1n s\u1eed d\u1ee5ng<\/p>","protected":false},"featured_media":44605,"comment_status":"open","ping_status":"closed","template":"","meta":[],"product_brand":[],"product_cat":[595,682,154],"product_tag":[],"class_list":{"0":"post-39379","1":"product","2":"type-product","3":"status-publish","4":"has-post-thumbnail","6":"product_cat-gia-vi-va-che-bien","7":"product_cat-nhap-khau-duc","8":"product_cat-gia-vi","9":"pa_brand-atlas","11":"first","12":"instock","13":"sale","14":"shipping-taxable","15":"purchasable","16":"product-type-simple"},"_links":{"self":[{"href":"https:\/\/havamall.vn\/en\/wp-json\/wp\/v2\/product\/39379"}],"collection":[{"href":"https:\/\/havamall.vn\/en\/wp-json\/wp\/v2\/product"}],"about":[{"href":"https:\/\/havamall.vn\/en\/wp-json\/wp\/v2\/types\/product"}],"replies":[{"embeddable":true,"href":"https:\/\/havamall.vn\/en\/wp-json\/wp\/v2\/comments?post=39379"}],"version-history":[{"count":0,"href":"https:\/\/havamall.vn\/en\/wp-json\/wp\/v2\/product\/39379\/revisions"}],"wp:featuredmedia":[{"embeddable":true,"href":"https:\/\/havamall.vn\/en\/wp-json\/wp\/v2\/media\/44605"}],"wp:attachment":[{"href":"https:\/\/havamall.vn\/en\/wp-json\/wp\/v2\/media?parent=39379"}],"wp:term":[{"taxonomy":"product_brand","embeddable":true,"href":"https:\/\/havamall.vn\/en\/wp-json\/wp\/v2\/product_brand?post=39379"},{"taxonomy":"product_cat","embeddable":true,"href":"https:\/\/havamall.vn\/en\/wp-json\/wp\/v2\/product_cat?post=39379"},{"taxonomy":"product_tag","embeddable":true,"href":"https:\/\/havamall.vn\/en\/wp-json\/wp\/v2\/product_tag?post=39379"}],"curies":[{"name":"wp","href":"https:\/\/api.w.org\/{rel}","templated":true}]}}