{"id":39375,"date":"2025-06-10T11:31:47","date_gmt":"2025-06-10T04:31:47","guid":{"rendered":"https:\/\/havamall.vn\/?post_type=product&#038;p=39375"},"modified":"2026-03-17T16:02:35","modified_gmt":"2026-03-17T09:02:35","slug":"la-ngo-tay-atlas-garden-14g-atlas-garden-parsley-leaves-14gr","status":"publish","type":"product","link":"https:\/\/havamall.vn\/en\/shop\/la-ngo-tay-atlas-garden-14g-atlas-garden-parsley-leaves-14gr\/","title":{"rendered":"L\u00e1 Ng\u00f2 T\u00e2y Atlas Garden 14g \u2013 Atlas Garden Parsley Leaves 14gr"},"content":{"rendered":"<h3><strong>TH\u00d4NG TIN S\u1ea2N PH\u1ea8M<\/strong><\/h3>\n<table>\n<tbody>\n<tr>\n<td>Th\u01b0\u01a1ng hi\u1ec7u<\/td>\n<td>Atlas Garden<\/td>\n<\/tr>\n<tr>\n<td>Xu\u1ea5t X\u1ee9<\/td>\n<td>\u0110\u1ee9c<\/td>\n<\/tr>\n<tr>\n<td>Th\u00e0nh ph\u1ea7n<\/td>\n<td>\n<p data-start=\"1054\" data-end=\"1149\">100% l\u00e1 ng\u00f2 t\u00e2y t\u1ef1 nhi\u00ean<\/p>\n<\/td>\n<\/tr>\n<tr>\n<td>H\u1ea1n s\u1eed d\u1ee5ng<\/td>\n<td>Xem tr\u00ean bao b\u00ec<\/td>\n<\/tr>\n<tr>\n<td>B\u1ea3o qu\u1ea3n<\/td>\n<td>N\u01a1i kh\u00f4 r\u00e1o, tho\u00e1ng m\u00e1t, tr\u00e1nh \u00e1nh n\u1eafng tr\u1ef1c ti\u1ebfp v\u00e0 nhi\u1ec7t \u0111\u1ed9 cao. \u0110\u00f3ng ch\u1eb7t n\u1eafp sau khi s\u1eed d\u1ee5ng.<\/td>\n<\/tr>\n<tr>\n<td>Kh\u1ed1i l\u01b0\u1ee3ng t\u1ecbnh<\/td>\n<td>14g<\/td>\n<\/tr>\n<\/tbody>\n<\/table>\n<h3><strong>GI\u1edaI THI\u1ec6U TH\u01af\u01a0NG HI\u1ec6U<\/strong><\/h3>\n<p data-start=\"184\" data-end=\"529\"><strong data-start=\"184\" data-end=\"200\">Atlas Garden<\/strong>\u00a0l\u00e0 th\u01b0\u01a1ng hi\u1ec7u gia v\u1ecb nh\u1eadp kh\u1ea9u t\u1eeb \u0110\u1ee9c, chuy\u00ean cung c\u1ea5p c\u00e1c lo\u1ea1i th\u1ea3o m\u1ed9c v\u00e0 gia v\u1ecb nguy\u00ean b\u1ea3n, \u0111\u01b0\u1ee3c tuy\u1ec3n ch\u1ecdn k\u1ef9 l\u01b0\u1ee1ng t\u1eeb c\u00e1c v\u00f9ng nguy\u00ean li\u1ec7u \u0111\u1ea1t ti\u00eau chu\u1ea9n cao tr\u00ean to\u00e0n th\u1ebf gi\u1edbi. V\u1edbi cam k\u1ebft\u00a0<strong data-start=\"397\" data-end=\"429\">100% t\u1ef1 nhi\u00ean, kh\u00f4ng ph\u1ee5 gia<\/strong>, Atlas Garden mang \u0111\u1ebfn tr\u1ea3i nghi\u1ec7m \u1ea9m th\u1ef1c l\u00e0nh m\u1ea1nh, tinh t\u1ebf v\u00e0 chu\u1ea9n v\u1ecb cho m\u1ecdi c\u0103n b\u1ebfp hi\u1ec7n \u0111\u1ea1i.<\/p>\n<p data-start=\"184\" data-end=\"529\"><img fetchpriority=\"high\" decoding=\"async\" class=\"aligncenter size-full wp-image-39333\" src=\"https:\/\/havamall.com\/wp-content\/uploads\/2025\/06\/Atlas-Logo-1.png\" alt=\"\" width=\"800\" height=\"420\" srcset=\"https:\/\/havamall.vn\/wp-content\/uploads\/2025\/06\/Atlas-Logo-1.png 800w, https:\/\/havamall.vn\/wp-content\/uploads\/2025\/06\/Atlas-Logo-1-400x210.png 400w, https:\/\/havamall.vn\/wp-content\/uploads\/2025\/06\/Atlas-Logo-1-768x403.png 768w, https:\/\/havamall.vn\/wp-content\/uploads\/2025\/06\/Atlas-Logo-1-18x9.png 18w, https:\/\/havamall.vn\/wp-content\/uploads\/2025\/06\/Atlas-Logo-1-430x226.png 430w, https:\/\/havamall.vn\/wp-content\/uploads\/2025\/06\/Atlas-Logo-1-700x368.png 700w, https:\/\/havamall.vn\/wp-content\/uploads\/2025\/06\/Atlas-Logo-1-150x79.png 150w\" sizes=\"(max-width: 800px) 100vw, 800px\" \/><\/p>\n<h3><strong>\u0110\u1eb6C \u0110I\u1ec2M S\u1ea2N PH\u1ea8M<\/strong><\/h3>\n<p data-start=\"578\" data-end=\"731\"><strong data-start=\"578\" data-end=\"605\">L\u00e1 Ng\u00f2 T\u00e2y Atlas Garden<\/strong>\u00a0(Parsley Leaves) l\u00e0 lo\u1ea1i th\u1ea3o m\u1ed9c s\u1ea5y kh\u00f4 \u0111\u01b0\u1ee3c s\u1eed d\u1ee5ng ph\u1ed5 bi\u1ebfn trong \u1ea9m th\u1ef1c ch\u00e2u \u00c2u, \u0111\u1eb7c bi\u1ec7t l\u00e0 \u00dd, Ph\u00e1p v\u00e0 \u0110\u1ecba Trung H\u1ea3i.<\/p>\n<ul data-start=\"733\" data-end=\"955\">\n<li data-start=\"733\" data-end=\"809\">\n<p data-start=\"735\" data-end=\"809\"><strong data-start=\"735\" data-end=\"763\">100% l\u00e1 ng\u00f2 t\u00e2y t\u1ef1 nhi\u00ean<\/strong>, \u0111\u01b0\u1ee3c c\u1eaft nh\u1ecf v\u00e0 s\u1ea5y l\u1ea1nh gi\u1eef m\u00e0u xanh t\u01b0\u01a1i<\/p>\n<\/li>\n<li data-start=\"810\" data-end=\"855\">\n<p data-start=\"812\" data-end=\"855\">M\u00f9i th\u01a1m\u00a0<strong data-start=\"821\" data-end=\"853\">thanh nh\u1eb9, h\u01a1i ng\u1ecdt, d\u1ec5 ch\u1ecbu<\/strong><\/p>\n<\/li>\n<li data-start=\"856\" data-end=\"908\">\n<p data-start=\"858\" data-end=\"908\">Ph\u00f9 h\u1ee3p cho nhi\u1ec1u m\u00f3n \u0103n: t\u1eeb m\u00f3n \u00c2u \u0111\u1ebfn m\u00f3n Vi\u1ec7t<\/p>\n<\/li>\n<li data-start=\"909\" data-end=\"955\">\n<p data-start=\"911\" data-end=\"955\">D\u00f9ng \u0111\u01b0\u1ee3c nh\u01b0\u00a0<strong data-start=\"925\" data-end=\"955\">gia v\u1ecb v\u00e0 trang tr\u00ed m\u00f3n \u0103n<\/strong><\/p>\n<\/li>\n<\/ul>\n<p><img decoding=\"async\" class=\"aligncenter\" src=\"https:\/\/havamall.com\/wp-content\/uploads\/2025\/06\/dry-parsley-spice-with-wooden-spoon-in-wooden-bowl-homegrown-herbs-and-spices-for-cooking-fresh-dried-aromatic-natural-food-ingredients-copy-space-photo.jpg\" alt=\"Dry parsley spice with wooden spoon in wooden bowl. Homegrown herbs and spices for cooking. Fresh dried aromatic natural food ingredients. Copy space 46740659 Stock Photo at Vecteezy\" width=\"801\" height=\"534\" \/><\/p>\n<p data-start=\"993\" data-end=\"1232\">L\u00e1 ng\u00f2 t\u00e2y \u0111\u01b0\u1ee3c\u00a0<strong data-start=\"1009\" data-end=\"1035\">thu ho\u1ea1ch l\u00fac t\u01b0\u01a1i non<\/strong>, sau \u0111\u00f3 x\u1eed l\u00fd b\u1eb1ng ph\u01b0\u01a1ng ph\u00e1p\u00a0<strong data-start=\"1067\" data-end=\"1096\">s\u1ea5y l\u1ea1nh hi\u1ec7n \u0111\u1ea1i t\u1ea1i \u0110\u1ee9c<\/strong>\u00a0\u0111\u1ec3 gi\u1eef l\u1ea1i t\u1ed1i \u0111a m\u00e0u s\u1eafc, h\u01b0\u01a1ng th\u01a1m v\u00e0 h\u00e0m l\u01b0\u1ee3ng tinh d\u1ea7u t\u1ef1 nhi\u00ean. Kh\u00f4ng qua x\u1eed l\u00fd h\u00f3a h\u1ecdc,\u00a0<strong data-start=\"1192\" data-end=\"1231\">kh\u00f4ng ch\u1ea5t b\u1ea3o qu\u1ea3n, kh\u00f4ng ph\u1ea9m m\u00e0u<\/strong>.<\/p>\n<p data-start=\"1260\" data-end=\"1512\">L\u00e1 ng\u00f2 t\u00e2y s\u1ea5y kh\u00f4 c\u00f3\u00a0<strong data-start=\"1282\" data-end=\"1315\">h\u01b0\u01a1ng th\u01a1m d\u1ecbu m\u00e1t, kh\u00f4ng g\u1eaft<\/strong>, mang l\u1ea1i c\u1ea3m gi\u00e1c thanh khi\u1ebft v\u00e0 l\u00e0m n\u1ed5i b\u1eadt h\u01b0\u01a1ng v\u1ecb c\u1ee7a nguy\u00ean li\u1ec7u ch\u00ednh trong m\u00f3n \u0103n. \u0110\u00e2y l\u00e0 lo\u1ea1i gia v\u1ecb\u00a0<strong data-start=\"1426\" data-end=\"1454\">l\u00e0m n\u1ec1n h\u01b0\u01a1ng v\u1ecb r\u1ea5t t\u1ed1t<\/strong>, kh\u00f4ng l\u1ea5n \u00e1t nh\u01b0ng v\u1eabn g\u00f3p ph\u1ea7n l\u00e0m m\u00f3n \u0103n th\u00eam tr\u00f2n v\u1ecb.<\/p>\n<p data-start=\"1260\" data-end=\"1512\"><img decoding=\"async\" class=\"aligncenter\" src=\"https:\/\/havamall.com\/wp-content\/uploads\/2025\/06\/GettyImages-1923062478-how-to-dry-herbs-JVedit.jpg\" alt=\"How to Dry Herbs - 4 Methods for Drying Herbs at Home\" width=\"801\" height=\"534\" \/><\/p>\n<h3><strong>C\u00d4NG D\u1ee4NG V\u00c0 L\u1ee2I \u00cdCH<\/strong><\/h3>\n<ul data-start=\"1544\" data-end=\"1833\">\n<li data-start=\"1544\" data-end=\"1616\">\n<p data-start=\"1546\" data-end=\"1616\">R\u1eafc tr\u1ef1c ti\u1ebfp l\u00ean\u00a0<strong data-start=\"1564\" data-end=\"1614\">m\u00ec \u00dd, s\u00fap, salad, tr\u1ee9ng chi\u00ean, khoai t\u00e2y n\u01b0\u1edbng<\/strong><\/p>\n<\/li>\n<li data-start=\"1617\" data-end=\"1685\">\n<p data-start=\"1619\" data-end=\"1685\">D\u00f9ng trong\u00a0<strong data-start=\"1630\" data-end=\"1683\">n\u01b0\u1edbc s\u1ed1t, m\u00f3n h\u1ea7m, n\u01b0\u1edbc d\u00f9ng, s\u1ed1t kem, s\u1ed1t b\u01a1 t\u1ecfi<\/strong><\/p>\n<\/li>\n<li data-start=\"1686\" data-end=\"1753\">\n<p data-start=\"1688\" data-end=\"1753\">Trang tr\u00ed c\u00e1c m\u00f3n\u00a0<strong data-start=\"1706\" data-end=\"1751\">t\u00e2y, m\u00f3n chay, m\u00f3n khai v\u1ecb ho\u1eb7c m\u00f3n n\u01b0\u1edbng<\/strong><\/p>\n<\/li>\n<li data-start=\"1754\" data-end=\"1833\">\n<p data-start=\"1756\" data-end=\"1833\">C\u00f3 th\u1ec3 k\u1ebft h\u1ee3p v\u1edbi c\u00e1c lo\u1ea1i gia v\u1ecb kh\u00e1c nh\u01b0\u00a0<strong data-start=\"1800\" data-end=\"1833\">oregano, h\u00fang qu\u1ebf, h\u01b0\u01a1ng th\u1ea3o<\/strong><\/p>\n<\/li>\n<\/ul>\n<p data-start=\"2164\" data-end=\"2270\"><em>M\u1eb9o nh\u1ecf:\u00a0<\/em>Rang s\u01a1 b\u1ed9t paprika v\u1edbi d\u1ea7u ho\u1eb7c b\u01a1 s\u1ebd gi\u00fap h\u01b0\u01a1ng th\u01a1m lan t\u1ecfa r\u00f5 r\u1ec7t h\u01a1n!<\/p>\n<p data-start=\"2164\" data-end=\"2270\"><img loading=\"lazy\" decoding=\"async\" class=\"aligncenter\" src=\"https:\/\/havamall.com\/wp-content\/uploads\/2025\/06\/what-to-eat-with-scrambled-eggs-11.jpg\" alt=\"What to Eat With Scrambled Eggs? 19 Delicious Ideas - Live Simply\" width=\"801\" height=\"1202\" \/><\/p>\n<p data-start=\"1971\" data-end=\"2187\">Ng\u00f2 t\u00e2y ch\u1ee9a nhi\u1ec1u\u00a0<strong data-start=\"1990\" data-end=\"2031\">vitamin A, C, K v\u00e0 ch\u1ea5t ch\u1ed1ng oxy h\u00f3a<\/strong>, h\u1ed7 tr\u1ee3 t\u0103ng c\u01b0\u1eddng h\u1ec7 mi\u1ec5n d\u1ecbch, l\u00e0m \u0111\u1eb9p da, t\u1ed1t cho x\u01b0\u01a1ng kh\u1edbp v\u00e0 tim m\u1ea1ch. \u0110\u1ed3ng th\u1eddi, ng\u00f2 t\u00e2y c\u00f2n gi\u00fap\u00a0<strong data-start=\"2137\" data-end=\"2186\">thanh l\u1ecdc c\u01a1 th\u1ec3 v\u00e0 l\u00e0m th\u01a1m h\u01a1i th\u1edf t\u1ef1 nhi\u00ean<\/strong>. S\u1ea3n ph\u1ea9m hi\u1ec7n \u0111\u00e3 c\u00f3 m\u1eb7t t\u1ea1i\u00a0<strong data-start=\"2791\" data-end=\"2803\">Havamall<\/strong>, cam k\u1ebft nh\u1eadp kh\u1ea9u ch\u00ednh ng\u1ea1ch, ch\u1ea5t l\u01b0\u1ee3ng chu\u1ea9n ch\u00e2u \u00c2u.<\/p>","protected":false},"excerpt":{"rendered":"<p>TH\u00d4NG TIN S\u1ea2N PH\u1ea8M Th\u01b0\u01a1ng hi\u1ec7u Atlas Garden Xu\u1ea5t X\u1ee9 \u0110\u1ee9c Th\u00e0nh ph\u1ea7n 100% l\u00e1 ng\u00f2 t\u00e2y t\u1ef1 nhi\u00ean H\u1ea1n<\/p>","protected":false},"featured_media":44608,"comment_status":"open","ping_status":"closed","template":"","meta":[],"product_brand":[],"product_cat":[595,682,154],"product_tag":[],"class_list":{"0":"post-39375","1":"product","2":"type-product","3":"status-publish","4":"has-post-thumbnail","6":"product_cat-gia-vi-va-che-bien","7":"product_cat-nhap-khau-duc","8":"product_cat-gia-vi","9":"pa_brand-atlas","11":"first","12":"instock","13":"sale","14":"shipping-taxable","15":"purchasable","16":"product-type-simple"},"_links":{"self":[{"href":"https:\/\/havamall.vn\/en\/wp-json\/wp\/v2\/product\/39375"}],"collection":[{"href":"https:\/\/havamall.vn\/en\/wp-json\/wp\/v2\/product"}],"about":[{"href":"https:\/\/havamall.vn\/en\/wp-json\/wp\/v2\/types\/product"}],"replies":[{"embeddable":true,"href":"https:\/\/havamall.vn\/en\/wp-json\/wp\/v2\/comments?post=39375"}],"version-history":[{"count":0,"href":"https:\/\/havamall.vn\/en\/wp-json\/wp\/v2\/product\/39375\/revisions"}],"wp:featuredmedia":[{"embeddable":true,"href":"https:\/\/havamall.vn\/en\/wp-json\/wp\/v2\/media\/44608"}],"wp:attachment":[{"href":"https:\/\/havamall.vn\/en\/wp-json\/wp\/v2\/media?parent=39375"}],"wp:term":[{"taxonomy":"product_brand","embeddable":true,"href":"https:\/\/havamall.vn\/en\/wp-json\/wp\/v2\/product_brand?post=39375"},{"taxonomy":"product_cat","embeddable":true,"href":"https:\/\/havamall.vn\/en\/wp-json\/wp\/v2\/product_cat?post=39375"},{"taxonomy":"product_tag","embeddable":true,"href":"https:\/\/havamall.vn\/en\/wp-json\/wp\/v2\/product_tag?post=39375"}],"curies":[{"name":"wp","href":"https:\/\/api.w.org\/{rel}","templated":true}]}}