{"id":39371,"date":"2025-06-10T11:28:31","date_gmt":"2025-06-10T04:28:31","guid":{"rendered":"https:\/\/havamall.vn\/?post_type=product&#038;p=39371"},"modified":"2026-03-17T16:11:01","modified_gmt":"2026-03-17T09:11:01","slug":"bot-toi-atlas-garden-61g-atlas-garden-garlic-powder-61gr","status":"publish","type":"product","link":"https:\/\/havamall.vn\/en\/shop\/bot-toi-atlas-garden-61g-atlas-garden-garlic-powder-61gr\/","title":{"rendered":"B\u1ed9t T\u1ecfi Atlas Garden 61g \u2013 Atlas Garden Garlic Powder 61gr"},"content":{"rendered":"<h3><strong>TH\u00d4NG TIN S\u1ea2N PH\u1ea8M<\/strong><\/h3>\n<table>\n<tbody>\n<tr>\n<td>Th\u01b0\u01a1ng hi\u1ec7u<\/td>\n<td>Atlas Garden<\/td>\n<\/tr>\n<tr>\n<td>Xu\u1ea5t X\u1ee9<\/td>\n<td>\u0110\u1ee9c<\/td>\n<\/tr>\n<tr>\n<td>Th\u00e0nh ph\u1ea7n<\/td>\n<td>\n<p data-start=\"1054\" data-end=\"1149\"><strong data-start=\"751\" data-end=\"786\">100% t\u1eeb t\u1ecfi t\u1ef1 nhi\u00ean<\/strong>, kh\u00f4ng ch\u1ea5t b\u1ea3o qu\u1ea3n<\/p>\n<\/td>\n<\/tr>\n<tr>\n<td>H\u1ea1n s\u1eed d\u1ee5ng<\/td>\n<td>Xem tr\u00ean bao b\u00ec<\/td>\n<\/tr>\n<tr>\n<td>B\u1ea3o qu\u1ea3n<\/td>\n<td>N\u01a1i kh\u00f4 r\u00e1o, tho\u00e1ng m\u00e1t, tr\u00e1nh \u00e1nh n\u1eafng tr\u1ef1c ti\u1ebfp v\u00e0 nhi\u1ec7t \u0111\u1ed9 cao. \u0110\u00f3ng ch\u1eb7t n\u1eafp sau khi s\u1eed d\u1ee5ng.<\/td>\n<\/tr>\n<tr>\n<td>Kh\u1ed1i l\u01b0\u1ee3ng t\u1ecbnh<\/td>\n<td>61g<\/td>\n<\/tr>\n<\/tbody>\n<\/table>\n<h3><strong>GI\u1edaI THI\u1ec6U TH\u01af\u01a0NG HI\u1ec6U<\/strong><\/h3>\n<p data-start=\"180\" data-end=\"517\"><strong data-start=\"180\" data-end=\"196\">Atlas Garden<\/strong>\u00a0l\u00e0 th\u01b0\u01a1ng hi\u1ec7u gia v\u1ecb cao c\u1ea5p \u0111\u1ebfn t\u1eeb \u0110\u1ee9c, chuy\u00ean cung c\u1ea5p c\u00e1c lo\u1ea1i gia v\u1ecb v\u00e0 th\u1ea3o m\u1ed9c \u0111\u01b0\u1ee3c tuy\u1ec3n ch\u1ecdn kh\u1eaft khe t\u1eeb nh\u1eefng v\u00f9ng nguy\u00ean li\u1ec7u n\u1ed5i ti\u1ebfng to\u00e0n c\u1ea7u. V\u1edbi tri\u1ebft l\u00fd\u00a0<strong data-start=\"367\" data-end=\"404\">nguy\u00ean b\u1ea3n \u2013 t\u1ef1 nhi\u00ean \u2013 ti\u1ec7n d\u1ee5ng<\/strong>, Atlas Garden mong mu\u1ed1n \u0111\u1ed3ng h\u00e0nh c\u00f9ng b\u1ea1n trong vi\u1ec7c t\u1ea1o n\u00ean nh\u1eefng m\u00f3n \u0103n ngon, l\u00e0nh m\u1ea1nh v\u00e0 chu\u1ea9n v\u1ecb m\u1ed7i ng\u00e0y.<\/p>\n<p data-start=\"180\" data-end=\"517\"><img fetchpriority=\"high\" decoding=\"async\" class=\"aligncenter wp-image-39314\" src=\"https:\/\/havamall.com\/wp-content\/uploads\/2025\/06\/493942044_1258217259644571_7163962914813370668_n.jpg\" alt=\"\" width=\"802\" height=\"476\" srcset=\"https:\/\/havamall.vn\/wp-content\/uploads\/2025\/06\/493942044_1258217259644571_7163962914813370668_n.jpg 2000w, https:\/\/havamall.vn\/wp-content\/uploads\/2025\/06\/493942044_1258217259644571_7163962914813370668_n-400x237.jpg 400w, https:\/\/havamall.vn\/wp-content\/uploads\/2025\/06\/493942044_1258217259644571_7163962914813370668_n-1300x771.jpg 1300w, https:\/\/havamall.vn\/wp-content\/uploads\/2025\/06\/493942044_1258217259644571_7163962914813370668_n-768x455.jpg 768w, https:\/\/havamall.vn\/wp-content\/uploads\/2025\/06\/493942044_1258217259644571_7163962914813370668_n-1536x911.jpg 1536w, https:\/\/havamall.vn\/wp-content\/uploads\/2025\/06\/493942044_1258217259644571_7163962914813370668_n-18x12.jpg 18w, https:\/\/havamall.vn\/wp-content\/uploads\/2025\/06\/493942044_1258217259644571_7163962914813370668_n-430x255.jpg 430w, https:\/\/havamall.vn\/wp-content\/uploads\/2025\/06\/493942044_1258217259644571_7163962914813370668_n-700x415.jpg 700w, https:\/\/havamall.vn\/wp-content\/uploads\/2025\/06\/493942044_1258217259644571_7163962914813370668_n-150x89.jpg 150w\" sizes=\"(max-width: 802px) 100vw, 802px\" \/><\/p>\n<h3><strong>\u0110\u1eb6C \u0110I\u1ec2M S\u1ea2N PH\u1ea8M<\/strong><\/h3>\n<p data-start=\"566\" data-end=\"747\"><strong data-start=\"566\" data-end=\"590\">B\u1ed9t T\u1ecfi Atlas Garden<\/strong>\u00a0\u0111\u01b0\u1ee3c l\u00e0m t\u1eeb 100% c\u1ee7 t\u1ecfi t\u01b0\u01a1i, s\u1ea5y kh\u00f4 v\u00e0 nghi\u1ec1n m\u1ecbn, l\u00e0 l\u1ef1a ch\u1ecdn tuy\u1ec7t v\u1eddi \u0111\u1ec3 thay th\u1ebf t\u1ecfi t\u01b0\u01a1i khi b\u1ea1n c\u1ea7n s\u1ef1 nhanh g\u1ecdn m\u00e0 v\u1eabn gi\u1eef \u0111\u01b0\u1ee3c h\u01b0\u01a1ng v\u1ecb \u0111\u1eb7c tr\u01b0ng.<\/p>\n<ul data-start=\"749\" data-end=\"994\">\n<li data-start=\"749\" data-end=\"809\">\n<p data-start=\"751\" data-end=\"809\"><strong data-start=\"751\" data-end=\"786\">Tinh khi\u1ebft 100% t\u1eeb t\u1ecfi t\u1ef1 nhi\u00ean<\/strong>, kh\u00f4ng ch\u1ea5t b\u1ea3o qu\u1ea3n<\/p>\n<\/li>\n<li data-start=\"810\" data-end=\"850\">\n<p data-start=\"812\" data-end=\"850\">B\u1ed9t m\u1ecbn, th\u01a1m, ti\u1ec7n l\u1ee3i, d\u1ec5 b\u1ea3o qu\u1ea3n<\/p>\n<\/li>\n<li data-start=\"851\" data-end=\"915\">\n<p data-start=\"853\" data-end=\"915\">Gi\u00fap ti\u1ebft ki\u1ec7m th\u1eddi gian s\u01a1 ch\u1ebf m\u00e0 v\u1eabn \u0111\u1ea3m b\u1ea3o v\u1ecb t\u1ecfi \u0111\u1eadm \u0111\u00e0<\/p>\n<\/li>\n<li data-start=\"916\" data-end=\"994\">\n<p data-start=\"918\" data-end=\"994\">Ph\u00f9 h\u1ee3p v\u1edbi c\u1ea3 m\u00f3n \u00c1 v\u00e0 \u00c2u, t\u1eeb n\u1ea5u \u0103n h\u00e0ng ng\u00e0y \u0111\u1ebfn c\u00e1c m\u00f3n n\u01b0\u1edbng, n\u01b0\u1edbc ch\u1ea5m<\/p>\n<\/li>\n<\/ul>\n<p><img decoding=\"async\" class=\"aligncenter\" src=\"https:\/\/havamall.com\/wp-content\/uploads\/2025\/06\/e649475f136355fc68701b8e3ea5ed4e2bd18a9c55ebf92c97910a572486b65d_776bfc4a-4893-45b1-8452-3dbad655fbba.jpg\" alt=\"Garlic (Granulated) \u2013 The Spice Lab\" width=\"800\" height=\"800\" \/><\/p>\n<p data-start=\"1032\" data-end=\"1295\">T\u1ecfi t\u01b0\u01a1i \u0111\u01b0\u1ee3c\u00a0<strong data-start=\"1046\" data-end=\"1081\">l\u1ed9t v\u1ecf, s\u1ea5y kh\u00f4 \u1edf nhi\u1ec7t \u0111\u1ed9 th\u1ea5p<\/strong>\u00a0\u0111\u1ec3 gi\u1eef nguy\u00ean m\u00f9i th\u01a1m v\u00e0 d\u01b0\u1ee1ng ch\u1ea5t, sau \u0111\u00f3\u00a0<strong data-start=\"1127\" data-end=\"1158\">xay m\u1ecbn v\u00e0 \u0111\u00f3ng g\u00f3i t\u1ea1i \u0110\u1ee9c<\/strong>\u00a0theo ti\u00eau chu\u1ea9n ch\u00e2u \u00c2u. S\u1ea3n ph\u1ea9m\u00a0<strong data-start=\"1193\" data-end=\"1247\">kh\u00f4ng ch\u1ee9a ch\u1ea5t ph\u1ee5 gia, kh\u00f4ng h\u01b0\u01a1ng li\u1ec7u t\u1ed5ng h\u1ee3p<\/strong>, \u0111\u1ea3m b\u1ea3o an to\u00e0n tuy\u1ec7t \u0111\u1ed1i cho ng\u01b0\u1eddi ti\u00eau d\u00f9ng.<\/p>\n<p data-start=\"1323\" data-end=\"1536\">B\u1ed9t t\u1ecfi c\u00f3\u00a0<strong data-start=\"1334\" data-end=\"1376\">m\u00f9i th\u01a1m \u0111\u1eb7c tr\u01b0ng, n\u1ed3ng nh\u1eb9, ng\u1ecdt h\u1eadu<\/strong>, gi\u00fap t\u0103ng chi\u1ec1u s\u00e2u v\u00e0 \u0111\u1ed9 \u0111\u1eadm \u0111\u00e0 cho m\u00f3n \u0103n. V\u1ecb t\u1ecfi sau khi s\u1ea5y v\u00e0 nghi\u1ec1n m\u1ecbn kh\u00f4ng qu\u00e1 g\u1eaft nh\u01b0 t\u1ecfi t\u01b0\u01a1i, d\u1ec5 ch\u1ecbu v\u00e0 h\u00f2a quy\u1ec7n t\u1ed1t v\u00e0o th\u1ef1c ph\u1ea9m khi ch\u1ebf bi\u1ebfn.<\/p>\n<p data-start=\"1323\" data-end=\"1536\"><img decoding=\"async\" class=\"aligncenter\" src=\"https:\/\/havamall.com\/wp-content\/uploads\/2025\/06\/91ARWmFYWL.jpg\" alt=\"Garlic powder (500 g), ground garlic, 100% natural from gently dried garlic, naturally without additives, vegan : Amazon.de: Grocery\" width=\"800\" height=\"800\" \/><\/p>\n<h3><strong>C\u00d4NG D\u1ee4NG V\u00c0 L\u1ee2I \u00cdCH<\/strong><\/h3>\n<ul data-start=\"1568\" data-end=\"1877\">\n<li data-start=\"1568\" data-end=\"1636\">\n<p data-start=\"1570\" data-end=\"1636\">D\u00f9ng \u0111\u1ec3\u00a0<strong data-start=\"1578\" data-end=\"1608\">\u01b0\u1edbp th\u1ecbt, h\u1ea3i s\u1ea3n, \u0111\u1eadu ph\u1ee5<\/strong>, n\u00eam s\u00fap, n\u01b0\u1edbc d\u00f9ng, canh<\/p>\n<\/li>\n<li data-start=\"1637\" data-end=\"1699\">\n<p data-start=\"1639\" data-end=\"1699\">R\u1eafc l\u00ean khoai t\u00e2y chi\u00ean, b\u1eafp rang b\u01a1, snack, c\u00e1c m\u00f3n n\u01b0\u1edbng<\/p>\n<\/li>\n<li data-start=\"1700\" data-end=\"1777\">\n<p data-start=\"1702\" data-end=\"1777\">K\u1ebft h\u1ee3p trong c\u00e1c lo\u1ea1i s\u1ed1t nh\u01b0\u00a0<strong data-start=\"1733\" data-end=\"1775\">s\u1ed1t BBQ, s\u1ed1t mayonnaise, s\u1ed1t chua ng\u1ecdt<\/strong><\/p>\n<\/li>\n<li data-start=\"1778\" data-end=\"1877\">\n<p data-start=\"1780\" data-end=\"1877\">L\u00e0 nguy\u00ean li\u1ec7u kh\u00f4ng th\u1ec3 thi\u1ebfu trong c\u00e1c m\u00f3n\u00a0<strong data-start=\"1825\" data-end=\"1877\">ramen, m\u00ec \u00dd, g\u00e0 n\u01b0\u1edbng, c\u01a1m chi\u00ean, b\u00e1nh m\u00ec b\u01a1 t\u1ecfi<\/strong><\/p>\n<\/li>\n<\/ul>\n<p data-start=\"2164\" data-end=\"2270\"><em>M\u1eb9o nh\u1ecf: Tr\u1ed9n b\u1ed9t t\u1ecfi v\u1edbi b\u1ed9t ti\u00eau, mu\u1ed1i v\u00e0 paprika \u0111\u1ec3 l\u00e0m h\u1ed7n h\u1ee3p \u01b0\u1edbp g\u00e0 c\u1ef1c chu\u1ea9n, kh\u00f4ng c\u1ea7n th\u00eam t\u1ecfi t\u01b0\u01a1i v\u1eabn d\u1eady m\u00f9i h\u1ea5p d\u1eabn.<\/em><\/p>\n<p data-start=\"2164\" data-end=\"2270\"><img loading=\"lazy\" decoding=\"async\" class=\"aligncenter\" src=\"https:\/\/havamall.com\/wp-content\/uploads\/2025\/06\/Garlic-bread-19.jpg\" alt=\"Homemade Garlic Bread Recipe (5 Ingredients) | The Kitchn\" width=\"801\" height=\"534\" \/><\/p>\n<p data-start=\"2049\" data-end=\"2356\">T\u1ecfi l\u00e0\u00a0<strong data-start=\"2056\" data-end=\"2083\">si\u00eau th\u1ef1c ph\u1ea9m t\u1ef1 nhi\u00ean<\/strong>\u00a0n\u1ed5i ti\u1ebfng v\u1edbi kh\u1ea3 n\u0103ng t\u0103ng c\u01b0\u1eddng \u0111\u1ec1 kh\u00e1ng, kh\u00e1ng khu\u1ea9n v\u00e0 kh\u00e1ng vi\u00eam. B\u1ed9t t\u1ecfi ch\u1ee9a c\u00e1c h\u1ee3p ch\u1ea5t nh\u01b0\u00a0<strong data-start=\"2185\" data-end=\"2196\">allicin<\/strong>, gi\u00fap\u00a0<strong data-start=\"2203\" data-end=\"2275\">gi\u1ea3m cholesterol, h\u1ed7 tr\u1ee3 tim m\u1ea1ch, ch\u1ed1ng oxy h\u00f3a v\u00e0 t\u1ed1t cho ti\u00eau h\u00f3a<\/strong>. S\u1eed d\u1ee5ng th\u01b0\u1eddng xuy\u00ean s\u1ebd gi\u00fap n\u00e2ng cao s\u1ee9c kh\u1ecfe m\u00e0 kh\u00f4ng c\u1ea7n n\u1ea1p qu\u00e1 nhi\u1ec1u calo. S\u1ea3n ph\u1ea9m hi\u1ec7n \u0111\u00e3 c\u00f3 m\u1eb7t t\u1ea1i\u00a0<strong data-start=\"2791\" data-end=\"2803\">Havamall<\/strong>, cam k\u1ebft nh\u1eadp kh\u1ea9u ch\u00ednh ng\u1ea1ch, ch\u1ea5t l\u01b0\u1ee3ng chu\u1ea9n ch\u00e2u \u00c2u.<\/p>","protected":false},"excerpt":{"rendered":"<p>TH\u00d4NG TIN S\u1ea2N PH\u1ea8M Th\u01b0\u01a1ng hi\u1ec7u Atlas Garden Xu\u1ea5t X\u1ee9 \u0110\u1ee9c Th\u00e0nh ph\u1ea7n 100% t\u1eeb t\u1ecfi t\u1ef1 nhi\u00ean, kh\u00f4ng ch\u1ea5t<\/p>","protected":false},"featured_media":44611,"comment_status":"open","ping_status":"closed","template":"","meta":[],"product_brand":[],"product_cat":[595,682,154],"product_tag":[],"class_list":{"0":"post-39371","1":"product","2":"type-product","3":"status-publish","4":"has-post-thumbnail","6":"product_cat-gia-vi-va-che-bien","7":"product_cat-nhap-khau-duc","8":"product_cat-gia-vi","9":"pa_brand-atlas","11":"first","12":"instock","13":"sale","14":"shipping-taxable","15":"purchasable","16":"product-type-simple"},"_links":{"self":[{"href":"https:\/\/havamall.vn\/en\/wp-json\/wp\/v2\/product\/39371"}],"collection":[{"href":"https:\/\/havamall.vn\/en\/wp-json\/wp\/v2\/product"}],"about":[{"href":"https:\/\/havamall.vn\/en\/wp-json\/wp\/v2\/types\/product"}],"replies":[{"embeddable":true,"href":"https:\/\/havamall.vn\/en\/wp-json\/wp\/v2\/comments?post=39371"}],"version-history":[{"count":0,"href":"https:\/\/havamall.vn\/en\/wp-json\/wp\/v2\/product\/39371\/revisions"}],"wp:featuredmedia":[{"embeddable":true,"href":"https:\/\/havamall.vn\/en\/wp-json\/wp\/v2\/media\/44611"}],"wp:attachment":[{"href":"https:\/\/havamall.vn\/en\/wp-json\/wp\/v2\/media?parent=39371"}],"wp:term":[{"taxonomy":"product_brand","embeddable":true,"href":"https:\/\/havamall.vn\/en\/wp-json\/wp\/v2\/product_brand?post=39371"},{"taxonomy":"product_cat","embeddable":true,"href":"https:\/\/havamall.vn\/en\/wp-json\/wp\/v2\/product_cat?post=39371"},{"taxonomy":"product_tag","embeddable":true,"href":"https:\/\/havamall.vn\/en\/wp-json\/wp\/v2\/product_tag?post=39371"}],"curies":[{"name":"wp","href":"https:\/\/api.w.org\/{rel}","templated":true}]}}