{"id":39368,"date":"2025-06-10T11:25:56","date_gmt":"2025-06-10T04:25:56","guid":{"rendered":"https:\/\/havamall.vn\/?post_type=product&#038;p=39368"},"modified":"2026-03-17T16:14:05","modified_gmt":"2026-03-17T09:14:05","slug":"bach-dau-khau-xanh-nguyen-hat-atlas-garden-35g-atlas-garden-cardamom-whole-35gr","status":"publish","type":"product","link":"https:\/\/havamall.vn\/en\/shop\/bach-dau-khau-xanh-nguyen-hat-atlas-garden-35g-atlas-garden-cardamom-whole-35gr\/","title":{"rendered":"B\u1ea1ch \u0110\u1eadu Kh\u1ea5u Xanh Nguy\u00ean H\u1ea1t Atlas Garden 35g \u2013 Atlas Garden Cardamom Whole 35gr"},"content":{"rendered":"<h3><strong>TH\u00d4NG TIN S\u1ea2N PH\u1ea8M<\/strong><\/h3>\n<table>\n<tbody>\n<tr>\n<td>Th\u01b0\u01a1ng hi\u1ec7u<\/td>\n<td>Atlas Garden<\/td>\n<\/tr>\n<tr>\n<td>Xu\u1ea5t X\u1ee9<\/td>\n<td>\u0110\u1ee9c<\/td>\n<\/tr>\n<tr>\n<td>Th\u00e0nh ph\u1ea7n<\/td>\n<td>\n<p data-start=\"1054\" data-end=\"1149\">\u00a0100% B\u1ea1ch \u0111\u1eadu kh\u1ea5u xanh nguy\u00ean h\u1ea1t s\u1ea5y kh\u00f4 t\u1ef1 nhi\u00ean<\/p>\n<\/td>\n<\/tr>\n<tr>\n<td>H\u1ea1n s\u1eed d\u1ee5ng<\/td>\n<td>Xem tr\u00ean bao b\u00ec<\/td>\n<\/tr>\n<tr>\n<td>B\u1ea3o qu\u1ea3n<\/td>\n<td>N\u01a1i kh\u00f4 r\u00e1o, tho\u00e1ng m\u00e1t, tr\u00e1nh \u00e1nh n\u1eafng tr\u1ef1c ti\u1ebfp v\u00e0 nhi\u1ec7t \u0111\u1ed9 cao. \u0110\u00f3ng ch\u1eb7t n\u1eafp sau khi s\u1eed d\u1ee5ng.<\/td>\n<\/tr>\n<tr>\n<td>Kh\u1ed1i l\u01b0\u1ee3ng t\u1ecbnh<\/td>\n<td>35g<\/td>\n<\/tr>\n<\/tbody>\n<\/table>\n<h3><strong>GI\u1edaI THI\u1ec6U TH\u01af\u01a0NG HI\u1ec6U<\/strong><\/h3>\n<p data-start=\"203\" data-end=\"564\"><strong data-start=\"203\" data-end=\"219\">Atlas Garden<\/strong>\u00a0l\u00e0 th\u01b0\u01a1ng hi\u1ec7u gia v\u1ecb cao c\u1ea5p \u0111\u1ebfn t\u1eeb \u0110\u1ee9c, chuy\u00ean cung c\u1ea5p c\u00e1c lo\u1ea1i th\u1ea3o m\u1ed9c v\u00e0 gia v\u1ecb nguy\u00ean b\u1ea3n \u0111\u01b0\u1ee3c tuy\u1ec3n ch\u1ecdn t\u1eeb nh\u1eefng v\u00f9ng nguy\u00ean li\u1ec7u n\u1ed5i ti\u1ebfng to\u00e0n c\u1ea7u. V\u1edbi ti\u00eau ch\u00ed\u00a0<strong data-start=\"392\" data-end=\"436\">ch\u1ea5t l\u01b0\u1ee3ng, nguy\u00ean b\u1ea3n v\u00e0 thu\u1ea7n t\u1ef1 nhi\u00ean<\/strong>, Atlas Garden \u0111\u1ed3ng h\u00e0nh c\u00f9ng b\u1ea1n trong h\u00e0nh tr\u00ecnh n\u00e2ng t\u1ea7m h\u01b0\u01a1ng v\u1ecb \u1ea9m th\u1ef1c \u2013 t\u1eeb c\u0103n b\u1ebfp gia \u0111\u00ecnh \u0111\u1ebfn m\u00f3n \u0103n \u0111\u1eb3ng c\u1ea5p nh\u00e0 h\u00e0ng.<\/p>\n<p data-start=\"203\" data-end=\"564\"><img fetchpriority=\"high\" decoding=\"async\" class=\"aligncenter size-full wp-image-40230\" src=\"https:\/\/havamall.com\/wp-content\/uploads\/2025\/06\/Atlas-Logo-2.png\" alt=\"\" width=\"800\" height=\"420\" \/><\/p>\n<h3><strong>\u0110\u1eb6C \u0110I\u1ec2M S\u1ea2N PH\u1ea8M<\/strong><\/h3>\n<p data-start=\"613\" data-end=\"822\"><strong data-start=\"613\" data-end=\"659\">B\u1ea1ch \u0110\u1eadu Kh\u1ea5u Xanh Nguy\u00ean H\u1ea1t Atlas Garden<\/strong>\u00a0l\u00e0 m\u1ed9t trong nh\u1eefng gia v\u1ecb qu\u00fd hi\u1ebfm, \u0111\u01b0\u1ee3c v\u00ed nh\u01b0 \u201cn\u1eef ho\u00e0ng c\u1ee7a c\u00e1c lo\u1ea1i gia v\u1ecb\u201d nh\u1edd h\u01b0\u01a1ng th\u01a1m m\u1ea1nh m\u1ebd v\u00e0 t\u00ednh \u1ee9ng d\u1ee5ng cao trong c\u1ea3 m\u00f3n m\u1eb7n, m\u00f3n ng\u1ecdt l\u1eabn \u0111\u1ed3 u\u1ed1ng.<\/p>\n<ul data-start=\"824\" data-end=\"1074\">\n<li data-start=\"824\" data-end=\"881\">\n<p data-start=\"826\" data-end=\"881\">H\u1ea1t\u00a0<strong data-start=\"830\" data-end=\"868\">nguy\u00ean tr\u00e1i, v\u1ecf xanh t\u01b0\u01a1i, \u0111\u1ec1u h\u1ea1t<\/strong>, th\u01a1m n\u1ed3ng<\/p>\n<\/li>\n<li data-start=\"882\" data-end=\"941\">\n<p data-start=\"884\" data-end=\"941\">\u0110\u01b0\u1ee3c ch\u1ecdn l\u1ecdc k\u1ef9 c\u00e0ng,\u00a0<strong data-start=\"907\" data-end=\"939\">gi\u1eef nguy\u00ean tinh d\u1ea7u t\u1ef1 nhi\u00ean<\/strong><\/p>\n<\/li>\n<li data-start=\"942\" data-end=\"1004\">\n<p data-start=\"944\" data-end=\"1004\">C\u00f3 th\u1ec3 d\u00f9ng nguy\u00ean h\u1ea1t, gi\u00e3 d\u1eadp ho\u1eb7c xay m\u1ecbn t\u00f9y c\u00f4ng th\u1ee9c<\/p>\n<\/li>\n<li data-start=\"1005\" data-end=\"1074\">\n<p data-start=\"1007\" data-end=\"1074\">Th\u01b0\u1eddng d\u00f9ng trong\u00a0<strong data-start=\"1025\" data-end=\"1074\">\u1ea9m th\u1ef1c \u1ea4n \u0110\u1ed9, Trung \u0110\u00f4ng, B\u1eafc Phi v\u00e0 ch\u00e2u \u00c2u<\/strong><\/p>\n<\/li>\n<\/ul>\n<p><img decoding=\"async\" class=\"aligncenter\" src=\"https:\/\/havamall.com\/wp-content\/uploads\/2025\/06\/pexels-photo-8217944.jpg\" alt=\"Close-Up Shot of Cardamons \u00b7 Free Stock Photo\" width=\"800\" height=\"657\" \/><\/p>\n<p data-start=\"1112\" data-end=\"1361\">B\u1ea1ch \u0111\u1eadu kh\u1ea5u \u0111\u01b0\u1ee3c\u00a0<strong data-start=\"1131\" data-end=\"1183\">thu ho\u1ea1ch b\u1eb1ng tay t\u1eeb c\u00e1c v\u00f9ng tr\u1ed3ng chuy\u00ean canh<\/strong>, sau \u0111\u00f3 s\u1ea5y kh\u00f4 \u1edf nhi\u1ec7t \u0111\u1ed9 ki\u1ec3m so\u00e1t \u0111\u1ec3\u00a0<strong data-start=\"1224\" data-end=\"1268\">gi\u1eef nguy\u00ean m\u00e0u s\u1eafc v\u00e0 tinh d\u1ea7u \u0111\u1eb7c tr\u01b0ng<\/strong>. \u0110\u00f3ng g\u00f3i t\u1ea1i \u0110\u1ee9c theo ti\u00eau chu\u1ea9n ch\u00e2u \u00c2u, kh\u00f4ng ch\u1ee9a ch\u1ea5t b\u1ea3o qu\u1ea3n hay h\u01b0\u01a1ng li\u1ec7u nh\u00e2n t\u1ea1o.<\/p>\n<p data-start=\"1389\" data-end=\"1618\">B\u1ea1ch \u0111\u1eadu kh\u1ea5u c\u00f3\u00a0<strong data-start=\"1406\" data-end=\"1464\">m\u00f9i th\u01a1m the m\u00e1t, cay nh\u1eb9, xen ch\u00fat v\u1ecb chanh v\u00e0 b\u1ea1c h\u00e0<\/strong>, mang \u0111\u1ebfn chi\u1ec1u s\u00e2u \u0111\u1ed9c \u0111\u00e1o cho m\u00f3n \u0103n. H\u01b0\u01a1ng v\u1ecb \u0111\u1eb7c tr\u01b0ng c\u1ee7a b\u1ea1ch \u0111\u1eadu kh\u1ea5u r\u1ea5t d\u1ec5 nh\u1eadn ra v\u00e0\u00a0<strong data-start=\"1560\" data-end=\"1591\">th\u01b0\u1eddng l\u00e0 \u0111i\u1ec3m nh\u1ea5n n\u1ed5i b\u1eadt<\/strong>\u00a0trong m\u00f3n \u0103n ho\u1eb7c \u0111\u1ed3 u\u1ed1ng.<\/p>\n<p data-start=\"1389\" data-end=\"1618\"><img decoding=\"async\" class=\"aligncenter\" src=\"https:\/\/havamall.com\/wp-content\/uploads\/2025\/06\/Untitled_design_-_2025-04-07T152810.342_1024x1024.png\" alt=\"How To Correctly Use Cardamom In Your Cooking For Maximum Flavor \u2013 Ayoub's Dried Fruits &amp; Nuts\" width=\"800\" height=\"800\" \/><\/p>\n<h3><strong>C\u00d4NG D\u1ee4NG V\u00c0 L\u1ee2I \u00cdCH<\/strong><\/h3>\n<ul data-start=\"1650\" data-end=\"1943\">\n<li data-start=\"1650\" data-end=\"1728\">\n<p data-start=\"1652\" data-end=\"1728\"><strong data-start=\"1652\" data-end=\"1684\">D\u00f9ng nguy\u00ean h\u1ea1t ho\u1eb7c gi\u00e3 d\u1eadp<\/strong>\u00a0\u0111\u1ec3 \u01b0\u1edbp th\u1ecbt, n\u1ea5u c\u01a1m, c\u00e0 ri, s\u00fap, m\u00f3n h\u1ea7m<\/p>\n<\/li>\n<li data-start=\"1729\" data-end=\"1795\">\n<p data-start=\"1731\" data-end=\"1795\"><strong data-start=\"1731\" data-end=\"1764\">K\u1ebft h\u1ee3p trong m\u00f3n tr\u00e1ng mi\u1ec7ng<\/strong>: b\u00e1nh m\u00ec, b\u00e1nh quy, kem, m\u1ee9t<\/p>\n<\/li>\n<li data-start=\"1796\" data-end=\"1865\">\n<p data-start=\"1798\" data-end=\"1865\">Cho v\u00e0o\u00a0<strong data-start=\"1806\" data-end=\"1863\">tr\u00e0 chai, c\u00e0 ph\u00ea, cacao n\u00f3ng ho\u1eb7c r\u01b0\u1ee3u \u1ea5m mulled wine<\/strong><\/p>\n<\/li>\n<li data-start=\"1866\" data-end=\"1943\">\n<p data-start=\"1868\" data-end=\"1943\">Th\u01b0\u1eddng \u0111\u01b0\u1ee3c d\u00f9ng trong c\u00e1c m\u00f3n\u00a0<strong data-start=\"1899\" data-end=\"1943\">Biryani, Masala, v\u00e0 m\u00f3n n\u01b0\u1edbng Trung \u0110\u00f4ng<\/strong><\/p>\n<\/li>\n<\/ul>\n<p data-start=\"2164\" data-end=\"2270\"><em data-start=\"1948\" data-end=\"1956\">G\u1ee3i \u00fd:<\/em>\u00a0\u0110un h\u1ea1t b\u1ea1ch \u0111\u1eadu kh\u1ea5u v\u1edbi tr\u00e0 \u0111en, g\u1eebng v\u00e0 qu\u1ebf \u0111\u1ec3 c\u00f3 m\u1ed9t ly\u00a0<strong data-start=\"2017\" data-end=\"2035\">Chai Tea Latte<\/strong>\u00a0\u1ea5m n\u00f3ng, th\u01a1m n\u1ed3ng v\u00e0 t\u1ed1t cho ti\u00eau h\u00f3a.<\/p>\n<p data-start=\"2164\" data-end=\"2270\"><img loading=\"lazy\" decoding=\"async\" class=\"aligncenter\" src=\"https:\/\/havamall.com\/wp-content\/uploads\/2025\/06\/DSC06545.jpg\" width=\"800\" height=\"450\" \/><\/p>\n<p data-start=\"2113\" data-end=\"2221\">B\u1ea1ch \u0111\u1eadu kh\u1ea5u ch\u1ee9a nhi\u1ec1u\u00a0<strong data-start=\"2138\" data-end=\"2189\">ch\u1ea5t ch\u1ed1ng oxy h\u00f3a, tinh d\u1ea7u qu\u00fd v\u00e0 kho\u00e1ng ch\u1ea5t<\/strong>. \u0110\u01b0\u1ee3c bi\u1ebft \u0111\u1ebfn v\u1edbi c\u00f4ng d\u1ee5ng:<\/p>\n<ul data-start=\"2222\" data-end=\"2409\">\n<li data-start=\"2222\" data-end=\"2270\">\n<p data-start=\"2224\" data-end=\"2270\"><strong data-start=\"2224\" data-end=\"2268\">Kh\u00e1ng khu\u1ea9n, kh\u00e1ng vi\u00eam, h\u1ed7 tr\u1ee3 ti\u00eau h\u00f3a<\/strong><\/p>\n<\/li>\n<li data-start=\"2271\" data-end=\"2305\">\n<p data-start=\"2273\" data-end=\"2305\"><strong data-start=\"2273\" data-end=\"2303\">Kh\u1eed m\u00f9i h\u00f4i mi\u1ec7ng t\u1ef1 nhi\u00ean<\/strong><\/p>\n<\/li>\n<li data-start=\"2306\" data-end=\"2362\">\n<p data-start=\"2308\" data-end=\"2362\">H\u1ed7 tr\u1ee3\u00a0<strong data-start=\"2315\" data-end=\"2360\">gi\u1ea3m huy\u1ebft \u00e1p v\u00e0 t\u0103ng c\u01b0\u1eddng trao \u0111\u1ed5i ch\u1ea5t<\/strong><\/p>\n<\/li>\n<li data-start=\"2363\" data-end=\"2409\">\n<p data-start=\"2365\" data-end=\"2409\">Gi\u00fap\u00a0<strong data-start=\"2370\" data-end=\"2409\">gi\u1ea3m bu\u1ed3n n\u00f4n, \u0111\u1ea7y h\u01a1i, ch\u01b0\u1edbng b\u1ee5ng<\/strong><\/p>\n<\/li>\n<\/ul>\n<p data-start=\"1992\" data-end=\"2234\">S\u1ea3n ph\u1ea9m hi\u1ec7n \u0111\u00e3 c\u00f3 m\u1eb7t t\u1ea1i\u00a0<strong data-start=\"2791\" data-end=\"2803\">Havamall<\/strong>, cam k\u1ebft nh\u1eadp kh\u1ea9u ch\u00ednh ng\u1ea1ch, ch\u1ea5t l\u01b0\u1ee3ng chu\u1ea9n ch\u00e2u \u00c2u.<\/p>","protected":false},"excerpt":{"rendered":"<p>TH\u00d4NG TIN S\u1ea2N PH\u1ea8M Th\u01b0\u01a1ng hi\u1ec7u Atlas Garden Xu\u1ea5t X\u1ee9 \u0110\u1ee9c Th\u00e0nh ph\u1ea7n \u00a0100% B\u1ea1ch \u0111\u1eadu kh\u1ea5u xanh nguy\u00ean h\u1ea1t<\/p>","protected":false},"featured_media":44612,"comment_status":"open","ping_status":"closed","template":"","meta":[],"product_brand":[],"product_cat":[595,682,154],"product_tag":[],"class_list":{"0":"post-39368","1":"product","2":"type-product","3":"status-publish","4":"has-post-thumbnail","6":"product_cat-gia-vi-va-che-bien","7":"product_cat-nhap-khau-duc","8":"product_cat-gia-vi","9":"pa_brand-atlas","11":"first","12":"instock","13":"sale","14":"shipping-taxable","15":"purchasable","16":"product-type-simple"},"_links":{"self":[{"href":"https:\/\/havamall.vn\/en\/wp-json\/wp\/v2\/product\/39368"}],"collection":[{"href":"https:\/\/havamall.vn\/en\/wp-json\/wp\/v2\/product"}],"about":[{"href":"https:\/\/havamall.vn\/en\/wp-json\/wp\/v2\/types\/product"}],"replies":[{"embeddable":true,"href":"https:\/\/havamall.vn\/en\/wp-json\/wp\/v2\/comments?post=39368"}],"version-history":[{"count":0,"href":"https:\/\/havamall.vn\/en\/wp-json\/wp\/v2\/product\/39368\/revisions"}],"wp:featuredmedia":[{"embeddable":true,"href":"https:\/\/havamall.vn\/en\/wp-json\/wp\/v2\/media\/44612"}],"wp:attachment":[{"href":"https:\/\/havamall.vn\/en\/wp-json\/wp\/v2\/media?parent=39368"}],"wp:term":[{"taxonomy":"product_brand","embeddable":true,"href":"https:\/\/havamall.vn\/en\/wp-json\/wp\/v2\/product_brand?post=39368"},{"taxonomy":"product_cat","embeddable":true,"href":"https:\/\/havamall.vn\/en\/wp-json\/wp\/v2\/product_cat?post=39368"},{"taxonomy":"product_tag","embeddable":true,"href":"https:\/\/havamall.vn\/en\/wp-json\/wp\/v2\/product_tag?post=39368"}],"curies":[{"name":"wp","href":"https:\/\/api.w.org\/{rel}","templated":true}]}}