{"id":39363,"date":"2025-06-10T11:23:34","date_gmt":"2025-06-10T04:23:34","guid":{"rendered":"https:\/\/havamall.vn\/?post_type=product&#038;p=39363"},"modified":"2026-03-17T16:01:07","modified_gmt":"2026-03-17T09:01:07","slug":"bot-ot-cayenne-atlas-garden-64g-atlas-garden-cayenne-ground-64gr","status":"publish","type":"product","link":"https:\/\/havamall.vn\/en\/shop\/bot-ot-cayenne-atlas-garden-64g-atlas-garden-cayenne-ground-64gr\/","title":{"rendered":"B\u1ed9t \u1edat Cayenne Atlas Garden 64g \u2013 Atlas Garden Cayenne Ground 64gr"},"content":{"rendered":"<h3><strong>TH\u00d4NG TIN S\u1ea2N PH\u1ea8M<\/strong><\/h3>\n<table>\n<tbody>\n<tr>\n<td>Th\u01b0\u01a1ng hi\u1ec7u<\/td>\n<td>Atlas Garden<\/td>\n<\/tr>\n<tr>\n<td>Xu\u1ea5t X\u1ee9<\/td>\n<td>\u0110\u1ee9c<\/td>\n<\/tr>\n<tr>\n<td>Th\u00e0nh ph\u1ea7n<\/td>\n<td>\n<p data-start=\"819\" data-end=\"868\"><strong data-start=\"819\" data-end=\"850\">100% \u1edbt Cayenne nguy\u00ean ch\u1ea5t<\/strong>, kh\u00f4ng pha tr\u1ed9n<\/p>\n<\/td>\n<\/tr>\n<tr>\n<td>H\u1ea1n s\u1eed d\u1ee5ng<\/td>\n<td>Xem tr\u00ean bao b\u00ec<\/td>\n<\/tr>\n<tr>\n<td>B\u1ea3o qu\u1ea3n<\/td>\n<td>N\u01a1i kh\u00f4 r\u00e1o, tho\u00e1ng m\u00e1t, tr\u00e1nh \u00e1nh n\u1eafng tr\u1ef1c ti\u1ebfp v\u00e0 nhi\u1ec7t \u0111\u1ed9 cao. \u0110\u00f3ng ch\u1eb7t n\u1eafp sau khi s\u1eed d\u1ee5ng.<\/td>\n<\/tr>\n<tr>\n<td>Kh\u1ed1i l\u01b0\u1ee3ng t\u1ecbnh<\/td>\n<td>64g<\/td>\n<\/tr>\n<\/tbody>\n<\/table>\n<h3><strong>GI\u1edaI THI\u1ec6U TH\u01af\u01a0NG HI\u1ec6U<\/strong><\/h3>\n<p data-start=\"188\" data-end=\"500\"><strong data-start=\"188\" data-end=\"204\">Atlas Garden<\/strong>\u00a0\u2013 th\u01b0\u01a1ng hi\u1ec7u gia v\u1ecb v\u00e0 th\u1ea3o m\u1ed9c cao c\u1ea5p \u0111\u1ebfn t\u1eeb \u0110\u1ee9c, cam k\u1ebft mang \u0111\u1ebfn nh\u1eefng nguy\u00ean li\u1ec7u\u00a0<strong data-start=\"293\" data-end=\"336\">t\u1ef1 nhi\u00ean, nguy\u00ean b\u1ea3n v\u00e0 tinh khi\u1ebft nh\u1ea5t<\/strong>\u00a0t\u1eeb kh\u1eafp n\u01a1i tr\u00ean th\u1ebf gi\u1edbi. M\u1ed7i s\u1ea3n ph\u1ea9m c\u1ee7a Atlas Garden kh\u00f4ng ch\u1ec9 g\u00f3p ph\u1ea7n ho\u00e0n thi\u1ec7n m\u00f3n \u0103n m\u00e0 c\u00f2n n\u00e2ng t\u1ea7m tr\u1ea3i nghi\u1ec7m \u1ea9m th\u1ef1c v\u1edbi ch\u1ea5t l\u01b0\u1ee3ng \u0111\u1ea1t chu\u1ea9n ch\u00e2u \u00c2u.<\/p>\n<p data-start=\"188\" data-end=\"500\"><img fetchpriority=\"high\" decoding=\"async\" class=\"aligncenter wp-image-39314\" src=\"https:\/\/havamall.com\/wp-content\/uploads\/2025\/06\/493942044_1258217259644571_7163962914813370668_n.jpg\" alt=\"\" width=\"801\" height=\"475\" srcset=\"https:\/\/havamall.vn\/wp-content\/uploads\/2025\/06\/493942044_1258217259644571_7163962914813370668_n.jpg 2000w, https:\/\/havamall.vn\/wp-content\/uploads\/2025\/06\/493942044_1258217259644571_7163962914813370668_n-400x237.jpg 400w, https:\/\/havamall.vn\/wp-content\/uploads\/2025\/06\/493942044_1258217259644571_7163962914813370668_n-1300x771.jpg 1300w, https:\/\/havamall.vn\/wp-content\/uploads\/2025\/06\/493942044_1258217259644571_7163962914813370668_n-768x455.jpg 768w, https:\/\/havamall.vn\/wp-content\/uploads\/2025\/06\/493942044_1258217259644571_7163962914813370668_n-1536x911.jpg 1536w, https:\/\/havamall.vn\/wp-content\/uploads\/2025\/06\/493942044_1258217259644571_7163962914813370668_n-18x12.jpg 18w, https:\/\/havamall.vn\/wp-content\/uploads\/2025\/06\/493942044_1258217259644571_7163962914813370668_n-430x255.jpg 430w, https:\/\/havamall.vn\/wp-content\/uploads\/2025\/06\/493942044_1258217259644571_7163962914813370668_n-700x415.jpg 700w, https:\/\/havamall.vn\/wp-content\/uploads\/2025\/06\/493942044_1258217259644571_7163962914813370668_n-150x89.jpg 150w\" sizes=\"(max-width: 801px) 100vw, 801px\" \/><\/p>\n<h3><strong>\u0110\u1eb6C \u0110I\u1ec2M S\u1ea2N PH\u1ea8M<\/strong><\/h3>\n<p data-start=\"673\" data-end=\"885\">B\u1ed9t \u1edat Cayenne Atlas Garden \u0111\u01b0\u1ee3c l\u00e0m 100% t\u1eeb \u1edbt cayenne nguy\u00ean ch\u1ea5t, kh\u00f4ng pha tr\u1ed9n t\u1ea1p ch\u1ea5t, kh\u00f4ng ph\u1ea9m m\u00e0u hay ch\u1ea5t b\u1ea3o qu\u1ea3n. Lo\u1ea1i \u1edbt n\u00e0y n\u1ed5i ti\u1ebfng v\u1edbi \u0111\u1ed9 cay m\u1ea1nh, m\u00e0u \u0111\u1ecf cam b\u1eaft m\u1eaft v\u00e0 h\u01b0\u01a1ng th\u01a1m \u0111\u1eb7c tr\u01b0ng.<\/p>\n<ul data-start=\"886\" data-end=\"1099\">\n<li data-start=\"886\" data-end=\"967\">\n<p data-start=\"888\" data-end=\"967\">\u0110\u1ed9 cay cao (30.000 \u2013 50.000 SHU), ph\u00f9 h\u1ee3p v\u1edbi ng\u01b0\u1eddi y\u00eau th\u00edch v\u1ecb cay n\u1ed3ng \u0111\u1eadm<\/p>\n<\/li>\n<li data-start=\"968\" data-end=\"1012\">\n<p data-start=\"970\" data-end=\"1012\">Gi\u00fap t\u0103ng h\u01b0\u01a1ng v\u1ecb v\u00e0 k\u00edch th\u00edch v\u1ecb gi\u00e1c<\/p>\n<\/li>\n<li data-start=\"1013\" data-end=\"1054\">\n<p data-start=\"1015\" data-end=\"1054\">D\u1ea1ng b\u1ed9t m\u1ecbn, d\u1ec5 h\u00f2a quy\u1ec7n v\u00e0o m\u00f3n \u0103n<\/p>\n<\/li>\n<li data-start=\"1055\" data-end=\"1099\">\n<p data-start=\"1057\" data-end=\"1099\">\u0110\u00f3ng l\u1ecd ti\u1ec7n l\u1ee3i, d\u1ec5 s\u1eed d\u1ee5ng v\u00e0 b\u1ea3o qu\u1ea3n<\/p>\n<\/li>\n<\/ul>\n<p><img decoding=\"async\" class=\"aligncenter\" src=\"https:\/\/havamall.com\/wp-content\/uploads\/2025\/06\/Cayenne-Pepper-vs-Chili-Powder-3x2-1-9053e6b176074731ad78b596ec645b7d.png\" alt=\"Cayenne Pepper vs. Chili Powder: What's the Difference?\" width=\"801\" height=\"534\" \/><\/p>\n<p data-start=\"1077\" data-end=\"1319\">\u1edat Cayenne \u0111\u01b0\u1ee3c\u00a0<strong data-start=\"1093\" data-end=\"1119\">thu ho\u1ea1ch \u0111\u00fang \u0111\u1ed9 ch\u00edn<\/strong>, sau \u0111\u00f3 s\u1ea5y kh\u00f4 v\u00e0 nghi\u1ec1n m\u1ecbn t\u1ea1i nh\u00e0 m\u00e1y \u1edf \u0110\u1ee9c. To\u00e0n b\u1ed9 quy tr\u00ecnh s\u1ea3n xu\u1ea5t \u0111\u1ea3m b\u1ea3o\u00a0<strong data-start=\"1204\" data-end=\"1262\">kh\u00f4ng ph\u1ee5 gia, kh\u00f4ng ch\u1ea5t b\u1ea3o qu\u1ea3n, kh\u00f4ng m\u00e0u nh\u00e2n t\u1ea1o<\/strong>, gi\u00fap gi\u1eef nguy\u00ean\u00a0<strong data-start=\"1280\" data-end=\"1318\">h\u01b0\u01a1ng v\u1ecb v\u00e0 \u0111\u1ed9 cay t\u1ef1 nhi\u00ean c\u1ee7a \u1edbt<\/strong>.<\/p>\n<p data-start=\"1347\" data-end=\"1592\">V\u1ecb cay c\u1ee7a \u1edbt Cayenne r\u1ea5t \u0111\u1eb7c tr\u01b0ng:\u00a0<strong data-start=\"1384\" data-end=\"1421\">cay s\u1eafc, th\u1ea5m nhanh, k\u00e9o d\u00e0i ng\u1eafn<\/strong>, kh\u00f4ng g\u00e2y n\u00f3ng b\u1ee5ng nh\u01b0 m\u1ed9t s\u1ed1 lo\u1ea1i \u1edbt kh\u00e1c. Khi k\u1ebft h\u1ee3p v\u1edbi m\u00f3n \u0103n, b\u1ed9t \u1edbt Cayenne t\u1ea1o n\u00ean\u00a0<strong data-start=\"1515\" data-end=\"1555\">h\u01b0\u01a1ng v\u1ecb m\u1ea1nh m\u1ebd, k\u00edch th\u00edch v\u1ecb gi\u00e1c<\/strong>\u00a0m\u00e0 kh\u00f4ng l\u00e0m \u00e1t c\u00e1c th\u00e0nh ph\u1ea7n kh\u00e1c.<\/p>\n<p data-start=\"1347\" data-end=\"1592\"><img decoding=\"async\" class=\"aligncenter\" src=\"https:\/\/havamall.com\/wp-content\/uploads\/2025\/06\/IMG_1563_1601579660.jpg\" alt=\"Guerra Pepper Farm | Guerra's\" width=\"800\" height=\"1066\" \/><\/p>\n<h3><strong>C\u00d4NG D\u1ee4NG V\u00c0 L\u1ee2I \u00cdCH<\/strong><\/h3>\n<ul>\n<li data-start=\"1578\" data-end=\"1636\">\n<p data-start=\"1580\" data-end=\"1636\">D\u00f9ng \u0111\u1ec3\u00a0<strong data-start=\"1588\" data-end=\"1617\">\u01b0\u1edbp th\u1ecbt, g\u00e0, c\u00e1, h\u1ea3i s\u1ea3n<\/strong>\u00a0n\u01b0\u1edbng ho\u1eb7c chi\u00ean<\/p>\n<\/li>\n<li data-start=\"1637\" data-end=\"1713\">\n<p data-start=\"1639\" data-end=\"1713\">Th\u00eam v\u00e0o\u00a0<strong data-start=\"1648\" data-end=\"1711\">s\u1ed1t, canh, s\u00fap, m\u00f3n h\u1ea7m, c\u01a1m chi\u00ean, m\u00ec \u1ed1ng, khoai t\u00e2y n\u01b0\u1edbng<\/strong><\/p>\n<\/li>\n<li data-start=\"1714\" data-end=\"1785\">\n<p data-start=\"1716\" data-end=\"1785\">D\u00f9ng nh\u01b0\u00a0<strong data-start=\"1725\" data-end=\"1743\">gia v\u1ecb t\u1ea1o m\u00e0u<\/strong>\u00a0cho tr\u1ee9ng chi\u00ean, b\u00e1nh m\u1eb7n, n\u01b0\u1edbc s\u1ed1t BBQ<\/p>\n<\/li>\n<li data-start=\"1786\" data-end=\"1864\">\n<p data-start=\"1788\" data-end=\"1864\">L\u00e0 th\u00e0nh ph\u1ea7n ch\u00ednh trong h\u1ed7n h\u1ee3p gia v\u1ecb\u00a0<strong data-start=\"1829\" data-end=\"1864\">Hungary, Mexico, Cajun, BBQ rub<\/strong><\/p>\n<\/li>\n<\/ul>\n<p data-start=\"1885\" data-end=\"1985\"><em data-start=\"1888\" data-end=\"1896\">G\u1ee3i \u00fd:<\/em>\u00a0Tr\u1ed9n b\u1ed9t \u1edbt Cayenne v\u1edbi mu\u1ed1i v\u00e0 n\u01b0\u1edbc c\u1ed1t chanh \u0111\u1ec3 l\u00e0m\u00a0<strong data-start=\"1951\" data-end=\"1984\">mu\u1ed1i ch\u1ea5m h\u1ea3i s\u1ea3n si\u00eau b\u1eaft v\u1ecb<\/strong>.<\/p>\n<p data-start=\"1885\" data-end=\"1985\"><img loading=\"lazy\" decoding=\"async\" class=\"aligncenter\" src=\"https:\/\/havamall.com\/wp-content\/uploads\/2025\/06\/BBQ-Rubs_banner_mobile.jpg\" alt=\"BBQ Rubs\" width=\"800\" height=\"467\" \/><\/p>\n<p data-start=\"2071\" data-end=\"2385\">\u1edat cayenne gi\u00e0u capsaicin \u2013 ho\u1ea1t ch\u1ea5t gi\u00fap t\u0103ng c\u01b0\u1eddng trao \u0111\u1ed5i ch\u1ea5t, h\u1ed7 tr\u1ee3 \u0111\u1ed1t m\u1ee1 v\u00e0 gi\u1ea3m c\u1ea3m gi\u00e1c th\u00e8m \u0103n. Ngo\u00e0i ra, cayenne c\u00f2n c\u00f3 t\u00e1c d\u1ee5ng h\u1ed7 tr\u1ee3 tu\u1ea7n ho\u00e0n m\u00e1u, gi\u1ea3m vi\u00eam, ch\u1ed1ng oxy h\u00f3a v\u00e0 gi\u00fap l\u00e0m \u1ea5m c\u01a1 th\u1ec3 t\u1ef1 nhi\u00ean. S\u1eed d\u1ee5ng \u0111\u00fang li\u1ec1u l\u01b0\u1ee3ng m\u1ed7i ng\u00e0y gi\u00fap n\u00e2ng cao s\u1ee9c kh\u1ecfe m\u00e0 v\u1eabn gi\u1eef tr\u1ecdn h\u01b0\u01a1ng v\u1ecb cho m\u00f3n \u0103n.<\/p>\n<p data-start=\"2392\" data-end=\"2558\"><strong data-start=\"2392\" data-end=\"2558\">S\u1ea3n ph\u1ea9m hi\u1ec7n \u0111\u00e3 c\u00f3 m\u1eb7t t\u1ea1i Havamall, cam k\u1ebft nh\u1eadp kh\u1ea9u ch\u00ednh ng\u1ea1ch t\u1eeb \u0110\u1ee9c, ch\u1ea5t l\u01b0\u1ee3ng chu\u1ea9n ch\u00e2u \u00c2u \u2013 L\u1ef1a ch\u1ecdn l\u00fd t\u01b0\u1edfng cho ng\u01b0\u1eddi y\u00eau \u1ea9m th\u1ef1c cay n\u1ed3ng v\u00e0 \u0111\u1eadm \u0111\u00e0.<\/strong><\/p>","protected":false},"excerpt":{"rendered":"<p>TH\u00d4NG TIN S\u1ea2N PH\u1ea8M Th\u01b0\u01a1ng hi\u1ec7u Atlas Garden Xu\u1ea5t X\u1ee9 \u0110\u1ee9c Th\u00e0nh ph\u1ea7n 100% \u1edbt Cayenne nguy\u00ean ch\u1ea5t, kh\u00f4ng pha<\/p>","protected":false},"featured_media":44607,"comment_status":"open","ping_status":"closed","template":"","meta":[],"product_brand":[],"product_cat":[595,682,154],"product_tag":[],"class_list":{"0":"post-39363","1":"product","2":"type-product","3":"status-publish","4":"has-post-thumbnail","6":"product_cat-gia-vi-va-che-bien","7":"product_cat-nhap-khau-duc","8":"product_cat-gia-vi","9":"pa_brand-atlas","11":"first","12":"instock","13":"sale","14":"shipping-taxable","15":"purchasable","16":"product-type-simple"},"_links":{"self":[{"href":"https:\/\/havamall.vn\/en\/wp-json\/wp\/v2\/product\/39363"}],"collection":[{"href":"https:\/\/havamall.vn\/en\/wp-json\/wp\/v2\/product"}],"about":[{"href":"https:\/\/havamall.vn\/en\/wp-json\/wp\/v2\/types\/product"}],"replies":[{"embeddable":true,"href":"https:\/\/havamall.vn\/en\/wp-json\/wp\/v2\/comments?post=39363"}],"version-history":[{"count":0,"href":"https:\/\/havamall.vn\/en\/wp-json\/wp\/v2\/product\/39363\/revisions"}],"wp:featuredmedia":[{"embeddable":true,"href":"https:\/\/havamall.vn\/en\/wp-json\/wp\/v2\/media\/44607"}],"wp:attachment":[{"href":"https:\/\/havamall.vn\/en\/wp-json\/wp\/v2\/media?parent=39363"}],"wp:term":[{"taxonomy":"product_brand","embeddable":true,"href":"https:\/\/havamall.vn\/en\/wp-json\/wp\/v2\/product_brand?post=39363"},{"taxonomy":"product_cat","embeddable":true,"href":"https:\/\/havamall.vn\/en\/wp-json\/wp\/v2\/product_cat?post=39363"},{"taxonomy":"product_tag","embeddable":true,"href":"https:\/\/havamall.vn\/en\/wp-json\/wp\/v2\/product_tag?post=39363"}],"curies":[{"name":"wp","href":"https:\/\/api.w.org\/{rel}","templated":true}]}}