{"id":39358,"date":"2025-06-10T11:19:59","date_gmt":"2025-06-10T04:19:59","guid":{"rendered":"https:\/\/havamall.vn\/?post_type=product&#038;p=39358"},"modified":"2026-03-17T16:04:32","modified_gmt":"2026-03-17T09:04:32","slug":"la-co-xa-huong-atlas-garden-21g-atlas-garden-thyme-leaves-21gr","status":"publish","type":"product","link":"https:\/\/havamall.vn\/en\/shop\/la-co-xa-huong-atlas-garden-21g-atlas-garden-thyme-leaves-21gr\/","title":{"rendered":"L\u00e1 C\u1ecf X\u1ea1 H\u01b0\u01a1ng Atlas Garden 21g \u2013 Atlas Garden Thyme Leaves 21gr"},"content":{"rendered":"<h3><strong>TH\u00d4NG TIN S\u1ea2N PH\u1ea8M<\/strong><\/h3>\n<table>\n<tbody>\n<tr>\n<td>Th\u01b0\u01a1ng hi\u1ec7u<\/td>\n<td>Atlas Garden<\/td>\n<\/tr>\n<tr>\n<td>Xu\u1ea5t X\u1ee9<\/td>\n<td>\u0110\u1ee9c<\/td>\n<\/tr>\n<tr>\n<td>Th\u00e0nh ph\u1ea7n<\/td>\n<td>\n<p data-start=\"1054\" data-end=\"1149\">\u00a0100% L\u00e1 c\u1ecf x\u1ea1 h\u01b0\u01a1ng (Thyme) s\u1ea5y kh\u00f4 t\u1ef1 nhi\u00ean<\/p>\n<\/td>\n<\/tr>\n<tr>\n<td>H\u1ea1n s\u1eed d\u1ee5ng<\/td>\n<td>Xem tr\u00ean bao b\u00ec<\/td>\n<\/tr>\n<tr>\n<td>B\u1ea3o qu\u1ea3n<\/td>\n<td>N\u01a1i kh\u00f4 r\u00e1o, tho\u00e1ng m\u00e1t, tr\u00e1nh \u00e1nh n\u1eafng tr\u1ef1c ti\u1ebfp v\u00e0 nhi\u1ec7t \u0111\u1ed9 cao. \u0110\u00f3ng ch\u1eb7t n\u1eafp sau khi s\u1eed d\u1ee5ng.<\/td>\n<\/tr>\n<tr>\n<td>Kh\u1ed1i l\u01b0\u1ee3ng t\u1ecbnh<\/td>\n<td>21g<\/td>\n<\/tr>\n<\/tbody>\n<\/table>\n<h3><strong>GI\u1edaI THI\u1ec6U TH\u01af\u01a0NG HI\u1ec6U<\/strong><\/h3>\n<p data-start=\"325\" data-end=\"634\">Atlas Garden l\u00e0 th\u01b0\u01a1ng hi\u1ec7u gia v\u1ecb nh\u1eadp kh\u1ea9u t\u1eeb \u0110\u1ee9c, chuy\u00ean cung c\u1ea5p c\u00e1c lo\u1ea1i gia v\u1ecb v\u00e0 th\u1ea3o m\u1ed9c nguy\u00ean ch\u1ea5t, \u0111\u1ea1t chu\u1ea9n ch\u1ea5t l\u01b0\u1ee3ng ch\u00e2u \u00c2u. V\u1edbi tri\u1ebft l\u00fd \u201cGia v\u1ecb s\u1ea1ch \u2013 H\u01b0\u01a1ng v\u1ecb chu\u1ea9n \u2013 \u1ea8m th\u1ef1c tinh t\u1ebf\u201d, Atlas Garden mang \u0111\u1ebfn cho ng\u01b0\u1eddi ti\u00eau d\u00f9ng nh\u1eefng l\u1ef1a ch\u1ecdn gia v\u1ecb an to\u00e0n, ti\u1ec7n l\u1ee3i v\u00e0 gi\u00e0u gi\u00e1 tr\u1ecb \u1ea9m th\u1ef1c.<\/p>\n<p data-start=\"325\" data-end=\"634\"><img fetchpriority=\"high\" decoding=\"async\" class=\"aligncenter size-full wp-image-40230\" src=\"https:\/\/havamall.com\/wp-content\/uploads\/2025\/06\/Atlas-Logo-2.png\" alt=\"\" width=\"800\" height=\"420\" \/><\/p>\n<h3><strong>\u0110\u1eb6C \u0110I\u1ec2M S\u1ea2N PH\u1ea8M<\/strong><\/h3>\n<p data-start=\"664\" data-end=\"852\">L\u00e1 C\u1ecf X\u1ea1 H\u01b0\u01a1ng (Thyme) Atlas Garden \u0111\u01b0\u1ee3c thu ho\u1ea1ch t\u1eeb nh\u1eefng c\u00e2y x\u1ea1 h\u01b0\u01a1ng \u0111\u1ea1t \u0111\u1ed9 tr\u01b0\u1edfng th\u00e0nh t\u1ed1i \u01b0u, sau \u0111\u00f3 s\u1ea5y kh\u00f4 t\u1ef1 nhi\u00ean v\u00e0 b\u1ea3o qu\u1ea3n k\u1ef9 l\u01b0\u1ee1ng \u0111\u1ec3 gi\u1eef tr\u1ecdn h\u01b0\u01a1ng v\u1ecb tinh d\u1ea7u \u0111\u1eb7c tr\u01b0ng.<\/p>\n<ul data-start=\"853\" data-end=\"1123\">\n<li data-start=\"853\" data-end=\"920\">\n<p data-start=\"855\" data-end=\"920\">100% l\u00e1 x\u1ea1 h\u01b0\u01a1ng kh\u00f4 nguy\u00ean ch\u1ea5t, kh\u00f4ng ph\u1ea9m m\u00e0u, kh\u00f4ng ph\u1ee5 gia<\/p>\n<\/li>\n<li data-start=\"921\" data-end=\"1004\">\n<p data-start=\"923\" data-end=\"1004\">M\u00f9i th\u01a1m m\u1ea1nh, th\u1ea3o m\u1ed9c \u0111\u1eb7c tr\u01b0ng \u2013 kh\u00f4ng th\u1ec3 thi\u1ebfu trong \u1ea9m th\u1ef1c \u0110\u1ecba Trung H\u1ea3i<\/p>\n<\/li>\n<li data-start=\"1005\" data-end=\"1070\">\n<p data-start=\"1007\" data-end=\"1070\">T\u0103ng h\u01b0\u01a1ng v\u1ecb cho c\u00e1c m\u00f3n th\u1ecbt n\u01b0\u1edbng, h\u1ea7m, s\u1ed1t, s\u00fap v\u00e0 rau c\u1ee7<\/p>\n<\/li>\n<li data-start=\"1071\" data-end=\"1123\">\n<p data-start=\"1073\" data-end=\"1123\">D\u1ea1ng l\u00e1 kh\u00f4, d\u1ec5 \u0111\u1ecbnh l\u01b0\u1ee3ng, ti\u1ec7n l\u1ee3i khi s\u1eed d\u1ee5ng<\/p>\n<\/li>\n<\/ul>\n<p><img decoding=\"async\" class=\"aligncenter\" src=\"https:\/\/hgtvhome.sndimg.com\/content\/dam\/images\/hgtv\/fullset\/2023\/4\/13\/shutterstock_572548042-dried-herbs.jpg.rend.hgtvcom.1280.1280.85.suffix\/1681738300889.webp\" alt=\"How to Preserve Herbs | Drying Garden Herb Tips | HGTV\" width=\"800\" height=\"800\" \/><\/p>\n<p data-start=\"1155\" data-end=\"1452\"><strong>C\u1ecf x\u1ea1 h\u01b0\u01a1ng<\/strong>\u00a0\u0111\u01b0\u1ee3c tr\u1ed3ng v\u00e0 thu ho\u1ea1ch theo ti\u00eau chu\u1ea9n ch\u1ea5t l\u01b0\u1ee3ng cao t\u1ea1i ch\u00e2u \u00c2u. Sau khi h\u00e1i, l\u00e1 \u0111\u01b0\u1ee3c ch\u1ecdn l\u1ecdc k\u1ef9 c\u00e0ng, s\u1ea5y kh\u00f4 \u1edf nhi\u1ec7t \u0111\u1ed9 th\u1ea5p \u0111\u1ec3 gi\u1eef l\u1ea1i tinh d\u1ea7u t\u1ef1 nhi\u00ean, gi\u00fap s\u1ea3n ph\u1ea9m c\u00f3 h\u01b0\u01a1ng th\u01a1m \u0111\u1eb7c tr\u01b0ng v\u00e0 \u0111\u1ed9 b\u1ec1n m\u00f9i v\u01b0\u1ee3t tr\u1ed9i. S\u1ea3n ph\u1ea9m kh\u00f4ng s\u1eed d\u1ee5ng ch\u1ea5t b\u1ea3o qu\u1ea3n hay h\u01b0\u01a1ng li\u1ec7u t\u1ed5ng h\u1ee3p.<\/p>\n<p data-start=\"1474\" data-end=\"1694\"><strong>L\u00e1 x\u1ea1 h\u01b0\u01a1ng<\/strong>\u00a0c\u00f3 h\u01b0\u01a1ng th\u01a1m m\u1ea1nh m\u1ebd, pha tr\u1ed9n gi\u1eefa m\u00f9i th\u1ea3o d\u01b0\u1ee3c v\u00e0 m\u00f9i \u0111\u1ea5t nh\u1eb9. V\u1ecb h\u01a1i cay, h\u01a1i \u0111\u1eafng, h\u1eadu v\u1ecb \u1ea5m n\u1ed3ng. \u0110\u00e2y l\u00e0 lo\u1ea1i gia v\u1ecb l\u00fd t\u01b0\u1edfng \u0111\u1ec3 t\u0103ng chi\u1ec1u s\u00e2u cho m\u00f3n \u0103n, nh\u1ea5t l\u00e0 c\u00e1c m\u00f3n n\u01b0\u1edbng, h\u1ea7m ho\u1eb7c s\u1ed1t ph\u1ee9c h\u1ee3p.<\/p>\n<p data-start=\"1474\" data-end=\"1694\"><img decoding=\"async\" class=\"aligncenter\" src=\"https:\/\/havamall.com\/wp-content\/uploads\/2025\/06\/turkish-thyme-dried-thyme-leaves-slofoodgroup-399169_2048x.jpg\" alt=\"Turkish Thyme - Dried Thyme Leaves | Wild-Harvested | Herbs &amp; Spices\" width=\"801\" height=\"801\" \/><\/p>\n<h3><strong>C\u00d4NG D\u1ee4NG V\u00c0 L\u1ee2I \u00cdCH<\/strong><\/h3>\n<ul data-start=\"1720\" data-end=\"2090\">\n<li data-start=\"1720\" data-end=\"1781\">\n<p data-start=\"1722\" data-end=\"1781\">\u01af\u1edbp th\u1ecbt \u0111\u1ecf, th\u1ecbt gia c\u1ea7m, c\u00e1 ho\u1eb7c rau c\u1ee7 tr\u01b0\u1edbc khi n\u01b0\u1edbng<\/p>\n<\/li>\n<li data-start=\"1782\" data-end=\"1844\">\n<p data-start=\"1784\" data-end=\"1844\">Th\u00eam v\u00e0o n\u01b0\u1edbc s\u1ed1t c\u00e0 chua, m\u00f3n h\u1ea7m, s\u00fap, m\u00ec \u00dd ho\u1eb7c \u0111\u1eadu h\u1ea7m<\/p>\n<\/li>\n<li data-start=\"1845\" data-end=\"1900\">\n<p data-start=\"1847\" data-end=\"1900\">R\u1eafc l\u00ean khoai t\u00e2y n\u01b0\u1edbng, pizza ho\u1eb7c b\u00e1nh m\u00ec ph\u00f4 mai<\/p>\n<\/li>\n<li data-start=\"1901\" data-end=\"2090\">\n<p data-start=\"1903\" data-end=\"2090\">K\u1ebft h\u1ee3p v\u1edbi c\u00e1c lo\u1ea1i gia v\u1ecb kh\u00e1c trong h\u1ed7n h\u1ee3p Herbes de Provence<\/p>\n<\/li>\n<\/ul>\n<p data-start=\"2164\" data-end=\"2270\"><strong data-start=\"1971\" data-end=\"1983\">M\u1eb9o nh\u1ecf:<\/strong>\u00a0Th\u00eam l\u00e1 x\u1ea1 h\u01b0\u01a1ng v\u00e0o \u0111\u1ea7u ho\u1eb7c gi\u1eefa qu\u00e1 tr\u00ecnh n\u1ea5u \u0111\u1ec3 tinh d\u1ea7u c\u00f3 th\u1eddi gian lan t\u1ecfa v\u00e0 h\u00f2a quy\u1ec7n v\u1edbi m\u00f3n \u0103n.<\/p>\n<p data-start=\"2164\" data-end=\"2270\"><img loading=\"lazy\" decoding=\"async\" class=\"aligncenter\" src=\"https:\/\/daffodilsoup.co.uk\/wp-content\/uploads\/2021\/04\/IMG_8924-scaled-uai-2064x1414.jpeg\" alt=\"Herb-roast chicken with oregano, thyme, garlic and lemon \u2022 Daffodil Soup\" width=\"800\" height=\"548\" \/><\/p>\n<p data-start=\"2122\" data-end=\"2409\">L\u00e1 x\u1ea1 h\u01b0\u01a1ng ch\u1ee9a nhi\u1ec1u tinh d\u1ea7u nh\u01b0 thymol \u2013 c\u00f3 \u0111\u1eb7c t\u00ednh kh\u00e1ng khu\u1ea9n, kh\u00e1ng vi\u00eam v\u00e0 ch\u1ed1ng oxy h\u00f3a. Lo\u1ea1i th\u1ea3o m\u1ed9c n\u00e0y c\u00f2n h\u1ed7 tr\u1ee3 ti\u00eau h\u00f3a, gi\u1ea3m ho, l\u00e0m d\u1ecbu c\u1ed5 h\u1ecdng v\u00e0 t\u0103ng c\u01b0\u1eddng mi\u1ec5n d\u1ecbch t\u1ef1 nhi\u00ean. V\u00ec l\u00e0 th\u1ea3o m\u1ed9c kh\u00f4 nguy\u00ean ch\u1ea5t, s\u1ea3n ph\u1ea9m th\u00edch h\u1ee3p d\u00f9ng l\u00e2u d\u00e0i trong ch\u1ebf \u0111\u1ed9 \u0103n l\u00e0nh m\u1ea1nh.<\/p>\n<p data-start=\"2416\" data-end=\"2634\"><strong data-start=\"2416\" data-end=\"2634\">L\u00e1 C\u1ecf X\u1ea1 H\u01b0\u01a1ng Atlas Garden 21g hi\u1ec7n c\u00f3 m\u1eb7t t\u1ea1i Havamall \u2013 cam k\u1ebft nh\u1eadp kh\u1ea9u ch\u00ednh ng\u1ea1ch, ch\u1ea5t l\u01b0\u1ee3ng chu\u1ea9n ch\u00e2u \u00c2u, l\u00e0 l\u1ef1a ch\u1ecdn l\u00fd t\u01b0\u1edfng cho nh\u1eefng ai y\u00eau th\u00edch \u1ea9m th\u1ef1c th\u1ea3o m\u1ed9c tinh t\u1ebf v\u00e0 phong c\u00e1ch s\u1ed1ng l\u00e0nh m\u1ea1nh.<\/strong><\/p>","protected":false},"excerpt":{"rendered":"<p>TH\u00d4NG TIN S\u1ea2N PH\u1ea8M Th\u01b0\u01a1ng hi\u1ec7u Atlas Garden Xu\u1ea5t X\u1ee9 \u0110\u1ee9c Th\u00e0nh ph\u1ea7n \u00a0100% L\u00e1 c\u1ecf x\u1ea1 h\u01b0\u01a1ng (Thyme) s\u1ea5y<\/p>","protected":false},"featured_media":44609,"comment_status":"open","ping_status":"closed","template":"","meta":[],"product_brand":[],"product_cat":[595,682,154],"product_tag":[],"class_list":{"0":"post-39358","1":"product","2":"type-product","3":"status-publish","4":"has-post-thumbnail","6":"product_cat-gia-vi-va-che-bien","7":"product_cat-nhap-khau-duc","8":"product_cat-gia-vi","9":"pa_brand-atlas","11":"first","12":"instock","13":"sale","14":"shipping-taxable","15":"purchasable","16":"product-type-simple"},"_links":{"self":[{"href":"https:\/\/havamall.vn\/en\/wp-json\/wp\/v2\/product\/39358"}],"collection":[{"href":"https:\/\/havamall.vn\/en\/wp-json\/wp\/v2\/product"}],"about":[{"href":"https:\/\/havamall.vn\/en\/wp-json\/wp\/v2\/types\/product"}],"replies":[{"embeddable":true,"href":"https:\/\/havamall.vn\/en\/wp-json\/wp\/v2\/comments?post=39358"}],"version-history":[{"count":0,"href":"https:\/\/havamall.vn\/en\/wp-json\/wp\/v2\/product\/39358\/revisions"}],"wp:featuredmedia":[{"embeddable":true,"href":"https:\/\/havamall.vn\/en\/wp-json\/wp\/v2\/media\/44609"}],"wp:attachment":[{"href":"https:\/\/havamall.vn\/en\/wp-json\/wp\/v2\/media?parent=39358"}],"wp:term":[{"taxonomy":"product_brand","embeddable":true,"href":"https:\/\/havamall.vn\/en\/wp-json\/wp\/v2\/product_brand?post=39358"},{"taxonomy":"product_cat","embeddable":true,"href":"https:\/\/havamall.vn\/en\/wp-json\/wp\/v2\/product_cat?post=39358"},{"taxonomy":"product_tag","embeddable":true,"href":"https:\/\/havamall.vn\/en\/wp-json\/wp\/v2\/product_tag?post=39358"}],"curies":[{"name":"wp","href":"https:\/\/api.w.org\/{rel}","templated":true}]}}