{"id":39354,"date":"2025-06-10T11:16:37","date_gmt":"2025-06-10T04:16:37","guid":{"rendered":"https:\/\/havamall.vn\/?post_type=product&#038;p=39354"},"modified":"2026-03-18T15:52:29","modified_gmt":"2026-03-18T08:52:29","slug":"la-kinh-gioi-ngot-xay-atlas-garden-15g-atlas-garden-marjoram-rubbed-15gr","status":"publish","type":"product","link":"https:\/\/havamall.vn\/en\/shop\/la-kinh-gioi-ngot-xay-atlas-garden-15g-atlas-garden-marjoram-rubbed-15gr\/","title":{"rendered":"L\u00e1 Kinh Gi\u1edbi Ng\u1ecdt Xay Atlas Garden 15g \u2013 Atlas Garden Marjoram Rubbed 15gr"},"content":{"rendered":"<h3><strong>TH\u00d4NG TIN S\u1ea2N PH\u1ea8M<\/strong><\/h3>\n<table>\n<tbody>\n<tr>\n<td>Th\u01b0\u01a1ng hi\u1ec7u<\/td>\n<td>Atlas Garden<\/td>\n<\/tr>\n<tr>\n<td>Xu\u1ea5t X\u1ee9<\/td>\n<td>\u0110\u1ee9c<\/td>\n<\/tr>\n<tr>\n<td>Th\u00e0nh ph\u1ea7n<\/td>\n<td>\n<p data-start=\"1054\" data-end=\"1149\">100% L\u00e1 kinh gi\u1edbi ng\u1ecdt (Marjoram) s\u1ea5y kh\u00f4 t\u1ef1 nhi\u00ean<\/p>\n<\/td>\n<\/tr>\n<tr>\n<td>H\u1ea1n s\u1eed d\u1ee5ng<\/td>\n<td>Xem tr\u00ean bao b\u00ec<\/td>\n<\/tr>\n<tr>\n<td>B\u1ea3o qu\u1ea3n<\/td>\n<td>N\u01a1i kh\u00f4 r\u00e1o, tho\u00e1ng m\u00e1t, tr\u00e1nh \u00e1nh n\u1eafng tr\u1ef1c ti\u1ebfp v\u00e0 nhi\u1ec7t \u0111\u1ed9 cao. \u0110\u00f3ng ch\u1eb7t n\u1eafp sau khi s\u1eed d\u1ee5ng.<\/td>\n<\/tr>\n<tr>\n<td>Kh\u1ed1i l\u01b0\u1ee3ng t\u1ecbnh<\/td>\n<td>18g<\/td>\n<\/tr>\n<\/tbody>\n<\/table>\n<h3><strong>GI\u1edaI THI\u1ec6U TH\u01af\u01a0NG HI\u1ec6U<\/strong><\/h3>\n<p data-start=\"189\" data-end=\"533\"><strong data-start=\"189\" data-end=\"205\">Atlas Garden<\/strong>\u00a0l\u00e0 th\u01b0\u01a1ng hi\u1ec7u gia v\u1ecb nh\u1eadp kh\u1ea9u t\u1eeb \u0110\u1ee9c, chuy\u00ean cung c\u1ea5p c\u00e1c lo\u1ea1i gia v\u1ecb v\u00e0 th\u1ea3o m\u1ed9c nguy\u00ean ch\u1ea5t, chu\u1ea9n ch\u1ea5t l\u01b0\u1ee3ng ch\u00e2u \u00c2u. V\u1edbi t\u00f4n ch\u1ec9\u00a0<strong data-start=\"341\" data-end=\"393\">\u201cGia v\u1ecb s\u1ea1ch \u2013 H\u01b0\u01a1ng v\u1ecb chu\u1ea9n \u2013 \u1ea8m th\u1ef1c tinh t\u1ebf\u201d<\/strong>, Atlas Garden \u0111\u1ed3ng h\u00e0nh c\u00f9ng ng\u01b0\u1eddi ti\u00eau d\u00f9ng trong h\u00e0nh tr\u00ecnh n\u00e2ng t\u1ea7m b\u1eefa \u0103n m\u1ed7i ng\u00e0y v\u1edbi nh\u1eefng nguy\u00ean li\u1ec7u t\u1ef1 nhi\u00ean, an to\u00e0n v\u00e0 ti\u1ec7n l\u1ee3i.<\/p>\n<p data-start=\"189\" data-end=\"533\"><img fetchpriority=\"high\" decoding=\"async\" class=\"aligncenter size-full wp-image-40230\" src=\"https:\/\/havamall.com\/wp-content\/uploads\/2025\/06\/Atlas-Logo-2.png\" alt=\"\" width=\"800\" height=\"420\" \/><\/p>\n<h3><strong>\u0110\u1eb6C \u0110I\u1ec2M S\u1ea2N PH\u1ea8M<\/strong><\/h3>\n<p data-start=\"659\" data-end=\"898\"><strong>L\u00e1 Kinh Gi\u1edbi Ng\u1ecdt (Marjoram) Atlas Garden<\/strong>\u00a0l\u00e0 th\u1ea3o m\u1ed9c c\u00f3 h\u01b0\u01a1ng th\u01a1m nh\u1eb9 nh\u00e0ng, ng\u1ecdt d\u1ecbu, mang s\u1eafc th\u00e1i \u1ea5m \u00e1p v\u00e0 thanh tho\u00e1t. S\u1ea3n ph\u1ea9m \u0111\u01b0\u1ee3c l\u00e0m t\u1eeb 100% l\u00e1 kinh gi\u1edbi ng\u1ecdt s\u1ea5y kh\u00f4 v\u00e0 nghi\u1ec1n nh\u1eb9 (rubbed), gi\u1eef \u0111\u01b0\u1ee3c tr\u1ecdn v\u1eb9n tinh d\u1ea7u t\u1ef1 nhi\u00ean.<\/p>\n<ul data-start=\"899\" data-end=\"1120\">\n<li data-start=\"899\" data-end=\"956\">\n<p data-start=\"901\" data-end=\"956\">L\u00e1 kh\u00f4 nghi\u1ec1n nh\u1eb9, kh\u00f4ng ph\u1ee5 gia, kh\u00f4ng ch\u1ea5t b\u1ea3o qu\u1ea3n<\/p>\n<\/li>\n<li data-start=\"957\" data-end=\"1007\">\n<p data-start=\"959\" data-end=\"1007\">H\u01b0\u01a1ng th\u01a1m ng\u1ecdt d\u1ecbu, thanh m\u00e1t, v\u1ecb h\u01a1i cay nh\u1eb9<\/p>\n<\/li>\n<li data-start=\"1008\" data-end=\"1073\">\n<p data-start=\"1010\" data-end=\"1073\">L\u00fd t\u01b0\u1edfng cho c\u00e1c m\u00f3n \u00c2u nh\u01b0 s\u00fap, s\u1ed1t, th\u1ecbt h\u1ea7m, tr\u1ee9ng, rau c\u1ee7<\/p>\n<\/li>\n<li data-start=\"1074\" data-end=\"1120\">\n<p data-start=\"1076\" data-end=\"1120\">D\u1ec5 s\u1eed d\u1ee5ng, ph\u00f9 h\u1ee3p c\u1ea3 m\u00f3n chay v\u00e0 m\u00f3n m\u1eb7n<\/p>\n<\/li>\n<\/ul>\n<p><img decoding=\"async\" class=\"aligncenter\" src=\"https:\/\/havamall.com\/wp-content\/uploads\/2025\/06\/Simply-Recipes-Marjoram-Guide-LEAD-05-5f90a34f9f77487785493db86b85589b.jpg\" alt=\"What Is Marjoram? Uses, Taste, and More\" width=\"801\" height=\"534\" \/><\/p>\n<p data-start=\"1152\" data-end=\"1437\"><strong>C\u00e2y kinh gi\u1edbi ng\u1ecdt<\/strong>\u00a0\u0111\u01b0\u1ee3c thu ho\u1ea1ch v\u00e0o \u0111\u00fang th\u1eddi \u0111i\u1ec3m cho l\u01b0\u1ee3ng tinh d\u1ea7u cao nh\u1ea5t, sau \u0111\u00f3 s\u1ea5y kh\u00f4 v\u00e0 nghi\u1ec1n nh\u1eb9 b\u1eb1ng c\u00f4ng ngh\u1ec7 hi\u1ec7n \u0111\u1ea1i t\u1ea1i \u0110\u1ee9c. Quy tr\u00ecnh n\u00e0y gi\u00fap gi\u1eef l\u1ea1i t\u1ed1i \u0111a h\u01b0\u01a1ng th\u01a1m v\u00e0 gi\u00e1 tr\u1ecb dinh d\u01b0\u1ee1ng, \u0111\u1ea3m b\u1ea3o s\u1ea3n ph\u1ea9m lu\u00f4n t\u01b0\u01a1i m\u1edbi v\u00e0 tinh khi\u1ebft khi \u0111\u1ebfn tay ng\u01b0\u1eddi ti\u00eau d\u00f9ng.<\/p>\n<p data-start=\"1459\" data-end=\"1656\"><strong>Marjoram<\/strong>\u00a0c\u00f3 m\u00f9i h\u01b0\u01a1ng \u1ea5m \u00e1p, ng\u1ecdt ng\u00e0o, d\u1ecbu nh\u1eb9 h\u01a1n so v\u1edbi oregano (kinh gi\u1edbi cay). V\u1ecb\u00a0<strong>cay nh\u1eb9<\/strong>\u00a0v\u00e0\u00a0<strong>h\u1eadu v\u1ecb h\u01a1i \u0111\u1eafng<\/strong>, r\u1ea5t th\u00edch h\u1ee3p \u0111\u1ec3 c\u00e2n b\u1eb1ng v\u1ecb trong c\u00e1c m\u00f3n \u0103n c\u00f3 nhi\u1ec1u ch\u1ea5t b\u00e9o ho\u1eb7c \u0111\u1ea1m \u0111\u1ed9ng v\u1eadt.<\/p>\n<p data-start=\"1459\" data-end=\"1656\"><img decoding=\"async\" class=\"aligncenter\" src=\"https:\/\/havamall.com\/wp-content\/uploads\/2025\/06\/harvested-marjoram.jpg\" alt=\"How to Plant, Grow, and Care for Marjoram\" width=\"800\" height=\"450\" \/><\/p>\n<h3><strong>C\u00d4NG D\u1ee4NG V\u00c0 L\u1ee2I \u00cdCH<\/strong><\/h3>\n<ul>\n<li data-start=\"1682\" data-end=\"1749\">\n<p data-start=\"1684\" data-end=\"1749\">\u01af\u1edbp ho\u1eb7c n\u00eam c\u00e1c m\u00f3n th\u1ecbt n\u01b0\u1edbng, th\u1ecbt h\u1ea7m, x\u00fac x\u00edch, c\u00e1, rau c\u1ee7<\/p>\n<\/li>\n<li data-start=\"1750\" data-end=\"1798\">\n<p data-start=\"1752\" data-end=\"1798\">Th\u00eam v\u00e0o n\u01b0\u1edbc s\u1ed1t, s\u00fap, n\u01b0\u1edbc d\u00f9ng g\u00e0 ho\u1eb7c b\u00f2<\/p>\n<\/li>\n<li data-start=\"1799\" data-end=\"1869\">\n<p data-start=\"1801\" data-end=\"1869\">D\u00f9ng trong m\u00f3n tr\u1ee9ng, ph\u00f4 mai, pizza, m\u00ec \u00dd, m\u00f3n chay ho\u1eb7c \u0111\u1eadu l\u0103ng<\/p>\n<\/li>\n<li data-start=\"1870\" data-end=\"2059\">\n<p data-start=\"1872\" data-end=\"2059\">K\u1ebft h\u1ee3p t\u1ed1t v\u1edbi oregano, h\u00fang t\u00e2y (thyme), h\u00fang qu\u1ebf (basil) trong c\u00e1c h\u1ed7n h\u1ee3p gia v\u1ecb \u0110\u1ecba Trung H\u1ea3i<\/p>\n<\/li>\n<\/ul>\n<p data-start=\"2164\" data-end=\"2270\"><strong data-start=\"1973\" data-end=\"1985\">M\u1eb9o nh\u1ecf:<\/strong>\u00a0Marjoram n\u00ean cho v\u00e0o m\u00f3n \u0103n \u1edf giai \u0111o\u1ea1n cu\u1ed1i \u0111\u1ec3 gi\u1eef \u0111\u01b0\u1ee3c tr\u1ecdn h\u01b0\u01a1ng th\u01a1m.<\/p>\n<p data-start=\"2164\" data-end=\"2270\"><img loading=\"lazy\" decoding=\"async\" class=\"aligncenter\" src=\"https:\/\/havamall.com\/wp-content\/uploads\/2025\/06\/Easy-Vegan-Mushroom-Soup-2.jpg\" alt=\"Easy Vegan Mushroom Soup - Vibrant plate\" width=\"801\" height=\"1202\" \/><\/p>\n<p data-start=\"2091\" data-end=\"2378\"><strong>L\u00e1 kinh gi\u1edbi ng\u1ecdt<\/strong>\u00a0ch\u1ee9a nhi\u1ec1u h\u1ee3p ch\u1ea5t ch\u1ed1ng oxy h\u00f3a v\u00e0 tinh d\u1ea7u t\u1ef1 nhi\u00ean c\u00f3 t\u00e1c d\u1ee5ng h\u1ed7 tr\u1ee3 ti\u00eau h\u00f3a, gi\u1ea3m vi\u00eam, l\u00e0m d\u1ecbu th\u1ea7n kinh v\u00e0 c\u1ea3i thi\u1ec7n gi\u1ea5c ng\u1ee7. Ngo\u00e0i ra, lo\u1ea1i th\u1ea3o m\u1ed9c n\u00e0y c\u00f2n gi\u00fap gi\u1ea3m \u0111\u1ea7y h\u01a1i v\u00e0 \u0111i\u1ec1u h\u00f2a n\u1ed9i ti\u1ebft, ph\u00f9 h\u1ee3p cho c\u1ea3 ng\u01b0\u1eddi l\u1edbn v\u00e0 tr\u1ebb nh\u1ecf n\u1ebfu d\u00f9ng \u0111\u00fang li\u1ec1u l\u01b0\u1ee3ng.<\/p>\n<p data-start=\"2385\" data-end=\"2578\"><strong data-start=\"2385\" data-end=\"2578\">L\u00e1 Kinh Gi\u1edbi Ng\u1ecdt Xay Atlas Garden 18g hi\u1ec7n c\u00f3 m\u1eb7t t\u1ea1i Havamall \u2013 nh\u1eadp kh\u1ea9u tr\u1ef1c ti\u1ebfp t\u1eeb \u0110\u1ee9c, l\u00e0 l\u1ef1a ch\u1ecdn l\u00fd t\u01b0\u1edfng cho nh\u1eefng ai theo \u0111u\u1ed5i phong c\u00e1ch \u1ea9m th\u1ef1c tinh t\u1ebf, nh\u1eb9 nh\u00e0ng v\u00e0 l\u00e0nh m\u1ea1nh.<\/strong><\/p>","protected":false},"excerpt":{"rendered":"<p>TH\u00d4NG TIN S\u1ea2N PH\u1ea8M Th\u01b0\u01a1ng hi\u1ec7u Atlas Garden Xu\u1ea5t X\u1ee9 \u0110\u1ee9c Th\u00e0nh ph\u1ea7n 100% L\u00e1 kinh gi\u1edbi ng\u1ecdt (Marjoram) s\u1ea5y<\/p>","protected":false},"featured_media":44633,"comment_status":"open","ping_status":"closed","template":"","meta":[],"product_brand":[],"product_cat":[595,682,154],"product_tag":[],"class_list":{"0":"post-39354","1":"product","2":"type-product","3":"status-publish","4":"has-post-thumbnail","6":"product_cat-gia-vi-va-che-bien","7":"product_cat-nhap-khau-duc","8":"product_cat-gia-vi","9":"pa_brand-atlas","11":"first","12":"instock","13":"sale","14":"shipping-taxable","15":"purchasable","16":"product-type-simple"},"_links":{"self":[{"href":"https:\/\/havamall.vn\/en\/wp-json\/wp\/v2\/product\/39354"}],"collection":[{"href":"https:\/\/havamall.vn\/en\/wp-json\/wp\/v2\/product"}],"about":[{"href":"https:\/\/havamall.vn\/en\/wp-json\/wp\/v2\/types\/product"}],"replies":[{"embeddable":true,"href":"https:\/\/havamall.vn\/en\/wp-json\/wp\/v2\/comments?post=39354"}],"version-history":[{"count":0,"href":"https:\/\/havamall.vn\/en\/wp-json\/wp\/v2\/product\/39354\/revisions"}],"wp:featuredmedia":[{"embeddable":true,"href":"https:\/\/havamall.vn\/en\/wp-json\/wp\/v2\/media\/44633"}],"wp:attachment":[{"href":"https:\/\/havamall.vn\/en\/wp-json\/wp\/v2\/media?parent=39354"}],"wp:term":[{"taxonomy":"product_brand","embeddable":true,"href":"https:\/\/havamall.vn\/en\/wp-json\/wp\/v2\/product_brand?post=39354"},{"taxonomy":"product_cat","embeddable":true,"href":"https:\/\/havamall.vn\/en\/wp-json\/wp\/v2\/product_cat?post=39354"},{"taxonomy":"product_tag","embeddable":true,"href":"https:\/\/havamall.vn\/en\/wp-json\/wp\/v2\/product_tag?post=39354"}],"curies":[{"name":"wp","href":"https:\/\/api.w.org\/{rel}","templated":true}]}}