{"id":39345,"date":"2025-06-10T11:05:56","date_gmt":"2025-06-10T04:05:56","guid":{"rendered":"https:\/\/havamall.vn\/?post_type=product&#038;p=39345"},"modified":"2026-03-17T16:26:17","modified_gmt":"2026-03-17T09:26:17","slug":"gia-vi-tong-hop-thao-moc-atlas-garden-23g-atlas-garden-mixed-herb-23gr","status":"publish","type":"product","link":"https:\/\/havamall.vn\/en\/shop\/gia-vi-tong-hop-thao-moc-atlas-garden-23g-atlas-garden-mixed-herb-23gr\/","title":{"rendered":"Gia V\u1ecb T\u1ed5ng H\u1ee3p Th\u1ea3o M\u1ed9c Atlas Garden 23g \u2013 Atlas Garden Mixed Herb 23gr"},"content":{"rendered":"<h3><strong>TH\u00d4NG TIN S\u1ea2N PH\u1ea8M<\/strong><\/h3>\n<table>\n<tbody>\n<tr>\n<td>Th\u01b0\u01a1ng hi\u1ec7u<\/td>\n<td>Atlas Garden<\/td>\n<\/tr>\n<tr>\n<td>Xu\u1ea5t X\u1ee9<\/td>\n<td>\u0110\u1ee9c<\/td>\n<\/tr>\n<tr>\n<td>Th\u00e0nh ph\u1ea7n<\/td>\n<td>\n<p data-start=\"1054\" data-end=\"1149\">h\u00fang t\u00e2y (thyme), h\u00fang qu\u1ebf (basil), kinh gi\u1edbi cay (oregano), h\u01b0\u01a1ng th\u1ea3o (rosemary), m\u00f9i t\u00e2y (parsley)\u2026<\/p>\n<\/td>\n<\/tr>\n<tr>\n<td>H\u1ea1n s\u1eed d\u1ee5ng<\/td>\n<td>Xem tr\u00ean bao b\u00ec<\/td>\n<\/tr>\n<tr>\n<td>B\u1ea3o qu\u1ea3n<\/td>\n<td>N\u01a1i kh\u00f4 r\u00e1o, tho\u00e1ng m\u00e1t, tr\u00e1nh \u00e1nh n\u1eafng tr\u1ef1c ti\u1ebfp v\u00e0 nhi\u1ec7t \u0111\u1ed9 cao. \u0110\u00f3ng ch\u1eb7t n\u1eafp sau khi s\u1eed d\u1ee5ng.<\/td>\n<\/tr>\n<tr>\n<td>Kh\u1ed1i l\u01b0\u1ee3ng t\u1ecbnh<\/td>\n<td>23g<\/td>\n<\/tr>\n<\/tbody>\n<\/table>\n<h3><strong>GI\u1edaI THI\u1ec6U TH\u01af\u01a0NG HI\u1ec6U<\/strong><\/h3>\n<p data-start=\"286\" data-end=\"625\">Atlas Garden l\u00e0 th\u01b0\u01a1ng hi\u1ec7u gia v\u1ecb v\u00e0 th\u1ea3o m\u1ed9c nh\u1eadp kh\u1ea9u t\u1eeb \u0110\u1ee9c, n\u1ed5i b\u1eadt v\u1edbi cam k\u1ebft \u201c<strong>Gia v\u1ecb s\u1ea1ch \u2013 H\u01b0\u01a1ng v\u1ecb chu\u1ea9n \u2013 \u1ea8m th\u1ef1c tinh t\u1ebf<\/strong>\u201d. M\u1ed7i s\u1ea3n ph\u1ea9m c\u1ee7a Atlas Garden \u0111\u1ec1u \u0111\u01b0\u1ee3c ch\u1ecdn l\u1ecdc k\u1ef9 l\u01b0\u1ee1ng t\u1eeb ngu\u1ed3n nguy\u00ean li\u1ec7u t\u1ef1 nhi\u00ean, ch\u1ebf bi\u1ebfn theo quy tr\u00ecnh hi\u1ec7n \u0111\u1ea1i chu\u1ea9n ch\u00e2u \u00c2u, nh\u1eb1m mang l\u1ea1i tr\u1ea3i nghi\u1ec7m \u1ea9m th\u1ef1c an to\u00e0n, ti\u1ec7n l\u1ee3i v\u00e0 gi\u00e0u b\u1ea3n s\u1eafc.<\/p>\n<p data-start=\"286\" data-end=\"625\"><img fetchpriority=\"high\" decoding=\"async\" class=\"aligncenter size-full wp-image-40221\" src=\"https:\/\/havamall.com\/wp-content\/uploads\/2025\/06\/Atlas-Logo-1.png\" alt=\"\" width=\"800\" height=\"420\" \/><\/p>\n<h3><strong>\u0110\u1eb6C \u0110I\u1ec2M S\u1ea2N PH\u1ea8M<\/strong><\/h3>\n<p data-start=\"655\" data-end=\"981\"><strong>Gia V\u1ecb T\u1ed5ng H\u1ee3p Th\u1ea3o M\u1ed9c Atlas Garden<\/strong>\u00a0l\u00e0 s\u1ef1 ph\u1ed1i h\u1ee3p h\u00e0i h\u00f2a gi\u1eefa c\u00e1c lo\u1ea1i l\u00e1 th\u1ea3o m\u1ed9c \u0110\u1ecba Trung H\u1ea3i kh\u00f4 nh\u01b0<em><strong>\u00a0h\u00fang t\u00e2y (thyme), h\u00fang qu\u1ebf (basil), kinh gi\u1edbi cay (oregano), h\u01b0\u01a1ng th\u1ea3o (rosemary), m\u00f9i t\u00e2y (parsley)\u2026<\/strong><\/em>\u00a0S\u1ea3n ph\u1ea9m mang h\u01b0\u01a1ng v\u1ecb \u0111\u1eb7c tr\u01b0ng c\u1ee7a \u1ea9m th\u1ef1c ch\u00e2u \u00c2u, gi\u00fap l\u00e0m d\u1eady m\u00f9i, c\u00e2n b\u1eb1ng v\u1ecb v\u00e0 t\u1ea1o chi\u1ec1u s\u00e2u cho m\u00f3n \u0103n.<\/p>\n<ul data-start=\"982\" data-end=\"1225\">\n<li data-start=\"982\" data-end=\"1059\">\n<p data-start=\"984\" data-end=\"1059\"><strong>Th\u00e0nh ph\u1ea7n 100% th\u1ea3o m\u1ed9c kh\u00f4 t\u1ef1 nhi\u00ean<\/strong>, kh\u00f4ng ph\u1ee5 gia, kh\u00f4ng ch\u1ea5t b\u1ea3o qu\u1ea3n<\/p>\n<\/li>\n<li data-start=\"1060\" data-end=\"1130\">\n<p data-start=\"1062\" data-end=\"1130\">T\u1ef7 l\u1ec7 pha tr\u1ed9n t\u1ed1i \u01b0u \u2013 ti\u1ec7n l\u1ee3i, d\u1ec5 d\u00f9ng cho c\u1ea3 ng\u01b0\u1eddi m\u1edbi b\u1eaft \u0111\u1ea7u<\/p>\n<\/li>\n<li data-start=\"1131\" data-end=\"1175\">\n<p data-start=\"1133\" data-end=\"1175\"><strong>H\u01b0\u01a1ng th\u01a1m t\u01b0\u01a1i m\u00e1t, ph\u1ee9c h\u1ee3p v\u00e0 tinh t\u1ebf<\/strong><\/p>\n<\/li>\n<li data-start=\"1176\" data-end=\"1225\">\n<p data-start=\"1178\" data-end=\"1225\"><strong>D\u1ea1ng l\u00e1 kh\u00f4 nghi\u1ec1n nh\u1eb9, d\u1ec5 tan<\/strong>\u00a0v\u00e0 d\u1ec5 b\u1ea3o qu\u1ea3n<\/p>\n<\/li>\n<\/ul>\n<p><img decoding=\"async\" class=\"aligncenter\" src=\"https:\/\/havamall.com\/wp-content\/uploads\/2025\/06\/AR-223272-herbs-de-provence-DDMFS-2x1-1599d08c8aa04a2f871f4d580763a588.jpg\" alt=\"Herbs de Provence\" width=\"801\" height=\"401\" \/><\/p>\n<p data-start=\"1257\" data-end=\"1518\"><strong>C\u00e1c lo\u1ea1i th\u1ea3o m\u1ed9c<\/strong>\u00a0\u0111\u01b0\u1ee3c thu ho\u1ea1ch\u00a0<strong>\u0111\u00fang th\u1eddi \u0111i\u1ec3m<\/strong>\u00a0tinh d\u1ea7u \u0111\u1ea1t h\u00e0m l\u01b0\u1ee3ng\u00a0<strong>cao nh\u1ea5t<\/strong>,\u00a0<strong>s\u1ea5y kh\u00f4<\/strong>\u00a0nh\u1eb9 nh\u00e0ng<strong>\u00a0\u1edf nhi\u1ec7t \u0111\u1ed9 th\u1ea5p<\/strong>, sau \u0111\u00f3 ph\u1ed1i tr\u1ed9n theo c\u00f4ng th\u1ee9c chu\u1ea9n ch\u00e2u \u00c2u. Quy tr\u00ecnh \u0111\u00f3ng g\u00f3i k\u00edn, \u0111\u1ea3m b\u1ea3o gi\u1eef tr\u1ecdn h\u01b0\u01a1ng v\u1ecb v\u00e0 \u0111\u1ed9 t\u01b0\u01a1i c\u1ee7a t\u1eebng lo\u1ea1i th\u1ea3o m\u1ed9c trong h\u1ed7n h\u1ee3p.<\/p>\n<p data-start=\"1540\" data-end=\"1768\">S\u1ea3n ph\u1ea9m mang\u00a0<strong>h\u01b0\u01a1ng th\u1ea3o m\u1ed9c t\u1ed5ng h\u00f2a<\/strong>:\u00a0<strong>v\u1eeba \u1ea5m, v\u1eeba m\u00e1t, xen ch\u00fat ng\u1ecdt nh\u1eb9 v\u00e0 h\u1eadu v\u1ecb cay d\u1ecbu<\/strong>. \u0110\u00e2y l\u00e0 lo\u1ea1i gia v\u1ecb kh\u00f4ng th\u1ec3 thi\u1ebfu trong c\u00e1c m\u00f3n \u0103n \u0110\u1ecba Trung H\u1ea3i, mang \u0111\u1ebfn c\u1ea3m gi\u00e1c thanh tho\u00e1t, nh\u1eb9 nh\u00e0ng v\u00e0 \u0111\u1ea7y s\u1ee9c s\u1ed1ng cho m\u00f3n \u0103n.<\/p>\n<p data-start=\"1540\" data-end=\"1768\"><img decoding=\"async\" class=\"aligncenter\" src=\"https:\/\/havamall.com\/wp-content\/uploads\/2025\/06\/817OKOA9GeL._AC_SL1500.jpg\" alt=\"Rubbed Oregano 150g Natural Herb Premium Quality Non-GMO Gluten-Free Aromatic Herb for Italian and Mediterranean Cooking Seasoning and Sauces Fresh and Flavorful No Additives | Buy Now in International | GoSupps.com\" width=\"800\" height=\"800\" \/><\/p>\n<h3><strong>C\u00d4NG D\u1ee4NG V\u00c0 L\u1ee2I \u00cdCH<\/strong><\/h3>\n<ul data-start=\"1794\" data-end=\"2153\">\n<li data-start=\"1794\" data-end=\"1837\">\n<p data-start=\"1796\" data-end=\"1837\">N\u00eam v\u00e0o m\u00f3n n\u01b0\u1edbng: g\u00e0, c\u00e1, s\u01b0\u1eddn, rau c\u1ee7<\/p>\n<\/li>\n<li data-start=\"1838\" data-end=\"1887\">\n<p data-start=\"1840\" data-end=\"1887\">\u01af\u1edbp th\u1ecbt, c\u00e1, ho\u1eb7c l\u00e0m h\u1ed7n h\u1ee3p x\u1ed1t BBQ, s\u1ed1t \u00dd<\/p>\n<\/li>\n<li data-start=\"1888\" data-end=\"1948\">\n<p data-start=\"1890\" data-end=\"1948\">Th\u00eam v\u00e0o m\u00ec \u1ed1ng, pizza, m\u00f3n tr\u1ee9ng, n\u01b0\u1edbc s\u1ed1t ho\u1eb7c m\u00f3n h\u1ea7m<\/p>\n<\/li>\n<li data-start=\"1949\" data-end=\"2153\">\n<p data-start=\"1951\" data-end=\"2153\">D\u00f9ng trong m\u00f3n chay, s\u00fap \u0111\u1eadu, c\u01a1m tr\u1ed9n ho\u1eb7c khoai t\u00e2y n\u01b0\u1edbng<\/p>\n<\/li>\n<\/ul>\n<p><strong data-start=\"2013\" data-end=\"2025\">M\u1eb9o nh\u1ecf:<\/strong>\u00a0Tr\u1ed9n gia v\u1ecb th\u1ea3o m\u1ed9c v\u1edbi d\u1ea7u \u00f4 liu \u0111\u1ec3 \u01b0\u1edbp ho\u1eb7c d\u00f9ng l\u00e0m s\u1ed1t ch\u1ea5m b\u00e1nh m\u00ec \u2013 c\u00e1ch nhanh nh\u1ea5t \u0111\u1ec3 \u201cch\u00e2u \u00c2u h\u00f3a\u201d b\u1eefa \u0103n th\u01b0\u1eddng ng\u00e0y.<\/p>\n<p><img loading=\"lazy\" decoding=\"async\" class=\"aligncenter\" src=\"https:\/\/havamall.com\/wp-content\/uploads\/2025\/06\/Goop_071919-RoastChicken4Ways-Hero_40926-1024x780.jpg\" alt=\"Mediterranean Roast Chicken with Oregano and Garlic\" width=\"800\" height=\"609\" \/><\/p>\n<h4 data-start=\"2155\" data-end=\"2184\"><strong data-start=\"2160\" data-end=\"2182\">C\u00f4ng d\u1ee5ng s\u1ee9c kh\u1ecfe<\/strong><\/h4>\n<p data-start=\"2185\" data-end=\"2270\">Th\u1ea3o m\u1ed9c kh\u00f4ng ch\u1ec9 t\u0103ng h\u01b0\u01a1ng v\u1ecb cho m\u00f3n \u0103n m\u00e0 c\u00f2n mang l\u1ea1i nhi\u1ec1u l\u1ee3i \u00edch s\u1ee9c kh\u1ecfe:<\/p>\n<ul data-start=\"2271\" data-end=\"2539\">\n<li data-start=\"2271\" data-end=\"2324\">\n<p data-start=\"2273\" data-end=\"2324\">Gi\u00e0u ch\u1ea5t ch\u1ed1ng oxy h\u00f3a, gi\u00fap trung h\u00f2a g\u1ed1c t\u1ef1 do<\/p>\n<\/li>\n<li data-start=\"2325\" data-end=\"2374\">\n<p data-start=\"2327\" data-end=\"2374\">H\u1ed7 tr\u1ee3 ti\u00eau h\u00f3a, gi\u1ea3m \u0111\u1ea7y h\u01a1i, kh\u00e1ng vi\u00eam nh\u1eb9<\/p>\n<\/li>\n<li data-start=\"2375\" data-end=\"2539\">\n<p data-start=\"2377\" data-end=\"2539\">T\u0103ng c\u01b0\u1eddng \u0111\u1ec1 kh\u00e1ng t\u1ef1 nhi\u00ean, t\u1ed1t cho h\u1ec7 h\u00f4 h\u1ea5p v\u00e0 tim m\u1ea1ch<br data-start=\"2436\" data-end=\"2439\" \/>V\u1edbi h\u1ed7n h\u1ee3p th\u1ea3o m\u1ed9c t\u1ef1 nhi\u00ean, s\u1ea3n ph\u1ea9m ph\u00f9 h\u1ee3p cho c\u1ea3 ng\u01b0\u1eddi \u0103n chay, \u0103n ki\u00eang v\u00e0 ch\u1ebf \u0111\u1ed9 \u0103n healthy.<\/p>\n<\/li>\n<\/ul>\n<p><img loading=\"lazy\" decoding=\"async\" class=\"aligncenter\" src=\"https:\/\/havamall.com\/wp-content\/uploads\/2025\/06\/f-dipping-oil-1.jpg\" alt=\"Bread Dipping Oil\" width=\"800\" height=\"800\" \/><\/p>\n<p data-start=\"2546\" data-end=\"2772\"><strong data-start=\"2546\" data-end=\"2772\">Gia V\u1ecb T\u1ed5ng H\u1ee3p Th\u1ea3o M\u1ed9c Atlas Garden 23g hi\u1ec7n c\u00f3 m\u1eb7t t\u1ea1i Havamall \u2013 s\u1ea3n ph\u1ea9m nh\u1eadp kh\u1ea9u tr\u1ef1c ti\u1ebfp t\u1eeb \u0110\u1ee9c, ti\u1ec7n l\u1ee3i cho m\u1ecdi c\u0103n b\u1ebfp, \u0111\u1eb7c bi\u1ec7t l\u00fd t\u01b0\u1edfng cho nh\u1eefng ai y\u00eau th\u00edch h\u01b0\u01a1ng v\u1ecb ch\u00e2u \u00c2u chu\u1ea9n m\u1ef1c v\u00e0 l\u1ed1i s\u1ed1ng l\u00e0nh m\u1ea1nh.<\/strong><\/p>","protected":false},"excerpt":{"rendered":"<p>TH\u00d4NG TIN S\u1ea2N PH\u1ea8M Th\u01b0\u01a1ng hi\u1ec7u Atlas Garden Xu\u1ea5t X\u1ee9 \u0110\u1ee9c Th\u00e0nh ph\u1ea7n h\u00fang t\u00e2y (thyme), h\u00fang qu\u1ebf (basil), kinh<\/p>","protected":false},"featured_media":44614,"comment_status":"open","ping_status":"closed","template":"","meta":[],"product_brand":[],"product_cat":[595,682,154],"product_tag":[],"class_list":{"0":"post-39345","1":"product","2":"type-product","3":"status-publish","4":"has-post-thumbnail","6":"product_cat-gia-vi-va-che-bien","7":"product_cat-nhap-khau-duc","8":"product_cat-gia-vi","9":"pa_brand-atlas","11":"first","12":"instock","13":"sale","14":"shipping-taxable","15":"purchasable","16":"product-type-simple"},"_links":{"self":[{"href":"https:\/\/havamall.vn\/en\/wp-json\/wp\/v2\/product\/39345"}],"collection":[{"href":"https:\/\/havamall.vn\/en\/wp-json\/wp\/v2\/product"}],"about":[{"href":"https:\/\/havamall.vn\/en\/wp-json\/wp\/v2\/types\/product"}],"replies":[{"embeddable":true,"href":"https:\/\/havamall.vn\/en\/wp-json\/wp\/v2\/comments?post=39345"}],"version-history":[{"count":0,"href":"https:\/\/havamall.vn\/en\/wp-json\/wp\/v2\/product\/39345\/revisions"}],"wp:featuredmedia":[{"embeddable":true,"href":"https:\/\/havamall.vn\/en\/wp-json\/wp\/v2\/media\/44614"}],"wp:attachment":[{"href":"https:\/\/havamall.vn\/en\/wp-json\/wp\/v2\/media?parent=39345"}],"wp:term":[{"taxonomy":"product_brand","embeddable":true,"href":"https:\/\/havamall.vn\/en\/wp-json\/wp\/v2\/product_brand?post=39345"},{"taxonomy":"product_cat","embeddable":true,"href":"https:\/\/havamall.vn\/en\/wp-json\/wp\/v2\/product_cat?post=39345"},{"taxonomy":"product_tag","embeddable":true,"href":"https:\/\/havamall.vn\/en\/wp-json\/wp\/v2\/product_tag?post=39345"}],"curies":[{"name":"wp","href":"https:\/\/api.w.org\/{rel}","templated":true}]}}