{"id":39321,"date":"2025-06-10T10:51:20","date_gmt":"2025-06-10T03:51:20","guid":{"rendered":"https:\/\/havamall.vn\/?post_type=product&#038;p=39321"},"modified":"2026-03-18T14:50:38","modified_gmt":"2026-03-18T07:50:38","slug":"la-can-tay-xay-atlas-garden-15g-atlas-garden-celery-rubbed-15gr","status":"publish","type":"product","link":"https:\/\/havamall.vn\/en\/shop\/la-can-tay-xay-atlas-garden-15g-atlas-garden-celery-rubbed-15gr\/","title":{"rendered":"L\u00e1 C\u1ea7n T\u00e2y Xay Atlas Garden 15g \u2013 Atlas Garden Celery Rubbed 15gr"},"content":{"rendered":"<h3><strong>TH\u00d4NG TIN S\u1ea2N PH\u1ea8M<\/strong><\/h3>\n<table>\n<tbody>\n<tr>\n<td>Th\u01b0\u01a1ng hi\u1ec7u<\/td>\n<td>Atlas Garden<\/td>\n<\/tr>\n<tr>\n<td>Xu\u1ea5t X\u1ee9<\/td>\n<td>\u0110\u1ee9c<\/td>\n<\/tr>\n<tr>\n<td>Th\u00e0nh ph\u1ea7n<\/td>\n<td>\n<p data-start=\"1054\" data-end=\"1149\">\u00a0100% L\u00e1 c\u1ea7n t\u00e2y (Celery) s\u1ea5y kh\u00f4 t\u1ef1 nhi\u00ean<\/p>\n<\/td>\n<\/tr>\n<tr>\n<td>H\u1ea1n s\u1eed d\u1ee5ng<\/td>\n<td>Xem tr\u00ean bao b\u00ec<\/td>\n<\/tr>\n<tr>\n<td>B\u1ea3o qu\u1ea3n<\/td>\n<td>N\u01a1i kh\u00f4 r\u00e1o, tho\u00e1ng m\u00e1t, tr\u00e1nh \u00e1nh n\u1eafng tr\u1ef1c ti\u1ebfp v\u00e0 nhi\u1ec7t \u0111\u1ed9 cao. \u0110\u00f3ng ch\u1eb7t n\u1eafp sau khi s\u1eed d\u1ee5ng.<\/td>\n<\/tr>\n<tr>\n<td>Kh\u1ed1i l\u01b0\u1ee3ng t\u1ecbnh<\/td>\n<td>15g<\/td>\n<\/tr>\n<\/tbody>\n<\/table>\n<h3><strong>GI\u1edaI THI\u1ec6U TH\u01af\u01a0NG HI\u1ec6U<\/strong><\/h3>\n<p data-start=\"289\" data-end=\"629\"><strong data-start=\"289\" data-end=\"305\">Atlas Garden<\/strong>\u00a0l\u00e0 th\u01b0\u01a1ng hi\u1ec7u gia v\u1ecb nh\u1eadp kh\u1ea9u t\u1eeb \u0110\u1ee9c, chuy\u00ean cung c\u1ea5p c\u00e1c lo\u1ea1i gia v\u1ecb v\u00e0 th\u1ea3o m\u1ed9c nguy\u00ean ch\u1ea5t, \u0111\u1ea1t ti\u00eau chu\u1ea9n ch\u00e2u \u00c2u kh\u1eaft khe. V\u1edbi tri\u1ebft l\u00fd\u00a0<strong data-start=\"449\" data-end=\"501\">\u201cGia v\u1ecb s\u1ea1ch \u2013 H\u01b0\u01a1ng v\u1ecb chu\u1ea9n \u2013 \u1ea8m th\u1ef1c tinh t\u1ebf\u201d<\/strong>, Atlas Garden gi\u00fap n\u00e2ng t\u1ea7m tr\u1ea3i nghi\u1ec7m n\u1ea5u n\u01b0\u1edbng b\u1eb1ng nh\u1eefng nguy\u00ean li\u1ec7u t\u1ef1 nhi\u00ean, l\u00e0nh m\u1ea1nh v\u00e0 ti\u1ec7n d\u1ee5ng cho c\u0103n b\u1ebfp hi\u1ec7n \u0111\u1ea1i.<\/p>\n<p data-start=\"289\" data-end=\"629\"><img decoding=\"async\" class=\"aligncenter\" src=\"https:\/\/havamall.com\/wp-content\/uploads\/2025\/06\/Atlas-Logo.png\" \/><\/p>\n<h3><strong>\u0110\u1eb6C \u0110I\u1ec2M S\u1ea2N PH\u1ea8M<\/strong><\/h3>\n<p data-start=\"676\" data-end=\"945\"><strong data-start=\"676\" data-end=\"707\">L\u00e1 C\u1ea7n T\u00e2y Xay Atlas Garden<\/strong>\u00a0\u0111\u01b0\u1ee3c l\u00e0m t\u1eeb 100% l\u00e1 c\u1ea7n t\u00e2y t\u01b0\u01a1i, \u0111\u01b0\u1ee3c thu ho\u1ea1ch, s\u1ea5y kh\u00f4 v\u00e0 xay nh\u1ecf theo c\u00f4ng ngh\u1ec7 hi\u1ec7n \u0111\u1ea1i t\u1ea1i \u0110\u1ee9c. S\u1ea3n ph\u1ea9m c\u00f3\u00a0<strong data-start=\"822\" data-end=\"873\">m\u00e0u xanh t\u1ef1 nhi\u00ean, h\u01b0\u01a1ng th\u01a1m d\u1ecbu, v\u1ecb \u0111\u1eb7c tr\u01b0ng<\/strong>\u00a0v\u00e0 l\u00e0 l\u1ef1a ch\u1ecdn ho\u00e0n h\u1ea3o \u0111\u1ec3 l\u00e0m d\u1eady h\u01b0\u01a1ng cho nhi\u1ec1u m\u00f3n \u0103n ki\u1ec3u \u00c2u v\u00e0 \u00c1.<\/p>\n<ul data-start=\"947\" data-end=\"1225\">\n<li data-start=\"947\" data-end=\"1013\">\n<p data-start=\"949\" data-end=\"1013\"><strong data-start=\"949\" data-end=\"980\">100% l\u00e1 c\u1ea7n t\u00e2y kh\u00f4 xay v\u1ee5n<\/strong>, kh\u00f4ng pha t\u1ea1p, kh\u00f4ng ph\u1ea9m m\u00e0u<\/p>\n<\/li>\n<li data-start=\"1014\" data-end=\"1075\">\n<p data-start=\"1016\" data-end=\"1075\"><strong data-start=\"1016\" data-end=\"1044\">H\u01b0\u01a1ng th\u01a1m nh\u1eb9, xanh m\u00e1t<\/strong>, v\u1ecb thanh h\u01a1i \u0111\u1eafng \u0111\u1eb7c tr\u01b0ng<\/p>\n<\/li>\n<li data-start=\"1076\" data-end=\"1157\">\n<p data-start=\"1078\" data-end=\"1157\">Gi\u1eef \u0111\u01b0\u1ee3c m\u00e0u s\u1eafc v\u00e0 m\u00f9i t\u1ef1 nhi\u00ean nh\u1edd\u00a0<strong data-start=\"1115\" data-end=\"1155\">s\u1ea5y l\u1ea1nh v\u00e0 nghi\u1ec1n m\u1ecbn chu\u1ea9n ch\u00e2u \u00c2u<\/strong><\/p>\n<\/li>\n<li data-start=\"1158\" data-end=\"1225\">\n<p data-start=\"1160\" data-end=\"1225\"><strong data-start=\"1160\" data-end=\"1181\">\u0110\u00f3ng l\u1ecd ti\u1ec7n d\u1ee5ng<\/strong>, b\u1ea3o qu\u1ea3n d\u1ec5 d\u00e0ng, th\u00edch h\u1ee3p d\u00f9ng h\u00e0ng ng\u00e0y<\/p>\n<\/li>\n<\/ul>\n<p><img fetchpriority=\"high\" decoding=\"async\" class=\"aligncenter\" src=\"https:\/\/havamall.com\/wp-content\/uploads\/2025\/06\/A1hYCYdNx2L.jpg\" alt=\"Mua Celery Flakes Leaves Quality - Dried Celery - Celery Leaf Celery Leaves For Cooking Celery Dried Leaves Dry Celery Flakes For Cooking Celery Leaf Flakes Celery Flake Dehydrated Celery Cellery tr\u00ean\" width=\"800\" height=\"800\" \/><\/p>\n<p data-start=\"1261\" data-end=\"1548\">L\u00e1 c\u1ea7n t\u00e2y \u0111\u01b0\u1ee3c thu ho\u1ea1ch t\u1eeb v\u00f9ng nguy\u00ean li\u1ec7u s\u1ea1ch,\u00a0<strong data-start=\"1313\" data-end=\"1369\">s\u1ea5y kh\u00f4 nh\u1eb9 \u1edf nhi\u1ec7t \u0111\u1ed9 th\u1ea5p \u0111\u1ec3 gi\u1eef m\u00e0u v\u00e0 d\u01b0\u1ee1ng ch\u1ea5t<\/strong>, sau \u0111\u00f3\u00a0<strong data-start=\"1378\" data-end=\"1419\">xay v\u1ee5n v\u00e0 \u0111\u00f3ng g\u00f3i tr\u1ef1c ti\u1ebfp t\u1ea1i \u0110\u1ee9c<\/strong>. S\u1ea3n ph\u1ea9m\u00a0<strong data-start=\"1430\" data-end=\"1501\">kh\u00f4ng s\u1eed d\u1ee5ng ch\u1ea5t b\u1ea3o qu\u1ea3n, kh\u00f4ng ph\u1ea9m m\u00e0u hay h\u01b0\u01a1ng li\u1ec7u nh\u00e2n t\u1ea1o<\/strong>, \u0111\u1ea3m b\u1ea3o \u0111\u1ed9 tinh khi\u1ebft v\u00e0 an to\u00e0n khi s\u1eed d\u1ee5ng.<\/p>\n<p data-start=\"1574\" data-end=\"1808\">L\u00e1 c\u1ea7n t\u00e2y c\u00f3\u00a0<strong data-start=\"1588\" data-end=\"1638\">m\u00f9i th\u01a1m nh\u1eb9, thanh m\u00e1t, v\u1ecb \u0111\u1eb7c tr\u01b0ng h\u01a1i \u0111\u1eafng<\/strong>, t\u1ea1o chi\u1ec1u s\u00e2u v\u00e0 s\u1ef1 c\u00e2n b\u1eb1ng cho m\u00f3n \u0103n. Khi k\u1ebft h\u1ee3p c\u00f9ng ch\u1ea5t b\u00e9o (nh\u01b0 b\u01a1, kem t\u01b0\u01a1i, d\u1ea7u \u00f4 liu), h\u01b0\u01a1ng v\u1ecb c\u1ea7n t\u00e2y s\u1ebd \u0111\u01b0\u1ee3c k\u00edch ho\u1ea1t r\u00f5 r\u1ec7t v\u00e0 lan t\u1ecfa \u0111\u1ec1u trong m\u00f3n \u0103n.<\/p>\n<p data-start=\"1574\" data-end=\"1808\"><img decoding=\"async\" class=\"aligncenter\" src=\"https:\/\/havamall.com\/wp-content\/uploads\/2025\/06\/GettyImages-1923062478-how-to-dry-herbs-JVedit.jpg\" alt=\"How to Dry Herbs - 4 Methods for Drying Herbs at Home\" width=\"801\" height=\"534\" \/><\/p>\n<h3><strong>C\u00d4NG D\u1ee4NG V\u00c0 L\u1ee2I \u00cdCH<\/strong><\/h3>\n<ul data-start=\"1838\" data-end=\"2174\">\n<li data-start=\"1838\" data-end=\"1921\">\n<p data-start=\"1840\" data-end=\"1921\">D\u00f9ng n\u00eam v\u00e0o m\u00f3n\u00a0<strong data-start=\"1857\" data-end=\"1919\">s\u00fap, n\u01b0\u1edbc d\u00f9ng, canh rau c\u1ee7, ch\u00e1o, s\u1ed1t tr\u1eafng, n\u01b0\u1edbc s\u1ed1t kem<\/strong><\/p>\n<\/li>\n<li data-start=\"1922\" data-end=\"2007\">\n<p data-start=\"1924\" data-end=\"2007\">Ph\u00f9 h\u1ee3p v\u1edbi c\u00e1c m\u00f3n\u00a0<strong data-start=\"1944\" data-end=\"2005\">m\u1ef3 \u00dd, khoai t\u00e2y nghi\u1ec1n, salad tr\u1ed9n, tr\u1ee9ng chi\u00ean, sandwich<\/strong><\/p>\n<\/li>\n<li data-start=\"2008\" data-end=\"2081\">\n<p data-start=\"2010\" data-end=\"2081\">C\u00f3 th\u1ec3 d\u00f9ng l\u00e0m\u00a0<strong data-start=\"2026\" data-end=\"2079\">gia v\u1ecb kh\u00f4 cho snack, b\u00e1nh m\u1eb7n, topping n\u01b0\u1edbc ch\u1ea5m<\/strong><\/p>\n<\/li>\n<li data-start=\"2082\" data-end=\"2174\">\n<p data-start=\"2084\" data-end=\"2174\">K\u1ebft h\u1ee3p c\u00f9ng\u00a0<strong data-start=\"2097\" data-end=\"2131\">c\u00e0 r\u1ed1t, h\u00e0nh t\u00e2y, c\u1ea7n t\u00e2y t\u01b0\u01a1i<\/strong>\u00a0\u0111\u1ec3 t\u1ea1o n\u1ec1n h\u01b0\u01a1ng c\u01a1 b\u1ea3n ki\u1ec3u \u00c2u (mirepoix)<\/p>\n<\/li>\n<\/ul>\n<p data-start=\"2176\" data-end=\"2270\">\u00a0<strong data-start=\"2179\" data-end=\"2191\">M\u1eb9o nh\u1ecf:<\/strong>\u00a0Th\u00eam l\u00e1 c\u1ea7n t\u00e2y v\u00e0o cu\u1ed1i qu\u00e1 tr\u00ecnh n\u1ea5u \u0111\u1ec3 gi\u1eef \u0111\u01b0\u1ee3c m\u00e0u v\u00e0 h\u01b0\u01a1ng th\u01a1m t\u1ef1 nhi\u00ean!<\/p>\n<p data-start=\"2176\" data-end=\"2270\"><img decoding=\"async\" class=\"aligncenter\" src=\"https:\/\/havamall.com\/wp-content\/uploads\/2025\/06\/Herb-Chicken-Salad-2.jpg\" alt=\"Chunky Chicken Salad with Lemon Herb Mayo\" width=\"800\" height=\"1000\" \/><\/p>\n<h4 data-start=\"2155\" data-end=\"2184\"><span style=\"font-size: 18pt\"><strong data-start=\"2160\" data-end=\"2182\">C\u00f4ng d\u1ee5ng s\u1ee9c kh\u1ecfe<\/strong><\/span><\/h4>\n<p data-start=\"2306\" data-end=\"2406\">L\u00e1 c\u1ea7n t\u00e2y gi\u00e0u\u00a0<strong data-start=\"2322\" data-end=\"2381\">ch\u1ea5t ch\u1ed1ng oxy h\u00f3a, vitamin K, flavonoid v\u00e0 kho\u00e1ng ch\u1ea5t<\/strong>, mang l\u1ea1i nhi\u1ec1u l\u1ee3i \u00edch:<\/p>\n<ul data-start=\"2408\" data-end=\"2647\">\n<li data-start=\"2408\" data-end=\"2455\">\n<p data-start=\"2410\" data-end=\"2455\"><strong data-start=\"2410\" data-end=\"2453\">H\u1ed7 tr\u1ee3 gi\u1ea3m huy\u1ebft \u00e1p, l\u1ee3i ti\u1ec3u t\u1ef1 nhi\u00ean<\/strong><\/p>\n<\/li>\n<li data-start=\"2456\" data-end=\"2512\">\n<p data-start=\"2458\" data-end=\"2512\">Gi\u00fap\u00a0<strong data-start=\"2463\" data-end=\"2510\">th\u1ea3i \u0111\u1ed9c, l\u00e0m m\u00e1t c\u01a1 th\u1ec3 v\u00e0 h\u1ed7 tr\u1ee3 ti\u00eau h\u00f3a<\/strong><\/p>\n<\/li>\n<li data-start=\"2513\" data-end=\"2568\">\n<p data-start=\"2515\" data-end=\"2568\">C\u00f3 th\u1ec3 gi\u00fap\u00a0<strong data-start=\"2527\" data-end=\"2566\">gi\u1ea3m vi\u00eam nh\u1eb9, h\u1ed7 tr\u1ee3 tu\u1ea7n ho\u00e0n m\u00e1u<\/strong><\/p>\n<\/li>\n<li data-start=\"2569\" data-end=\"2647\">\n<p data-start=\"2571\" data-end=\"2647\">Ph\u00f9 h\u1ee3p v\u1edbi ng\u01b0\u1eddi theo ch\u1ebf \u0111\u1ed9\u00a0<strong data-start=\"2601\" data-end=\"2647\">\u0103n ki\u00eang, eat clean, th\u1ef1c d\u01b0\u1ee1ng ho\u1eb7c detox<\/strong><\/p>\n<\/li>\n<\/ul>\n<p><img loading=\"lazy\" decoding=\"async\" class=\"aligncenter\" src=\"https:\/\/havamall.com\/wp-content\/uploads\/2025\/06\/how-to-cook-with-herbs.jpg\" alt=\"When Should You Add Herbs to Your Cooking? | R&amp;G FRESH\" width=\"801\" height=\"445\" \/><\/p>\n<p data-start=\"2682\" data-end=\"2946\"><strong data-start=\"2682\" data-end=\"2717\">L\u00e1 C\u1ea7n T\u00e2y Xay Atlas Garden 15g<\/strong>\u00a0hi\u1ec7n \u0111\u00e3 c\u00f3 m\u1eb7t t\u1ea1i\u00a0<strong data-start=\"2737\" data-end=\"2749\">Havamall<\/strong>, nh\u1eadp kh\u1ea9u ch\u00ednh ng\u1ea1ch t\u1eeb \u0110\u1ee9c. M\u1ed9t l\u1ef1a ch\u1ecdn l\u00fd t\u01b0\u1edfng cho nh\u1eefng ai y\u00eau th\u00edch h\u01b0\u01a1ng v\u1ecb thanh nh\u1eb9, t\u1ef1 nhi\u00ean \u2013 h\u00e3y b\u1ed5 sung ngay v\u00e0o c\u0103n b\u1ebfp c\u1ee7a b\u1ea1n \u0111\u1ec3 m\u1ed7i b\u1eefa \u0103n th\u00eam ph\u1ea7n tr\u00f2n v\u1ecb v\u00e0 t\u1ed1t cho s\u1ee9c kh\u1ecfe!<\/p>","protected":false},"excerpt":{"rendered":"<p>TH\u00d4NG TIN S\u1ea2N PH\u1ea8M Th\u01b0\u01a1ng hi\u1ec7u Atlas Garden Xu\u1ea5t X\u1ee9 \u0110\u1ee9c Th\u00e0nh ph\u1ea7n \u00a0100% L\u00e1 c\u1ea7n t\u00e2y (Celery) s\u1ea5y kh\u00f4<\/p>","protected":false},"featured_media":44624,"comment_status":"open","ping_status":"closed","template":"","meta":[],"product_brand":[],"product_cat":[595,682,154],"product_tag":[],"class_list":{"0":"post-39321","1":"product","2":"type-product","3":"status-publish","4":"has-post-thumbnail","6":"product_cat-gia-vi-va-che-bien","7":"product_cat-nhap-khau-duc","8":"product_cat-gia-vi","9":"pa_brand-atlas","11":"first","12":"instock","13":"sale","14":"shipping-taxable","15":"purchasable","16":"product-type-simple"},"_links":{"self":[{"href":"https:\/\/havamall.vn\/en\/wp-json\/wp\/v2\/product\/39321"}],"collection":[{"href":"https:\/\/havamall.vn\/en\/wp-json\/wp\/v2\/product"}],"about":[{"href":"https:\/\/havamall.vn\/en\/wp-json\/wp\/v2\/types\/product"}],"replies":[{"embeddable":true,"href":"https:\/\/havamall.vn\/en\/wp-json\/wp\/v2\/comments?post=39321"}],"version-history":[{"count":0,"href":"https:\/\/havamall.vn\/en\/wp-json\/wp\/v2\/product\/39321\/revisions"}],"wp:featuredmedia":[{"embeddable":true,"href":"https:\/\/havamall.vn\/en\/wp-json\/wp\/v2\/media\/44624"}],"wp:attachment":[{"href":"https:\/\/havamall.vn\/en\/wp-json\/wp\/v2\/media?parent=39321"}],"wp:term":[{"taxonomy":"product_brand","embeddable":true,"href":"https:\/\/havamall.vn\/en\/wp-json\/wp\/v2\/product_brand?post=39321"},{"taxonomy":"product_cat","embeddable":true,"href":"https:\/\/havamall.vn\/en\/wp-json\/wp\/v2\/product_cat?post=39321"},{"taxonomy":"product_tag","embeddable":true,"href":"https:\/\/havamall.vn\/en\/wp-json\/wp\/v2\/product_tag?post=39321"}],"curies":[{"name":"wp","href":"https:\/\/api.w.org\/{rel}","templated":true}]}}