{"id":39306,"date":"2025-06-10T10:29:22","date_gmt":"2025-06-10T03:29:22","guid":{"rendered":"https:\/\/havamall.vn\/?post_type=product&#038;p=39306"},"modified":"2025-08-25T11:19:55","modified_gmt":"2025-08-25T04:19:55","slug":"nuoc-hoa-cam-la-pateliere-pro-solutions-1l-la-pateliere-pro-solutions-orange-blossom-water-1l","status":"publish","type":"product","link":"https:\/\/havamall.vn\/en\/shop\/nuoc-hoa-cam-la-pateliere-pro-solutions-1l-la-pateliere-pro-solutions-orange-blossom-water-1l\/","title":{"rendered":"N\u01b0\u1edbc Hoa Cam La P\u00e2teli\u00e8re Pro Solutions 1L \u2013 La P\u00e2teli\u00e8re Pro Solutions Orange Blossom Water 1L"},"content":{"rendered":"<h3><strong>TH\u00d4NG TIN S\u1ea2N PH\u1ea8M<\/strong><\/h3>\n<table>\n<tbody>\n<tr>\n<td>Th\u01b0\u01a1ng hi\u1ec7u<\/td>\n<td>La Pateli\u00e8re<\/td>\n<\/tr>\n<tr>\n<td>Xu\u1ea5t X\u1ee9<\/td>\n<td>Ph\u00e1p<\/td>\n<\/tr>\n<tr>\n<td>Th\u00e0nh ph\u1ea7n<\/td>\n<td>\n<p data-start=\"1054\" data-end=\"1149\">Xem tr\u00ean bao b\u00ec<\/p>\n<\/td>\n<\/tr>\n<tr>\n<td>H\u1ea1n s\u1eed d\u1ee5ng<\/td>\n<td>Xem tr\u00ean bao b\u00ec<\/td>\n<\/tr>\n<tr>\n<td>B\u1ea3o qu\u1ea3n<\/td>\n<td>N\u01a1i kh\u00f4 r\u00e1o, tho\u00e1ng m\u00e1t, tr\u00e1nh \u00e1nh n\u1eafng tr\u1ef1c ti\u1ebfp v\u00e0 nhi\u1ec7t \u0111\u1ed9 cao. \u0110\u00f3ng ch\u1eb7t n\u1eafp sau khi s\u1eed d\u1ee5ng.<\/td>\n<\/tr>\n<tr>\n<td>Kh\u1ed1i l\u01b0\u1ee3ng t\u1ecbnh<\/td>\n<td>1 l\u00edt<\/td>\n<\/tr>\n<\/tbody>\n<\/table>\n<p data-sourcepos=\"13:1-13:276\"><strong>H\u01b0\u01a1ng hoa cam<\/strong>, hay c\u00f2n g\u1ecdi l\u00e0\u00a0<strong>n\u01b0\u1edbc hoa cam (Orange Blossom Water)<\/strong>, l\u00e0 m\u1ed9t s\u1ea3n ph\u1ea9m \u0111\u01b0\u1ee3c ch\u01b0ng c\u1ea5t t\u1eeb nh\u1eefng c\u00e1nh\u00a0<strong>hoa cam \u0111\u1eafng (Citrus aurantium amara)<\/strong>. N\u00f3 c\u00f3 m\u1ed9t l\u1ecbch s\u1eed l\u00e2u \u0111\u1eddi v\u00e0 \u0111\u1ea7y quy\u1ebfn r\u0169, \u0111\u1eb7c bi\u1ec7t ph\u1ed5 bi\u1ebfn trong \u1ea9m th\u1ef1c v\u00e0 m\u1ef9 ph\u1ea9m \u1edf Trung \u0110\u00f4ng, B\u1eafc Phi v\u00e0 \u0110\u1ecba Trung H\u1ea3i.<\/p>\n<p data-sourcepos=\"15:1-15:371\">Trong nhi\u1ec1u th\u1ebf k\u1ef7, h\u01b0\u01a1ng hoa cam kh\u00f4ng ch\u1ec9 \u0111\u01b0\u1ee3c d\u00f9ng \u0111\u1ec3 t\u1ea1o m\u00f9i th\u01a1m cho c\u00e1c m\u00f3n tr\u00e1ng mi\u1ec7ng, b\u00e1nh k\u1eb9o m\u00e0 c\u00f2n c\u00f3 m\u1eb7t trong c\u00e1c nghi l\u1ec5 truy\u1ec1n th\u1ed1ng, n\u01b0\u1edbc hoa v\u00e0 th\u1eadm ch\u00ed l\u00e0 y h\u1ecdc c\u1ed5 truy\u1ec1n nh\u1edd \u0111\u1eb7c t\u00ednh th\u01b0 gi\u00e3n. Ng\u00e0y nay, h\u01b0\u01a1ng hoa cam v\u1eabn gi\u1eef v\u1eefng v\u1ecb tr\u00ed l\u00e0 m\u1ed9t nguy\u00ean li\u1ec7u cao c\u1ea5p, mang \u0111\u1ebfn s\u1ef1 tinh t\u1ebf v\u00e0 h\u01b0\u01a1ng th\u01a1m \u0111\u1eb7c tr\u01b0ng, ng\u1ecdt ng\u00e0o nh\u01b0ng v\u1eabn t\u01b0\u01a1i m\u00e1t c\u1ee7a hoa cam.<\/p>\n<p data-sourcepos=\"15:1-15:371\"><img fetchpriority=\"high\" decoding=\"async\" class=\"aligncenter\" src=\"https:\/\/havamall.com\/wp-content\/uploads\/2025\/06\/PETITGRAIN-botanical.jpg\" alt=\"Petitgrain \u2013 Aqua Oleum\" width=\"801\" height=\"534\" \/><\/p>\n<p data-sourcepos=\"17:1-17:260\">S\u1ea3n ph\u1ea9m\u00a0<strong>La Pateli\u00e8re PRO SOLUTIONS Ar\u00f4me Fleur d\u2019oranger<\/strong>\u00a0l\u00e0 phi\u00ean b\u1ea3n chuy\u00ean nghi\u1ec7p, \u0111\u01b0\u1ee3c chi\u1ebft xu\u1ea5t v\u00e0 c\u00f4 \u0111\u1eb7c \u0111\u1ec3 mang l\u1ea1i h\u01b0\u01a1ng th\u01a1m hoa cam ch\u00e2n th\u1ef1c v\u00e0 m\u1ea1nh m\u1ebd nh\u1ea5t, ph\u00f9 h\u1ee3p cho vi\u1ec7c s\u1eed d\u1ee5ng trong quy m\u00f4 l\u1edbn ho\u1eb7c cho nh\u1eefng ng\u01b0\u1eddi l\u00e0m b\u00e1nh chuy\u00ean nghi\u1ec7p.<\/p>\n<p data-sourcepos=\"17:1-17:260\"><img decoding=\"async\" class=\"aligncenter\" src=\"https:\/\/scontent.fsgn19-1.fna.fbcdn.net\/v\/t39.30808-6\/481261686_1053333056840726_3671450450856143685_n.jpg?_nc_cat=109&amp;ccb=1-7&amp;_nc_sid=cc71e4&amp;_nc_ohc=EuijqXRj5_wQ7kNvwEF_pOh&amp;_nc_oc=AdmD1JcNjCatWeWfiyt5N5ECWoQ0mSdCFdfd5k1tRGFDb6gtImRucC_q5uoIBVVc9R2YUiPbfjCGeudsZvHZ7SZ2&amp;_nc_zt=23&amp;_nc_ht=scontent.fsgn19-1.fna&amp;_nc_gid=V0YZLS93cCFCzQj7VMWh5w&amp;oh=00_AfPKX7Neul-SS5tIu0vRrwojVPdR0fj9tq0pZstN1gZ1RA&amp;oe=6849B654\" alt=\"Kh\u00f4ng c\u00f3 m\u00f4 t\u1ea3 \u1ea3nh.\" width=\"801\" height=\"452\" \/><\/p>\n<p data-sourcepos=\"28:1-28:354\"><strong>Tinh Ch\u1ea5t\u00a0<\/strong>trong chai 1 l\u00edt ti\u1ec7n l\u1ee3i, s\u1ea3n ph\u1ea9m n\u00e0y l\u00fd t\u01b0\u1edfng cho c\u1ea3 s\u1eed d\u1ee5ng gia \u0111\u00ecnh v\u00e0 c\u00e1c c\u01a1 s\u1edf kinh doanh, gi\u00fap b\u1ea1n d\u1ec5 d\u00e0ng t\u1ea1o ra nh\u1eefng m\u00f3n \u0103n v\u00e0 th\u1ee9c u\u1ed1ng c\u00f3 h\u01b0\u01a1ng v\u1ecb \u0111\u1eb7c tr\u01b0ng, kh\u00f3 qu\u00ean.<\/p>\n<ul data-sourcepos=\"30:1-34:0\">\n<li data-sourcepos=\"30:1-30:186\"><strong>H\u01b0\u01a1ng th\u01a1m t\u1ef1 nhi\u00ean v\u00e0 tinh khi\u1ebft:<\/strong>\u00a0S\u1ea3n ph\u1ea9m ch\u1eaft l\u1ecdc tinh t\u00fay t\u1eeb hoa cam, mang \u0111\u1ebfn h\u01b0\u01a1ng th\u01a1m d\u1ecbu nh\u1eb9, l\u00e3ng m\u1ea1n v\u00e0 kh\u00f4ng k\u00e9m ph\u1ea7n t\u01b0\u01a1i m\u1edbi, gi\u00fap m\u00f3n \u0103n c\u1ee7a b\u1ea1n tr\u1edf n\u00ean h\u1ea5p d\u1eabn h\u01a1n.<\/li>\n<li data-sourcepos=\"31:1-31:183\"><strong>\u0110\u1eadm \u0111\u1eb7c v\u00e0 hi\u1ec7u qu\u1ea3:<\/strong>\u00a0V\u1edbi c\u00f4ng th\u1ee9c \u201cPro Solutions\u201d, tinh ch\u1ea5t c\u00f3 \u0111\u1ed9 \u0111\u1eadm \u0111\u1eb7c cao, ch\u1ec9 c\u1ea7n m\u1ed9t l\u01b0\u1ee3ng nh\u1ecf c\u0169ng \u0111\u1ee7 \u0111\u1ec3 t\u1ea1o n\u00ean h\u01b0\u01a1ng v\u1ecb ho\u00e0n h\u1ea3o, gi\u00fap ti\u1ebft ki\u1ec7m chi ph\u00ed v\u00e0 th\u1eddi gian.<\/li>\n<li data-sourcepos=\"32:1-32:151\"><strong>D\u1ea1ng l\u1ecfng, d\u1ec5 h\u00f2a tan:<\/strong>\u00a0H\u01b0\u01a1ng hoa cam d\u1ea1ng l\u1ecfng gi\u00fap d\u1ec5 d\u00e0ng h\u00f2a tan v\u00e0 ph\u00e2n t\u00e1n \u0111\u1ec1u trong c\u00e1c h\u1ed7n h\u1ee3p b\u1ed9t, kem, n\u01b0\u1edbc, \u0111\u1ea3m b\u1ea3o h\u01b0\u01a1ng v\u1ecb \u0111\u1ed3ng nh\u1ea5t.<\/li>\n<li data-sourcepos=\"33:1-34:0\"><strong>\u1ee8ng d\u1ee5ng \u0111a d\u1ea1ng:<\/strong>\u00a0Th\u00edch h\u1ee3p cho nhi\u1ec1u lo\u1ea1i c\u00f4ng th\u1ee9c t\u1eeb l\u00e0m b\u00e1nh, pha ch\u1ebf \u0111\u1ed3 u\u1ed1ng \u0111\u1ebfn c\u00e1c m\u00f3n tr\u00e1ng mi\u1ec7ng.<\/li>\n<\/ul>\n<p data-sourcepos=\"35:1-35:22\"><strong>H\u01b0\u1edbng d\u1eabn s\u1eed d\u1ee5ng:<\/strong><\/p>\n<ul>\n<li>\n<ul data-sourcepos=\"36:1-37:0\">\n<li data-sourcepos=\"36:1-37:0\"><strong>T\u1ef7 l\u1ec7 khuy\u1ebfn ngh\u1ecb:<\/strong>\u00a030g cho m\u1ed7i kg th\u00e0nh ph\u1ea9m. (30g per kg de pr\u00e9paration \/ 30 g per kg preparation \/ fugen Sie 30 g pro kg Zubereitung hinzu)<\/li>\n<\/ul>\n<\/li>\n<\/ul>\n<p><img decoding=\"async\" class=\"aligncenter wp-image-40387\" src=\"https:\/\/havamall.com\/wp-content\/uploads\/2025\/06\/3-orange-blossom-water-extract-agua-de-azahar-23-1024x683-1.jpg\" alt=\"\" width=\"803\" height=\"504\" \/><\/p>\n<p data-sourcepos=\"46:1-46:194\"><strong>N\u01b0\u1edbc Hoa Cam La Pateli\u00e8re Pro Solutions<\/strong>\u00a0l\u00e0 m\u1ed9t nguy\u00ean li\u1ec7u v\u00f4 c\u00f9ng linh ho\u1ea1t, c\u00f3 th\u1ec3 \u0111\u01b0\u1ee3c s\u1eed d\u1ee5ng trong nhi\u1ec1u m\u00f3n \u0103n, th\u1ee9c u\u1ed1ng kh\u00e1c nhau, mang \u0111\u1ebfn m\u1ed9t l\u00e0n gi\u00f3 m\u1edbi cho c\u00e1c c\u00f4ng th\u1ee9c quen thu\u1ed9c:<\/p>\n<ul data-sourcepos=\"48:1-66:0\">\n<li data-sourcepos=\"48:1-52:115\">\n<p data-sourcepos=\"48:3-48:39\"><strong>Trong L\u00e0m B\u00e1nh &amp; Tr\u00e1ng Mi\u1ec7ng:<\/strong><\/p>\n<ul data-sourcepos=\"49:5-52:115\">\n<li data-sourcepos=\"49:5-49:133\"><strong>B\u00e1nh ng\u1ecdt:<\/strong>\u00a0Th\u00eam v\u00e0o b\u00e1nh b\u00f4ng lan, b\u00e1nh quy, muffin, cupcake, macaron, hay c\u00e1c lo\u1ea1i b\u00e1nh m\u00ec ng\u1ecdt \u0111\u1ec3 t\u1ea1o h\u01b0\u01a1ng th\u01a1m \u0111\u1ed9c \u0111\u00e1o.<\/li>\n<li data-sourcepos=\"50:5-50:111\"><strong>Kem v\u00e0 Panna Cotta:<\/strong>\u00a0T\u1ea1o h\u01b0\u01a1ng v\u1ecb l\u00e3ng m\u1ea1n cho c\u00e1c m\u00f3n kem t\u1ef1 l\u00e0m, Panna Cotta, ho\u1eb7c c\u00e1c lo\u1ea1i pudding.<\/li>\n<li data-sourcepos=\"51:5-51:110\"><strong>M\u1ee9t &amp; Siro:<\/strong>\u00a0D\u00f9ng \u0111\u1ec3 l\u00e0m m\u1ee9t cam, m\u1ee9t tr\u00e1i c\u00e2y ho\u1eb7c siro hoa cam, d\u00f9ng k\u00e8m b\u00e1nh ho\u1eb7c pha \u0111\u1ed3 u\u1ed1ng.<\/li>\n<li data-sourcepos=\"52:5-52:115\"><strong>C\u00e1c m\u00f3n tr\u00e1ng mi\u1ec7ng Trung \u0110\u00f4ng:<\/strong>\u00a0Kh\u00f4ng th\u1ec3 thi\u1ebfu trong Baklava, Ma\u2019amoul (b\u00e1nh quy nh\u00e2n h\u1ea1t), ho\u1eb7c Zlabia.<\/li>\n<\/ul>\n<\/li>\n<\/ul>\n<p><img loading=\"lazy\" decoding=\"async\" class=\"aligncenter\" src=\"https:\/\/havamall.com\/wp-content\/uploads\/2025\/06\/brioche.jpg\" alt=\"Brioche\" width=\"802\" height=\"1069\" \/><\/p>\n<ul data-sourcepos=\"48:1-66:0\">\n<li data-sourcepos=\"53:1-56:69\">\n<p data-sourcepos=\"53:3-53:28\"><strong>Trong Pha Ch\u1ebf \u0110\u1ed3 U\u1ed1ng:<\/strong><\/p>\n<ul data-sourcepos=\"54:5-56:69\">\n<li data-sourcepos=\"54:5-54:103\"><strong>Cocktail &amp; Mocktail:<\/strong>\u00a0T\u1ea1o h\u01b0\u01a1ng v\u1ecb n\u1ec1n \u0111\u1ed9c \u0111\u00e1o cho c\u00e1c lo\u1ea1i \u0111\u1ed3 u\u1ed1ng c\u00f3 c\u1ed3n ho\u1eb7c kh\u00f4ng c\u1ed3n.<\/li>\n<li data-sourcepos=\"55:5-55:104\"><strong>Tr\u00e0 &amp; N\u01b0\u1edbc \u00e9p:<\/strong>\u00a0Pha v\u00e0o tr\u00e0 n\u00f3ng\/l\u1ea1nh, n\u01b0\u1edbc \u00e9p tr\u00e1i c\u00e2y \u0111\u1ec3 t\u1ea1o m\u00f9i th\u01a1m t\u1ef1 nhi\u00ean, th\u01b0 gi\u00e3n.<\/li>\n<li data-sourcepos=\"56:5-56:69\"><strong>C\u00e0 ph\u00ea:<\/strong>\u00a0Th\u00eam m\u1ed9t gi\u1ecdt v\u00e0o c\u00e0 ph\u00ea s\u1eefa \u0111\u1ec3 c\u00f3 h\u01b0\u01a1ng v\u1ecb m\u1edbi l\u1ea1.<\/li>\n<\/ul>\n<\/li>\n<\/ul>\n<p><img loading=\"lazy\" decoding=\"async\" class=\"aligncenter\" src=\"https:\/\/havamall.com\/wp-content\/uploads\/2025\/06\/cocktail-la-gi-nhung-kien-thuc-thu-vi-ve-cocktail-khong-phai-ai-cung-biet-809-1.webp\" alt=\"Cocktail l\u00e0 g\u00ec? Nh\u1eefng ki\u1ebfn th\u1ee9c th\u00fa v\u1ecb v\u1ec1 cocktail kh\u00f4ng ph\u1ea3i ai c\u0169ng bi\u1ebft\" width=\"802\" height=\"598\" \/><\/p>\n<p data-sourcepos=\"76:1-76:255\">V\u1edbi\u00a0<strong>N\u01b0\u1edbc Hoa Cam La Pateli\u00e8re<\/strong>\u00a0PRO SOLUTIONS Ar\u00f4me Fleur d\u2019oranger, b\u1ea1n kh\u00f4ng ch\u1ec9 t\u1ea1o ra nh\u1eefng m\u00f3n \u0103n ngon m\u00e0 c\u00f2n k\u1ec3 m\u1ed9t c\u00e2u chuy\u1ec7n v\u1ec1 s\u1ef1 tinh t\u1ebf, l\u00e3ng m\u1ea1n trong t\u1eebng h\u01b0\u01a1ng v\u1ecb. H\u00e3y \u0111\u1ec3 s\u1ea3n ph\u1ea9m n\u00e0y m\u1edf ra c\u00e1nh c\u1eeda m\u1edbi cho s\u1ef1 s\u00e1ng t\u1ea1o trong gian b\u1ebfp c\u1ee7a b\u1ea1n!<\/p>","protected":false},"excerpt":{"rendered":"<p>TH\u00d4NG TIN S\u1ea2N PH\u1ea8M Th\u01b0\u01a1ng hi\u1ec7u La Pateli\u00e8re Xu\u1ea5t X\u1ee9 Ph\u00e1p Th\u00e0nh ph\u1ea7n Xem tr\u00ean bao b\u00ec H\u1ea1n s\u1eed d\u1ee5ng<\/p>","protected":false},"featured_media":39307,"comment_status":"open","ping_status":"closed","template":"","meta":[],"product_brand":[],"product_cat":[255,671,131],"product_tag":[],"class_list":{"0":"post-39306","1":"product","2":"type-product","3":"status-publish","4":"has-post-thumbnail","6":"product_cat-nguyen-lieu-lam-banh","7":"product_cat-nhap-khau-phap","8":"product_cat-nguyen-lieu-lam-bep","10":"first","11":"outofstock","12":"sale","13":"shipping-taxable","14":"purchasable","15":"product-type-simple"},"_links":{"self":[{"href":"https:\/\/havamall.vn\/en\/wp-json\/wp\/v2\/product\/39306"}],"collection":[{"href":"https:\/\/havamall.vn\/en\/wp-json\/wp\/v2\/product"}],"about":[{"href":"https:\/\/havamall.vn\/en\/wp-json\/wp\/v2\/types\/product"}],"replies":[{"embeddable":true,"href":"https:\/\/havamall.vn\/en\/wp-json\/wp\/v2\/comments?post=39306"}],"version-history":[{"count":0,"href":"https:\/\/havamall.vn\/en\/wp-json\/wp\/v2\/product\/39306\/revisions"}],"wp:featuredmedia":[{"embeddable":true,"href":"https:\/\/havamall.vn\/en\/wp-json\/wp\/v2\/media\/39307"}],"wp:attachment":[{"href":"https:\/\/havamall.vn\/en\/wp-json\/wp\/v2\/media?parent=39306"}],"wp:term":[{"taxonomy":"product_brand","embeddable":true,"href":"https:\/\/havamall.vn\/en\/wp-json\/wp\/v2\/product_brand?post=39306"},{"taxonomy":"product_cat","embeddable":true,"href":"https:\/\/havamall.vn\/en\/wp-json\/wp\/v2\/product_cat?post=39306"},{"taxonomy":"product_tag","embeddable":true,"href":"https:\/\/havamall.vn\/en\/wp-json\/wp\/v2\/product_tag?post=39306"}],"curies":[{"name":"wp","href":"https:\/\/api.w.org\/{rel}","templated":true}]}}