{"id":39302,"date":"2025-06-10T10:23:07","date_gmt":"2025-06-10T03:23:07","guid":{"rendered":"https:\/\/havamall.vn\/?post_type=product&#038;p=39302"},"modified":"2025-06-10T10:24:23","modified_gmt":"2025-06-10T03:24:23","slug":"ruou-sake-nau-dam-dac-co-muoi-ryorishu-hinode-500ml-hinode-ryorishu-japanese-cooking-seasoning-500ml","status":"publish","type":"product","link":"https:\/\/havamall.vn\/en\/shop\/ruou-sake-nau-dam-dac-co-muoi-ryorishu-hinode-500ml-hinode-ryorishu-japanese-cooking-seasoning-500ml\/","title":{"rendered":"R\u01b0\u1ee3u Sake n\u1ea5u \u0111\u1eadm \u0111\u1eb7c c\u00f3 mu\u1ed1i Ryorishu Hinode 500ml \u2013 Hinode Ryorishu Japanese Cooking Seasoning 500ml"},"content":{"rendered":"<h2><strong>TH\u00d4NG TIN CHUNG<\/strong><\/h2>\n<div dir=\"auto\">\n<div dir=\"auto\">\n<table>\n<tbody>\n<tr>\n<td>Th\u01b0\u01a1ng hi\u1ec7u<\/td>\n<td>Hinode<\/td>\n<\/tr>\n<tr>\n<td>Xu\u1ea5t x\u1ee9 th\u01b0\u01a1ng hi\u1ec7u<\/td>\n<td>Nh\u1eadt B\u1ea3n<\/td>\n<\/tr>\n<tr>\n<td>H\u1ea1n s\u1eed d\u1ee5ng<\/td>\n<td>Xem tr\u00ean bao b\u00ec<\/td>\n<\/tr>\n<tr>\n<td>H\u01b0\u1edbng d\u1eabn b\u1ea3o qu\u1ea3n<\/td>\n<td>N\u01a1i kh\u00f4 r\u00e1o, tho\u00e1ng m\u00e1t, tr\u00e1nh \u00e1nh n\u1eafng tr\u1ef1c ti\u1ebfp. \u0110\u00f3ng ch\u1eb7t n\u1eafp sau khi s\u1eed d\u1ee5ng.<\/td>\n<\/tr>\n<tr>\n<td>Tr\u1ecdng l\u01b0\u1ee3ng s\u1ea3n ph\u1ea9m<\/td>\n<td>500ml<\/td>\n<\/tr>\n<tr>\n<td>Th\u00e0nh ph\u1ea7n<\/td>\n<td>Xem tr\u00ean bao b\u00ec<\/td>\n<\/tr>\n<\/tbody>\n<\/table>\n<p data-sourcepos=\"20:1-21:445\"><span style=\"font-size: 18pt\"><strong>GI\u1edaI THI\u1ec6U TH\u01af\u01a0NG HI\u1ec6U<\/strong><\/span><\/p>\n<p data-sourcepos=\"20:1-21:445\"><strong>Hinode<\/strong>\u00a0l\u00e0 m\u1ed9t th\u01b0\u01a1ng hi\u1ec7u g\u1ea1o c\u1ed9i \u0111\u1ebfn t\u1eeb Nh\u1eadt B\u1ea3n, chuy\u00ean cung c\u1ea5p c\u00e1c lo\u1ea1i gia v\u1ecb v\u00e0 s\u1ea3n ph\u1ea9m truy\u1ec1n th\u1ed1ng, g\u00f3p ph\u1ea7n l\u00e0m n\u00ean linh h\u1ed3n c\u1ee7a \u1ea9m th\u1ef1c Nh\u1eadt. V\u1edbi cam k\u1ebft v\u1ec1 ch\u1ea5t l\u01b0\u1ee3ng v\u00e0 h\u01b0\u01a1ng v\u1ecb \u0111\u00edch th\u1ef1c, Hinode \u0111\u00e3 v\u00e0 \u0111ang l\u00e0 l\u1ef1a ch\u1ecdn h\u00e0ng \u0111\u1ea7u c\u1ee7a c\u00e1c \u0111\u1ea7u b\u1ebfp v\u00e0 ng\u01b0\u1eddi n\u1ed9i tr\u1ee3 tr\u00ean to\u00e0n th\u1ebf gi\u1edbi, mang tinh hoa \u1ea9m th\u1ef1c Nh\u1eadt B\u1ea3n \u0111\u1ebfn m\u1ecdi gian b\u1ebfp.\u00a0<strong>R\u01b0\u1ee3u N\u1ea5u \u0102n Hinode Ryorishu<\/strong>\u00a0l\u00e0 m\u1ed9t s\u1ea3n ph\u1ea9m ti\u00eau bi\u1ec3u, th\u1ec3 hi\u1ec7n r\u00f5 n\u00e9t tri\u1ebft l\u00fd ch\u1ea5t l\u01b0\u1ee3ng c\u1ee7a Hinode.<\/p>\n<p data-sourcepos=\"20:1-21:445\"><img fetchpriority=\"high\" decoding=\"async\" class=\"aligncenter wp-image-40344\" src=\"https:\/\/havamall.com\/wp-content\/uploads\/2025\/06\/DSC_0277-2.jpg\" alt=\"\" width=\"850\" height=\"578\" \/><\/p>\n<p data-sourcepos=\"23:1-24:369\"><span style=\"font-size: 18pt\"><strong>\u0110\u1eb6C \u0110I\u1ec2M S\u1ea2N PH\u1ea8M<\/strong><\/span><\/p>\n<p data-sourcepos=\"23:1-24:369\"><strong>R\u01b0\u1ee3u N\u1ea5u \u0102n Hinode Ryorishu<\/strong>, hay c\u00f2n g\u1ecdi l\u00e0\u00a0<strong>Cooking Sake<\/strong>, l\u00e0 m\u1ed9t lo\u1ea1i r\u01b0\u1ee3u sake \u0111\u1eb7c bi\u1ec7t \u0111\u01b0\u1ee3c s\u1ea3n xu\u1ea5t d\u00e0nh ri\u00eang cho vi\u1ec7c ch\u1ebf bi\u1ebfn m\u00f3n \u0103n. Kh\u00e1c v\u1edbi sake u\u1ed1ng th\u00f4ng th\u01b0\u1eddng, Ryorishu th\u01b0\u1eddng c\u00f3 th\u00eam m\u1ed9t l\u01b0\u1ee3ng mu\u1ed1i nh\u1ea5t \u0111\u1ecbnh v\u00e0 \u0111\u01b0\u1ee3c \u0111i\u1ec1u ch\u1ec9nh h\u01b0\u01a1ng v\u1ecb \u0111\u1ec3 ph\u00f9 h\u1ee3p v\u1edbi vai tr\u00f2 l\u00e0 m\u1ed9t gia v\u1ecb. S\u1ea3n ph\u1ea9m c\u00f3 m\u00e0u trong su\u1ed1t, h\u01b0\u01a1ng th\u01a1m nh\u1eb9 nh\u00e0ng \u0111\u1eb7c tr\u01b0ng c\u1ee7a r\u01b0\u1ee3u g\u1ea1o Nh\u1eadt B\u1ea3n.<\/p>\n<p data-sourcepos=\"23:1-24:369\"><img decoding=\"async\" class=\"aligncenter\" src=\"https:\/\/havamall.com\/wp-content\/uploads\/2025\/06\/ruou-sake-nau-an.jpg\" alt=\"R\u01b0\u1ee3u sake n\u1ea5u \u0103n (cooking sake) l\u00e0 g\u00ec? T\u1ea1i sao ph\u1ea3i s\u1eed d\u1ee5ng r\u01b0\u1ee3u sake\" width=\"850\" height=\"567\" \/><\/p>\n<p data-sourcepos=\"26:1-26:267\"><strong>Ryorishu Hinode<\/strong>\u00a0\u0111\u01b0\u1ee3c \u1ee7 t\u1eeb g\u1ea1o v\u00e0 men Koji theo quy tr\u00ecnh truy\u1ec1n th\u1ed1ng, gi\u00fap ph\u00e1t tri\u1ec3n c\u00e1c axit amin v\u00e0 \u0111\u01b0\u1eddng t\u1ef1 nhi\u00ean, mang l\u1ea1i h\u01b0\u01a1ng v\u1ecb umami s\u00e2u s\u1eafc cho m\u00f3n \u0103n. \u0110\u00e2y l\u00e0 m\u1ed9t gia v\u1ecb kh\u00f4ng th\u1ec3 thi\u1ebfu \u0111\u1ec3 t\u1ea1o n\u00ean s\u1ef1 c\u00e2n b\u1eb1ng, m\u1ec1m m\u1ea1i v\u00e0 th\u01a1m ngon cho c\u00e1c m\u00f3n \u0103n Nh\u1eadt B\u1ea3n.<\/p>\n<p data-sourcepos=\"28:1-28:24\"><span style=\"font-size: 18pt\"><strong>C\u00d4NG D\u1ee4NG V\u00c0 L\u1ee2I \u00cdCH<\/strong><\/span><\/p>\n<ul data-sourcepos=\"29:1-40:0\">\n<li data-sourcepos=\"29:1-29:346\"><strong>Kh\u1eed m\u00f9i tanh hi\u1ec7u qu\u1ea3:<\/strong>\u00a0R\u01b0\u1ee3u Sake n\u1ea5u \u0103n \u0111\u01b0\u1ee3c s\u1eed d\u1ee5ng \u0111\u1ec3 kh\u1eed m\u00f9i tanh c\u00e1 v\u00e0 th\u1ecbt. N\u1ed3ng \u0111\u1ed9 c\u1ed3n trong Ryorishu khi bay h\u01a1i s\u1ebd cu\u1ed1n theo m\u00f9i tanh kh\u00f3 ch\u1ecbu c\u1ee7a th\u1ecbt, c\u00e1 v\u00e0 h\u1ea3i s\u1ea3n, kh\u00f4ng \u0111\u1ec3 l\u1ea1i m\u00f9i h\u00f4i kh\u00f3 ch\u1ecbu sau m\u1ed7i l\u1ea7n n\u1ea5u m\u00e0 thay v\u00e0o \u0111\u00f3 l\u00e0 h\u01b0\u01a1ng th\u01a1m c\u1ee7a gia v\u1ecb. \u0110\u1eb7c bi\u1ec7t, kh\u1ea3 n\u0103ng kh\u1eed m\u00f9i tanh c\u1ee7a Ryorishu m\u1ea1nh h\u01a1n r\u1ea5t nhi\u1ec1u so v\u1edbi Mirin.<\/li>\n<li data-sourcepos=\"30:1-30:219\"><strong>T\u0103ng c\u01b0\u1eddng h\u01b0\u01a1ng v\u1ecb Umami v\u00e0 v\u1ecb ng\u1ecdt thanh:<\/strong>\u00a0R\u01b0\u1ee3u Sake n\u1ea5u \u0103n gi\u00fap t\u0103ng th\u00eam h\u01b0\u01a1ng v\u1ecb cho c\u00e1c m\u00f3n \u0103n. Trong Ryorishu c\u00f3 ch\u1ee9a h\u00e0m l\u01b0\u1ee3ng axit cao, l\u00e0m t\u0103ng m\u1ed9t ch\u00fat h\u01b0\u01a1ng v\u1ecb v\u00e0 v\u1ecb umami (v\u1ecb ng\u1ecdt c\u1ee7a th\u1ecbt) cho m\u00f3n \u0103n.<\/li>\n<li data-sourcepos=\"31:1-31:112\"><strong>L\u00e0m m\u1ec1m th\u1ecbt v\u00e0 c\u00e1:<\/strong>\u00a0R\u01b0\u1ee3u Sake n\u1ea5u \u0103n gi\u00fap l\u00e0m m\u1ec1m nguy\u00ean li\u1ec7u. Kh\u1ea3 n\u0103ng l\u00e0m m\u1ec1m th\u1ecbt c\u1ee7a Ryorishu r\u1ea5t t\u1ed1t.<\/li>\n<li data-sourcepos=\"32:1-32:257\"><strong>Gi\u1eef \u0111\u1ed9 t\u01b0\u01a1i ngon v\u00e0 h\u00ecnh d\u00e1ng nguy\u00ean li\u1ec7u:<\/strong>\u00a0\u0110\u1ed1i v\u1edbi c\u00e1c m\u00f3n h\u1ea7m, ninh v\u00e0 n\u1ea5u\u00a0<span class=\"citation-3 citation-end-3\">s\u00f4i trong th\u1eddi gian l\u00e2u, s\u1eed d\u1ee5ng r\u01b0\u1ee3u n\u1ea5u \u0103n c\u00f2n gi\u00fap c\u00e1c nguy\u00ean li\u1ec7u rau c\u1ee7 qu\u1ea3 nh\u01b0 khoai t\u00e2y, c\u00e0 chua kh\u00f4ng b\u1ecb v\u1ee1 n\u00e1t ra hay b\u1ecb x\u1eb9p teo l\u1ea1i trong qu\u00e1 tr\u00ecnh n\u1ea5u.<\/span><\/li>\n<li data-sourcepos=\"33:1-33:221\"><strong>Gi\u00fap gia v\u1ecb th\u1ea5m \u0111\u1ec1u:<\/strong>\u00a0Hon Mirin (v\u00e0 t\u01b0\u01a1ng t\u1ef1 Ryorishu)\u00a0<span class=\"citation-2 citation-end-2\">gi\u00fap c\u00e1c gia v\u1ecb nh\u01b0 mu\u1ed1i, \u0111\u01b0\u1eddng, h\u1ea1t n\u00eam d\u1ec5 d\u00e0ng ng\u1ea5m v\u00e0o nguy\u00ean li\u1ec7u th\u1ecbt, c\u00e1, t\u0103ng kh\u1ea3 n\u0103ng h\u1ea5p th\u1ee5 gi\u00fap t\u1eebng th\u1edb th\u1ecbt, mi\u1ebfng c\u00e1 th\u1ea5m \u0111\u1ec1u gia v\u1ecb.<\/span><\/li>\n<li data-sourcepos=\"34:1-34:93\"><strong>B\u1ea3o qu\u1ea3n th\u1ef1c ph\u1ea9m:<\/strong>\u00a0\u0110\u1ed3ng th\u1eddi c\u0169ng gi\u00fap b\u1ea3o qu\u1ea3n th\u1ef1c ph\u1ea9m l\u00e2u h\u01a1n so v\u1edbi th\u00f4ng th\u01b0\u1eddng.<\/li>\n<li data-sourcepos=\"35:1-40:0\"><strong>\u1ee8ng d\u1ee5ng \u0111a d\u1ea1ng:<\/strong>\n<ul data-sourcepos=\"36:5-40:0\">\n<li data-sourcepos=\"36:5-36:60\">Th\u00e0nh ph\u1ea7n ch\u00ednh trong c\u00e1c lo\u1ea1i n\u01b0\u1edbc s\u1ed1t truy\u1ec1n th\u1ed1ng.<\/li>\n<li data-sourcepos=\"37:5-37:124\">Ryorishu k\u1ebft h\u1ee3p v\u1edbi Mirin v\u00e0 n\u01b0\u1edbc t\u01b0\u01a1ng s\u1ebd t\u1ea1o n\u00ean n\u01b0\u1edbc s\u1ed1t Teriyaki n\u1ed5i ti\u1ebfng d\u00f9ng trong c\u00e1c m\u00f3n chi\u00ean c\u1ee7a Nh\u1eadt B\u1ea3n.<\/li>\n<li data-sourcepos=\"38:5-38:47\">Cho th\u00eam v\u00e0o b\u00e1nh chi\u00ean \u0111\u1ec3 b\u00e1nh gi\u00f2n h\u01a1n.<\/li>\n<li data-sourcepos=\"39:5-40:0\">Cho v\u00e0o g\u1ea1o khi n\u1ea5u c\u01a1m \u0111\u1ec3 c\u01a1m m\u1ec1m d\u1ebbo v\u00e0 \u0111\u1ec3 \u0111\u01b0\u1ee3c l\u00e2u h\u01a1n.<\/li>\n<\/ul>\n<\/li>\n<\/ul>\n<p><img decoding=\"async\" class=\"aligncenter\" src=\"https:\/\/havamall.com\/wp-content\/uploads\/2025\/06\/Mirin_ae04dfe0-7244-4794-9975-0a239404c5ab.jpg\" alt=\"Mirin vs Cooking Sake: What is the Difference? \u2013 SushiSushi\" width=\"849\" height=\"566\" \/><\/p>\n<p data-sourcepos=\"41:1-41:50\"><span style=\"font-size: 18pt\"><strong>V\u00cc SAO N\u00caN S\u1eec D\u1ee4NG R\u01af\u1ee2U N\u1ea4U \u0102N HINODE RYORISHU<\/strong><\/span><\/p>\n<ul data-sourcepos=\"42:1-47:0\">\n<li data-sourcepos=\"42:1-42:94\">L\u00e0 gia v\u1ecb \u201cb\u00ed m\u1eadt\u201d c\u1ee7a c\u00e1c \u0111\u1ea7u b\u1ebfp Nh\u1eadt, gi\u00fap m\u00f3n \u0103n \u0111\u1ea1t \u0111\u01b0\u1ee3c h\u01b0\u01a1ng v\u1ecb chu\u1ea9n x\u00e1c v\u00e0 tinh t\u1ebf.<\/li>\n<li data-sourcepos=\"43:1-43:125\">\u0110a c\u00f4ng d\u1ee5ng: v\u1eeba kh\u1eed m\u00f9i m\u1ea1nh m\u1ebd, v\u1eeba t\u0103ng v\u1ecb umami, v\u1eeba l\u00e0m m\u1ec1m v\u00e0 gi\u1eef form nguy\u00ean li\u1ec7u, l\u1ea1i c\u00f2n gi\u00fap b\u1ea3o qu\u1ea3n th\u1ef1c ph\u1ea9m.<\/li>\n<li data-sourcepos=\"44:1-44:68\">S\u1ea3n ph\u1ea9m ch\u1ea5t l\u01b0\u1ee3ng cao t\u1eeb th\u01b0\u01a1ng hi\u1ec7u Hinode uy t\u00edn c\u1ee7a Nh\u1eadt B\u1ea3n.<\/li>\n<li data-sourcepos=\"45:1-45:108\">Ryorishu th\u01b0\u1eddng r\u1ebb h\u01a1n sake u\u1ed1ng th\u00f4ng th\u01b0\u1eddng do kh\u00f4ng b\u1ecb \u0111\u00e1nh thu\u1ebf r\u01b0\u1ee3u v\u00e0 quy tr\u00ecnh s\u1ea3n xu\u1ea5t ri\u00eang bi\u1ec7t.<\/li>\n<li data-sourcepos=\"46:1-47:0\">\u0110em \u0111\u1ebfn tr\u1ea3i nghi\u1ec7m \u1ea9m th\u1ef1c Nh\u1eadt B\u1ea3n \u0111\u00edch th\u1ef1c ngay t\u1ea1i nh\u00e0.<\/li>\n<\/ul>\n<p><img loading=\"lazy\" decoding=\"async\" class=\"aligncenter\" src=\"https:\/\/havamall.com\/wp-content\/uploads\/2025\/06\/pixta_87533540_M_2-1024x683.jpg\" alt=\"The How and Why of Using Sake for Cooking - WAMI JAPAN FLAVORED MEDIA\" width=\"850\" height=\"567\" \/><\/p>\n<p data-sourcepos=\"53:1-53:21\"><span style=\"font-size: 18pt\"><strong>H\u01af\u1edaNG D\u1eaaN S\u1eec D\u1ee4NG<\/strong><\/span><\/p>\n<ul data-sourcepos=\"54:1-60:0\">\n<li data-sourcepos=\"54:1-54:138\"><strong><span class=\"citation-1\">M\u00f3n n\u01b0\u1edbng:<\/span><\/strong><span class=\"citation-1\">\u00a0Tr\u01b0\u1edbc khi n\u01b0\u1edbng \u01b0\u1edbp m\u1ed9t \u00edt Ryorishu v\u00e0o th\u1ef1c ph\u1ea9m. Ryorishu gi\u00fap m\u00f3n c\u00e1 n\u01b0\u1edbng kh\u00f4ng c\u00f2n m\u00f9i tanh, m\u00f3n th\u1ecbt m\u1ec1m h\u01a1n.<\/span><\/li>\n<li data-sourcepos=\"55:1-55:96\"><strong><span class=\"citation-1\">M\u00f3n kho:<\/span><\/strong><span class=\"citation-1\">\u00a0\u0110\u1ea7u ti\u00ean cho Ryorishu v\u00e0o, sau \u0111\u00f3 cho th\u00eam c\u00e1c lo\u1ea1i gia v\u1ecb kh\u00e1c nh\u01b0 \u0111\u01b0\u1eddng, mu\u1ed1i,\u2026<\/span><\/li>\n<li data-sourcepos=\"56:1-56:91\"><strong><span class=\"citation-1\">C\u00e1 kho:<\/span><\/strong><span class=\"citation-1\">\u00a0\u0110un s\u00f4i t\u1ea5t c\u1ea3 c\u00e1c lo\u1ea1i gia v\u1ecb c\u00f9ng v\u1edbi Ryorishu, sau \u0111\u00f3 cho nguy\u00ean li\u1ec7u v\u00e0o.<\/span><\/li>\n<li data-sourcepos=\"57:1-57:85\"><strong><span class=\"citation-1\">M\u00f3n chi\u00ean:<\/span><\/strong><span class=\"citation-1 citation-end-1\">\u00a0Cho m\u1ed9t \u00edt Ryorishu v\u00e0o b\u1ed9t chi\u00ean, gi\u00fap m\u00f3n \u0103n gi\u00f2n th\u01a1m h\u01a1n.<\/span><\/li>\n<li data-sourcepos=\"58:1-58:150\"><span class=\"citation-0 citation-end-0\">\u0110\u1ec3 t\u1eadn d\u1ee5ng t\u1ed1i \u0111a c\u00f4ng d\u1ee5ng c\u1ee7a sake, b\u1ea1n n\u00ean cho r\u01b0\u1ee3u v\u00e0o m\u00f3n \u0103n \u0111\u1ea7u ti\u00ean, \u0111un s\u00f4i kho\u1ea3ng 80 \u0111\u1ed9 C \u0111\u1ec3 gi\u1ea3m b\u1edbt n\u1ed3ng \u0111\u1ed9 c\u1ed3n trong r\u01b0\u1ee3u.<\/span><\/li>\n<li data-sourcepos=\"59:1-60:0\">Khi s\u1eed d\u1ee5ng c\u1ea7n ph\u1ea3i ch\u00fa \u00fd \u0111\u1ebfn h\u01b0\u01a1ng v\u1ecb c\u1ee7a m\u00f3n \u0103n b\u1edfi trong r\u01b0\u1ee3u sake n\u1ea5u \u0103n \u0111\u00e3 c\u00f3 s\u1eb5n gia v\u1ecb, n\u00ean c\u1ea7n \u0111i\u00ea\u00f9 ti\u1ebft cho ph\u00f9 h\u1ee3p, tr\u00e1nh t\u00ecnh tr\u1ea1ng qu\u00e1 m\u1eb7n cho c\u00e1c m\u00f3n \u0103n \u0111\u00e3 c\u00f3 mu\u1ed1i.<\/li>\n<\/ul>\n<p><img loading=\"lazy\" decoding=\"async\" class=\"aligncenter\" src=\"https:\/\/havamall.com\/wp-content\/uploads\/2025\/06\/ryorishu-cooking-sake-shop-name.jpg\" alt=\"Buy Japanese Cooking Sake Online \u2013 Japanese Taste\" width=\"850\" height=\"638\" \/><\/p>\n<\/div>\n<\/div>","protected":false},"excerpt":{"rendered":"<p>TH\u00d4NG TIN CHUNG Th\u01b0\u01a1ng hi\u1ec7u Hinode Xu\u1ea5t x\u1ee9 th\u01b0\u01a1ng hi\u1ec7u Nh\u1eadt B\u1ea3n H\u1ea1n s\u1eed d\u1ee5ng Xem tr\u00ean bao b\u00ec H\u01b0\u1edbng<\/p>","protected":false},"featured_media":39303,"comment_status":"open","ping_status":"closed","template":"","meta":[],"product_brand":[],"product_cat":[595,675,154],"product_tag":[],"class_list":{"0":"post-39302","1":"product","2":"type-product","3":"status-publish","4":"has-post-thumbnail","6":"product_cat-gia-vi-va-che-bien","7":"product_cat-nhap-khau-nhat-ban","8":"product_cat-gia-vi","10":"first","11":"instock","12":"sale","13":"shipping-taxable","14":"purchasable","15":"product-type-simple"},"_links":{"self":[{"href":"https:\/\/havamall.vn\/en\/wp-json\/wp\/v2\/product\/39302"}],"collection":[{"href":"https:\/\/havamall.vn\/en\/wp-json\/wp\/v2\/product"}],"about":[{"href":"https:\/\/havamall.vn\/en\/wp-json\/wp\/v2\/types\/product"}],"replies":[{"embeddable":true,"href":"https:\/\/havamall.vn\/en\/wp-json\/wp\/v2\/comments?post=39302"}],"version-history":[{"count":0,"href":"https:\/\/havamall.vn\/en\/wp-json\/wp\/v2\/product\/39302\/revisions"}],"wp:featuredmedia":[{"embeddable":true,"href":"https:\/\/havamall.vn\/en\/wp-json\/wp\/v2\/media\/39303"}],"wp:attachment":[{"href":"https:\/\/havamall.vn\/en\/wp-json\/wp\/v2\/media?parent=39302"}],"wp:term":[{"taxonomy":"product_brand","embeddable":true,"href":"https:\/\/havamall.vn\/en\/wp-json\/wp\/v2\/product_brand?post=39302"},{"taxonomy":"product_cat","embeddable":true,"href":"https:\/\/havamall.vn\/en\/wp-json\/wp\/v2\/product_cat?post=39302"},{"taxonomy":"product_tag","embeddable":true,"href":"https:\/\/havamall.vn\/en\/wp-json\/wp\/v2\/product_tag?post=39302"}],"curies":[{"name":"wp","href":"https:\/\/api.w.org\/{rel}","templated":true}]}}