{"id":39111,"date":"2025-06-08T09:18:40","date_gmt":"2025-06-08T02:18:40","guid":{"rendered":"https:\/\/havamall.vn\/?post_type=product&#038;p=39111"},"modified":"2025-08-18T16:48:46","modified_gmt":"2025-08-18T09:48:46","slug":"pho-mai-bot-fromagio-fresh-grated-cheese-goi-100g-fromagio-fresh-grated-cheese","status":"publish","type":"product","link":"https:\/\/havamall.vn\/en\/shop\/pho-mai-bot-fromagio-fresh-grated-cheese-goi-100g-fromagio-fresh-grated-cheese\/","title":{"rendered":"Ph\u00f4 Mai B\u1ed9t Fromagio Fresh Grated Cheese G\u00f3i 100g \u2013 Fromagio Fresh Grated Cheese"},"content":{"rendered":"<h3><strong>TH\u00d4NG TIN S\u1ea2N PH\u1ea8M<\/strong><\/h3>\n<table style=\"width: 37.6081%;height: 222px\">\n<tbody>\n<tr>\n<td>Th\u01b0\u01a1ng hi\u1ec7u<\/td>\n<td>Fromagio<\/td>\n<\/tr>\n<tr>\n<td>Xu\u1ea5t X\u1ee9<\/td>\n<td>Ph\u00e1p<\/td>\n<\/tr>\n<tr>\n<td>Th\u00e0nh ph\u1ea7n<\/td>\n<td>\n<p data-start=\"1054\" data-end=\"1149\">Xem tr\u00ean bao b\u00ec<\/p>\n<\/td>\n<\/tr>\n<tr>\n<td>H\u1ea1n s\u1eed d\u1ee5ng<\/td>\n<td>Xem tr\u00ean bao b\u00ec<\/td>\n<\/tr>\n<tr>\n<td>B\u1ea3o qu\u1ea3n<\/td>\n<td>\u1ede nhi\u1ec7t \u0111\u1ed9 2 \u0111\u1ebfn 4 \u0111\u1ed9 C<\/td>\n<\/tr>\n<tr>\n<td>Kh\u1ed1i l\u01b0\u1ee3ng t\u1ecbnh<\/td>\n<td>100g<\/td>\n<\/tr>\n<\/tbody>\n<\/table>\n<p data-sourcepos=\"13:1-13:334\"><strong>Ph\u00f4 mai<\/strong>, m\u1ed9t trong nh\u1eefng lo\u1ea1i th\u1ef1c ph\u1ea9m l\u00e2u \u0111\u1eddi nh\u1ea5t c\u1ee7a nh\u00e2n lo\u1ea1i, \u0111\u00e3 c\u00f3 m\u1eb7t t\u1eeb h\u00e0ng ng\u00e0n n\u0103m tr\u01b0\u1edbc, g\u1eafn li\u1ec1n v\u1edbi l\u1ecbch s\u1eed ph\u00e1t tri\u1ec3n c\u1ee7a n\u1ec1n v\u0103n minh l\u00faa n\u01b0\u1edbc v\u00e0 ch\u0103n nu\u00f4i. T\u1eeb nh\u1eefng kh\u1ed1i ph\u00f4 mai c\u1ee9ng c\u00e1p, \u0111\u1eadm \u0111\u00e0 \u0111\u01b0\u1ee3c \u1ee7 l\u00e2u n\u0103m t\u1ea1i c\u00e1c v\u00f9ng qu\u00ea ch\u00e2u \u00c2u, gi\u1edd \u0111\u00e2y, c\u00f4ng ngh\u1ec7 hi\u1ec7n \u0111\u1ea1i \u0111\u00e3 mang \u0111\u1ebfn m\u1ed9t d\u1ea1ng th\u1ee9c ti\u1ec7n l\u1ee3i h\u01a1n: ph\u00f4 mai b\u1ed9t.<\/p>\n<p data-sourcepos=\"15:1-15:386\"><strong>Ph\u00f4 mai b\u1ed9t<\/strong> \u0111\u01b0\u1ee3c ch\u1ebf bi\u1ebfn t\u1eeb ph\u00f4 mai t\u01b0\u01a1i ch\u1ea5t l\u01b0\u1ee3ng cao, tr\u1ea3i qua qu\u00e1 tr\u00ecnh b\u00e0o nh\u1ecf v\u00e0 s\u1ea5y kh\u00f4 \u0111\u1eb7c bi\u1ec7t \u0111\u1ec3 gi\u1eef tr\u1ecdn v\u1eb9n h\u01b0\u01a1ng v\u1ecb v\u00e0 d\u01b0\u1ee1ng ch\u1ea5t. D\u1ea1ng b\u1ed9t m\u1ecbn ho\u1eb7c h\u1ea1t nh\u1ecf gi\u00fap ph\u00f4 mai d\u1ec5 d\u00e0ng h\u00f2a quy\u1ec7n v\u00e0o m\u00f3n \u0103n, tan ch\u1ea3y nhanh ch\u00f3ng v\u00e0 ph\u00e2n t\u00e1n \u0111\u1ec1u h\u01b0\u01a1ng v\u1ecb. \u0110\u00e2y l\u00e0 gi\u1ea3i ph\u00e1p ho\u00e0n h\u1ea3o cho nh\u1eefng ai y\u00eau th\u00edch h\u01b0\u01a1ng v\u1ecb ph\u00f4 mai nh\u01b0ng mong mu\u1ed1n s\u1ef1 ti\u1ec7n l\u1ee3i v\u00e0 nhanh ch\u00f3ng trong n\u1ea5u n\u01b0\u1edbng.<\/p>\n<p data-sourcepos=\"15:1-15:386\"><img fetchpriority=\"high\" decoding=\"async\" class=\"aligncenter\" src=\"https:\/\/havamall.com\/wp-content\/uploads\/2025\/06\/photo-1-15366332236531909801385.jpg\" alt=\"Con ng\u01b0\u1eddi \u0111\u00e3 ti\u1ebfn h\u00f3a c\u00f9ng... pho-mai - kh\u00f3 tin nh\u01b0ng \u0111\u1ea5y l\u1ea1i l\u00e0 s\u1ef1 th\u1eadt\" width=\"850\" height=\"421\" \/><\/p>\n<p data-sourcepos=\"15:1-15:386\"><strong>Fromagio<\/strong>, v\u1edbi t\u00ean g\u1ecdi g\u1ee3i nh\u1edb \u0111\u1ebfn ph\u00f4 mai h\u1ea3o h\u1ea1ng, l\u00e0 th\u01b0\u01a1ng hi\u1ec7u cam k\u1ebft mang \u0111\u1ebfn nh\u1eefng s\u1ea3n ph\u1ea9m ch\u1ea5t l\u01b0\u1ee3ng, ti\u1ec7n l\u1ee3i v\u00e0 th\u01a1m ngon cho m\u1ecdi gia \u0111\u00ecnh. Ch\u00fang t\u00f4i hi\u1ec3u r\u1eb1ng ph\u00f4 mai kh\u00f4ng ch\u1ec9 l\u00e0 m\u1ed9t nguy\u00ean li\u1ec7u m\u00e0 c\u00f2n l\u00e0 \u201clinh h\u1ed3n\u201d c\u1ee7a nhi\u1ec1u m\u00f3n \u0103n, mang \u0111\u1ebfn h\u01b0\u01a1ng v\u1ecb b\u00e9o ng\u1eady v\u00e0 s\u1ef1 \u0111\u1eadm \u0111\u00e0 kh\u00f3 c\u01b0\u1ee1ng.<\/p>\n<p data-sourcepos=\"15:1-15:386\"><img decoding=\"async\" class=\"aligncenter\" src=\"https:\/\/havamall.com\/wp-content\/uploads\/2025\/06\/fromagio28129.png\" alt=\"Imported German Holiday Treats\" width=\"851\" height=\"851\" \/><\/p>\n<p data-sourcepos=\"15:1-15:386\">V\u1edbi s\u1ef1 gi\u00e1m s\u00e1t ch\u1eb7t ch\u1ebd trong t\u1eebng kh\u00e2u t\u1eeb ch\u1ecdn l\u1ecdc nguy\u00ean li\u1ec7u \u0111\u1ebfn quy tr\u00ecnh s\u1ea3n xu\u1ea5t,\u00a0<strong>Ph\u00f4 Mai B\u1ed9t Fromagio<\/strong>\u00a0\u0111\u1ea3m b\u1ea3o mang \u0111\u1ebfn cho ng\u01b0\u1eddi ti\u00eau d\u00f9ng s\u1ea3n ph\u1ea9m\u00a0<strong>Fresh Grated Cheese<\/strong>\u00a0(ph\u00f4 mai b\u00e0o t\u01b0\u01a1i) v\u1edbi h\u01b0\u01a1ng v\u1ecb nguy\u00ean b\u1ea3n v\u00e0 tinh khi\u1ebft nh\u1ea5t. S\u1ea3n ph\u1ea9m \u0111\u01b0\u1ee3c s\u1ea3n xu\u1ea5t tr\u00ean d\u00e2y chuy\u1ec1n hi\u1ec7n \u0111\u1ea1i, gi\u00fap gi\u1eef l\u1ea1i tr\u1ecdn v\u1eb9n h\u01b0\u01a1ng v\u1ecb b\u00e9o ng\u1eady, m\u1eb7n m\u00e0 \u0111\u1eb7c tr\u01b0ng c\u1ee7a ph\u00f4 mai ch\u1ea5t l\u01b0\u1ee3ng, \u0111\u1ed3ng th\u1eddi \u0111\u1ea3m b\u1ea3o an to\u00e0n v\u1ec7 sinh th\u1ef1c ph\u1ea9m.<\/p>\n<p data-sourcepos=\"15:1-15:386\"><img decoding=\"async\" class=\"aligncenter\" src=\"https:\/\/havamall.com\/wp-content\/uploads\/2025\/06\/grated-parmesan.jpg\" alt=\"Grated Parmesan (+\/-250g) - Cremalat\" width=\"848\" height=\"565\" \/><\/p>\n<h3 data-sourcepos=\"37:1-37:52\"><strong>\u0110\u1eb7c \u0110i\u1ec3m N\u1ed5i B\u1eadt C\u1ee7a Ph\u00f4 Mai B\u1ed9t Fromagio<\/strong><\/h3>\n<ul data-sourcepos=\"41:1-52:0\">\n<li data-sourcepos=\"41:1-41:281\">\n<p data-sourcepos=\"41:3-41:281\"><strong>H\u01b0\u01a1ng V\u1ecb \u0110\u1eadm \u0110\u00e0, Chu\u1ea9n V\u1ecb:<\/strong>\u00a0<strong>Ph\u00f4 mai b\u1ed9t Fromagio<\/strong> mang h\u01b0\u01a1ng v\u1ecb \u0111\u1eb7c tr\u01b0ng c\u1ee7a ph\u00f4 mai cao c\u1ea5p, th\u01b0\u1eddng l\u00e0 s\u1ef1 k\u1ebft h\u1ee3p c\u1ee7a v\u1ecb m\u1eb7n nh\u1eb9, b\u00e9o ng\u1eady v\u00e0 th\u01a1m n\u1ed3ng, quy\u1ebfn r\u0169. Khi r\u1eafc l\u00ean m\u00f3n \u0103n n\u00f3ng, ph\u00f4 mai s\u1ebd tan ch\u1ea3y, t\u1ea1o n\u00ean m\u1ed9t l\u1edbp ph\u1ee7 m\u1ecbn m\u00e0ng, l\u00e0m t\u0103ng th\u00eam s\u1ef1 h\u1ea5p d\u1eabn cho m\u00f3n \u0103n.<\/p>\n<\/li>\n<li data-sourcepos=\"42:1-42:252\">\n<p data-sourcepos=\"42:3-42:252\"><strong>Ti\u1ec7n L\u1ee3i T\u1ed1i \u0110a:<\/strong>\u00a0D\u1ea1ng b\u1ed9t gi\u00fap vi\u1ec7c s\u1eed d\u1ee5ng tr\u1edf n\u00ean v\u00f4 c\u00f9ng d\u1ec5 d\u00e0ng. B\u1ea1n c\u00f3 th\u1ec3 r\u1eafc tr\u1ef1c ti\u1ebfp l\u00ean m\u00f3n \u0103n m\u00e0 kh\u00f4ng c\u1ea7n d\u1ee5ng c\u1ee5 b\u00e0o hay m\u1ea5t th\u1eddi gian chu\u1ea9n b\u1ecb. \u0110\u00e2y l\u00e0 l\u1ef1a ch\u1ecdn l\u00fd t\u01b0\u1edfng cho nh\u1eefng ng\u01b0\u1eddi b\u1eadn r\u1ed9n nh\u01b0ng v\u1eabn mu\u1ed1n th\u01b0\u1edfng th\u1ee9c m\u00f3n \u0103n ngon.<\/p>\n<\/li>\n<li data-sourcepos=\"43:1-43:220\">\n<p data-sourcepos=\"43:3-43:220\"><strong>D\u1ec5 D\u00e0ng B\u1ea3o Qu\u1ea3n &amp; K\u00e9o D\u00e0i Th\u1eddi Gian S\u1eed D\u1ee5ng:<\/strong>\u00a0Nh\u1edd \u0111\u01b0\u1ee3c l\u00e0m kh\u00f4 v\u00e0 \u0111\u00f3ng g\u00f3i k\u00edn, Ph\u00f4 Mai B\u1ed9t Fromagio c\u00f3 th\u1eddi h\u1ea1n s\u1eed d\u1ee5ng l\u00e2u h\u01a1n \u0111\u00e1ng k\u1ec3 so v\u1edbi ph\u00f4 mai t\u01b0\u01a1i, gi\u00fap b\u1ea1n lu\u00f4n c\u00f3 s\u1eb5n ph\u00f4 mai \u0111\u1ec3 d\u00f9ng b\u1ea5t c\u1ee9 l\u00fac n\u00e0o.<\/p>\n<\/li>\n<li data-sourcepos=\"44:1-45:0\">\n<p data-sourcepos=\"44:3-44:193\"><strong>\u0110a N\u0103ng Trong Ch\u1ebf Bi\u1ebfn:<\/strong>\u00a0T\u1eeb c\u00e1c m\u00f3n \u00c2u kinh \u0111i\u1ec3n \u0111\u1ebfn nh\u1eefng s\u00e1ng t\u1ea1o \u1ea9m th\u1ef1c h\u00e0ng ng\u00e0y, ph\u00f4 mai b\u1ed9t Fromagio \u0111\u1ec1u c\u00f3 th\u1ec3 ph\u00e1t huy t\u1ed1i \u0111a c\u00f4ng d\u1ee5ng, gi\u00fap b\u1ea1n th\u1ecfa s\u1ee9c s\u00e1ng t\u1ea1o trong gian b\u1ebfp.<\/p>\n<\/li>\n<\/ul>\n<p><img loading=\"lazy\" decoding=\"async\" class=\"aligncenter\" src=\"https:\/\/havamall.com\/wp-content\/uploads\/2025\/06\/AdobeStock_70091009-3x2-1-87de44cc6b964f4cba8d717f87ed2eae.jpg\" alt=\"The Easiest Way to Grate Parmesan Cheese\" width=\"850\" height=\"567\" \/><\/p>\n<h3 data-sourcepos=\"36:1-36:51\"><strong>N\u00e2ng t\u1ea7m m\u00f3n \u0103n v\u1edbi Ph\u00f4 Mai B\u1ed9t Fromagio<\/strong><\/h3>\n<ul data-sourcepos=\"40:1-53:0\">\n<li>\n<ul data-sourcepos=\"40:1-53:0\">\n<li data-sourcepos=\"40:1-40:204\">\n<p data-sourcepos=\"40:3-40:204\"><strong>M\u00f3n \u00dd kinh \u0111i\u1ec3n:<\/strong>\u00a0R\u1eafc Ph\u00f4 Mai B\u1ed9t Fromagio l\u00ean \u0111\u0129a m\u00ec \u00dd Carbonara, Spaghetti Bolognese hay Lasagna n\u00f3ng h\u1ed5i \u0111\u1ec3 t\u0103ng th\u00eam h\u01b0\u01a1ng v\u1ecb b\u00e9o ng\u1eady v\u00e0 h\u1ea5p d\u1eabn. \u0110\u00e2y l\u00e0 c\u00e1ch l\u00e0m truy\u1ec1n th\u1ed1ng v\u00e0 kh\u00f4ng th\u1ec3 thi\u1ebfu!<\/p>\n<\/li>\n<li data-sourcepos=\"41:1-41:150\">\n<p data-sourcepos=\"41:3-41:150\"><strong>Pizza v\u00e0 b\u00e1nh m\u00ec n\u01b0\u1edbng:<\/strong>\u00a0Th\u00eam m\u1ed9t l\u1edbp ph\u00f4 mai b\u1ed9t tr\u01b0\u1edbc khi n\u01b0\u1edbng pizza ho\u1eb7c r\u1eafc l\u00ean b\u00e1nh m\u00ec n\u01b0\u1edbng ph\u00f4 mai t\u1ecfi \u0111\u1ec3 c\u00f3 l\u1edbp v\u1ecf v\u00e0ng gi\u00f2n, th\u01a1m l\u1eebng.<\/p>\n<\/li>\n<li data-sourcepos=\"42:1-42:150\">\n<p data-sourcepos=\"42:3-42:150\"><strong>S\u00fap v\u00e0 salad:<\/strong>\u00a0R\u1eafc m\u1ed9t ch\u00fat ph\u00f4 mai b\u1ed9t l\u00ean b\u00e1t s\u00fap kem (nh\u01b0 s\u00fap b\u00ed \u0111\u1ecf, s\u00fap n\u1ea5m) ho\u1eb7c tr\u1ed9n v\u00e0o salad t\u01b0\u01a1i \u0111\u1ec3 t\u0103ng th\u00eam \u0111\u1ed9 b\u00e9o v\u00e0 h\u01b0\u01a1ng v\u1ecb \u0111\u1eadm \u0111\u00e0.<\/p>\n<\/li>\n<li data-sourcepos=\"43:1-43:134\">\n<p data-sourcepos=\"43:3-43:134\"><strong>Tr\u1ee9ng v\u00e0 khoai t\u00e2y:<\/strong>\u00a0Bi\u1ebfn t\u1ea5u m\u00f3n tr\u1ee9ng \u1ed1p la, tr\u1ee9ng cu\u1ed9n, ho\u1eb7c khoai t\u00e2y chi\u00ean, khoai t\u00e2y nghi\u1ec1n b\u1eb1ng c\u00e1ch r\u1eafc th\u00eam ph\u00f4 mai b\u1ed9t.<\/p>\n<\/li>\n<li data-sourcepos=\"44:1-45:0\">\n<p data-sourcepos=\"44:3-44:120\"><strong>M\u00f3n \u0103n v\u1eb7t:<\/strong>\u00a0R\u1eafc l\u00ean b\u1ecfng ng\u00f4, khoai t\u00e2y l\u1eafc, ho\u1eb7c c\u00e1c m\u00f3n \u0103n v\u1eb7t kh\u00e1c \u0111\u1ec3 t\u1ea1o h\u01b0\u01a1ng v\u1ecb ph\u00f4 mai th\u01a1m ngon kh\u00f3 c\u01b0\u1ee1ng.<\/p>\n<\/li>\n<\/ul>\n<\/li>\n<\/ul>\n<p><img loading=\"lazy\" decoding=\"async\" class=\"aligncenter wp-image-40393\" src=\"https:\/\/havamall.com\/wp-content\/uploads\/2025\/06\/90033660_489230895300283_305618827927943467_n.jpg\" alt=\"\" width=\"850\" height=\"850\" \/><\/p>\n<h3 data-sourcepos=\"54:1-54:71\"><strong>L\u1ee3i \u00edch dinh d\u01b0\u1ee1ng (v\u00e0 s\u1ef1 ti\u1ec7n l\u1ee3i) c\u1ee7a Ph\u00f4 Mai B\u1ed9t Fromagio<\/strong><\/h3>\n<p data-sourcepos=\"56:1-56:75\">Ngo\u00e0i h\u01b0\u01a1ng v\u1ecb tuy\u1ec7t v\u1eddi, Ph\u00f4 Mai B\u1ed9t Fromagio c\u00f2n mang l\u1ea1i m\u1ed9t s\u1ed1 l\u1ee3i \u00edch:<\/p>\n<ul data-sourcepos=\"58:1-61:0\">\n<li data-sourcepos=\"58:1-58:111\"><strong>Ngu\u1ed3n cung c\u1ea5p Canxi:<\/strong>\u00a0Ph\u00f4 mai l\u00e0 m\u1ed9t ngu\u1ed3n cung c\u1ea5p canxi d\u1ed3i d\u00e0o, c\u1ea7n thi\u1ebft cho x\u01b0\u01a1ng v\u00e0 r\u0103ng ch\u1eafc kh\u1ecfe.<\/li>\n<li data-sourcepos=\"59:1-59:106\"><strong>\u0110\u1ea1m (Protein):<\/strong>\u00a0Cung c\u1ea5p m\u1ed9t l\u01b0\u1ee3ng protein nh\u1ea5t \u0111\u1ecbnh, h\u1ed7 tr\u1ee3 ph\u00e1t tri\u1ec3n c\u01a1 b\u1eafp v\u00e0 duy tr\u00ec n\u0103ng l\u01b0\u1ee3ng.<\/li>\n<li data-sourcepos=\"60:1-61:0\"><strong>S\u1ef1 ti\u1ec7n l\u1ee3i h\u00e0ng \u0111\u1ea7u:<\/strong>\u00a0Gi\u00fap vi\u1ec7c n\u1ea5u n\u01b0\u1edbng tr\u1edf n\u00ean nhanh ch\u00f3ng v\u00e0 d\u1ec5 d\u00e0ng h\u01a1n, \u0111\u1eb7c bi\u1ec7t khi b\u1ea1n mu\u1ed1n th\u00eam h\u01b0\u01a1ng v\u1ecb ph\u00f4 mai v\u00e0o m\u00f3n \u0103n m\u00e0 kh\u00f4ng m\u1ea5t nhi\u1ec1u th\u1eddi gian chu\u1ea9n b\u1ecb.<\/li>\n<\/ul>\n<p data-sourcepos=\"62:1-62:189\">V\u1edbi Ph\u00f4 Mai B\u1ed9t Fromagio, vi\u1ec7c ch\u1ebf bi\u1ebfn c\u00e1c m\u00f3n \u0103n ngon v\u00e0 h\u1ea5p d\u1eabn ch\u01b0a bao gi\u1edd d\u1ec5 d\u00e0ng \u0111\u1ebfn th\u1ebf. H\u00e3y \u0111\u1ec3 h\u01b0\u01a1ng v\u1ecb \u0111\u1eadm \u0111\u00e0 v\u00e0 ti\u1ec7n l\u1ee3i c\u1ee7a s\u1ea3n ph\u1ea9m n\u00e0y l\u00e0m phong ph\u00fa th\u00eam nh\u1eefng b\u1eefa \u0103n c\u1ee7a b\u1ea1n! S\u1ea3n ph\u1ea9m \u0111\u00e3 c\u00f3 m\u1eb7t t\u1ea1i\u00a0<strong>Havamall<\/strong>.<\/p>","protected":false},"excerpt":{"rendered":"<p>TH\u00d4NG TIN S\u1ea2N PH\u1ea8M Th\u01b0\u01a1ng hi\u1ec7u Fromagio Xu\u1ea5t X\u1ee9 Ph\u00e1p Th\u00e0nh ph\u1ea7n Xem tr\u00ean bao b\u00ec H\u1ea1n s\u1eed d\u1ee5ng Xem<\/p>","protected":false},"featured_media":39112,"comment_status":"open","ping_status":"closed","template":"","meta":[],"product_brand":[],"product_cat":[671,36],"product_tag":[],"class_list":{"0":"post-39111","1":"product","2":"type-product","3":"status-publish","4":"has-post-thumbnail","6":"product_cat-nhap-khau-phap","7":"product_cat-thuc-pham-tieu-dung","9":"first","10":"outofstock","11":"sale","12":"shipping-taxable","13":"purchasable","14":"product-type-simple"},"_links":{"self":[{"href":"https:\/\/havamall.vn\/en\/wp-json\/wp\/v2\/product\/39111"}],"collection":[{"href":"https:\/\/havamall.vn\/en\/wp-json\/wp\/v2\/product"}],"about":[{"href":"https:\/\/havamall.vn\/en\/wp-json\/wp\/v2\/types\/product"}],"replies":[{"embeddable":true,"href":"https:\/\/havamall.vn\/en\/wp-json\/wp\/v2\/comments?post=39111"}],"version-history":[{"count":0,"href":"https:\/\/havamall.vn\/en\/wp-json\/wp\/v2\/product\/39111\/revisions"}],"wp:featuredmedia":[{"embeddable":true,"href":"https:\/\/havamall.vn\/en\/wp-json\/wp\/v2\/media\/39112"}],"wp:attachment":[{"href":"https:\/\/havamall.vn\/en\/wp-json\/wp\/v2\/media?parent=39111"}],"wp:term":[{"taxonomy":"product_brand","embeddable":true,"href":"https:\/\/havamall.vn\/en\/wp-json\/wp\/v2\/product_brand?post=39111"},{"taxonomy":"product_cat","embeddable":true,"href":"https:\/\/havamall.vn\/en\/wp-json\/wp\/v2\/product_cat?post=39111"},{"taxonomy":"product_tag","embeddable":true,"href":"https:\/\/havamall.vn\/en\/wp-json\/wp\/v2\/product_tag?post=39111"}],"curies":[{"name":"wp","href":"https:\/\/api.w.org\/{rel}","templated":true}]}}