{"id":39104,"date":"2025-06-07T11:53:57","date_gmt":"2025-06-07T04:53:57","guid":{"rendered":"https:\/\/havamall.vn\/?post_type=product&#038;p=39104"},"modified":"2026-03-24T13:55:59","modified_gmt":"2026-03-24T06:55:59","slug":"dau-nua-konnyak-vi-nguyen-goi-280g","status":"publish","type":"product","link":"https:\/\/havamall.vn\/en\/shop\/dau-nua-konnyak-vi-nguyen-goi-280g\/","title":{"rendered":"\u0110\u1eadu N\u01b0a Konnyak V\u1ecb Nguy\u00ean G\u00f3i 280G"},"content":{"rendered":"<h3><strong>TH\u00d4NG TIN S\u1ea2N PH\u1ea8M<\/strong><\/h3>\n<table>\n<tbody>\n<tr>\n<td>Th\u01b0\u01a1ng hi\u1ec7u<\/td>\n<td>V\u1ecb Nguy\u00ean<\/td>\n<\/tr>\n<tr>\n<td>Xu\u1ea5t X\u1ee9<\/td>\n<td>Vi\u1ec7t Nam<\/td>\n<\/tr>\n<tr>\n<td>Th\u00e0nh ph\u1ea7n<\/td>\n<td>\n<p data-start=\"1054\" data-end=\"1149\">Xem tr\u00ean bao b\u00ec<\/p>\n<\/td>\n<\/tr>\n<tr>\n<td>H\u1ea1n s\u1eed d\u1ee5ng<\/td>\n<td>Xem tr\u00ean bao b\u00ec<\/td>\n<\/tr>\n<tr>\n<td>B\u1ea3o qu\u1ea3n<\/td>\n<td>N\u01a1i kh\u00f4 r\u00e1o, tho\u00e1ng m\u00e1t, tr\u00e1nh \u00e1nh n\u1eafng tr\u1ef1c ti\u1ebfp v\u00e0 nhi\u1ec7t \u0111\u1ed9 cao. \u0110\u00f3ng ch\u1eb7t n\u1eafp sau khi s\u1eed d\u1ee5ng.<\/td>\n<\/tr>\n<tr>\n<td>Kh\u1ed1i l\u01b0\u1ee3ng t\u1ecbnh<\/td>\n<td>280g<\/td>\n<\/tr>\n<\/tbody>\n<\/table>\n<h3 data-sourcepos=\"11:1-11:51\"><strong>Konjac (N\u01b0a) l\u00e0 g\u00ec? Ngu\u1ed3n g\u1ed1c v\u00e0 l\u1ecbch s\u1eed<\/strong><\/h3>\n<p data-sourcepos=\"13:1-13:312\"><strong>\u0110\u1eadu N\u01b0a V\u1ecb Nguy\u00ean<\/strong>\u00a0\u0111\u01b0\u1ee3c l\u00e0m t\u1eeb c\u1ee7 c\u1ee7a c\u00e2y\u00a0<strong>Konjac<\/strong>, hay c\u00f2n g\u1ecdi l\u00e0 c\u00e2y N\u01b0a \u2013 m\u1ed9t lo\u1ea1i c\u00e2y th\u00e2n th\u1ea3o l\u00e2u n\u0103m c\u00f3 ngu\u1ed3n g\u1ed1c t\u1eeb v\u00f9ng \u0110\u00f4ng Nam \u00c1 v\u00e0 \u0110\u00f4ng \u00c1, \u0111\u1eb7c bi\u1ec7t ph\u1ed5 bi\u1ebfn \u1edf Nh\u1eadt B\u1ea3n, Trung Qu\u1ed1c v\u00e0 H\u00e0n Qu\u1ed1c. C\u1ee7 N\u01b0a n\u1ed5i ti\u1ebfng v\u1edbi h\u00e0m l\u01b0\u1ee3ng ch\u1ea5t x\u01a1 h\u00f2a tan Glucomannan d\u1ed3i d\u00e0o, mang l\u1ea1i nhi\u1ec1u l\u1ee3i \u00edch s\u1ee9c kh\u1ecfe tuy\u1ec7t v\u1eddi.<\/p>\n<p data-sourcepos=\"15:1-15:301\">T\u1eeb h\u00e0ng ng\u00e0n n\u0103m tr\u01b0\u1edbc, ng\u01b0\u1eddi Nh\u1eadt \u0111\u00e3 bi\u1ebft c\u00e1ch s\u1eed d\u1ee5ng Konjac trong c\u1ea3 \u1ea9m th\u1ef1c v\u00e0 y h\u1ecdc c\u1ed5 truy\u1ec1n. V\u1edbi s\u1ef1 ph\u00e1t tri\u1ec3n c\u1ee7a c\u00f4ng ngh\u1ec7 th\u1ef1c ph\u1ea9m, Konjac \u0111\u00e3 \u0111\u01b0\u1ee3c ch\u1ebf bi\u1ebfn th\u00e0nh nhi\u1ec1u d\u1ea1ng s\u1ea3n ph\u1ea9m ti\u1ec7n l\u1ee3i, trong \u0111\u00f3 c\u00f3 \u0110\u1eadu N\u01b0a, mang \u0111\u1ebfn m\u1ed9t gi\u1ea3i ph\u00e1p thay th\u1ebf tinh b\u1ed9t v\u00e0 \u0111\u1ea1m th\u1ef1c v\u1eadt hi\u1ec7u qu\u1ea3, l\u00e0nh m\u1ea1nh.<\/p>\n<p data-sourcepos=\"15:1-15:372\"><img fetchpriority=\"high\" decoding=\"async\" class=\"aligncenter\" src=\"https:\/\/havamall.com\/wp-content\/uploads\/2025\/06\/white-konjac-root-1.jpg\" alt=\"NatureFlo | Konjac noodles and konjac pasta factory\" width=\"850\" height=\"565\" \/><\/p>\n<h3 data-sourcepos=\"25:1-25:60\"><strong>\u0110\u1eb7c \u0111i\u1ec3m n\u1ed5i b\u1eadt c\u1ee7a \u0110\u1eadu N\u01b0a V\u1ecb Nguy\u00ean<\/strong><\/h3>\n<p data-sourcepos=\"25:1-25:115\">\u0110\u1eadu N\u01b0a Vi Nguy\u00ean l\u00e0 s\u1ef1 k\u1ebft h\u1ee3p ho\u00e0n h\u1ea3o gi\u1eefa truy\u1ec1n th\u1ed1ng v\u00e0 c\u00f4ng ngh\u1ec7 hi\u1ec7n \u0111\u1ea1i, mang \u0111\u1ebfn nh\u1eefng \u01b0u \u0111i\u1ec3m v\u01b0\u1ee3t tr\u1ed9i:<\/p>\n<ul data-sourcepos=\"27:1-39:0\">\n<li data-sourcepos=\"27:1-27:122\">\n<p data-sourcepos=\"27:3-27:122\"><strong>Gi\u00e0u ch\u1ea5t x\u01a1 Glucomannan:<\/strong>\u00a0H\u00e0m l\u01b0\u1ee3ng ch\u1ea5t x\u01a1 d\u1ed3i d\u00e0o gi\u00fap t\u1ea1o c\u1ea3m gi\u00e1c no l\u00e2u, h\u1ed7 tr\u1ee3 ti\u00eau h\u00f3a v\u00e0 ki\u1ec3m so\u00e1t c\u00e2n n\u1eb7ng.<\/p>\n<\/li>\n<li data-sourcepos=\"28:1-28:184\">\n<p data-sourcepos=\"28:3-28:184\"><strong>Si\u00eau \u00edt calo v\u00e0 carbohydrate:<\/strong>\u00a0\u0110\u00e2y l\u00e0 \u0111i\u1ec3m nh\u1ea5n quan tr\u1ecdng nh\u1ea5t, \u0110\u1eadu N\u01b0a g\u1ea7n nh\u01b0 kh\u00f4ng ch\u1ee9a calo v\u00e0 carb, l\u00fd t\u01b0\u1edfng cho ng\u01b0\u1eddi \u0103n ki\u00eang Low-carb, Keto, Eat Clean ho\u1eb7c mu\u1ed1n gi\u1ea3m c\u00e2n.<\/p>\n<\/li>\n<li data-sourcepos=\"29:1-29:100\">\n<p data-sourcepos=\"29:3-29:100\"><strong>Kh\u00f4ng ch\u1ee9a Gluten:<\/strong>\u00a0An to\u00e0n cho ng\u01b0\u1eddi c\u00f3 ch\u1ebf \u0111\u1ed9 \u0103n kh\u00f4ng gluten ho\u1eb7c ng\u01b0\u1eddi nh\u1ea1y c\u1ea3m v\u1edbi gluten.<\/p>\n<\/li>\n<li data-sourcepos=\"30:1-30:122\">\n<p data-sourcepos=\"30:3-30:122\"><strong>K\u1ebft c\u1ea5u \u0111\u1ed9c \u0111\u00e1o:<\/strong>\u00a0\u0110\u1eadu N\u01b0a c\u00f3 \u0111\u1ed9 gi\u00f2n s\u1ea7n s\u1eadt nh\u1eb9, h\u1ea5p th\u1ee5 h\u01b0\u01a1ng v\u1ecb gia v\u1ecb r\u1ea5t t\u1ed1t, gi\u00fap m\u00f3n \u0103n \u0111\u1eadm \u0111\u00e0 v\u00e0 h\u1ea5p d\u1eabn h\u01a1n.<\/p>\n<\/li>\n<li data-sourcepos=\"31:1-32:0\">\n<p data-sourcepos=\"31:3-31:137\"><strong>C\u00f4ng ngh\u1ec7 Nh\u1eadt B\u1ea3n:<\/strong>\u00a0\u0110\u1ea3m b\u1ea3o s\u1ea3n ph\u1ea9m \u0111\u1ea1t ch\u1ea5t l\u01b0\u1ee3ng cao, an to\u00e0n v\u1ec7 sinh th\u1ef1c ph\u1ea9m v\u00e0 gi\u1eef \u0111\u01b0\u1ee3c nh\u1eefng d\u01b0\u1ee1ng ch\u1ea5t qu\u00fd gi\u00e1 c\u1ee7a Konjac.<\/p>\n<\/li>\n<\/ul>\n<p><img decoding=\"async\" class=\"aligncenter\" src=\"https:\/\/havamall.com\/wp-content\/uploads\/2025\/06\/p10-crago-konnyaku-a-20170318.jpg\" alt=\"The mysteries of 'konnyaku': Health food aid or choking hazard? - The Japan Times\" width=\"850\" height=\"566\" \/><\/p>\n<p><strong>\u0110a d\u1ea1ng c\u00e1ch ch\u1ebf bi\u1ebfn \u0110\u1eadu N\u01b0a trong \u1ea9m th\u1ef1c<\/strong><\/p>\n<p data-sourcepos=\"42:1-42:171\">\u0110\u1eadu N\u01b0a Vi Nguy\u00ean c\u1ef1c k\u1ef3 linh ho\u1ea1t trong b\u1ebfp, c\u00f3 th\u1ec3 thay th\u1ebf \u0111\u1eadu ph\u1ee5 ho\u1eb7c th\u1eadm ch\u00ed m\u1ed9t ph\u1ea7n th\u1ecbt trong nhi\u1ec1u m\u00f3n \u0103n, mang \u0111\u1ebfn s\u1ef1 m\u1edbi l\u1ea1 v\u00e0 l\u00e0nh m\u1ea1nh cho b\u1eefa c\u01a1m gia \u0111\u00ecnh:<\/p>\n<ul data-sourcepos=\"44:1-57:0\">\n<li>\n<ul data-sourcepos=\"44:1-57:0\">\n<li data-sourcepos=\"44:1-44:89\">\n<p data-sourcepos=\"44:3-44:89\"><strong>\u0110\u1eadu N\u01b0a kho:<\/strong>\u00a0Kho c\u00f9ng n\u1ea5m, rau c\u1ee7, ho\u1eb7c s\u01b0\u1eddn non chay \u0111\u1ec3 c\u00f3 m\u00f3n \u0103n \u0111\u1eadm \u0111\u00e0, \u0111\u01b0a c\u01a1m.<\/p>\n<\/li>\n<li data-sourcepos=\"45:1-45:123\">\n<p data-sourcepos=\"45:3-45:123\"><strong>\u0110\u1eadu N\u01b0a x\u00e0o:<\/strong>\u00a0X\u00e0o c\u00f9ng c\u00e1c lo\u1ea1i rau c\u1ee7 t\u01b0\u01a1i ngon, th\u1ecbt ho\u1eb7c h\u1ea3i s\u1ea3n (n\u1ebfu kh\u00f4ng \u0103n chay) t\u1ea1o th\u00e0nh m\u00f3n x\u00e0o \u0111\u1ea7y m\u00e0u s\u1eafc.<\/p>\n<\/li>\n<li data-sourcepos=\"46:1-46:125\">\n<p data-sourcepos=\"46:3-46:125\"><strong>Th\u00eam v\u00e0o canh, s\u00fap, l\u1ea9u:<\/strong>\u00a0C\u1eaft mi\u1ebfng v\u1eeba \u0103n v\u00e0 cho v\u00e0o c\u00e1c m\u00f3n canh, s\u00fap, l\u1ea9u \u0111\u1ec3 t\u0103ng th\u00eam \u0111\u1ed9 gi\u00f2n s\u1ea7n s\u1eadt v\u00e0 dinh d\u01b0\u1ee1ng.<\/p>\n<\/li>\n<li data-sourcepos=\"47:1-47:74\">\n<p data-sourcepos=\"47:3-47:74\"><strong>L\u00e0m g\u1ecfi, salad:<\/strong>\u00a0Th\u00e1i l\u00e1t m\u1ecfng ho\u1eb7c s\u1ee3i \u0111\u1ec3 tr\u1ed9n g\u1ecfi, salad thanh m\u00e1t.<\/p>\n<\/li>\n<li data-sourcepos=\"48:1-49:0\">\n<p data-sourcepos=\"48:3-48:113\"><strong>N\u01b0\u1edbng, \u00e1p ch\u1ea3o:<\/strong>\u00a0N\u01b0\u1edbng ho\u1eb7c \u00e1p ch\u1ea3o v\u1edbi ch\u00fat d\u1ea7u \u00f4 liu v\u00e0 gia v\u1ecb, d\u00f9ng l\u00e0m m\u00f3n \u0103n v\u1eb7t l\u00e0nh m\u1ea1nh ho\u1eb7c \u0103n k\u00e8m.<\/p>\n<\/li>\n<\/ul>\n<\/li>\n<\/ul>\n<p><img decoding=\"async\" class=\"aligncenter\" src=\"https:\/\/havamall.com\/wp-content\/uploads\/2025\/06\/61qRKGieGL._AC_UF10001000_QL80_DpWeblab.jpg\" alt=\"Amazon.co.jp: Stir-fried konnyaku with a tangy flavor of chili pepper, stir-fried konnyaku, room temperature (2.2 lbs (1 kg) : Food, Beverages &amp; Alcohol\" width=\"850\" height=\"850\" \/><\/p>\n<h3 data-sourcepos=\"58:1-58:55\"><strong>C\u00f4ng d\u1ee5ng tuy\u1ec7t v\u1eddi cho s\u1ee9c kh\u1ecfe v\u00e0 v\u00f3c d\u00e1ng<\/strong><\/h3>\n<ul data-sourcepos=\"62:1-66:0\">\n<li data-sourcepos=\"62:1-62:167\"><strong>H\u1ed7 tr\u1ee3 gi\u1ea3m c\u00e2n hi\u1ec7u qu\u1ea3:<\/strong>\u00a0V\u1edbi h\u00e0m l\u01b0\u1ee3ng calo v\u00e0 carb c\u1ef1c th\u1ea5p c\u00f9ng kh\u1ea3 n\u0103ng t\u1ea1o c\u1ea3m gi\u00e1c no l\u00e2u, \u0110\u1eadu N\u01b0a l\u00e0 tr\u1ee3 th\u1ee7 \u0111\u1eafc l\u1ef1c cho nh\u1eefng ai mu\u1ed1n ki\u1ec3m so\u00e1t c\u00e2n n\u1eb7ng.<\/li>\n<li data-sourcepos=\"63:1-63:144\"><strong>\u1ed4n \u0111\u1ecbnh \u0111\u01b0\u1eddng huy\u1ebft:<\/strong>\u00a0Ch\u1ea5t x\u01a1 Glucomannan gi\u00fap l\u00e0m ch\u1eadm qu\u00e1 tr\u00ecnh h\u1ea5p th\u1ee5 \u0111\u01b0\u1eddng v\u00e0o m\u00e1u, h\u1ed7 tr\u1ee3 ki\u1ec3m so\u00e1t \u0111\u01b0\u1eddng huy\u1ebft cho ng\u01b0\u1eddi ti\u1ec3u \u0111\u01b0\u1eddng.<\/li>\n<li data-sourcepos=\"64:1-64:134\"><strong>C\u1ea3i thi\u1ec7n h\u1ec7 ti\u00eau h\u00f3a:<\/strong>\u00a0Ch\u1ea5t x\u01a1 d\u1ed3i d\u00e0o th\u00fac \u0111\u1ea9y nhu \u0111\u1ed9ng ru\u1ed9t, ng\u0103n ng\u1eeba t\u00e1o b\u00f3n v\u00e0 duy tr\u00ec h\u1ec7 vi sinh v\u1eadt \u0111\u01b0\u1eddng ru\u1ed9t kh\u1ecfe m\u1ea1nh.<\/li>\n<li data-sourcepos=\"65:1-66:0\"><strong>Thanh l\u1ecdc c\u01a1 th\u1ec3:<\/strong>\u00a0Gi\u00fap lo\u1ea1i b\u1ecf \u0111\u1ed9c t\u1ed1 v\u00e0 cholesterol d\u01b0 th\u1eeba ra kh\u1ecfi c\u01a1 th\u1ec3.<\/li>\n<\/ul>\n<p><img loading=\"lazy\" decoding=\"async\" class=\"aligncenter\" src=\"https:\/\/havamall.com\/wp-content\/uploads\/2025\/06\/photo-1674914747866-1674914747934696557458.jpg\" alt=\"Lo\u1ea1i c\u1ee7 th\u1ea7n th\u00e1nh m\u00e0 Song Hye Kyo d\u00f9ng \u0111\u1ec3 gi\u1ea3m c\u00e2n\" width=\"850\" height=\"567\" \/><\/p>\n<p data-sourcepos=\"67:1-67:210\">\u0110\u1eadu N\u01b0a Vi Nguy\u00ean ch\u00ednh l\u00e0 gi\u1ea3i ph\u00e1p ho\u00e0n h\u1ea3o \u0111\u1ec3 b\u1ea1n v\u1eeba th\u01b0\u1edfng th\u1ee9c nh\u1eefng m\u00f3n \u0103n ngon mi\u1ec7ng, v\u1eeba ch\u0103m s\u00f3c s\u1ee9c kh\u1ecfe v\u00e0 duy tr\u00ec v\u00f3c d\u00e1ng l\u00fd t\u01b0\u1edfng. H\u00e3y b\u1ed5 sung \u0110\u1eadu N\u01b0a v\u00e0o th\u1ef1c \u0111\u01a1n h\u00e0ng ng\u00e0y c\u1ee7a b\u1ea1n ngay h\u00f4m nay! S\u1ea3n ph\u1ea9m hi\u1ec7n \u0111\u00e3 c\u00f3 m\u1eb7t t\u1ea1i\u00a0<strong data-start=\"2706\" data-end=\"2718\">Havamall.<\/strong><\/p>","protected":false},"excerpt":{"rendered":"<p>TH\u00d4NG TIN S\u1ea2N PH\u1ea8M Th\u01b0\u01a1ng hi\u1ec7u V\u1ecb Nguy\u00ean Xu\u1ea5t X\u1ee9 Vi\u1ec7t Nam Th\u00e0nh ph\u1ea7n Xem tr\u00ean bao b\u00ec H\u1ea1n s\u1eed<\/p>","protected":false},"featured_media":39106,"comment_status":"open","ping_status":"closed","template":"","meta":[],"product_brand":[],"product_cat":[677,36],"product_tag":[],"class_list":{"0":"post-39104","1":"product","2":"type-product","3":"status-publish","4":"has-post-thumbnail","6":"product_cat-cac-nuoc-khac","7":"product_cat-thuc-pham-tieu-dung","9":"first","10":"outofstock","11":"sale","12":"shipping-taxable","13":"purchasable","14":"product-type-simple"},"_links":{"self":[{"href":"https:\/\/havamall.vn\/en\/wp-json\/wp\/v2\/product\/39104"}],"collection":[{"href":"https:\/\/havamall.vn\/en\/wp-json\/wp\/v2\/product"}],"about":[{"href":"https:\/\/havamall.vn\/en\/wp-json\/wp\/v2\/types\/product"}],"replies":[{"embeddable":true,"href":"https:\/\/havamall.vn\/en\/wp-json\/wp\/v2\/comments?post=39104"}],"version-history":[{"count":0,"href":"https:\/\/havamall.vn\/en\/wp-json\/wp\/v2\/product\/39104\/revisions"}],"wp:featuredmedia":[{"embeddable":true,"href":"https:\/\/havamall.vn\/en\/wp-json\/wp\/v2\/media\/39106"}],"wp:attachment":[{"href":"https:\/\/havamall.vn\/en\/wp-json\/wp\/v2\/media?parent=39104"}],"wp:term":[{"taxonomy":"product_brand","embeddable":true,"href":"https:\/\/havamall.vn\/en\/wp-json\/wp\/v2\/product_brand?post=39104"},{"taxonomy":"product_cat","embeddable":true,"href":"https:\/\/havamall.vn\/en\/wp-json\/wp\/v2\/product_cat?post=39104"},{"taxonomy":"product_tag","embeddable":true,"href":"https:\/\/havamall.vn\/en\/wp-json\/wp\/v2\/product_tag?post=39104"}],"curies":[{"name":"wp","href":"https:\/\/api.w.org\/{rel}","templated":true}]}}