{"id":39100,"date":"2025-06-07T10:27:03","date_gmt":"2025-06-07T03:27:03","guid":{"rendered":"https:\/\/havamall.vn\/?post_type=product&#038;p=39100"},"modified":"2025-06-07T13:42:21","modified_gmt":"2025-06-07T06:42:21","slug":"bun-nua-shirataki-vi-nguyen-250g","status":"publish","type":"product","link":"https:\/\/havamall.vn\/en\/shop\/bun-nua-shirataki-vi-nguyen-250g\/","title":{"rendered":"B\u00fan N\u01b0a Shirataki V\u1ecb Nguy\u00ean 250g"},"content":{"rendered":"<h3><strong>TH\u00d4NG TIN S\u1ea2N PH\u1ea8M<\/strong><\/h3>\n<table>\n<tbody>\n<tr>\n<td>Th\u01b0\u01a1ng hi\u1ec7u<\/td>\n<td>V\u1ecb Nguy\u00ean<\/td>\n<\/tr>\n<tr>\n<td>Xu\u1ea5t X\u1ee9<\/td>\n<td>Vi\u1ec7t Nam<\/td>\n<\/tr>\n<tr>\n<td>Th\u00e0nh ph\u1ea7n<\/td>\n<td>\n<p data-start=\"1054\" data-end=\"1149\">Xem tr\u00ean bao b\u00ec<\/p>\n<\/td>\n<\/tr>\n<tr>\n<td>H\u1ea1n s\u1eed d\u1ee5ng<\/td>\n<td>Xem tr\u00ean bao b\u00ec<\/td>\n<\/tr>\n<tr>\n<td>B\u1ea3o qu\u1ea3n<\/td>\n<td>N\u01a1i kh\u00f4 r\u00e1o, tho\u00e1ng m\u00e1t, tr\u00e1nh \u00e1nh n\u1eafng tr\u1ef1c ti\u1ebfp v\u00e0 nhi\u1ec7t \u0111\u1ed9 cao. \u0110\u00f3ng ch\u1eb7t n\u1eafp sau khi s\u1eed d\u1ee5ng.<\/td>\n<\/tr>\n<tr>\n<td>Kh\u1ed1i l\u01b0\u1ee3ng t\u1ecbnh<\/td>\n<td>250g (25g x 10 g\u00f3i)<\/td>\n<\/tr>\n<\/tbody>\n<\/table>\n<h3 data-sourcepos=\"83:1-83:70\"><strong>B\u00fan N\u01b0a Shirataki l\u00e0 g\u00ec? H\u00e0nh tr\u00ecnh t\u1eeb Konjac \u0111\u1ebfn Shirataki<\/strong><\/h3>\n<p data-sourcepos=\"85:1-85:289\"><strong>B\u00fan N\u01b0a Shirataki V\u1ecb Nguy\u00ean<\/strong>\u00a0\u0111\u01b0\u1ee3c ch\u1ebf bi\u1ebfn t\u1eeb\u00a0<strong>c\u1ee7 Konjac (c\u00e2y N\u01b0a),<\/strong>\u00a0m\u1ed9t lo\u1ea1i c\u00e2y \u0111\u00e3 \u0111\u01b0\u1ee3c s\u1eed d\u1ee5ng trong \u1ea9m th\u1ef1c v\u00e0 y h\u1ecdc ch\u00e2u \u00c1 h\u00e0ng ng\u00e0n n\u0103m. \u0110\u1eb7c bi\u1ec7t, ng\u01b0\u1eddi Nh\u1eadt \u0111\u00e3 ph\u00e1t tri\u1ec3n Konjac th\u00e0nh m\u00f3n m\u00ec truy\u1ec1n th\u1ed1ng g\u1ecdi l\u00e0 Shirataki, c\u00f3 ngh\u0129a l\u00e0 \u201cth\u00e1c n\u01b0\u1edbc tr\u1eafng\u201d do s\u1ee3i m\u00ec trong su\u1ed1t v\u00e0 dai ngon.<\/p>\n<p data-sourcepos=\"87:1-87:368\"><strong>S\u1ee3i B\u00fan N\u01b0a Shirataki<\/strong>\u00a0\u0111\u01b0\u1ee3c l\u00e0m t\u1eeb ch\u1ea5t x\u01a1 Glucomannan tinh khi\u1ebft chi\u1ebft xu\u1ea5t t\u1eeb c\u1ee7 N\u01b0a. \u0110\u00e2y l\u00e0 m\u1ed9t lo\u1ea1i ch\u1ea5t x\u01a1 h\u00f2a tan c\u00f3 kh\u1ea3 n\u0103ng h\u1ea5p th\u1ee5 n\u01b0\u1edbc g\u1ea5p nhi\u1ec1u l\u1ea7n tr\u1ecdng l\u01b0\u1ee3ng c\u1ee7a n\u00f3, t\u1ea1o n\u00ean s\u1ee3i b\u00fan dai, trong v\u00e0 g\u1ea7n nh\u01b0 kh\u00f4ng ch\u1ee9a calo. Nh\u1edd c\u00f4ng ngh\u1ec7 s\u1ea3n xu\u1ea5t hi\u1ec7n \u0111\u1ea1i c\u1ee7a Nh\u1eadt B\u1ea3n, B\u00fan N\u01b0a Shirataki Vi Nguy\u00ean gi\u1eef tr\u1ecdn v\u1eb9n nh\u1eefng \u0111\u1eb7c t\u00ednh \u01b0u vi\u1ec7t c\u1ee7a nguy\u00ean li\u1ec7u t\u1ef1 nhi\u00ean.<\/p>\n<p data-sourcepos=\"87:1-87:368\"><img fetchpriority=\"high\" decoding=\"async\" class=\"aligncenter\" src=\"https:\/\/havamall.com\/wp-content\/uploads\/2025\/06\/konnyaku.jpg\" alt=\"\u0102N NO KH\u00d4NG B\u00c9O&quot; V\u1edaI KONJAC - B\u00cd QUY\u1ebeT GI\u1eee D\u00c1NG T\u1eea NG\u01af\u1edcI NH\u1eacT - Sushi World | Nh\u00e0 H\u00e0ng Nh\u1eadt B\u1ea3n H\u00e0ng \u0110\u1ea7u Vi\u1ec7t Nam\" width=\"850\" height=\"566\" \/><\/p>\n<h3 data-sourcepos=\"96:1-96:60\"><strong>\u01afu \u0111i\u1ec3m v\u01b0\u1ee3t tr\u1ed9i c\u1ee7a B\u00fan N\u01b0a Shirataki Vi Nguy\u00ean<\/strong><\/h3>\n<p data-sourcepos=\"98:1-98:106\">B\u00fan N\u01b0a Shirataki Vi Nguy\u00ean kh\u00f4ng ch\u1ec9 l\u00e0 m\u1ed9t nguy\u00ean li\u1ec7u thay th\u1ebf m\u00e0 c\u00f2n mang \u0111\u1ebfn nhi\u1ec1u l\u1ee3i \u00edch v\u01b0\u1ee3t tr\u1ed9i:<\/p>\n<ul data-sourcepos=\"100:1-112:0\">\n<li data-sourcepos=\"100:1-100:231\">\n<p data-sourcepos=\"100:3-100:231\"><strong>\u201cVua\u201d c\u1ee7a th\u1ef1c ph\u1ea9m Low-carb &amp; Low-calo:<\/strong>\u00a0V\u1edbi h\u00e0m l\u01b0\u1ee3ng calo v\u00e0 carbohydrate c\u1ef1c k\u1ef3 th\u1ea5p (g\u1ea7n nh\u01b0 b\u1eb1ng 0), B\u00fan N\u01b0a Shirataki l\u00e0 l\u1ef1a ch\u1ecdn l\u00fd t\u01b0\u1edfng cho c\u00e1c ch\u1ebf \u0111\u1ed9 \u0103n ki\u00eang Low-carb, Keto, Eat Clean, ho\u1eb7c ng\u01b0\u1eddi mu\u1ed1n gi\u1ea3m c\u00e2n.<\/p>\n<\/li>\n<li data-sourcepos=\"101:1-101:126\">\n<p data-sourcepos=\"101:3-101:126\"><strong>Gi\u00e0u ch\u1ea5t x\u01a1 Glucomannan:<\/strong>\u00a0Gi\u00fap b\u1ea1n c\u1ea3m th\u1ea5y no l\u00e2u h\u01a1n, gi\u1ea3m c\u1ea3m gi\u00e1c th\u00e8m \u0103n v\u00e0 h\u1ed7 tr\u1ee3 ki\u1ec3m so\u00e1t l\u01b0\u1ee3ng th\u1ee9c \u0103n n\u1ea1p v\u00e0o.<\/p>\n<\/li>\n<li data-sourcepos=\"102:1-102:116\">\n<p data-sourcepos=\"102:3-102:116\"><strong>Kh\u00f4ng ch\u1ee9a Gluten:<\/strong>\u00a0Ph\u00f9 h\u1ee3p cho ng\u01b0\u1eddi c\u00f3 ch\u1ebf \u0111\u1ed9 \u0103n kh\u00f4ng gluten ho\u1eb7c nh\u1eefng ng\u01b0\u1eddi b\u1ecb d\u1ecb \u1ee9ng\/nh\u1ea1y c\u1ea3m v\u1edbi gluten.<\/p>\n<\/li>\n<li data-sourcepos=\"103:1-103:125\">\n<p data-sourcepos=\"103:3-103:125\"><strong>K\u1ebft c\u1ea5u dai gi\u00f2n:<\/strong>\u00a0S\u1ee3i b\u00fan trong, dai v\u00e0 c\u00f3 \u0111\u1ed9 gi\u00f2n nh\u1eb9 \u0111\u1eb7c tr\u01b0ng, mang l\u1ea1i tr\u1ea3i nghi\u1ec7m \u0103n u\u1ed1ng th\u00fa v\u1ecb, kh\u00f4ng b\u1ecb b\u1edf n\u00e1t.<\/p>\n<\/li>\n<li data-sourcepos=\"104:1-105:0\">\n<p data-sourcepos=\"104:3-104:122\"><strong>D\u1ec5 d\u00e0ng ch\u1ebf bi\u1ebfn v\u00e0 b\u1ea3o qu\u1ea3n:<\/strong>\u00a0S\u1ea3n ph\u1ea9m \u0111\u01b0\u1ee3c \u0111\u00f3ng g\u00f3i ti\u1ec7n l\u1ee3i, d\u1ec5 d\u00e0ng b\u1ea3o qu\u1ea3n v\u00e0 kh\u00f4ng m\u1ea5t nhi\u1ec1u th\u1eddi gian s\u01a1 ch\u1ebf.<\/p>\n<\/li>\n<\/ul>\n<p><img decoding=\"async\" class=\"aligncenter\" src=\"https:\/\/havamall.com\/wp-content\/uploads\/2025\/06\/2.jpg\" alt=\"Konjac: M\u00f3n \u0103n l\u00e0m t\u1eeb \u201cl\u01b0\u1ee1i qu\u1ef7&quot; c\u1ee7a ng\u01b0\u1eddi Nh\u1eadt si\u00eau t\u1ed1t cho s\u1ee9c kh\u1ecfe\" width=\"851\" height=\"567\" \/><\/p>\n<h3 data-sourcepos=\"113:1-113:59\"><strong>Bi\u1ebfn t\u1ea5u \u0111a d\u1ea1ng v\u1edbi B\u00fan N\u01b0a Shirataki Vi Nguy\u00ean<\/strong><\/h3>\n<p data-sourcepos=\"115:1-115:114\">B\u00fan N\u01b0a Shirataki c\u1ef1c k\u1ef3 linh ho\u1ea1t v\u00e0 c\u00f3 th\u1ec3 thay th\u1ebf h\u1ea7u h\u1ebft c\u00e1c lo\u1ea1i b\u00fan, m\u00ec, ph\u1edf truy\u1ec1n th\u1ed1ng trong m\u1ecdi m\u00f3n \u0103n:<\/p>\n<ul data-sourcepos=\"117:1-122:0\">\n<li data-sourcepos=\"117:1-117:106\"><strong>B\u00fan N\u01b0a tr\u1ed9n:<\/strong>\u00a0Tr\u1ed9n c\u00f9ng rau c\u1ee7, th\u1ecbt (ho\u1eb7c \u0111\u1eadu h\u0169\/n\u1ea5m n\u1ebfu \u0103n chay), n\u01b0\u1edbc s\u1ed1t chua ng\u1ecdt ho\u1eb7c m\u00e8 rang.<\/li>\n<li data-sourcepos=\"118:1-118:142\"><strong>B\u00fan N\u01b0a n\u01b0\u1edbc l\u00e8o:<\/strong>\u00a0Th\u00eam v\u00e0o c\u00e1c m\u00f3n b\u00fan ri\u00eau, b\u00fan b\u00f2 Hu\u1ebf, ph\u1edf g\u00e0, ph\u1edf b\u00f2\u2026 \u0111\u1ec3 gi\u1ea3m l\u01b0\u1ee3ng tinh b\u1ed9t nh\u01b0ng v\u1eabn gi\u1eef \u0111\u01b0\u1ee3c h\u01b0\u01a1ng v\u1ecb \u0111\u1eb7c tr\u01b0ng.<\/li>\n<li data-sourcepos=\"119:1-119:65\"><strong>B\u00fan N\u01b0a x\u00e0o:<\/strong>\u00a0X\u00e0o c\u00f9ng h\u1ea3i s\u1ea3n, th\u1ecbt, ho\u1eb7c rau c\u1ee7 t\u01b0\u01a1i ngon.<\/li>\n<li data-sourcepos=\"120:1-120:89\"><strong>Salad v\u00e0 g\u1ecfi cu\u1ed1n:<\/strong>\u00a0S\u1eed d\u1ee5ng s\u1ee3i b\u00fan n\u01b0a trong c\u00e1c m\u00f3n salad thanh m\u00e1t ho\u1eb7c cu\u1ed1n g\u1ecfi.<\/li>\n<li data-sourcepos=\"121:1-122:0\"><strong>L\u1ea9u:<\/strong>\u00a0Nh\u00fang b\u00fan n\u01b0a v\u00e0o n\u1ed3i l\u1ea9u thay cho m\u00ec g\u00f3i ho\u1eb7c b\u00fan t\u01b0\u01a1i.<\/li>\n<\/ul>\n<p data-sourcepos=\"123:1-123:237\"><strong>L\u01b0u \u00fd khi ch\u1ebf bi\u1ebfn:<\/strong>\u00a0Tr\u01b0\u1edbc khi d\u00f9ng, b\u1ea1n n\u00ean x\u1ea3 s\u1ea1ch b\u00fan d\u01b0\u1edbi v\u00f2i n\u01b0\u1edbc l\u1ea1nh, sau \u0111\u00f3 c\u00f3 th\u1ec3 tr\u1ee5ng s\u01a1 qua n\u01b0\u1edbc s\u00f4i kho\u1ea3ng 1-2 ph\u00fat ho\u1eb7c kh\u00f4ng c\u1ea7n (t\u00f9y s\u1edf th\u00edch) \u0111\u1ec3 lo\u1ea1i b\u1ecf m\u00f9i \u0111\u1eb7c tr\u01b0ng c\u1ee7a Konjac, sau \u0111\u00f3 \u0111\u1ec3 r\u00e1o l\u00e0 c\u00f3 th\u1ec3 ch\u1ebf bi\u1ebfn ngay.<\/p>\n<p data-sourcepos=\"123:1-123:237\"><img decoding=\"async\" class=\"aligncenter wp-image-40369\" src=\"https:\/\/havamall.com\/wp-content\/uploads\/2025\/06\/244447198_3110011165929526_969866020549068486_n.jpg\" alt=\"\" width=\"849\" height=\"1061\" \/><\/p>\n<h3 data-sourcepos=\"133:1-133:57\"><strong>L\u1ee3i \u00edch s\u1ee9c kh\u1ecfe khi s\u1eed d\u1ee5ng B\u00fan N\u01b0a Shirataki<\/strong><\/h3>\n<p data-sourcepos=\"135:1-135:93\">B\u00ean c\u1ea1nh vi\u1ec7c h\u1ed7 tr\u1ee3 gi\u1ea3m c\u00e2n, B\u00fan N\u01b0a Shirataki c\u00f2n mang l\u1ea1i nhi\u1ec1u l\u1ee3i \u00edch s\u1ee9c kh\u1ecfe \u0111\u00e1ng k\u1ec3:<\/p>\n<ul data-sourcepos=\"137:1-141:0\">\n<li data-sourcepos=\"137:1-137:125\"><strong>Ki\u1ec3m so\u00e1t c\u00e2n n\u1eb7ng:<\/strong>\u00a0Gi\u00fap gi\u1ea3m l\u01b0\u1ee3ng calo n\u1ea1p v\u00e0o, t\u1ea1o c\u1ea3m gi\u00e1c no l\u00e2u, h\u1ed7 tr\u1ee3 duy tr\u00ec ho\u1eb7c \u0111\u1ea1t \u0111\u01b0\u1ee3c c\u00e2n n\u1eb7ng mong mu\u1ed1n.<\/li>\n<li data-sourcepos=\"138:1-138:177\"><strong>\u1ed4n \u0111\u1ecbnh \u0111\u01b0\u1eddng huy\u1ebft:<\/strong>\u00a0Ch\u1ea5t x\u01a1 Glucomannan l\u00e0m ch\u1eadm qu\u00e1 tr\u00ecnh h\u1ea5p th\u1ee5 glucose v\u00e0o m\u00e1u, gi\u00fap ki\u1ec3m so\u00e1t \u0111\u01b0\u1eddng huy\u1ebft hi\u1ec7u qu\u1ea3, r\u1ea5t t\u1ed1t cho ng\u01b0\u1eddi ti\u1ec3u \u0111\u01b0\u1eddng v\u00e0 ng\u01b0\u1eddi c\u00f3 nguy c\u01a1.<\/li>\n<li data-sourcepos=\"139:1-139:129\"><strong>C\u1ea3i thi\u1ec7n ti\u00eau h\u00f3a:<\/strong>\u00a0H\u00e0m l\u01b0\u1ee3ng ch\u1ea5t x\u01a1 cao gi\u00fap th\u00fac \u0111\u1ea9y nhu \u0111\u1ed9ng ru\u1ed9t, ph\u00f2ng ng\u1eeba t\u00e1o b\u00f3n v\u00e0 duy tr\u00ec h\u1ec7 ti\u00eau h\u00f3a kh\u1ecfe m\u1ea1nh.<\/li>\n<li data-sourcepos=\"140:1-141:0\"><strong>Gi\u1ea3m cholesterol:<\/strong>\u00a0Glucomannan c\u00f3 kh\u1ea3 n\u0103ng li\u00ean k\u1ebft v\u1edbi cholesterol x\u1ea5u trong ru\u1ed9t, gi\u00fap \u0111\u00e0o th\u1ea3i ch\u00fang ra kh\u1ecfi c\u01a1 th\u1ec3, t\u1eeb \u0111\u00f3 h\u1ed7 tr\u1ee3 s\u1ee9c kh\u1ecfe tim m\u1ea1ch.<\/li>\n<\/ul>\n<p><img loading=\"lazy\" decoding=\"async\" class=\"aligncenter\" src=\"https:\/\/havamall.com\/wp-content\/uploads\/2025\/06\/Bun-Nua.gif\" width=\"850\" height=\"478\" \/><\/p>\n<p data-sourcepos=\"142:1-142:253\">V\u1edbi nh\u1eefng \u01b0u \u0111i\u1ec3m v\u01b0\u1ee3t tr\u1ed9i v\u1ec1 dinh d\u01b0\u1ee1ng v\u00e0 t\u00ednh linh ho\u1ea1t trong ch\u1ebf bi\u1ebfn, B\u00fan N\u01b0a Shirataki Vi Nguy\u00ean l\u00e0 l\u1ef1a ch\u1ecdn th\u00f4ng minh cho nh\u1eefng ai mu\u1ed1n \u0103n u\u1ed1ng l\u00e0nh m\u1ea1nh, ki\u1ec3m so\u00e1t c\u00e2n n\u1eb7ng v\u00e0 ch\u0103m s\u00f3c s\u1ee9c kh\u1ecfe to\u00e0n di\u1ec7n. H\u00e3y th\u1eed ngay v\u00e0 c\u1ea3m nh\u1eadn s\u1ef1 kh\u00e1c bi\u1ec7t! S\u1ea3n ph\u1ea9m hi\u1ec7n \u0111\u00e3 c\u00f3 m\u1eb7t t\u1ea1i\u00a0<strong data-start=\"2706\" data-end=\"2718\">Havamall.<\/strong><\/p>","protected":false},"excerpt":{"rendered":"<p>TH\u00d4NG TIN S\u1ea2N PH\u1ea8M Th\u01b0\u01a1ng hi\u1ec7u V\u1ecb Nguy\u00ean Xu\u1ea5t X\u1ee9 Vi\u1ec7t Nam Th\u00e0nh ph\u1ea7n Xem tr\u00ean bao b\u00ec H\u1ea1n s\u1eed<\/p>","protected":false},"featured_media":39110,"comment_status":"open","ping_status":"closed","template":"","meta":[],"product_brand":[],"product_cat":[677,36],"product_tag":[],"class_list":{"0":"post-39100","1":"product","2":"type-product","3":"status-publish","4":"has-post-thumbnail","6":"product_cat-cac-nuoc-khac","7":"product_cat-thuc-pham-tieu-dung","9":"first","10":"instock","11":"sale","12":"shipping-taxable","13":"purchasable","14":"product-type-simple"},"_links":{"self":[{"href":"https:\/\/havamall.vn\/en\/wp-json\/wp\/v2\/product\/39100"}],"collection":[{"href":"https:\/\/havamall.vn\/en\/wp-json\/wp\/v2\/product"}],"about":[{"href":"https:\/\/havamall.vn\/en\/wp-json\/wp\/v2\/types\/product"}],"replies":[{"embeddable":true,"href":"https:\/\/havamall.vn\/en\/wp-json\/wp\/v2\/comments?post=39100"}],"version-history":[{"count":0,"href":"https:\/\/havamall.vn\/en\/wp-json\/wp\/v2\/product\/39100\/revisions"}],"wp:featuredmedia":[{"embeddable":true,"href":"https:\/\/havamall.vn\/en\/wp-json\/wp\/v2\/media\/39110"}],"wp:attachment":[{"href":"https:\/\/havamall.vn\/en\/wp-json\/wp\/v2\/media?parent=39100"}],"wp:term":[{"taxonomy":"product_brand","embeddable":true,"href":"https:\/\/havamall.vn\/en\/wp-json\/wp\/v2\/product_brand?post=39100"},{"taxonomy":"product_cat","embeddable":true,"href":"https:\/\/havamall.vn\/en\/wp-json\/wp\/v2\/product_cat?post=39100"},{"taxonomy":"product_tag","embeddable":true,"href":"https:\/\/havamall.vn\/en\/wp-json\/wp\/v2\/product_tag?post=39100"}],"curies":[{"name":"wp","href":"https:\/\/api.w.org\/{rel}","templated":true}]}}