{"id":39096,"date":"2025-06-07T10:14:46","date_gmt":"2025-06-07T03:14:46","guid":{"rendered":"https:\/\/havamall.vn\/?post_type=product&#038;p=39096"},"modified":"2025-06-07T10:14:46","modified_gmt":"2025-06-07T03:14:46","slug":"dau-mu-tat-fortune-premium-kachi-ghani-1l-fortune-premium-kachi-ghani-mustard-oil-1l","status":"publish","type":"product","link":"https:\/\/havamall.vn\/en\/shop\/dau-mu-tat-fortune-premium-kachi-ghani-1l-fortune-premium-kachi-ghani-mustard-oil-1l\/","title":{"rendered":"D\u1ea7u M\u00f9 T\u1ea1t Fortune Premium Kachi Ghani 1L \u2013 Fortune Premium Kachi Ghani Mustard Oil 1L"},"content":{"rendered":"<h3 class=\"\" data-start=\"176\" data-end=\"202\"><strong data-start=\"180\" data-end=\"202\">Th\u00f4ng tin s\u1ea3n ph\u1ea9m<\/strong><\/h3>\n<table>\n<tbody>\n<tr>\n<td>Th\u01b0\u01a1ng hi\u1ec7u<\/td>\n<td>Fortune<\/td>\n<\/tr>\n<tr>\n<td>Xu\u1ea5t x\u1ee9<\/td>\n<td>\u1ea4n \u0110\u1ed9<\/td>\n<\/tr>\n<tr>\n<td>Th\u00e0nh ph\u1ea7n<\/td>\n<td>Xem tr\u00ea bao b\u00ec<\/td>\n<\/tr>\n<tr>\n<td>H\u1ea1n s\u1eed d\u1ee5ng<\/td>\n<td>Xem tr\u00ean bao b\u00ec<\/td>\n<\/tr>\n<tr>\n<td>B\u1ea3o qu\u1ea3n<\/td>\n<td>N\u01a1i kh\u00f4 r\u00e1o, tho\u00e1ng m\u00e1t, tr\u00e1nh \u00e1nh n\u1eafng tr\u1ef1c ti\u1ebfp v\u00e0 nhi\u1ec7t \u0111\u1ed9 cao. \u0110\u00f3ng ch\u1eb7t n\u1eafp sau khi s\u1eed d\u1ee5ng.<\/td>\n<\/tr>\n<tr>\n<td>Kh\u1ed1i l\u01b0\u1ee3ng t\u1ecbnh<\/td>\n<td>1 L\u00edt (1L)<\/td>\n<\/tr>\n<\/tbody>\n<\/table>\n<p data-sourcepos=\"7:1-7:26\"><strong>GI\u1edaI THI\u1ec6U TH\u01af\u01a0NG HI\u1ec6U<\/strong><\/p>\n<p data-sourcepos=\"9:1-9:437\"><strong>Fortune<\/strong>\u00a0l\u00e0 th\u01b0\u01a1ng hi\u1ec7u d\u1ea7u \u0103n h\u00e0ng \u0111\u1ea7u \u0111\u1ebfn t\u1eeb<strong>\u00a0\u1ea4n \u0110\u1ed9<\/strong>, thu\u1ed9c t\u1eadp \u0111o\u00e0n Adani Wilmar \u2013 m\u1ed9t trong nh\u1eefng t\u1eadp \u0111o\u00e0n th\u1ef1c ph\u1ea9m l\u1edbn nh\u1ea5t t\u1ea1i qu\u1ed1c gia n\u00e0y. V\u1edbi cam k\u1ebft v\u1ec1 ch\u1ea5t l\u01b0\u1ee3ng, s\u1ef1 tinh khi\u1ebft v\u00e0 c\u00f4ng ngh\u1ec7 s\u1ea3n xu\u1ea5t ti\u00ean ti\u1ebfn, Fortune \u0111\u00e3 tr\u1edf th\u00e0nh c\u00e1i t\u00ean quen thu\u1ed9c trong h\u00e0ng tri\u1ec7u c\u0103n b\u1ebfp. Th\u01b0\u01a1ng hi\u1ec7u n\u00e0y kh\u00f4ng ch\u1ec9 mang \u0111\u1ebfn nh\u1eefng s\u1ea3n ph\u1ea9m d\u1ea7u \u0103n dinh d\u01b0\u1ee1ng m\u00e0 c\u00f2n g\u00f3p ph\u1ea7n g\u00ecn gi\u1eef h\u01b0\u01a1ng v\u1ecb truy\u1ec1n th\u1ed1ng, \u0111\u1ea3m b\u1ea3o s\u1ee9c kh\u1ecfe cho ng\u01b0\u1eddi ti\u00eau d\u00f9ng.<\/p>\n<p data-sourcepos=\"9:1-9:437\"><img fetchpriority=\"high\" decoding=\"async\" class=\"aligncenter\" src=\"https:\/\/havamall.com\/wp-content\/uploads\/2025\/06\/Fortune-logo-web.png\" alt=\"Pyramid Wilmar leading Edible Oil and Specialty Fats \u2013 Pyramid Wilmar\" width=\"850\" height=\"221\" \/><\/p>\n<p data-sourcepos=\"11:1-11:21\"><strong>\u0110\u1eb6C \u0110I\u1ec2M S\u1ea2N PH\u1ea8M<\/strong><\/p>\n<p data-sourcepos=\"13:1-13:273\"><strong>D\u1ea7u M\u00f9 T\u1ea1t Fortune Premium Kachi Ghani 1L<\/strong>\u00a0l\u00e0 lo\u1ea1i\u00a0<strong>d\u1ea7u m\u00f9 t\u1ea1t nguy\u00ean ch\u1ea5t<\/strong>, \u0111\u01b0\u1ee3c\u00a0<strong>chi\u1ebft xu\u1ea5t t\u1eeb h\u1ea1t m\u00f9 t\u1ea1t \u0111en<\/strong>\u00a0b\u1eb1ng ph\u01b0\u01a1ng ph\u00e1p<strong>\u00a0\u00e9p l\u1ea1nh<\/strong>\u00a0truy\u1ec1n th\u1ed1ng \u201cKachi Ghani\u201d. \u0110\u00e2y l\u00e0 ph\u01b0\u01a1ng ph\u00e1p gi\u00fap gi\u1eef tr\u1ecdn v\u1eb9n h\u01b0\u01a1ng v\u1ecb, m\u00f9i th\u01a1m n\u1ed3ng \u0111\u1eb7c tr\u01b0ng v\u00e0 c\u00e1c d\u01b0\u1ee1ng ch\u1ea5t qu\u00fd gi\u00e1 c\u1ee7a h\u1ea1t m\u00f9 t\u1ea1t.<\/p>\n<ul data-sourcepos=\"15:1-21:0\">\n<li data-sourcepos=\"15:1-15:118\"><strong>100% Nguy\u00ean ch\u1ea5t:<\/strong>\u00a0\u0110\u01b0\u1ee3c s\u1ea3n xu\u1ea5t t\u1eeb h\u1ea1t m\u00f9 t\u1ea1t ch\u1ea5t l\u01b0\u1ee3ng cao, kh\u00f4ng pha tr\u1ed9n, \u0111\u1ea3m b\u1ea3o \u0111\u1ed9 tinh khi\u1ebft v\u00e0 t\u1ef1 nhi\u00ean.<\/li>\n<li data-sourcepos=\"16:1-16:169\"><strong>\u00c9p l\u1ea1nh truy\u1ec1n th\u1ed1ng (Kachi Ghani):<\/strong>\u00a0Ph\u01b0\u01a1ng ph\u00e1p n\u00e0y kh\u00f4ng d\u00f9ng nhi\u1ec7t, gi\u00fap b\u1ea3o to\u00e0n t\u1ed1i \u0111a c\u00e1c ch\u1ea5t ch\u1ed1ng oxy h\u00f3a, vitamin v\u00e0 m\u00f9i v\u1ecb cay n\u1ed3ng \u0111\u1eb7c tr\u01b0ng c\u1ee7a m\u00f9 t\u1ea1t.<\/li>\n<li data-sourcepos=\"17:1-17:143\"><strong>H\u01b0\u01a1ng v\u1ecb v\u00e0 m\u00f9i th\u01a1m \u0111\u1ed9c \u0111\u00e1o:<\/strong>\u00a0D\u1ea7u c\u00f3 m\u00e0u v\u00e0ng \u00f3ng, m\u00f9i th\u01a1m n\u1ed3ng, cay nh\u1eb9 \u0111\u1eb7c tr\u01b0ng c\u1ee7a m\u00f9 t\u1ea1t, mang \u0111\u1ebfn h\u01b0\u01a1ng v\u1ecb b\u00f9ng n\u1ed5 cho c\u00e1c m\u00f3n \u0103n.<\/li>\n<li data-sourcepos=\"18:1-18:147\"><strong>Gi\u00e0u d\u01b0\u1ee1ng ch\u1ea5t:<\/strong>\u00a0Ch\u1ee9a nhi\u1ec1u axit b\u00e9o kh\u00f4ng b\u00e3o h\u00f2a \u0111\u01a1n (MUFA) v\u00e0 kh\u00f4ng b\u00e3o h\u00f2a \u0111a (PUFA), \u0111\u1eb7c bi\u1ec7t l\u00e0 Omega-3 v\u00e0 Omega-6, c\u00f9ng v\u1edbi Vitamin E.<\/li>\n<li data-sourcepos=\"19:1-19:125\"><strong>\u0110a n\u0103ng trong n\u1ea5u n\u01b0\u1edbng:<\/strong>\u00a0Ph\u00f9 h\u1ee3p cho nhi\u1ec1u ph\u01b0\u01a1ng ph\u00e1p ch\u1ebf bi\u1ebfn kh\u00e1c nhau, t\u1eeb chi\u00ean, x\u00e0o \u0111\u1ebfn tr\u1ed9n salad hay l\u00e0m gia v\u1ecb.<\/li>\n<li data-sourcepos=\"20:1-21:0\"><strong>\u0110\u00f3ng g\u00f3i ti\u1ec7n l\u1ee3i:<\/strong>\u00a0Chai 1L d\u1ec5 d\u00e0ng s\u1eed d\u1ee5ng v\u00e0 b\u1ea3o qu\u1ea3n trong gia \u0111\u00ecnh.<\/li>\n<\/ul>\n<p><img decoding=\"async\" class=\"aligncenter\" src=\"https:\/\/havamall.com\/wp-content\/uploads\/2025\/06\/mustardoilinglasscontainersandmustardseedsinwoodenbowls.webp\" alt=\"Benefits of Mustard Oil and Home Remedies\" width=\"855\" height=\"392\" \/><\/p>\n<p data-sourcepos=\"22:1-22:24\"><strong>C\u00d4NG D\u1ee4NG V\u00c0 L\u1ee2I \u00cdCH<\/strong><\/p>\n<p data-sourcepos=\"24:1-24:135\">D\u1ea7u M\u00f9 T\u1ea1t Fortune Premium Kachi Ghani kh\u00f4ng ch\u1ec9 l\u00e0 m\u1ed9t lo\u1ea1i d\u1ea7u \u0103n th\u00f4ng th\u01b0\u1eddng m\u00e0 c\u00f2n mang l\u1ea1i nhi\u1ec1u l\u1ee3i \u00edch cho s\u1ee9c kh\u1ecfe v\u00e0 \u1ea9m th\u1ef1c:<\/p>\n<ul data-sourcepos=\"26:1-34:0\">\n<li data-sourcepos=\"26:1-26:315\"><strong>Ch\u1ebf bi\u1ebfn m\u00f3n \u0103n:<\/strong>\u00a0L\u00fd t\u01b0\u1edfng cho c\u00e1c m\u00f3n chi\u00ean ng\u1eadp d\u1ea7u, x\u00e0o, tr\u1ed9n g\u1ecfi, l\u00e0m d\u01b0a mu\u1ed1i ho\u1eb7c \u01b0\u1edbp th\u1ef1c ph\u1ea9m, \u0111\u1eb7c bi\u1ec7t l\u00e0 c\u00e1c m\u00f3n \u0103n truy\u1ec1n th\u1ed1ng c\u1ee7a \u1ea4n \u0110\u1ed9 v\u00e0 m\u1ed9t s\u1ed1 n\u01b0\u1edbc ch\u00e2u \u00c1 kh\u00e1c, n\u01a1i d\u1ea7u m\u00f9 t\u1ea1t l\u00e0 th\u00e0nh ph\u1ea7n kh\u00f4ng th\u1ec3 thi\u1ebfu. H\u01b0\u01a1ng v\u1ecb cay n\u1ed3ng c\u1ee7a d\u1ea7u gi\u00fap kh\u1eed m\u00f9i tanh c\u1ee7a th\u1ecbt, c\u00e1 v\u00e0 t\u0103ng c\u01b0\u1eddng h\u01b0\u01a1ng v\u1ecb m\u00f3n \u0103n.<\/li>\n<li data-sourcepos=\"27:1-27:131\"><strong>L\u00e0m gia v\u1ecb:<\/strong>\u00a0C\u00f3 th\u1ec3 d\u00f9ng \u0111\u1ec3 pha ch\u1ebf c\u00e1c lo\u1ea1i n\u01b0\u1edbc s\u1ed1t, salad dressing, ho\u1eb7c d\u00f9ng nh\u01b0 m\u1ed9t lo\u1ea1i gia v\u1ecb t\u1ea1o \u0111i\u1ec3m nh\u1ea5n cho m\u00f3n \u0103n.<\/li>\n<\/ul>\n<p><img decoding=\"async\" class=\"aligncenter\" src=\"https:\/\/havamall.com\/wp-content\/uploads\/2025\/06\/Untitled_design_21-751059.png\" alt=\"Is Frying with Extra Virgin Olive Oil Bad for You? - McEvoy Ranch\" width=\"850\" height=\"850\" \/><\/p>\n<ul data-sourcepos=\"26:1-34:0\">\n<li data-sourcepos=\"28:1-34:0\"><strong>L\u1ee3i \u00edch s\u1ee9c kh\u1ecfe:<\/strong>\n<ul data-sourcepos=\"29:5-34:0\">\n<li data-sourcepos=\"29:5-29:116\"><strong>H\u1ed7 tr\u1ee3 tim m\u1ea1ch:<\/strong>\u00a0C\u00e1c axit b\u00e9o kh\u00f4ng b\u00e3o h\u00f2a \u0111\u01a1n v\u00e0 \u0111a gi\u00fap gi\u1ea3m cholesterol x\u1ea5u, h\u1ed7 tr\u1ee3 s\u1ee9c kh\u1ecfe tim m\u1ea1ch.<\/li>\n<li data-sourcepos=\"30:5-30:88\"><strong>Ch\u1ed1ng vi\u00eam:<\/strong>\u00a0\u0110\u1eb7c t\u00ednh ch\u1ed1ng vi\u00eam t\u1ef1 nhi\u00ean c\u00f3 th\u1ec3 gi\u00fap gi\u1ea3m \u0111au nh\u1ee9c c\u01a1 v\u00e0 kh\u1edbp.<\/li>\n<li data-sourcepos=\"31:5-31:108\"><strong>T\u0103ng c\u01b0\u1eddng mi\u1ec5n d\u1ecbch:<\/strong>\u00a0Gi\u00e0u Vitamin E v\u00e0 c\u00e1c ch\u1ea5t ch\u1ed1ng oxy h\u00f3a gi\u00fap b\u1ea3o v\u1ec7 t\u1ebf b\u00e0o kh\u1ecfi t\u1ed5n th\u01b0\u01a1ng.<\/li>\n<li data-sourcepos=\"32:5-32:78\"><strong>H\u1ed7 tr\u1ee3 ti\u00eau h\u00f3a:<\/strong>\u00a0K\u00edch th\u00edch ti\u1ebft d\u1ecbch v\u1ecb, h\u1ed7 tr\u1ee3 qu\u00e1 tr\u00ecnh ti\u00eau h\u00f3a.<\/li>\n<li data-sourcepos=\"33:5-34:0\"><strong>Ch\u0103m s\u00f3c t\u00f3c v\u00e0 da:<\/strong>\u00a0Theo truy\u1ec1n th\u1ed1ng, d\u1ea7u m\u00f9 t\u1ea1t c\u00f2n \u0111\u01b0\u1ee3c s\u1eed d\u1ee5ng \u0111\u1ec3 massage da \u0111\u1ea7u v\u00e0 c\u01a1 th\u1ec3, gi\u00fap nu\u00f4i d\u01b0\u1ee1ng t\u00f3c v\u00e0 gi\u1eef \u1ea9m cho da (l\u01b0u \u00fd kh\u00f4ng khuy\u1ebfn kh\u00edch cho da nh\u1ea1y c\u1ea3m ho\u1eb7c d\u00f9ng tr\u00ean di\u1ec7n r\u1ed9ng n\u1ebfu kh\u00f4ng quen).<\/li>\n<\/ul>\n<\/li>\n<\/ul>\n<p><img loading=\"lazy\" decoding=\"async\" class=\"aligncenter\" src=\"https:\/\/havamall.com\/wp-content\/uploads\/2025\/06\/Woman-holding-mustard-oil-hair-treatment.webp\" alt=\"Is Mustard Oil Good for Hair?\" width=\"855\" height=\"519\" \/><\/p>\n<p data-sourcepos=\"35:1-35:175\">S\u1ea3n ph\u1ea9m hi\u1ec7n \u0111\u00e3 c\u00f3 m\u1eb7t t\u1ea1i Havamall, cam k\u1ebft nh\u1eadp kh\u1ea9u ch\u00ednh ng\u1ea1ch, \u0111\u1ea3m b\u1ea3o ch\u1ea5t l\u01b0\u1ee3ng v\u00e0 ngu\u1ed3n g\u1ed1c xu\u1ea5t x\u1ee9 r\u00f5 r\u00e0ng, mang \u0111\u1ebfn tr\u1ea3i nghi\u1ec7m \u1ea9m th\u1ef1c \u0111\u1ed9c \u0111\u00e1o v\u00e0 t\u1ed1t cho s\u1ee9c kh\u1ecfe.<\/p>","protected":false},"excerpt":{"rendered":"<p>Th\u00f4ng tin s\u1ea3n ph\u1ea9m Th\u01b0\u01a1ng hi\u1ec7u Fortune Xu\u1ea5t x\u1ee9 \u1ea4n \u0110\u1ed9 Th\u00e0nh ph\u1ea7n Xem tr\u00ea bao b\u00ec H\u1ea1n s\u1eed d\u1ee5ng<\/p>","protected":false},"featured_media":39097,"comment_status":"open","ping_status":"closed","template":"","meta":[],"product_brand":[],"product_cat":[595,681,154],"product_tag":[],"class_list":{"0":"post-39096","1":"product","2":"type-product","3":"status-publish","4":"has-post-thumbnail","6":"product_cat-gia-vi-va-che-bien","7":"product_cat-nhap-khau-an-do","8":"product_cat-gia-vi","10":"first","11":"instock","12":"sale","13":"shipping-taxable","14":"purchasable","15":"product-type-simple"},"_links":{"self":[{"href":"https:\/\/havamall.vn\/en\/wp-json\/wp\/v2\/product\/39096"}],"collection":[{"href":"https:\/\/havamall.vn\/en\/wp-json\/wp\/v2\/product"}],"about":[{"href":"https:\/\/havamall.vn\/en\/wp-json\/wp\/v2\/types\/product"}],"replies":[{"embeddable":true,"href":"https:\/\/havamall.vn\/en\/wp-json\/wp\/v2\/comments?post=39096"}],"version-history":[{"count":0,"href":"https:\/\/havamall.vn\/en\/wp-json\/wp\/v2\/product\/39096\/revisions"}],"wp:featuredmedia":[{"embeddable":true,"href":"https:\/\/havamall.vn\/en\/wp-json\/wp\/v2\/media\/39097"}],"wp:attachment":[{"href":"https:\/\/havamall.vn\/en\/wp-json\/wp\/v2\/media?parent=39096"}],"wp:term":[{"taxonomy":"product_brand","embeddable":true,"href":"https:\/\/havamall.vn\/en\/wp-json\/wp\/v2\/product_brand?post=39096"},{"taxonomy":"product_cat","embeddable":true,"href":"https:\/\/havamall.vn\/en\/wp-json\/wp\/v2\/product_cat?post=39096"},{"taxonomy":"product_tag","embeddable":true,"href":"https:\/\/havamall.vn\/en\/wp-json\/wp\/v2\/product_tag?post=39096"}],"curies":[{"name":"wp","href":"https:\/\/api.w.org\/{rel}","templated":true}]}}