{"id":39093,"date":"2025-06-07T10:12:40","date_gmt":"2025-06-07T03:12:40","guid":{"rendered":"https:\/\/havamall.vn\/?post_type=product&#038;p=39093"},"modified":"2025-08-31T10:35:19","modified_gmt":"2025-08-31T03:35:19","slug":"muoi-tac-nhat-kinjirushi-yuzu-salt-10g-kinjirushi-yuzu-salt-10gr","status":"publish","type":"product","link":"https:\/\/havamall.vn\/en\/shop\/muoi-tac-nhat-kinjirushi-yuzu-salt-10g-kinjirushi-yuzu-salt-10gr\/","title":{"rendered":"Mu\u1ed1i T\u1eafc Nh\u1eadt Kinjirushi Yuzu Salt 10g \u2013 Kinjirushi Yuzu Salt 10gr"},"content":{"rendered":"<h3><strong>TH\u00d4NG TIN S\u1ea2N PH\u1ea8M<\/strong><\/h3>\n<table>\n<tbody>\n<tr>\n<td>Th\u01b0\u01a1ng hi\u1ec7u<\/td>\n<td>\u00a0Kinjirushi (\u91d1\u5370)<\/td>\n<\/tr>\n<tr>\n<td>Xu\u1ea5t X\u1ee9<\/td>\n<td>Nh\u1eadt B\u1ea3n<\/td>\n<\/tr>\n<tr>\n<td>Th\u00e0nh ph\u1ea7n<\/td>\n<td>\n<p data-start=\"1054\" data-end=\"1149\"><strong data-start=\"654\" data-end=\"678\">mu\u1ed1i bi\u1ec3n tinh luy\u1ec7n<\/strong>\u00a0v\u00e0\u00a0<strong data-start=\"682\" data-end=\"704\">v\u1ecf t\u1eafc Nh\u1eadt (yuzu)<\/strong><\/p>\n<\/td>\n<\/tr>\n<tr>\n<td>H\u1ea1n s\u1eed d\u1ee5ng<\/td>\n<td>Xem tr\u00ean bao b\u00ec<\/td>\n<\/tr>\n<tr>\n<td>B\u1ea3o qu\u1ea3n<\/td>\n<td>\u00a0N\u01a1i kh\u00f4 r\u00e1o, tho\u00e1ng m\u00e1t, tr\u00e1nh \u00e1nh n\u1eafng tr\u1ef1c ti\u1ebfp v\u00e0 nhi\u1ec7t \u0111\u1ed9 cao. \u0110\u00f3ng ch\u1eb7t bao b\u00ec sau khi s\u1eed d\u1ee5ng.<\/td>\n<\/tr>\n<tr>\n<td>Kh\u1ed1i l\u01b0\u1ee3ng t\u1ecbnh<\/td>\n<td>10g<\/td>\n<\/tr>\n<\/tbody>\n<\/table>\n<h3 data-start=\"139\" data-end=\"169\"><strong data-start=\"143\" data-end=\"169\">GI\u1edaI THI\u1ec6U TH\u01af\u01a0NG HI\u1ec6U<\/strong><\/h3>\n<p data-start=\"171\" data-end=\"550\"><strong data-start=\"171\" data-end=\"185\">Kinjirushi<\/strong>\u00a0l\u00e0 th\u01b0\u01a1ng hi\u1ec7u gia v\u1ecb cao c\u1ea5p \u0111\u1ebfn t\u1eeb Nh\u1eadt B\u1ea3n, n\u1ed5i ti\u1ebfng v\u1edbi c\u00e1c s\u1ea3n ph\u1ea9m wasabi, yuzu (t\u1eafc Nh\u1eadt) v\u00e0 c\u00e1c lo\u1ea1i gia v\u1ecb truy\u1ec1n th\u1ed1ng \u0111\u01b0\u1ee3c s\u1ea3n xu\u1ea5t theo c\u00f4ng ngh\u1ec7 hi\u1ec7n \u0111\u1ea1i nh\u01b0ng v\u1eabn gi\u1eef tr\u1ecdn tinh th\u1ea7n \u1ea9m th\u1ef1c Nh\u1eadt. V\u1edbi tri\u1ebft l\u00fd\u00a0<strong data-start=\"410\" data-end=\"445\">\u201c\u0110\u01a1n gi\u1ea3n \u2013 T\u1ef1 nhi\u00ean \u2013 Tinh t\u1ebf\u201d<\/strong>, Kinjirushi cam k\u1ebft mang \u0111\u1ebfn tr\u1ea3i nghi\u1ec7m v\u1ecb gi\u00e1c thu\u1ea7n khi\u1ebft, c\u00e2n b\u1eb1ng v\u00e0 chu\u1ea9n v\u1ecb Nh\u1eadt cho t\u1eebng m\u00f3n \u0103n.<\/p>\n<p data-start=\"171\" data-end=\"550\"><img fetchpriority=\"high\" decoding=\"async\" class=\"aligncenter\" src=\"https:\/\/havamall.com\/wp-content\/uploads\/2025\/06\/home-slider0_xl.jpg\" alt=\"Kinjirushi Wasabi International USA Ltd. \u2013 Welcome to Kinjirushi Wasabi. As a pioneer of Wasabi products in USA, KINJIRUSHI constantly introduces cutting-edge technology to contribute to the improvement of our Wasabi products.\" width=\"855\" height=\"473\" \/><\/p>\n<h3 data-start=\"557\" data-end=\"582\"><strong data-start=\"561\" data-end=\"582\">\u0110\u1eb6C \u0110I\u1ec2M S\u1ea2N PH\u1ea8M<\/strong><\/h3>\n<p data-start=\"584\" data-end=\"768\"><strong data-start=\"584\" data-end=\"626\">Mu\u1ed1i T\u1eafc Nh\u1eadt Kinjirushi Yuzu Salt 10g<\/strong>\u00a0l\u00e0 s\u1ef1 k\u1ebft h\u1ee3p \u0111\u1ed9c \u0111\u00e1o gi\u1eefa\u00a0<strong data-start=\"654\" data-end=\"678\">mu\u1ed1i bi\u1ec3n tinh luy\u1ec7n<\/strong>\u00a0v\u00e0\u00a0<strong data-start=\"682\" data-end=\"704\">v\u1ecf t\u1eafc Nh\u1eadt (yuzu)<\/strong>\u00a0\u0111\u01b0\u1ee3c s\u1ea5y l\u1ea1nh, nghi\u1ec1n m\u1ecbn theo c\u00f4ng ngh\u1ec7 hi\u1ec7n \u0111\u1ea1i c\u1ee7a Nh\u1eadt B\u1ea3n.<\/p>\n<ul data-start=\"770\" data-end=\"1070\">\n<li data-start=\"770\" data-end=\"833\">\n<p data-start=\"772\" data-end=\"833\"><strong data-start=\"772\" data-end=\"831\">V\u1ecb m\u1eb7n thanh, h\u1eadu chua d\u1ecbu v\u00e0 th\u01a1m n\u1ed3ng tinh d\u1ea7u v\u1ecf t\u1eafc<\/strong><\/p>\n<\/li>\n<li data-start=\"834\" data-end=\"908\">\n<p data-start=\"836\" data-end=\"908\">M\u00e0u v\u00e0ng b\u01a1 nh\u1ea1t t\u1ef1 nhi\u00ean t\u1eeb v\u1ecf yuzu, kh\u00f4ng ph\u1ea9m m\u00e0u, kh\u00f4ng ch\u1ea5t b\u1ea3o qu\u1ea3n<\/p>\n<\/li>\n<li data-start=\"909\" data-end=\"975\">\n<p data-start=\"911\" data-end=\"975\">\u0110\u01b0\u1ee3c s\u1ea3n xu\u1ea5t v\u00e0 \u0111\u00f3ng g\u00f3i theo ti\u00eau chu\u1ea9n nghi\u00eam ng\u1eb7t c\u1ee7a Nh\u1eadt<\/p>\n<\/li>\n<li data-start=\"976\" data-end=\"1070\">\n<p data-start=\"978\" data-end=\"1070\">G\u00f3i nh\u1ecf 10g ti\u1ec7n l\u1ee3i, d\u1ec5 b\u1ea3o qu\u1ea3n, ph\u00f9 h\u1ee3p \u0111\u1ec3 d\u00f9ng th\u1eed ho\u1eb7c mang theo khi \u0111i du l\u1ecbch, picnic<\/p>\n<\/li>\n<\/ul>\n<p data-start=\"1072\" data-end=\"1181\"><img decoding=\"async\" class=\"aligncenter\" src=\"https:\/\/havamall.com\/wp-content\/uploads\/2025\/06\/curio-classic-yuzu-salt-topdown_2400x.jpg\" width=\"855\" height=\"855\" \/><\/p>\n<h3 data-start=\"1188\" data-end=\"1216\"><strong data-start=\"1192\" data-end=\"1216\">C\u00d4NG D\u1ee4NG V\u00c0 L\u1ee2I \u00cdCH<\/strong><\/h3>\n<ul data-start=\"1218\" data-end=\"1480\">\n<li data-start=\"1218\" data-end=\"1269\">\n<p data-start=\"1220\" data-end=\"1269\"><strong data-start=\"1220\" data-end=\"1267\">Ch\u1ea5m sashimi, tempura, c\u00e1c m\u00f3n chi\u00ean, n\u01b0\u1edbng<\/strong><\/p>\n<\/li>\n<li data-start=\"1270\" data-end=\"1340\">\n<p data-start=\"1272\" data-end=\"1340\"><strong data-start=\"1272\" data-end=\"1338\">R\u1eafc l\u00ean c\u00e1 h\u1ed3i \u00e1p ch\u1ea3o, g\u00e0 n\u01b0\u1edbng, salad, b\u1eafp lu\u1ed9c, khoai n\u01b0\u1edbng<\/strong><\/p>\n<\/li>\n<li data-start=\"1341\" data-end=\"1408\">\n<p data-start=\"1343\" data-end=\"1408\">D\u00f9ng \u0111\u1ec3\u00a0<strong data-start=\"1351\" data-end=\"1406\">\u01b0\u1edbp h\u1ea3i s\u1ea3n ho\u1eb7c l\u00e0m mu\u1ed1i vi\u1ec1n ly cocktail\/mocktail<\/strong><\/p>\n<\/li>\n<li data-start=\"1409\" data-end=\"1480\">\n<p data-start=\"1411\" data-end=\"1480\">K\u1ebft h\u1ee3p v\u1edbi\u00a0<strong data-start=\"1423\" data-end=\"1448\">b\u01a1 l\u1ea1t ho\u1eb7c d\u1ea7u \u00f4 liu<\/strong>\u00a0\u0111\u1ec3 l\u00e0m mu\u1ed1i ch\u1ea5m fusion \u0111\u1ed9c \u0111\u00e1o<\/p>\n<\/li>\n<\/ul>\n<p data-start=\"1482\" data-end=\"1702\">Mu\u1ed1i t\u1eafc kh\u00f4ng ch\u1ec9 l\u00e0m t\u0103ng h\u01b0\u01a1ng v\u1ecb m\u00f3n \u0103n m\u00e0 c\u00f2n mang \u0111\u1ebfn\u00a0<strong data-start=\"1542\" data-end=\"1611\">l\u1ee3i \u00edch ch\u1ed1ng oxy h\u00f3a, t\u0103ng c\u01b0\u1eddng ti\u00eau h\u00f3a v\u00e0 gi\u00fap gi\u1ea3i nhi\u1ec7t nh\u1eb9<\/strong>\u00a0nh\u1edd tinh ch\u1ea5t t\u1eeb v\u1ecf yuzu \u2013 lo\u1ea1i qu\u1ea3 gi\u00e0u vitamin C, flavonoid v\u00e0 ch\u1ea5t kh\u00e1ng vi\u00eam t\u1ef1 nhi\u00ean.<\/p>\n<p data-start=\"1482\" data-end=\"1702\"><img decoding=\"async\" class=\"aligncenter wp-image-40179\" src=\"https:\/\/havamall.com\/wp-content\/uploads\/2025\/06\/Blank-4-Grids-Collage-2.jpg\" alt=\"\" width=\"855\" height=\"855\" \/><\/p>\n<blockquote data-start=\"1704\" data-end=\"1810\">\n<p data-start=\"1706\" data-end=\"1810\"><em data-start=\"1706\" data-end=\"1714\">L\u01b0u \u00fd:<\/em>\u00a0Mu\u1ed1i yuzu c\u00f3 h\u01b0\u01a1ng m\u1ea1nh, n\u00ean d\u00f9ng v\u1edbi l\u01b0\u1ee3ng nh\u1ecf \u0111\u1ec3 gi\u1eef \u0111\u01b0\u1ee3c s\u1ef1 h\u00e0i h\u00f2a v\u00e0 tinh t\u1ebf trong m\u00f3n \u0103n.<\/p>\n<\/blockquote>\n<p data-start=\"1812\" data-end=\"2034\"><strong data-start=\"1812\" data-end=\"1879\">Mu\u1ed1i T\u1eafc Nh\u1eadt Kinjirushi Yuzu Salt 10g hi\u1ec7n c\u00f3 m\u1eb7t t\u1ea1i Havamall<\/strong>, nh\u1eadp kh\u1ea9u ch\u00ednh h\u00e3ng t\u1eeb Nh\u1eadt, l\u00e0 l\u1ef1a ch\u1ecdn ho\u00e0n h\u1ea3o cho nh\u1eefng ai y\u00eau th\u00edch \u1ea9m th\u1ef1c Nh\u1eadt B\u1ea3n v\u00e0 mong mu\u1ed1n th\u00eam ch\u00fat \u201ctwist\u201d \u0111\u1ed9c \u0111\u00e1o cho m\u00f3n \u0103n th\u01b0\u1eddng ng\u00e0y.<\/p>","protected":false},"excerpt":{"rendered":"<p>TH\u00d4NG TIN S\u1ea2N PH\u1ea8M Th\u01b0\u01a1ng hi\u1ec7u \u00a0Kinjirushi (\u91d1\u5370) Xu\u1ea5t X\u1ee9 Nh\u1eadt B\u1ea3n Th\u00e0nh ph\u1ea7n mu\u1ed1i bi\u1ec3n tinh luy\u1ec7n\u00a0v\u00e0\u00a0v\u1ecf t\u1eafc Nh\u1eadt<\/p>","protected":false},"featured_media":39094,"comment_status":"open","ping_status":"closed","template":"","meta":[],"product_brand":[],"product_cat":[595,675,154],"product_tag":[],"class_list":{"0":"post-39093","1":"product","2":"type-product","3":"status-publish","4":"has-post-thumbnail","6":"product_cat-gia-vi-va-che-bien","7":"product_cat-nhap-khau-nhat-ban","8":"product_cat-gia-vi","10":"first","11":"instock","12":"sale","13":"shipping-taxable","14":"purchasable","15":"product-type-simple"},"_links":{"self":[{"href":"https:\/\/havamall.vn\/en\/wp-json\/wp\/v2\/product\/39093"}],"collection":[{"href":"https:\/\/havamall.vn\/en\/wp-json\/wp\/v2\/product"}],"about":[{"href":"https:\/\/havamall.vn\/en\/wp-json\/wp\/v2\/types\/product"}],"replies":[{"embeddable":true,"href":"https:\/\/havamall.vn\/en\/wp-json\/wp\/v2\/comments?post=39093"}],"version-history":[{"count":0,"href":"https:\/\/havamall.vn\/en\/wp-json\/wp\/v2\/product\/39093\/revisions"}],"wp:featuredmedia":[{"embeddable":true,"href":"https:\/\/havamall.vn\/en\/wp-json\/wp\/v2\/media\/39094"}],"wp:attachment":[{"href":"https:\/\/havamall.vn\/en\/wp-json\/wp\/v2\/media?parent=39093"}],"wp:term":[{"taxonomy":"product_brand","embeddable":true,"href":"https:\/\/havamall.vn\/en\/wp-json\/wp\/v2\/product_brand?post=39093"},{"taxonomy":"product_cat","embeddable":true,"href":"https:\/\/havamall.vn\/en\/wp-json\/wp\/v2\/product_cat?post=39093"},{"taxonomy":"product_tag","embeddable":true,"href":"https:\/\/havamall.vn\/en\/wp-json\/wp\/v2\/product_tag?post=39093"}],"curies":[{"name":"wp","href":"https:\/\/api.w.org\/{rel}","templated":true}]}}