{"id":39090,"date":"2025-06-07T10:08:55","date_gmt":"2025-06-07T03:08:55","guid":{"rendered":"https:\/\/havamall.vn\/?post_type=product&#038;p=39090"},"modified":"2025-06-07T10:08:58","modified_gmt":"2025-06-07T03:08:58","slug":"bo-man-emborg-200g-emborg-salted-butter-200g","status":"publish","type":"product","link":"https:\/\/havamall.vn\/en\/shop\/bo-man-emborg-200g-emborg-salted-butter-200g\/","title":{"rendered":"B\u01a1 M\u1eb7n Emborg 200g \u2013 Emborg Salted Butter 200g"},"content":{"rendered":"<h3><strong>TH\u00d4NG TIN S\u1ea2N PH\u1ea8M<\/strong><\/h3>\n<table>\n<tbody>\n<tr>\n<td>Th\u01b0\u01a1ng hi\u1ec7u<\/td>\n<td>Emborg<\/td>\n<\/tr>\n<tr>\n<td>Xu\u1ea5t X\u1ee9<\/td>\n<td>\u00a0Ch\u00e2u \u00c2u<\/td>\n<\/tr>\n<tr>\n<td>Th\u00e0nh ph\u1ea7n<\/td>\n<td>\n<p data-start=\"1054\" data-end=\"1149\">100% kem s\u1eefa b\u00f2 t\u01b0\u01a1i<\/p>\n<\/td>\n<\/tr>\n<tr>\n<td>H\u1ea1n s\u1eed d\u1ee5ng<\/td>\n<td>Xem tr\u00ean bao b\u00ec<\/td>\n<\/tr>\n<tr>\n<td>B\u1ea3o qu\u1ea3n<\/td>\n<td>B\u1ea3o qu\u1ea3n l\u1ea1nh \u1edf nhi\u1ec7t \u0111\u1ed9 th\u00edch h\u1ee3p (th\u01b0\u1eddng d\u01b0\u1edbi 8\u00b0C).<\/td>\n<\/tr>\n<tr>\n<td>Kh\u1ed1i l\u01b0\u1ee3ng t\u1ecbnh<\/td>\n<td>200g<\/td>\n<\/tr>\n<\/tbody>\n<\/table>\n<h3 data-start=\"119\" data-end=\"149\"><strong data-start=\"123\" data-end=\"149\">GI\u1edaI THI\u1ec6U TH\u01af\u01a0NG HI\u1ec6U<\/strong><\/h3>\n<p data-start=\"151\" data-end=\"611\"><strong data-start=\"151\" data-end=\"161\">Emborg<\/strong>\u00a0l\u00e0 th\u01b0\u01a1ng hi\u1ec7u th\u1ef1c ph\u1ea9m n\u1ed5i ti\u1ebfng \u0111\u1ebfn t\u1eeb \u0110an M\u1ea1ch, v\u1edbi l\u1ecbch s\u1eed h\u01a1n 75 n\u0103m chuy\u00ean cung c\u1ea5p c\u00e1c s\u1ea3n ph\u1ea9m t\u1eeb s\u1eefa ch\u1ea5t l\u01b0\u1ee3ng cao theo ti\u00eau chu\u1ea9n ch\u00e2u \u00c2u. C\u00e1c s\u1ea3n ph\u1ea9m c\u1ee7a Emborg \u0111\u01b0\u1ee3c y\u00eau th\u00edch tr\u00ean to\u00e0n th\u1ebf gi\u1edbi nh\u1edd v\u00e0o ngu\u1ed3n nguy\u00ean li\u1ec7u t\u1ef1 nhi\u00ean, c\u00f4ng ngh\u1ec7 ch\u1ebf bi\u1ebfn hi\u1ec7n \u0111\u1ea1i v\u00e0 h\u01b0\u01a1ng v\u1ecb chu\u1ea9n \u00c2u.\u00a0<strong>B\u01a1 Emborg<\/strong>\u00a0\u0111\u01b0\u1ee3c s\u1ea3n xu\u1ea5t t\u1eeb s\u1eefa b\u00f2 nu\u00f4i t\u1ef1 nhi\u00ean, kh\u00f4ng hormone t\u0103ng tr\u01b0\u1edfng, mang \u0111\u1ebfn v\u1ecb b\u00e9o \u0111\u1eadm \u0111\u00e0 v\u00e0 \u0111\u1ed9 m\u1eb7n h\u00e0i h\u00f2a \u2013 l\u00fd t\u01b0\u1edfng cho c\u1ea3 n\u1ea5u \u0103n v\u00e0 l\u00e0m b\u00e1nh.<\/p>\n<p data-start=\"151\" data-end=\"611\"><img fetchpriority=\"high\" decoding=\"async\" class=\"aligncenter\" src=\"https:\/\/uhrenholt.com\/Files\/Images\/Bricks\/510x375px\/Malaysia_chiller4.jpg\" width=\"856\" height=\"567\" \/><\/p>\n<h3 data-start=\"618\" data-end=\"643\"><strong data-start=\"622\" data-end=\"643\">\u0110\u1eb6C \u0110I\u1ec2M S\u1ea2N PH\u1ea8M<\/strong><\/h3>\n<p data-start=\"645\" data-end=\"803\"><strong data-start=\"645\" data-end=\"667\">B\u01a1 M\u1eb7n Emborg 200g<\/strong>\u00a0l\u00e0 lo\u1ea1i b\u01a1 \u0111\u1ed9ng v\u1eadt nguy\u00ean ch\u1ea5t \u0111\u01b0\u1ee3c l\u00e0m t\u1eeb\u00a0<strong data-start=\"712\" data-end=\"736\">100% kem s\u1eefa b\u00f2 t\u01b0\u01a1i<\/strong>, c\u00f3 th\u00eam m\u1ed9t l\u01b0\u1ee3ng mu\u1ed1i nh\u1eb9 \u0111\u1ec3 t\u0103ng h\u01b0\u01a1ng v\u1ecb v\u00e0 b\u1ea3o qu\u1ea3n t\u1ef1 nhi\u00ean.<\/p>\n<ul data-start=\"805\" data-end=\"1103\">\n<li data-start=\"805\" data-end=\"885\">\n<p data-start=\"807\" data-end=\"885\"><strong data-start=\"807\" data-end=\"849\">Ch\u1ea5t b\u01a1 m\u1ec1m m\u1ecbn, m\u00e0u v\u00e0ng kem t\u1ef1 nhi\u00ean<\/strong>, d\u1ec5 c\u1eaft, d\u1ec5 tr\u1ed9n, tan \u0111\u1ec1u khi n\u1ea5u<\/p>\n<\/li>\n<li data-start=\"886\" data-end=\"976\">\n<p data-start=\"888\" data-end=\"976\"><strong data-start=\"888\" data-end=\"913\">V\u1ecb m\u1eb7n nh\u1eb9, kh\u00f4ng g\u1eaft<\/strong>, gi\u00fap t\u0103ng h\u01b0\u01a1ng v\u1ecb m\u00f3n \u0103n m\u00e0 kh\u00f4ng l\u1ea5n \u00e1t nguy\u00ean li\u1ec7u ch\u00ednh<\/p>\n<\/li>\n<li data-start=\"977\" data-end=\"1035\">\n<p data-start=\"979\" data-end=\"1035\"><strong data-start=\"979\" data-end=\"1033\">Kh\u00f4ng ch\u1ee9a ch\u1ea5t b\u1ea3o qu\u1ea3n, ph\u1ee5 gia hay m\u00e0u nh\u00e2n t\u1ea1o<\/strong><\/p>\n<\/li>\n<li data-start=\"1036\" data-end=\"1103\">\n<p data-start=\"1038\" data-end=\"1103\"><strong data-start=\"1038\" data-end=\"1064\">\u0110\u00f3ng g\u00f3i ti\u1ec7n l\u1ee3i 200g<\/strong>, ph\u00f9 h\u1ee3p v\u1edbi nhu c\u1ea7u s\u1eed d\u1ee5ng h\u1eb1ng ng\u00e0y<\/p>\n<\/li>\n<\/ul>\n<p data-start=\"1105\" data-end=\"1250\"><img decoding=\"async\" class=\"aligncenter  wp-image-40160\" src=\"https:\/\/havamall.com\/wp-content\/uploads\/2025\/06\/470128314_3596193300672523_1805487497073675500_n.jpg\" alt=\"\" width=\"855\" height=\"855\" \/><\/p>\n<h3 data-start=\"1257\" data-end=\"1285\"><strong data-start=\"1261\" data-end=\"1285\">C\u00d4NG D\u1ee4NG V\u00c0 L\u1ee2I \u00cdCH<\/strong><\/h3>\n<ul data-start=\"1287\" data-end=\"1533\">\n<li data-start=\"1287\" data-end=\"1346\">\n<p data-start=\"1289\" data-end=\"1346\">D\u00f9ng \u0111\u1ec3\u00a0<strong data-start=\"1297\" data-end=\"1319\">\u00e1p ch\u1ea3o, chi\u00ean x\u00e0o<\/strong>\u00a0gi\u00fap m\u00f3n \u0103n th\u01a1m b\u00e9o h\u01a1n<\/p>\n<\/li>\n<li data-start=\"1347\" data-end=\"1399\">\n<p data-start=\"1349\" data-end=\"1399\"><strong data-start=\"1349\" data-end=\"1397\">Ph\u1ebft b\u00e1nh m\u00ec, l\u00e0m nh\u00e2n m\u1eb7n, topping b\u1eefa s\u00e1ng<\/strong><\/p>\n<\/li>\n<li data-start=\"1400\" data-end=\"1469\">\n<p data-start=\"1402\" data-end=\"1469\">L\u00e0 nguy\u00ean li\u1ec7u ph\u1ed5 bi\u1ebfn trong\u00a0<strong data-start=\"1432\" data-end=\"1467\">l\u00e0m b\u00e1nh m\u1eb7n, b\u00e1nh ng\u1ecdt, cookie<\/strong><\/p>\n<\/li>\n<li data-start=\"1470\" data-end=\"1533\">\n<p data-start=\"1472\" data-end=\"1533\">Th\u00edch h\u1ee3p \u0111\u1ec3\u00a0<strong data-start=\"1485\" data-end=\"1533\">n\u1ea5u s\u1ed1t b\u01a1 t\u1ecfi, m\u00ec \u00dd, c\u00e1c m\u00f3n \u00c2u ho\u1eb7c fusion<\/strong><\/p>\n<\/li>\n<\/ul>\n<p><img decoding=\"async\" class=\"aligncenter  wp-image-40161\" src=\"https:\/\/havamall.com\/wp-content\/uploads\/2025\/06\/download.jpg\" alt=\"\" width=\"855\" height=\"855\" \/><\/p>\n<p data-start=\"1535\" data-end=\"1760\">B\u01a1 m\u1eb7n Emborg cung c\u1ea5p\u00a0<strong data-start=\"1558\" data-end=\"1605\">ngu\u1ed3n ch\u1ea5t b\u00e9o t\u1ef1 nhi\u00ean, vitamin A, D v\u00e0 K2<\/strong>, gi\u00fap h\u1ed7 tr\u1ee3 h\u1ea5p th\u1ee5 dinh d\u01b0\u1ee1ng, t\u1ed1t cho th\u1ecb l\u1ef1c v\u00e0 h\u1ec7 mi\u1ec5n d\u1ecbch. Nh\u1edd\u00a0<strong data-start=\"1676\" data-end=\"1710\">ngu\u1ed3n s\u1eefa b\u00f2 \u0103n c\u1ecf t\u1ea1i ch\u00e2u \u00c2u<\/strong>, b\u01a1 c\u00f3 h\u01b0\u01a1ng v\u1ecb thu\u1ea7n khi\u1ebft, b\u00e9o d\u1ecbu, kh\u00f4ng ng\u1ea5y.<\/p>\n<p data-start=\"1535\" data-end=\"1760\"><em data-start=\"1764\" data-end=\"1772\">L\u01b0u \u00fd:<\/em>\u00a0V\u00ec l\u00e0 b\u01a1 m\u1eb7n n\u00ean khi l\u00e0m b\u00e1nh, c\u1ea7n \u0111i\u1ec1u ch\u1ec9nh l\u01b0\u1ee3ng mu\u1ed1i trong c\u00f4ng th\u1ee9c \u0111\u1ec3 c\u00e2n b\u1eb1ng v\u1ecb.<\/p>\n<p data-start=\"1863\" data-end=\"2020\"><strong data-start=\"1863\" data-end=\"1910\">B\u01a1 M\u1eb7n Emborg 200g hi\u1ec7n c\u00f3 m\u1eb7t t\u1ea1i Havamall<\/strong>, cam k\u1ebft nh\u1eadp kh\u1ea9u ch\u00ednh ng\u1ea1ch t\u1eeb ch\u00e2u \u00c2u, ch\u1ea5t l\u01b0\u1ee3ng chu\u1ea9n qu\u1ed1c t\u1ebf \u2013 l\u1ef1a ch\u1ecdn l\u00fd t\u01b0\u1edfng cho c\u0103n b\u1ebfp hi\u1ec7n \u0111\u1ea1i.<\/p>","protected":false},"excerpt":{"rendered":"<p>TH\u00d4NG TIN S\u1ea2N PH\u1ea8M Th\u01b0\u01a1ng hi\u1ec7u Emborg Xu\u1ea5t X\u1ee9 \u00a0Ch\u00e2u \u00c2u Th\u00e0nh ph\u1ea7n 100% kem s\u1eefa b\u00f2 t\u01b0\u01a1i H\u1ea1n s\u1eed<\/p>","protected":false},"featured_media":39091,"comment_status":"open","ping_status":"closed","template":"","meta":[],"product_brand":[],"product_cat":[677,255,36],"product_tag":[],"class_list":{"0":"post-39090","1":"product","2":"type-product","3":"status-publish","4":"has-post-thumbnail","6":"product_cat-cac-nuoc-khac","7":"product_cat-nguyen-lieu-lam-banh","8":"product_cat-thuc-pham-tieu-dung","10":"first","11":"instock","12":"sale","13":"shipping-taxable","14":"purchasable","15":"product-type-simple"},"_links":{"self":[{"href":"https:\/\/havamall.vn\/en\/wp-json\/wp\/v2\/product\/39090"}],"collection":[{"href":"https:\/\/havamall.vn\/en\/wp-json\/wp\/v2\/product"}],"about":[{"href":"https:\/\/havamall.vn\/en\/wp-json\/wp\/v2\/types\/product"}],"replies":[{"embeddable":true,"href":"https:\/\/havamall.vn\/en\/wp-json\/wp\/v2\/comments?post=39090"}],"version-history":[{"count":0,"href":"https:\/\/havamall.vn\/en\/wp-json\/wp\/v2\/product\/39090\/revisions"}],"wp:featuredmedia":[{"embeddable":true,"href":"https:\/\/havamall.vn\/en\/wp-json\/wp\/v2\/media\/39091"}],"wp:attachment":[{"href":"https:\/\/havamall.vn\/en\/wp-json\/wp\/v2\/media?parent=39090"}],"wp:term":[{"taxonomy":"product_brand","embeddable":true,"href":"https:\/\/havamall.vn\/en\/wp-json\/wp\/v2\/product_brand?post=39090"},{"taxonomy":"product_cat","embeddable":true,"href":"https:\/\/havamall.vn\/en\/wp-json\/wp\/v2\/product_cat?post=39090"},{"taxonomy":"product_tag","embeddable":true,"href":"https:\/\/havamall.vn\/en\/wp-json\/wp\/v2\/product_tag?post=39090"}],"curies":[{"name":"wp","href":"https:\/\/api.w.org\/{rel}","templated":true}]}}