{"id":39071,"date":"2025-06-06T13:58:18","date_gmt":"2025-06-06T06:58:18","guid":{"rendered":"https:\/\/havamall.vn\/?post_type=product&#038;p=39071"},"modified":"2025-10-11T10:10:11","modified_gmt":"2025-10-11T03:10:11","slug":"ruou-nau-an-hinode-mirin-320ml-hinode-mirin-sweet-cooking-sauce-320ml","status":"publish","type":"product","link":"https:\/\/havamall.vn\/en\/shop\/ruou-nau-an-hinode-mirin-320ml-hinode-mirin-sweet-cooking-sauce-320ml\/","title":{"rendered":"R\u01b0\u1ee3u N\u1ea5u \u0102n Hinode Mirin 320ml &#8211; Hinode Mirin Sweet Cooking Sauce 320ml"},"content":{"rendered":"<h2><strong>TH\u00d4NG TIN CHUNG<\/strong><\/h2>\n<div dir=\"auto\">\n<div dir=\"auto\">\n<table style=\"width: 55.6375%;height: 256px\">\n<tbody>\n<tr>\n<td style=\"width: 28.4775%\">Th\u01b0\u01a1ng hi\u1ec7u<\/td>\n<td style=\"width: 43.5933%\">Hinode<\/td>\n<\/tr>\n<tr>\n<td style=\"width: 28.4775%\">Xu\u1ea5t x\u1ee9 th\u01b0\u01a1ng hi\u1ec7u<\/td>\n<td style=\"width: 43.5933%\">Nh\u1eadt B\u1ea3n<\/td>\n<\/tr>\n<tr>\n<td style=\"width: 28.4775%\">H\u1ea1n s\u1eed d\u1ee5ng<\/td>\n<td style=\"width: 43.5933%\">Xem tr\u00ean bao b\u00ec<\/td>\n<\/tr>\n<tr>\n<td style=\"width: 28.4775%\">H\u01b0\u1edbng d\u1eabn b\u1ea3o qu\u1ea3n<\/td>\n<td style=\"width: 43.5933%\">N\u01a1i kh\u00f4 r\u00e1o, tho\u00e1ng m\u00e1t, tr\u00e1nh \u00e1nh n\u1eafng tr\u1ef1c ti\u1ebfp. \u0110\u00f3ng ch\u1eb7t n\u1eafp sau khi s\u1eed d\u1ee5ng.<\/td>\n<\/tr>\n<tr>\n<td style=\"width: 28.4775%\">Tr\u1ecdng l\u01b0\u1ee3ng s\u1ea3n ph\u1ea9m<\/td>\n<td style=\"width: 43.5933%\">320ml<\/td>\n<\/tr>\n<tr>\n<td style=\"width: 28.4775%\">Th\u00e0nh ph\u1ea7n<\/td>\n<td style=\"width: 43.5933%\">Xem tr\u00ean bao b\u00ec<\/td>\n<\/tr>\n<\/tbody>\n<\/table>\n<p data-sourcepos=\"15:1-16:542\"><span style=\"font-size: 18pt\"><strong>GI\u1edaI THI\u1ec6U TH\u01af\u01a0NG HI\u1ec6U<\/strong> <\/span><\/p>\n<p data-sourcepos=\"15:1-16:542\"><strong>Hinode<\/strong> l\u00e0 m\u1ed9t th\u01b0\u01a1ng hi\u1ec7u uy t\u00edn \u0111\u1ebfn t\u1eeb Nh\u1eadt B\u1ea3n, n\u1ed5i ti\u1ebfng v\u1edbi c\u00e1c s\u1ea3n ph\u1ea9m gia v\u1ecb v\u00e0 th\u1ef1c ph\u1ea9m truy\u1ec1n th\u1ed1ng, mang \u0111\u1eadm h\u01b0\u01a1ng v\u1ecb \u1ea9m th\u1ef1c x\u1ee9 Ph\u00f9 Tang. V\u1edbi b\u1ec1 d\u00e0y kinh nghi\u1ec7m v\u00e0 quy tr\u00ecnh s\u1ea3n xu\u1ea5t \u0111\u01b0\u1ee3c ki\u1ec3m so\u00e1t nghi\u00eam ng\u1eb7t, Hinode cam k\u1ebft mang \u0111\u1ebfn nh\u1eefng s\u1ea3n ph\u1ea9m ch\u1ea5t l\u01b0\u1ee3ng cao, gi\u00fap ng\u01b0\u1eddi ti\u00eau d\u00f9ng d\u1ec5 d\u00e0ng ch\u1ebf bi\u1ebfn c\u00e1c m\u00f3n \u0103n chu\u1ea9n v\u1ecb Nh\u1eadt ngay t\u1ea1i gian b\u1ebfp gia \u0111\u00ecnh. Gia V\u1ecb N\u1ea5u \u0102n Ng\u1ecdt Mirin Hinode l\u00e0 m\u1ed9t trong nh\u1eefng s\u1ea3n ph\u1ea9m ch\u1ee7 l\u1ef1c, \u0111\u01b0\u1ee3c tin d\u00f9ng r\u1ed9ng r\u00e3i b\u1edfi c\u00e1c \u0111\u1ea7u b\u1ebfp chuy\u00ean nghi\u1ec7p l\u1eabn nh\u1eefng ng\u01b0\u1eddi n\u1ed9i tr\u1ee3 y\u00eau th\u00edch \u1ea9m th\u1ef1c Nh\u1eadt B\u1ea3n.<\/p>\n<p data-sourcepos=\"15:1-16:542\"><img fetchpriority=\"high\" decoding=\"async\" class=\"aligncenter\" src=\"https:\/\/havamall.com\/wp-content\/uploads\/2025\/06\/cac-loai-mirin-nhat-ban.png\" alt=\"R\u01b0\u1ee3u Mirin N\u1ea5u \u0102n\" width=\"803\" height=\"562\" \/><\/p>\n<p data-sourcepos=\"18:1-19:341\"><span style=\"font-size: 18pt\"><strong>\u0110\u1eb6C \u0110I\u1ec2M S\u1ea2N PH\u1ea8M<\/strong> <\/span><\/p>\n<p data-sourcepos=\"18:1-19:341\"><strong>R\u01b0\u1ee3u N\u1ea5u \u0102n Mirin Hinode<\/strong> l\u00e0 m\u1ed9t lo\u1ea1i gia v\u1ecb kh\u00f4ng th\u1ec3 thi\u1ebfu trong \u1ea9m th\u1ef1c Nh\u1eadt B\u1ea3n, \u0111\u01b0\u1ee3c v\u00ed nh\u01b0 &#8220;linh h\u1ed3n&#8221; t\u1ea1o n\u00ean s\u1ef1 tinh t\u1ebf v\u00e0 h\u01b0\u01a1ng v\u1ecb \u0111\u1eb7c tr\u01b0ng cho nhi\u1ec1u m\u00f3n \u0103n. S\u1ea3n ph\u1ea9m \u0111\u01b0\u1ee3c s\u1ea3n xu\u1ea5t theo c\u00f4ng th\u1ee9c truy\u1ec1n th\u1ed1ng, \u0111\u1ea3m b\u1ea3o mang \u0111\u1ebfn v\u1ecb ng\u1ecdt t\u1ef1 nhi\u00ean, d\u1ecbu nh\u1eb9, kh\u00f4ng g\u1eaft v\u00e0 m\u1ed9t ch\u00fat men r\u01b0\u1ee3u \u0111\u1eb7c tr\u01b0ng, gi\u00fap m\u00f3n \u0103n th\u00eam ph\u1ea7n h\u1ea5p d\u1eabn.<\/p>\n<p data-sourcepos=\"18:1-19:341\"><img decoding=\"async\" class=\"aligncenter\" src=\"https:\/\/havamall.com\/wp-content\/uploads\/2025\/06\/071120231557-1699347420-hon-mirin.jpg\" alt=\"Mirin l\u00e0 g\u00ec? C\u00f4ng d\u1ee5ng, ph\u00e2n lo\u1ea1i v\u00e0 c\u00e1ch s\u1eed d\u1ee5ng r\u01b0\u1ee3u mirin trong n\u1ea5u \u0103n | KILALA\" width=\"805\" height=\"538\" \/><\/p>\n<p data-sourcepos=\"21:1-21:362\"><strong>Hinode Mirin\u00a0<\/strong>c\u00f3<strong> m\u00e0u v\u00e0ng trong su\u1ed1t,<\/strong> ch\u1ea5t l\u1ecfng <strong>s\u00e1nh nh\u1eb9<\/strong>, r\u1ea5t d\u1ec5 d\u00e0ng h\u00f2a quy\u1ec7n v\u00e0o c\u00e1c nguy\u00ean li\u1ec7u. \u0110i\u1ec3m \u0111\u1eb7c bi\u1ec7t c\u1ee7a Mirin n\u1eb1m \u1edf kh\u1ea3 n\u0103ng t\u0103ng c\u01b0\u1eddng h\u01b0\u01a1ng v\u1ecb umami cho m\u00f3n \u0103n, l\u00e0m cho th\u1ecbt c\u00e1 m\u1ec1m h\u01a1n v\u00e0 lo\u1ea1i b\u1ecf m\u00f9i tanh hi\u1ec7u qu\u1ea3. S\u1ea3n ph\u1ea9m kh\u00f4ng ch\u1ec9 n\u00e2ng t\u1ea7m h\u01b0\u01a1ng v\u1ecb m\u00e0 c\u00f2n t\u1ea1o \u0111\u1ed9 b\u00f3ng \u0111\u1eb9p m\u1eaft cho m\u00f3n \u0103n sau khi ch\u1ebf bi\u1ebfn, \u0111\u1eb7c bi\u1ec7t l\u00e0 c\u00e1c m\u00f3n kho, n\u01b0\u1edbng v\u00e0 s\u1ed1t.<\/p>\n<p data-sourcepos=\"21:1-21:362\"><img decoding=\"async\" class=\"aligncenter\" src=\"https:\/\/havamall.com\/wp-content\/uploads\/2025\/06\/mirin-substitutes-zz-240924-b31589.jpg\" alt=\"The Best Mirin Substitutes for Cooking\" width=\"804\" height=\"480\" \/><\/p>\n<p data-sourcepos=\"23:1-23:24\"><span style=\"font-size: 18pt\"><strong>C\u00d4NG D\u1ee4NG V\u00c0 L\u1ee2I \u00cdCH<\/strong><\/span><\/p>\n<ul data-sourcepos=\"24:1-33:0\">\n<li data-sourcepos=\"24:1-24:161\"><strong>T\u0103ng c\u01b0\u1eddng h\u01b0\u01a1ng v\u1ecb:<\/strong>\u00a0Mirin Hinode b\u1ed5 sung v\u1ecb ng\u1ecdt thanh t\u1ef1 nhi\u00ean v\u00e0 v\u1ecb umami \u0111\u1eb7c tr\u01b0ng, gi\u00fap m\u00f3n \u0103n th\u00eam \u0111\u1eadm \u0111\u00e0, h\u00e0i h\u00f2a m\u00e0 kh\u00f4ng c\u1ea7n d\u00f9ng qu\u00e1 nhi\u1ec1u \u0111\u01b0\u1eddng.<\/li>\n<li data-sourcepos=\"25:1-25:151\"><strong>Kh\u1eed m\u00f9i tanh hi\u1ec7u qu\u1ea3:<\/strong>\u00a0N\u1ed3ng \u0111\u1ed9 c\u1ed3n nh\u1eb9 trong Mirin khi bay h\u01a1i s\u1ebd cu\u1ed1n theo m\u00f9i tanh c\u1ee7a th\u1ecbt, c\u00e1, h\u1ea3i s\u1ea3n, \u0111\u1ec3 l\u1ea1i h\u01b0\u01a1ng th\u01a1m h\u1ea5p d\u1eabn cho m\u00f3n \u0103n.<\/li>\n<li data-sourcepos=\"26:1-26:153\"><strong>T\u1ea1o \u0111\u1ed9 b\u00f3ng \u0111\u1eb9p m\u1eaft:<\/strong>\u00a0Khi s\u1eed d\u1ee5ng trong c\u00e1c m\u00f3n kho, n\u01b0\u1edbng hay s\u1ed1t, Mirin gi\u00fap t\u1ea1o m\u1ed9t l\u1edbp ph\u1ee7 b\u00f3ng m\u01b0\u1ee3t, h\u1ea5p d\u1eabn, l\u00e0m t\u0103ng t\u00ednh th\u1ea9m m\u1ef9 cho m\u00f3n \u0103n.<\/li>\n<li data-sourcepos=\"27:1-27:119\"><strong>L\u00e0m m\u1ec1m nguy\u00ean li\u1ec7u:<\/strong>\u00a0Mirin gi\u00fap th\u1ecbt c\u00e1 tr\u1edf n\u00ean m\u1ec1m h\u01a1n, d\u1ec5 th\u1ea5m gia v\u1ecb h\u01a1n trong qu\u00e1 tr\u00ecnh t\u1ea9m \u01b0\u1edbp v\u00e0 n\u1ea5u n\u01b0\u1edbng.<\/li>\n<li data-sourcepos=\"28:1-33:0\"><strong>\u1ee8ng d\u1ee5ng \u0111a d\u1ea1ng:<\/strong>\n<ul data-sourcepos=\"29:5-33:0\">\n<li data-sourcepos=\"29:5-29:72\">S\u1eed d\u1ee5ng trong c\u00e1c m\u00f3n kho Nh\u1eadt B\u1ea3n (Teriyaki, Sukiyaki, Nikujaga).<\/li>\n<li data-sourcepos=\"30:5-30:71\">L\u00e0 th\u00e0nh ph\u1ea7n kh\u00f4ng th\u1ec3 thi\u1ebfu trong n\u01b0\u1edbc s\u1ed1t ch\u1ea5m sushi, sashimi.<\/li>\n<li data-sourcepos=\"31:5-31:54\">D\u00f9ng \u0111\u1ec3 \u01b0\u1edbp th\u1ecbt, c\u00e1 tr\u01b0\u1edbc khi n\u01b0\u1edbng ho\u1eb7c chi\u00ean.<\/li>\n<li data-sourcepos=\"32:5-33:0\">Th\u00eam v\u00e0o s\u00fap Miso, c\u00e1c m\u00f3n h\u1ea7m, m\u00f3n x\u00e0o \u0111\u1ec3 t\u0103ng th\u00eam h\u01b0\u01a1ng v\u1ecb.<\/li>\n<\/ul>\n<\/li>\n<\/ul>\n<p><img loading=\"lazy\" decoding=\"async\" class=\"aligncenter\" src=\"https:\/\/havamall.com\/wp-content\/uploads\/2025\/06\/22nd_June_2012_Teriyaki_Duck.jpg\" alt=\"Teriyaki \u2013 Wikipedia ti\u1ebfng Vi\u1ec7t\" width=\"802\" height=\"535\" \/><\/p>\n<p><img loading=\"lazy\" decoding=\"async\" class=\"aligncenter\" src=\"https:\/\/www.mizkanchef.com\/wp-content\/uploads\/2021\/09\/Honteri-Ramen.jpg\" alt=\"What is Mirin? - Mizkan\" width=\"805\" height=\"604\" \/><\/p>\n<p data-sourcepos=\"34:1-34:54\"><span style=\"font-size: 18pt\"><strong>V\u00cc SAO N\u00caN S\u1eec D\u1ee4NG GIA V\u1eca N\u1ea4U \u0102N NG\u1eccT MIRIN HINODE<\/strong><\/span><\/p>\n<ul data-sourcepos=\"35:1-39:0\">\n<li data-sourcepos=\"35:1-35:91\">L\u00e0 gia v\u1ecb &#8220;chu\u1ea9n v\u1ecb Nh\u1eadt&#8221;, gi\u00fap b\u1ea1n t\u00e1i t\u1ea1o h\u01b0\u01a1ng v\u1ecb authentisch c\u1ee7a c\u00e1c m\u00f3n \u0103n Nh\u1eadt B\u1ea3n.<\/li>\n<li data-sourcepos=\"36:1-36:81\">N\u00e2ng t\u1ea7m m\u00f3n \u0103n v\u1edbi v\u1ecb ng\u1ecdt t\u1ef1 nhi\u00ean, \u0111\u1ed9 b\u00f3ng \u0111\u1eb9p v\u00e0 kh\u1ea3 n\u0103ng kh\u1eed m\u00f9i hi\u1ec7u qu\u1ea3.<\/li>\n<li data-sourcepos=\"37:1-37:68\">S\u1ea3n ph\u1ea9m ch\u1ea5t l\u01b0\u1ee3ng cao t\u1eeb th\u01b0\u01a1ng hi\u1ec7u uy t\u00edn Hinode c\u1ee7a Nh\u1eadt B\u1ea3n.<\/li>\n<li data-sourcepos=\"38:1-39:0\">Ti\u1ec7n l\u1ee3i v\u00e0 d\u1ec5 s\u1eed d\u1ee5ng trong m\u1ecdi gian b\u1ebfp.<\/li>\n<\/ul>\n<p><img loading=\"lazy\" decoding=\"async\" class=\"aligncenter\" src=\"https:\/\/havamall.com\/wp-content\/uploads\/2025\/06\/shutterstock_1435289630_bfc939c1-8b4c-4f6b-8a79-a6c6e95b65f8.jpg\" alt=\"Get To Know The True Mirin: How Do You Use It? \u2013 Bokksu Market\" width=\"805\" height=\"537\" \/><\/p>\n<p data-sourcepos=\"40:1-40:27\"><span style=\"font-size: 18pt\"><strong>H\u01af\u1edaNG D\u1eaaN C\u00c1CH B\u1ea2O QU\u1ea2N<\/strong><\/span><\/p>\n<ul data-sourcepos=\"41:1-43:0\">\n<li data-sourcepos=\"41:1-41:92\">B\u1ea3o qu\u1ea3n Mirin Hinode \u1edf n\u01a1i kh\u00f4 r\u00e1o, tho\u00e1ng m\u00e1t, tr\u00e1nh \u00e1nh n\u1eafng tr\u1ef1c ti\u1ebfp v\u00e0 nhi\u1ec7t \u0111\u1ed9 cao.<\/li>\n<li data-sourcepos=\"42:1-43:0\">\u0110\u00f3ng ch\u1eb7t n\u1eafp sau khi s\u1eed d\u1ee5ng \u0111\u1ec3 \u0111\u1ea3m b\u1ea3o ch\u1ea5t l\u01b0\u1ee3ng v\u00e0 h\u01b0\u01a1ng v\u1ecb.<\/li>\n<\/ul>\n<\/div>\n<\/div>","protected":false},"excerpt":{"rendered":"<p>TH\u00d4NG TIN CHUNG Th\u01b0\u01a1ng hi\u1ec7u Hinode Xu\u1ea5t x\u1ee9 th\u01b0\u01a1ng hi\u1ec7u Nh\u1eadt B\u1ea3n H\u1ea1n s\u1eed d\u1ee5ng Xem tr\u00ean bao b\u00ec H\u01b0\u1edbng<\/p>","protected":false},"featured_media":39072,"comment_status":"open","ping_status":"closed","template":"","meta":[],"product_brand":[],"product_cat":[595,675,154],"product_tag":[],"class_list":{"0":"post-39071","1":"product","2":"type-product","3":"status-publish","4":"has-post-thumbnail","6":"product_cat-gia-vi-va-che-bien","7":"product_cat-nhap-khau-nhat-ban","8":"product_cat-gia-vi","10":"first","11":"outofstock","12":"sale","13":"shipping-taxable","14":"purchasable","15":"product-type-simple"},"_links":{"self":[{"href":"https:\/\/havamall.vn\/en\/wp-json\/wp\/v2\/product\/39071"}],"collection":[{"href":"https:\/\/havamall.vn\/en\/wp-json\/wp\/v2\/product"}],"about":[{"href":"https:\/\/havamall.vn\/en\/wp-json\/wp\/v2\/types\/product"}],"replies":[{"embeddable":true,"href":"https:\/\/havamall.vn\/en\/wp-json\/wp\/v2\/comments?post=39071"}],"version-history":[{"count":0,"href":"https:\/\/havamall.vn\/en\/wp-json\/wp\/v2\/product\/39071\/revisions"}],"wp:featuredmedia":[{"embeddable":true,"href":"https:\/\/havamall.vn\/en\/wp-json\/wp\/v2\/media\/39072"}],"wp:attachment":[{"href":"https:\/\/havamall.vn\/en\/wp-json\/wp\/v2\/media?parent=39071"}],"wp:term":[{"taxonomy":"product_brand","embeddable":true,"href":"https:\/\/havamall.vn\/en\/wp-json\/wp\/v2\/product_brand?post=39071"},{"taxonomy":"product_cat","embeddable":true,"href":"https:\/\/havamall.vn\/en\/wp-json\/wp\/v2\/product_cat?post=39071"},{"taxonomy":"product_tag","embeddable":true,"href":"https:\/\/havamall.vn\/en\/wp-json\/wp\/v2\/product_tag?post=39071"}],"curies":[{"name":"wp","href":"https:\/\/api.w.org\/{rel}","templated":true}]}}