{"id":38517,"date":"2025-05-18T14:28:23","date_gmt":"2025-05-18T07:28:23","guid":{"rendered":"https:\/\/havamall.vn\/?post_type=product&#038;p=38517"},"modified":"2025-11-26T14:46:24","modified_gmt":"2025-11-26T07:46:24","slug":"bo-kho-lam-banh-ngan-lop-grand-fermage-84-beo-1kg-grand-fermage-extra-dry-butter-84-fat-for-croissants-puff-pastry-1kg","status":"publish","type":"product","link":"https:\/\/havamall.vn\/en\/shop\/bo-kho-lam-banh-ngan-lop-grand-fermage-84-beo-1kg-grand-fermage-extra-dry-butter-84-fat-for-croissants-puff-pastry-1kg\/","title":{"rendered":"B\u01a1 Kh\u1ed1i L\u00e0m B\u00e1nh Ng\u00e0n L\u1edbp Grand Fermage 84% B\u00e9o \u2013 Grand Fermage Extra Butter 84% Fat for Croissants &amp; Puff Pastry"},"content":{"rendered":"<h2><strong>TH\u00d4NG TIN CHUNG<\/strong><\/h2>\n<table style=\"width: 60.6204%;height: 245px\">\n<tbody>\n<tr>\n<td style=\"width: 18.469%\">Th\u01b0\u01a1ng hi\u1ec7u<\/td>\n<td style=\"width: 80.4374%\">Grand Fermage<\/td>\n<\/tr>\n<tr>\n<td style=\"width: 18.469%\">Xu\u1ea5t x\u1ee9<\/td>\n<td style=\"width: 80.4374%\">Ph\u00e1p<\/td>\n<\/tr>\n<tr>\n<td style=\"width: 18.469%\">Th\u00e0nh ph\u1ea7n<\/td>\n<td style=\"width: 80.4374%\">Kem s\u1eefa ti\u1ec7t tr\u00f9ng t\u1eeb s\u1eefa b\u00f2, men lactic.<\/td>\n<\/tr>\n<tr>\n<td style=\"width: 18.469%\">H\u1ea1n s\u1eed d\u1ee5ng<\/td>\n<td style=\"width: 80.4374%\">Xem tr\u1ef1c ti\u1ebfp tr\u00ean bao b\u00ec<\/td>\n<\/tr>\n<tr>\n<td style=\"width: 18.469%\">B\u1ea3o qu\u1ea3n<\/td>\n<td style=\"width: 80.4374%\">\u0110\u1ec3 trong ng\u0103n m\u00e1t t\u1ee7 l\u1ea1nh (2\u00b0C \u0111\u1ebfn 6\u00b0C). C\u00f3 th\u1ec3 \u0111\u00f4ng l\u1ea1nh \u0111\u1ec3 b\u1ea3o qu\u1ea3n l\u00e2u h\u01a1n. Gi\u1eef k\u00edn sau khi m\u1edf bao b\u00ec.<\/td>\n<\/tr>\n<tr>\n<td style=\"width: 18.469%\">Kh\u1ed1i l\u01b0\u1ee3ng t\u1ecbnh<\/td>\n<td style=\"width: 80.4374%\">1kg<\/td>\n<\/tr>\n<\/tbody>\n<\/table>\n<p data-sourcepos=\"21:1-21:318\"><strong>Grand Fermage<\/strong> l\u00e0 th\u01b0\u01a1ng hi\u1ec7u b\u01a1 s\u1eefa uy t\u00edn \u0111\u1ebfn t\u1eeb Ph\u00e1p, n\u1ed5i ti\u1ebfng v\u1edbi c\u00e1c s\u1ea3n ph\u1ea9m b\u01a1 ch\u1ea5t l\u01b0\u1ee3ng cao \u0111\u01b0\u1ee3c gi\u1edbi l\u00e0m b\u00e1nh chuy\u00ean nghi\u1ec7p tin d\u00f9ng. Trong s\u1ed1 \u0111\u00f3, d\u00f2ng &#8220;Beurre Extra Sec&#8221; hay &#8220;Extra Dry Butter&#8221; l\u00e0 l\u1ef1a ch\u1ecdn ho\u00e0n h\u1ea3o cho nh\u1eefng ai mu\u1ed1n t\u1ea1o ra c\u00e1c lo\u1ea1i b\u00e1nh ng\u00e0n l\u1edbp \u0111\u1ea1t chu\u1ea9n, th\u01a1m ngon v\u00e0 c\u00f3 c\u1ea5u tr\u00fac ho\u00e0n h\u1ea3o.<\/p>\n<p data-sourcepos=\"21:1-21:318\"><img fetchpriority=\"high\" decoding=\"async\" class=\"aligncenter\" src=\"https:\/\/havamall.com\/wp-content\/uploads\/2025\/05\/d480ca54-b798-4ba5-8d83-f0a5464b4fc5.png\" width=\"800\" height=\"657\" \/><\/p>\n<p data-sourcepos=\"23:1-23:365\"><strong>B\u01a1 Kh\u00f4 L\u00e0m B\u00e1nh Ng\u00e0n L\u1edbp Grand Fermage<\/strong> v\u1edbi <strong>84% h\u00e0m l\u01b0\u1ee3ng b\u00e9o<\/strong> l\u00e0 lo\u1ea1i b\u01a1 chuy\u00ean d\u1ee5ng \u0111\u01b0\u1ee3c thi\u1ebft k\u1ebf \u0111\u1eb7c bi\u1ec7t cho c\u00e1c k\u1ef9 thu\u1eadt l\u00e0m b\u00e1nh y\u00eau c\u1ea7u c\u00e1n l\u1edbp ph\u1ee9c t\u1ea1p nh\u01b0 l\u00e0m b\u00e1nh Croissant (b\u00e1nh s\u1eebng b\u00f2), Puff Pastry (b\u00e1nh ng\u00e0n l\u1edbp), hay Danish pastry. \u0110i\u1ec3m kh\u00e1c bi\u1ec7t l\u1edbn nh\u1ea5t c\u1ee7a lo\u1ea1i b\u01a1 n\u00e0y so v\u1edbi b\u01a1 th\u00f4ng th\u01b0\u1eddng l\u00e0 h\u00e0m l\u01b0\u1ee3ng n\u01b0\u1edbc r\u1ea5t th\u1ea5p v\u00e0 \u0111i\u1ec3m n\u00f3ng ch\u1ea3y cao h\u01a1n.<\/p>\n<p><img decoding=\"async\" class=\"wp-image-39734 aligncenter\" src=\"https:\/\/havamall.com\/wp-content\/uploads\/2025\/05\/2596432.jpg\" alt=\"\" width=\"800\" height=\"800\" \/><\/p>\n<p data-sourcepos=\"25:1-25:448\">Nh\u1edd <strong>\u0111\u1eb7c t\u00ednh &#8220;kh\u00f4<\/strong>&#8221; v\u00e0 <strong>gi\u00e0u ch\u1ea5t b\u00e9o<\/strong>, <strong>b\u01a1 Grand Fermage Extra Dry<\/strong> gi\u1eef \u0111\u01b0\u1ee3c <strong>\u0111\u1ed9 r\u1eafn ch\u1eafc<\/strong> v\u00e0 <strong>kh\u00f4ng b\u1ecb ch\u1ea3y nh\u00e3o<\/strong> trong qu\u00e1 tr\u00ecnh c\u00e1n, g\u1ea5p b\u1ed9t. \u0110i\u1ec1u n\u00e0y gi\u00fap t\u1ea1o n\u00ean c\u00e1c l\u1edbp b\u1ed9t v\u00e0 b\u01a1 m\u1ecfng xen k\u1ebd ho\u00e0n h\u1ea3o, n\u1edf bung \u0111\u1eb9p m\u1eaft khi n\u01b0\u1edbng, mang l\u1ea1i c\u1ea5u tr\u00fac gi\u00f2n r\u1ee5m, t\u00e1ch l\u1edbp \u0111\u1eb7c tr\u01b0ng v\u00e0 h\u01b0\u01a1ng v\u1ecb b\u01a1 \u0111\u1eadm \u0111\u00e0, th\u01a1m l\u1eebng cho th\u00e0nh ph\u1ea9m. Kh\u1ed1i b\u01a1 1kg ti\u1ec7n l\u1ee3i cho vi\u1ec7c s\u1eed d\u1ee5ng v\u1edbi s\u1ed1 l\u01b0\u1ee3ng l\u1edbn trong c\u00e1c ti\u1ec7m b\u00e1nh ho\u1eb7c cho nh\u1eefng ng\u01b0\u1eddi l\u00e0m b\u00e1nh t\u1ea1i nh\u00e0 th\u01b0\u1eddng xuy\u00ean.<\/p>\n<p data-sourcepos=\"25:1-25:448\"><img decoding=\"async\" class=\"aligncenter\" src=\"https:\/\/havamall.com\/wp-content\/uploads\/2025\/05\/classic-puff-pastry.jpg\" alt=\"Classic Puff Pastry (P\u00e2te Feuillet\u00e9e)\" width=\"800\" height=\"533\" \/><\/p>\n<p data-sourcepos=\"27:1-27:51\"><strong>C\u00e1ch s\u1eed d\u1ee5ng b\u01a1 Grand Fermage 84% B\u00e9o hi\u1ec7u qu\u1ea3:<\/strong><\/p>\n<ul data-sourcepos=\"28:1-31:0\">\n<li data-sourcepos=\"28:1-28:108\">Lu\u00f4n gi\u1eef b\u01a1 \u1edf nhi\u1ec7t \u0111\u1ed9 l\u1ea1nh th\u00edch h\u1ee3p (kho\u1ea3ng 2-6\u00b0C) tr\u01b0\u1edbc v\u00e0 trong qu\u00e1 tr\u00ecnh c\u00e1n b\u1ed9t \u0111\u1ec3 b\u01a1 kh\u00f4ng b\u1ecb ch\u1ea3y.<\/li>\n<li data-sourcepos=\"29:1-29:77\">S\u1eed d\u1ee5ng trong c\u00e1c c\u00f4ng th\u1ee9c l\u00e0m b\u00e1nh y\u00eau c\u1ea7u b\u01a1 c\u00e1n l\u1edbp (laminated doughs).<\/li>\n<li data-sourcepos=\"30:1-31:0\">\u0110\u1ea3m b\u1ea3o b\u1ed9t v\u00e0 b\u01a1 c\u00f3 \u0111\u1ed9 l\u1ea1nh t\u01b0\u01a1ng \u0111\u1ed3ng khi th\u1ef1c hi\u1ec7n c\u00e1c b\u01b0\u1edbc c\u00e1n v\u00e0 g\u1ea5p.<\/li>\n<\/ul>\n<p><img loading=\"lazy\" decoding=\"async\" class=\"aligncenter wp-image-39736\" src=\"https:\/\/havamall.com\/wp-content\/uploads\/2025\/05\/Puff-Pastry-Blog-1.jpg\" alt=\"\" width=\"801\" height=\"935\" \/><\/p>\n<p data-sourcepos=\"32:1-33:230\"><strong>B\u1ea3o qu\u1ea3n:<\/strong> \u0110\u1ec3 b\u01a1 lu\u00f4n gi\u1eef \u0111\u01b0\u1ee3c ch\u1ea5t l\u01b0\u1ee3ng t\u1ed1t nh\u1ea5t, h\u00e3y b\u1ea3o qu\u1ea3n b\u01a1 trong ng\u0103n m\u00e1t t\u1ee7 l\u1ea1nh (2\u00b0C \u0111\u1ebfn 6\u00b0C). N\u1ebfu mu\u1ed1n b\u1ea3o qu\u1ea3n l\u00e2u h\u01a1n, b\u1ea1n c\u00f3 th\u1ec3 b\u1ecdc k\u00edn b\u01a1 v\u00e0 \u0111\u1ec3 trong ng\u0103n \u0111\u00f4ng. Tr\u00e1nh \u0111\u1ec3 b\u01a1 ti\u1ebfp x\u00fac tr\u1ef1c ti\u1ebfp v\u1edbi kh\u00f4ng kh\u00ed sau khi m\u1edf bao b\u00ec.<\/p>\n<p data-sourcepos=\"35:1-35:166\">S\u1ea3n ph\u1ea9m B\u01a1 Kh\u00f4 L\u00e0m B\u00e1nh Ng\u00e0n L\u1edbp Grand Fermage 84% B\u00e9o 1kg hi\u1ec7n \u0111\u00e3 c\u00f3 m\u1eb7t t\u1ea1i Havamall.<\/p>","protected":false},"excerpt":{"rendered":"<p>TH\u00d4NG TIN CHUNG Th\u01b0\u01a1ng hi\u1ec7u Grand Fermage Xu\u1ea5t x\u1ee9 Ph\u00e1p Th\u00e0nh ph\u1ea7n Kem s\u1eefa ti\u1ec7t tr\u00f9ng t\u1eeb s\u1eefa b\u00f2, men<\/p>","protected":false},"featured_media":38518,"comment_status":"open","ping_status":"closed","template":"","meta":[],"product_brand":[],"product_cat":[255,671,275],"product_tag":[],"class_list":{"0":"post-38517","1":"product","2":"type-product","3":"status-publish","4":"has-post-thumbnail","6":"product_cat-nguyen-lieu-lam-banh","7":"product_cat-nhap-khau-phap","8":"product_cat-thuc-pham-dong-lanh","10":"first","11":"outofstock","12":"sale","13":"shipping-taxable","14":"purchasable","15":"product-type-variable"},"_links":{"self":[{"href":"https:\/\/havamall.vn\/en\/wp-json\/wp\/v2\/product\/38517"}],"collection":[{"href":"https:\/\/havamall.vn\/en\/wp-json\/wp\/v2\/product"}],"about":[{"href":"https:\/\/havamall.vn\/en\/wp-json\/wp\/v2\/types\/product"}],"replies":[{"embeddable":true,"href":"https:\/\/havamall.vn\/en\/wp-json\/wp\/v2\/comments?post=38517"}],"version-history":[{"count":0,"href":"https:\/\/havamall.vn\/en\/wp-json\/wp\/v2\/product\/38517\/revisions"}],"wp:featuredmedia":[{"embeddable":true,"href":"https:\/\/havamall.vn\/en\/wp-json\/wp\/v2\/media\/38518"}],"wp:attachment":[{"href":"https:\/\/havamall.vn\/en\/wp-json\/wp\/v2\/media?parent=38517"}],"wp:term":[{"taxonomy":"product_brand","embeddable":true,"href":"https:\/\/havamall.vn\/en\/wp-json\/wp\/v2\/product_brand?post=38517"},{"taxonomy":"product_cat","embeddable":true,"href":"https:\/\/havamall.vn\/en\/wp-json\/wp\/v2\/product_cat?post=38517"},{"taxonomy":"product_tag","embeddable":true,"href":"https:\/\/havamall.vn\/en\/wp-json\/wp\/v2\/product_tag?post=38517"}],"curies":[{"name":"wp","href":"https:\/\/api.w.org\/{rel}","templated":true}]}}