{"id":38513,"date":"2025-05-18T14:25:52","date_gmt":"2025-05-18T07:25:52","guid":{"rendered":"https:\/\/havamall.vn\/?post_type=product&#038;p=38513"},"modified":"2025-08-23T16:59:58","modified_gmt":"2025-08-23T09:59:58","slug":"banh-croissant-mini-danish-nhan-mut-cherry-dong-lanh-400g-10x40g-frozen-croissant-danish-cherry-jam","status":"publish","type":"product","link":"https:\/\/havamall.vn\/en\/shop\/banh-croissant-mini-danish-nhan-mut-cherry-dong-lanh-400g-10x40g-frozen-croissant-danish-cherry-jam\/","title":{"rendered":"B\u00e1nh Croissant Mini Danish Nh\u00e2n M\u1ee9t Cherry \u0110\u00f4ng L\u1ea1nh 400g (10x40g) \u2013 Frozen Croissant Danish Cherry Jam"},"content":{"rendered":"<h2><strong>TH\u00d4NG TIN CHUNG<\/strong><\/h2>\n<table style=\"width: 49.1267%;height: 168px\">\n<tbody>\n<tr>\n<td style=\"width: 25.3373%\">Xu\u1ea5t x\u1ee9<\/td>\n<td style=\"width: 73.4633%\">B\u1ec9<\/td>\n<\/tr>\n<tr>\n<td style=\"width: 25.3373%\">Th\u00e0nh ph\u1ea7n<\/td>\n<td style=\"width: 73.4633%\">B\u1ed9t m\u00ec, b\u01a1\/margarine, nh\u00e2n cherry (qu\u1ea3 cherry, \u0111\u01b0\u1eddng, tinh b\u1ed9t&#8230;), \u0111\u01b0\u1eddng, tr\u1ee9ng, men n\u1edf\/b\u1ed9t n\u1edf, mu\u1ed1i, h\u01b0\u01a1ng li\u1ec7u t\u1ef1 nhi\u00ean&#8230;<\/td>\n<\/tr>\n<tr>\n<td style=\"width: 25.3373%\">H\u1ea1n s\u1eed d\u1ee5ng<\/td>\n<td style=\"width: 73.4633%\">Xem tr\u1ef1c ti\u1ebfp tr\u00ean bao b\u00ec s\u1ea3n ph\u1ea9m.<\/td>\n<\/tr>\n<tr>\n<td style=\"width: 25.3373%\">B\u1ea3o qu\u1ea3n<\/td>\n<td style=\"width: 73.4633%\">B\u1ea3o qu\u1ea3n \u1edf nhi\u1ec7t \u0111\u1ed9 -18\u00b0C (trong ng\u0103n \u0111\u00e1 t\u1ee7 \u0111\u00f4ng).<\/td>\n<\/tr>\n<tr>\n<td style=\"width: 25.3373%\">\u00a0Kh\u1ed1i l\u01b0\u1ee3ng<\/td>\n<td style=\"width: 73.4633%\">40g x 10 c\u00e1i<\/td>\n<\/tr>\n<\/tbody>\n<\/table>\n<p data-sourcepos=\"30:1-30:425\">Mang h\u01b0\u01a1ng v\u1ecb chua ng\u1ecdt \u0111\u1eb7c tr\u01b0ng c\u1ee7a nh\u1eefng qu\u1ea3 cherry ch\u00edn m\u1ecdng k\u1ebft h\u1ee3p c\u00f9ng l\u1edbp v\u1ecf b\u00e1nh ng\u00e0n l\u1edbp v\u00e0ng \u00f3ng, gi\u00f2n tan, <strong>B\u00e1nh Croissant Mini Danish Nh\u00e2n M\u1ee9t Cherry \u0110\u00f4ng L\u1ea1nh<\/strong> l\u00e0 l\u1ef1a ch\u1ecdn tuy\u1ec7t v\u1eddi \u0111\u1ec3 kh\u1edfi \u0111\u1ea7u ng\u00e0y m\u1edbi tr\u00e0n \u0111\u1ea7y n\u0103ng l\u01b0\u1ee3ng ho\u1eb7c l\u00e0m m\u00f3n tr\u00e1ng mi\u1ec7ng h\u1ea5p d\u1eabn cho c\u1ea3 gia \u0111\u00ecnh. V\u1edbi d\u1ea1ng \u0111\u00f4ng l\u1ea1nh ti\u1ec7n l\u1ee3i, b\u1ea1n c\u00f3 th\u1ec3 d\u1ec5 d\u00e0ng th\u01b0\u1edfng th\u1ee9c chi\u1ebfc b\u00e1nh chu\u1ea9n v\u1ecb \u00c2u ngay t\u1ea1i nh\u00e0 ch\u1ec9 sau v\u00e0i ph\u00fat n\u01b0\u1edbng.<\/p>\n<p data-sourcepos=\"30:1-30:425\"><img fetchpriority=\"high\" decoding=\"async\" class=\"aligncenter size-full wp-image-39744\" src=\"https:\/\/havamall.com\/wp-content\/uploads\/2025\/05\/cherry2.png\" alt=\"\" width=\"800\" height=\"800\" \/><\/p>\n<p data-sourcepos=\"32:1-32:428\">M\u1ed7i chi\u1ebfc b\u00e1nh l\u00e0 s\u1ef1 k\u1ebft h\u1ee3p ho\u00e0n h\u1ea3o gi\u1eefa l\u1edbp b\u1ed9t ng\u00e0n l\u1edbp \u0111\u01b0\u1ee3c c\u00e1n m\u1ecfng chuy\u00ean nghi\u1ec7p, t\u1ea1o n\u00ean c\u1ea5u tr\u00fac x\u1ed1p gi\u00f2n, t\u00e1ch l\u1edbp \u0111\u1eb9p m\u1eaft khi n\u01b0\u1edbng. Ph\u1ea7n nh\u00e2n cherry \u0111\u1eadm \u0111\u00e0 \u0111\u01b0\u1ee3c ch\u1ebf bi\u1ebfn t\u1eeb qu\u1ea3 cherry t\u01b0\u01a1i ngon, gi\u1eef tr\u1ecdn h\u01b0\u01a1ng v\u1ecb t\u1ef1 nhi\u00ean, tan ch\u1ea3y nh\u1eb9 khi n\u00f3ng, h\u00f2a quy\u1ec7n tuy\u1ec7t v\u1eddi v\u1edbi v\u1ecb b\u01a1 b\u00e9o ng\u1eady c\u1ee7a v\u1ecf b\u00e1nh. S\u1ed1 l\u01b0\u1ee3ng 40g x 10 c\u00e1i m\u1ed7i g\u00f3i l\u00fd t\u01b0\u1edfng cho nhu c\u1ea7u s\u1eed d\u1ee5ng gia \u0111\u00ecnh ho\u1eb7c c\u00e1c c\u01a1 s\u1edf kinh doanh nh\u1ecf.<\/p>\n<p data-sourcepos=\"32:1-32:428\"><img decoding=\"async\" class=\"aligncenter size-full wp-image-39775\" src=\"https:\/\/havamall.com\/wp-content\/uploads\/2025\/05\/cherry3-1.png\" alt=\"\" width=\"800\" height=\"800\" \/><\/p>\n<p data-sourcepos=\"34:1-35:499\"><span style=\"font-size: 18pt\"><strong>B\u00c1NH N\u01af\u1edaNG NG\u00c0N L\u1edaP C\u1ea4P \u0110\u00d4NG &#8211; GI\u1ea2I PH\u00c1P TI\u1ec6N L\u1ee2I V\u00c0 CH\u1ea4T L\u01af\u1ee2NG<\/strong> <\/span><\/p>\n<p data-sourcepos=\"34:1-35:499\">Nh\u1eefng chi\u1ebfc b\u00e1nh n\u01b0\u1edbng ng\u00e0n l\u1edbp \u0111\u00f4ng l\u1ea1nh nh\u01b0 <strong>B\u00e1nh Croissant Mini Danish Nh\u00e2n M\u1ee9t Cherry \u0110\u00f4ng L\u1ea1nh<\/strong> mang \u0111\u1ebfn nhi\u1ec1u l\u1ee3i \u00edch v\u01b0\u1ee3t tr\u1ed9i. V\u1edbi quy tr\u00ecnh s\u1ea3n xu\u1ea5t hi\u1ec7n \u0111\u1ea1i v\u00e0 nguy\u00ean li\u1ec7u tuy\u1ec3n ch\u1ecdn, b\u00e1nh c\u1ea5p \u0111\u00f4ng gi\u1eef \u0111\u01b0\u1ee3c \u0111\u1ed9 t\u01b0\u01a1i ngon v\u00e0 c\u1ea5u tr\u00fac ho\u00e0n h\u1ea3o. Khi n\u01b0\u1edbng t\u1ea1i nh\u00e0, b\u1ea1n s\u1ebd c\u00f3 ngay nh\u1eefng chi\u1ebfc b\u00e1nh n\u00f3ng h\u1ed5i, th\u01a1m l\u1eebng nh\u01b0 v\u1eeba ra l\u00f2. \u0110\u00e2y l\u00e0 gi\u1ea3i ph\u00e1p ti\u1ebft ki\u1ec7m th\u1eddi gian, c\u00f4ng s\u1ee9c m\u00e0 v\u1eabn \u0111\u1ea3m b\u1ea3o ch\u1ea5t l\u01b0\u1ee3ng \u1ed5n \u0111\u1ecbnh cho d\u00f9 b\u1ea1n l\u00e0 ng\u01b0\u1eddi l\u00e0m b\u00e1nh t\u1ea1i gia hay ch\u1ee7 qu\u00e1n c\u00e0 ph\u00ea, nh\u00e0 h\u00e0ng.<\/p>\n<p data-sourcepos=\"34:1-35:499\"><img decoding=\"async\" class=\"aligncenter size-full wp-image-39747\" src=\"https:\/\/havamall.com\/wp-content\/uploads\/2025\/05\/cherry1.png\" alt=\"\" width=\"800\" height=\"800\" \/><\/p>\n<p data-sourcepos=\"37:1-37:33\"><span style=\"font-size: 18pt\"><strong>\u0110\u1eb6C \u0110I\u1ec2M N\u1ed4I B\u1eacT C\u1ee6A S\u1ea2N PH\u1ea8M<\/strong><\/span><\/p>\n<ul data-sourcepos=\"38:1-43:0\">\n<li data-sourcepos=\"38:1-38:51\">H\u01b0\u01a1ng v\u1ecb nh\u00e2n cherry chua ng\u1ecdt t\u1ef1 nhi\u00ean, h\u1ea5p d\u1eabn.<\/li>\n<li data-sourcepos=\"39:1-39:51\">L\u1edbp v\u1ecf ng\u00e0n l\u1edbp v\u00e0ng gi\u00f2n, x\u1ed1p m\u1ecbn sau khi n\u01b0\u1edbng.<\/li>\n<li data-sourcepos=\"40:1-40:74\">Ti\u1ec7n l\u1ee3i, d\u1ec5 d\u00e0ng chu\u1ea9n b\u1ecb ch\u1ec9 sau v\u00e0i ph\u00fat n\u01b0\u1edbng t\u1ea1i nh\u00e0 ho\u1eb7c c\u1eeda h\u00e0ng.<\/li>\n<li data-sourcepos=\"41:1-41:48\">Ch\u1ea5t l\u01b0\u1ee3ng \u1ed5n \u0111\u1ecbnh, \u0111\u1ed3ng \u0111\u1ec1u gi\u1eefa c\u00e1c m\u1ebb b\u00e1nh.<\/li>\n<li data-sourcepos=\"42:1-43:0\">Gi\u1ea3i ph\u00e1p t\u1ed1i \u01b0u chi ph\u00ed v\u00e0 ki\u1ec3m so\u00e1t t\u1ed3n kho cho c\u00e1c c\u01a1 s\u1edf kinh doanh.<\/li>\n<\/ul>\n<p><img loading=\"lazy\" decoding=\"async\" class=\"aligncenter wp-image-39748\" src=\"https:\/\/havamall.com\/wp-content\/uploads\/2025\/05\/nsns-cherry-kringle-slices.jpg\" alt=\"\" width=\"802\" height=\"422\" \/><\/p>\n<p data-sourcepos=\"44:1-44:21\"><span style=\"font-size: 18pt\"><strong>H\u01af\u1edaNG D\u1eaaN S\u1eec D\u1ee4NG<\/strong><\/span><\/p>\n<ol data-sourcepos=\"45:1-49:0\">\n<li data-sourcepos=\"45:1-45:64\">L\u00e0m n\u00f3ng l\u00f2 n\u01b0\u1edbng ho\u1eb7c n\u1ed3i chi\u00ean kh\u00f4ng d\u1ea7u \u1edf nhi\u1ec7t \u0111\u1ed9 180\u00b0C.<\/li>\n<li data-sourcepos=\"46:1-46:112\">X\u1ebfp b\u00e1nh c\u00f2n \u0111\u00f4ng l\u1ea1nh tr\u1ef1c ti\u1ebfp l\u00ean khay n\u01b0\u1edbng \u0111\u00e3 l\u00f3t gi\u1ea5y n\u1ebfn, gi\u1eef kho\u1ea3ng c\u00e1ch gi\u1eefa c\u00e1c b\u00e1nh kho\u1ea3ng 3-4cm.<\/li>\n<li data-sourcepos=\"47:1-47:129\">N\u01b0\u1edbng b\u00e1nh trong kho\u1ea3ng 18 &#8211; 22 ph\u00fat (t\u00f9y v\u00e0o l\u00f2) ho\u1eb7c cho \u0111\u1ebfn khi b\u00e1nh n\u1edf bung, c\u00f3 m\u00e0u v\u00e0ng n\u00e2u \u0111\u1eb9p m\u1eaft v\u00e0 nh\u00e2n h\u01a1i s\u1ec7t l\u1ea1i.<\/li>\n<li data-sourcepos=\"48:1-49:0\">L\u1ea5y b\u00e1nh ra v\u00e0 \u0111\u1ec3 ngu\u1ed9i tr\u00ean khay kho\u1ea3ng 5-10 ph\u00fat tr\u01b0\u1edbc khi th\u01b0\u1edfng th\u1ee9c \u0111\u1ec3 b\u00e1nh gi\u00f2n h\u01a1n.<\/li>\n<\/ol>\n<p data-sourcepos=\"50:1-51:112\"><span style=\"font-size: 14pt\"><strong>B\u1ea3o qu\u1ea3n:<\/strong><\/span> Lu\u00f4n b\u1ea3o qu\u1ea3n s\u1ea3n ph\u1ea9m \u1edf nhi\u1ec7t \u0111\u1ed9 -18\u00b0C trong ng\u0103n \u0111\u00e1 t\u1ee7 \u0111\u00f4ng. Kh\u00f4ng c\u1ea5p \u0111\u00f4ng l\u1ea1i s\u1ea3n ph\u1ea9m \u0111\u00e3 r\u00e3 \u0111\u00f4ng ho\u00e0n to\u00e0n.<\/p>\n<p data-sourcepos=\"53:1-53:125\">S\u1ea3n ph\u1ea9m B\u00e1nh N\u01b0\u1edbng Danish Nh\u00e2n Cherry \u0110\u00f4ng L\u1ea1nh 400g (10x40g) \u2013 Frozen Danish Pastry Cherry Jam hi\u1ec7n \u0111\u00e3 c\u00f3 m\u1eb7t t\u1ea1i Havamall.<\/p>","protected":false},"excerpt":{"rendered":"<p>TH\u00d4NG TIN CHUNG Xu\u1ea5t x\u1ee9 B\u1ec9 Th\u00e0nh ph\u1ea7n B\u1ed9t m\u00ec, b\u01a1\/margarine, nh\u00e2n cherry (qu\u1ea3 cherry, \u0111\u01b0\u1eddng, tinh b\u1ed9t&#8230;), \u0111\u01b0\u1eddng, tr\u1ee9ng,<\/p>","protected":false},"featured_media":38514,"comment_status":"open","ping_status":"closed","template":"","meta":[],"product_brand":[],"product_cat":[679,677],"product_tag":[],"class_list":{"0":"post-38513","1":"product","2":"type-product","3":"status-publish","4":"has-post-thumbnail","6":"product_cat-banh-dong-lanh","7":"product_cat-cac-nuoc-khac","9":"first","10":"instock","11":"sale","12":"shipping-taxable","13":"purchasable","14":"product-type-simple"},"_links":{"self":[{"href":"https:\/\/havamall.vn\/en\/wp-json\/wp\/v2\/product\/38513"}],"collection":[{"href":"https:\/\/havamall.vn\/en\/wp-json\/wp\/v2\/product"}],"about":[{"href":"https:\/\/havamall.vn\/en\/wp-json\/wp\/v2\/types\/product"}],"replies":[{"embeddable":true,"href":"https:\/\/havamall.vn\/en\/wp-json\/wp\/v2\/comments?post=38513"}],"version-history":[{"count":0,"href":"https:\/\/havamall.vn\/en\/wp-json\/wp\/v2\/product\/38513\/revisions"}],"wp:featuredmedia":[{"embeddable":true,"href":"https:\/\/havamall.vn\/en\/wp-json\/wp\/v2\/media\/38514"}],"wp:attachment":[{"href":"https:\/\/havamall.vn\/en\/wp-json\/wp\/v2\/media?parent=38513"}],"wp:term":[{"taxonomy":"product_brand","embeddable":true,"href":"https:\/\/havamall.vn\/en\/wp-json\/wp\/v2\/product_brand?post=38513"},{"taxonomy":"product_cat","embeddable":true,"href":"https:\/\/havamall.vn\/en\/wp-json\/wp\/v2\/product_cat?post=38513"},{"taxonomy":"product_tag","embeddable":true,"href":"https:\/\/havamall.vn\/en\/wp-json\/wp\/v2\/product_tag?post=38513"}],"curies":[{"name":"wp","href":"https:\/\/api.w.org\/{rel}","templated":true}]}}