{"id":38507,"date":"2025-05-18T14:20:47","date_gmt":"2025-05-18T07:20:47","guid":{"rendered":"https:\/\/havamall.vn\/?post_type=product&#038;p=38507"},"modified":"2025-05-18T14:20:47","modified_gmt":"2025-05-18T07:20:47","slug":"ca-chua-say-kho-ponti-ngam-dau-hat-huong-duong-280g-ponti-sun-dried-tomatoes-in-sunflower-oil","status":"publish","type":"product","link":"https:\/\/havamall.vn\/en\/shop\/ca-chua-say-kho-ponti-ngam-dau-hat-huong-duong-280g-ponti-sun-dried-tomatoes-in-sunflower-oil\/","title":{"rendered":"C\u00e0 Chua S\u1ea5y Kh\u00f4 Ponti Ng\u00e2m D\u1ea7u H\u1ea1t H\u01b0\u1edbng D\u01b0\u01a1ng 280g \u2013 Ponti Sun-Dried Tomatoes in Sunflower Oil"},"content":{"rendered":"<h2><strong>TH\u00d4NG TIN CHUNG<\/strong><\/h2>\n<table style=\"width: 73.1303%;height: 144px\">\n<tbody>\n<tr style=\"height: 24px\">\n<td style=\"height: 24px\">Th\u01b0\u01a1ng hi\u1ec7u<\/td>\n<td style=\"height: 24px\">Ponti<\/td>\n<\/tr>\n<tr style=\"height: 24px\">\n<td style=\"height: 24px\">Xu\u1ea5t x\u1ee9<\/td>\n<td style=\"height: 24px\">\u00dd<\/td>\n<\/tr>\n<tr style=\"height: 24px\">\n<td style=\"height: 24px\">Th\u00e0nh ph\u1ea7n<\/td>\n<td style=\"height: 24px\">\u00a0C\u00e0 chua s\u1ea5y kh\u00f4, D\u1ea7u h\u1ea1t h\u01b0\u1edbng d\u01b0\u01a1ng, Mu\u1ed1i, (c\u00f3 th\u1ec3 bao g\u1ed3m th\u00eam: t\u1ecfi, th\u1ea3o m\u1ed9c nh\u01b0 oregano, ch\u1ea5t \u0111i\u1ec1u ch\u1ec9nh \u0111\u1ed9 acid).<\/td>\n<\/tr>\n<tr style=\"height: 24px\">\n<td style=\"height: 24px\">H\u1ea1n s\u1eed d\u1ee5ng<\/td>\n<td style=\"height: 24px\">36 th\u00e1ng k\u1ec3 t\u1eeb ng\u00e0y s\u1ea3n xu\u1ea5t.<\/td>\n<\/tr>\n<tr style=\"height: 24px\">\n<td style=\"height: 24px\">B\u1ea3o qu\u1ea3n<\/td>\n<td style=\"height: 24px\">B\u1ea3o qu\u1ea3n \u0111\u00f4ng l\u1ea1nh<\/td>\n<\/tr>\n<tr style=\"height: 24px\">\n<td style=\"height: 24px\">\u00a0Kh\u1ed1i l\u01b0\u1ee3ng<\/td>\n<td style=\"height: 24px\">280g<\/td>\n<\/tr>\n<\/tbody>\n<\/table>\n<p data-sourcepos=\"17:1-17:395\">T\u1eeb n\u0103m 1867, <strong>Ponti<\/strong> \u0111\u00e3 l\u00e0 m\u1ed9t trong nh\u1eefng t\u00ean tu\u1ed5i h\u00e0ng \u0111\u1ea7u c\u1ee7a \u00dd trong l\u0129nh v\u1ef1c s\u1ea3n xu\u1ea5t d\u1ea5m v\u00e0 c\u00e1c s\u1ea3n ph\u1ea9m rau c\u1ee7 ng\u00e2m tr\u1ee9 danh. V\u1edbi b\u1ec1 d\u00e0y l\u1ecbch s\u1eed h\u01a1n 150 n\u0103m, Ponti lu\u00f4n t\u1ef1 h\u00e0o mang \u0111\u1ebfn nh\u1eefng s\u1ea3n ph\u1ea9m ch\u1ea5t l\u01b0\u1ee3ng cao, ch\u1eaft l\u1ecdc tinh hoa c\u1ee7a \u1ea9m th\u1ef1c \u00dd truy\u1ec1n th\u1ed1ng. Xu\u1ea5t x\u1ee9 t\u1eeb Piedmont, mi\u1ec1n B\u1eafc n\u01b0\u1edbc \u00dd, Ponti kh\u00f4ng ng\u1eebng \u0111\u1ed5i m\u1edbi nh\u01b0ng v\u1eabn gi\u1eef v\u1eefng cam k\u1ebft v\u1ec1 s\u1ef1 t\u1ef1 nhi\u00ean v\u00e0 h\u01b0\u01a1ng v\u1ecb \u0111\u00edch th\u1ef1c.<\/p>\n<p data-sourcepos=\"17:1-17:395\"><img fetchpriority=\"high\" decoding=\"async\" class=\"aligncenter\" src=\"https:\/\/havamall.com\/wp-content\/uploads\/2025\/05\/1200px-Logo-ponti.png\" alt=\"File:Logo-ponti.png - Wikimedia Commons\" width=\"850\" height=\"585\" \/><\/p>\n<p data-sourcepos=\"19:1-19:395\"><strong>C\u00e0 chua s\u1ea5y kh\u00f4 (Pomodori Secchi)<\/strong> l\u00e0 m\u1ed9t \u0111\u1eb7c s\u1ea3n n\u1ed5i ti\u1ebfng c\u1ee7a v\u00f9ng \u0110\u1ecba Trung H\u1ea3i, \u0111\u1eb7c bi\u1ec7t l\u00e0 mi\u1ec1n Nam n\u01b0\u1edbc \u00dd. Nh\u1eefng tr\u00e1i c\u00e0 chua c\u0103ng m\u1ecdng \u0111\u01b0\u1ee3c ch\u1ecdn l\u1ecdc c\u1ea9n th\u1eadn, ph\u01a1i m\u00ecnh d\u01b0\u1edbi \u00e1nh n\u1eafng m\u1eb7t tr\u1eddi gay g\u1eaft cho \u0111\u1ebfn khi c\u00f4 \u0111\u1ecdng l\u1ea1i h\u01b0\u01a1ng v\u1ecb ng\u1ecdt ng\u00e0o, chua d\u1ecbu v\u00e0 \u0111\u1eadm \u0111\u00e0 m\u1ed9t c\u00e1ch \u0111\u00e1ng kinh ng\u1ea1c. Qu\u00e1 tr\u00ecnh s\u1ea5y kh\u00f4 t\u1ef1 nhi\u00ean kh\u00f4ng ch\u1ec9 gi\u00fap b\u1ea3o qu\u1ea3n c\u00e0 chua m\u00e0 c\u00f2n l\u00e0m t\u0103ng c\u01b0\u1eddng \u0111\u1ed9 s\u00e2u c\u1ee7a h\u01b0\u01a1ng v\u1ecb.<\/p>\n<p data-sourcepos=\"19:1-19:395\"><img decoding=\"async\" class=\"aligncenter\" src=\"https:\/\/havamall.com\/wp-content\/uploads\/2025\/05\/IMG-7980.jpg\" alt=\"Sun-dried tomatoes give Egypt's farmers a new lease of life | Middle East Eye\" width=\"850\" height=\"478\" \/><\/p>\n<p data-sourcepos=\"21:1-21:390\">S\u1ea3n ph\u1ea9m <strong>C\u00e0 Chua S\u1ea5y Kh\u00f4 Ponti Ng\u00e2m D\u1ea7u H\u1ea1t H\u01b0\u1edbng D\u01b0\u01a1ng<\/strong> l\u00e0 s\u1ef1 k\u1ebft h\u1ee3p ho\u00e0n h\u1ea3o gi\u1eefa truy\u1ec1n th\u1ed1ng v\u00e0 ch\u1ea5t l\u01b0\u1ee3ng. Nh\u1eefng l\u00e1t c\u00e0 chua s\u1ea5y kh\u00f4 th\u01b0\u1ee3ng h\u1ea1ng c\u1ee7a Ponti \u0111\u01b0\u1ee3c ng\u00e2m trong d\u1ea7u h\u1ea1t h\u01b0\u1edbng d\u01b0\u01a1ng d\u1ecbu nh\u1eb9, gi\u00fap gi\u1eef tr\u1ecdn \u0111\u1ed9 m\u1ec1m m\u1ea1i, h\u01b0\u01a1ng v\u1ecb c\u00f4 \u0111\u1eb7c v\u00e0 t\u0103ng th\u00eam \u0111\u1ed9 b\u00e9o m\u01b0\u1ee3t h\u1ea5p d\u1eabn. T\u1eebng mi\u1ebfng c\u00e0 chua \u0111\u1ecf m\u1ecdng th\u1ea5m \u0111\u1eabm d\u1ea7u l\u00e0 m\u1ed9t vi\u00ean ng\u1ecdc qu\u00fd trong \u1ea9m th\u1ef1c, s\u1eb5n s\u00e0ng bi\u1ebfn t\u1ea5u m\u1ecdi m\u00f3n \u0103n.<\/p>\n<p data-sourcepos=\"21:1-21:390\"><img decoding=\"async\" class=\"aligncenter\" src=\"https:\/\/havamall.com\/wp-content\/uploads\/2025\/05\/Mask_group_3_45d287afc8.jpg\" alt=\"\uc2dd\ub8cc\ud488] \ud3f0\ud2f0 \uc36c\ub4dc\ub77c\uc774 \ud1a0\ub9c8\ud1a0 1\ubcd1 (280g)\u3163\uc815\ud1b5 \ud648\uba54\uc774\ub4dc \ubc29\uc2dd\" width=\"850\" height=\"1133\" \/><\/p>\n<p data-sourcepos=\"23:1-23:62\"><strong><span style=\"font-size: 14pt\">C\u00e1ch s\u1eed d\u1ee5ng C\u00e0 Chua S\u1ea5y Kh\u00f4 Ponti v\u00f4 c\u00f9ng \u0111a d\u1ea1ng v\u00e0 d\u1ec5 d\u00e0ng:<\/span><\/strong><\/p>\n<ul data-sourcepos=\"25:1-30:0\">\n<li data-sourcepos=\"25:1-25:59\">Th\u00eam v\u00e0o c\u00e1c lo\u1ea1i s\u1ed1t pasta \u0111\u1ec3 t\u0103ng th\u00eam h\u01b0\u01a1ng v\u1ecb \u0111\u1eadm \u0111\u00e0.<\/li>\n<li data-sourcepos=\"26:1-26:45\">D\u00f9ng l\u00e0m topping cho pizza ho\u1eb7c bruschetta.<\/li>\n<li data-sourcepos=\"27:1-27:55\">Tr\u1ed9n v\u00e0o c\u00e1c m\u00f3n salad, c\u01a1m \u00dd (risotto) ho\u1eb7c m\u00f3n h\u1ea7m.<\/li>\n<li data-sourcepos=\"28:1-28:59\">S\u1eed d\u1ee5ng trong c\u00e1c lo\u1ea1i b\u00e1nh m\u00ec, sandwich, ho\u1eb7c cu\u1ed9n wrap.<\/li>\n<li data-sourcepos=\"29:1-30:0\">\u0110\u01a1n gi\u1ea3n ch\u1ec9 c\u1ea7n d\u00f9ng k\u00e8m ph\u00f4 mai v\u00e0 th\u1ecbt ngu\u1ed9i trong c\u00e1c \u0111\u0129a khai v\u1ecb ki\u1ec3u \u00dd (antipasti).<\/li>\n<\/ul>\n<p><img loading=\"lazy\" decoding=\"async\" class=\"aligncenter wp-image-39753\" src=\"https:\/\/havamall.com\/wp-content\/uploads\/2025\/05\/Blank-4-Grids-Collage.jpg\" alt=\"\" width=\"850\" height=\"850\" \/><\/p>\n<p data-sourcepos=\"31:1-31:209\"><strong><span class=\"citation-0\"><span style=\"font-size: 14pt\">H\u01b0\u1edbng d\u1eabn b\u1ea3o qu\u1ea3n<\/span>:<\/span><\/strong><span class=\"citation-0 citation-end-0\"> B\u1ea3o qu\u1ea3n n\u01a1i kh\u00f4 r\u00e1o, tho\u00e1ng m\u00e1t, tr\u00e1nh \u00e1nh n\u1eafng tr\u1ef1c ti\u1ebfp. Sau khi m\u1edf n\u1eafp, b\u1ea3o qu\u1ea3n trong ng\u0103n m\u00e1t<\/span> t\u1ee7 l\u1ea1nh v\u00e0 \u0111\u1ea3m b\u1ea3o l\u1edbp d\u1ea7u lu\u00f4n ng\u1eadp c\u00e0 chua \u0111\u1ec3 gi\u1eef ch\u1ea5t l\u01b0\u1ee3ng t\u1ed1t nh\u1ea5t.<\/p>\n<p data-sourcepos=\"33:1-33:152\">S\u1ea3n ph\u1ea9m hi\u1ec7n \u0111\u00e3 c\u00f3 m\u1eb7t t\u1ea1i <strong>Havamall<\/strong>. H\u00e3y \u0111\u1ebfn v\u00e0 tr\u1ea3i nghi\u1ec7m h\u01b0\u01a1ng v\u1ecb n\u1eafng \u1ea5m \u0110\u1ecba Trung H\u1ea3i c\u00f9ng C\u00e0 Chua S\u1ea5y Kh\u00f4 Ponti Ng\u00e2m D\u1ea7u H\u1ea1t H\u01b0\u1edbng D\u01b0\u01a1ng nh\u00e9!<\/p>","protected":false},"excerpt":{"rendered":"<p>TH\u00d4NG TIN CHUNG Th\u01b0\u01a1ng hi\u1ec7u Ponti Xu\u1ea5t x\u1ee9 \u00dd Th\u00e0nh ph\u1ea7n \u00a0C\u00e0 chua s\u1ea5y kh\u00f4, D\u1ea7u h\u1ea1t h\u01b0\u1edbng d\u01b0\u01a1ng, Mu\u1ed1i,<\/p>","protected":false},"featured_media":38508,"comment_status":"open","ping_status":"closed","template":"","meta":[],"product_brand":[],"product_cat":[672,143],"product_tag":[],"class_list":{"0":"post-38507","1":"product","2":"type-product","3":"status-publish","4":"has-post-thumbnail","6":"product_cat-nhap-khau-y","7":"product_cat-thuc-pham-dong-hop","9":"first","10":"instock","11":"sale","12":"shipping-taxable","13":"purchasable","14":"product-type-simple"},"_links":{"self":[{"href":"https:\/\/havamall.vn\/en\/wp-json\/wp\/v2\/product\/38507"}],"collection":[{"href":"https:\/\/havamall.vn\/en\/wp-json\/wp\/v2\/product"}],"about":[{"href":"https:\/\/havamall.vn\/en\/wp-json\/wp\/v2\/types\/product"}],"replies":[{"embeddable":true,"href":"https:\/\/havamall.vn\/en\/wp-json\/wp\/v2\/comments?post=38507"}],"version-history":[{"count":0,"href":"https:\/\/havamall.vn\/en\/wp-json\/wp\/v2\/product\/38507\/revisions"}],"wp:featuredmedia":[{"embeddable":true,"href":"https:\/\/havamall.vn\/en\/wp-json\/wp\/v2\/media\/38508"}],"wp:attachment":[{"href":"https:\/\/havamall.vn\/en\/wp-json\/wp\/v2\/media?parent=38507"}],"wp:term":[{"taxonomy":"product_brand","embeddable":true,"href":"https:\/\/havamall.vn\/en\/wp-json\/wp\/v2\/product_brand?post=38507"},{"taxonomy":"product_cat","embeddable":true,"href":"https:\/\/havamall.vn\/en\/wp-json\/wp\/v2\/product_cat?post=38507"},{"taxonomy":"product_tag","embeddable":true,"href":"https:\/\/havamall.vn\/en\/wp-json\/wp\/v2\/product_tag?post=38507"}],"curies":[{"name":"wp","href":"https:\/\/api.w.org\/{rel}","templated":true}]}}