{"id":38495,"date":"2025-05-17T09:33:44","date_gmt":"2025-05-17T02:33:44","guid":{"rendered":"https:\/\/havamall.vn\/?post_type=product&#038;p=38495"},"modified":"2025-05-17T09:33:44","modified_gmt":"2025-05-17T02:33:44","slug":"ca-bao-hanakatsuo-chidori-100g-hanakatsuo-chidori-bonito-flakes-100g","status":"publish","type":"product","link":"https:\/\/havamall.vn\/en\/shop\/ca-bao-hanakatsuo-chidori-100g-hanakatsuo-chidori-bonito-flakes-100g\/","title":{"rendered":"C\u00e1 B\u00e0o Hanakatsuo Chidori 100g \u2013 Hanakatsuo Chidori Bonito Flakes 100g"},"content":{"rendered":"<h2><strong>TH\u00d4NG TIN CHUNG<\/strong><\/h2>\n<table style=\"width: 54.3503%;height: 173px\">\n<tbody>\n<tr style=\"height: 26px\">\n<td style=\"height: 26px\">Xu\u1ea5t x\u1ee9<\/td>\n<td style=\"height: 26px\">Kyoto, Nh\u1eadt B\u1ea3n<\/td>\n<\/tr>\n<tr style=\"height: 26px\">\n<td style=\"height: 26px\">Th\u00e0nh ph\u1ea7n<\/td>\n<td style=\"height: 26px\">Xem tr\u1ef1c ti\u1ebfp tr\u00ean bao b\u00ec<\/td>\n<\/tr>\n<tr style=\"height: 26px\">\n<td style=\"height: 26px\">H\u1ea1n s\u1eed d\u1ee5ng<\/td>\n<td style=\"height: 26px\">Xem tr\u1ef1c ti\u1ebfp tr\u00ean bao b\u00ec<\/td>\n<\/tr>\n<tr style=\"height: 26px\">\n<td style=\"height: 26px\">B\u1ea3o qu\u1ea3n<\/td>\n<td style=\"height: 26px\">Tr\u00e1nh \u00e1nh n\u1eafng tr\u1ef1c ti\u1ebfp, n\u01a1i c\u00f3 nhi\u1ec7t \u0111\u1ed9 cao v\u00e0 \u0111\u1ed9 \u1ea9m. \u0110\u00f3ng k\u00edn t\u00fai sau khi s\u1eed d\u1ee5ng.<\/td>\n<\/tr>\n<tr style=\"height: 26px\">\n<td style=\"height: 26px\">Kh\u1ed1i l\u01b0\u1ee3ng t\u1ecbnh<\/td>\n<td style=\"height: 26px\">100g<\/td>\n<\/tr>\n<\/tbody>\n<\/table>\n<p data-sourcepos=\"39:1-39:430\"><strong>Kyoto<\/strong>, c\u1ed1 \u0111\u00f4 c\u1ee7a Nh\u1eadt B\u1ea3n, kh\u00f4ng ch\u1ec9 n\u1ed5i ti\u1ebfng v\u1edbi v\u1ebb \u0111\u1eb9p v\u0103n h\u00f3a truy\u1ec1n th\u1ed1ng m\u00e0 c\u00f2n l\u00e0 trung t\u00e2m \u1ea9m th\u1ef1c tinh hoa. C\u00e1c s\u1ea3n ph\u1ea9m th\u1ef1c ph\u1ea9m t\u1eeb Kyoto th\u01b0\u1eddng \u0111\u01b0\u1ee3c \u0111\u00e1nh gi\u00e1 cao v\u1ec1 ch\u1ea5t l\u01b0\u1ee3ng v\u00e0 s\u1ef1 tu\u00e2n th\u1ee7 c\u00e1c ph\u01b0\u01a1ng ph\u00e1p ch\u1ebf bi\u1ebfn truy\u1ec1n th\u1ed1ng. &#8220;<strong>Tastes from KYOTO<\/strong>&#8221; tr\u00ean bao b\u00ec s\u1ea3n ph\u1ea9m n\u00e0y g\u1ee3i \u00fd r\u1eb1ng c\u00e1 ng\u1eeb b\u00e0o \u0111\u01b0\u1ee3c s\u1ea3n xu\u1ea5t ho\u1eb7c c\u00f3 ngu\u1ed3n g\u1ed1c g\u1eafn li\u1ec1n v\u1edbi ti\u00eau chu\u1ea9n v\u00e0 h\u01b0\u01a1ng v\u1ecb \u0111\u1eb7c tr\u01b0ng c\u1ee7a v\u00f9ng \u0111\u1ea5t gi\u00e0u truy\u1ec1n th\u1ed1ng \u1ea9m th\u1ef1c n\u00e0y.<\/p>\n<p data-sourcepos=\"39:1-39:430\"><img fetchpriority=\"high\" decoding=\"async\" class=\"aligncenter\" src=\"https:\/\/upload.wikimedia.org\/wikipedia\/commons\/8\/86\/Pedestrian_road_with_pavements%2C_paper_umbrellas_and_people_in_yukata%2C_Higashiyama-ku%2C_Kyoto%2C_Japan.jpg\" alt=\"T\u1eadp tin:Pedestrian road with pavements, paper umbrellas and people in yukata, Higashiyama-ku, Kyoto, Japan.jpg \u2013 Wikipedia ti\u1ebfng Vi\u1ec7t\" width=\"854\" height=\"569\" \/><\/p>\n<p data-sourcepos=\"43:1-43:645\"><strong>Katsuobushi<\/strong> l\u00e0 m\u1ed9t trong nh\u1eefng nguy\u00ean li\u1ec7u quan tr\u1ecdng nh\u1ea5t t\u1ea1o n\u00ean h\u01b0\u01a1ng v\u1ecb Umami \u0111\u1eb7c tr\u01b0ng c\u1ee7a \u1ea9m th\u1ef1c Nh\u1eadt B\u1ea3n. N\u00f3 \u0111\u01b0\u1ee3c l\u00e0m t\u1eeb c\u00e1 ng\u1eeb Bonito (c\u00e1 ng\u1eeb v\u1eb1n) tr\u1ea3i qua qu\u00e1 tr\u00ecnh h\u1ea5p, x\u00f4ng kh\u00f3i, l\u00ean men v\u00e0 ph\u01a1i kh\u00f4 cho \u0111\u1ebfn khi c\u1ee9ng nh\u01b0 g\u1ed7, sau \u0111\u00f3 \u0111\u01b0\u1ee3c b\u00e0o th\u00e0nh nh\u1eefng l\u00e1t m\u1ecfng. Katsuobushi l\u00e0 th\u00e0nh ph\u1ea7n ch\u00ednh \u0111\u1ec3 n\u1ea5u n\u01b0\u1edbc d\u00f9ng <strong>Dashi<\/strong> \u2013 n\u1ec1n t\u1ea3ng c\u1ee7a r\u1ea5t nhi\u1ec1u m\u00f3n \u0103n Nh\u1eadt B\u1ea3n nh\u01b0 s\u00fap Miso, m\u00ec Udon\/Soba, c\u00e1c m\u00f3n kho, v.v. Ngo\u00e0i ra, c\u00e1 ng\u1eeb b\u00e0o Katsuobushi c\u00f2n \u0111\u01b0\u1ee3c s\u1eed d\u1ee5ng nh\u01b0 m\u1ed9t lo\u1ea1i topping h\u1ea5p d\u1eabn, r\u1eafc l\u00ean Takoyaki, Okonomiyaki, \u0111\u1eadu ph\u1ee5 l\u1ea1nh (Hiyayakko), salad hay c\u01a1m n\u1eafm, t\u1ea1o th\u00eam h\u01b0\u01a1ng v\u1ecb \u0111\u1eadm \u0111\u00e0 v\u00e0 hi\u1ec7u \u1ee9ng &#8220;nh\u1ea3y m\u00faa&#8221; vui m\u1eaft khi g\u1eb7p n\u00f3ng.<\/p>\n<p data-sourcepos=\"45:1-45:68\"><img decoding=\"async\" class=\"aligncenter\" src=\"https:\/\/havamall.com\/wp-content\/uploads\/2025\/05\/Katsuobushi-ivivu2.jpg\" alt=\"Katsuobushi - m\u00f3n c\u00e1 ng\u1eeb kh\u00f4 \u0111\u1ed9c \u0111\u00e1o trong \u1ea9m th\u1ef1c Nh\u1eadt B\u1ea3n\" width=\"851\" height=\"479\" \/><\/p>\n<p data-sourcepos=\"47:1-47:468\">S\u1ea3n ph\u1ea9m C\u00e1 ng\u1eeb b\u00e0o kh\u00f4 n\u00e0y l\u00e0 lo\u1ea1i <strong>Honkezuri<\/strong>, ngh\u0129a l\u00e0 \u0111\u01b0\u1ee3c b\u00e0o t\u1eeb ph\u1ea7n th\u00e2n ch\u00ednh (block) c\u1ee7a c\u00e1 ng\u1eeb kh\u00f4, th\u01b0\u1eddng cho ch\u1ea5t l\u01b0\u1ee3ng t\u1ed1t v\u00e0 h\u01b0\u01a1ng v\u1ecb chu\u1ea9n m\u1ef1c. V\u1edbi tr\u1ecdng l\u01b0\u1ee3ng 100g, \u0111\u00e2y l\u00e0 g\u00f3i ti\u1ec7n l\u1ee3i cho gia \u0111\u00ecnh ho\u1eb7c nh\u1eefng ng\u01b0\u1eddi th\u01b0\u1eddng xuy\u00ean s\u1eed d\u1ee5ng. Mang &#8220;H\u01b0\u01a1ng v\u1ecb t\u1eeb Kyoto&#8221;, s\u1ea3n ph\u1ea9m h\u1ee9a h\u1eb9n mang \u0111\u1ebfn ch\u1ea5t l\u01b0\u1ee3ng v\u00e0 s\u1ef1 tinh t\u1ebf \u0111\u1eb7c tr\u01b0ng c\u1ee7a v\u00f9ng \u0111\u1ea5t n\u00e0y. Nh\u1eefng l\u00e1t c\u00e1 ng\u1eeb b\u00e0o m\u1ecfng, nh\u1eb9, gi\u00e0u Umami s\u1ebd l\u00e0 tr\u1ee3 th\u1ee7 \u0111\u1eafc l\u1ef1c gi\u00fap b\u1ea1n n\u00e2ng t\u1ea7m h\u01b0\u01a1ng v\u1ecb c\u00e1c m\u00f3n \u0103n Nh\u1eadt.<\/p>\n<p data-sourcepos=\"47:1-47:468\"><img decoding=\"async\" class=\"aligncenter\" src=\"https:\/\/havamall.com\/wp-content\/uploads\/2025\/05\/makurazaki-katsuobushi-image.jpg\" alt=\"All About Katsuobushi, Bonito Flakes, and Which Japanese Brands to Buy (for You and Your Cat, the Ultimate Cat Treat) - Oishii Desu &quot;It's Delicious&quot;\" width=\"854\" height=\"299\" \/><\/p>\n<p data-sourcepos=\"49:1-49:43\"><span style=\"font-size: 14pt\"><strong>C\u00e1ch S\u1eed D\u1ee5ng C\u00e1 ng\u1eeb b\u00e0o kh\u00f4 Katsuobushi<\/strong><\/span><\/p>\n<ul data-sourcepos=\"51:1-57:0\">\n<li data-sourcepos=\"51:1-55:84\"><strong>N\u1ea5u n\u01b0\u1edbc d\u00f9ng Dashi:<\/strong>\n<ul data-sourcepos=\"52:5-55:84\">\n<li data-sourcepos=\"52:5-52:32\">\u0110un s\u00f4i kho\u1ea3ng 1 l\u00edt n\u01b0\u1edbc.<\/li>\n<li data-sourcepos=\"53:5-53:51\">Cho kho\u1ea3ng 10-20g c\u00e1 ng\u1eeb b\u00e0o Katsuobushi v\u00e0o.<\/li>\n<li data-sourcepos=\"54:5-54:105\">T\u1eaft b\u1ebfp ngay l\u1eadp t\u1ee9c ho\u1eb7c h\u1ea1 nh\u1ecf l\u1eeda v\u00e0 \u0111un liu riu kho\u1ea3ng 30 gi\u00e2y \u0111\u1ebfn 1 ph\u00fat t\u00f9y \u0111\u1ed9 \u0111\u1eadm mong mu\u1ed1n.<\/li>\n<li data-sourcepos=\"55:5-55:84\">L\u1ecdc b\u1ecf b\u00e3 c\u00e1 ng\u1eeb b\u00e0o qua r\u00e2y. B\u1ea1n s\u1ebd c\u00f3 n\u01b0\u1edbc d\u00f9ng Dashi trong, th\u01a1m m\u00f9i Umami.<\/li>\n<\/ul>\n<\/li>\n<li data-sourcepos=\"56:1-57:0\"><strong>L\u00e0m Topping:<\/strong> R\u1eafc tr\u1ef1c ti\u1ebfp c\u00e1 ng\u1eeb b\u00e0o l\u00ean c\u00e1c m\u00f3n \u0103n n\u00f3ng nh\u01b0 Takoyaki, Okonomiyaki, m\u00ec, \u0111\u1eadu ph\u1ee5 chi\u00ean\/n\u00f3ng ngay tr\u01b0\u1edbc khi \u0103n. V\u1ecb n\u00f3ng t\u1eeb m\u00f3n \u0103n s\u1ebd l\u00e0m nh\u1eefng l\u00e1t c\u00e1 ng\u1eeb &#8220;nh\u1ea3y m\u00faa&#8221; r\u1ea5t th\u00fa v\u1ecb.<\/li>\n<\/ul>\n<p><img loading=\"lazy\" decoding=\"async\" class=\"aligncenter\" src=\"https:\/\/scontent.fsgn19-1.fna.fbcdn.net\/v\/t39.30808-6\/469869753_969232588355670_4685173428676180721_n.jpg?_nc_cat=107&amp;ccb=1-7&amp;_nc_sid=833d8c&amp;_nc_ohc=6ChetGGTaV8Q7kNvwHOgLs-&amp;_nc_oc=AdlAMJDxaYpqeQ2Pb4nwdzY0IQ6ZNarjKhugjgVRHO8AifRlE-foMsdFL0x_rJyKAZCQdTeCOWD6WwC8IEAV9jGD&amp;_nc_zt=23&amp;_nc_ht=scontent.fsgn19-1.fna&amp;_nc_gid=IfFoqf8RVMG_gMh2m7sOsw&amp;oh=00_AfLiNmxLGnZTKMPJQL4Ew_M2bcj_fkw3CAm7cUfAzydAHA&amp;oe=682CA6A1\" alt=\"\u0baa\u0b9f\u0ba4\u0bcd\u0ba4\u0bc8\u0baa\u0bcd \u0baa\u0bb1\u0bcd\u0bb1\u0bbf\u0baf \u0b95\u0bc1\u0bb1\u0bbf\u0baa\u0bcd\u0baa\u0bc1 \u0b87\u0bb2\u0bcd\u0bb2\u0bc8.\" width=\"853\" height=\"568\" \/><\/p>\n<p data-sourcepos=\"58:1-58:13\"><span style=\"font-size: 14pt\"><strong>B\u1ea3o qu\u1ea3n:<\/strong><\/span><\/p>\n<p data-sourcepos=\"60:1-60:212\">\u0110\u1ec3 gi\u1eef h\u01b0\u01a1ng v\u1ecb t\u1ed1t nh\u1ea5t, b\u1ea3o qu\u1ea3n s\u1ea3n ph\u1ea9m \u1edf n\u01a1i kh\u00f4 r\u00e1o, tho\u00e1ng m\u00e1t, tr\u00e1nh \u00e1nh n\u1eafng tr\u1ef1c ti\u1ebfp v\u00e0 n\u01a1i c\u00f3 \u0111\u1ed9 \u1ea9m cao. <strong>\u0110\u00f3ng k\u00edn mi\u1ec7ng t\u00fai b\u1eb1ng k\u1eb9p ho\u1eb7c cho v\u00e0o h\u1ed9p k\u00edn sau khi m\u1edf n\u1eafp<\/strong> \u0111\u1ec3 tr\u00e1nh \u1ea9m v\u00e0 gi\u1eef \u0111\u1ed9 gi\u00f2n.<\/p>\n<p data-sourcepos=\"60:1-60:212\">S\u1ea3n ph\u1ea9m C\u00e1 ng\u1eeb b\u00e0o kh\u00f4 Katsuobushi Honkezuri Tastes from KYOTO 100g hi\u1ec7n \u0111\u00e3 c\u00f3 m\u1eb7t t\u1ea1i Havamall!<\/p>","protected":false},"excerpt":{"rendered":"<p>TH\u00d4NG TIN CHUNG Xu\u1ea5t x\u1ee9 Kyoto, Nh\u1eadt B\u1ea3n Th\u00e0nh ph\u1ea7n Xem tr\u1ef1c ti\u1ebfp tr\u00ean bao b\u00ec H\u1ea1n s\u1eed d\u1ee5ng Xem<\/p>","protected":false},"featured_media":38496,"comment_status":"open","ping_status":"closed","template":"","meta":[],"product_brand":[],"product_cat":[675],"product_tag":[],"class_list":{"0":"post-38495","1":"product","2":"type-product","3":"status-publish","4":"has-post-thumbnail","6":"product_cat-nhap-khau-nhat-ban","8":"first","9":"instock","10":"sale","11":"shipping-taxable","12":"purchasable","13":"product-type-simple"},"_links":{"self":[{"href":"https:\/\/havamall.vn\/en\/wp-json\/wp\/v2\/product\/38495"}],"collection":[{"href":"https:\/\/havamall.vn\/en\/wp-json\/wp\/v2\/product"}],"about":[{"href":"https:\/\/havamall.vn\/en\/wp-json\/wp\/v2\/types\/product"}],"replies":[{"embeddable":true,"href":"https:\/\/havamall.vn\/en\/wp-json\/wp\/v2\/comments?post=38495"}],"version-history":[{"count":0,"href":"https:\/\/havamall.vn\/en\/wp-json\/wp\/v2\/product\/38495\/revisions"}],"wp:featuredmedia":[{"embeddable":true,"href":"https:\/\/havamall.vn\/en\/wp-json\/wp\/v2\/media\/38496"}],"wp:attachment":[{"href":"https:\/\/havamall.vn\/en\/wp-json\/wp\/v2\/media?parent=38495"}],"wp:term":[{"taxonomy":"product_brand","embeddable":true,"href":"https:\/\/havamall.vn\/en\/wp-json\/wp\/v2\/product_brand?post=38495"},{"taxonomy":"product_cat","embeddable":true,"href":"https:\/\/havamall.vn\/en\/wp-json\/wp\/v2\/product_cat?post=38495"},{"taxonomy":"product_tag","embeddable":true,"href":"https:\/\/havamall.vn\/en\/wp-json\/wp\/v2\/product_tag?post=38495"}],"curies":[{"name":"wp","href":"https:\/\/api.w.org\/{rel}","templated":true}]}}